{"id":8413,"date":"2021-01-07T00:20:15","date_gmt":"2021-01-06T22:20:15","guid":{"rendered":"https:\/\/radis.ee\/a-propos-de-nous\/notre-ethique\/"},"modified":"2025-06-02T14:32:42","modified_gmt":"2025-06-02T11:32:42","slug":"notre-ethique","status":"publish","type":"page","link":"https:\/\/radis.ee\/fr\/a-propos-de-nous\/notre-ethique\/","title":{"rendered":"Notre \u00e9thique"},"content":{"rendered":"<section class=\"l-section wpb_row height_medium\"><div class=\"l-section-h i-cf\"><div class=\"g-cols vc_row via_flex valign_top type_default stacking_default\"><div class=\"vc_col-sm-6 wpb_column vc_column_container\"><div class=\"vc_column-inner\"><div class=\"wpb_wrapper\"><div class=\"wpb_text_column\"><div class=\"wpb_wrapper\"><h1>Design nordique \u00e9l\u00e9gant \u00e0 votre service<\/h1>\n<\/div><\/div><\/div><\/div><\/div><div class=\"vc_col-sm-6 wpb_column vc_column_container\"><div class=\"vc_column-inner\"><div class=\"wpb_wrapper\"><div class=\"wpb_text_column\"><div class=\"wpb_wrapper\"><h3>Construit pour durer<\/h3>\n<p><span style=\"font-size: large;\">Nous avons plus d\u2019une d\u00e9cennie d\u2019exp\u00e9rience dans la fabrication et nous nous en tenons \u00e0 une promesse simple: concevoir et fabriquer des meubles de qualit\u00e9 adapt\u00e9s \u00e0 votre mode de vie actuel. Et chaque jour par la suite.\u00a0<\/span><\/p>\n<h3>Mission et vision<\/h3>\n<p>Radis \u00e9largit l&rsquo;espace propre autour de vous. Nous utilisons un design bien pens\u00e9 et des mat\u00e9riaux naturels et sains. Radis veut \u00eatre un phare avec un grand c\u0153ur et une petite empreinte \u00e9cologique.<\/p>\n<\/div><\/div><\/div><\/div><\/div><\/div><\/div><\/section><section class=\"l-section wpb_row gallery-grid height_medium\"><div class=\"l-section-h i-cf\"><div class=\"g-cols vc_row via_flex valign_top type_default stacking_default\"><div class=\"vc_col-sm-12 wpb_column vc_column_container\"><div class=\"vc_column-inner\"><div class=\"wpb_wrapper\"><div class=\"w-image align_none\"><div class=\"w-image-h\"><img decoding=\"async\" width=\"1650\" height=\"455\" src=\"https:\/\/radis.ee\/wp-content\/uploads\/2020\/10\/Kakumae-forest-estonia.jpg\" class=\"attachment-full size-full\" alt=\"\" loading=\"lazy\" srcset=\"https:\/\/radis.ee\/wp-content\/uploads\/2020\/10\/Kakumae-forest-estonia.jpg 1650w, https:\/\/radis.ee\/wp-content\/uploads\/2020\/10\/Kakumae-forest-estonia-300x83.jpg 300w, https:\/\/radis.ee\/wp-content\/uploads\/2020\/10\/Kakumae-forest-estonia-1024x282.jpg 1024w, https:\/\/radis.ee\/wp-content\/uploads\/2020\/10\/Kakumae-forest-estonia-600x165.jpg 600w, https:\/\/radis.ee\/wp-content\/uploads\/2020\/10\/Kakumae-forest-estonia-36x10.jpg 36w\" sizes=\"auto, (max-width: 1650px) 100vw, 1650px\" \/><\/div><\/div><\/div><\/div><\/div><\/div><\/div><\/section><section class=\"l-section wpb_row height_medium\" id=\"materials\"><div class=\"l-section-h i-cf\"><div class=\"g-cols vc_row via_flex valign_top type_default stacking_default\"><div class=\"vc_col-sm-6 wpb_column vc_column_container\"><div class=\"vc_column-inner\"><div class=\"wpb_wrapper\"><div class=\"wpb_text_column\"><div class=\"wpb_wrapper\"><h2>Mat\u00e9riaux de qualit\u00e9 \u00e9cologiques et \u00e9tat d&rsquo;esprit sans d\u00e9chets<\/h2>\n<\/div><\/div><\/div><\/div><\/div><div class=\"vc_col-sm-6 wpb_column vc_column_container\"><div class=\"vc_column-inner\"><div class=\"wpb_wrapper\"><div class=\"wpb_text_column\"><div class=\"wpb_wrapper\"><p>Nos mat\u00e9riaux sont respectueux de la nature et de l&rsquo;homme. Nous pr\u00e9servons la nature et \u00e9vitons la formation de r\u00e9sidus lors de la production. Fabriqu\u00e9 \u00e0 partir de placage de bouleau, un mat\u00e9riau naturel, sobre mais robuste. Toujours fini avec une huile-cire \u00e9cologiquement propre.<\/p>\n<\/div><\/div><\/div><\/div><\/div><\/div><\/div><\/section><section class=\"l-section wpb_row height_medium\" id=\"climate-neutral\"><div class=\"l-section-h i-cf\"><div class=\"g-cols vc_row via_flex valign_top type_default stacking_default\"><div class=\"vc_col-sm-6 wpb_column vc_column_container\"><div class=\"vc_column-inner\"><div class=\"wpb_wrapper\"><div class=\"wpb_text_column\"><div class=\"wpb_wrapper\"><h2>Nous sommes positifs pour la for\u00eat<\/h2>\n<p>L&rsquo;environnement et la nature sont nos plus grands atouts. Sa sauvegarde et son entretien doivent se refl\u00e9ter dans chaque d\u00e9cision d&rsquo;achat que nous prenons.<\/p>\n<p>Pour \u00eatre climatiquement neutre dans ses op\u00e9rations, Radis coop\u00e8re avec l&rsquo;initiative Make it Neutral. Cela signifie que nous plantons un arbre pour chaque produit vendu. Pour vous, c&rsquo;est gratuit.<\/p>\n<p>Ch\u00e9rissons et appr\u00e9cions ensemble notre bien commun le plus pr\u00e9cieux &#8211; la nature. Aujourd&rsquo;hui, demain et toujours.<\/p>\n<\/div><\/div><\/div><\/div><\/div><div class=\"vc_col-sm-6 wpb_column vc_column_container\"><div class=\"vc_column-inner\"><div class=\"wpb_wrapper\"><div class=\"w-image align_none\"><div class=\"w-image-h\"><img decoding=\"async\" width=\"1000\" height=\"1000\" src=\"https:\/\/radis.ee\/wp-content\/uploads\/2022\/04\/Radis-ENG-facebook-post-1200x1200-1.png\" class=\"attachment-full size-full\" alt=\"\" loading=\"lazy\" srcset=\"https:\/\/radis.ee\/wp-content\/uploads\/2022\/04\/Radis-ENG-facebook-post-1200x1200-1.png 1000w, https:\/\/radis.ee\/wp-content\/uploads\/2022\/04\/Radis-ENG-facebook-post-1200x1200-1-300x300.png 300w, https:\/\/radis.ee\/wp-content\/uploads\/2022\/04\/Radis-ENG-facebook-post-1200x1200-1-150x150.png 150w, https:\/\/radis.ee\/wp-content\/uploads\/2022\/04\/Radis-ENG-facebook-post-1200x1200-1-450x450.png 450w, https:\/\/radis.ee\/wp-content\/uploads\/2022\/04\/Radis-ENG-facebook-post-1200x1200-1-600x600.png 600w, https:\/\/radis.ee\/wp-content\/uploads\/2022\/04\/Radis-ENG-facebook-post-1200x1200-1-60x60.png 60w\" sizes=\"auto, (max-width: 1000px) 100vw, 1000px\" \/><\/div><\/div><\/div><\/div><\/div><\/div><\/div><\/section><section class=\"l-section wpb_row height_medium\"><div class=\"l-section-h i-cf\"><div class=\"g-cols vc_row via_flex valign_top type_default stacking_default\"><div class=\"vc_col-sm-12 wpb_column vc_column_container\"><div class=\"vc_column-inner\"><div class=\"wpb_wrapper\"><div class=\"wpb_text_column us_custom_437d713f\"><div class=\"wpb_wrapper\"><h2>Mat\u00e9riaux et entretien<\/h2>\n<\/div><\/div><div class=\"g-cols wpb_row us_custom_437d713f via_flex valign_top type_default stacking_default\"><div class=\"vc_col-sm-6 wpb_column vc_column_container\"><div class=\"vc_column-inner\"><div class=\"wpb_wrapper\"><div class=\"wpb_text_column us_custom_1825fdfe\"><div class=\"wpb_wrapper\"><h3>Contreplaqu\u00e9 de bouleau de la Baltique<\/h3>\n<p>Tous nos meubles sont fabriqu\u00e9s \u00e0 partir de contreplaqu\u00e9 de bouleau naturel, \u00e9galement plaqu\u00e9 ch\u00eane, fini avec de la cire \u00e0 l&rsquo;huile. Nous utilisons \u00e9galement du contreplaqu\u00e9 finlandais Koskisen HPL (stratifi\u00e9 haute pression) qui est tr\u00e8s durable et solide.<\/p>\n<p>Tout le contreplaqu\u00e9 que nous utilisons est CARB2 (sans formald\u00e9hyde), certifi\u00e9 FSC et provient de partenaires de confiance de Finlande, Lettonie, Belgique et Estonie. Nous obtenons du bois, des composants pr\u00e9fabriqu\u00e9s et d&rsquo;autres mat\u00e9riaux aupr\u00e8s de partenaires que nous connaissons et en qui nous avons confiance. Cela garantit que tout ce que nous mettons dans nos meubles r\u00e9pond \u00e0 nos normes de beaut\u00e9, de performance et de respect des personnes et de l&rsquo;environnement qui les ont cr\u00e9\u00e9s. En fabriquant nos meubles en utilisant uniquement des mati\u00e8res premi\u00e8res durables, nous r\u00e9duisons et limitons l&rsquo;impact environnemental de l&rsquo;ensemble de la cha\u00eene d&rsquo;approvisionnement.<\/p>\n<\/div><\/div><\/div><\/div><\/div><div class=\"vc_col-sm-6 wpb_column vc_column_container\"><div class=\"vc_column-inner\"><div class=\"wpb_wrapper\"><div class=\"w-image align_none\"><div class=\"w-image-h\"><img decoding=\"async\" width=\"3559\" height=\"2430\" src=\"https:\/\/radis.ee\/wp-content\/uploads\/2020\/10\/Radis_production_2-scaled.jpg\" class=\"attachment-full size-full\" alt=\"\" loading=\"lazy\" \/><\/div><\/div><\/div><\/div><\/div><\/div><div class=\"g-cols wpb_row us_custom_437d713f via_flex valign_top type_default stacking_default\"><div class=\"vc_col-sm-6 wpb_column vc_column_container\"><div class=\"vc_column-inner\"><div class=\"wpb_wrapper\"><div class=\"wpb_text_column us_custom_1825fdfe\"><div class=\"wpb_wrapper\"><h3>Cires \u00e0 l&rsquo;huile naturelle<\/h3>\n<p>Nous utilisons des cires toniques Osmo, qui sont produites selon des m\u00e9thodes de production de pointe. Ils assurent la meilleure protection possible de vos meubles, sont respectueux de l&rsquo;environnement et adapt\u00e9s \u00e0 toutes les surfaces int\u00e9rieures en bois. La cire est fabriqu\u00e9e \u00e0 partir d&rsquo;ingr\u00e9dients naturels, ce qui permet au bois de respirer et de conserver sa beaut\u00e9 naturelle. Les surfaces trait\u00e9es avec de la cire \u00e0 l&rsquo;huile sont tr\u00e8s solides et durables tout en repoussant l&rsquo;eau et la salet\u00e9.<\/p>\n<p>La cire se compose d&rsquo;huiles v\u00e9g\u00e9tales naturelles et de cires comme le jojoba, l&rsquo;huile de lin et de tournesol, la cire d&rsquo;abeille, la candelilla et la cire de carnauba. Il ne contient ni biocides ni conservateurs, ce qui signifie qu&rsquo;il est physiologiquement s\u00fbr et peut m\u00eame \u00eatre utilis\u00e9 pour traiter les jouets.<\/p>\n<\/div><\/div><\/div><\/div><\/div><div class=\"vc_col-sm-6 wpb_column vc_column_container\"><div class=\"vc_column-inner\"><div class=\"wpb_wrapper\"><div class=\"w-image align_none\"><div class=\"w-image-h\"><img decoding=\"async\" width=\"1200\" height=\"1600\" src=\"https:\/\/radis.ee\/wp-content\/uploads\/2025\/06\/RADIS_furniture_oilwax_tone_samples.jpg\" class=\"attachment-full size-full\" alt=\"\" loading=\"lazy\" srcset=\"https:\/\/radis.ee\/wp-content\/uploads\/2025\/06\/RADIS_furniture_oilwax_tone_samples.jpg 1200w, https:\/\/radis.ee\/wp-content\/uploads\/2025\/06\/RADIS_furniture_oilwax_tone_samples-225x300.jpg 225w, https:\/\/radis.ee\/wp-content\/uploads\/2025\/06\/RADIS_furniture_oilwax_tone_samples-768x1024.jpg 768w, https:\/\/radis.ee\/wp-content\/uploads\/2025\/06\/RADIS_furniture_oilwax_tone_samples-600x800.jpg 600w, https:\/\/radis.ee\/wp-content\/uploads\/2025\/06\/RADIS_furniture_oilwax_tone_samples-45x60.jpg 45w\" sizes=\"auto, (max-width: 1200px) 100vw, 1200px\" \/><\/div><\/div><\/div><\/div><\/div><\/div><div class=\"g-cols wpb_row us_custom_437d713f via_flex valign_top type_default stacking_default\"><div class=\"vc_col-sm-6 wpb_column vc_column_container\"><div class=\"vc_column-inner\"><div class=\"wpb_wrapper\"><div class=\"wpb_text_column us_custom_1825fdfe\"><div class=\"wpb_wrapper\"><h3>Nettoyage<\/h3>\n<p>Le placage de bois ne doit \u00eatre nettoy\u00e9 qu&rsquo;avec un chiffon humide dans le sens du grain et s\u00e9ch\u00e9 imm\u00e9diatement apr\u00e8s avec un chiffon non pelucheux. Les liquides renvers\u00e9s doivent \u00eatre rapidement \u00e9limin\u00e9s pour \u00e9viter les taches. N&rsquo;utilisez pas de cirage pour meubles. Et ne placez pas d&rsquo;objets chauds sur les meubles, car cela pourrait entra\u00eener une d\u00e9coloration.<\/p>\n<p>Bien que la surface supporte les taches de vin, de bi\u00e8re, de cola, de caf\u00e9, de th\u00e9, de jus, de lait et d&rsquo;autres liquides, celles-ci peuvent \u00eatre \u00e9limin\u00e9es sans aucune trace. Si un rajeunissement de la surface est n\u00e9cessaire, il peut facilement \u00eatre fait en nettoyant et en retra\u00e7ant la surface avec de la cire \u00e0 l&rsquo;huile.<\/p>\n<\/div><\/div><\/div><\/div><\/div><div class=\"vc_col-sm-6 wpb_column vc_column_container\"><div class=\"vc_column-inner\"><div class=\"wpb_wrapper\"><div class=\"w-image align_none\"><div class=\"w-image-h\"><img decoding=\"async\" width=\"1000\" height=\"683\" src=\"https:\/\/radis.ee\/wp-content\/uploads\/2022\/04\/Radis-shelf-LIFT-oak-veneered-plywood-close-up.jpg\" class=\"attachment-large size-large\" alt=\"\" loading=\"lazy\" srcset=\"https:\/\/radis.ee\/wp-content\/uploads\/2022\/04\/Radis-shelf-LIFT-oak-veneered-plywood-close-up.jpg 1000w, https:\/\/radis.ee\/wp-content\/uploads\/2022\/04\/Radis-shelf-LIFT-oak-veneered-plywood-close-up-300x205.jpg 300w, https:\/\/radis.ee\/wp-content\/uploads\/2022\/04\/Radis-shelf-LIFT-oak-veneered-plywood-close-up-600x410.jpg 600w, https:\/\/radis.ee\/wp-content\/uploads\/2022\/04\/Radis-shelf-LIFT-oak-veneered-plywood-close-up-60x41.jpg 60w\" sizes=\"auto, (max-width: 1000px) 100vw, 1000px\" \/><\/div><\/div><\/div><\/div><\/div><\/div><\/div><\/div><\/div><\/div><\/div><\/section><section class=\"l-section wpb_row height_medium\"><div class=\"l-section-h i-cf\"><div class=\"g-cols vc_row via_flex valign_top type_default stacking_default\"><div class=\"vc_col-sm-12 wpb_column vc_column_container\"><div class=\"vc_column-inner\"><div class=\"wpb_wrapper\"><div class=\"g-cols wpb_row via_flex valign_top type_default stacking_default\"><div class=\"vc_col-sm-6 wpb_column vc_column_container\"><div class=\"vc_column-inner\"><div class=\"wpb_wrapper\"><div class=\"wpb_text_column\"><div class=\"wpb_wrapper\"><h2>Certificats<\/h2>\n<\/div><\/div><\/div><\/div><\/div><div class=\"vc_col-sm-6 wpb_column vc_column_container\"><div class=\"vc_column-inner\"><div class=\"wpb_wrapper\"><div class=\"wpb_text_column\"><div class=\"wpb_wrapper\"><p>Nos mat\u00e9riaux sont respectueux de la nature et de l&rsquo;homme. Nous pr\u00e9servons la nature et \u00e9vitons la formation de r\u00e9sidus lors de la production. Fabriqu\u00e9 \u00e0 partir de placage de bouleau, un mat\u00e9riau naturel, sobre mais robuste. Toujours fini avec une huile-cire \u00e9cologiquement propre.<\/p>\n<\/div><\/div><\/div><\/div><\/div><\/div><div class=\"g-cols wpb_row certificates-section via_flex valign_top type_default stacking_default\"><div class=\"vc_col-sm-3 wpb_column vc_column_container\"><div class=\"vc_column-inner\"><div class=\"wpb_wrapper\"><div class=\"wpb_text_column\"><div class=\"wpb_wrapper\"><h3>Osmo huile cires certificat FSC<\/h3>\n<\/div><\/div><div class=\"w-image align_none\"><div class=\"w-image-h\"><img decoding=\"async\" width=\"595\" height=\"842\" src=\"https:\/\/radis.ee\/wp-content\/uploads\/2022\/01\/Osmo-Zertifikat-FSC-Radis-1.jpg\" class=\"attachment-full size-full\" alt=\"\" loading=\"lazy\" srcset=\"https:\/\/radis.ee\/wp-content\/uploads\/2022\/01\/Osmo-Zertifikat-FSC-Radis-1.jpg 595w, https:\/\/radis.ee\/wp-content\/uploads\/2022\/01\/Osmo-Zertifikat-FSC-Radis-1-212x300.jpg 212w, https:\/\/radis.ee\/wp-content\/uploads\/2022\/01\/Osmo-Zertifikat-FSC-Radis-1-42x60.jpg 42w\" sizes=\"auto, (max-width: 595px) 100vw, 595px\" \/><\/div><\/div><\/div><\/div><\/div><div class=\"vc_col-sm-3 wpb_column vc_column_container\"><div class=\"vc_column-inner\"><div class=\"wpb_wrapper\"><div class=\"wpb_text_column\"><div class=\"wpb_wrapper\"><h3>Certificat CARB2 contreplaqu\u00e9 Koskisen<\/h3>\n<\/div><\/div><div class=\"w-image align_none\"><div class=\"w-image-h\"><img decoding=\"async\" width=\"595\" height=\"842\" src=\"https:\/\/radis.ee\/wp-content\/uploads\/2022\/01\/EPA-TSCA-CARB-ULEF-Certificate-for-interior-glued-plywood.jpg\" class=\"attachment-full size-full\" alt=\"\" loading=\"lazy\" srcset=\"https:\/\/radis.ee\/wp-content\/uploads\/2022\/01\/EPA-TSCA-CARB-ULEF-Certificate-for-interior-glued-plywood.jpg 595w, https:\/\/radis.ee\/wp-content\/uploads\/2022\/01\/EPA-TSCA-CARB-ULEF-Certificate-for-interior-glued-plywood-212x300.jpg 212w, https:\/\/radis.ee\/wp-content\/uploads\/2022\/01\/EPA-TSCA-CARB-ULEF-Certificate-for-interior-glued-plywood-42x60.jpg 42w\" sizes=\"auto, (max-width: 595px) 100vw, 595px\" \/><\/div><\/div><\/div><\/div><\/div><div class=\"vc_col-sm-3 wpb_column vc_column_container\"><div class=\"vc_column-inner\"><div class=\"wpb_wrapper\"><div class=\"wpb_text_column\"><div class=\"wpb_wrapper\"><h3>Certificat FSC contreplaqu\u00e9 Koskisen<\/h3>\n<\/div><\/div><div class=\"w-image align_none\"><div class=\"w-image-h\"><img decoding=\"async\" width=\"595\" height=\"841\" src=\"https:\/\/radis.ee\/wp-content\/uploads\/2022\/01\/Koskisen-FSC-sertifikaatti-EN.jpg\" class=\"attachment-full size-full\" alt=\"\" loading=\"lazy\" srcset=\"https:\/\/radis.ee\/wp-content\/uploads\/2022\/01\/Koskisen-FSC-sertifikaatti-EN.jpg 595w, https:\/\/radis.ee\/wp-content\/uploads\/2022\/01\/Koskisen-FSC-sertifikaatti-EN-212x300.jpg 212w, https:\/\/radis.ee\/wp-content\/uploads\/2022\/01\/Koskisen-FSC-sertifikaatti-EN-42x60.jpg 42w\" sizes=\"auto, (max-width: 595px) 100vw, 595px\" \/><\/div><\/div><\/div><\/div><\/div><div class=\"vc_col-sm-3 wpb_column vc_column_container\"><div class=\"vc_column-inner\"><div class=\"wpb_wrapper\"><div class=\"wpb_text_column\"><div class=\"wpb_wrapper\"><h3>Certificat de partenariat Makeitneutral<\/h3>\n<\/div><\/div><div class=\"w-image align_none\"><div class=\"w-image-h\"><img decoding=\"async\" width=\"400\" height=\"563\" src=\"https:\/\/radis.ee\/wp-content\/uploads\/2022\/04\/Makeitnatural-sertifikaat.jpg\" class=\"attachment-full size-full\" alt=\"\" loading=\"lazy\" srcset=\"https:\/\/radis.ee\/wp-content\/uploads\/2022\/04\/Makeitnatural-sertifikaat.jpg 400w, https:\/\/radis.ee\/wp-content\/uploads\/2022\/04\/Makeitnatural-sertifikaat-213x300.jpg 213w, https:\/\/radis.ee\/wp-content\/uploads\/2022\/04\/Makeitnatural-sertifikaat-43x60.jpg 43w\" sizes=\"auto, (max-width: 400px) 100vw, 400px\" \/><\/div><\/div><\/div><\/div><\/div><\/div><\/div><\/div><\/div><\/div><\/div><\/section>\n","protected":false},"excerpt":{"rendered":"Design nordique \u00e9l\u00e9gant \u00e0 votre service Construit pour durer Nous avons plus d\u2019une d\u00e9cennie d\u2019exp\u00e9rience dans la fabrication et nous nous en tenons \u00e0 une promesse simple: concevoir et fabriquer des meubles de qualit\u00e9 adapt\u00e9s \u00e0 votre mode de vie actuel. Et chaque jour par la suite.\u00a0 Mission et vision Radis \u00e9largit l&rsquo;espace propre autour...","protected":false},"author":1,"featured_media":0,"parent":8374,"menu_order":0,"comment_status":"closed","ping_status":"closed","template":"","meta":{"_acf_changed":false,"footnotes":""},"class_list":["post-8413","page","type-page","status-publish","hentry"],"acf":[],"yoast_head":"<!-- This site is optimized with the Yoast SEO plugin v27.4 - https:\/\/yoast.com\/product\/yoast-seo-wordpress\/ -->\n<title>Notre \u00e9thique - Radis<\/title>\n<meta name=\"robots\" content=\"index, follow, max-snippet:-1, max-image-preview:large, max-video-preview:-1\" \/>\n<link rel=\"canonical\" href=\"https:\/\/radis.ee\/meist\/meie-pohimotted\/\" \/>\n<meta property=\"og:locale\" content=\"fr_FR\" \/>\n<meta property=\"og:type\" content=\"article\" \/>\n<meta property=\"og:title\" content=\"Notre \u00e9thique - Radis\" \/>\n<meta property=\"og:url\" content=\"https:\/\/radis.ee\/meist\/meie-pohimotted\/\" \/>\n<meta property=\"og:site_name\" content=\"Radis\" \/>\n<meta property=\"article:publisher\" content=\"https:\/\/www.facebook.com\/radisfurniture\/\" \/>\n<meta property=\"article:modified_time\" content=\"2025-06-02T11:32:42+00:00\" \/>\n<meta name=\"twitter:card\" content=\"summary_large_image\" \/>\n<meta name=\"twitter:label1\" content=\"Dur\u00e9e de lecture estim\u00e9e\" \/>\n\t<meta name=\"twitter:data1\" content=\"7 minutes\" \/>\n<script type=\"application\/ld+json\" class=\"yoast-schema-graph\">{\"@context\":\"https:\\\/\\\/schema.org\",\"@graph\":[{\"@type\":\"WebPage\",\"@id\":\"https:\\\/\\\/radis.ee\\\/meist\\\/meie-pohimotted\\\/\",\"url\":\"https:\\\/\\\/radis.ee\\\/meist\\\/meie-pohimotted\\\/\",\"name\":\"Notre \u00e9thique - Radis\",\"isPartOf\":{\"@id\":\"https:\\\/\\\/radis.ee\\\/#website\"},\"datePublished\":\"2021-01-06T22:20:15+00:00\",\"dateModified\":\"2025-06-02T11:32:42+00:00\",\"breadcrumb\":{\"@id\":\"https:\\\/\\\/radis.ee\\\/meist\\\/meie-pohimotted\\\/#breadcrumb\"},\"inLanguage\":\"fr-FR\",\"potentialAction\":[{\"@type\":\"ReadAction\",\"target\":[\"https:\\\/\\\/radis.ee\\\/meist\\\/meie-pohimotted\\\/\"]}]},{\"@type\":\"BreadcrumbList\",\"@id\":\"https:\\\/\\\/radis.ee\\\/meist\\\/meie-pohimotted\\\/#breadcrumb\",\"itemListElement\":[{\"@type\":\"ListItem\",\"position\":1,\"name\":\"Home\",\"item\":\"https:\\\/\\\/radis.ee\\\/\"},{\"@type\":\"ListItem\",\"position\":2,\"name\":\"\u00c0 propos de nous\",\"item\":\"https:\\\/\\\/radis.ee\\\/meist\\\/\"},{\"@type\":\"ListItem\",\"position\":3,\"name\":\"Notre \u00e9thique\"}]},{\"@type\":\"WebSite\",\"@id\":\"https:\\\/\\\/radis.ee\\\/#website\",\"url\":\"https:\\\/\\\/radis.ee\\\/\",\"name\":\"Radis\",\"description\":\"Nordic design furniture, environmentally friendly and sustainable.\",\"publisher\":{\"@id\":\"https:\\\/\\\/radis.ee\\\/#organization\"},\"potentialAction\":[{\"@type\":\"SearchAction\",\"target\":{\"@type\":\"EntryPoint\",\"urlTemplate\":\"https:\\\/\\\/radis.ee\\\/?s={search_term_string}\"},\"query-input\":{\"@type\":\"PropertyValueSpecification\",\"valueRequired\":true,\"valueName\":\"search_term_string\"}}],\"inLanguage\":\"fr-FR\"},{\"@type\":\"Organization\",\"@id\":\"https:\\\/\\\/radis.ee\\\/#organization\",\"name\":\"Radis O\u00dc\",\"url\":\"https:\\\/\\\/radis.ee\\\/\",\"logo\":{\"@type\":\"ImageObject\",\"inLanguage\":\"fr-FR\",\"@id\":\"https:\\\/\\\/radis.ee\\\/#\\\/schema\\\/logo\\\/image\\\/\",\"url\":\"https:\\\/\\\/radis.ee\\\/wp-content\\\/uploads\\\/2020\\\/10\\\/Radis-logo.png\",\"contentUrl\":\"https:\\\/\\\/radis.ee\\\/wp-content\\\/uploads\\\/2020\\\/10\\\/Radis-logo.png\",\"width\":300,\"height\":63,\"caption\":\"Radis O\u00dc\"},\"image\":{\"@id\":\"https:\\\/\\\/radis.ee\\\/#\\\/schema\\\/logo\\\/image\\\/\"},\"sameAs\":[\"https:\\\/\\\/www.facebook.com\\\/radisfurniture\\\/\"]}]}<\/script>\n<!-- \/ Yoast SEO plugin. -->","yoast_head_json":{"title":"Notre \u00e9thique - Radis","robots":{"index":"index","follow":"follow","max-snippet":"max-snippet:-1","max-image-preview":"max-image-preview:large","max-video-preview":"max-video-preview:-1"},"canonical":"https:\/\/radis.ee\/meist\/meie-pohimotted\/","og_locale":"fr_FR","og_type":"article","og_title":"Notre \u00e9thique - Radis","og_url":"https:\/\/radis.ee\/meist\/meie-pohimotted\/","og_site_name":"Radis","article_publisher":"https:\/\/www.facebook.com\/radisfurniture\/","article_modified_time":"2025-06-02T11:32:42+00:00","twitter_card":"summary_large_image","twitter_misc":{"Dur\u00e9e de lecture estim\u00e9e":"7 minutes"},"schema":{"@context":"https:\/\/schema.org","@graph":[{"@type":"WebPage","@id":"https:\/\/radis.ee\/meist\/meie-pohimotted\/","url":"https:\/\/radis.ee\/meist\/meie-pohimotted\/","name":"Notre \u00e9thique - Radis","isPartOf":{"@id":"https:\/\/radis.ee\/#website"},"datePublished":"2021-01-06T22:20:15+00:00","dateModified":"2025-06-02T11:32:42+00:00","breadcrumb":{"@id":"https:\/\/radis.ee\/meist\/meie-pohimotted\/#breadcrumb"},"inLanguage":"fr-FR","potentialAction":[{"@type":"ReadAction","target":["https:\/\/radis.ee\/meist\/meie-pohimotted\/"]}]},{"@type":"BreadcrumbList","@id":"https:\/\/radis.ee\/meist\/meie-pohimotted\/#breadcrumb","itemListElement":[{"@type":"ListItem","position":1,"name":"Home","item":"https:\/\/radis.ee\/"},{"@type":"ListItem","position":2,"name":"\u00c0 propos de nous","item":"https:\/\/radis.ee\/meist\/"},{"@type":"ListItem","position":3,"name":"Notre \u00e9thique"}]},{"@type":"WebSite","@id":"https:\/\/radis.ee\/#website","url":"https:\/\/radis.ee\/","name":"Radis","description":"Nordic design furniture, environmentally friendly and sustainable.","publisher":{"@id":"https:\/\/radis.ee\/#organization"},"potentialAction":[{"@type":"SearchAction","target":{"@type":"EntryPoint","urlTemplate":"https:\/\/radis.ee\/?s={search_term_string}"},"query-input":{"@type":"PropertyValueSpecification","valueRequired":true,"valueName":"search_term_string"}}],"inLanguage":"fr-FR"},{"@type":"Organization","@id":"https:\/\/radis.ee\/#organization","name":"Radis O\u00dc","url":"https:\/\/radis.ee\/","logo":{"@type":"ImageObject","inLanguage":"fr-FR","@id":"https:\/\/radis.ee\/#\/schema\/logo\/image\/","url":"https:\/\/radis.ee\/wp-content\/uploads\/2020\/10\/Radis-logo.png","contentUrl":"https:\/\/radis.ee\/wp-content\/uploads\/2020\/10\/Radis-logo.png","width":300,"height":63,"caption":"Radis O\u00dc"},"image":{"@id":"https:\/\/radis.ee\/#\/schema\/logo\/image\/"},"sameAs":["https:\/\/www.facebook.com\/radisfurniture\/"]}]}},"_links":{"self":[{"href":"https:\/\/radis.ee\/fr\/wp-json\/wp\/v2\/pages\/8413","targetHints":{"allow":["GET"]}}],"collection":[{"href":"https:\/\/radis.ee\/fr\/wp-json\/wp\/v2\/pages"}],"about":[{"href":"https:\/\/radis.ee\/fr\/wp-json\/wp\/v2\/types\/page"}],"author":[{"embeddable":true,"href":"https:\/\/radis.ee\/fr\/wp-json\/wp\/v2\/users\/1"}],"replies":[{"embeddable":true,"href":"https:\/\/radis.ee\/fr\/wp-json\/wp\/v2\/comments?post=8413"}],"version-history":[{"count":0,"href":"https:\/\/radis.ee\/fr\/wp-json\/wp\/v2\/pages\/8413\/revisions"}],"up":[{"embeddable":true,"href":"https:\/\/radis.ee\/fr\/wp-json\/wp\/v2\/pages\/8374"}],"wp:attachment":[{"href":"https:\/\/radis.ee\/fr\/wp-json\/wp\/v2\/media?parent=8413"}],"curies":[{"name":"wp","href":"https:\/\/api.w.org\/{rel}","templated":true}]}}