{"id":8428,"date":"2021-01-07T00:42:18","date_gmt":"2021-01-06T22:42:18","guid":{"rendered":"https:\/\/radis.ee\/contact\/"},"modified":"2026-01-26T13:45:12","modified_gmt":"2026-01-26T11:45:12","slug":"contact","status":"publish","type":"page","link":"https:\/\/radis.ee\/fr\/contact\/","title":{"rendered":"Contact"},"content":{"rendered":"<section class=\"l-section wpb_row us_custom_a56d1942 height_medium\"><div class=\"l-section-h i-cf\"><div class=\"g-cols vc_row via_flex valign_top type_default stacking_default\"><div class=\"vc_col-sm-12 wpb_column vc_column_container\"><div class=\"vc_column-inner\"><div class=\"wpb_wrapper\"><div class=\"wpb_text_column us_custom_e398aee2\"><div class=\"wpb_wrapper\"><h1>Contacts<\/h1>\n<\/div><\/div><div class=\"g-cols wpb_row us_custom_437d713f contact-us-first-row via_flex valign_top type_default stacking_default\"><div class=\"vc_col-sm-4 wpb_column vc_column_container\"><div class=\"vc_column-inner\"><div class=\"wpb_wrapper\"><div class=\"wpb_text_column\"><div class=\"wpb_wrapper\"><h3>Nous contacter<\/h3>\n<p>Email: <a href=\"mailto:info@radis.ee\">info@radis.ee<\/a><\/p>\n<p>Tel: +372 5558 5656<\/p>\n<p>Mauri Abner<\/p>\n<\/div><\/div><div class=\"w-image align_none\"><div class=\"w-image-h\"><img decoding=\"async\" width=\"300\" height=\"300\" src=\"https:\/\/radis.ee\/wp-content\/uploads\/2020\/10\/Mauri-Abner-300x300.jpg\" class=\"attachment-shop_catalog size-shop_catalog\" alt=\"\" loading=\"lazy\" srcset=\"https:\/\/radis.ee\/wp-content\/uploads\/2020\/10\/Mauri-Abner-300x300.jpg 300w, https:\/\/radis.ee\/wp-content\/uploads\/2020\/10\/Mauri-Abner-150x150.jpg 150w, https:\/\/radis.ee\/wp-content\/uploads\/2020\/10\/Mauri-Abner-450x450.jpg 450w\" sizes=\"auto, (max-width: 300px) 100vw, 300px\" \/><\/div><\/div><\/div><\/div><\/div><div class=\"vc_col-sm-4 wpb_column vc_column_container\"><div class=\"vc_column-inner\"><div class=\"wpb_wrapper\"><div class=\"wpb_text_column external-link address-block\"><div class=\"wpb_wrapper\"><h3>Visitez notre showroom<\/h3>\n<p><span class=\"map-marker\">P\u00e4rnu mnt 110, Tallinn, 11313, Estonie<\/span><\/p>\n<p>L-V 10-18, S 10-15<\/p>\n<p><a href=\"https:\/\/goo.gl\/maps\/TGFiNWoktXBGQrqs5\" target=\"_blank\" rel=\"noopener noreferrer\">Ouvrir dans Google Maps<\/a><\/p>\n<\/div><\/div><div class=\"w-image align_none\"><div class=\"w-image-h\"><img decoding=\"async\" width=\"300\" height=\"300\" src=\"https:\/\/radis.ee\/wp-content\/uploads\/2020\/10\/Radis-dining-table-300x300.jpg\" class=\"attachment-shop_catalog size-shop_catalog\" alt=\"\" loading=\"lazy\" srcset=\"https:\/\/radis.ee\/wp-content\/uploads\/2020\/10\/Radis-dining-table-300x300.jpg 300w, https:\/\/radis.ee\/wp-content\/uploads\/2020\/10\/Radis-dining-table-150x150.jpg 150w, https:\/\/radis.ee\/wp-content\/uploads\/2020\/10\/Radis-dining-table-450x450.jpg 450w\" sizes=\"auto, (max-width: 300px) 100vw, 300px\" \/><\/div><\/div><\/div><\/div><\/div><div class=\"vc_col-sm-4 wpb_column vc_column_container\"><div class=\"vc_column-inner\"><div class=\"wpb_wrapper\"><div class=\"wpb_text_column external-link address-block\"><div class=\"wpb_wrapper\"><h3>Usine et entrep\u00f4t<\/h3>\n<p><span class=\"map-marker\">J\u00e4rvekalda tee 33, Harkuj\u00e4rve, 76912<\/span><\/p>\n<p>Estonie<\/p>\n<p><a href=\"https:\/\/goo.gl\/maps\/HPva52T7jSezmWFK9\" target=\"_blank\" rel=\"noopener noreferrer\">Ouvrir dans Google Maps<\/a><\/p>\n<\/div><\/div><div class=\"w-image align_none\"><div class=\"w-image-h\"><img decoding=\"async\" width=\"300\" height=\"300\" src=\"https:\/\/radis.ee\/wp-content\/uploads\/2020\/10\/Radis_production_10-1-300x300.jpg\" class=\"attachment-shop_catalog size-shop_catalog\" alt=\"\" loading=\"lazy\" srcset=\"https:\/\/radis.ee\/wp-content\/uploads\/2020\/10\/Radis_production_10-1-300x300.jpg 300w, https:\/\/radis.ee\/wp-content\/uploads\/2020\/10\/Radis_production_10-1-150x150.jpg 150w, https:\/\/radis.ee\/wp-content\/uploads\/2020\/10\/Radis_production_10-1-450x450.jpg 450w\" sizes=\"auto, (max-width: 300px) 100vw, 300px\" \/><\/div><\/div><\/div><\/div><\/div><\/div><div class=\"g-cols wpb_row via_flex valign_top type_default stacking_default\"><div class=\"vc_col-sm-4 wpb_column vc_column_container\"><div class=\"vc_column-inner\"><div class=\"wpb_wrapper\"><div class=\"wpb_text_column address-block\"><div class=\"wpb_wrapper\"><h3>Juridique<\/h3>\n<p>Ce site est exploit\u00e9 par Radis O\u00dc.<\/p>\n<p>Nous sommes enregistr\u00e9s aupr\u00e8s de la Cour d&rsquo;Estonie sous le num\u00e9ro d&rsquo;entreprise 12019984 et aupr\u00e8s de notre si\u00e8ge social Vaalu 10, Tallinn, 13522, Estonie<\/p>\n<p>Notre num\u00e9ro de TVA est EE101410641.<\/p>\n<p>Vous pouvez nous contacter \u00e0 l&rsquo;adresse mentionn\u00e9e ci-dessus et par les moyens suivants:<br \/>\nCourriel: info@radis.ee<br \/>\nT\u00e9l\u00e9phone: +372 5558 5656<\/p>\n<p>IBAN: EE382200221051020300 Swedbank<\/p>\n<p>La Commission europ\u00e9enne met \u00e0 disposition une plate-forme de r\u00e9solution des litiges en ligne (ODR) accessible ici. Nous sommes pr\u00eats \u00e0 participer \u00e0 une proc\u00e9dure extrajudiciaire de r\u00e8glement des litiges devant une instance de r\u00e8glement des litiges de consommation.<\/p>\n<\/div><\/div><\/div><\/div><\/div><div class=\"vc_col-sm-4 wpb_column vc_column_container\"><div class=\"vc_column-inner\"><div class=\"wpb_wrapper\"><div class=\"wpb_text_column external-link\"><div class=\"wpb_wrapper\"><h3>Suivez-nous sur les r\u00e9seaux sociaux<\/h3>\n<p><a href=\"https:\/\/www.facebook.com\/radisfurniture\/\" target=\"_blank\" rel=\"noopener noreferrer\">Facebook<\/a><\/p>\n<p><a href=\"https:\/\/www.instagram.com\/radisfurniture\/\" target=\"_blank\" rel=\"noopener noreferrer\">Instagram<\/a><\/p>\n<p><a href=\"https:\/\/www.pinterest.com\/radisfurniture\/\" target=\"_blank\" rel=\"noopener noreferrer\">Pinterest<\/a><\/p>\n<\/div><\/div><\/div><\/div><\/div><div class=\"vc_col-sm-4 wpb_column vc_column_container\"><div class=\"vc_column-inner\"><div class=\"wpb_wrapper\"><\/div><\/div><\/div><\/div><\/div><\/div><\/div><\/div><\/div><\/section><section class=\"l-section wpb_row height_medium\"><div class=\"l-section-h i-cf\"><div class=\"g-cols vc_row via_flex valign_top type_default stacking_default\"><div class=\"vc_col-sm-12 wpb_column vc_column_container\"><div class=\"vc_column-inner\"><div class=\"wpb_wrapper\"><div class=\"g-cols wpb_row us_custom_1825fdfe via_flex valign_top type_default stacking_default\"><div class=\"vc_col-sm-12 wpb_column vc_column_container\"><div class=\"vc_column-inner\"><div class=\"wpb_wrapper\"><div class=\"wpb_text_column\"><div class=\"wpb_wrapper\"><h3>Si vous souhaitez travailler ou collaborer avec nous, veuillez nous \u00e9crire<\/h3>\n<p>Si vous souhaitez \u00e9galement des meubles un peu plus sp\u00e9ciaux, nous pouvons \u00e9galement vous aider avec des meubles sur mesure. Nous avons meubl\u00e9 des bureaux, des \u00e9coles, des jardins d&rsquo;enfants et des biblioth\u00e8ques.<\/p>\n<p>Nous vous contacterons au plus tard le jour ouvrable suivant.<\/p>\n<\/div><\/div>\n<div class=\"wpcf7 no-js\" id=\"wpcf7-f8884-o1\" lang=\"fr-FR\" dir=\"ltr\" data-wpcf7-id=\"8884\">\n<div class=\"screen-reader-response\"><p role=\"status\" aria-live=\"polite\" aria-atomic=\"true\"><\/p> <ul><\/ul><\/div>\n<form action=\"\/fr\/wp-json\/wp\/v2\/pages\/8428#wpcf7-f8884-o1\" method=\"post\" class=\"wpcf7-form init\" aria-label=\"Formulaire de contact\" novalidate=\"novalidate\" data-status=\"init\">\n<fieldset class=\"hidden-fields-container\"><input type=\"hidden\" name=\"_wpcf7\" value=\"8884\" \/><input type=\"hidden\" name=\"_wpcf7_version\" value=\"6.1.5\" \/><input type=\"hidden\" name=\"_wpcf7_locale\" value=\"fr_FR\" \/><input type=\"hidden\" name=\"_wpcf7_unit_tag\" value=\"wpcf7-f8884-o1\" \/><input type=\"hidden\" name=\"_wpcf7_container_post\" value=\"0\" \/><input type=\"hidden\" name=\"_wpcf7_posted_data_hash\" value=\"\" \/>\n<\/fieldset>\n<div class=\"cf7-form-row\">\n<div>\n<label> Nom*\n    <span class=\"wpcf7-form-control-wrap\" data-name=\"your-name\"><input size=\"40\" maxlength=\"400\" class=\"wpcf7-form-control wpcf7-text wpcf7-validates-as-required\" aria-required=\"true\" aria-invalid=\"false\" value=\"\" type=\"text\" name=\"your-name\" \/><\/span> <\/label>\n<\/div>\n<div>\n<label> Email*\n    <span class=\"wpcf7-form-control-wrap\" data-name=\"your-email\"><input size=\"40\" maxlength=\"400\" class=\"wpcf7-form-control wpcf7-email wpcf7-validates-as-required wpcf7-text wpcf7-validates-as-email\" aria-required=\"true\" aria-invalid=\"false\" value=\"\" type=\"email\" name=\"your-email\" \/><\/span> <\/label>\n<\/div>\n<\/div>\n<div class=\"cf7-form-row\">\n<label> Message*\n    <span class=\"wpcf7-form-control-wrap\" data-name=\"your-message\"><textarea cols=\"40\" rows=\"10\" maxlength=\"2000\" class=\"wpcf7-form-control wpcf7-textarea wpcf7-validates-as-required\" aria-required=\"true\" aria-invalid=\"false\" name=\"your-message\"><\/textarea><\/span> <\/label>\n<\/div>\n<div class=\"cf7-cf-turnstile\" style=\"margin-top: 0px; margin-bottom: -15px;\"> <div id=\"cf-turnstile-cf7-534753998\" class=\"cf-turnstile\" data-sitekey=\"0x4AAAAAACRr4pDa7lUVT0A2\" data-theme=\"light\" data-language=\"auto\" data-size=\"normal\" data-retry=\"auto\" data-retry-interval=\"1000\" data-refresh-expired=\"auto\" data-action=\"contact-form-7\" data-appearance=\"always\"><\/div> <script>document.addEventListener(\"DOMContentLoaded\", function() { setTimeout(function(){ var e=document.getElementById(\"cf-turnstile-cf7-534753998\"); e&&!e.innerHTML.trim()&&(turnstile.remove(\"#cf-turnstile-cf7-534753998\"), turnstile.render(\"#cf-turnstile-cf7-534753998\", {sitekey:\"0x4AAAAAACRr4pDa7lUVT0A2\"})); }, 100); });<\/script> <br class=\"cf-turnstile-br cf-turnstile-br-cf7-534753998\"> <style>#cf-turnstile-cf7-534753998 { margin-left: -15px; }<\/style> <script>document.addEventListener(\"DOMContentLoaded\",function(){document.querySelectorAll('.wpcf7-form').forEach(function(e){e.addEventListener('submit',function(){if(document.getElementById('cf-turnstile-cf7-534753998')){setTimeout(function(){turnstile.reset('#cf-turnstile-cf7-534753998');},1000)}})})});<\/script> <\/div><br\/><input class=\"wpcf7-form-control wpcf7-submit has-spinner\" type=\"submit\" value=\"Envoyer\" \/><div class=\"wpcf7-response-output\" aria-hidden=\"true\"><\/div>\n<\/form>\n<\/div>\n<\/div><\/div><\/div><\/div><\/div><\/div><\/div><\/div><\/div><\/section>\n","protected":false},"excerpt":{"rendered":"Contacts Nous contacter Email: info@radis.ee Tel: +372 5558 5656 Mauri Abner Visitez notre showroom P\u00e4rnu mnt 110, Tallinn, 11313, Estonie L-V 10-18, S 10-15 Ouvrir dans Google Maps Usine et entrep\u00f4t J\u00e4rvekalda tee 33, Harkuj\u00e4rve, 76912 Estonie Ouvrir dans Google Maps Juridique Ce site est exploit\u00e9 par Radis O\u00dc. Nous sommes enregistr\u00e9s aupr\u00e8s de la...","protected":false},"author":1,"featured_media":0,"parent":0,"menu_order":0,"comment_status":"closed","ping_status":"closed","template":"","meta":{"_acf_changed":false,"footnotes":""},"class_list":["post-8428","page","type-page","status-publish","hentry"],"acf":[],"yoast_head":"<!-- This site is optimized with the Yoast SEO plugin v27.4 - https:\/\/yoast.com\/product\/yoast-seo-wordpress\/ -->\n<title>Contact - Radis<\/title>\n<meta name=\"robots\" content=\"index, follow, max-snippet:-1, max-image-preview:large, max-video-preview:-1\" \/>\n<link rel=\"canonical\" href=\"https:\/\/radis.ee\/fr\/contact\/\" \/>\n<meta property=\"og:locale\" content=\"fr_FR\" \/>\n<meta property=\"og:type\" content=\"article\" \/>\n<meta property=\"og:title\" content=\"Contact - Radis\" \/>\n<meta property=\"og:url\" content=\"https:\/\/radis.ee\/fr\/contact\/\" \/>\n<meta property=\"og:site_name\" content=\"Radis\" \/>\n<meta property=\"article:publisher\" content=\"https:\/\/www.facebook.com\/radisfurniture\/\" \/>\n<meta property=\"article:modified_time\" content=\"2026-01-26T11:45:12+00:00\" \/>\n<meta name=\"twitter:card\" content=\"summary_large_image\" \/>\n<meta name=\"twitter:label1\" content=\"Dur\u00e9e de lecture estim\u00e9e\" \/>\n\t<meta name=\"twitter:data1\" content=\"2 minutes\" \/>\n<script type=\"application\/ld+json\" class=\"yoast-schema-graph\">{\"@context\":\"https:\\\/\\\/schema.org\",\"@graph\":[{\"@type\":\"WebPage\",\"@id\":\"https:\\\/\\\/radis.ee\\\/fr\\\/contact\\\/\",\"url\":\"https:\\\/\\\/radis.ee\\\/fr\\\/contact\\\/\",\"name\":\"Contact - Radis\",\"isPartOf\":{\"@id\":\"https:\\\/\\\/radis.ee\\\/#website\"},\"datePublished\":\"2021-01-06T22:42:18+00:00\",\"dateModified\":\"2026-01-26T11:45:12+00:00\",\"breadcrumb\":{\"@id\":\"https:\\\/\\\/radis.ee\\\/fr\\\/contact\\\/#breadcrumb\"},\"inLanguage\":\"fr-FR\",\"potentialAction\":[{\"@type\":\"ReadAction\",\"target\":[\"https:\\\/\\\/radis.ee\\\/fr\\\/contact\\\/\"]}]},{\"@type\":\"BreadcrumbList\",\"@id\":\"https:\\\/\\\/radis.ee\\\/fr\\\/contact\\\/#breadcrumb\",\"itemListElement\":[{\"@type\":\"ListItem\",\"position\":1,\"name\":\"Home\",\"item\":\"https:\\\/\\\/radis.ee\\\/\"},{\"@type\":\"ListItem\",\"position\":2,\"name\":\"Contact\"}]},{\"@type\":\"WebSite\",\"@id\":\"https:\\\/\\\/radis.ee\\\/#website\",\"url\":\"https:\\\/\\\/radis.ee\\\/\",\"name\":\"Radis\",\"description\":\"Nordic design furniture, environmentally friendly and sustainable.\",\"publisher\":{\"@id\":\"https:\\\/\\\/radis.ee\\\/#organization\"},\"potentialAction\":[{\"@type\":\"SearchAction\",\"target\":{\"@type\":\"EntryPoint\",\"urlTemplate\":\"https:\\\/\\\/radis.ee\\\/?s={search_term_string}\"},\"query-input\":{\"@type\":\"PropertyValueSpecification\",\"valueRequired\":true,\"valueName\":\"search_term_string\"}}],\"inLanguage\":\"fr-FR\"},{\"@type\":\"Organization\",\"@id\":\"https:\\\/\\\/radis.ee\\\/#organization\",\"name\":\"Radis O\u00dc\",\"url\":\"https:\\\/\\\/radis.ee\\\/\",\"logo\":{\"@type\":\"ImageObject\",\"inLanguage\":\"fr-FR\",\"@id\":\"https:\\\/\\\/radis.ee\\\/#\\\/schema\\\/logo\\\/image\\\/\",\"url\":\"https:\\\/\\\/radis.ee\\\/wp-content\\\/uploads\\\/2020\\\/10\\\/Radis-logo.png\",\"contentUrl\":\"https:\\\/\\\/radis.ee\\\/wp-content\\\/uploads\\\/2020\\\/10\\\/Radis-logo.png\",\"width\":300,\"height\":63,\"caption\":\"Radis O\u00dc\"},\"image\":{\"@id\":\"https:\\\/\\\/radis.ee\\\/#\\\/schema\\\/logo\\\/image\\\/\"},\"sameAs\":[\"https:\\\/\\\/www.facebook.com\\\/radisfurniture\\\/\"]}]}<\/script>\n<!-- \/ Yoast SEO plugin. -->","yoast_head_json":{"title":"Contact - Radis","robots":{"index":"index","follow":"follow","max-snippet":"max-snippet:-1","max-image-preview":"max-image-preview:large","max-video-preview":"max-video-preview:-1"},"canonical":"https:\/\/radis.ee\/fr\/contact\/","og_locale":"fr_FR","og_type":"article","og_title":"Contact - Radis","og_url":"https:\/\/radis.ee\/fr\/contact\/","og_site_name":"Radis","article_publisher":"https:\/\/www.facebook.com\/radisfurniture\/","article_modified_time":"2026-01-26T11:45:12+00:00","twitter_card":"summary_large_image","twitter_misc":{"Dur\u00e9e de lecture estim\u00e9e":"2 minutes"},"schema":{"@context":"https:\/\/schema.org","@graph":[{"@type":"WebPage","@id":"https:\/\/radis.ee\/fr\/contact\/","url":"https:\/\/radis.ee\/fr\/contact\/","name":"Contact - Radis","isPartOf":{"@id":"https:\/\/radis.ee\/#website"},"datePublished":"2021-01-06T22:42:18+00:00","dateModified":"2026-01-26T11:45:12+00:00","breadcrumb":{"@id":"https:\/\/radis.ee\/fr\/contact\/#breadcrumb"},"inLanguage":"fr-FR","potentialAction":[{"@type":"ReadAction","target":["https:\/\/radis.ee\/fr\/contact\/"]}]},{"@type":"BreadcrumbList","@id":"https:\/\/radis.ee\/fr\/contact\/#breadcrumb","itemListElement":[{"@type":"ListItem","position":1,"name":"Home","item":"https:\/\/radis.ee\/"},{"@type":"ListItem","position":2,"name":"Contact"}]},{"@type":"WebSite","@id":"https:\/\/radis.ee\/#website","url":"https:\/\/radis.ee\/","name":"Radis","description":"Nordic design furniture, environmentally friendly and sustainable.","publisher":{"@id":"https:\/\/radis.ee\/#organization"},"potentialAction":[{"@type":"SearchAction","target":{"@type":"EntryPoint","urlTemplate":"https:\/\/radis.ee\/?s={search_term_string}"},"query-input":{"@type":"PropertyValueSpecification","valueRequired":true,"valueName":"search_term_string"}}],"inLanguage":"fr-FR"},{"@type":"Organization","@id":"https:\/\/radis.ee\/#organization","name":"Radis O\u00dc","url":"https:\/\/radis.ee\/","logo":{"@type":"ImageObject","inLanguage":"fr-FR","@id":"https:\/\/radis.ee\/#\/schema\/logo\/image\/","url":"https:\/\/radis.ee\/wp-content\/uploads\/2020\/10\/Radis-logo.png","contentUrl":"https:\/\/radis.ee\/wp-content\/uploads\/2020\/10\/Radis-logo.png","width":300,"height":63,"caption":"Radis O\u00dc"},"image":{"@id":"https:\/\/radis.ee\/#\/schema\/logo\/image\/"},"sameAs":["https:\/\/www.facebook.com\/radisfurniture\/"]}]}},"_links":{"self":[{"href":"https:\/\/radis.ee\/fr\/wp-json\/wp\/v2\/pages\/8428","targetHints":{"allow":["GET"]}}],"collection":[{"href":"https:\/\/radis.ee\/fr\/wp-json\/wp\/v2\/pages"}],"about":[{"href":"https:\/\/radis.ee\/fr\/wp-json\/wp\/v2\/types\/page"}],"author":[{"embeddable":true,"href":"https:\/\/radis.ee\/fr\/wp-json\/wp\/v2\/users\/1"}],"replies":[{"embeddable":true,"href":"https:\/\/radis.ee\/fr\/wp-json\/wp\/v2\/comments?post=8428"}],"version-history":[{"count":0,"href":"https:\/\/radis.ee\/fr\/wp-json\/wp\/v2\/pages\/8428\/revisions"}],"wp:attachment":[{"href":"https:\/\/radis.ee\/fr\/wp-json\/wp\/v2\/media?parent=8428"}],"curies":[{"name":"wp","href":"https:\/\/api.w.org\/{rel}","templated":true}]}}