{"id":8451,"date":"2021-01-07T01:21:14","date_gmt":"2021-01-06T23:21:14","guid":{"rendered":"https:\/\/radis.ee\/termes-et-conditions\/"},"modified":"2021-01-07T01:21:14","modified_gmt":"2021-01-06T23:21:14","slug":"termes-et-conditions","status":"publish","type":"page","link":"https:\/\/radis.ee\/fr\/termes-et-conditions\/","title":{"rendered":"Termes et conditions"},"content":{"rendered":"<p>Le propri\u00e9taire de la boutique en ligne RADIS.EE (ci-apr\u00e8s d\u00e9nomm\u00e9e boutique en ligne) est Radis O\u00dc (code de registre 12019984), situ\u00e9 \u00e0 Vaalu 10 Tallinn 13522 Estonie.<\/p>\n<h2>Validit\u00e9 du contrat de vente, informations sur les produits et les prix<\/h2>\n<p>Les conditions de vente s&rsquo;appliquent aux achats de biens sur la boutique en ligne. Les prix des produits vendus dans la boutique en ligne sont indiqu\u00e9s \u00e0 c\u00f4t\u00e9 des produits et sont en euros, TVA comprise. Les frais d&rsquo;exp\u00e9dition d\u00e9pendent de la localisation de l&rsquo;acheteur et du mode d&rsquo;exp\u00e9dition. Les frais de port sont affich\u00e9s lors de la passation de la commande par l&rsquo;acheteur. Les informations sur le produit sont fournies imm\u00e9diatement \u00e0 c\u00f4t\u00e9 du produit dans la boutique en ligne.<\/p>\n<h2>Passer une commande<\/h2>\n<p>Ajoutez les produits souhait\u00e9s \u00e0 votre panier pour les commander. Remplissez tous les champs obligatoires et choisissez la m\u00e9thode d&rsquo;exp\u00e9dition la plus appropri\u00e9e pour terminer la commande. Le co\u00fbt total est alors affich\u00e9 \u00e0 l&rsquo;\u00e9cran. Cela peut \u00eatre pay\u00e9 par virement bancaire en ligne ou en utilisant un autre mode de paiement &#8211; cartes de cr\u00e9dit ou Paypal. Les m\u00e9thodes de paiement sont fournies par Maksekeskus AS. Le contrat entre en vigueur lorsque le montant \u00e0 payer est vir\u00e9 sur le compte bancaire de la boutique en ligne. Si nous ne pouvons pas livrer les marchandises command\u00e9es en raison d&rsquo;une rupture de stock ou pour toute autre raison, l&rsquo;acheteur en sera inform\u00e9 dans les plus brefs d\u00e9lais et l&rsquo;argent pay\u00e9 (y compris les frais d&rsquo;exp\u00e9dition) sera rembours\u00e9 dans les plus brefs d\u00e9lais, mais au plus tard dans les 14 jours suivant recevoir la notification.<\/p>\n<h2>Exp\u00e9dition<\/h2>\n<p>Les marchandises sont exp\u00e9di\u00e9es vers tous les pays europ\u00e9ens avec Dachser. Le vendeur supporte les frais d&rsquo;exp\u00e9dition et les informations de prix respectives sont affich\u00e9es \u00e0 c\u00f4t\u00e9 du mode d&rsquo;exp\u00e9dition. Tous les envois arrivent g\u00e9n\u00e9ralement \u00e0 la destination indiqu\u00e9e par l&rsquo;acheteur sous 4 semaines. Le transporteur vous appelle toujours avant de convenir de l&rsquo;heure d&rsquo;exp\u00e9dition.<\/p>\n<p>Les meubles Radis sont livr\u00e9s dans des bo\u00eetes plates par la soci\u00e9t\u00e9 de livraison de confiance Dachser, directement \u00e0 votre porte d&rsquo;entr\u00e9e.<\/p>\n<h2>Droit d&rsquo;annulation<\/h2>\n<p>Vous avez le droit d&rsquo;annuler ce contrat dans les 14 jours sans donner aucune raison. Le d\u00e9lai de r\u00e9tractation expirera au bout de 14 jours \u00e0 compter du jour o\u00f9 vous acqu\u00e9rez, ou un tiers autre que le transporteur et indiqu\u00e9 par vous acquiert, la possession physique du dernier bien.<\/p>\n<p>Pour exercer le droit de r\u00e9tractation, vous devez nous informer Radis O\u00dc (code de registre 12019984), situ\u00e9 \u00e0 Vaalu 10, Tallinn, 13522, Estonie, info@radis.ee, +372 5558 5656, de votre d\u00e9cision d&rsquo;annuler ce contrat par un une d\u00e9claration claire (par exemple une lettre envoy\u00e9e par courrier, fax ou e-mail). Vous pouvez utiliser le mod\u00e8le de formulaire d&rsquo;annulation ci-joint, mais ce n&rsquo;est pas obligatoire.<\/p>\n<p>Pour respecter le d\u00e9lai de r\u00e9tractation, il vous suffit d&rsquo;envoyer votre communication concernant votre exercice du droit de r\u00e9tractation avant l&rsquo;expiration du d\u00e9lai de r\u00e9tractation.<\/p>\n<h2>Effets de l&rsquo;annulation<\/h2>\n<p>Si vous r\u00e9siliez ce contrat, nous vous rembourserons tous les paiements re\u00e7us de votre part, y compris les frais de livraison (\u00e0 l&rsquo;exception des frais suppl\u00e9mentaires occasionn\u00e9s si vous avez choisi un type de livraison autre que la livraison autre que le type de livraison standard le moins cher propos\u00e9 par nous), sans retard injustifi\u00e9 et en tout \u00e9tat de cause au plus tard 14 jours \u00e0 compter du jour o\u00f9 nous sommes inform\u00e9s de votre d\u00e9cision de r\u00e9silier le pr\u00e9sent contrat. Nous effectuerons le remboursement en utilisant le m\u00eame moyen de paiement que celui que vous avez utilis\u00e9 pour la transaction initiale, sauf si vous en avez express\u00e9ment convenu autrement; en tout \u00e9tat de cause, vous n&rsquo;aurez aucun frais \u00e0 payer \u00e0 la suite d&rsquo;un tel remboursement. Nous pouvons suspendre le remboursement jusqu&rsquo;\u00e0 ce que nous ayons re\u00e7u la marchandise ou que vous ayez fourni une preuve de renvoi de la marchandise, selon la premi\u00e8re \u00e9ventualit\u00e9.<\/p>\n<p>Vous devez renvoyer les marchandises ou nous les remettre, sans retard injustifi\u00e9 et en tout \u00e9tat de cause au plus tard 14 jours \u00e0 compter du jour o\u00f9 vous nous communiquez votre r\u00e9tractation du pr\u00e9sent contrat. Le d\u00e9lai est respect\u00e9 si vous renvoyez la marchandise avant l&rsquo;expiration du d\u00e9lai de 14 jours. Vous devrez supporter les frais directs de retour des marchandises. Vous n&rsquo;\u00eates responsable que de toute diminution de la valeur des marchandises r\u00e9sultant de la manutention autre que ce qui est n\u00e9cessaire pour \u00e9tablir la nature, les caract\u00e9ristiques et le fonctionnement des marchandises.<\/p>\n<p>Le droit de r\u00e9tractation n&rsquo;existe pas pour les contrats suivants:<\/p>\n<ul>\n<li>Contrats de fourniture de biens fabriqu\u00e9s selon les sp\u00e9cifications du consommateur ou clairement personnalis\u00e9s.<\/li>\n<\/ul>\n<h2>Produits d\u00e9fectueux<\/h2>\n<p>La boutique en ligne est responsable de la non-conformit\u00e9 des marchandises vendues \u00e0 un acheteur avec les termes et conditions du contrat ou des d\u00e9fauts qui existaient d\u00e9j\u00e0 au moment de la livraison et qui surviennent dans les deux ans suivant la livraison des marchandises \u00e0 l&rsquo;acheteur. Dans les six premiers mois suivant la livraison, il est suppos\u00e9 que le d\u00e9faut \u00e9tait pr\u00e9sent au moment de la livraison. Il est de la responsabilit\u00e9 de la boutique en ligne de prouver le contraire. L&rsquo;acheteur a le droit de se tourner vers la boutique en ligne dans les deux mois suivant l&rsquo;apparition d&rsquo;un d\u00e9faut en envoyant un e-mail \u00e0 info@radis.ee ou en appelant le +37255585656.<\/p>\n<p>La boutique en ligne n&rsquo;est pas responsable des d\u00e9fauts survenant apr\u00e8s la livraison des marchandises \u00e0 l&rsquo;acheteur. Si les produits achet\u00e9s dans la boutique en ligne pr\u00e9sentent des d\u00e9fauts dont la boutique en ligne est responsable, la boutique en ligne r\u00e9parera ou remplacera les produits d\u00e9fectueux. Si la marchandise ne peut \u00eatre r\u00e9par\u00e9e ou remplac\u00e9e, la boutique en ligne restituera \u00e0 l&rsquo;acheteur tous les paiements impliqu\u00e9s dans le contrat de vente. La boutique en ligne r\u00e9pondra \u00e0 la plainte du consommateur par \u00e9crit ou sous une forme permettant une reproduction \u00e9crite dans un d\u00e9lai de 15 jours.<\/p>\n<h2>R\u00e8glement des diff\u00e9rends<\/h2>\n<p>Toutes les r\u00e9clamations formul\u00e9es par un acheteur au sujet de la boutique en ligne doivent \u00eatre envoy\u00e9es par e-mail \u00e0 info@radis.ee ou soumises en appelant le +37255585656.<\/p>\n<p>Si l&rsquo;acheteur et la boutique en ligne ne sont pas en mesure de r\u00e9gler le litige d&rsquo;un commun accord, l&rsquo;acheteur peut contacter le Comit\u00e9 des litiges de consommation. Vous pouvez consulter les r\u00e8gles de proc\u00e9dure et d\u00e9poser une plainte ici. Le Comit\u00e9 des litiges de consommation est comp\u00e9tent pour r\u00e9soudre les litiges d\u00e9coulant d&rsquo;un contrat entre un acheteur et la boutique en ligne. La r\u00e9solution des litiges par le Comit\u00e9 des litiges de consommation est gratuite pour l&rsquo;acheteur. Un acheteur peut \u00e9galement s&rsquo;adresser aux instances de r\u00e8glement des litiges de l&rsquo;Union europ\u00e9enne.<\/p>\n","protected":false},"excerpt":{"rendered":"<p>Le propri\u00e9taire de la boutique en ligne RADIS.EE (ci-apr\u00e8s d\u00e9nomm\u00e9e boutique en ligne) est Radis O\u00dc (code de registre 12019984), situ\u00e9 \u00e0 Vaalu 10 Tallinn 13522 Estonie. Validit\u00e9 du contrat de vente, informations sur les produits et les prix Les conditions de vente s&rsquo;appliquent aux achats de biens sur la boutique en ligne. Les prix&#8230;<\/p>\n","protected":false},"author":1,"featured_media":0,"parent":0,"menu_order":0,"comment_status":"closed","ping_status":"closed","template":"","meta":{"_acf_changed":false,"footnotes":""},"class_list":["post-8451","page","type-page","status-publish","hentry"],"acf":[],"yoast_head":"<!-- This site is optimized with the Yoast SEO plugin v27.3 - https:\/\/yoast.com\/product\/yoast-seo-wordpress\/ -->\n<title>Termes et conditions - Radis<\/title>\n<meta name=\"robots\" content=\"index, follow, max-snippet:-1, max-image-preview:large, max-video-preview:-1\" \/>\n<link rel=\"canonical\" href=\"https:\/\/radis.ee\/fr\/termes-et-conditions\/\" \/>\n<meta property=\"og:locale\" content=\"fr_FR\" \/>\n<meta property=\"og:type\" content=\"article\" \/>\n<meta property=\"og:title\" content=\"Termes et conditions - Radis\" \/>\n<meta property=\"og:description\" content=\"Le propri\u00e9taire de la boutique en ligne RADIS.EE (ci-apr\u00e8s d\u00e9nomm\u00e9e boutique en ligne) est Radis O\u00dc (code de registre 12019984), situ\u00e9 \u00e0 Vaalu 10 Tallinn 13522 Estonie. Validit\u00e9 du contrat de vente, informations sur les produits et les prix Les conditions de vente s&rsquo;appliquent aux achats de biens sur la boutique en ligne. Les prix...\" \/>\n<meta property=\"og:url\" content=\"https:\/\/radis.ee\/fr\/termes-et-conditions\/\" \/>\n<meta property=\"og:site_name\" content=\"Radis\" \/>\n<meta property=\"article:publisher\" content=\"https:\/\/www.facebook.com\/radisfurniture\/\" \/>\n<meta name=\"twitter:card\" content=\"summary_large_image\" \/>\n<meta name=\"twitter:label1\" content=\"Dur\u00e9e de lecture estim\u00e9e\" \/>\n\t<meta name=\"twitter:data1\" content=\"6 minutes\" \/>\n<script type=\"application\/ld+json\" class=\"yoast-schema-graph\">{\"@context\":\"https:\\\/\\\/schema.org\",\"@graph\":[{\"@type\":\"WebPage\",\"@id\":\"https:\\\/\\\/radis.ee\\\/fr\\\/termes-et-conditions\\\/\",\"url\":\"https:\\\/\\\/radis.ee\\\/fr\\\/termes-et-conditions\\\/\",\"name\":\"Termes et conditions - Radis\",\"isPartOf\":{\"@id\":\"https:\\\/\\\/radis.ee\\\/#website\"},\"datePublished\":\"2021-01-06T23:21:14+00:00\",\"breadcrumb\":{\"@id\":\"https:\\\/\\\/radis.ee\\\/fr\\\/termes-et-conditions\\\/#breadcrumb\"},\"inLanguage\":\"fr-FR\",\"potentialAction\":[{\"@type\":\"ReadAction\",\"target\":[\"https:\\\/\\\/radis.ee\\\/fr\\\/termes-et-conditions\\\/\"]}]},{\"@type\":\"BreadcrumbList\",\"@id\":\"https:\\\/\\\/radis.ee\\\/fr\\\/termes-et-conditions\\\/#breadcrumb\",\"itemListElement\":[{\"@type\":\"ListItem\",\"position\":1,\"name\":\"Home\",\"item\":\"https:\\\/\\\/radis.ee\\\/\"},{\"@type\":\"ListItem\",\"position\":2,\"name\":\"Termes et conditions\"}]},{\"@type\":\"WebSite\",\"@id\":\"https:\\\/\\\/radis.ee\\\/#website\",\"url\":\"https:\\\/\\\/radis.ee\\\/\",\"name\":\"Radis\",\"description\":\"Nordic design furniture, environmentally friendly and sustainable.\",\"publisher\":{\"@id\":\"https:\\\/\\\/radis.ee\\\/#organization\"},\"potentialAction\":[{\"@type\":\"SearchAction\",\"target\":{\"@type\":\"EntryPoint\",\"urlTemplate\":\"https:\\\/\\\/radis.ee\\\/?s={search_term_string}\"},\"query-input\":{\"@type\":\"PropertyValueSpecification\",\"valueRequired\":true,\"valueName\":\"search_term_string\"}}],\"inLanguage\":\"fr-FR\"},{\"@type\":\"Organization\",\"@id\":\"https:\\\/\\\/radis.ee\\\/#organization\",\"name\":\"Radis O\u00dc\",\"url\":\"https:\\\/\\\/radis.ee\\\/\",\"logo\":{\"@type\":\"ImageObject\",\"inLanguage\":\"fr-FR\",\"@id\":\"https:\\\/\\\/radis.ee\\\/#\\\/schema\\\/logo\\\/image\\\/\",\"url\":\"https:\\\/\\\/radis.ee\\\/wp-content\\\/uploads\\\/2020\\\/10\\\/Radis-logo.png\",\"contentUrl\":\"https:\\\/\\\/radis.ee\\\/wp-content\\\/uploads\\\/2020\\\/10\\\/Radis-logo.png\",\"width\":300,\"height\":63,\"caption\":\"Radis O\u00dc\"},\"image\":{\"@id\":\"https:\\\/\\\/radis.ee\\\/#\\\/schema\\\/logo\\\/image\\\/\"},\"sameAs\":[\"https:\\\/\\\/www.facebook.com\\\/radisfurniture\\\/\"]}]}<\/script>\n<!-- \/ Yoast SEO plugin. -->","yoast_head_json":{"title":"Termes et conditions - Radis","robots":{"index":"index","follow":"follow","max-snippet":"max-snippet:-1","max-image-preview":"max-image-preview:large","max-video-preview":"max-video-preview:-1"},"canonical":"https:\/\/radis.ee\/fr\/termes-et-conditions\/","og_locale":"fr_FR","og_type":"article","og_title":"Termes et conditions - Radis","og_description":"Le propri\u00e9taire de la boutique en ligne RADIS.EE (ci-apr\u00e8s d\u00e9nomm\u00e9e boutique en ligne) est Radis O\u00dc (code de registre 12019984), situ\u00e9 \u00e0 Vaalu 10 Tallinn 13522 Estonie. Validit\u00e9 du contrat de vente, informations sur les produits et les prix Les conditions de vente s&rsquo;appliquent aux achats de biens sur la boutique en ligne. Les prix...","og_url":"https:\/\/radis.ee\/fr\/termes-et-conditions\/","og_site_name":"Radis","article_publisher":"https:\/\/www.facebook.com\/radisfurniture\/","twitter_card":"summary_large_image","twitter_misc":{"Dur\u00e9e de lecture estim\u00e9e":"6 minutes"},"schema":{"@context":"https:\/\/schema.org","@graph":[{"@type":"WebPage","@id":"https:\/\/radis.ee\/fr\/termes-et-conditions\/","url":"https:\/\/radis.ee\/fr\/termes-et-conditions\/","name":"Termes et conditions - Radis","isPartOf":{"@id":"https:\/\/radis.ee\/#website"},"datePublished":"2021-01-06T23:21:14+00:00","breadcrumb":{"@id":"https:\/\/radis.ee\/fr\/termes-et-conditions\/#breadcrumb"},"inLanguage":"fr-FR","potentialAction":[{"@type":"ReadAction","target":["https:\/\/radis.ee\/fr\/termes-et-conditions\/"]}]},{"@type":"BreadcrumbList","@id":"https:\/\/radis.ee\/fr\/termes-et-conditions\/#breadcrumb","itemListElement":[{"@type":"ListItem","position":1,"name":"Home","item":"https:\/\/radis.ee\/"},{"@type":"ListItem","position":2,"name":"Termes et conditions"}]},{"@type":"WebSite","@id":"https:\/\/radis.ee\/#website","url":"https:\/\/radis.ee\/","name":"Radis","description":"Nordic design furniture, environmentally friendly and sustainable.","publisher":{"@id":"https:\/\/radis.ee\/#organization"},"potentialAction":[{"@type":"SearchAction","target":{"@type":"EntryPoint","urlTemplate":"https:\/\/radis.ee\/?s={search_term_string}"},"query-input":{"@type":"PropertyValueSpecification","valueRequired":true,"valueName":"search_term_string"}}],"inLanguage":"fr-FR"},{"@type":"Organization","@id":"https:\/\/radis.ee\/#organization","name":"Radis O\u00dc","url":"https:\/\/radis.ee\/","logo":{"@type":"ImageObject","inLanguage":"fr-FR","@id":"https:\/\/radis.ee\/#\/schema\/logo\/image\/","url":"https:\/\/radis.ee\/wp-content\/uploads\/2020\/10\/Radis-logo.png","contentUrl":"https:\/\/radis.ee\/wp-content\/uploads\/2020\/10\/Radis-logo.png","width":300,"height":63,"caption":"Radis O\u00dc"},"image":{"@id":"https:\/\/radis.ee\/#\/schema\/logo\/image\/"},"sameAs":["https:\/\/www.facebook.com\/radisfurniture\/"]}]}},"_links":{"self":[{"href":"https:\/\/radis.ee\/fr\/wp-json\/wp\/v2\/pages\/8451","targetHints":{"allow":["GET"]}}],"collection":[{"href":"https:\/\/radis.ee\/fr\/wp-json\/wp\/v2\/pages"}],"about":[{"href":"https:\/\/radis.ee\/fr\/wp-json\/wp\/v2\/types\/page"}],"author":[{"embeddable":true,"href":"https:\/\/radis.ee\/fr\/wp-json\/wp\/v2\/users\/1"}],"replies":[{"embeddable":true,"href":"https:\/\/radis.ee\/fr\/wp-json\/wp\/v2\/comments?post=8451"}],"version-history":[{"count":0,"href":"https:\/\/radis.ee\/fr\/wp-json\/wp\/v2\/pages\/8451\/revisions"}],"wp:attachment":[{"href":"https:\/\/radis.ee\/fr\/wp-json\/wp\/v2\/media?parent=8451"}],"curies":[{"name":"wp","href":"https:\/\/api.w.org\/{rel}","templated":true}]}}