{"id":8551,"date":"2021-01-07T18:19:40","date_gmt":"2021-01-07T16:19:40","guid":{"rendered":"https:\/\/radis.ee\/questions-frequemment-posees\/"},"modified":"2021-01-07T18:19:40","modified_gmt":"2021-01-07T16:19:40","slug":"questions-frequemment-posees","status":"publish","type":"page","link":"https:\/\/radis.ee\/fr\/questions-frequemment-posees\/","title":{"rendered":"Questions fr\u00e9quemment pos\u00e9es"},"content":{"rendered":"<section class=\"l-section wpb_row us_custom_6494a965 height_medium\"><div class=\"l-section-h i-cf\"><div class=\"g-cols vc_row via_flex valign_top type_default stacking_default\"><div class=\"vc_col-sm-12 wpb_column vc_column_container\"><div class=\"vc_column-inner\"><div class=\"wpb_wrapper\"><div class=\"w-tabs style_default switch_click accordion remove_indents\" style=\"--sections-title-size:inherit\"><div class=\"w-tabs-sections titles-align_none icon_plus cpos_right\"><div class=\"w-tabs-section active\" id=\"d0ef\"><button class=\"w-tabs-section-header active\" aria-controls=\"content-d0ef\" aria-expanded=\"true\"><h3 class=\"w-tabs-section-title\">Quel est le mat\u00e9riel que nous utilisons?<\/h3><div class=\"w-tabs-section-control\"><\/div><\/button><div  class=\"w-tabs-section-content\" id=\"content-d0ef\"><div class=\"w-tabs-section-content-h i-cf\"><div class=\"wpb_text_column\"><div class=\"wpb_wrapper\"><p>Nous obtenons du bois, des composants pr\u00e9fabriqu\u00e9s et d&rsquo;autres mat\u00e9riaux aupr\u00e8s de partenaires que nous connaissons et en qui nous avons confiance. Cela garantit que tout ce que nous mettons dans nos meubles r\u00e9pond \u00e0 nos normes de beaut\u00e9 et de performance et respecte \u00e0 la fois les personnes qui les ont fabriqu\u00e9s et l&rsquo;environnement qui les a cr\u00e9\u00e9s.<\/p>\n<p>Tous les meubles Radis sont fabriqu\u00e9s \u00e0 partir de contreplaqu\u00e9 de bouleau naturel, \u00e9galement plaqu\u00e9 ch\u00eane, fini avec de la cire \u00e0 l&rsquo;huile. Nous utilisons \u00e9galement du contreplaqu\u00e9 rev\u00eatu de HPL (stratifi\u00e9 haute pression). Tout le contreplaqu\u00e9 que nous utilisons est CARB2 (sans formald\u00e9hyde), certifi\u00e9 FSC et provient de partenaires de confiance de Finlande, Belgique et Estonie.<\/p>\n<p>En fabriquant nos meubles en utilisant uniquement des mati\u00e8res premi\u00e8res durables, nous r\u00e9duisons et limitons l&rsquo;impact environnemental de l&rsquo;ensemble de la cha\u00eene d&rsquo;approvisionnement.<\/p>\n<\/div><\/div><\/div><\/div><\/div><div class=\"w-tabs-section\" id=\"m188\"><button class=\"w-tabs-section-header\" aria-controls=\"content-m188\" aria-expanded=\"false\"><h3 class=\"w-tabs-section-title\">Quelles huiles de cires utilisons-nous?<\/h3><div class=\"w-tabs-section-control\"><\/div><\/button><div  class=\"w-tabs-section-content\" id=\"content-m188\"><div class=\"w-tabs-section-content-h i-cf\"><div class=\"wpb_text_column\"><div class=\"wpb_wrapper\"><p>Nous utilisons des cires toniques allemandes Osmo et UK Treatex, qui sont produites selon des m\u00e9thodes de production de pointe. Ils assurent la meilleure protection possible de vos meubles, sont respectueux de l&rsquo;environnement et adapt\u00e9s \u00e0 toutes les surfaces int\u00e9rieures en bois. La cire est fabriqu\u00e9e \u00e0 partir d&rsquo;ingr\u00e9dients naturels, ce qui permet au bois de respirer et de conserver sa beaut\u00e9 naturelle. Les surfaces trait\u00e9es avec de la cire \u00e0 l&rsquo;huile sont tr\u00e8s solides et durables tout en repoussant l&rsquo;eau et la salet\u00e9. La cire se compose d&rsquo;huiles v\u00e9g\u00e9tales naturelles et de cires comme le jojoba, l&rsquo;huile de lin et de tournesol, la cire d&rsquo;abeille, la candelilla et la cire de carnauba. Il ne contient ni biocides ni conservateurs, ce qui signifie qu&rsquo;il est physiologiquement s\u00fbr et peut m\u00eame \u00eatre utilis\u00e9 pour traiter les jouets.<\/p>\n<\/div><\/div><\/div><\/div><\/div><div class=\"w-tabs-section\" id=\"w202\"><button class=\"w-tabs-section-header\" aria-controls=\"content-w202\" aria-expanded=\"false\"><h3 class=\"w-tabs-section-title\">O\u00f9 sont fabriqu\u00e9s les meubles Radis?<\/h3><div class=\"w-tabs-section-control\"><\/div><\/button><div  class=\"w-tabs-section-content\" id=\"content-w202\"><div class=\"w-tabs-section-content-h i-cf\"><div class=\"wpb_text_column\"><div class=\"wpb_wrapper\"><p>Tous nos produits sont fabriqu\u00e9s dans notre usine de Tallinn, Estonie, Europe du Nord.<\/p>\n<\/div><\/div><\/div><\/div><\/div><div class=\"w-tabs-section\" id=\"q277\"><button class=\"w-tabs-section-header\" aria-controls=\"content-q277\" aria-expanded=\"false\"><h3 class=\"w-tabs-section-title\">Comment entretenir vos meubles?<\/h3><div class=\"w-tabs-section-control\"><\/div><\/button><div  class=\"w-tabs-section-content\" id=\"content-q277\"><div class=\"w-tabs-section-content-h i-cf\"><div class=\"wpb_text_column\"><div class=\"wpb_wrapper\"><p>Bien que la surface supporte les taches de vin, bi\u00e8re, cola, caf\u00e9, th\u00e9, jus, lait et autres liquides, celles-ci peuvent \u00eatre \u00e9limin\u00e9es sans aucune trace. Si un rajeunissement de la surface est n\u00e9cessaire, il peut facilement \u00eatre fait en nettoyant et en retra\u00e7ant la surface avec de la cire \u00e0 l&rsquo;huile. Le placage de bois ne doit \u00eatre nettoy\u00e9 qu&rsquo;avec un chiffon humide dans le sens du grain et s\u00e9ch\u00e9 imm\u00e9diatement apr\u00e8s avec un chiffon non pelucheux. Les liquides renvers\u00e9s doivent \u00eatre rapidement \u00e9limin\u00e9s pour \u00e9viter les taches. N&rsquo;utilisez pas de cirage pour meubles. Et ne placez pas d&rsquo;objets chauds sur les meubles, car cela pourrait entra\u00eener une d\u00e9coloration.<\/p>\n<\/div><\/div><\/div><\/div><\/div><div class=\"w-tabs-section\" id=\"o2ef\"><button class=\"w-tabs-section-header\" aria-controls=\"content-o2ef\" aria-expanded=\"false\"><h3 class=\"w-tabs-section-title\">Comment assembler les meubles?<\/h3><div class=\"w-tabs-section-control\"><\/div><\/button><div  class=\"w-tabs-section-content\" id=\"content-o2ef\"><div class=\"w-tabs-section-content-h i-cf\"><div class=\"wpb_text_column\"><div class=\"wpb_wrapper\"><p>Les instructions de montage sont jointes \u00e0 chaque produit. L&rsquo;assemblage lui-m\u00eame est tr\u00e8s facile et vous avez juste besoin d&rsquo;un tournevis cruciforme. Si vous devez ult\u00e9rieurement d\u00e9monter votre meuble, il vous suffit d&rsquo;ex\u00e9cuter les instructions de montage \u00e0 l&rsquo;envers.<\/p>\n<\/div><\/div><\/div><\/div><\/div><div class=\"w-tabs-section\" id=\"r354\"><button class=\"w-tabs-section-header\" aria-controls=\"content-r354\" aria-expanded=\"false\"><h3 class=\"w-tabs-section-title\">Devez-vous fixer vos meubles au mur?<\/h3><div class=\"w-tabs-section-control\"><\/div><\/button><div  class=\"w-tabs-section-content\" id=\"content-r354\"><div class=\"w-tabs-section-content-h i-cf\"><div class=\"wpb_text_column\"><div class=\"wpb_wrapper\"><p>Oui, nous vous recommandons de fixer un meuble \u00e0 un mur s&rsquo;il mesure plus de 100 cm. Nous vous fournissons la bonne quantit\u00e9 de supports muraux avec des vis pour meubles.<\/p>\n<\/div><\/div><\/div><\/div><\/div><div class=\"w-tabs-section\" id=\"i3b8\"><button class=\"w-tabs-section-header\" aria-controls=\"content-i3b8\" aria-expanded=\"false\"><h3 class=\"w-tabs-section-title\">Qui con\u00e7oit les meubles Radis?<\/h3><div class=\"w-tabs-section-control\"><\/div><\/button><div  class=\"w-tabs-section-content\" id=\"content-i3b8\"><div class=\"w-tabs-section-content-h i-cf\"><div class=\"wpb_text_column\"><div class=\"wpb_wrapper\"><p>La plupart des meubles sont con\u00e7us par notre \u00e9quipe interne dirig\u00e9e par Raul Abner. Cependant, nous travaillons \u00e9galement avec d&rsquo;autres designers qui aiment les mat\u00e9riaux naturels et les meubles minimalistes.<\/p>\n<\/div><\/div><\/div><\/div><\/div><div class=\"w-tabs-section\" id=\"t41a\"><button class=\"w-tabs-section-header\" aria-controls=\"content-t41a\" aria-expanded=\"false\"><h3 class=\"w-tabs-section-title\">Radis publiera-t-il de nouveaux produits?<\/h3><div class=\"w-tabs-section-control\"><\/div><\/button><div  class=\"w-tabs-section-content\" id=\"content-t41a\"><div class=\"w-tabs-section-content-h i-cf\"><div class=\"wpb_text_column\"><div class=\"wpb_wrapper\"><p>S\u00fbr! Nous travaillons constamment sur de nouvelles id\u00e9es et conceptions. Inscrivez-vous \u00e0 notre newsletter pour en entendre parler avant tout le monde!<\/p>\n<\/div><\/div><\/div><\/div><\/div><div class=\"w-tabs-section\" id=\"c478\"><button class=\"w-tabs-section-header\" aria-controls=\"content-c478\" aria-expanded=\"false\"><h3 class=\"w-tabs-section-title\">Quelles options de paiement sont disponibles?<\/h3><div class=\"w-tabs-section-control\"><\/div><\/button><div  class=\"w-tabs-section-content\" id=\"content-c478\"><div class=\"w-tabs-section-content-h i-cf\"><div class=\"wpb_text_column\"><div class=\"wpb_wrapper\"><p>Nous acceptons tous les paiements s\u00e9curis\u00e9s avec PayPal, Klarna, MasterCard et Visa, ainsi que les virements bancaires.<\/p>\n<\/div><\/div><\/div><\/div><\/div><div class=\"w-tabs-section\" id=\"d4d8\"><button class=\"w-tabs-section-header\" aria-controls=\"content-d4d8\" aria-expanded=\"false\"><h3 class=\"w-tabs-section-title\">Les meubles Radis sont-ils garantis?<\/h3><div class=\"w-tabs-section-control\"><\/div><\/button><div  class=\"w-tabs-section-content\" id=\"content-d4d8\"><div class=\"w-tabs-section-content-h i-cf\"><div class=\"wpb_text_column\"><div class=\"wpb_wrapper\"><p>Nous fabriquons chaque meuble avec des mat\u00e9riaux de qualit\u00e9 qui r\u00e9sistent \u00e0 une utilisation quotidienne difficile. En plus de cela, nous offrons une solide garantie de 2 ans. Pour plus de d\u00e9tails, veuillez lire nos conditions d&rsquo;utilisation.<\/p>\n<\/div><\/div><\/div><\/div><\/div><div class=\"w-tabs-section\" id=\"z537\"><button class=\"w-tabs-section-header\" aria-controls=\"content-z537\" aria-expanded=\"false\"><h3 class=\"w-tabs-section-title\">Pouvez-vous retourner votre produit?<\/h3><div class=\"w-tabs-section-control\"><\/div><\/button><div  class=\"w-tabs-section-content\" id=\"content-z537\"><div class=\"w-tabs-section-content-h i-cf\"><div class=\"wpb_text_column\"><div class=\"wpb_wrapper\"><p>Pour plus de d\u00e9tails, veuillez lire nos conditions d&rsquo;utilisation.<\/p>\n<\/div><\/div><\/div><\/div><\/div><div class=\"w-tabs-section\" id=\"i599\"><button class=\"w-tabs-section-header\" aria-controls=\"content-i599\" aria-expanded=\"false\"><h3 class=\"w-tabs-section-title\">Que faire si vos meubles arrivent endommag\u00e9s?<\/h3><div class=\"w-tabs-section-control\"><\/div><\/button><div  class=\"w-tabs-section-content\" id=\"content-i599\"><div class=\"w-tabs-section-content-h i-cf\"><div class=\"wpb_text_column\"><div class=\"wpb_wrapper\"><p>Nous utilisons des emballages bien prot\u00e9g\u00e9s et les colis lourds sont sur de petites palettes pour \u00e9viter tout dommage. Notre partenaire d&rsquo;exp\u00e9dition Dachser est \u00e9galement un partenaire de confiance pour nous. Cependant, chaque fois que vous recevez un envoi de notre part, veuillez v\u00e9rifier le colis avant de signer le courrier. Si vous constatez des dommages, veuillez nous contacter pour soumettre une r\u00e9clamation. Nous aurons besoin d&rsquo;une photo du meuble endommag\u00e9. Nous travaillons dur pour vous envoyer un nouveau meuble le plus rapidement possible, g\u00e9n\u00e9ralement en une semaine.<\/p>\n<\/div><\/div><\/div><\/div><\/div><div class=\"w-tabs-section\" id=\"r5f8\"><button class=\"w-tabs-section-header\" aria-controls=\"content-r5f8\" aria-expanded=\"false\"><h3 class=\"w-tabs-section-title\">Quel est le montant des frais d&apos;exp\u00e9dition?<\/h3><div class=\"w-tabs-section-control\"><\/div><\/button><div  class=\"w-tabs-section-content\" id=\"content-r5f8\"><div class=\"w-tabs-section-content-h i-cf\"><div class=\"wpb_text_column\"><div class=\"wpb_wrapper\"><p>En Europe, la livraison est absolument gratuite. Si vous \u00eates dans un autre pays, veuillez contacter le service client pour obtenir une estimation d&rsquo;exp\u00e9dition.<\/p>\n<\/div><\/div><\/div><\/div><\/div><div class=\"w-tabs-section\" id=\"g656\"><button class=\"w-tabs-section-header\" aria-controls=\"content-g656\" aria-expanded=\"false\"><h3 class=\"w-tabs-section-title\">Comment les meubles Radis sont-ils livr\u00e9s?<\/h3><div class=\"w-tabs-section-control\"><\/div><\/button><div  class=\"w-tabs-section-content\" id=\"content-g656\"><div class=\"w-tabs-section-content-h i-cf\"><div class=\"wpb_text_column\"><div class=\"wpb_wrapper\"><p>Les meubles Radis sont livr\u00e9s dans des bo\u00eetes plates par la soci\u00e9t\u00e9 de livraison de confiance Dachser, directement \u00e0 votre porte d&rsquo;entr\u00e9e.<\/p>\n<\/div><\/div><\/div><\/div><\/div><\/div><\/div>\n<\/div><\/div><\/div><\/div><\/div><\/section>\n","protected":false},"excerpt":{"rendered":"Quel est le mat\u00e9riel que nous utilisons?Nous obtenons du bois, des composants pr\u00e9fabriqu\u00e9s et d&rsquo;autres mat\u00e9riaux aupr\u00e8s de partenaires que nous connaissons et en qui nous avons confiance. Cela garantit que tout ce que nous mettons dans nos meubles r\u00e9pond \u00e0 nos normes de beaut\u00e9 et de performance et respecte \u00e0 la fois les personnes...","protected":false},"author":1,"featured_media":0,"parent":0,"menu_order":0,"comment_status":"closed","ping_status":"closed","template":"","meta":{"_acf_changed":false,"footnotes":""},"class_list":["post-8551","page","type-page","status-publish","hentry"],"acf":[],"yoast_head":"<!-- This site is optimized with the Yoast SEO plugin v27.4 - https:\/\/yoast.com\/product\/yoast-seo-wordpress\/ -->\n<title>Questions fr\u00e9quemment pos\u00e9es - Radis<\/title>\n<meta name=\"robots\" content=\"index, follow, max-snippet:-1, max-image-preview:large, max-video-preview:-1\" \/>\n<link rel=\"canonical\" href=\"https:\/\/radis.ee\/fr\/questions-frequemment-posees\/\" \/>\n<meta property=\"og:locale\" content=\"fr_FR\" \/>\n<meta property=\"og:type\" content=\"article\" \/>\n<meta property=\"og:title\" content=\"Questions fr\u00e9quemment pos\u00e9es - Radis\" \/>\n<meta property=\"og:url\" content=\"https:\/\/radis.ee\/fr\/questions-frequemment-posees\/\" \/>\n<meta property=\"og:site_name\" content=\"Radis\" \/>\n<meta property=\"article:publisher\" content=\"https:\/\/www.facebook.com\/radisfurniture\/\" \/>\n<meta name=\"twitter:card\" content=\"summary_large_image\" \/>\n<script type=\"application\/ld+json\" class=\"yoast-schema-graph\">{\"@context\":\"https:\\\/\\\/schema.org\",\"@graph\":[{\"@type\":\"WebPage\",\"@id\":\"https:\\\/\\\/radis.ee\\\/fr\\\/questions-frequemment-posees\\\/\",\"url\":\"https:\\\/\\\/radis.ee\\\/fr\\\/questions-frequemment-posees\\\/\",\"name\":\"Questions fr\u00e9quemment pos\u00e9es - Radis\",\"isPartOf\":{\"@id\":\"https:\\\/\\\/radis.ee\\\/#website\"},\"datePublished\":\"2021-01-07T16:19:40+00:00\",\"breadcrumb\":{\"@id\":\"https:\\\/\\\/radis.ee\\\/fr\\\/questions-frequemment-posees\\\/#breadcrumb\"},\"inLanguage\":\"fr-FR\",\"potentialAction\":[{\"@type\":\"ReadAction\",\"target\":[\"https:\\\/\\\/radis.ee\\\/fr\\\/questions-frequemment-posees\\\/\"]}]},{\"@type\":\"BreadcrumbList\",\"@id\":\"https:\\\/\\\/radis.ee\\\/fr\\\/questions-frequemment-posees\\\/#breadcrumb\",\"itemListElement\":[{\"@type\":\"ListItem\",\"position\":1,\"name\":\"Home\",\"item\":\"https:\\\/\\\/radis.ee\\\/\"},{\"@type\":\"ListItem\",\"position\":2,\"name\":\"Questions fr\u00e9quemment pos\u00e9es\"}]},{\"@type\":\"WebSite\",\"@id\":\"https:\\\/\\\/radis.ee\\\/#website\",\"url\":\"https:\\\/\\\/radis.ee\\\/\",\"name\":\"Radis\",\"description\":\"Nordic design furniture, environmentally friendly and sustainable.\",\"publisher\":{\"@id\":\"https:\\\/\\\/radis.ee\\\/#organization\"},\"potentialAction\":[{\"@type\":\"SearchAction\",\"target\":{\"@type\":\"EntryPoint\",\"urlTemplate\":\"https:\\\/\\\/radis.ee\\\/?s={search_term_string}\"},\"query-input\":{\"@type\":\"PropertyValueSpecification\",\"valueRequired\":true,\"valueName\":\"search_term_string\"}}],\"inLanguage\":\"fr-FR\"},{\"@type\":\"Organization\",\"@id\":\"https:\\\/\\\/radis.ee\\\/#organization\",\"name\":\"Radis O\u00dc\",\"url\":\"https:\\\/\\\/radis.ee\\\/\",\"logo\":{\"@type\":\"ImageObject\",\"inLanguage\":\"fr-FR\",\"@id\":\"https:\\\/\\\/radis.ee\\\/#\\\/schema\\\/logo\\\/image\\\/\",\"url\":\"https:\\\/\\\/radis.ee\\\/wp-content\\\/uploads\\\/2020\\\/10\\\/Radis-logo.png\",\"contentUrl\":\"https:\\\/\\\/radis.ee\\\/wp-content\\\/uploads\\\/2020\\\/10\\\/Radis-logo.png\",\"width\":300,\"height\":63,\"caption\":\"Radis O\u00dc\"},\"image\":{\"@id\":\"https:\\\/\\\/radis.ee\\\/#\\\/schema\\\/logo\\\/image\\\/\"},\"sameAs\":[\"https:\\\/\\\/www.facebook.com\\\/radisfurniture\\\/\"]}]}<\/script>\n<!-- \/ Yoast SEO plugin. -->","yoast_head_json":{"title":"Questions fr\u00e9quemment pos\u00e9es - Radis","robots":{"index":"index","follow":"follow","max-snippet":"max-snippet:-1","max-image-preview":"max-image-preview:large","max-video-preview":"max-video-preview:-1"},"canonical":"https:\/\/radis.ee\/fr\/questions-frequemment-posees\/","og_locale":"fr_FR","og_type":"article","og_title":"Questions fr\u00e9quemment pos\u00e9es - Radis","og_url":"https:\/\/radis.ee\/fr\/questions-frequemment-posees\/","og_site_name":"Radis","article_publisher":"https:\/\/www.facebook.com\/radisfurniture\/","twitter_card":"summary_large_image","schema":{"@context":"https:\/\/schema.org","@graph":[{"@type":"WebPage","@id":"https:\/\/radis.ee\/fr\/questions-frequemment-posees\/","url":"https:\/\/radis.ee\/fr\/questions-frequemment-posees\/","name":"Questions fr\u00e9quemment pos\u00e9es - Radis","isPartOf":{"@id":"https:\/\/radis.ee\/#website"},"datePublished":"2021-01-07T16:19:40+00:00","breadcrumb":{"@id":"https:\/\/radis.ee\/fr\/questions-frequemment-posees\/#breadcrumb"},"inLanguage":"fr-FR","potentialAction":[{"@type":"ReadAction","target":["https:\/\/radis.ee\/fr\/questions-frequemment-posees\/"]}]},{"@type":"BreadcrumbList","@id":"https:\/\/radis.ee\/fr\/questions-frequemment-posees\/#breadcrumb","itemListElement":[{"@type":"ListItem","position":1,"name":"Home","item":"https:\/\/radis.ee\/"},{"@type":"ListItem","position":2,"name":"Questions fr\u00e9quemment pos\u00e9es"}]},{"@type":"WebSite","@id":"https:\/\/radis.ee\/#website","url":"https:\/\/radis.ee\/","name":"Radis","description":"Nordic design furniture, environmentally friendly and sustainable.","publisher":{"@id":"https:\/\/radis.ee\/#organization"},"potentialAction":[{"@type":"SearchAction","target":{"@type":"EntryPoint","urlTemplate":"https:\/\/radis.ee\/?s={search_term_string}"},"query-input":{"@type":"PropertyValueSpecification","valueRequired":true,"valueName":"search_term_string"}}],"inLanguage":"fr-FR"},{"@type":"Organization","@id":"https:\/\/radis.ee\/#organization","name":"Radis O\u00dc","url":"https:\/\/radis.ee\/","logo":{"@type":"ImageObject","inLanguage":"fr-FR","@id":"https:\/\/radis.ee\/#\/schema\/logo\/image\/","url":"https:\/\/radis.ee\/wp-content\/uploads\/2020\/10\/Radis-logo.png","contentUrl":"https:\/\/radis.ee\/wp-content\/uploads\/2020\/10\/Radis-logo.png","width":300,"height":63,"caption":"Radis O\u00dc"},"image":{"@id":"https:\/\/radis.ee\/#\/schema\/logo\/image\/"},"sameAs":["https:\/\/www.facebook.com\/radisfurniture\/"]}]}},"_links":{"self":[{"href":"https:\/\/radis.ee\/fr\/wp-json\/wp\/v2\/pages\/8551","targetHints":{"allow":["GET"]}}],"collection":[{"href":"https:\/\/radis.ee\/fr\/wp-json\/wp\/v2\/pages"}],"about":[{"href":"https:\/\/radis.ee\/fr\/wp-json\/wp\/v2\/types\/page"}],"author":[{"embeddable":true,"href":"https:\/\/radis.ee\/fr\/wp-json\/wp\/v2\/users\/1"}],"replies":[{"embeddable":true,"href":"https:\/\/radis.ee\/fr\/wp-json\/wp\/v2\/comments?post=8551"}],"version-history":[{"count":0,"href":"https:\/\/radis.ee\/fr\/wp-json\/wp\/v2\/pages\/8551\/revisions"}],"wp:attachment":[{"href":"https:\/\/radis.ee\/fr\/wp-json\/wp\/v2\/media?parent=8551"}],"curies":[{"name":"wp","href":"https:\/\/api.w.org\/{rel}","templated":true}]}}