{"id":8554,"date":"2021-01-07T18:24:33","date_gmt":"2021-01-07T16:24:33","guid":{"rendered":"https:\/\/radis.ee\/expedition-et-livraison\/"},"modified":"2021-01-07T18:24:33","modified_gmt":"2021-01-07T16:24:33","slug":"expedition-et-livraison","status":"publish","type":"page","link":"https:\/\/radis.ee\/fr\/expedition-et-livraison\/","title":{"rendered":"Exp\u00e9dition et livraison"},"content":{"rendered":"<h2>1. Combien co\u00fbte l&rsquo;exp\u00e9dition?<\/h2>\n<p>En Europe, la livraison est absolument gratuite. Si vous \u00eates dans un autre pays, veuillez contacter le service client pour obtenir une estimation d&rsquo;exp\u00e9dition.<\/p>\n<h2>2. Comment les meubles Radis sont-ils livr\u00e9s?<\/h2>\n<p>Les meubles Radis sont livr\u00e9s dans des bo\u00eetes plates par la soci\u00e9t\u00e9 de livraison de confiance Dachser, directement \u00e0 votre porte d&rsquo;entr\u00e9e.<\/p>\n<h2>3. Dans quels pays proposons-nous la livraison gratuite?<\/h2>\n<p>Nous offrons la livraison gratuite vers: Autriche, Belgique, Bulgarie, Croatie, R\u00e9publique tch\u00e8que, Danemark, Estonie, Finlande, France, Allemagne, Gr\u00e8ce, Hongrie, Irlande, Italie, Lettonie, Lituanie, Luxembourg, Pays-Bas, Norv\u00e8ge, Pologne, Portugal, Roumanie , Slovaquie, Slov\u00e9nie, Espagne, Su\u00e8de, Suisse et Royaume-Uni.<\/p>\n<p>Nous pouvons \u00e9galement exp\u00e9dier dans le monde entier et sommes heureux de vous donner un devis pour l&rsquo;exp\u00e9dition dans votre pays.<\/p>\n<h2>4. Combien de temps prend la livraison?<\/h2>\n<p>Le d\u00e9lai de livraison pour les meubles Radis est de 4 semaines maximum.<\/p>\n<h2>5. Comment saurez-vous que votre commande est livr\u00e9e?<\/h2>\n<p>Nous vous informerons par e-mail lorsque nous aurons exp\u00e9di\u00e9 vos meubles command\u00e9s hors de notre usine. Nous envoyons \u00e9galement le lien de suivi afin que vous puissiez v\u00e9rifier l&rsquo;\u00e9tat de la livraison. La compagnie maritime vous appelle \u00e9galement avant pour convenir du d\u00e9lai de livraison.<\/p>\n","protected":false},"excerpt":{"rendered":"<p>1. Combien co\u00fbte l&rsquo;exp\u00e9dition? En Europe, la livraison est absolument gratuite. Si vous \u00eates dans un autre pays, veuillez contacter le service client pour obtenir une estimation d&rsquo;exp\u00e9dition. 2. Comment les meubles Radis sont-ils livr\u00e9s? Les meubles Radis sont livr\u00e9s dans des bo\u00eetes plates par la soci\u00e9t\u00e9 de livraison de confiance Dachser, directement \u00e0 votre&#8230;<\/p>\n","protected":false},"author":1,"featured_media":0,"parent":0,"menu_order":0,"comment_status":"closed","ping_status":"closed","template":"","meta":{"_acf_changed":false,"footnotes":""},"class_list":["post-8554","page","type-page","status-publish","hentry"],"acf":[],"yoast_head":"<!-- This site is optimized with the Yoast SEO plugin v27.4 - https:\/\/yoast.com\/product\/yoast-seo-wordpress\/ -->\n<title>Exp\u00e9dition et livraison - Radis<\/title>\n<meta name=\"robots\" content=\"index, follow, max-snippet:-1, max-image-preview:large, max-video-preview:-1\" \/>\n<link rel=\"canonical\" href=\"https:\/\/radis.ee\/fr\/expedition-et-livraison\/\" \/>\n<meta property=\"og:locale\" content=\"fr_FR\" \/>\n<meta property=\"og:type\" content=\"article\" \/>\n<meta property=\"og:title\" content=\"Exp\u00e9dition et livraison - Radis\" \/>\n<meta property=\"og:description\" content=\"1. Combien co\u00fbte l&rsquo;exp\u00e9dition? En Europe, la livraison est absolument gratuite. Si vous \u00eates dans un autre pays, veuillez contacter le service client pour obtenir une estimation d&rsquo;exp\u00e9dition. 2. Comment les meubles Radis sont-ils livr\u00e9s? Les meubles Radis sont livr\u00e9s dans des bo\u00eetes plates par la soci\u00e9t\u00e9 de livraison de confiance Dachser, directement \u00e0 votre...\" \/>\n<meta property=\"og:url\" content=\"https:\/\/radis.ee\/fr\/expedition-et-livraison\/\" \/>\n<meta property=\"og:site_name\" content=\"Radis\" \/>\n<meta property=\"article:publisher\" content=\"https:\/\/www.facebook.com\/radisfurniture\/\" \/>\n<meta name=\"twitter:card\" content=\"summary_large_image\" \/>\n<meta name=\"twitter:label1\" content=\"Dur\u00e9e de lecture estim\u00e9e\" \/>\n\t<meta name=\"twitter:data1\" content=\"1 minute\" \/>\n<script type=\"application\/ld+json\" class=\"yoast-schema-graph\">{\"@context\":\"https:\\\/\\\/schema.org\",\"@graph\":[{\"@type\":\"WebPage\",\"@id\":\"https:\\\/\\\/radis.ee\\\/fr\\\/expedition-et-livraison\\\/\",\"url\":\"https:\\\/\\\/radis.ee\\\/fr\\\/expedition-et-livraison\\\/\",\"name\":\"Exp\u00e9dition et livraison - Radis\",\"isPartOf\":{\"@id\":\"https:\\\/\\\/radis.ee\\\/#website\"},\"datePublished\":\"2021-01-07T16:24:33+00:00\",\"breadcrumb\":{\"@id\":\"https:\\\/\\\/radis.ee\\\/fr\\\/expedition-et-livraison\\\/#breadcrumb\"},\"inLanguage\":\"fr-FR\",\"potentialAction\":[{\"@type\":\"ReadAction\",\"target\":[\"https:\\\/\\\/radis.ee\\\/fr\\\/expedition-et-livraison\\\/\"]}]},{\"@type\":\"BreadcrumbList\",\"@id\":\"https:\\\/\\\/radis.ee\\\/fr\\\/expedition-et-livraison\\\/#breadcrumb\",\"itemListElement\":[{\"@type\":\"ListItem\",\"position\":1,\"name\":\"Home\",\"item\":\"https:\\\/\\\/radis.ee\\\/\"},{\"@type\":\"ListItem\",\"position\":2,\"name\":\"Exp\u00e9dition et livraison\"}]},{\"@type\":\"WebSite\",\"@id\":\"https:\\\/\\\/radis.ee\\\/#website\",\"url\":\"https:\\\/\\\/radis.ee\\\/\",\"name\":\"Radis\",\"description\":\"Nordic design furniture, environmentally friendly and sustainable.\",\"publisher\":{\"@id\":\"https:\\\/\\\/radis.ee\\\/#organization\"},\"potentialAction\":[{\"@type\":\"SearchAction\",\"target\":{\"@type\":\"EntryPoint\",\"urlTemplate\":\"https:\\\/\\\/radis.ee\\\/?s={search_term_string}\"},\"query-input\":{\"@type\":\"PropertyValueSpecification\",\"valueRequired\":true,\"valueName\":\"search_term_string\"}}],\"inLanguage\":\"fr-FR\"},{\"@type\":\"Organization\",\"@id\":\"https:\\\/\\\/radis.ee\\\/#organization\",\"name\":\"Radis O\u00dc\",\"url\":\"https:\\\/\\\/radis.ee\\\/\",\"logo\":{\"@type\":\"ImageObject\",\"inLanguage\":\"fr-FR\",\"@id\":\"https:\\\/\\\/radis.ee\\\/#\\\/schema\\\/logo\\\/image\\\/\",\"url\":\"https:\\\/\\\/radis.ee\\\/wp-content\\\/uploads\\\/2020\\\/10\\\/Radis-logo.png\",\"contentUrl\":\"https:\\\/\\\/radis.ee\\\/wp-content\\\/uploads\\\/2020\\\/10\\\/Radis-logo.png\",\"width\":300,\"height\":63,\"caption\":\"Radis O\u00dc\"},\"image\":{\"@id\":\"https:\\\/\\\/radis.ee\\\/#\\\/schema\\\/logo\\\/image\\\/\"},\"sameAs\":[\"https:\\\/\\\/www.facebook.com\\\/radisfurniture\\\/\"]}]}<\/script>\n<!-- \/ Yoast SEO plugin. -->","yoast_head_json":{"title":"Exp\u00e9dition et livraison - Radis","robots":{"index":"index","follow":"follow","max-snippet":"max-snippet:-1","max-image-preview":"max-image-preview:large","max-video-preview":"max-video-preview:-1"},"canonical":"https:\/\/radis.ee\/fr\/expedition-et-livraison\/","og_locale":"fr_FR","og_type":"article","og_title":"Exp\u00e9dition et livraison - Radis","og_description":"1. Combien co\u00fbte l&rsquo;exp\u00e9dition? En Europe, la livraison est absolument gratuite. Si vous \u00eates dans un autre pays, veuillez contacter le service client pour obtenir une estimation d&rsquo;exp\u00e9dition. 2. Comment les meubles Radis sont-ils livr\u00e9s? Les meubles Radis sont livr\u00e9s dans des bo\u00eetes plates par la soci\u00e9t\u00e9 de livraison de confiance Dachser, directement \u00e0 votre...","og_url":"https:\/\/radis.ee\/fr\/expedition-et-livraison\/","og_site_name":"Radis","article_publisher":"https:\/\/www.facebook.com\/radisfurniture\/","twitter_card":"summary_large_image","twitter_misc":{"Dur\u00e9e de lecture estim\u00e9e":"1 minute"},"schema":{"@context":"https:\/\/schema.org","@graph":[{"@type":"WebPage","@id":"https:\/\/radis.ee\/fr\/expedition-et-livraison\/","url":"https:\/\/radis.ee\/fr\/expedition-et-livraison\/","name":"Exp\u00e9dition et livraison - Radis","isPartOf":{"@id":"https:\/\/radis.ee\/#website"},"datePublished":"2021-01-07T16:24:33+00:00","breadcrumb":{"@id":"https:\/\/radis.ee\/fr\/expedition-et-livraison\/#breadcrumb"},"inLanguage":"fr-FR","potentialAction":[{"@type":"ReadAction","target":["https:\/\/radis.ee\/fr\/expedition-et-livraison\/"]}]},{"@type":"BreadcrumbList","@id":"https:\/\/radis.ee\/fr\/expedition-et-livraison\/#breadcrumb","itemListElement":[{"@type":"ListItem","position":1,"name":"Home","item":"https:\/\/radis.ee\/"},{"@type":"ListItem","position":2,"name":"Exp\u00e9dition et livraison"}]},{"@type":"WebSite","@id":"https:\/\/radis.ee\/#website","url":"https:\/\/radis.ee\/","name":"Radis","description":"Nordic design furniture, environmentally friendly and sustainable.","publisher":{"@id":"https:\/\/radis.ee\/#organization"},"potentialAction":[{"@type":"SearchAction","target":{"@type":"EntryPoint","urlTemplate":"https:\/\/radis.ee\/?s={search_term_string}"},"query-input":{"@type":"PropertyValueSpecification","valueRequired":true,"valueName":"search_term_string"}}],"inLanguage":"fr-FR"},{"@type":"Organization","@id":"https:\/\/radis.ee\/#organization","name":"Radis O\u00dc","url":"https:\/\/radis.ee\/","logo":{"@type":"ImageObject","inLanguage":"fr-FR","@id":"https:\/\/radis.ee\/#\/schema\/logo\/image\/","url":"https:\/\/radis.ee\/wp-content\/uploads\/2020\/10\/Radis-logo.png","contentUrl":"https:\/\/radis.ee\/wp-content\/uploads\/2020\/10\/Radis-logo.png","width":300,"height":63,"caption":"Radis O\u00dc"},"image":{"@id":"https:\/\/radis.ee\/#\/schema\/logo\/image\/"},"sameAs":["https:\/\/www.facebook.com\/radisfurniture\/"]}]}},"_links":{"self":[{"href":"https:\/\/radis.ee\/fr\/wp-json\/wp\/v2\/pages\/8554","targetHints":{"allow":["GET"]}}],"collection":[{"href":"https:\/\/radis.ee\/fr\/wp-json\/wp\/v2\/pages"}],"about":[{"href":"https:\/\/radis.ee\/fr\/wp-json\/wp\/v2\/types\/page"}],"author":[{"embeddable":true,"href":"https:\/\/radis.ee\/fr\/wp-json\/wp\/v2\/users\/1"}],"replies":[{"embeddable":true,"href":"https:\/\/radis.ee\/fr\/wp-json\/wp\/v2\/comments?post=8554"}],"version-history":[{"count":0,"href":"https:\/\/radis.ee\/fr\/wp-json\/wp\/v2\/pages\/8554\/revisions"}],"wp:attachment":[{"href":"https:\/\/radis.ee\/fr\/wp-json\/wp\/v2\/media?parent=8554"}],"curies":[{"name":"wp","href":"https:\/\/api.w.org\/{rel}","templated":true}]}}