{"id":8556,"date":"2021-01-07T18:31:07","date_gmt":"2021-01-07T16:31:07","guid":{"rendered":"https:\/\/radis.ee\/politique-de-confidentialite\/"},"modified":"2021-01-07T18:31:07","modified_gmt":"2021-01-07T16:31:07","slug":"politique-de-confidentialite","status":"publish","type":"page","link":"https:\/\/radis.ee\/fr\/politique-de-confidentialite\/","title":{"rendered":"Politique de confidentialit\u00e9"},"content":{"rendered":"<h2>1. Dispositions g\u00e9n\u00e9rales<\/h2>\n<p>1.1. Cette politique de confidentialit\u00e9 r\u00e9git les principes de collecte, de traitement et de stockage des donn\u00e9es personnelles. Les donn\u00e9es personnelles sont trait\u00e9es et stock\u00e9es par Radis O\u00dc, qui est le responsable du traitement des donn\u00e9es personnelles. Vous pouvez nous contacter \u00e0 info@radis.ee.<\/p>\n<p>1.2. Aux fins de la pr\u00e9sente politique de confidentialit\u00e9, une personne concern\u00e9e d\u00e9signe le client ou une autre personne physique dont les donn\u00e9es personnelles sont trait\u00e9es par le responsable du traitement.<\/p>\n<p>1.3. Aux fins de cette politique de confidentialit\u00e9, un client d\u00e9signe toute personne qui ach\u00e8te des biens ou des services sur le site Web du responsable du traitement.<\/p>\n<p>1.4. Le responsable du traitement respecte les principes relatifs au traitement des donn\u00e9es \u00e0 caract\u00e8re personnel pr\u00e9vus par la l\u00e9gislation et, entre autres, traite les donn\u00e9es \u00e0 caract\u00e8re personnel de mani\u00e8re l\u00e9gale, \u00e9quitable et s\u00e9curis\u00e9e. Le responsable du traitement est en mesure de d\u00e9clarer que les donn\u00e9es personnelles ont \u00e9t\u00e9 trait\u00e9es conform\u00e9ment aux dispositions de la l\u00e9gislation.<\/p>\n<h2>2. Collecte, traitement et stockage des donn\u00e9es personnelles<\/h2>\n<p>2.1. Les donn\u00e9es personnelles collect\u00e9es, trait\u00e9es et stock\u00e9es par le responsable du traitement ont \u00e9t\u00e9 collect\u00e9es par voie \u00e9lectronique, principalement via le site Web et par courrier \u00e9lectronique.<\/p>\n<p>2.2. En partageant ses donn\u00e9es personnelles, la personne concern\u00e9e accorde au responsable du traitement le droit de collecter, organiser, utiliser et administrer, aux fins d\u00e9finies dans la politique de confidentialit\u00e9, les donn\u00e9es personnelles que la personne concern\u00e9e partage avec le responsable du traitement, directement ou indirectement lors de l&rsquo;achat de biens. ou des services sur le site Web.<\/p>\n<p>2.3. La personne concern\u00e9e est tenue de garantir l&rsquo;exactitude, l&rsquo;exactitude et l&rsquo;int\u00e9grit\u00e9 des donn\u00e9es qu&rsquo;elle a soumises. La soumission de donn\u00e9es sciemment fausses est consid\u00e9r\u00e9e comme une violation de la politique de confidentialit\u00e9. La personne concern\u00e9e est tenue d&rsquo;informer imm\u00e9diatement le responsable du traitement de tout changement dans les donn\u00e9es soumises.<\/p>\n<p>2.4. Le responsable du traitement n&rsquo;est pas responsable des dommages ou pertes caus\u00e9s \u00e0 la personne concern\u00e9e ou \u00e0 un tiers \u00e0 la suite de la soumission de fausses donn\u00e9es par la personne concern\u00e9e.<\/p>\n<h2>3. Traitement des donn\u00e9es personnelles des clients<\/h2>\n<p>3.1. Le responsable du traitement peut traiter les donn\u00e9es personnelles suivantes de la personne concern\u00e9e:<\/p>\n<p>Pr\u00e9nom et nom;<br \/>\nDate de naissance;<br \/>\nNum\u00e9ro de t\u00e9l\u00e9phone;<br \/>\nAdresse e-mail;<br \/>\nAdresse de livraison;<br \/>\nNum\u00e9ro de compte bancaire;<br \/>\nLes d\u00e9tails de la carte de paiement;<br \/>\n3.2. En plus de ce qui pr\u00e9c\u00e8de, le responsable du traitement a le droit de collecter des donn\u00e9es sur le client qui sont disponibles dans des registres publics.<\/p>\n<p>3.3. La base juridique du traitement des donn\u00e9es \u00e0 caract\u00e8re personnel, points a), b), c) et f) de l&rsquo;article 6, paragraphe 1, du r\u00e8glement g\u00e9n\u00e9ral sur la protection des donn\u00e9es:<\/p>\n<p>(a) la personne concern\u00e9e a donn\u00e9 son consentement au traitement de ses donn\u00e9es personnelles \u00e0 une ou plusieurs fins sp\u00e9cifiques;<\/p>\n<p>b) le traitement est n\u00e9cessaire \u00e0 l&rsquo;ex\u00e9cution d&rsquo;un contrat auquel la personne concern\u00e9e est partie ou pour prendre des mesures \u00e0 la demande de la personne concern\u00e9e avant de conclure un contrat;<\/p>\n<p>(c) le traitement est n\u00e9cessaire au respect d&rsquo;une obligation l\u00e9gale \u00e0 laquelle le responsable du traitement est soumis;<\/p>\n<p>(f) le traitement est n\u00e9cessaire aux fins des int\u00e9r\u00eats l\u00e9gitimes poursuivis par le responsable du traitement ou par un tiers, sauf lorsque ces int\u00e9r\u00eats sont supplant\u00e9s par les int\u00e9r\u00eats ou les droits et libert\u00e9s fondamentaux de la personne concern\u00e9e qui n\u00e9cessitent la protection des donn\u00e9es \u00e0 caract\u00e8re personnel, en particulier lorsque la personne concern\u00e9e est un enfant.<\/p>\n<p>3.4. Traitement des donn\u00e9es personnelles selon la finalit\u00e9 du traitement:<\/p>\n<p>Finalit\u00e9 du traitement &#8211; s\u00e9curit\u00e9 et s\u00fbret\u00e9<br \/>\nLa dur\u00e9e maximale de conservation des donn\u00e9es personnelles &#8211; selon les termes sp\u00e9cifi\u00e9s par la loi<br \/>\nFinalit\u00e9 du traitement &#8211; le traitement des commandes<br \/>\nDur\u00e9e maximale de conservation des donn\u00e9es personnelles &#8211; 4 ans<br \/>\nFinalit\u00e9 du traitement &#8211; assurer le fonctionnement des services de la boutique en ligne<br \/>\nDur\u00e9e maximale de conservation des donn\u00e9es personnelles &#8211; 4 ans<br \/>\nFinalit\u00e9 du traitement &#8211; gestion des clients<br \/>\nDur\u00e9e maximale de conservation des donn\u00e9es personnelles &#8211; 4 ans<br \/>\nFinalit\u00e9 du traitement &#8211; activit\u00e9s financi\u00e8res, comptabilit\u00e9<br \/>\nDur\u00e9e maximale de conservation des donn\u00e9es personnelles &#8211; selon les conditions sp\u00e9cifi\u00e9es par la loi<br \/>\nFinalit\u00e9 du traitement &#8211; commercialisation Dur\u00e9e maximale de conservation des donn\u00e9es personnelles &#8211; 1 an<br \/>\n3.5. Le responsable du traitement a le droit de partager les donn\u00e9es personnelles des clients avec des tiers tels que des sous-traitants, des comptables, des soci\u00e9t\u00e9s de transport et de messagerie, des soci\u00e9t\u00e9s fournissant des services de transfert. Le responsable du traitement est en charge du traitement des donn\u00e9es personnelles. Le responsable du traitement transmet les donn\u00e9es personnelles n\u00e9cessaires pour effectuer les paiements au sous-traitant, Maksekeskus AS.<\/p>\n<p>3.6. Le responsable du traitement traite et stocke les donn\u00e9es personnelles de la personne concern\u00e9e en mettant en \u0153uvre les mesures organisationnelles et techniques pour garantir que les donn\u00e9es personnelles sont prot\u00e9g\u00e9es contre toute destruction, alt\u00e9ration, divulgation accidentelle ou ill\u00e9gale et tout autre traitement illicite.<\/p>\n<p>3.7. Le responsable du traitement stocke les donn\u00e9es des personnes concern\u00e9es en fonction de la finalit\u00e9 du traitement, mais pas plus de 4 ans.<\/p>\n<h2>4. Droits de la personne concern\u00e9e<\/h2>\n<p>En tant que personne concern\u00e9e, vous disposez des droits suivants selon:<\/p>\n<p>4.1. art. 15 RGPD, le droit d&rsquo;obtenir des informations sur vos donn\u00e9es personnelles que nous traitons, dans le cadre qui y est d\u00e9crit;<\/p>\n<p>4.2. art. 16 GDPR, le droit d&rsquo;exiger imm\u00e9diatement la rectification de l&rsquo;inexactitude ou la compl\u00e9tion de vos donn\u00e9es personnelles que nous stockons;<\/p>\n<p>4.3. art. 17 GDPR, le droit de demander l&rsquo;effacement de vos donn\u00e9es personnelles stock\u00e9es chez nous, sauf si un traitement suppl\u00e9mentaire est n\u00e9cessaire<\/p>\n<p>&#8211; exercer le droit \u00e0 la libert\u00e9 d&rsquo;expression et d&rsquo;information;<\/p>\n<p>&#8211; pour le respect d&rsquo;une obligation l\u00e9gale;<\/p>\n<p>&#8211; pour des raisons d&rsquo;int\u00e9r\u00eat public ou<\/p>\n<p>&#8211; pour \u00e9tablir, exercer ou d\u00e9fendre des actions en justice;<\/p>\n<p>4.4. art. 18 GDPR, le droit de demander la limitation du traitement de vos donn\u00e9es personnelles, dans la mesure o\u00f9<\/p>\n<p>&#8211; l&rsquo;exactitude des donn\u00e9es est contest\u00e9e par vous;<\/p>\n<p>&#8211; le traitement est illicite, mais vous refusez leur Effacement;<\/p>\n<p>&#8211; nous n&rsquo;avons plus besoin des donn\u00e9es, mais vous en avez besoin pour \u00e9tablir, exercer ou d\u00e9fendre des actions en justice, ou vous avez fait opposition au traitement conform\u00e9ment \u00e0 l&rsquo;art. 21 GDPR;<\/p>\n<p>4.5. art. 20 RGPD, le droit de recevoir vos donn\u00e9es personnelles que vous nous avez fournies dans un format structur\u00e9, couramment utilis\u00e9 et lisible par machine ou de demander leur transmission \u00e0 un autre responsable du traitement;<\/p>\n<p>4.6. art. 77 GDPR, le droit de porter plainte aupr\u00e8s d&rsquo;une autorit\u00e9 de contr\u00f4le. En r\u00e8gle g\u00e9n\u00e9rale, vous pouvez contacter l&rsquo;autorit\u00e9 de surveillance de votre lieu de r\u00e9sidence ou de travail habituel ou au si\u00e8ge de notre soci\u00e9t\u00e9.<\/p>\n<h2>5. Bulletin \u00e9lectronique<\/h2>\n<p>Publicit\u00e9 par e-mail si vous vous abonnez \u00e0 la newsletter<\/p>\n<p>Si vous vous abonnez \u00e0 notre newsletter, nous vous enverrons r\u00e9guli\u00e8rement notre newsletter par e-mail sur la base de votre consentement conform\u00e9ment \u00e0 l&rsquo;art. 6 (1) 1 lit. a) RGPD, en utilisant les donn\u00e9es requises ou divulgu\u00e9es par vous s\u00e9par\u00e9ment \u00e0 cette fin. Vous pouvez vous d\u00e9sinscrire du service de newsletter \u00e0 tout moment. \u00c0 cette fin, vous pouvez soit envoyer un message \u00e0 l&rsquo;option de contact sp\u00e9cifi\u00e9e ci-dessous, soit utiliser le lien de d\u00e9sinscription dans la newsletter. Lors de la d\u00e9sinscription, nous supprimerons votre adresse e-mail \u00e0 moins que vous n&rsquo;ayez express\u00e9ment consenti \u00e0 l&rsquo;utilisation ult\u00e9rieure de vos donn\u00e9es ou nous nous r\u00e9servons le droit d&rsquo;utiliser davantage vos donn\u00e9es personnelles dans le cadre et le continent permis par la loi dont nous vous informons dans cet avis .<\/p>\n<h2>6. Dispositions finales<\/h2>\n<p>6.1. Les pr\u00e9sentes conditions g\u00e9n\u00e9rales de protection des donn\u00e9es ont \u00e9t\u00e9 \u00e9labor\u00e9es conform\u00e9ment au r\u00e8glement (UE) 2016\/679 du Parlement europ\u00e9en et du Conseil relatif \u00e0 la protection des personnes physiques \u00e0 l&rsquo;\u00e9gard du traitement des donn\u00e9es \u00e0 caract\u00e8re personnel et \u00e0 la libre circulation de ces donn\u00e9es, et abrogeant la directive 95\/46 \/ CE (r\u00e8glement g\u00e9n\u00e9ral sur la protection des donn\u00e9es), la loi sur la protection des donn\u00e9es personnelles de la R\u00e9publique d&rsquo;Estonie et la l\u00e9gislation de la R\u00e9publique d&rsquo;Estonie et de l&rsquo;Union europ\u00e9enne.<\/p>\n<p>6.2. Le responsable du traitement a le droit de modifier les conditions g\u00e9n\u00e9rales de protection des donn\u00e9es en partie ou en totalit\u00e9, en informant les personnes concern\u00e9es des modifications via https:\/\/radis.ee\/<\/p>\n","protected":false},"excerpt":{"rendered":"<p>1. Dispositions g\u00e9n\u00e9rales 1.1. Cette politique de confidentialit\u00e9 r\u00e9git les principes de collecte, de traitement et de stockage des donn\u00e9es personnelles. Les donn\u00e9es personnelles sont trait\u00e9es et stock\u00e9es par Radis O\u00dc, qui est le responsable du traitement des donn\u00e9es personnelles. Vous pouvez nous contacter \u00e0 info@radis.ee. 1.2. Aux fins de la pr\u00e9sente politique de confidentialit\u00e9,&#8230;<\/p>\n","protected":false},"author":1,"featured_media":0,"parent":0,"menu_order":0,"comment_status":"closed","ping_status":"closed","template":"","meta":{"_acf_changed":false,"footnotes":""},"class_list":["post-8556","page","type-page","status-publish","hentry"],"acf":[],"yoast_head":"<!-- This site is optimized with the Yoast SEO plugin v27.3 - https:\/\/yoast.com\/product\/yoast-seo-wordpress\/ -->\n<title>Politique de confidentialit\u00e9 - Radis<\/title>\n<meta name=\"robots\" content=\"index, follow, max-snippet:-1, max-image-preview:large, max-video-preview:-1\" \/>\n<link rel=\"canonical\" href=\"https:\/\/radis.ee\/fr\/politique-de-confidentialite\/\" \/>\n<meta property=\"og:locale\" content=\"fr_FR\" \/>\n<meta property=\"og:type\" content=\"article\" \/>\n<meta property=\"og:title\" content=\"Politique de confidentialit\u00e9 - Radis\" \/>\n<meta property=\"og:description\" content=\"1. Dispositions g\u00e9n\u00e9rales 1.1. Cette politique de confidentialit\u00e9 r\u00e9git les principes de collecte, de traitement et de stockage des donn\u00e9es personnelles. Les donn\u00e9es personnelles sont trait\u00e9es et stock\u00e9es par Radis O\u00dc, qui est le responsable du traitement des donn\u00e9es personnelles. Vous pouvez nous contacter \u00e0 info@radis.ee. 1.2. Aux fins de la pr\u00e9sente politique de confidentialit\u00e9,...\" \/>\n<meta property=\"og:url\" content=\"https:\/\/radis.ee\/fr\/politique-de-confidentialite\/\" \/>\n<meta property=\"og:site_name\" content=\"Radis\" \/>\n<meta property=\"article:publisher\" content=\"https:\/\/www.facebook.com\/radisfurniture\/\" \/>\n<meta name=\"twitter:card\" content=\"summary_large_image\" \/>\n<meta name=\"twitter:label1\" content=\"Dur\u00e9e de lecture estim\u00e9e\" \/>\n\t<meta name=\"twitter:data1\" content=\"7 minutes\" \/>\n<script type=\"application\/ld+json\" class=\"yoast-schema-graph\">{\"@context\":\"https:\\\/\\\/schema.org\",\"@graph\":[{\"@type\":\"WebPage\",\"@id\":\"https:\\\/\\\/radis.ee\\\/fr\\\/politique-de-confidentialite\\\/\",\"url\":\"https:\\\/\\\/radis.ee\\\/fr\\\/politique-de-confidentialite\\\/\",\"name\":\"Politique de confidentialit\u00e9 - Radis\",\"isPartOf\":{\"@id\":\"https:\\\/\\\/radis.ee\\\/#website\"},\"datePublished\":\"2021-01-07T16:31:07+00:00\",\"breadcrumb\":{\"@id\":\"https:\\\/\\\/radis.ee\\\/fr\\\/politique-de-confidentialite\\\/#breadcrumb\"},\"inLanguage\":\"fr-FR\",\"potentialAction\":[{\"@type\":\"ReadAction\",\"target\":[\"https:\\\/\\\/radis.ee\\\/fr\\\/politique-de-confidentialite\\\/\"]}]},{\"@type\":\"BreadcrumbList\",\"@id\":\"https:\\\/\\\/radis.ee\\\/fr\\\/politique-de-confidentialite\\\/#breadcrumb\",\"itemListElement\":[{\"@type\":\"ListItem\",\"position\":1,\"name\":\"Home\",\"item\":\"https:\\\/\\\/radis.ee\\\/\"},{\"@type\":\"ListItem\",\"position\":2,\"name\":\"Politique de confidentialit\u00e9\"}]},{\"@type\":\"WebSite\",\"@id\":\"https:\\\/\\\/radis.ee\\\/#website\",\"url\":\"https:\\\/\\\/radis.ee\\\/\",\"name\":\"Radis\",\"description\":\"Nordic design furniture, environmentally friendly and sustainable.\",\"publisher\":{\"@id\":\"https:\\\/\\\/radis.ee\\\/#organization\"},\"potentialAction\":[{\"@type\":\"SearchAction\",\"target\":{\"@type\":\"EntryPoint\",\"urlTemplate\":\"https:\\\/\\\/radis.ee\\\/?s={search_term_string}\"},\"query-input\":{\"@type\":\"PropertyValueSpecification\",\"valueRequired\":true,\"valueName\":\"search_term_string\"}}],\"inLanguage\":\"fr-FR\"},{\"@type\":\"Organization\",\"@id\":\"https:\\\/\\\/radis.ee\\\/#organization\",\"name\":\"Radis O\u00dc\",\"url\":\"https:\\\/\\\/radis.ee\\\/\",\"logo\":{\"@type\":\"ImageObject\",\"inLanguage\":\"fr-FR\",\"@id\":\"https:\\\/\\\/radis.ee\\\/#\\\/schema\\\/logo\\\/image\\\/\",\"url\":\"https:\\\/\\\/radis.ee\\\/wp-content\\\/uploads\\\/2020\\\/10\\\/Radis-logo.png\",\"contentUrl\":\"https:\\\/\\\/radis.ee\\\/wp-content\\\/uploads\\\/2020\\\/10\\\/Radis-logo.png\",\"width\":300,\"height\":63,\"caption\":\"Radis O\u00dc\"},\"image\":{\"@id\":\"https:\\\/\\\/radis.ee\\\/#\\\/schema\\\/logo\\\/image\\\/\"},\"sameAs\":[\"https:\\\/\\\/www.facebook.com\\\/radisfurniture\\\/\"]}]}<\/script>\n<!-- \/ Yoast SEO plugin. -->","yoast_head_json":{"title":"Politique de confidentialit\u00e9 - Radis","robots":{"index":"index","follow":"follow","max-snippet":"max-snippet:-1","max-image-preview":"max-image-preview:large","max-video-preview":"max-video-preview:-1"},"canonical":"https:\/\/radis.ee\/fr\/politique-de-confidentialite\/","og_locale":"fr_FR","og_type":"article","og_title":"Politique de confidentialit\u00e9 - Radis","og_description":"1. Dispositions g\u00e9n\u00e9rales 1.1. Cette politique de confidentialit\u00e9 r\u00e9git les principes de collecte, de traitement et de stockage des donn\u00e9es personnelles. Les donn\u00e9es personnelles sont trait\u00e9es et stock\u00e9es par Radis O\u00dc, qui est le responsable du traitement des donn\u00e9es personnelles. Vous pouvez nous contacter \u00e0 info@radis.ee. 1.2. Aux fins de la pr\u00e9sente politique de confidentialit\u00e9,...","og_url":"https:\/\/radis.ee\/fr\/politique-de-confidentialite\/","og_site_name":"Radis","article_publisher":"https:\/\/www.facebook.com\/radisfurniture\/","twitter_card":"summary_large_image","twitter_misc":{"Dur\u00e9e de lecture estim\u00e9e":"7 minutes"},"schema":{"@context":"https:\/\/schema.org","@graph":[{"@type":"WebPage","@id":"https:\/\/radis.ee\/fr\/politique-de-confidentialite\/","url":"https:\/\/radis.ee\/fr\/politique-de-confidentialite\/","name":"Politique de confidentialit\u00e9 - Radis","isPartOf":{"@id":"https:\/\/radis.ee\/#website"},"datePublished":"2021-01-07T16:31:07+00:00","breadcrumb":{"@id":"https:\/\/radis.ee\/fr\/politique-de-confidentialite\/#breadcrumb"},"inLanguage":"fr-FR","potentialAction":[{"@type":"ReadAction","target":["https:\/\/radis.ee\/fr\/politique-de-confidentialite\/"]}]},{"@type":"BreadcrumbList","@id":"https:\/\/radis.ee\/fr\/politique-de-confidentialite\/#breadcrumb","itemListElement":[{"@type":"ListItem","position":1,"name":"Home","item":"https:\/\/radis.ee\/"},{"@type":"ListItem","position":2,"name":"Politique de confidentialit\u00e9"}]},{"@type":"WebSite","@id":"https:\/\/radis.ee\/#website","url":"https:\/\/radis.ee\/","name":"Radis","description":"Nordic design furniture, environmentally friendly and sustainable.","publisher":{"@id":"https:\/\/radis.ee\/#organization"},"potentialAction":[{"@type":"SearchAction","target":{"@type":"EntryPoint","urlTemplate":"https:\/\/radis.ee\/?s={search_term_string}"},"query-input":{"@type":"PropertyValueSpecification","valueRequired":true,"valueName":"search_term_string"}}],"inLanguage":"fr-FR"},{"@type":"Organization","@id":"https:\/\/radis.ee\/#organization","name":"Radis O\u00dc","url":"https:\/\/radis.ee\/","logo":{"@type":"ImageObject","inLanguage":"fr-FR","@id":"https:\/\/radis.ee\/#\/schema\/logo\/image\/","url":"https:\/\/radis.ee\/wp-content\/uploads\/2020\/10\/Radis-logo.png","contentUrl":"https:\/\/radis.ee\/wp-content\/uploads\/2020\/10\/Radis-logo.png","width":300,"height":63,"caption":"Radis O\u00dc"},"image":{"@id":"https:\/\/radis.ee\/#\/schema\/logo\/image\/"},"sameAs":["https:\/\/www.facebook.com\/radisfurniture\/"]}]}},"_links":{"self":[{"href":"https:\/\/radis.ee\/fr\/wp-json\/wp\/v2\/pages\/8556","targetHints":{"allow":["GET"]}}],"collection":[{"href":"https:\/\/radis.ee\/fr\/wp-json\/wp\/v2\/pages"}],"about":[{"href":"https:\/\/radis.ee\/fr\/wp-json\/wp\/v2\/types\/page"}],"author":[{"embeddable":true,"href":"https:\/\/radis.ee\/fr\/wp-json\/wp\/v2\/users\/1"}],"replies":[{"embeddable":true,"href":"https:\/\/radis.ee\/fr\/wp-json\/wp\/v2\/comments?post=8556"}],"version-history":[{"count":0,"href":"https:\/\/radis.ee\/fr\/wp-json\/wp\/v2\/pages\/8556\/revisions"}],"wp:attachment":[{"href":"https:\/\/radis.ee\/fr\/wp-json\/wp\/v2\/media?parent=8556"}],"curies":[{"name":"wp","href":"https:\/\/api.w.org\/{rel}","templated":true}]}}