{"id":10770,"date":"2020-10-08T20:45:05","date_gmt":"2021-10-28T17:45:05","guid":{"rendered":"https:\/\/radis.ee\/buffet-boxy-2x2\/"},"modified":"2024-01-30T21:41:48","modified_gmt":"2024-01-30T19:41:48","slug":"buffet-boxy-2x2","status":"publish","type":"product","link":"https:\/\/radis.ee\/fr\/buffet-boxy-2x2\/","title":{"rendered":"Buffet BOXY 2&#215;2"},"content":{"rendered":"<p>Le buffet BOXY ne vous obligera jamais \u00e0 faire des compromis.<\/p>\n<p>Comme un bon agent d\u2019infiltration, BOXY est comme un cam\u00e9l\u00e9on \u2013 s\u2019adaptant partout. Quelle que soit la taille de votre pi\u00e8ce, la taille du coin que vous souhaitez remplir, le buffet BOXY conviendra.<\/p>\n<p>Il se fond dans n\u2019importe quel espace tout en lui donnant plus de caract\u00e8re et est pratique mais en m\u00eame temps esth\u00e9tique.<\/p>\n<p>La hauteur interne et l\u2019espacement des \u00e9tag\u00e8res est de 33 cm, donc \u00e9galement adapt\u00e9 au bureau pour accueillir des dossiers.<\/p>\n<p>Fabriqu\u00e9 en contreplaqu\u00e9 de bouleau, cir\u00e9 \u00e0 l&rsquo;huile, \u00e9galement en HPL blanc sur contreplaqu\u00e9. Charni\u00e8res de porte Push2open qui s&rsquo;ouvrent et se ferment par pression. Socle sous le buffet de 8 cm de hauteur, qui s&rsquo;adapte \u00e0 diff\u00e9rentes lattes de sol.<\/p>\n","protected":false},"excerpt":{"rendered":"<p>Le buffet BOXY ne vous obligera jamais \u00e0 faire des compromis. Comme un bon agent d\u2019infiltration, BOXY est comme un cam\u00e9l\u00e9on \u2013 s\u2019adaptant partout. Quelle que soit la taille de votre pi\u00e8ce, la taille du coin que vous souhaitez remplir, le buffet BOXY conviendra. Il se fond dans n\u2019importe quel espace tout en lui donnant&#8230;<\/p>\n","protected":false},"featured_media":10757,"comment_status":"open","ping_status":"closed","template":"","meta":{"_acf_changed":false},"product_brand":[],"product_cat":[17],"product_tag":[],"class_list":{"0":"post-10770","1":"product","2":"type-product","3":"status-publish","4":"has-post-thumbnail","6":"product_cat-kummutid","8":"first","9":"instock","10":"taxable","11":"shipping-taxable","12":"purchasable","13":"product-type-variable","14":"has-default-attributes"},"acf":[],"yoast_head":"<!-- This site is optimized with the Yoast SEO plugin v27.3 - https:\/\/yoast.com\/product\/yoast-seo-wordpress\/ -->\n<title>Buffet BOXY 2x2 - Radis<\/title>\n<meta name=\"robots\" content=\"index, follow, max-snippet:-1, max-image-preview:large, max-video-preview:-1\" \/>\n<link rel=\"canonical\" href=\"https:\/\/radis.ee\/fr\/buffet-boxy-2x2\/\" \/>\n<meta property=\"og:locale\" content=\"fr_FR\" \/>\n<meta property=\"og:type\" content=\"article\" \/>\n<meta property=\"og:title\" content=\"Buffet BOXY 2x2 - Radis\" \/>\n<meta property=\"og:description\" content=\"Le buffet BOXY ne vous obligera jamais \u00e0 faire des compromis. Comme un bon agent d\u2019infiltration, BOXY est comme un cam\u00e9l\u00e9on \u2013 s\u2019adaptant partout. Quelle que soit la taille de votre pi\u00e8ce, la taille du coin que vous souhaitez remplir, le buffet BOXY conviendra. Il se fond dans n\u2019importe quel espace tout en lui donnant...\" \/>\n<meta property=\"og:url\" content=\"https:\/\/radis.ee\/fr\/buffet-boxy-2x2\/\" \/>\n<meta property=\"og:site_name\" content=\"Radis\" \/>\n<meta property=\"article:publisher\" content=\"https:\/\/www.facebook.com\/radisfurniture\/\" \/>\n<meta property=\"article:modified_time\" content=\"2024-01-30T19:41:48+00:00\" \/>\n<meta property=\"og:image\" content=\"https:\/\/radis.ee\/wp-content\/uploads\/2021\/10\/Radis_sideboard_BOXY_2x2_white_film_plywood-scaled.jpg\" \/>\n\t<meta property=\"og:image:width\" content=\"2560\" \/>\n\t<meta property=\"og:image:height\" content=\"1599\" \/>\n\t<meta property=\"og:image:type\" content=\"image\/jpeg\" \/>\n<meta name=\"twitter:card\" content=\"summary_large_image\" \/>\n<meta name=\"twitter:label1\" content=\"Dur\u00e9e de lecture estim\u00e9e\" \/>\n\t<meta name=\"twitter:data1\" content=\"1 minute\" \/>\n<script type=\"application\/ld+json\" class=\"yoast-schema-graph\">{\"@context\":\"https:\\\/\\\/schema.org\",\"@graph\":[{\"@type\":\"WebPage\",\"@id\":\"https:\\\/\\\/radis.ee\\\/fr\\\/buffet-boxy-2x2\\\/\",\"url\":\"https:\\\/\\\/radis.ee\\\/fr\\\/buffet-boxy-2x2\\\/\",\"name\":\"Buffet BOXY 2x2 - Radis\",\"isPartOf\":{\"@id\":\"https:\\\/\\\/radis.ee\\\/#website\"},\"primaryImageOfPage\":{\"@id\":\"https:\\\/\\\/radis.ee\\\/fr\\\/buffet-boxy-2x2\\\/#primaryimage\"},\"image\":{\"@id\":\"https:\\\/\\\/radis.ee\\\/fr\\\/buffet-boxy-2x2\\\/#primaryimage\"},\"thumbnailUrl\":\"https:\\\/\\\/radis.ee\\\/wp-content\\\/uploads\\\/2021\\\/10\\\/Radis_sideboard_BOXY_2x2_white_film_plywood-scaled.jpg\",\"datePublished\":\"2021-10-28T17:45:05+00:00\",\"dateModified\":\"2024-01-30T19:41:48+00:00\",\"breadcrumb\":{\"@id\":\"https:\\\/\\\/radis.ee\\\/fr\\\/buffet-boxy-2x2\\\/#breadcrumb\"},\"inLanguage\":\"fr-FR\",\"potentialAction\":[{\"@type\":\"ReadAction\",\"target\":[\"https:\\\/\\\/radis.ee\\\/fr\\\/buffet-boxy-2x2\\\/\"]}]},{\"@type\":\"ImageObject\",\"inLanguage\":\"fr-FR\",\"@id\":\"https:\\\/\\\/radis.ee\\\/fr\\\/buffet-boxy-2x2\\\/#primaryimage\",\"url\":\"https:\\\/\\\/radis.ee\\\/wp-content\\\/uploads\\\/2021\\\/10\\\/Radis_sideboard_BOXY_2x2_white_film_plywood-scaled.jpg\",\"contentUrl\":\"https:\\\/\\\/radis.ee\\\/wp-content\\\/uploads\\\/2021\\\/10\\\/Radis_sideboard_BOXY_2x2_white_film_plywood-scaled.jpg\",\"width\":2560,\"height\":1599,\"caption\":\"RADIS_sideboard_BOXY2x2_white_film_plywood\"},{\"@type\":\"BreadcrumbList\",\"@id\":\"https:\\\/\\\/radis.ee\\\/fr\\\/buffet-boxy-2x2\\\/#breadcrumb\",\"itemListElement\":[{\"@type\":\"ListItem\",\"position\":1,\"name\":\"Home\",\"item\":\"https:\\\/\\\/radis.ee\\\/\"},{\"@type\":\"ListItem\",\"position\":2,\"name\":\"Magasin\",\"item\":\"https:\\\/\\\/radis.ee\\\/fr\\\/magasin\\\/\"},{\"@type\":\"ListItem\",\"position\":3,\"name\":\"Buffet BOXY 2&#215;2\"}]},{\"@type\":\"WebSite\",\"@id\":\"https:\\\/\\\/radis.ee\\\/#website\",\"url\":\"https:\\\/\\\/radis.ee\\\/\",\"name\":\"Radis\",\"description\":\"Nordic design furniture, environmentally friendly and sustainable.\",\"publisher\":{\"@id\":\"https:\\\/\\\/radis.ee\\\/#organization\"},\"potentialAction\":[{\"@type\":\"SearchAction\",\"target\":{\"@type\":\"EntryPoint\",\"urlTemplate\":\"https:\\\/\\\/radis.ee\\\/?s={search_term_string}\"},\"query-input\":{\"@type\":\"PropertyValueSpecification\",\"valueRequired\":true,\"valueName\":\"search_term_string\"}}],\"inLanguage\":\"fr-FR\"},{\"@type\":\"Organization\",\"@id\":\"https:\\\/\\\/radis.ee\\\/#organization\",\"name\":\"Radis O\u00dc\",\"url\":\"https:\\\/\\\/radis.ee\\\/\",\"logo\":{\"@type\":\"ImageObject\",\"inLanguage\":\"fr-FR\",\"@id\":\"https:\\\/\\\/radis.ee\\\/#\\\/schema\\\/logo\\\/image\\\/\",\"url\":\"https:\\\/\\\/radis.ee\\\/wp-content\\\/uploads\\\/2020\\\/10\\\/Radis-logo.png\",\"contentUrl\":\"https:\\\/\\\/radis.ee\\\/wp-content\\\/uploads\\\/2020\\\/10\\\/Radis-logo.png\",\"width\":300,\"height\":63,\"caption\":\"Radis O\u00dc\"},\"image\":{\"@id\":\"https:\\\/\\\/radis.ee\\\/#\\\/schema\\\/logo\\\/image\\\/\"},\"sameAs\":[\"https:\\\/\\\/www.facebook.com\\\/radisfurniture\\\/\"]}]}<\/script>\n<!-- \/ Yoast SEO plugin. -->","yoast_head_json":{"title":"Buffet BOXY 2x2 - Radis","robots":{"index":"index","follow":"follow","max-snippet":"max-snippet:-1","max-image-preview":"max-image-preview:large","max-video-preview":"max-video-preview:-1"},"canonical":"https:\/\/radis.ee\/fr\/buffet-boxy-2x2\/","og_locale":"fr_FR","og_type":"article","og_title":"Buffet BOXY 2x2 - Radis","og_description":"Le buffet BOXY ne vous obligera jamais \u00e0 faire des compromis. Comme un bon agent d\u2019infiltration, BOXY est comme un cam\u00e9l\u00e9on \u2013 s\u2019adaptant partout. Quelle que soit la taille de votre pi\u00e8ce, la taille du coin que vous souhaitez remplir, le buffet BOXY conviendra. Il se fond dans n\u2019importe quel espace tout en lui donnant...","og_url":"https:\/\/radis.ee\/fr\/buffet-boxy-2x2\/","og_site_name":"Radis","article_publisher":"https:\/\/www.facebook.com\/radisfurniture\/","article_modified_time":"2024-01-30T19:41:48+00:00","og_image":[{"width":2560,"height":1599,"url":"https:\/\/radis.ee\/wp-content\/uploads\/2021\/10\/Radis_sideboard_BOXY_2x2_white_film_plywood-scaled.jpg","type":"image\/jpeg"}],"twitter_card":"summary_large_image","twitter_misc":{"Dur\u00e9e de lecture estim\u00e9e":"1 minute"},"schema":{"@context":"https:\/\/schema.org","@graph":[{"@type":"WebPage","@id":"https:\/\/radis.ee\/fr\/buffet-boxy-2x2\/","url":"https:\/\/radis.ee\/fr\/buffet-boxy-2x2\/","name":"Buffet BOXY 2x2 - Radis","isPartOf":{"@id":"https:\/\/radis.ee\/#website"},"primaryImageOfPage":{"@id":"https:\/\/radis.ee\/fr\/buffet-boxy-2x2\/#primaryimage"},"image":{"@id":"https:\/\/radis.ee\/fr\/buffet-boxy-2x2\/#primaryimage"},"thumbnailUrl":"https:\/\/radis.ee\/wp-content\/uploads\/2021\/10\/Radis_sideboard_BOXY_2x2_white_film_plywood-scaled.jpg","datePublished":"2021-10-28T17:45:05+00:00","dateModified":"2024-01-30T19:41:48+00:00","breadcrumb":{"@id":"https:\/\/radis.ee\/fr\/buffet-boxy-2x2\/#breadcrumb"},"inLanguage":"fr-FR","potentialAction":[{"@type":"ReadAction","target":["https:\/\/radis.ee\/fr\/buffet-boxy-2x2\/"]}]},{"@type":"ImageObject","inLanguage":"fr-FR","@id":"https:\/\/radis.ee\/fr\/buffet-boxy-2x2\/#primaryimage","url":"https:\/\/radis.ee\/wp-content\/uploads\/2021\/10\/Radis_sideboard_BOXY_2x2_white_film_plywood-scaled.jpg","contentUrl":"https:\/\/radis.ee\/wp-content\/uploads\/2021\/10\/Radis_sideboard_BOXY_2x2_white_film_plywood-scaled.jpg","width":2560,"height":1599,"caption":"RADIS_sideboard_BOXY2x2_white_film_plywood"},{"@type":"BreadcrumbList","@id":"https:\/\/radis.ee\/fr\/buffet-boxy-2x2\/#breadcrumb","itemListElement":[{"@type":"ListItem","position":1,"name":"Home","item":"https:\/\/radis.ee\/"},{"@type":"ListItem","position":2,"name":"Magasin","item":"https:\/\/radis.ee\/fr\/magasin\/"},{"@type":"ListItem","position":3,"name":"Buffet BOXY 2&#215;2"}]},{"@type":"WebSite","@id":"https:\/\/radis.ee\/#website","url":"https:\/\/radis.ee\/","name":"Radis","description":"Nordic design furniture, environmentally friendly and sustainable.","publisher":{"@id":"https:\/\/radis.ee\/#organization"},"potentialAction":[{"@type":"SearchAction","target":{"@type":"EntryPoint","urlTemplate":"https:\/\/radis.ee\/?s={search_term_string}"},"query-input":{"@type":"PropertyValueSpecification","valueRequired":true,"valueName":"search_term_string"}}],"inLanguage":"fr-FR"},{"@type":"Organization","@id":"https:\/\/radis.ee\/#organization","name":"Radis O\u00dc","url":"https:\/\/radis.ee\/","logo":{"@type":"ImageObject","inLanguage":"fr-FR","@id":"https:\/\/radis.ee\/#\/schema\/logo\/image\/","url":"https:\/\/radis.ee\/wp-content\/uploads\/2020\/10\/Radis-logo.png","contentUrl":"https:\/\/radis.ee\/wp-content\/uploads\/2020\/10\/Radis-logo.png","width":300,"height":63,"caption":"Radis O\u00dc"},"image":{"@id":"https:\/\/radis.ee\/#\/schema\/logo\/image\/"},"sameAs":["https:\/\/www.facebook.com\/radisfurniture\/"]}]}},"_links":{"self":[{"href":"https:\/\/radis.ee\/fr\/wp-json\/wp\/v2\/product\/10770","targetHints":{"allow":["GET"]}}],"collection":[{"href":"https:\/\/radis.ee\/fr\/wp-json\/wp\/v2\/product"}],"about":[{"href":"https:\/\/radis.ee\/fr\/wp-json\/wp\/v2\/types\/product"}],"replies":[{"embeddable":true,"href":"https:\/\/radis.ee\/fr\/wp-json\/wp\/v2\/comments?post=10770"}],"wp:featuredmedia":[{"embeddable":true,"href":"https:\/\/radis.ee\/fr\/wp-json\/wp\/v2\/media\/10757"}],"wp:attachment":[{"href":"https:\/\/radis.ee\/fr\/wp-json\/wp\/v2\/media?parent=10770"}],"wp:term":[{"taxonomy":"product_brand","embeddable":true,"href":"https:\/\/radis.ee\/fr\/wp-json\/wp\/v2\/product_brand?post=10770"},{"taxonomy":"product_cat","embeddable":true,"href":"https:\/\/radis.ee\/fr\/wp-json\/wp\/v2\/product_cat?post=10770"},{"taxonomy":"product_tag","embeddable":true,"href":"https:\/\/radis.ee\/fr\/wp-json\/wp\/v2\/product_tag?post=10770"}],"curies":[{"name":"wp","href":"https:\/\/api.w.org\/{rel}","templated":true}]}}