{"id":11631,"date":"2021-12-08T11:43:15","date_gmt":"2021-12-08T09:43:15","guid":{"rendered":"https:\/\/radis.ee\/?post_type=product&#038;p=11631"},"modified":"2024-01-31T21:23:42","modified_gmt":"2024-01-31T19:23:42","slug":"meuble-tv-maze","status":"publish","type":"product","link":"https:\/\/radis.ee\/fr\/meuble-tv-maze\/","title":{"rendered":"Meuble TV MAZE"},"content":{"rendered":"<p>Le meuble TV MAZE est fait de contreplaqu\u00e9 de bouleau durable. Il a des portes \u00e0 fermeture douce, afin de ne pas perturber votre soir\u00e9e tranquille et confortable \u00e0 la maison. Des d\u00e9tails en diagonale int\u00e9ressants lui donnent suffisamment de caract\u00e8re pour se d\u00e9marquer, mais sa forme simple le rend adapt\u00e9 \u00e0 de nombreux int\u00e9rieurs et styles diff\u00e9rents.<\/p>\n<p>Comme pour tous les supports TV RADIS, les placards situ\u00e9s sous eux permettent de garder facilement vos collations, livres, t\u00e9l\u00e9commandes et autres objets encombrants \u00e0 l&rsquo;abri des regards pour cr\u00e9er une impression g\u00e9n\u00e9rale bien rang\u00e9e. Livr\u00e9 en placage ch\u00eane ou abat-jour blanc.<\/p>\n<p>La hauteur int\u00e9rieure de l&rsquo;armoire 4 portes est de 33 cm avec des \u00e9tag\u00e8res de s\u00e9paration r\u00e9glables en hauteur.<\/p>\n<p>Fabriqu\u00e9 en contreplaqu\u00e9 de bouleau, cir\u00e9 \u00e0 l&rsquo;huile, \u00e9galement plaqu\u00e9 ch\u00eane et HPL Koskisen blanc. Charni\u00e8res de porte \u00e0 fermeture douce.<\/p>\n","protected":false},"excerpt":{"rendered":"<p>Le meuble TV MAZE est fait de contreplaqu\u00e9 de bouleau durable. Il a des portes \u00e0 fermeture douce, afin de ne pas perturber votre soir\u00e9e tranquille et confortable \u00e0 la maison. Des d\u00e9tails en diagonale int\u00e9ressants lui donnent suffisamment de caract\u00e8re pour se d\u00e9marquer, mais sa forme simple le rend adapt\u00e9 \u00e0 de nombreux int\u00e9rieurs&#8230;<\/p>\n","protected":false},"featured_media":15349,"comment_status":"open","ping_status":"closed","template":"","meta":{"_acf_changed":false},"product_brand":[],"product_cat":[112],"product_tag":[],"class_list":{"0":"post-11631","1":"product","2":"type-product","3":"status-publish","4":"has-post-thumbnail","6":"product_cat-tv-alused","8":"first","9":"instock","10":"taxable","11":"shipping-taxable","12":"purchasable","13":"product-type-variable","14":"has-default-attributes"},"acf":[],"yoast_head":"<!-- This site is optimized with the Yoast SEO plugin v27.3 - https:\/\/yoast.com\/product\/yoast-seo-wordpress\/ -->\n<title>Meuble TV MAZE - Radis<\/title>\n<meta name=\"robots\" content=\"index, follow, max-snippet:-1, max-image-preview:large, max-video-preview:-1\" \/>\n<link rel=\"canonical\" href=\"https:\/\/radis.ee\/fr\/meuble-tv-maze\/\" \/>\n<meta property=\"og:locale\" content=\"fr_FR\" \/>\n<meta property=\"og:type\" content=\"article\" \/>\n<meta property=\"og:title\" content=\"Meuble TV MAZE - Radis\" \/>\n<meta property=\"og:description\" content=\"Le meuble TV MAZE est fait de contreplaqu\u00e9 de bouleau durable. Il a des portes \u00e0 fermeture douce, afin de ne pas perturber votre soir\u00e9e tranquille et confortable \u00e0 la maison. Des d\u00e9tails en diagonale int\u00e9ressants lui donnent suffisamment de caract\u00e8re pour se d\u00e9marquer, mais sa forme simple le rend adapt\u00e9 \u00e0 de nombreux int\u00e9rieurs...\" \/>\n<meta property=\"og:url\" content=\"https:\/\/radis.ee\/fr\/meuble-tv-maze\/\" \/>\n<meta property=\"og:site_name\" content=\"Radis\" \/>\n<meta property=\"article:publisher\" content=\"https:\/\/www.facebook.com\/radisfurniture\/\" \/>\n<meta property=\"article:modified_time\" content=\"2024-01-31T19:23:42+00:00\" \/>\n<meta property=\"og:image\" content=\"https:\/\/radis.ee\/wp-content\/uploads\/2021\/12\/RADIS_TVstand_MAZE_Light_Oak_2-scaled.jpg\" \/>\n\t<meta property=\"og:image:width\" content=\"2166\" \/>\n\t<meta property=\"og:image:height\" content=\"2560\" \/>\n\t<meta property=\"og:image:type\" content=\"image\/jpeg\" \/>\n<meta name=\"twitter:card\" content=\"summary_large_image\" \/>\n<meta name=\"twitter:label1\" content=\"Dur\u00e9e de lecture estim\u00e9e\" \/>\n\t<meta name=\"twitter:data1\" content=\"1 minute\" \/>\n<script type=\"application\/ld+json\" class=\"yoast-schema-graph\">{\"@context\":\"https:\\\/\\\/schema.org\",\"@graph\":[{\"@type\":\"WebPage\",\"@id\":\"https:\\\/\\\/radis.ee\\\/fr\\\/meuble-tv-maze\\\/\",\"url\":\"https:\\\/\\\/radis.ee\\\/fr\\\/meuble-tv-maze\\\/\",\"name\":\"Meuble TV MAZE - Radis\",\"isPartOf\":{\"@id\":\"https:\\\/\\\/radis.ee\\\/#website\"},\"primaryImageOfPage\":{\"@id\":\"https:\\\/\\\/radis.ee\\\/fr\\\/meuble-tv-maze\\\/#primaryimage\"},\"image\":{\"@id\":\"https:\\\/\\\/radis.ee\\\/fr\\\/meuble-tv-maze\\\/#primaryimage\"},\"thumbnailUrl\":\"https:\\\/\\\/radis.ee\\\/wp-content\\\/uploads\\\/2021\\\/12\\\/RADIS_TVstand_MAZE_Light_Oak_2-scaled.jpg\",\"datePublished\":\"2021-12-08T09:43:15+00:00\",\"dateModified\":\"2024-01-31T19:23:42+00:00\",\"breadcrumb\":{\"@id\":\"https:\\\/\\\/radis.ee\\\/fr\\\/meuble-tv-maze\\\/#breadcrumb\"},\"inLanguage\":\"fr-FR\",\"potentialAction\":[{\"@type\":\"ReadAction\",\"target\":[\"https:\\\/\\\/radis.ee\\\/fr\\\/meuble-tv-maze\\\/\"]}]},{\"@type\":\"ImageObject\",\"inLanguage\":\"fr-FR\",\"@id\":\"https:\\\/\\\/radis.ee\\\/fr\\\/meuble-tv-maze\\\/#primaryimage\",\"url\":\"https:\\\/\\\/radis.ee\\\/wp-content\\\/uploads\\\/2021\\\/12\\\/RADIS_TVstand_MAZE_Light_Oak_2-scaled.jpg\",\"contentUrl\":\"https:\\\/\\\/radis.ee\\\/wp-content\\\/uploads\\\/2021\\\/12\\\/RADIS_TVstand_MAZE_Light_Oak_2-scaled.jpg\",\"width\":2166,\"height\":2560,\"caption\":\"RADIS TV-stand MAZE Light Oak lywood\"},{\"@type\":\"BreadcrumbList\",\"@id\":\"https:\\\/\\\/radis.ee\\\/fr\\\/meuble-tv-maze\\\/#breadcrumb\",\"itemListElement\":[{\"@type\":\"ListItem\",\"position\":1,\"name\":\"Home\",\"item\":\"https:\\\/\\\/radis.ee\\\/\"},{\"@type\":\"ListItem\",\"position\":2,\"name\":\"Magasin\",\"item\":\"https:\\\/\\\/radis.ee\\\/fr\\\/magasin\\\/\"},{\"@type\":\"ListItem\",\"position\":3,\"name\":\"Meuble TV MAZE\"}]},{\"@type\":\"WebSite\",\"@id\":\"https:\\\/\\\/radis.ee\\\/#website\",\"url\":\"https:\\\/\\\/radis.ee\\\/\",\"name\":\"Radis\",\"description\":\"Nordic design furniture, environmentally friendly and sustainable.\",\"publisher\":{\"@id\":\"https:\\\/\\\/radis.ee\\\/#organization\"},\"potentialAction\":[{\"@type\":\"SearchAction\",\"target\":{\"@type\":\"EntryPoint\",\"urlTemplate\":\"https:\\\/\\\/radis.ee\\\/?s={search_term_string}\"},\"query-input\":{\"@type\":\"PropertyValueSpecification\",\"valueRequired\":true,\"valueName\":\"search_term_string\"}}],\"inLanguage\":\"fr-FR\"},{\"@type\":\"Organization\",\"@id\":\"https:\\\/\\\/radis.ee\\\/#organization\",\"name\":\"Radis O\u00dc\",\"url\":\"https:\\\/\\\/radis.ee\\\/\",\"logo\":{\"@type\":\"ImageObject\",\"inLanguage\":\"fr-FR\",\"@id\":\"https:\\\/\\\/radis.ee\\\/#\\\/schema\\\/logo\\\/image\\\/\",\"url\":\"https:\\\/\\\/radis.ee\\\/wp-content\\\/uploads\\\/2020\\\/10\\\/Radis-logo.png\",\"contentUrl\":\"https:\\\/\\\/radis.ee\\\/wp-content\\\/uploads\\\/2020\\\/10\\\/Radis-logo.png\",\"width\":300,\"height\":63,\"caption\":\"Radis O\u00dc\"},\"image\":{\"@id\":\"https:\\\/\\\/radis.ee\\\/#\\\/schema\\\/logo\\\/image\\\/\"},\"sameAs\":[\"https:\\\/\\\/www.facebook.com\\\/radisfurniture\\\/\"]}]}<\/script>\n<!-- \/ Yoast SEO plugin. -->","yoast_head_json":{"title":"Meuble TV MAZE - Radis","robots":{"index":"index","follow":"follow","max-snippet":"max-snippet:-1","max-image-preview":"max-image-preview:large","max-video-preview":"max-video-preview:-1"},"canonical":"https:\/\/radis.ee\/fr\/meuble-tv-maze\/","og_locale":"fr_FR","og_type":"article","og_title":"Meuble TV MAZE - Radis","og_description":"Le meuble TV MAZE est fait de contreplaqu\u00e9 de bouleau durable. Il a des portes \u00e0 fermeture douce, afin de ne pas perturber votre soir\u00e9e tranquille et confortable \u00e0 la maison. Des d\u00e9tails en diagonale int\u00e9ressants lui donnent suffisamment de caract\u00e8re pour se d\u00e9marquer, mais sa forme simple le rend adapt\u00e9 \u00e0 de nombreux int\u00e9rieurs...","og_url":"https:\/\/radis.ee\/fr\/meuble-tv-maze\/","og_site_name":"Radis","article_publisher":"https:\/\/www.facebook.com\/radisfurniture\/","article_modified_time":"2024-01-31T19:23:42+00:00","og_image":[{"width":2166,"height":2560,"url":"https:\/\/radis.ee\/wp-content\/uploads\/2021\/12\/RADIS_TVstand_MAZE_Light_Oak_2-scaled.jpg","type":"image\/jpeg"}],"twitter_card":"summary_large_image","twitter_misc":{"Dur\u00e9e de lecture estim\u00e9e":"1 minute"},"schema":{"@context":"https:\/\/schema.org","@graph":[{"@type":"WebPage","@id":"https:\/\/radis.ee\/fr\/meuble-tv-maze\/","url":"https:\/\/radis.ee\/fr\/meuble-tv-maze\/","name":"Meuble TV MAZE - Radis","isPartOf":{"@id":"https:\/\/radis.ee\/#website"},"primaryImageOfPage":{"@id":"https:\/\/radis.ee\/fr\/meuble-tv-maze\/#primaryimage"},"image":{"@id":"https:\/\/radis.ee\/fr\/meuble-tv-maze\/#primaryimage"},"thumbnailUrl":"https:\/\/radis.ee\/wp-content\/uploads\/2021\/12\/RADIS_TVstand_MAZE_Light_Oak_2-scaled.jpg","datePublished":"2021-12-08T09:43:15+00:00","dateModified":"2024-01-31T19:23:42+00:00","breadcrumb":{"@id":"https:\/\/radis.ee\/fr\/meuble-tv-maze\/#breadcrumb"},"inLanguage":"fr-FR","potentialAction":[{"@type":"ReadAction","target":["https:\/\/radis.ee\/fr\/meuble-tv-maze\/"]}]},{"@type":"ImageObject","inLanguage":"fr-FR","@id":"https:\/\/radis.ee\/fr\/meuble-tv-maze\/#primaryimage","url":"https:\/\/radis.ee\/wp-content\/uploads\/2021\/12\/RADIS_TVstand_MAZE_Light_Oak_2-scaled.jpg","contentUrl":"https:\/\/radis.ee\/wp-content\/uploads\/2021\/12\/RADIS_TVstand_MAZE_Light_Oak_2-scaled.jpg","width":2166,"height":2560,"caption":"RADIS TV-stand MAZE Light Oak lywood"},{"@type":"BreadcrumbList","@id":"https:\/\/radis.ee\/fr\/meuble-tv-maze\/#breadcrumb","itemListElement":[{"@type":"ListItem","position":1,"name":"Home","item":"https:\/\/radis.ee\/"},{"@type":"ListItem","position":2,"name":"Magasin","item":"https:\/\/radis.ee\/fr\/magasin\/"},{"@type":"ListItem","position":3,"name":"Meuble TV MAZE"}]},{"@type":"WebSite","@id":"https:\/\/radis.ee\/#website","url":"https:\/\/radis.ee\/","name":"Radis","description":"Nordic design furniture, environmentally friendly and sustainable.","publisher":{"@id":"https:\/\/radis.ee\/#organization"},"potentialAction":[{"@type":"SearchAction","target":{"@type":"EntryPoint","urlTemplate":"https:\/\/radis.ee\/?s={search_term_string}"},"query-input":{"@type":"PropertyValueSpecification","valueRequired":true,"valueName":"search_term_string"}}],"inLanguage":"fr-FR"},{"@type":"Organization","@id":"https:\/\/radis.ee\/#organization","name":"Radis O\u00dc","url":"https:\/\/radis.ee\/","logo":{"@type":"ImageObject","inLanguage":"fr-FR","@id":"https:\/\/radis.ee\/#\/schema\/logo\/image\/","url":"https:\/\/radis.ee\/wp-content\/uploads\/2020\/10\/Radis-logo.png","contentUrl":"https:\/\/radis.ee\/wp-content\/uploads\/2020\/10\/Radis-logo.png","width":300,"height":63,"caption":"Radis O\u00dc"},"image":{"@id":"https:\/\/radis.ee\/#\/schema\/logo\/image\/"},"sameAs":["https:\/\/www.facebook.com\/radisfurniture\/"]}]}},"_links":{"self":[{"href":"https:\/\/radis.ee\/fr\/wp-json\/wp\/v2\/product\/11631","targetHints":{"allow":["GET"]}}],"collection":[{"href":"https:\/\/radis.ee\/fr\/wp-json\/wp\/v2\/product"}],"about":[{"href":"https:\/\/radis.ee\/fr\/wp-json\/wp\/v2\/types\/product"}],"replies":[{"embeddable":true,"href":"https:\/\/radis.ee\/fr\/wp-json\/wp\/v2\/comments?post=11631"}],"wp:featuredmedia":[{"embeddable":true,"href":"https:\/\/radis.ee\/fr\/wp-json\/wp\/v2\/media\/15349"}],"wp:attachment":[{"href":"https:\/\/radis.ee\/fr\/wp-json\/wp\/v2\/media?parent=11631"}],"wp:term":[{"taxonomy":"product_brand","embeddable":true,"href":"https:\/\/radis.ee\/fr\/wp-json\/wp\/v2\/product_brand?post=11631"},{"taxonomy":"product_cat","embeddable":true,"href":"https:\/\/radis.ee\/fr\/wp-json\/wp\/v2\/product_cat?post=11631"},{"taxonomy":"product_tag","embeddable":true,"href":"https:\/\/radis.ee\/fr\/wp-json\/wp\/v2\/product_tag?post=11631"}],"curies":[{"name":"wp","href":"https:\/\/api.w.org\/{rel}","templated":true}]}}