{"id":12405,"date":"2021-12-26T22:11:28","date_gmt":"2021-12-27T20:11:32","guid":{"rendered":"https:\/\/radis.ee\/?post_type=product&#038;p=12405"},"modified":"2024-01-31T21:14:23","modified_gmt":"2024-01-31T19:14:23","slug":"buffet-loxi-4x4","status":"publish","type":"product","link":"https:\/\/radis.ee\/fr\/buffet-loxi-4x4\/","title":{"rendered":"Buffet LOXI 4&#215;4"},"content":{"rendered":"<p>Le buffet LOXI a un \u00e9l\u00e9ment amusant qui le distingue de tous les autres buffets. Les portes ont une coupe align\u00e9e qui cr\u00e9e soit un d\u00e9tail g\u00e9om\u00e9trique int\u00e9ressant, soit \u00e9galement un visuel contrast\u00e9, selon la palette de couleurs.<\/p>\n<p>Derri\u00e8re les portes, il y a suffisamment de place pour le stockage. LOXI est un buffet amusant qui permet de donner facilement une touche de couleur \u00e0 n&rsquo;importe quelle pi\u00e8ce.<\/p>\n<p>La hauteur de l&rsquo;\u00e9tag\u00e8re int\u00e9rieure est de 33 cm, la largeur int\u00e9rieure de 67 cm, convient donc \u00e9galement aux dossiers de bureau. Ou pour s&rsquo;adapter \u00e0 vos disques vinyles pr\u00e9f\u00e9r\u00e9s.<\/p>\n<p>Fabriqu\u00e9 en contreplaqu\u00e9 de bouleau, cir\u00e9 \u00e0 l&rsquo;huile, \u00e9galement plaqu\u00e9 ch\u00eane et rev\u00eatu de HPL. Charni\u00e8res de porte \u00e0 fermeture douce. Une plinthe de 8 cm de haut qui s&rsquo;adapte \u00e0 toutes les plinthes.<\/p>\n","protected":false},"excerpt":{"rendered":"<p>Le buffet LOXI a un \u00e9l\u00e9ment amusant qui le distingue de tous les autres buffets. Les portes ont une coupe align\u00e9e qui cr\u00e9e soit un d\u00e9tail g\u00e9om\u00e9trique int\u00e9ressant, soit \u00e9galement un visuel contrast\u00e9, selon la palette de couleurs. Derri\u00e8re les portes, il y a suffisamment de place pour le stockage. LOXI est un buffet amusant&#8230;<\/p>\n","protected":false},"featured_media":11818,"comment_status":"open","ping_status":"closed","template":"","meta":{"_acf_changed":false},"product_brand":[],"product_cat":[17],"product_tag":[],"class_list":{"0":"post-12405","1":"product","2":"type-product","3":"status-publish","4":"has-post-thumbnail","6":"product_cat-kummutid","8":"first","9":"instock","10":"sale","11":"taxable","12":"shipping-taxable","13":"purchasable","14":"product-type-variable","15":"has-default-attributes"},"acf":[],"yoast_head":"<!-- This site is optimized with the Yoast SEO plugin v27.3 - https:\/\/yoast.com\/product\/yoast-seo-wordpress\/ -->\n<title>Buffet LOXI 4x4 - Radis<\/title>\n<meta name=\"robots\" content=\"index, follow, max-snippet:-1, max-image-preview:large, max-video-preview:-1\" \/>\n<link rel=\"canonical\" href=\"https:\/\/radis.ee\/kummut-loxi-4x4\/\" \/>\n<meta property=\"og:locale\" content=\"fr_FR\" \/>\n<meta property=\"og:type\" content=\"article\" \/>\n<meta property=\"og:title\" content=\"Buffet LOXI 4x4 - Radis\" \/>\n<meta property=\"og:description\" content=\"Le buffet LOXI a un \u00e9l\u00e9ment amusant qui le distingue de tous les autres buffets. Les portes ont une coupe align\u00e9e qui cr\u00e9e soit un d\u00e9tail g\u00e9om\u00e9trique int\u00e9ressant, soit \u00e9galement un visuel contrast\u00e9, selon la palette de couleurs. Derri\u00e8re les portes, il y a suffisamment de place pour le stockage. LOXI est un buffet amusant...\" \/>\n<meta property=\"og:url\" content=\"https:\/\/radis.ee\/kummut-loxi-4x4\/\" \/>\n<meta property=\"og:site_name\" content=\"Radis\" \/>\n<meta property=\"article:publisher\" content=\"https:\/\/www.facebook.com\/radisfurniture\/\" \/>\n<meta property=\"article:modified_time\" content=\"2024-01-31T19:14:23+00:00\" \/>\n<meta property=\"og:image\" content=\"https:\/\/radis.ee\/wp-content\/uploads\/2021\/12\/RADIS_sideboards_LOXI_4x4_Pebble_Grey_Light_Oak_plywood-scaled.jpg\" \/>\n\t<meta property=\"og:image:width\" content=\"2560\" \/>\n\t<meta property=\"og:image:height\" content=\"1811\" \/>\n\t<meta property=\"og:image:type\" content=\"image\/jpeg\" \/>\n<meta name=\"twitter:card\" content=\"summary_large_image\" \/>\n<meta name=\"twitter:label1\" content=\"Dur\u00e9e de lecture estim\u00e9e\" \/>\n\t<meta name=\"twitter:data1\" content=\"1 minute\" \/>\n<script type=\"application\/ld+json\" class=\"yoast-schema-graph\">{\"@context\":\"https:\\\/\\\/schema.org\",\"@graph\":[{\"@type\":\"WebPage\",\"@id\":\"https:\\\/\\\/radis.ee\\\/kummut-loxi-4x4\\\/\",\"url\":\"https:\\\/\\\/radis.ee\\\/kummut-loxi-4x4\\\/\",\"name\":\"Buffet LOXI 4x4 - Radis\",\"isPartOf\":{\"@id\":\"https:\\\/\\\/radis.ee\\\/#website\"},\"primaryImageOfPage\":{\"@id\":\"https:\\\/\\\/radis.ee\\\/kummut-loxi-4x4\\\/#primaryimage\"},\"image\":{\"@id\":\"https:\\\/\\\/radis.ee\\\/kummut-loxi-4x4\\\/#primaryimage\"},\"thumbnailUrl\":\"https:\\\/\\\/radis.ee\\\/wp-content\\\/uploads\\\/2021\\\/12\\\/RADIS_sideboards_LOXI_4x4_Pebble_Grey_Light_Oak_plywood-scaled.jpg\",\"datePublished\":\"2021-12-27T20:11:32+00:00\",\"dateModified\":\"2024-01-31T19:14:23+00:00\",\"breadcrumb\":{\"@id\":\"https:\\\/\\\/radis.ee\\\/kummut-loxi-4x4\\\/#breadcrumb\"},\"inLanguage\":\"fr-FR\",\"potentialAction\":[{\"@type\":\"ReadAction\",\"target\":[\"https:\\\/\\\/radis.ee\\\/kummut-loxi-4x4\\\/\"]}]},{\"@type\":\"ImageObject\",\"inLanguage\":\"fr-FR\",\"@id\":\"https:\\\/\\\/radis.ee\\\/kummut-loxi-4x4\\\/#primaryimage\",\"url\":\"https:\\\/\\\/radis.ee\\\/wp-content\\\/uploads\\\/2021\\\/12\\\/RADIS_sideboards_LOXI_4x4_Pebble_Grey_Light_Oak_plywood-scaled.jpg\",\"contentUrl\":\"https:\\\/\\\/radis.ee\\\/wp-content\\\/uploads\\\/2021\\\/12\\\/RADIS_sideboards_LOXI_4x4_Pebble_Grey_Light_Oak_plywood-scaled.jpg\",\"width\":2560,\"height\":1811,\"caption\":\"RADIS sideboard LOXI 4X4 PEBBLE GREY\"},{\"@type\":\"BreadcrumbList\",\"@id\":\"https:\\\/\\\/radis.ee\\\/kummut-loxi-4x4\\\/#breadcrumb\",\"itemListElement\":[{\"@type\":\"ListItem\",\"position\":1,\"name\":\"Home\",\"item\":\"https:\\\/\\\/radis.ee\\\/\"},{\"@type\":\"ListItem\",\"position\":2,\"name\":\"Magasin\",\"item\":\"https:\\\/\\\/radis.ee\\\/fr\\\/magasin\\\/\"},{\"@type\":\"ListItem\",\"position\":3,\"name\":\"Buffet LOXI 4&#215;4\"}]},{\"@type\":\"WebSite\",\"@id\":\"https:\\\/\\\/radis.ee\\\/#website\",\"url\":\"https:\\\/\\\/radis.ee\\\/\",\"name\":\"Radis\",\"description\":\"Nordic design furniture, environmentally friendly and sustainable.\",\"publisher\":{\"@id\":\"https:\\\/\\\/radis.ee\\\/#organization\"},\"potentialAction\":[{\"@type\":\"SearchAction\",\"target\":{\"@type\":\"EntryPoint\",\"urlTemplate\":\"https:\\\/\\\/radis.ee\\\/?s={search_term_string}\"},\"query-input\":{\"@type\":\"PropertyValueSpecification\",\"valueRequired\":true,\"valueName\":\"search_term_string\"}}],\"inLanguage\":\"fr-FR\"},{\"@type\":\"Organization\",\"@id\":\"https:\\\/\\\/radis.ee\\\/#organization\",\"name\":\"Radis O\u00dc\",\"url\":\"https:\\\/\\\/radis.ee\\\/\",\"logo\":{\"@type\":\"ImageObject\",\"inLanguage\":\"fr-FR\",\"@id\":\"https:\\\/\\\/radis.ee\\\/#\\\/schema\\\/logo\\\/image\\\/\",\"url\":\"https:\\\/\\\/radis.ee\\\/wp-content\\\/uploads\\\/2020\\\/10\\\/Radis-logo.png\",\"contentUrl\":\"https:\\\/\\\/radis.ee\\\/wp-content\\\/uploads\\\/2020\\\/10\\\/Radis-logo.png\",\"width\":300,\"height\":63,\"caption\":\"Radis O\u00dc\"},\"image\":{\"@id\":\"https:\\\/\\\/radis.ee\\\/#\\\/schema\\\/logo\\\/image\\\/\"},\"sameAs\":[\"https:\\\/\\\/www.facebook.com\\\/radisfurniture\\\/\"]}]}<\/script>\n<!-- \/ Yoast SEO plugin. -->","yoast_head_json":{"title":"Buffet LOXI 4x4 - Radis","robots":{"index":"index","follow":"follow","max-snippet":"max-snippet:-1","max-image-preview":"max-image-preview:large","max-video-preview":"max-video-preview:-1"},"canonical":"https:\/\/radis.ee\/kummut-loxi-4x4\/","og_locale":"fr_FR","og_type":"article","og_title":"Buffet LOXI 4x4 - Radis","og_description":"Le buffet LOXI a un \u00e9l\u00e9ment amusant qui le distingue de tous les autres buffets. Les portes ont une coupe align\u00e9e qui cr\u00e9e soit un d\u00e9tail g\u00e9om\u00e9trique int\u00e9ressant, soit \u00e9galement un visuel contrast\u00e9, selon la palette de couleurs. Derri\u00e8re les portes, il y a suffisamment de place pour le stockage. LOXI est un buffet amusant...","og_url":"https:\/\/radis.ee\/kummut-loxi-4x4\/","og_site_name":"Radis","article_publisher":"https:\/\/www.facebook.com\/radisfurniture\/","article_modified_time":"2024-01-31T19:14:23+00:00","og_image":[{"width":2560,"height":1811,"url":"https:\/\/radis.ee\/wp-content\/uploads\/2021\/12\/RADIS_sideboards_LOXI_4x4_Pebble_Grey_Light_Oak_plywood-scaled.jpg","type":"image\/jpeg"}],"twitter_card":"summary_large_image","twitter_misc":{"Dur\u00e9e de lecture estim\u00e9e":"1 minute"},"schema":{"@context":"https:\/\/schema.org","@graph":[{"@type":"WebPage","@id":"https:\/\/radis.ee\/kummut-loxi-4x4\/","url":"https:\/\/radis.ee\/kummut-loxi-4x4\/","name":"Buffet LOXI 4x4 - Radis","isPartOf":{"@id":"https:\/\/radis.ee\/#website"},"primaryImageOfPage":{"@id":"https:\/\/radis.ee\/kummut-loxi-4x4\/#primaryimage"},"image":{"@id":"https:\/\/radis.ee\/kummut-loxi-4x4\/#primaryimage"},"thumbnailUrl":"https:\/\/radis.ee\/wp-content\/uploads\/2021\/12\/RADIS_sideboards_LOXI_4x4_Pebble_Grey_Light_Oak_plywood-scaled.jpg","datePublished":"2021-12-27T20:11:32+00:00","dateModified":"2024-01-31T19:14:23+00:00","breadcrumb":{"@id":"https:\/\/radis.ee\/kummut-loxi-4x4\/#breadcrumb"},"inLanguage":"fr-FR","potentialAction":[{"@type":"ReadAction","target":["https:\/\/radis.ee\/kummut-loxi-4x4\/"]}]},{"@type":"ImageObject","inLanguage":"fr-FR","@id":"https:\/\/radis.ee\/kummut-loxi-4x4\/#primaryimage","url":"https:\/\/radis.ee\/wp-content\/uploads\/2021\/12\/RADIS_sideboards_LOXI_4x4_Pebble_Grey_Light_Oak_plywood-scaled.jpg","contentUrl":"https:\/\/radis.ee\/wp-content\/uploads\/2021\/12\/RADIS_sideboards_LOXI_4x4_Pebble_Grey_Light_Oak_plywood-scaled.jpg","width":2560,"height":1811,"caption":"RADIS sideboard LOXI 4X4 PEBBLE GREY"},{"@type":"BreadcrumbList","@id":"https:\/\/radis.ee\/kummut-loxi-4x4\/#breadcrumb","itemListElement":[{"@type":"ListItem","position":1,"name":"Home","item":"https:\/\/radis.ee\/"},{"@type":"ListItem","position":2,"name":"Magasin","item":"https:\/\/radis.ee\/fr\/magasin\/"},{"@type":"ListItem","position":3,"name":"Buffet LOXI 4&#215;4"}]},{"@type":"WebSite","@id":"https:\/\/radis.ee\/#website","url":"https:\/\/radis.ee\/","name":"Radis","description":"Nordic design furniture, environmentally friendly and sustainable.","publisher":{"@id":"https:\/\/radis.ee\/#organization"},"potentialAction":[{"@type":"SearchAction","target":{"@type":"EntryPoint","urlTemplate":"https:\/\/radis.ee\/?s={search_term_string}"},"query-input":{"@type":"PropertyValueSpecification","valueRequired":true,"valueName":"search_term_string"}}],"inLanguage":"fr-FR"},{"@type":"Organization","@id":"https:\/\/radis.ee\/#organization","name":"Radis O\u00dc","url":"https:\/\/radis.ee\/","logo":{"@type":"ImageObject","inLanguage":"fr-FR","@id":"https:\/\/radis.ee\/#\/schema\/logo\/image\/","url":"https:\/\/radis.ee\/wp-content\/uploads\/2020\/10\/Radis-logo.png","contentUrl":"https:\/\/radis.ee\/wp-content\/uploads\/2020\/10\/Radis-logo.png","width":300,"height":63,"caption":"Radis O\u00dc"},"image":{"@id":"https:\/\/radis.ee\/#\/schema\/logo\/image\/"},"sameAs":["https:\/\/www.facebook.com\/radisfurniture\/"]}]}},"_links":{"self":[{"href":"https:\/\/radis.ee\/fr\/wp-json\/wp\/v2\/product\/12405","targetHints":{"allow":["GET"]}}],"collection":[{"href":"https:\/\/radis.ee\/fr\/wp-json\/wp\/v2\/product"}],"about":[{"href":"https:\/\/radis.ee\/fr\/wp-json\/wp\/v2\/types\/product"}],"replies":[{"embeddable":true,"href":"https:\/\/radis.ee\/fr\/wp-json\/wp\/v2\/comments?post=12405"}],"wp:featuredmedia":[{"embeddable":true,"href":"https:\/\/radis.ee\/fr\/wp-json\/wp\/v2\/media\/11818"}],"wp:attachment":[{"href":"https:\/\/radis.ee\/fr\/wp-json\/wp\/v2\/media?parent=12405"}],"wp:term":[{"taxonomy":"product_brand","embeddable":true,"href":"https:\/\/radis.ee\/fr\/wp-json\/wp\/v2\/product_brand?post=12405"},{"taxonomy":"product_cat","embeddable":true,"href":"https:\/\/radis.ee\/fr\/wp-json\/wp\/v2\/product_cat?post=12405"},{"taxonomy":"product_tag","embeddable":true,"href":"https:\/\/radis.ee\/fr\/wp-json\/wp\/v2\/product_tag?post=12405"}],"curies":[{"name":"wp","href":"https:\/\/api.w.org\/{rel}","templated":true}]}}