{"id":12818,"date":"2020-10-09T19:55:34","date_gmt":"2021-12-29T17:55:35","guid":{"rendered":"https:\/\/radis.ee\/?post_type=product&#038;p=12818"},"modified":"2024-01-30T21:49:17","modified_gmt":"2024-01-30T19:49:17","slug":"buffet-romb-2x4","status":"publish","type":"product","link":"https:\/\/radis.ee\/fr\/buffet-romb-2x4\/","title":{"rendered":"Buffet ROMB 2&#215;4"},"content":{"rendered":"<p>Beaucoup ne le savent pas, mais en fait, il y a certaines limites \u00e0 la beaut\u00e9 de la commode. Par exemple, plus belle que cette commode n&rsquo;est plus autoris\u00e9e. Vous pouvez m\u00eame voir! Vous seul pouvez voir derri\u00e8re les myst\u00e9rieux motifs de porte.<\/p>\n<p>La hauteur int\u00e9rieure des \u00e9tag\u00e8res est de 33 cm, elle convient donc \u00e9galement au bureau pour accueillir des dossiers. Fabriqu\u00e9es en contreplaqu\u00e9 de bouleau de haute qualit\u00e9, en contreplaqu\u00e9 cir\u00e9 \u00e0 l&rsquo;huile ou HPL, les charni\u00e8res de porte push2open s&rsquo;ouvrent et se ferment avec une pression.<\/p>\n<p>Le motif sur les portes est grav\u00e9. Derri\u00e8re les portes 2 \u00e9tag\u00e8res de 67 cm de large. Sous-sol de 8 cm de hauteur, qui s&rsquo;adapte \u00e0 diff\u00e9rentes plinthes.<\/p>\n","protected":false},"excerpt":{"rendered":"<p>Beaucoup ne le savent pas, mais en fait, il y a certaines limites \u00e0 la beaut\u00e9 de la commode. Par exemple, plus belle que cette commode n&rsquo;est plus autoris\u00e9e. Vous pouvez m\u00eame voir! Vous seul pouvez voir derri\u00e8re les myst\u00e9rieux motifs de porte. La hauteur int\u00e9rieure des \u00e9tag\u00e8res est de 33 cm, elle convient donc&#8230;<\/p>\n","protected":false},"featured_media":15045,"comment_status":"open","ping_status":"closed","template":"","meta":{"_acf_changed":false},"product_brand":[],"product_cat":[17],"product_tag":[],"class_list":{"0":"post-12818","1":"product","2":"type-product","3":"status-publish","4":"has-post-thumbnail","6":"product_cat-kummutid","8":"first","9":"instock","10":"sale","11":"taxable","12":"shipping-taxable","13":"purchasable","14":"product-type-variable","15":"has-default-attributes"},"acf":[],"yoast_head":"<!-- This site is optimized with the Yoast SEO plugin v27.3 - https:\/\/yoast.com\/product\/yoast-seo-wordpress\/ -->\n<title>Buffet ROMB 2x4 - Radis<\/title>\n<meta name=\"robots\" content=\"index, follow, max-snippet:-1, max-image-preview:large, max-video-preview:-1\" \/>\n<link rel=\"canonical\" href=\"https:\/\/radis.ee\/kummut-romb-2x4\/\" \/>\n<meta property=\"og:locale\" content=\"fr_FR\" \/>\n<meta property=\"og:type\" content=\"article\" \/>\n<meta property=\"og:title\" content=\"Buffet ROMB 2x4 - Radis\" \/>\n<meta property=\"og:description\" content=\"Beaucoup ne le savent pas, mais en fait, il y a certaines limites \u00e0 la beaut\u00e9 de la commode. Par exemple, plus belle que cette commode n&rsquo;est plus autoris\u00e9e. Vous pouvez m\u00eame voir! Vous seul pouvez voir derri\u00e8re les myst\u00e9rieux motifs de porte. La hauteur int\u00e9rieure des \u00e9tag\u00e8res est de 33 cm, elle convient donc...\" \/>\n<meta property=\"og:url\" content=\"https:\/\/radis.ee\/kummut-romb-2x4\/\" \/>\n<meta property=\"og:site_name\" content=\"Radis\" \/>\n<meta property=\"article:publisher\" content=\"https:\/\/www.facebook.com\/radisfurniture\/\" \/>\n<meta property=\"article:modified_time\" content=\"2024-01-30T19:49:17+00:00\" \/>\n<meta property=\"og:image\" content=\"https:\/\/radis.ee\/wp-content\/uploads\/2020\/10\/RADIS_sideboards_ROMB_2x4_Pebble_Grey_doors_White_CPL_plywood_2.jpg\" \/>\n\t<meta property=\"og:image:width\" content=\"1820\" \/>\n\t<meta property=\"og:image:height\" content=\"2356\" \/>\n\t<meta property=\"og:image:type\" content=\"image\/jpeg\" \/>\n<meta name=\"twitter:card\" content=\"summary_large_image\" \/>\n<meta name=\"twitter:label1\" content=\"Dur\u00e9e de lecture estim\u00e9e\" \/>\n\t<meta name=\"twitter:data1\" content=\"1 minute\" \/>\n<script type=\"application\/ld+json\" class=\"yoast-schema-graph\">{\"@context\":\"https:\\\/\\\/schema.org\",\"@graph\":[{\"@type\":\"WebPage\",\"@id\":\"https:\\\/\\\/radis.ee\\\/kummut-romb-2x4\\\/\",\"url\":\"https:\\\/\\\/radis.ee\\\/kummut-romb-2x4\\\/\",\"name\":\"Buffet ROMB 2x4 - Radis\",\"isPartOf\":{\"@id\":\"https:\\\/\\\/radis.ee\\\/#website\"},\"primaryImageOfPage\":{\"@id\":\"https:\\\/\\\/radis.ee\\\/kummut-romb-2x4\\\/#primaryimage\"},\"image\":{\"@id\":\"https:\\\/\\\/radis.ee\\\/kummut-romb-2x4\\\/#primaryimage\"},\"thumbnailUrl\":\"https:\\\/\\\/radis.ee\\\/wp-content\\\/uploads\\\/2020\\\/10\\\/RADIS_sideboards_ROMB_2x4_Pebble_Grey_doors_White_CPL_plywood_2.jpg\",\"datePublished\":\"2021-12-29T17:55:35+00:00\",\"dateModified\":\"2024-01-30T19:49:17+00:00\",\"breadcrumb\":{\"@id\":\"https:\\\/\\\/radis.ee\\\/kummut-romb-2x4\\\/#breadcrumb\"},\"inLanguage\":\"fr-FR\",\"potentialAction\":[{\"@type\":\"ReadAction\",\"target\":[\"https:\\\/\\\/radis.ee\\\/kummut-romb-2x4\\\/\"]}]},{\"@type\":\"ImageObject\",\"inLanguage\":\"fr-FR\",\"@id\":\"https:\\\/\\\/radis.ee\\\/kummut-romb-2x4\\\/#primaryimage\",\"url\":\"https:\\\/\\\/radis.ee\\\/wp-content\\\/uploads\\\/2020\\\/10\\\/RADIS_sideboards_ROMB_2x4_Pebble_Grey_doors_White_CPL_plywood_2.jpg\",\"contentUrl\":\"https:\\\/\\\/radis.ee\\\/wp-content\\\/uploads\\\/2020\\\/10\\\/RADIS_sideboards_ROMB_2x4_Pebble_Grey_doors_White_CPL_plywood_2.jpg\",\"width\":1820,\"height\":2356,\"caption\":\"Radis sideboard ROMB\"},{\"@type\":\"BreadcrumbList\",\"@id\":\"https:\\\/\\\/radis.ee\\\/kummut-romb-2x4\\\/#breadcrumb\",\"itemListElement\":[{\"@type\":\"ListItem\",\"position\":1,\"name\":\"Home\",\"item\":\"https:\\\/\\\/radis.ee\\\/\"},{\"@type\":\"ListItem\",\"position\":2,\"name\":\"Magasin\",\"item\":\"https:\\\/\\\/radis.ee\\\/fr\\\/magasin\\\/\"},{\"@type\":\"ListItem\",\"position\":3,\"name\":\"Buffet ROMB 2&#215;4\"}]},{\"@type\":\"WebSite\",\"@id\":\"https:\\\/\\\/radis.ee\\\/#website\",\"url\":\"https:\\\/\\\/radis.ee\\\/\",\"name\":\"Radis\",\"description\":\"Nordic design furniture, environmentally friendly and sustainable.\",\"publisher\":{\"@id\":\"https:\\\/\\\/radis.ee\\\/#organization\"},\"potentialAction\":[{\"@type\":\"SearchAction\",\"target\":{\"@type\":\"EntryPoint\",\"urlTemplate\":\"https:\\\/\\\/radis.ee\\\/?s={search_term_string}\"},\"query-input\":{\"@type\":\"PropertyValueSpecification\",\"valueRequired\":true,\"valueName\":\"search_term_string\"}}],\"inLanguage\":\"fr-FR\"},{\"@type\":\"Organization\",\"@id\":\"https:\\\/\\\/radis.ee\\\/#organization\",\"name\":\"Radis O\u00dc\",\"url\":\"https:\\\/\\\/radis.ee\\\/\",\"logo\":{\"@type\":\"ImageObject\",\"inLanguage\":\"fr-FR\",\"@id\":\"https:\\\/\\\/radis.ee\\\/#\\\/schema\\\/logo\\\/image\\\/\",\"url\":\"https:\\\/\\\/radis.ee\\\/wp-content\\\/uploads\\\/2020\\\/10\\\/Radis-logo.png\",\"contentUrl\":\"https:\\\/\\\/radis.ee\\\/wp-content\\\/uploads\\\/2020\\\/10\\\/Radis-logo.png\",\"width\":300,\"height\":63,\"caption\":\"Radis O\u00dc\"},\"image\":{\"@id\":\"https:\\\/\\\/radis.ee\\\/#\\\/schema\\\/logo\\\/image\\\/\"},\"sameAs\":[\"https:\\\/\\\/www.facebook.com\\\/radisfurniture\\\/\"]}]}<\/script>\n<!-- \/ Yoast SEO plugin. -->","yoast_head_json":{"title":"Buffet ROMB 2x4 - Radis","robots":{"index":"index","follow":"follow","max-snippet":"max-snippet:-1","max-image-preview":"max-image-preview:large","max-video-preview":"max-video-preview:-1"},"canonical":"https:\/\/radis.ee\/kummut-romb-2x4\/","og_locale":"fr_FR","og_type":"article","og_title":"Buffet ROMB 2x4 - Radis","og_description":"Beaucoup ne le savent pas, mais en fait, il y a certaines limites \u00e0 la beaut\u00e9 de la commode. Par exemple, plus belle que cette commode n&rsquo;est plus autoris\u00e9e. Vous pouvez m\u00eame voir! Vous seul pouvez voir derri\u00e8re les myst\u00e9rieux motifs de porte. La hauteur int\u00e9rieure des \u00e9tag\u00e8res est de 33 cm, elle convient donc...","og_url":"https:\/\/radis.ee\/kummut-romb-2x4\/","og_site_name":"Radis","article_publisher":"https:\/\/www.facebook.com\/radisfurniture\/","article_modified_time":"2024-01-30T19:49:17+00:00","og_image":[{"width":1820,"height":2356,"url":"https:\/\/radis.ee\/wp-content\/uploads\/2020\/10\/RADIS_sideboards_ROMB_2x4_Pebble_Grey_doors_White_CPL_plywood_2.jpg","type":"image\/jpeg"}],"twitter_card":"summary_large_image","twitter_misc":{"Dur\u00e9e de lecture estim\u00e9e":"1 minute"},"schema":{"@context":"https:\/\/schema.org","@graph":[{"@type":"WebPage","@id":"https:\/\/radis.ee\/kummut-romb-2x4\/","url":"https:\/\/radis.ee\/kummut-romb-2x4\/","name":"Buffet ROMB 2x4 - Radis","isPartOf":{"@id":"https:\/\/radis.ee\/#website"},"primaryImageOfPage":{"@id":"https:\/\/radis.ee\/kummut-romb-2x4\/#primaryimage"},"image":{"@id":"https:\/\/radis.ee\/kummut-romb-2x4\/#primaryimage"},"thumbnailUrl":"https:\/\/radis.ee\/wp-content\/uploads\/2020\/10\/RADIS_sideboards_ROMB_2x4_Pebble_Grey_doors_White_CPL_plywood_2.jpg","datePublished":"2021-12-29T17:55:35+00:00","dateModified":"2024-01-30T19:49:17+00:00","breadcrumb":{"@id":"https:\/\/radis.ee\/kummut-romb-2x4\/#breadcrumb"},"inLanguage":"fr-FR","potentialAction":[{"@type":"ReadAction","target":["https:\/\/radis.ee\/kummut-romb-2x4\/"]}]},{"@type":"ImageObject","inLanguage":"fr-FR","@id":"https:\/\/radis.ee\/kummut-romb-2x4\/#primaryimage","url":"https:\/\/radis.ee\/wp-content\/uploads\/2020\/10\/RADIS_sideboards_ROMB_2x4_Pebble_Grey_doors_White_CPL_plywood_2.jpg","contentUrl":"https:\/\/radis.ee\/wp-content\/uploads\/2020\/10\/RADIS_sideboards_ROMB_2x4_Pebble_Grey_doors_White_CPL_plywood_2.jpg","width":1820,"height":2356,"caption":"Radis sideboard ROMB"},{"@type":"BreadcrumbList","@id":"https:\/\/radis.ee\/kummut-romb-2x4\/#breadcrumb","itemListElement":[{"@type":"ListItem","position":1,"name":"Home","item":"https:\/\/radis.ee\/"},{"@type":"ListItem","position":2,"name":"Magasin","item":"https:\/\/radis.ee\/fr\/magasin\/"},{"@type":"ListItem","position":3,"name":"Buffet ROMB 2&#215;4"}]},{"@type":"WebSite","@id":"https:\/\/radis.ee\/#website","url":"https:\/\/radis.ee\/","name":"Radis","description":"Nordic design furniture, environmentally friendly and sustainable.","publisher":{"@id":"https:\/\/radis.ee\/#organization"},"potentialAction":[{"@type":"SearchAction","target":{"@type":"EntryPoint","urlTemplate":"https:\/\/radis.ee\/?s={search_term_string}"},"query-input":{"@type":"PropertyValueSpecification","valueRequired":true,"valueName":"search_term_string"}}],"inLanguage":"fr-FR"},{"@type":"Organization","@id":"https:\/\/radis.ee\/#organization","name":"Radis O\u00dc","url":"https:\/\/radis.ee\/","logo":{"@type":"ImageObject","inLanguage":"fr-FR","@id":"https:\/\/radis.ee\/#\/schema\/logo\/image\/","url":"https:\/\/radis.ee\/wp-content\/uploads\/2020\/10\/Radis-logo.png","contentUrl":"https:\/\/radis.ee\/wp-content\/uploads\/2020\/10\/Radis-logo.png","width":300,"height":63,"caption":"Radis O\u00dc"},"image":{"@id":"https:\/\/radis.ee\/#\/schema\/logo\/image\/"},"sameAs":["https:\/\/www.facebook.com\/radisfurniture\/"]}]}},"_links":{"self":[{"href":"https:\/\/radis.ee\/fr\/wp-json\/wp\/v2\/product\/12818","targetHints":{"allow":["GET"]}}],"collection":[{"href":"https:\/\/radis.ee\/fr\/wp-json\/wp\/v2\/product"}],"about":[{"href":"https:\/\/radis.ee\/fr\/wp-json\/wp\/v2\/types\/product"}],"replies":[{"embeddable":true,"href":"https:\/\/radis.ee\/fr\/wp-json\/wp\/v2\/comments?post=12818"}],"wp:featuredmedia":[{"embeddable":true,"href":"https:\/\/radis.ee\/fr\/wp-json\/wp\/v2\/media\/15045"}],"wp:attachment":[{"href":"https:\/\/radis.ee\/fr\/wp-json\/wp\/v2\/media?parent=12818"}],"wp:term":[{"taxonomy":"product_brand","embeddable":true,"href":"https:\/\/radis.ee\/fr\/wp-json\/wp\/v2\/product_brand?post=12818"},{"taxonomy":"product_cat","embeddable":true,"href":"https:\/\/radis.ee\/fr\/wp-json\/wp\/v2\/product_cat?post=12818"},{"taxonomy":"product_tag","embeddable":true,"href":"https:\/\/radis.ee\/fr\/wp-json\/wp\/v2\/product_tag?post=12818"}],"curies":[{"name":"wp","href":"https:\/\/api.w.org\/{rel}","templated":true}]}}