{"id":13431,"date":"2022-10-06T19:22:44","date_gmt":"2022-10-06T16:22:44","guid":{"rendered":"https:\/\/radis.ee\/?post_type=product&#038;p=13431"},"modified":"2025-11-21T00:25:57","modified_gmt":"2025-11-20T22:25:57","slug":"table-a-manger-ronde-man","status":"publish","type":"product","link":"https:\/\/radis.ee\/fr\/table-a-manger-ronde-man\/","title":{"rendered":"Table \u00e0 manger ronde MAN"},"content":{"rendered":"<p>La table \u00e0 manger ronde MAN est pr\u00eate pour des conversations de d\u00eener qui changent le monde, des plats gastronomiques et aussi de bons repas du dimanche avec votre famille. Cette table est fabriqu\u00e9e en contreplaqu\u00e9 de qualit\u00e9 sup\u00e9rieure et recouverte de stratifi\u00e9 mat soyeux \u00e0 haute pression (HPL) ou de placage de ch\u00eane, qui procure chaleur et durabilit\u00e9.<\/p>\n<p>La table \u00e0 manger ronde MAN poss\u00e8de des pieds coniques en m\u00e9tal noir ou des pieds fins en bois de bouleau, qui peuvent \u00eatre noirs ou en ch\u00eane clair, selon vos pr\u00e9f\u00e9rences.<\/p>\n<p>La surface \u00e9l\u00e9gante semble digne dans n&rsquo;importe quel int\u00e9rieur. La table ronde MAN est un bon compl\u00e9ment \u00e0 votre salon mais elle peut tout aussi bien s&rsquo;int\u00e9grer dans un bureau. La table \u00e0 manger MAN fera de votre maison un nouveau c\u0153ur autour duquel vous cr\u00e9erez de nouveaux souvenirs avec vos proches pour les ann\u00e9es \u00e0 venir.<\/p>\n","protected":false},"excerpt":{"rendered":"<p>La table \u00e0 manger ronde MAN est pr\u00eate pour des conversations de d\u00eener qui changent le monde, des plats gastronomiques et aussi de bons repas du dimanche avec votre famille. Cette table est fabriqu\u00e9e en contreplaqu\u00e9 de qualit\u00e9 sup\u00e9rieure et recouverte de stratifi\u00e9 mat soyeux \u00e0 haute pression (HPL) ou de placage de ch\u00eane, qui&#8230;<\/p>\n","protected":false},"featured_media":30590,"comment_status":"open","ping_status":"closed","template":"","meta":{"_acf_changed":false},"product_brand":[],"product_cat":[111],"product_tag":[],"class_list":{"0":"post-13431","1":"product","2":"type-product","3":"status-publish","4":"has-post-thumbnail","6":"product_cat-lauad","8":"first","9":"instock","10":"taxable","11":"shipping-taxable","12":"purchasable","13":"product-type-variable","14":"has-default-attributes"},"acf":[],"yoast_head":"<!-- This site is optimized with the Yoast SEO plugin v27.4 - https:\/\/yoast.com\/product\/yoast-seo-wordpress\/ -->\n<title>Table \u00e0 manger ronde MAN - Radis<\/title>\n<meta name=\"robots\" content=\"index, follow, max-snippet:-1, max-image-preview:large, max-video-preview:-1\" \/>\n<link rel=\"canonical\" href=\"https:\/\/radis.ee\/fr\/table-a-manger-ronde-man\/\" \/>\n<meta property=\"og:locale\" content=\"fr_FR\" \/>\n<meta property=\"og:type\" content=\"article\" \/>\n<meta property=\"og:title\" content=\"Table \u00e0 manger ronde MAN - Radis\" \/>\n<meta property=\"og:description\" content=\"La table \u00e0 manger ronde MAN est pr\u00eate pour des conversations de d\u00eener qui changent le monde, des plats gastronomiques et aussi de bons repas du dimanche avec votre famille. Cette table est fabriqu\u00e9e en contreplaqu\u00e9 de qualit\u00e9 sup\u00e9rieure et recouverte de stratifi\u00e9 mat soyeux \u00e0 haute pression (HPL) ou de placage de ch\u00eane, qui...\" \/>\n<meta property=\"og:url\" content=\"https:\/\/radis.ee\/fr\/table-a-manger-ronde-man\/\" \/>\n<meta property=\"og:site_name\" content=\"Radis\" \/>\n<meta property=\"article:publisher\" content=\"https:\/\/www.facebook.com\/radisfurniture\/\" \/>\n<meta property=\"article:modified_time\" content=\"2025-11-20T22:25:57+00:00\" \/>\n<meta property=\"og:image\" content=\"https:\/\/radis.ee\/wp-content\/uploads\/2022\/10\/Radis_Furniture_round_dining_table_MAN_Oak_veneered_plywood_conical-metal-legs_white_background.webp\" \/>\n\t<meta property=\"og:image:width\" content=\"682\" \/>\n\t<meta property=\"og:image:height\" content=\"736\" \/>\n\t<meta property=\"og:image:type\" content=\"image\/webp\" \/>\n<meta name=\"twitter:card\" content=\"summary_large_image\" \/>\n<meta name=\"twitter:label1\" content=\"Dur\u00e9e de lecture estim\u00e9e\" \/>\n\t<meta name=\"twitter:data1\" content=\"1 minute\" \/>\n<script type=\"application\/ld+json\" class=\"yoast-schema-graph\">{\"@context\":\"https:\\\/\\\/schema.org\",\"@graph\":[{\"@type\":\"WebPage\",\"@id\":\"https:\\\/\\\/radis.ee\\\/fr\\\/table-a-manger-ronde-man\\\/\",\"url\":\"https:\\\/\\\/radis.ee\\\/fr\\\/table-a-manger-ronde-man\\\/\",\"name\":\"Table \u00e0 manger ronde MAN - Radis\",\"isPartOf\":{\"@id\":\"https:\\\/\\\/radis.ee\\\/#website\"},\"primaryImageOfPage\":{\"@id\":\"https:\\\/\\\/radis.ee\\\/fr\\\/table-a-manger-ronde-man\\\/#primaryimage\"},\"image\":{\"@id\":\"https:\\\/\\\/radis.ee\\\/fr\\\/table-a-manger-ronde-man\\\/#primaryimage\"},\"thumbnailUrl\":\"https:\\\/\\\/radis.ee\\\/wp-content\\\/uploads\\\/2022\\\/10\\\/Radis_Furniture_round_dining_table_MAN_Oak_veneered_plywood_conical-metal-legs_white_background.webp\",\"datePublished\":\"2022-10-06T16:22:44+00:00\",\"dateModified\":\"2025-11-20T22:25:57+00:00\",\"breadcrumb\":{\"@id\":\"https:\\\/\\\/radis.ee\\\/fr\\\/table-a-manger-ronde-man\\\/#breadcrumb\"},\"inLanguage\":\"fr-FR\",\"potentialAction\":[{\"@type\":\"ReadAction\",\"target\":[\"https:\\\/\\\/radis.ee\\\/fr\\\/table-a-manger-ronde-man\\\/\"]}]},{\"@type\":\"ImageObject\",\"inLanguage\":\"fr-FR\",\"@id\":\"https:\\\/\\\/radis.ee\\\/fr\\\/table-a-manger-ronde-man\\\/#primaryimage\",\"url\":\"https:\\\/\\\/radis.ee\\\/wp-content\\\/uploads\\\/2022\\\/10\\\/Radis_Furniture_round_dining_table_MAN_Oak_veneered_plywood_conical-metal-legs_white_background.webp\",\"contentUrl\":\"https:\\\/\\\/radis.ee\\\/wp-content\\\/uploads\\\/2022\\\/10\\\/Radis_Furniture_round_dining_table_MAN_Oak_veneered_plywood_conical-metal-legs_white_background.webp\",\"width\":682,\"height\":736,\"caption\":\"adis Furniture round dining table MAN Oak veneered plywood conical metal legs\"},{\"@type\":\"BreadcrumbList\",\"@id\":\"https:\\\/\\\/radis.ee\\\/fr\\\/table-a-manger-ronde-man\\\/#breadcrumb\",\"itemListElement\":[{\"@type\":\"ListItem\",\"position\":1,\"name\":\"Home\",\"item\":\"https:\\\/\\\/radis.ee\\\/\"},{\"@type\":\"ListItem\",\"position\":2,\"name\":\"Magasin\",\"item\":\"https:\\\/\\\/radis.ee\\\/fr\\\/magasin\\\/\"},{\"@type\":\"ListItem\",\"position\":3,\"name\":\"Table \u00e0 manger ronde MAN\"}]},{\"@type\":\"WebSite\",\"@id\":\"https:\\\/\\\/radis.ee\\\/#website\",\"url\":\"https:\\\/\\\/radis.ee\\\/\",\"name\":\"Radis\",\"description\":\"Nordic design furniture, environmentally friendly and sustainable.\",\"publisher\":{\"@id\":\"https:\\\/\\\/radis.ee\\\/#organization\"},\"potentialAction\":[{\"@type\":\"SearchAction\",\"target\":{\"@type\":\"EntryPoint\",\"urlTemplate\":\"https:\\\/\\\/radis.ee\\\/?s={search_term_string}\"},\"query-input\":{\"@type\":\"PropertyValueSpecification\",\"valueRequired\":true,\"valueName\":\"search_term_string\"}}],\"inLanguage\":\"fr-FR\"},{\"@type\":\"Organization\",\"@id\":\"https:\\\/\\\/radis.ee\\\/#organization\",\"name\":\"Radis O\u00dc\",\"url\":\"https:\\\/\\\/radis.ee\\\/\",\"logo\":{\"@type\":\"ImageObject\",\"inLanguage\":\"fr-FR\",\"@id\":\"https:\\\/\\\/radis.ee\\\/#\\\/schema\\\/logo\\\/image\\\/\",\"url\":\"https:\\\/\\\/radis.ee\\\/wp-content\\\/uploads\\\/2020\\\/10\\\/Radis-logo.png\",\"contentUrl\":\"https:\\\/\\\/radis.ee\\\/wp-content\\\/uploads\\\/2020\\\/10\\\/Radis-logo.png\",\"width\":300,\"height\":63,\"caption\":\"Radis O\u00dc\"},\"image\":{\"@id\":\"https:\\\/\\\/radis.ee\\\/#\\\/schema\\\/logo\\\/image\\\/\"},\"sameAs\":[\"https:\\\/\\\/www.facebook.com\\\/radisfurniture\\\/\"]}]}<\/script>\n<!-- \/ Yoast SEO plugin. -->","yoast_head_json":{"title":"Table \u00e0 manger ronde MAN - Radis","robots":{"index":"index","follow":"follow","max-snippet":"max-snippet:-1","max-image-preview":"max-image-preview:large","max-video-preview":"max-video-preview:-1"},"canonical":"https:\/\/radis.ee\/fr\/table-a-manger-ronde-man\/","og_locale":"fr_FR","og_type":"article","og_title":"Table \u00e0 manger ronde MAN - Radis","og_description":"La table \u00e0 manger ronde MAN est pr\u00eate pour des conversations de d\u00eener qui changent le monde, des plats gastronomiques et aussi de bons repas du dimanche avec votre famille. Cette table est fabriqu\u00e9e en contreplaqu\u00e9 de qualit\u00e9 sup\u00e9rieure et recouverte de stratifi\u00e9 mat soyeux \u00e0 haute pression (HPL) ou de placage de ch\u00eane, qui...","og_url":"https:\/\/radis.ee\/fr\/table-a-manger-ronde-man\/","og_site_name":"Radis","article_publisher":"https:\/\/www.facebook.com\/radisfurniture\/","article_modified_time":"2025-11-20T22:25:57+00:00","og_image":[{"width":682,"height":736,"url":"https:\/\/radis.ee\/wp-content\/uploads\/2022\/10\/Radis_Furniture_round_dining_table_MAN_Oak_veneered_plywood_conical-metal-legs_white_background.webp","type":"image\/webp"}],"twitter_card":"summary_large_image","twitter_misc":{"Dur\u00e9e de lecture estim\u00e9e":"1 minute"},"schema":{"@context":"https:\/\/schema.org","@graph":[{"@type":"WebPage","@id":"https:\/\/radis.ee\/fr\/table-a-manger-ronde-man\/","url":"https:\/\/radis.ee\/fr\/table-a-manger-ronde-man\/","name":"Table \u00e0 manger ronde MAN - Radis","isPartOf":{"@id":"https:\/\/radis.ee\/#website"},"primaryImageOfPage":{"@id":"https:\/\/radis.ee\/fr\/table-a-manger-ronde-man\/#primaryimage"},"image":{"@id":"https:\/\/radis.ee\/fr\/table-a-manger-ronde-man\/#primaryimage"},"thumbnailUrl":"https:\/\/radis.ee\/wp-content\/uploads\/2022\/10\/Radis_Furniture_round_dining_table_MAN_Oak_veneered_plywood_conical-metal-legs_white_background.webp","datePublished":"2022-10-06T16:22:44+00:00","dateModified":"2025-11-20T22:25:57+00:00","breadcrumb":{"@id":"https:\/\/radis.ee\/fr\/table-a-manger-ronde-man\/#breadcrumb"},"inLanguage":"fr-FR","potentialAction":[{"@type":"ReadAction","target":["https:\/\/radis.ee\/fr\/table-a-manger-ronde-man\/"]}]},{"@type":"ImageObject","inLanguage":"fr-FR","@id":"https:\/\/radis.ee\/fr\/table-a-manger-ronde-man\/#primaryimage","url":"https:\/\/radis.ee\/wp-content\/uploads\/2022\/10\/Radis_Furniture_round_dining_table_MAN_Oak_veneered_plywood_conical-metal-legs_white_background.webp","contentUrl":"https:\/\/radis.ee\/wp-content\/uploads\/2022\/10\/Radis_Furniture_round_dining_table_MAN_Oak_veneered_plywood_conical-metal-legs_white_background.webp","width":682,"height":736,"caption":"adis Furniture round dining table MAN Oak veneered plywood conical metal legs"},{"@type":"BreadcrumbList","@id":"https:\/\/radis.ee\/fr\/table-a-manger-ronde-man\/#breadcrumb","itemListElement":[{"@type":"ListItem","position":1,"name":"Home","item":"https:\/\/radis.ee\/"},{"@type":"ListItem","position":2,"name":"Magasin","item":"https:\/\/radis.ee\/fr\/magasin\/"},{"@type":"ListItem","position":3,"name":"Table \u00e0 manger ronde MAN"}]},{"@type":"WebSite","@id":"https:\/\/radis.ee\/#website","url":"https:\/\/radis.ee\/","name":"Radis","description":"Nordic design furniture, environmentally friendly and sustainable.","publisher":{"@id":"https:\/\/radis.ee\/#organization"},"potentialAction":[{"@type":"SearchAction","target":{"@type":"EntryPoint","urlTemplate":"https:\/\/radis.ee\/?s={search_term_string}"},"query-input":{"@type":"PropertyValueSpecification","valueRequired":true,"valueName":"search_term_string"}}],"inLanguage":"fr-FR"},{"@type":"Organization","@id":"https:\/\/radis.ee\/#organization","name":"Radis O\u00dc","url":"https:\/\/radis.ee\/","logo":{"@type":"ImageObject","inLanguage":"fr-FR","@id":"https:\/\/radis.ee\/#\/schema\/logo\/image\/","url":"https:\/\/radis.ee\/wp-content\/uploads\/2020\/10\/Radis-logo.png","contentUrl":"https:\/\/radis.ee\/wp-content\/uploads\/2020\/10\/Radis-logo.png","width":300,"height":63,"caption":"Radis O\u00dc"},"image":{"@id":"https:\/\/radis.ee\/#\/schema\/logo\/image\/"},"sameAs":["https:\/\/www.facebook.com\/radisfurniture\/"]}]}},"_links":{"self":[{"href":"https:\/\/radis.ee\/fr\/wp-json\/wp\/v2\/product\/13431","targetHints":{"allow":["GET"]}}],"collection":[{"href":"https:\/\/radis.ee\/fr\/wp-json\/wp\/v2\/product"}],"about":[{"href":"https:\/\/radis.ee\/fr\/wp-json\/wp\/v2\/types\/product"}],"replies":[{"embeddable":true,"href":"https:\/\/radis.ee\/fr\/wp-json\/wp\/v2\/comments?post=13431"}],"wp:featuredmedia":[{"embeddable":true,"href":"https:\/\/radis.ee\/fr\/wp-json\/wp\/v2\/media\/30590"}],"wp:attachment":[{"href":"https:\/\/radis.ee\/fr\/wp-json\/wp\/v2\/media?parent=13431"}],"wp:term":[{"taxonomy":"product_brand","embeddable":true,"href":"https:\/\/radis.ee\/fr\/wp-json\/wp\/v2\/product_brand?post=13431"},{"taxonomy":"product_cat","embeddable":true,"href":"https:\/\/radis.ee\/fr\/wp-json\/wp\/v2\/product_cat?post=13431"},{"taxonomy":"product_tag","embeddable":true,"href":"https:\/\/radis.ee\/fr\/wp-json\/wp\/v2\/product_tag?post=13431"}],"curies":[{"name":"wp","href":"https:\/\/api.w.org\/{rel}","templated":true}]}}