{"id":14455,"date":"2018-02-02T16:21:02","date_gmt":"2022-02-02T20:43:24","guid":{"rendered":"https:\/\/radis.ee\/?post_type=product&#038;p=14455"},"modified":"2022-02-02T22:43:24","modified_gmt":"2022-02-02T20:43:24","slug":"echantillons-de-materiaux","status":"publish","type":"product","link":"https:\/\/radis.ee\/fr\/echantillons-de-materiaux\/","title":{"rendered":"\u00c9chantillons de mat\u00e9riaux"},"content":{"rendered":"<p>Nous souhaitons que chaque produit Radis apporte de la joie \u00e0 votre maison et s&rsquo;adapte parfaitement \u00e0 l&rsquo;int\u00e9rieur. Nous savons qu&rsquo;il peut parfois \u00eatre difficile de choisir la bonne teinte de finition. Pour simplifier la s\u00e9lection, vous pouvez d\u00e9sormais commander un ensemble d&rsquo;\u00e9chantillons de produits. Vous trouverez ici sept finitions diff\u00e9rentes au choix. Les \u00e9chantillons vous permettent \u00e9galement de vous faire une id\u00e9e des mat\u00e9riaux.<\/p>\n<p>Nous esp\u00e9rons que cette trousse d&rsquo;\u00e9chantillons de produits vous aidera \u00e0 faire un pas de plus vers la cr\u00e9ation de votre maison id\u00e9ale.<\/p>\n","protected":false},"excerpt":{"rendered":"<p>Nous souhaitons que chaque produit Radis apporte de la joie \u00e0 votre maison et s&rsquo;adapte parfaitement \u00e0 l&rsquo;int\u00e9rieur. Nous savons qu&rsquo;il peut parfois \u00eatre difficile de choisir la bonne teinte de finition. Pour simplifier la s\u00e9lection, vous pouvez d\u00e9sormais commander un ensemble d&rsquo;\u00e9chantillons de produits. Vous trouverez ici sept finitions diff\u00e9rentes au choix. Les \u00e9chantillons&#8230;<\/p>\n","protected":false},"featured_media":8423,"comment_status":"open","ping_status":"closed","template":"","meta":{"_acf_changed":false},"product_brand":[],"product_cat":[34],"product_tag":[],"class_list":{"0":"post-14455","1":"product","2":"type-product","3":"status-publish","4":"has-post-thumbnail","6":"product_cat-aksessuaarid","8":"first","9":"instock","10":"taxable","11":"shipping-taxable","12":"purchasable","13":"product-type-simple"},"acf":[],"yoast_head":"<!-- This site is optimized with the Yoast SEO plugin v27.4 - https:\/\/yoast.com\/product\/yoast-seo-wordpress\/ -->\n<title>\u00c9chantillons de mat\u00e9riaux - Radis<\/title>\n<meta name=\"robots\" content=\"index, follow, max-snippet:-1, max-image-preview:large, max-video-preview:-1\" \/>\n<link rel=\"canonical\" href=\"https:\/\/radis.ee\/tooninaidised\/\" \/>\n<meta property=\"og:locale\" content=\"fr_FR\" \/>\n<meta property=\"og:type\" content=\"article\" \/>\n<meta property=\"og:title\" content=\"\u00c9chantillons de mat\u00e9riaux - Radis\" \/>\n<meta property=\"og:description\" content=\"Nous souhaitons que chaque produit Radis apporte de la joie \u00e0 votre maison et s&rsquo;adapte parfaitement \u00e0 l&rsquo;int\u00e9rieur. Nous savons qu&rsquo;il peut parfois \u00eatre difficile de choisir la bonne teinte de finition. Pour simplifier la s\u00e9lection, vous pouvez d\u00e9sormais commander un ensemble d&rsquo;\u00e9chantillons de produits. Vous trouverez ici sept finitions diff\u00e9rentes au choix. Les \u00e9chantillons...\" \/>\n<meta property=\"og:url\" content=\"https:\/\/radis.ee\/tooninaidised\/\" \/>\n<meta property=\"og:site_name\" content=\"Radis\" \/>\n<meta property=\"article:publisher\" content=\"https:\/\/www.facebook.com\/radisfurniture\/\" \/>\n<meta property=\"og:image\" content=\"https:\/\/radis.ee\/wp-content\/uploads\/2020\/10\/RADIS_PLYWOOD_OILWAX_OPTIONS_3_sr.jpg\" \/>\n\t<meta property=\"og:image:width\" content=\"1091\" \/>\n\t<meta property=\"og:image:height\" content=\"950\" \/>\n\t<meta property=\"og:image:type\" content=\"image\/jpeg\" \/>\n<meta name=\"twitter:card\" content=\"summary_large_image\" \/>\n<script type=\"application\/ld+json\" class=\"yoast-schema-graph\">{\"@context\":\"https:\\\/\\\/schema.org\",\"@graph\":[{\"@type\":\"WebPage\",\"@id\":\"https:\\\/\\\/radis.ee\\\/tooninaidised\\\/\",\"url\":\"https:\\\/\\\/radis.ee\\\/tooninaidised\\\/\",\"name\":\"\u00c9chantillons de mat\u00e9riaux - Radis\",\"isPartOf\":{\"@id\":\"https:\\\/\\\/radis.ee\\\/#website\"},\"primaryImageOfPage\":{\"@id\":\"https:\\\/\\\/radis.ee\\\/tooninaidised\\\/#primaryimage\"},\"image\":{\"@id\":\"https:\\\/\\\/radis.ee\\\/tooninaidised\\\/#primaryimage\"},\"thumbnailUrl\":\"https:\\\/\\\/radis.ee\\\/wp-content\\\/uploads\\\/2020\\\/10\\\/RADIS_PLYWOOD_OILWAX_OPTIONS_3_sr.jpg\",\"datePublished\":\"2022-02-02T20:43:24+00:00\",\"breadcrumb\":{\"@id\":\"https:\\\/\\\/radis.ee\\\/tooninaidised\\\/#breadcrumb\"},\"inLanguage\":\"fr-FR\",\"potentialAction\":[{\"@type\":\"ReadAction\",\"target\":[\"https:\\\/\\\/radis.ee\\\/tooninaidised\\\/\"]}]},{\"@type\":\"ImageObject\",\"inLanguage\":\"fr-FR\",\"@id\":\"https:\\\/\\\/radis.ee\\\/tooninaidised\\\/#primaryimage\",\"url\":\"https:\\\/\\\/radis.ee\\\/wp-content\\\/uploads\\\/2020\\\/10\\\/RADIS_PLYWOOD_OILWAX_OPTIONS_3_sr.jpg\",\"contentUrl\":\"https:\\\/\\\/radis.ee\\\/wp-content\\\/uploads\\\/2020\\\/10\\\/RADIS_PLYWOOD_OILWAX_OPTIONS_3_sr.jpg\",\"width\":1091,\"height\":950},{\"@type\":\"BreadcrumbList\",\"@id\":\"https:\\\/\\\/radis.ee\\\/tooninaidised\\\/#breadcrumb\",\"itemListElement\":[{\"@type\":\"ListItem\",\"position\":1,\"name\":\"Home\",\"item\":\"https:\\\/\\\/radis.ee\\\/\"},{\"@type\":\"ListItem\",\"position\":2,\"name\":\"Magasin\",\"item\":\"https:\\\/\\\/radis.ee\\\/fr\\\/magasin\\\/\"},{\"@type\":\"ListItem\",\"position\":3,\"name\":\"\u00c9chantillons de mat\u00e9riaux\"}]},{\"@type\":\"WebSite\",\"@id\":\"https:\\\/\\\/radis.ee\\\/#website\",\"url\":\"https:\\\/\\\/radis.ee\\\/\",\"name\":\"Radis\",\"description\":\"Nordic design furniture, environmentally friendly and sustainable.\",\"publisher\":{\"@id\":\"https:\\\/\\\/radis.ee\\\/#organization\"},\"potentialAction\":[{\"@type\":\"SearchAction\",\"target\":{\"@type\":\"EntryPoint\",\"urlTemplate\":\"https:\\\/\\\/radis.ee\\\/?s={search_term_string}\"},\"query-input\":{\"@type\":\"PropertyValueSpecification\",\"valueRequired\":true,\"valueName\":\"search_term_string\"}}],\"inLanguage\":\"fr-FR\"},{\"@type\":\"Organization\",\"@id\":\"https:\\\/\\\/radis.ee\\\/#organization\",\"name\":\"Radis O\u00dc\",\"url\":\"https:\\\/\\\/radis.ee\\\/\",\"logo\":{\"@type\":\"ImageObject\",\"inLanguage\":\"fr-FR\",\"@id\":\"https:\\\/\\\/radis.ee\\\/#\\\/schema\\\/logo\\\/image\\\/\",\"url\":\"https:\\\/\\\/radis.ee\\\/wp-content\\\/uploads\\\/2020\\\/10\\\/Radis-logo.png\",\"contentUrl\":\"https:\\\/\\\/radis.ee\\\/wp-content\\\/uploads\\\/2020\\\/10\\\/Radis-logo.png\",\"width\":300,\"height\":63,\"caption\":\"Radis O\u00dc\"},\"image\":{\"@id\":\"https:\\\/\\\/radis.ee\\\/#\\\/schema\\\/logo\\\/image\\\/\"},\"sameAs\":[\"https:\\\/\\\/www.facebook.com\\\/radisfurniture\\\/\"]}]}<\/script>\n<!-- \/ Yoast SEO plugin. -->","yoast_head_json":{"title":"\u00c9chantillons de mat\u00e9riaux - Radis","robots":{"index":"index","follow":"follow","max-snippet":"max-snippet:-1","max-image-preview":"max-image-preview:large","max-video-preview":"max-video-preview:-1"},"canonical":"https:\/\/radis.ee\/tooninaidised\/","og_locale":"fr_FR","og_type":"article","og_title":"\u00c9chantillons de mat\u00e9riaux - Radis","og_description":"Nous souhaitons que chaque produit Radis apporte de la joie \u00e0 votre maison et s&rsquo;adapte parfaitement \u00e0 l&rsquo;int\u00e9rieur. Nous savons qu&rsquo;il peut parfois \u00eatre difficile de choisir la bonne teinte de finition. Pour simplifier la s\u00e9lection, vous pouvez d\u00e9sormais commander un ensemble d&rsquo;\u00e9chantillons de produits. Vous trouverez ici sept finitions diff\u00e9rentes au choix. Les \u00e9chantillons...","og_url":"https:\/\/radis.ee\/tooninaidised\/","og_site_name":"Radis","article_publisher":"https:\/\/www.facebook.com\/radisfurniture\/","og_image":[{"width":1091,"height":950,"url":"https:\/\/radis.ee\/wp-content\/uploads\/2020\/10\/RADIS_PLYWOOD_OILWAX_OPTIONS_3_sr.jpg","type":"image\/jpeg"}],"twitter_card":"summary_large_image","schema":{"@context":"https:\/\/schema.org","@graph":[{"@type":"WebPage","@id":"https:\/\/radis.ee\/tooninaidised\/","url":"https:\/\/radis.ee\/tooninaidised\/","name":"\u00c9chantillons de mat\u00e9riaux - Radis","isPartOf":{"@id":"https:\/\/radis.ee\/#website"},"primaryImageOfPage":{"@id":"https:\/\/radis.ee\/tooninaidised\/#primaryimage"},"image":{"@id":"https:\/\/radis.ee\/tooninaidised\/#primaryimage"},"thumbnailUrl":"https:\/\/radis.ee\/wp-content\/uploads\/2020\/10\/RADIS_PLYWOOD_OILWAX_OPTIONS_3_sr.jpg","datePublished":"2022-02-02T20:43:24+00:00","breadcrumb":{"@id":"https:\/\/radis.ee\/tooninaidised\/#breadcrumb"},"inLanguage":"fr-FR","potentialAction":[{"@type":"ReadAction","target":["https:\/\/radis.ee\/tooninaidised\/"]}]},{"@type":"ImageObject","inLanguage":"fr-FR","@id":"https:\/\/radis.ee\/tooninaidised\/#primaryimage","url":"https:\/\/radis.ee\/wp-content\/uploads\/2020\/10\/RADIS_PLYWOOD_OILWAX_OPTIONS_3_sr.jpg","contentUrl":"https:\/\/radis.ee\/wp-content\/uploads\/2020\/10\/RADIS_PLYWOOD_OILWAX_OPTIONS_3_sr.jpg","width":1091,"height":950},{"@type":"BreadcrumbList","@id":"https:\/\/radis.ee\/tooninaidised\/#breadcrumb","itemListElement":[{"@type":"ListItem","position":1,"name":"Home","item":"https:\/\/radis.ee\/"},{"@type":"ListItem","position":2,"name":"Magasin","item":"https:\/\/radis.ee\/fr\/magasin\/"},{"@type":"ListItem","position":3,"name":"\u00c9chantillons de mat\u00e9riaux"}]},{"@type":"WebSite","@id":"https:\/\/radis.ee\/#website","url":"https:\/\/radis.ee\/","name":"Radis","description":"Nordic design furniture, environmentally friendly and sustainable.","publisher":{"@id":"https:\/\/radis.ee\/#organization"},"potentialAction":[{"@type":"SearchAction","target":{"@type":"EntryPoint","urlTemplate":"https:\/\/radis.ee\/?s={search_term_string}"},"query-input":{"@type":"PropertyValueSpecification","valueRequired":true,"valueName":"search_term_string"}}],"inLanguage":"fr-FR"},{"@type":"Organization","@id":"https:\/\/radis.ee\/#organization","name":"Radis O\u00dc","url":"https:\/\/radis.ee\/","logo":{"@type":"ImageObject","inLanguage":"fr-FR","@id":"https:\/\/radis.ee\/#\/schema\/logo\/image\/","url":"https:\/\/radis.ee\/wp-content\/uploads\/2020\/10\/Radis-logo.png","contentUrl":"https:\/\/radis.ee\/wp-content\/uploads\/2020\/10\/Radis-logo.png","width":300,"height":63,"caption":"Radis O\u00dc"},"image":{"@id":"https:\/\/radis.ee\/#\/schema\/logo\/image\/"},"sameAs":["https:\/\/www.facebook.com\/radisfurniture\/"]}]}},"_links":{"self":[{"href":"https:\/\/radis.ee\/fr\/wp-json\/wp\/v2\/product\/14455","targetHints":{"allow":["GET"]}}],"collection":[{"href":"https:\/\/radis.ee\/fr\/wp-json\/wp\/v2\/product"}],"about":[{"href":"https:\/\/radis.ee\/fr\/wp-json\/wp\/v2\/types\/product"}],"replies":[{"embeddable":true,"href":"https:\/\/radis.ee\/fr\/wp-json\/wp\/v2\/comments?post=14455"}],"wp:featuredmedia":[{"embeddable":true,"href":"https:\/\/radis.ee\/fr\/wp-json\/wp\/v2\/media\/8423"}],"wp:attachment":[{"href":"https:\/\/radis.ee\/fr\/wp-json\/wp\/v2\/media?parent=14455"}],"wp:term":[{"taxonomy":"product_brand","embeddable":true,"href":"https:\/\/radis.ee\/fr\/wp-json\/wp\/v2\/product_brand?post=14455"},{"taxonomy":"product_cat","embeddable":true,"href":"https:\/\/radis.ee\/fr\/wp-json\/wp\/v2\/product_cat?post=14455"},{"taxonomy":"product_tag","embeddable":true,"href":"https:\/\/radis.ee\/fr\/wp-json\/wp\/v2\/product_tag?post=14455"}],"curies":[{"name":"wp","href":"https:\/\/api.w.org\/{rel}","templated":true}]}}