{"id":14956,"date":"2020-10-09T00:41:05","date_gmt":"2020-10-08T21:41:05","guid":{"rendered":"https:\/\/radis.ee\/?post_type=product&#038;p=14956"},"modified":"2022-05-19T13:32:36","modified_gmt":"2022-05-19T10:32:36","slug":"buffet-romb-stacked","status":"publish","type":"product","link":"https:\/\/radis.ee\/fr\/buffet-romb-stacked\/","title":{"rendered":"Buffet ROMB Stacked"},"content":{"rendered":"<p>Beaucoup ne le savent pas, mais en fait, il existe certaines limites \u00e0 la beaut\u00e9 de la commode. Par exemple, plus beau que cette commode n&rsquo;est plus permis. Vous pouvez m\u00eame voir! Vous seul pouvez voir derri\u00e8re les motifs myst\u00e9rieux des portes.<\/p>\n<p>Le buffet a 4 \u00e9tages superpos\u00e9s avec 8 portes. Derri\u00e8re les portes, la hauteur int\u00e9rieure est de 33 cm, la largeur de 67 cm, il convient donc \u00e9galement au bureau pour accueillir des dossiers. Fabriqu\u00e9es en contreplaqu\u00e9 de bouleau de haute qualit\u00e9, en contreplaqu\u00e9 cir\u00e9 \u00e0 l&rsquo;huile ou CPL, les charni\u00e8res de porte push2open s&rsquo;ouvrent et se ferment avec une pression.<\/p>\n<p>Le motif sur les portes est grav\u00e9. Le socle mesure 8 cm de haut, ce qui convient \u00e0 diff\u00e9rentes plinthes.<\/p>\n","protected":false},"excerpt":{"rendered":"<p>Beaucoup ne le savent pas, mais en fait, il existe certaines limites \u00e0 la beaut\u00e9 de la commode. Par exemple, plus beau que cette commode n&rsquo;est plus permis. Vous pouvez m\u00eame voir! Vous seul pouvez voir derri\u00e8re les motifs myst\u00e9rieux des portes. Le buffet a 4 \u00e9tages superpos\u00e9s avec 8 portes. Derri\u00e8re les portes, la&#8230;<\/p>\n","protected":false},"featured_media":16426,"comment_status":"open","ping_status":"closed","template":"","meta":{"_acf_changed":false},"product_brand":[],"product_cat":[17],"product_tag":[],"class_list":{"0":"post-14956","1":"product","2":"type-product","3":"status-publish","4":"has-post-thumbnail","6":"product_cat-kummutid","8":"first","9":"instock","10":"sale","11":"taxable","12":"shipping-taxable","13":"purchasable","14":"product-type-variable","15":"has-default-attributes"},"acf":[],"yoast_head":"<!-- This site is optimized with the Yoast SEO plugin v27.3 - https:\/\/yoast.com\/product\/yoast-seo-wordpress\/ -->\n<title>Buffet ROMB Stacked - Radis<\/title>\n<meta name=\"robots\" content=\"index, follow, max-snippet:-1, max-image-preview:large, max-video-preview:-1\" \/>\n<link rel=\"canonical\" href=\"https:\/\/radis.ee\/fr\/buffet-romb-stacked\/\" \/>\n<meta property=\"og:locale\" content=\"fr_FR\" \/>\n<meta property=\"og:type\" content=\"article\" \/>\n<meta property=\"og:title\" content=\"Buffet ROMB Stacked - Radis\" \/>\n<meta property=\"og:description\" content=\"Beaucoup ne le savent pas, mais en fait, il existe certaines limites \u00e0 la beaut\u00e9 de la commode. Par exemple, plus beau que cette commode n&rsquo;est plus permis. Vous pouvez m\u00eame voir! Vous seul pouvez voir derri\u00e8re les motifs myst\u00e9rieux des portes. Le buffet a 4 \u00e9tages superpos\u00e9s avec 8 portes. Derri\u00e8re les portes, la...\" \/>\n<meta property=\"og:url\" content=\"https:\/\/radis.ee\/fr\/buffet-romb-stacked\/\" \/>\n<meta property=\"og:site_name\" content=\"Radis\" \/>\n<meta property=\"article:publisher\" content=\"https:\/\/www.facebook.com\/radisfurniture\/\" \/>\n<meta property=\"article:modified_time\" content=\"2022-05-19T10:32:36+00:00\" \/>\n<meta property=\"og:image\" content=\"https:\/\/radis.ee\/wp-content\/uploads\/2020\/10\/RADIS_sideboard_ROMB_Stacked_Light_Oak_doors_White_CPL_plywood_white_background-scaled.jpg\" \/>\n\t<meta property=\"og:image:width\" content=\"2560\" \/>\n\t<meta property=\"og:image:height\" content=\"2150\" \/>\n\t<meta property=\"og:image:type\" content=\"image\/jpeg\" \/>\n<meta name=\"twitter:card\" content=\"summary_large_image\" \/>\n<meta name=\"twitter:label1\" content=\"Dur\u00e9e de lecture estim\u00e9e\" \/>\n\t<meta name=\"twitter:data1\" content=\"1 minute\" \/>\n<script type=\"application\/ld+json\" class=\"yoast-schema-graph\">{\"@context\":\"https:\\\/\\\/schema.org\",\"@graph\":[{\"@type\":\"WebPage\",\"@id\":\"https:\\\/\\\/radis.ee\\\/fr\\\/buffet-romb-stacked\\\/\",\"url\":\"https:\\\/\\\/radis.ee\\\/fr\\\/buffet-romb-stacked\\\/\",\"name\":\"Buffet ROMB Stacked - Radis\",\"isPartOf\":{\"@id\":\"https:\\\/\\\/radis.ee\\\/#website\"},\"primaryImageOfPage\":{\"@id\":\"https:\\\/\\\/radis.ee\\\/fr\\\/buffet-romb-stacked\\\/#primaryimage\"},\"image\":{\"@id\":\"https:\\\/\\\/radis.ee\\\/fr\\\/buffet-romb-stacked\\\/#primaryimage\"},\"thumbnailUrl\":\"https:\\\/\\\/radis.ee\\\/wp-content\\\/uploads\\\/2020\\\/10\\\/RADIS_sideboard_ROMB_Stacked_Light_Oak_doors_White_CPL_plywood_white_background-scaled.jpg\",\"datePublished\":\"2020-10-08T21:41:05+00:00\",\"dateModified\":\"2022-05-19T10:32:36+00:00\",\"breadcrumb\":{\"@id\":\"https:\\\/\\\/radis.ee\\\/fr\\\/buffet-romb-stacked\\\/#breadcrumb\"},\"inLanguage\":\"fr-FR\",\"potentialAction\":[{\"@type\":\"ReadAction\",\"target\":[\"https:\\\/\\\/radis.ee\\\/fr\\\/buffet-romb-stacked\\\/\"]}]},{\"@type\":\"ImageObject\",\"inLanguage\":\"fr-FR\",\"@id\":\"https:\\\/\\\/radis.ee\\\/fr\\\/buffet-romb-stacked\\\/#primaryimage\",\"url\":\"https:\\\/\\\/radis.ee\\\/wp-content\\\/uploads\\\/2020\\\/10\\\/RADIS_sideboard_ROMB_Stacked_Light_Oak_doors_White_CPL_plywood_white_background-scaled.jpg\",\"contentUrl\":\"https:\\\/\\\/radis.ee\\\/wp-content\\\/uploads\\\/2020\\\/10\\\/RADIS_sideboard_ROMB_Stacked_Light_Oak_doors_White_CPL_plywood_white_background-scaled.jpg\",\"width\":2560,\"height\":2150,\"caption\":\"RADIS sideboard ROMB Stacked natural birch plywood doors white Koskisen CPL\"},{\"@type\":\"BreadcrumbList\",\"@id\":\"https:\\\/\\\/radis.ee\\\/fr\\\/buffet-romb-stacked\\\/#breadcrumb\",\"itemListElement\":[{\"@type\":\"ListItem\",\"position\":1,\"name\":\"Home\",\"item\":\"https:\\\/\\\/radis.ee\\\/\"},{\"@type\":\"ListItem\",\"position\":2,\"name\":\"Magasin\",\"item\":\"https:\\\/\\\/radis.ee\\\/fr\\\/magasin\\\/\"},{\"@type\":\"ListItem\",\"position\":3,\"name\":\"Buffet ROMB Stacked\"}]},{\"@type\":\"WebSite\",\"@id\":\"https:\\\/\\\/radis.ee\\\/#website\",\"url\":\"https:\\\/\\\/radis.ee\\\/\",\"name\":\"Radis\",\"description\":\"Nordic design furniture, environmentally friendly and sustainable.\",\"publisher\":{\"@id\":\"https:\\\/\\\/radis.ee\\\/#organization\"},\"potentialAction\":[{\"@type\":\"SearchAction\",\"target\":{\"@type\":\"EntryPoint\",\"urlTemplate\":\"https:\\\/\\\/radis.ee\\\/?s={search_term_string}\"},\"query-input\":{\"@type\":\"PropertyValueSpecification\",\"valueRequired\":true,\"valueName\":\"search_term_string\"}}],\"inLanguage\":\"fr-FR\"},{\"@type\":\"Organization\",\"@id\":\"https:\\\/\\\/radis.ee\\\/#organization\",\"name\":\"Radis O\u00dc\",\"url\":\"https:\\\/\\\/radis.ee\\\/\",\"logo\":{\"@type\":\"ImageObject\",\"inLanguage\":\"fr-FR\",\"@id\":\"https:\\\/\\\/radis.ee\\\/#\\\/schema\\\/logo\\\/image\\\/\",\"url\":\"https:\\\/\\\/radis.ee\\\/wp-content\\\/uploads\\\/2020\\\/10\\\/Radis-logo.png\",\"contentUrl\":\"https:\\\/\\\/radis.ee\\\/wp-content\\\/uploads\\\/2020\\\/10\\\/Radis-logo.png\",\"width\":300,\"height\":63,\"caption\":\"Radis O\u00dc\"},\"image\":{\"@id\":\"https:\\\/\\\/radis.ee\\\/#\\\/schema\\\/logo\\\/image\\\/\"},\"sameAs\":[\"https:\\\/\\\/www.facebook.com\\\/radisfurniture\\\/\"]}]}<\/script>\n<!-- \/ Yoast SEO plugin. -->","yoast_head_json":{"title":"Buffet ROMB Stacked - Radis","robots":{"index":"index","follow":"follow","max-snippet":"max-snippet:-1","max-image-preview":"max-image-preview:large","max-video-preview":"max-video-preview:-1"},"canonical":"https:\/\/radis.ee\/fr\/buffet-romb-stacked\/","og_locale":"fr_FR","og_type":"article","og_title":"Buffet ROMB Stacked - Radis","og_description":"Beaucoup ne le savent pas, mais en fait, il existe certaines limites \u00e0 la beaut\u00e9 de la commode. Par exemple, plus beau que cette commode n&rsquo;est plus permis. Vous pouvez m\u00eame voir! Vous seul pouvez voir derri\u00e8re les motifs myst\u00e9rieux des portes. Le buffet a 4 \u00e9tages superpos\u00e9s avec 8 portes. Derri\u00e8re les portes, la...","og_url":"https:\/\/radis.ee\/fr\/buffet-romb-stacked\/","og_site_name":"Radis","article_publisher":"https:\/\/www.facebook.com\/radisfurniture\/","article_modified_time":"2022-05-19T10:32:36+00:00","og_image":[{"width":2560,"height":2150,"url":"https:\/\/radis.ee\/wp-content\/uploads\/2020\/10\/RADIS_sideboard_ROMB_Stacked_Light_Oak_doors_White_CPL_plywood_white_background-scaled.jpg","type":"image\/jpeg"}],"twitter_card":"summary_large_image","twitter_misc":{"Dur\u00e9e de lecture estim\u00e9e":"1 minute"},"schema":{"@context":"https:\/\/schema.org","@graph":[{"@type":"WebPage","@id":"https:\/\/radis.ee\/fr\/buffet-romb-stacked\/","url":"https:\/\/radis.ee\/fr\/buffet-romb-stacked\/","name":"Buffet ROMB Stacked - Radis","isPartOf":{"@id":"https:\/\/radis.ee\/#website"},"primaryImageOfPage":{"@id":"https:\/\/radis.ee\/fr\/buffet-romb-stacked\/#primaryimage"},"image":{"@id":"https:\/\/radis.ee\/fr\/buffet-romb-stacked\/#primaryimage"},"thumbnailUrl":"https:\/\/radis.ee\/wp-content\/uploads\/2020\/10\/RADIS_sideboard_ROMB_Stacked_Light_Oak_doors_White_CPL_plywood_white_background-scaled.jpg","datePublished":"2020-10-08T21:41:05+00:00","dateModified":"2022-05-19T10:32:36+00:00","breadcrumb":{"@id":"https:\/\/radis.ee\/fr\/buffet-romb-stacked\/#breadcrumb"},"inLanguage":"fr-FR","potentialAction":[{"@type":"ReadAction","target":["https:\/\/radis.ee\/fr\/buffet-romb-stacked\/"]}]},{"@type":"ImageObject","inLanguage":"fr-FR","@id":"https:\/\/radis.ee\/fr\/buffet-romb-stacked\/#primaryimage","url":"https:\/\/radis.ee\/wp-content\/uploads\/2020\/10\/RADIS_sideboard_ROMB_Stacked_Light_Oak_doors_White_CPL_plywood_white_background-scaled.jpg","contentUrl":"https:\/\/radis.ee\/wp-content\/uploads\/2020\/10\/RADIS_sideboard_ROMB_Stacked_Light_Oak_doors_White_CPL_plywood_white_background-scaled.jpg","width":2560,"height":2150,"caption":"RADIS sideboard ROMB Stacked natural birch plywood doors white Koskisen CPL"},{"@type":"BreadcrumbList","@id":"https:\/\/radis.ee\/fr\/buffet-romb-stacked\/#breadcrumb","itemListElement":[{"@type":"ListItem","position":1,"name":"Home","item":"https:\/\/radis.ee\/"},{"@type":"ListItem","position":2,"name":"Magasin","item":"https:\/\/radis.ee\/fr\/magasin\/"},{"@type":"ListItem","position":3,"name":"Buffet ROMB Stacked"}]},{"@type":"WebSite","@id":"https:\/\/radis.ee\/#website","url":"https:\/\/radis.ee\/","name":"Radis","description":"Nordic design furniture, environmentally friendly and sustainable.","publisher":{"@id":"https:\/\/radis.ee\/#organization"},"potentialAction":[{"@type":"SearchAction","target":{"@type":"EntryPoint","urlTemplate":"https:\/\/radis.ee\/?s={search_term_string}"},"query-input":{"@type":"PropertyValueSpecification","valueRequired":true,"valueName":"search_term_string"}}],"inLanguage":"fr-FR"},{"@type":"Organization","@id":"https:\/\/radis.ee\/#organization","name":"Radis O\u00dc","url":"https:\/\/radis.ee\/","logo":{"@type":"ImageObject","inLanguage":"fr-FR","@id":"https:\/\/radis.ee\/#\/schema\/logo\/image\/","url":"https:\/\/radis.ee\/wp-content\/uploads\/2020\/10\/Radis-logo.png","contentUrl":"https:\/\/radis.ee\/wp-content\/uploads\/2020\/10\/Radis-logo.png","width":300,"height":63,"caption":"Radis O\u00dc"},"image":{"@id":"https:\/\/radis.ee\/#\/schema\/logo\/image\/"},"sameAs":["https:\/\/www.facebook.com\/radisfurniture\/"]}]}},"_links":{"self":[{"href":"https:\/\/radis.ee\/fr\/wp-json\/wp\/v2\/product\/14956","targetHints":{"allow":["GET"]}}],"collection":[{"href":"https:\/\/radis.ee\/fr\/wp-json\/wp\/v2\/product"}],"about":[{"href":"https:\/\/radis.ee\/fr\/wp-json\/wp\/v2\/types\/product"}],"replies":[{"embeddable":true,"href":"https:\/\/radis.ee\/fr\/wp-json\/wp\/v2\/comments?post=14956"}],"wp:featuredmedia":[{"embeddable":true,"href":"https:\/\/radis.ee\/fr\/wp-json\/wp\/v2\/media\/16426"}],"wp:attachment":[{"href":"https:\/\/radis.ee\/fr\/wp-json\/wp\/v2\/media?parent=14956"}],"wp:term":[{"taxonomy":"product_brand","embeddable":true,"href":"https:\/\/radis.ee\/fr\/wp-json\/wp\/v2\/product_brand?post=14956"},{"taxonomy":"product_cat","embeddable":true,"href":"https:\/\/radis.ee\/fr\/wp-json\/wp\/v2\/product_cat?post=14956"},{"taxonomy":"product_tag","embeddable":true,"href":"https:\/\/radis.ee\/fr\/wp-json\/wp\/v2\/product_tag?post=14956"}],"curies":[{"name":"wp","href":"https:\/\/api.w.org\/{rel}","templated":true}]}}