{"id":15896,"date":"2022-10-07T21:45:28","date_gmt":"2022-10-07T18:45:28","guid":{"rendered":"https:\/\/radis.ee\/?post_type=product&#038;p=15896"},"modified":"2022-09-30T16:28:35","modified_gmt":"2022-09-30T13:28:35","slug":"table-pivotante-avec-buffet-foldy","status":"publish","type":"product","link":"https:\/\/radis.ee\/fr\/table-pivotante-avec-buffet-foldy\/","title":{"rendered":"Table pivotante avec buffet FOLDY"},"content":{"rendered":"<p>FOLDY est un hybride buffet-bureau de travail qui met l&rsquo;accent sur la chose la plus importante &#8211; vos besoins. Le dessus de table peut \u00eatre tourn\u00e9 dans la position la plus appropri\u00e9e dans la pi\u00e8ce dans laquelle vous travaillez. Lorsque vous n&rsquo;en avez pas besoin, vous pouvez plier le dessus de table sur le buffet afin qu&rsquo;il ne prenne pas de place. Le buffet lui-m\u00eame a deux portes coulissantes et suffisamment d&rsquo;espace pour y ranger toutes vos fournitures de bureau et vos dossiers. FOLDY\u00a0est une solution novatrice et intelligente \u00e0 l&rsquo;\u00e8re du travail \u00e0 domicile.<\/p>\n<p>Fabriqu\u00e9 en contreplaqu\u00e9 de bouleau, \u00e9galement plaqu\u00e9 ch\u00eane ou avec Forescolor gris clair (panneau de fibres de bois color\u00e9), cir\u00e9 \u00e0 l&rsquo;huile. Portes coulissantes sur roulettes H\u00e4fele. Roues H\u00e4fele cach\u00e9es sur une table pivotante. La largeur des \u00e9tag\u00e8res interm\u00e9diaires internes est de 57 cm. La taille du plateau de table pivotant est de 42&#215;90 cm.<\/p>\n","protected":false},"excerpt":{"rendered":"<p>FOLDY est un hybride buffet-bureau de travail qui met l&rsquo;accent sur la chose la plus importante &#8211; vos besoins. Le dessus de table peut \u00eatre tourn\u00e9 dans la position la plus appropri\u00e9e dans la pi\u00e8ce dans laquelle vous travaillez. Lorsque vous n&rsquo;en avez pas besoin, vous pouvez plier le dessus de table sur le buffet&#8230;<\/p>\n","protected":false},"featured_media":16207,"comment_status":"open","ping_status":"closed","template":"","meta":{"_acf_changed":false},"product_brand":[],"product_cat":[17,111],"product_tag":[],"class_list":{"0":"post-15896","1":"product","2":"type-product","3":"status-publish","4":"has-post-thumbnail","6":"product_cat-kummutid","7":"product_cat-lauad","9":"first","10":"instock","11":"sale","12":"taxable","13":"shipping-taxable","14":"purchasable","15":"product-type-variable","16":"has-default-attributes"},"acf":[],"yoast_head":"<!-- This site is optimized with the Yoast SEO plugin v27.3 - https:\/\/yoast.com\/product\/yoast-seo-wordpress\/ -->\n<title>Table pivotante avec buffet FOLDY - Radis<\/title>\n<meta name=\"robots\" content=\"index, follow, max-snippet:-1, max-image-preview:large, max-video-preview:-1\" \/>\n<link rel=\"canonical\" href=\"https:\/\/radis.ee\/pooratav-laud-kummutiga-foldy\/\" \/>\n<meta property=\"og:locale\" content=\"fr_FR\" \/>\n<meta property=\"og:type\" content=\"article\" \/>\n<meta property=\"og:title\" content=\"Table pivotante avec buffet FOLDY - Radis\" \/>\n<meta property=\"og:description\" content=\"FOLDY est un hybride buffet-bureau de travail qui met l&rsquo;accent sur la chose la plus importante &#8211; vos besoins. Le dessus de table peut \u00eatre tourn\u00e9 dans la position la plus appropri\u00e9e dans la pi\u00e8ce dans laquelle vous travaillez. Lorsque vous n&rsquo;en avez pas besoin, vous pouvez plier le dessus de table sur le buffet...\" \/>\n<meta property=\"og:url\" content=\"https:\/\/radis.ee\/pooratav-laud-kummutiga-foldy\/\" \/>\n<meta property=\"og:site_name\" content=\"Radis\" \/>\n<meta property=\"article:publisher\" content=\"https:\/\/www.facebook.com\/radisfurniture\/\" \/>\n<meta property=\"og:image\" content=\"https:\/\/radis.ee\/wp-content\/uploads\/2020\/10\/RADIS_swivel_table_with_sideboard_-FOLDY_oak_veneered_back_stain_white_background-scaled.jpg\" \/>\n\t<meta property=\"og:image:width\" content=\"2151\" \/>\n\t<meta property=\"og:image:height\" content=\"2560\" \/>\n\t<meta property=\"og:image:type\" content=\"image\/jpeg\" \/>\n<meta name=\"twitter:card\" content=\"summary_large_image\" \/>\n<meta name=\"twitter:label1\" content=\"Dur\u00e9e de lecture estim\u00e9e\" \/>\n\t<meta name=\"twitter:data1\" content=\"1 minute\" \/>\n<script type=\"application\/ld+json\" class=\"yoast-schema-graph\">{\"@context\":\"https:\\\/\\\/schema.org\",\"@graph\":[{\"@type\":\"WebPage\",\"@id\":\"https:\\\/\\\/radis.ee\\\/pooratav-laud-kummutiga-foldy\\\/\",\"url\":\"https:\\\/\\\/radis.ee\\\/pooratav-laud-kummutiga-foldy\\\/\",\"name\":\"Table pivotante avec buffet FOLDY - Radis\",\"isPartOf\":{\"@id\":\"https:\\\/\\\/radis.ee\\\/#website\"},\"primaryImageOfPage\":{\"@id\":\"https:\\\/\\\/radis.ee\\\/pooratav-laud-kummutiga-foldy\\\/#primaryimage\"},\"image\":{\"@id\":\"https:\\\/\\\/radis.ee\\\/pooratav-laud-kummutiga-foldy\\\/#primaryimage\"},\"thumbnailUrl\":\"https:\\\/\\\/radis.ee\\\/wp-content\\\/uploads\\\/2020\\\/10\\\/RADIS_swivel_table_with_sideboard_-FOLDY_oak_veneered_back_stain_white_background-scaled.jpg\",\"datePublished\":\"2022-10-07T18:45:28+00:00\",\"breadcrumb\":{\"@id\":\"https:\\\/\\\/radis.ee\\\/pooratav-laud-kummutiga-foldy\\\/#breadcrumb\"},\"inLanguage\":\"fr-FR\",\"potentialAction\":[{\"@type\":\"ReadAction\",\"target\":[\"https:\\\/\\\/radis.ee\\\/pooratav-laud-kummutiga-foldy\\\/\"]}]},{\"@type\":\"ImageObject\",\"inLanguage\":\"fr-FR\",\"@id\":\"https:\\\/\\\/radis.ee\\\/pooratav-laud-kummutiga-foldy\\\/#primaryimage\",\"url\":\"https:\\\/\\\/radis.ee\\\/wp-content\\\/uploads\\\/2020\\\/10\\\/RADIS_swivel_table_with_sideboard_-FOLDY_oak_veneered_back_stain_white_background-scaled.jpg\",\"contentUrl\":\"https:\\\/\\\/radis.ee\\\/wp-content\\\/uploads\\\/2020\\\/10\\\/RADIS_swivel_table_with_sideboard_-FOLDY_oak_veneered_back_stain_white_background-scaled.jpg\",\"width\":2151,\"height\":2560,\"caption\":\"RADIS swivel table with sideboard oak veneered black stained\"},{\"@type\":\"BreadcrumbList\",\"@id\":\"https:\\\/\\\/radis.ee\\\/pooratav-laud-kummutiga-foldy\\\/#breadcrumb\",\"itemListElement\":[{\"@type\":\"ListItem\",\"position\":1,\"name\":\"Home\",\"item\":\"https:\\\/\\\/radis.ee\\\/\"},{\"@type\":\"ListItem\",\"position\":2,\"name\":\"Magasin\",\"item\":\"https:\\\/\\\/radis.ee\\\/fr\\\/magasin\\\/\"},{\"@type\":\"ListItem\",\"position\":3,\"name\":\"Table pivotante avec buffet FOLDY\"}]},{\"@type\":\"WebSite\",\"@id\":\"https:\\\/\\\/radis.ee\\\/#website\",\"url\":\"https:\\\/\\\/radis.ee\\\/\",\"name\":\"Radis\",\"description\":\"Nordic design furniture, environmentally friendly and sustainable.\",\"publisher\":{\"@id\":\"https:\\\/\\\/radis.ee\\\/#organization\"},\"potentialAction\":[{\"@type\":\"SearchAction\",\"target\":{\"@type\":\"EntryPoint\",\"urlTemplate\":\"https:\\\/\\\/radis.ee\\\/?s={search_term_string}\"},\"query-input\":{\"@type\":\"PropertyValueSpecification\",\"valueRequired\":true,\"valueName\":\"search_term_string\"}}],\"inLanguage\":\"fr-FR\"},{\"@type\":\"Organization\",\"@id\":\"https:\\\/\\\/radis.ee\\\/#organization\",\"name\":\"Radis O\u00dc\",\"url\":\"https:\\\/\\\/radis.ee\\\/\",\"logo\":{\"@type\":\"ImageObject\",\"inLanguage\":\"fr-FR\",\"@id\":\"https:\\\/\\\/radis.ee\\\/#\\\/schema\\\/logo\\\/image\\\/\",\"url\":\"https:\\\/\\\/radis.ee\\\/wp-content\\\/uploads\\\/2020\\\/10\\\/Radis-logo.png\",\"contentUrl\":\"https:\\\/\\\/radis.ee\\\/wp-content\\\/uploads\\\/2020\\\/10\\\/Radis-logo.png\",\"width\":300,\"height\":63,\"caption\":\"Radis O\u00dc\"},\"image\":{\"@id\":\"https:\\\/\\\/radis.ee\\\/#\\\/schema\\\/logo\\\/image\\\/\"},\"sameAs\":[\"https:\\\/\\\/www.facebook.com\\\/radisfurniture\\\/\"]}]}<\/script>\n<!-- \/ Yoast SEO plugin. -->","yoast_head_json":{"title":"Table pivotante avec buffet FOLDY - Radis","robots":{"index":"index","follow":"follow","max-snippet":"max-snippet:-1","max-image-preview":"max-image-preview:large","max-video-preview":"max-video-preview:-1"},"canonical":"https:\/\/radis.ee\/pooratav-laud-kummutiga-foldy\/","og_locale":"fr_FR","og_type":"article","og_title":"Table pivotante avec buffet FOLDY - Radis","og_description":"FOLDY est un hybride buffet-bureau de travail qui met l&rsquo;accent sur la chose la plus importante &#8211; vos besoins. Le dessus de table peut \u00eatre tourn\u00e9 dans la position la plus appropri\u00e9e dans la pi\u00e8ce dans laquelle vous travaillez. Lorsque vous n&rsquo;en avez pas besoin, vous pouvez plier le dessus de table sur le buffet...","og_url":"https:\/\/radis.ee\/pooratav-laud-kummutiga-foldy\/","og_site_name":"Radis","article_publisher":"https:\/\/www.facebook.com\/radisfurniture\/","og_image":[{"width":2151,"height":2560,"url":"https:\/\/radis.ee\/wp-content\/uploads\/2020\/10\/RADIS_swivel_table_with_sideboard_-FOLDY_oak_veneered_back_stain_white_background-scaled.jpg","type":"image\/jpeg"}],"twitter_card":"summary_large_image","twitter_misc":{"Dur\u00e9e de lecture estim\u00e9e":"1 minute"},"schema":{"@context":"https:\/\/schema.org","@graph":[{"@type":"WebPage","@id":"https:\/\/radis.ee\/pooratav-laud-kummutiga-foldy\/","url":"https:\/\/radis.ee\/pooratav-laud-kummutiga-foldy\/","name":"Table pivotante avec buffet FOLDY - Radis","isPartOf":{"@id":"https:\/\/radis.ee\/#website"},"primaryImageOfPage":{"@id":"https:\/\/radis.ee\/pooratav-laud-kummutiga-foldy\/#primaryimage"},"image":{"@id":"https:\/\/radis.ee\/pooratav-laud-kummutiga-foldy\/#primaryimage"},"thumbnailUrl":"https:\/\/radis.ee\/wp-content\/uploads\/2020\/10\/RADIS_swivel_table_with_sideboard_-FOLDY_oak_veneered_back_stain_white_background-scaled.jpg","datePublished":"2022-10-07T18:45:28+00:00","breadcrumb":{"@id":"https:\/\/radis.ee\/pooratav-laud-kummutiga-foldy\/#breadcrumb"},"inLanguage":"fr-FR","potentialAction":[{"@type":"ReadAction","target":["https:\/\/radis.ee\/pooratav-laud-kummutiga-foldy\/"]}]},{"@type":"ImageObject","inLanguage":"fr-FR","@id":"https:\/\/radis.ee\/pooratav-laud-kummutiga-foldy\/#primaryimage","url":"https:\/\/radis.ee\/wp-content\/uploads\/2020\/10\/RADIS_swivel_table_with_sideboard_-FOLDY_oak_veneered_back_stain_white_background-scaled.jpg","contentUrl":"https:\/\/radis.ee\/wp-content\/uploads\/2020\/10\/RADIS_swivel_table_with_sideboard_-FOLDY_oak_veneered_back_stain_white_background-scaled.jpg","width":2151,"height":2560,"caption":"RADIS swivel table with sideboard oak veneered black stained"},{"@type":"BreadcrumbList","@id":"https:\/\/radis.ee\/pooratav-laud-kummutiga-foldy\/#breadcrumb","itemListElement":[{"@type":"ListItem","position":1,"name":"Home","item":"https:\/\/radis.ee\/"},{"@type":"ListItem","position":2,"name":"Magasin","item":"https:\/\/radis.ee\/fr\/magasin\/"},{"@type":"ListItem","position":3,"name":"Table pivotante avec buffet FOLDY"}]},{"@type":"WebSite","@id":"https:\/\/radis.ee\/#website","url":"https:\/\/radis.ee\/","name":"Radis","description":"Nordic design furniture, environmentally friendly and sustainable.","publisher":{"@id":"https:\/\/radis.ee\/#organization"},"potentialAction":[{"@type":"SearchAction","target":{"@type":"EntryPoint","urlTemplate":"https:\/\/radis.ee\/?s={search_term_string}"},"query-input":{"@type":"PropertyValueSpecification","valueRequired":true,"valueName":"search_term_string"}}],"inLanguage":"fr-FR"},{"@type":"Organization","@id":"https:\/\/radis.ee\/#organization","name":"Radis O\u00dc","url":"https:\/\/radis.ee\/","logo":{"@type":"ImageObject","inLanguage":"fr-FR","@id":"https:\/\/radis.ee\/#\/schema\/logo\/image\/","url":"https:\/\/radis.ee\/wp-content\/uploads\/2020\/10\/Radis-logo.png","contentUrl":"https:\/\/radis.ee\/wp-content\/uploads\/2020\/10\/Radis-logo.png","width":300,"height":63,"caption":"Radis O\u00dc"},"image":{"@id":"https:\/\/radis.ee\/#\/schema\/logo\/image\/"},"sameAs":["https:\/\/www.facebook.com\/radisfurniture\/"]}]}},"_links":{"self":[{"href":"https:\/\/radis.ee\/fr\/wp-json\/wp\/v2\/product\/15896","targetHints":{"allow":["GET"]}}],"collection":[{"href":"https:\/\/radis.ee\/fr\/wp-json\/wp\/v2\/product"}],"about":[{"href":"https:\/\/radis.ee\/fr\/wp-json\/wp\/v2\/types\/product"}],"replies":[{"embeddable":true,"href":"https:\/\/radis.ee\/fr\/wp-json\/wp\/v2\/comments?post=15896"}],"wp:featuredmedia":[{"embeddable":true,"href":"https:\/\/radis.ee\/fr\/wp-json\/wp\/v2\/media\/16207"}],"wp:attachment":[{"href":"https:\/\/radis.ee\/fr\/wp-json\/wp\/v2\/media?parent=15896"}],"wp:term":[{"taxonomy":"product_brand","embeddable":true,"href":"https:\/\/radis.ee\/fr\/wp-json\/wp\/v2\/product_brand?post=15896"},{"taxonomy":"product_cat","embeddable":true,"href":"https:\/\/radis.ee\/fr\/wp-json\/wp\/v2\/product_cat?post=15896"},{"taxonomy":"product_tag","embeddable":true,"href":"https:\/\/radis.ee\/fr\/wp-json\/wp\/v2\/product_tag?post=15896"}],"curies":[{"name":"wp","href":"https:\/\/api.w.org\/{rel}","templated":true}]}}