{"id":17222,"date":"2022-08-12T12:45:35","date_gmt":"2022-08-12T09:45:35","guid":{"rendered":"https:\/\/radis.ee\/?post_type=product&#038;p=17222"},"modified":"2025-11-28T20:50:21","modified_gmt":"2025-11-28T18:50:21","slug":"table-de-chevet-noble","status":"publish","type":"product","link":"https:\/\/radis.ee\/fr\/table-de-chevet-noble\/","title":{"rendered":"Table de chevet NOBLE"},"content":{"rendered":"<p>La table de chevet NOBLE est une chose magique. Il flotte sans effort dans les airs, ce qui facilite le nettoyage de votre chambre. Le fait qu&rsquo;il ne touche pas le sol signifie que votre robot aspirateur peut faire son travail sans aucune distraction.<\/p>\n<p>Il est dot\u00e9 d&rsquo;un tiroir \u00e0 fermeture en douceur et d&rsquo;une \u00e9tag\u00e8re pour que vous puissiez facilement garder \u00e0 port\u00e9e de main des livres, des mouchoirs et tout ce dont vous avez besoin.<\/p>\n<p>La table de chevet doit \u00eatre fix\u00e9e au mur \u00e0 l&rsquo;aide d&rsquo;un support, et \u00e9ventuellement avec des pieds en ch\u00eane de 16 cm de haut.<\/p>\n<p>Une forme carr\u00e9e simple le rend adapt\u00e9 \u00e0 tous les types d&rsquo;int\u00e9rieurs et de types de lit.<\/p>\n<p>Fabriqu\u00e9 en contreplaqu\u00e9 de bouleau avec placage de ch\u00eane, cir\u00e9 \u00e0 l&rsquo;huile. Et aussi avec du stratifi\u00e9 HPL haute pression blanc sur contreplaqu\u00e9. La table de chevet est d\u00e9j\u00e0 assembl\u00e9e. La largeur du tiroir en contreplaqu\u00e9 naturel est de 30 cm, profondeur 29 cm, hauteur 11 cm.<\/p>\n","protected":false},"excerpt":{"rendered":"<p>La table de chevet NOBLE est une chose magique. Il flotte sans effort dans les airs, ce qui facilite le nettoyage de votre chambre. Le fait qu&rsquo;il ne touche pas le sol signifie que votre robot aspirateur peut faire son travail sans aucune distraction. Il est dot\u00e9 d&rsquo;un tiroir \u00e0 fermeture en douceur et d&rsquo;une&#8230;<\/p>\n","protected":false},"featured_media":17234,"comment_status":"open","ping_status":"closed","template":"","meta":{"_acf_changed":false},"product_brand":[],"product_cat":[34,113],"product_tag":[],"class_list":{"0":"post-17222","1":"product","2":"type-product","3":"status-publish","4":"has-post-thumbnail","6":"product_cat-aksessuaarid","7":"product_cat-voodid","9":"first","10":"instock","11":"taxable","12":"shipping-taxable","13":"purchasable","14":"product-type-variable","15":"has-default-attributes"},"acf":[],"yoast_head":"<!-- This site is optimized with the Yoast SEO plugin v27.4 - https:\/\/yoast.com\/product\/yoast-seo-wordpress\/ -->\n<title>Table de chevet NOBLE - Radis<\/title>\n<meta name=\"robots\" content=\"index, follow, max-snippet:-1, max-image-preview:large, max-video-preview:-1\" \/>\n<link rel=\"canonical\" href=\"https:\/\/radis.ee\/fr\/table-de-chevet-noble\/\" \/>\n<meta property=\"og:locale\" content=\"fr_FR\" \/>\n<meta property=\"og:type\" content=\"article\" \/>\n<meta property=\"og:title\" content=\"Table de chevet NOBLE - Radis\" \/>\n<meta property=\"og:description\" content=\"La table de chevet NOBLE est une chose magique. Il flotte sans effort dans les airs, ce qui facilite le nettoyage de votre chambre. Le fait qu&rsquo;il ne touche pas le sol signifie que votre robot aspirateur peut faire son travail sans aucune distraction. Il est dot\u00e9 d&rsquo;un tiroir \u00e0 fermeture en douceur et d&rsquo;une...\" \/>\n<meta property=\"og:url\" content=\"https:\/\/radis.ee\/fr\/table-de-chevet-noble\/\" \/>\n<meta property=\"og:site_name\" content=\"Radis\" \/>\n<meta property=\"article:publisher\" content=\"https:\/\/www.facebook.com\/radisfurniture\/\" \/>\n<meta property=\"article:modified_time\" content=\"2025-11-28T18:50:21+00:00\" \/>\n<meta property=\"og:image\" content=\"https:\/\/radis.ee\/wp-content\/uploads\/2022\/09\/RADIS_bedside_table_NOBLE_Oak_veneered_white_background.jpg\" \/>\n\t<meta property=\"og:image:width\" content=\"1200\" \/>\n\t<meta property=\"og:image:height\" content=\"1429\" \/>\n\t<meta property=\"og:image:type\" content=\"image\/jpeg\" \/>\n<meta name=\"twitter:card\" content=\"summary_large_image\" \/>\n<meta name=\"twitter:label1\" content=\"Dur\u00e9e de lecture estim\u00e9e\" \/>\n\t<meta name=\"twitter:data1\" content=\"1 minute\" \/>\n<script type=\"application\/ld+json\" class=\"yoast-schema-graph\">{\"@context\":\"https:\\\/\\\/schema.org\",\"@graph\":[{\"@type\":\"WebPage\",\"@id\":\"https:\\\/\\\/radis.ee\\\/fr\\\/table-de-chevet-noble\\\/\",\"url\":\"https:\\\/\\\/radis.ee\\\/fr\\\/table-de-chevet-noble\\\/\",\"name\":\"Table de chevet NOBLE - Radis\",\"isPartOf\":{\"@id\":\"https:\\\/\\\/radis.ee\\\/#website\"},\"primaryImageOfPage\":{\"@id\":\"https:\\\/\\\/radis.ee\\\/fr\\\/table-de-chevet-noble\\\/#primaryimage\"},\"image\":{\"@id\":\"https:\\\/\\\/radis.ee\\\/fr\\\/table-de-chevet-noble\\\/#primaryimage\"},\"thumbnailUrl\":\"https:\\\/\\\/radis.ee\\\/wp-content\\\/uploads\\\/2022\\\/09\\\/RADIS_bedside_table_NOBLE_Oak_veneered_white_background.jpg\",\"datePublished\":\"2022-08-12T09:45:35+00:00\",\"dateModified\":\"2025-11-28T18:50:21+00:00\",\"breadcrumb\":{\"@id\":\"https:\\\/\\\/radis.ee\\\/fr\\\/table-de-chevet-noble\\\/#breadcrumb\"},\"inLanguage\":\"fr-FR\",\"potentialAction\":[{\"@type\":\"ReadAction\",\"target\":[\"https:\\\/\\\/radis.ee\\\/fr\\\/table-de-chevet-noble\\\/\"]}]},{\"@type\":\"ImageObject\",\"inLanguage\":\"fr-FR\",\"@id\":\"https:\\\/\\\/radis.ee\\\/fr\\\/table-de-chevet-noble\\\/#primaryimage\",\"url\":\"https:\\\/\\\/radis.ee\\\/wp-content\\\/uploads\\\/2022\\\/09\\\/RADIS_bedside_table_NOBLE_Oak_veneered_white_background.jpg\",\"contentUrl\":\"https:\\\/\\\/radis.ee\\\/wp-content\\\/uploads\\\/2022\\\/09\\\/RADIS_bedside_table_NOBLE_Oak_veneered_white_background.jpg\",\"width\":1200,\"height\":1429,\"caption\":\"Bedside table NOBLE\"},{\"@type\":\"BreadcrumbList\",\"@id\":\"https:\\\/\\\/radis.ee\\\/fr\\\/table-de-chevet-noble\\\/#breadcrumb\",\"itemListElement\":[{\"@type\":\"ListItem\",\"position\":1,\"name\":\"Home\",\"item\":\"https:\\\/\\\/radis.ee\\\/\"},{\"@type\":\"ListItem\",\"position\":2,\"name\":\"Magasin\",\"item\":\"https:\\\/\\\/radis.ee\\\/fr\\\/magasin\\\/\"},{\"@type\":\"ListItem\",\"position\":3,\"name\":\"Table de chevet NOBLE\"}]},{\"@type\":\"WebSite\",\"@id\":\"https:\\\/\\\/radis.ee\\\/#website\",\"url\":\"https:\\\/\\\/radis.ee\\\/\",\"name\":\"Radis\",\"description\":\"Nordic design furniture, environmentally friendly and sustainable.\",\"publisher\":{\"@id\":\"https:\\\/\\\/radis.ee\\\/#organization\"},\"potentialAction\":[{\"@type\":\"SearchAction\",\"target\":{\"@type\":\"EntryPoint\",\"urlTemplate\":\"https:\\\/\\\/radis.ee\\\/?s={search_term_string}\"},\"query-input\":{\"@type\":\"PropertyValueSpecification\",\"valueRequired\":true,\"valueName\":\"search_term_string\"}}],\"inLanguage\":\"fr-FR\"},{\"@type\":\"Organization\",\"@id\":\"https:\\\/\\\/radis.ee\\\/#organization\",\"name\":\"Radis O\u00dc\",\"url\":\"https:\\\/\\\/radis.ee\\\/\",\"logo\":{\"@type\":\"ImageObject\",\"inLanguage\":\"fr-FR\",\"@id\":\"https:\\\/\\\/radis.ee\\\/#\\\/schema\\\/logo\\\/image\\\/\",\"url\":\"https:\\\/\\\/radis.ee\\\/wp-content\\\/uploads\\\/2020\\\/10\\\/Radis-logo.png\",\"contentUrl\":\"https:\\\/\\\/radis.ee\\\/wp-content\\\/uploads\\\/2020\\\/10\\\/Radis-logo.png\",\"width\":300,\"height\":63,\"caption\":\"Radis O\u00dc\"},\"image\":{\"@id\":\"https:\\\/\\\/radis.ee\\\/#\\\/schema\\\/logo\\\/image\\\/\"},\"sameAs\":[\"https:\\\/\\\/www.facebook.com\\\/radisfurniture\\\/\"]}]}<\/script>\n<!-- \/ Yoast SEO plugin. -->","yoast_head_json":{"title":"Table de chevet NOBLE - Radis","robots":{"index":"index","follow":"follow","max-snippet":"max-snippet:-1","max-image-preview":"max-image-preview:large","max-video-preview":"max-video-preview:-1"},"canonical":"https:\/\/radis.ee\/fr\/table-de-chevet-noble\/","og_locale":"fr_FR","og_type":"article","og_title":"Table de chevet NOBLE - Radis","og_description":"La table de chevet NOBLE est une chose magique. Il flotte sans effort dans les airs, ce qui facilite le nettoyage de votre chambre. Le fait qu&rsquo;il ne touche pas le sol signifie que votre robot aspirateur peut faire son travail sans aucune distraction. Il est dot\u00e9 d&rsquo;un tiroir \u00e0 fermeture en douceur et d&rsquo;une...","og_url":"https:\/\/radis.ee\/fr\/table-de-chevet-noble\/","og_site_name":"Radis","article_publisher":"https:\/\/www.facebook.com\/radisfurniture\/","article_modified_time":"2025-11-28T18:50:21+00:00","og_image":[{"width":1200,"height":1429,"url":"https:\/\/radis.ee\/wp-content\/uploads\/2022\/09\/RADIS_bedside_table_NOBLE_Oak_veneered_white_background.jpg","type":"image\/jpeg"}],"twitter_card":"summary_large_image","twitter_misc":{"Dur\u00e9e de lecture estim\u00e9e":"1 minute"},"schema":{"@context":"https:\/\/schema.org","@graph":[{"@type":"WebPage","@id":"https:\/\/radis.ee\/fr\/table-de-chevet-noble\/","url":"https:\/\/radis.ee\/fr\/table-de-chevet-noble\/","name":"Table de chevet NOBLE - Radis","isPartOf":{"@id":"https:\/\/radis.ee\/#website"},"primaryImageOfPage":{"@id":"https:\/\/radis.ee\/fr\/table-de-chevet-noble\/#primaryimage"},"image":{"@id":"https:\/\/radis.ee\/fr\/table-de-chevet-noble\/#primaryimage"},"thumbnailUrl":"https:\/\/radis.ee\/wp-content\/uploads\/2022\/09\/RADIS_bedside_table_NOBLE_Oak_veneered_white_background.jpg","datePublished":"2022-08-12T09:45:35+00:00","dateModified":"2025-11-28T18:50:21+00:00","breadcrumb":{"@id":"https:\/\/radis.ee\/fr\/table-de-chevet-noble\/#breadcrumb"},"inLanguage":"fr-FR","potentialAction":[{"@type":"ReadAction","target":["https:\/\/radis.ee\/fr\/table-de-chevet-noble\/"]}]},{"@type":"ImageObject","inLanguage":"fr-FR","@id":"https:\/\/radis.ee\/fr\/table-de-chevet-noble\/#primaryimage","url":"https:\/\/radis.ee\/wp-content\/uploads\/2022\/09\/RADIS_bedside_table_NOBLE_Oak_veneered_white_background.jpg","contentUrl":"https:\/\/radis.ee\/wp-content\/uploads\/2022\/09\/RADIS_bedside_table_NOBLE_Oak_veneered_white_background.jpg","width":1200,"height":1429,"caption":"Bedside table NOBLE"},{"@type":"BreadcrumbList","@id":"https:\/\/radis.ee\/fr\/table-de-chevet-noble\/#breadcrumb","itemListElement":[{"@type":"ListItem","position":1,"name":"Home","item":"https:\/\/radis.ee\/"},{"@type":"ListItem","position":2,"name":"Magasin","item":"https:\/\/radis.ee\/fr\/magasin\/"},{"@type":"ListItem","position":3,"name":"Table de chevet NOBLE"}]},{"@type":"WebSite","@id":"https:\/\/radis.ee\/#website","url":"https:\/\/radis.ee\/","name":"Radis","description":"Nordic design furniture, environmentally friendly and sustainable.","publisher":{"@id":"https:\/\/radis.ee\/#organization"},"potentialAction":[{"@type":"SearchAction","target":{"@type":"EntryPoint","urlTemplate":"https:\/\/radis.ee\/?s={search_term_string}"},"query-input":{"@type":"PropertyValueSpecification","valueRequired":true,"valueName":"search_term_string"}}],"inLanguage":"fr-FR"},{"@type":"Organization","@id":"https:\/\/radis.ee\/#organization","name":"Radis O\u00dc","url":"https:\/\/radis.ee\/","logo":{"@type":"ImageObject","inLanguage":"fr-FR","@id":"https:\/\/radis.ee\/#\/schema\/logo\/image\/","url":"https:\/\/radis.ee\/wp-content\/uploads\/2020\/10\/Radis-logo.png","contentUrl":"https:\/\/radis.ee\/wp-content\/uploads\/2020\/10\/Radis-logo.png","width":300,"height":63,"caption":"Radis O\u00dc"},"image":{"@id":"https:\/\/radis.ee\/#\/schema\/logo\/image\/"},"sameAs":["https:\/\/www.facebook.com\/radisfurniture\/"]}]}},"_links":{"self":[{"href":"https:\/\/radis.ee\/fr\/wp-json\/wp\/v2\/product\/17222","targetHints":{"allow":["GET"]}}],"collection":[{"href":"https:\/\/radis.ee\/fr\/wp-json\/wp\/v2\/product"}],"about":[{"href":"https:\/\/radis.ee\/fr\/wp-json\/wp\/v2\/types\/product"}],"replies":[{"embeddable":true,"href":"https:\/\/radis.ee\/fr\/wp-json\/wp\/v2\/comments?post=17222"}],"wp:featuredmedia":[{"embeddable":true,"href":"https:\/\/radis.ee\/fr\/wp-json\/wp\/v2\/media\/17234"}],"wp:attachment":[{"href":"https:\/\/radis.ee\/fr\/wp-json\/wp\/v2\/media?parent=17222"}],"wp:term":[{"taxonomy":"product_brand","embeddable":true,"href":"https:\/\/radis.ee\/fr\/wp-json\/wp\/v2\/product_brand?post=17222"},{"taxonomy":"product_cat","embeddable":true,"href":"https:\/\/radis.ee\/fr\/wp-json\/wp\/v2\/product_cat?post=17222"},{"taxonomy":"product_tag","embeddable":true,"href":"https:\/\/radis.ee\/fr\/wp-json\/wp\/v2\/product_tag?post=17222"}],"curies":[{"name":"wp","href":"https:\/\/api.w.org\/{rel}","templated":true}]}}