{"id":18143,"date":"2022-10-24T17:52:52","date_gmt":"2022-10-24T14:53:08","guid":{"rendered":"https:\/\/radis.ee\/?post_type=product&#038;p=18143"},"modified":"2025-01-24T19:52:20","modified_gmt":"2025-01-24T17:52:20","slug":"buffet-noble-4-portes","status":"publish","type":"product","link":"https:\/\/radis.ee\/fr\/buffet-noble-4-portes\/","title":{"rendered":"Buffet NOBLE 4 portes"},"content":{"rendered":"<p>Les buffets NOBLE sont comme de grands chanteurs de fond &#8211; modestes et pas \u00e9crasants, mais quand ils manquent, l&rsquo;impression g\u00e9n\u00e9rale n&rsquo;est pas la m\u00eame. Ils sont la force subtile de tout salon, bureau ou couloir. Offrant un grand espace de rangement sans para\u00eetre encombrant et sans prendre trop de place au sol. Que vous pr\u00e9f\u00e9riez l&rsquo;option \u00e0 quatre portes ou le buffet \u00e0 deux portes avec deux tiroirs, NOBLE est l\u00e0 pour ranger vos affaires et a l&rsquo;air \u00e9l\u00e9gant \u00e0 tout moment.<\/p>\n<p>Comme les autres produits de la s\u00e9rie Noble, il est fabriqu\u00e9 en contreplaqu\u00e9 de bouleau avec placage de ch\u00eane et poss\u00e8de bien s\u00fbr des charni\u00e8res de porte \u00e0 fermeture silencieuse de Blum.<\/p>\n<p>Derri\u00e8re les portes, il y a deux \u00e9tag\u00e8res \u00e0 hauteur de porte r\u00e9glables, 4 pi\u00e8ces au total. Pieds r\u00e9glables en m\u00e9tal avec rev\u00eatement en poudre noire d&rsquo;une hauteur de 17 cm. Il n&rsquo;y a vraiment rien \u00e0 ne pas aimer dans les buffets Noble !<\/p>\n","protected":false},"excerpt":{"rendered":"<p>Les buffets NOBLE sont comme de grands chanteurs de fond &#8211; modestes et pas \u00e9crasants, mais quand ils manquent, l&rsquo;impression g\u00e9n\u00e9rale n&rsquo;est pas la m\u00eame. Ils sont la force subtile de tout salon, bureau ou couloir. Offrant un grand espace de rangement sans para\u00eetre encombrant et sans prendre trop de place au sol. Que vous&#8230;<\/p>\n","protected":false},"featured_media":18386,"comment_status":"open","ping_status":"closed","template":"","meta":{"_acf_changed":false},"product_brand":[],"product_cat":[17],"product_tag":[],"class_list":{"0":"post-18143","1":"product","2":"type-product","3":"status-publish","4":"has-post-thumbnail","6":"product_cat-kummutid","8":"first","9":"instock","10":"sale","11":"taxable","12":"shipping-taxable","13":"purchasable","14":"product-type-variable","15":"has-default-attributes"},"acf":[],"yoast_head":"<!-- This site is optimized with the Yoast SEO plugin v27.4 - https:\/\/yoast.com\/product\/yoast-seo-wordpress\/ -->\n<title>Buffet NOBLE 4 portes - Radis<\/title>\n<meta name=\"robots\" content=\"index, follow, max-snippet:-1, max-image-preview:large, max-video-preview:-1\" \/>\n<link rel=\"canonical\" href=\"https:\/\/radis.ee\/kummut-noble-4-uksega\/\" \/>\n<meta property=\"og:locale\" content=\"fr_FR\" \/>\n<meta property=\"og:type\" content=\"article\" \/>\n<meta property=\"og:title\" content=\"Buffet NOBLE 4 portes - Radis\" \/>\n<meta property=\"og:description\" content=\"Les buffets NOBLE sont comme de grands chanteurs de fond &#8211; modestes et pas \u00e9crasants, mais quand ils manquent, l&rsquo;impression g\u00e9n\u00e9rale n&rsquo;est pas la m\u00eame. Ils sont la force subtile de tout salon, bureau ou couloir. Offrant un grand espace de rangement sans para\u00eetre encombrant et sans prendre trop de place au sol. Que vous...\" \/>\n<meta property=\"og:url\" content=\"https:\/\/radis.ee\/kummut-noble-4-uksega\/\" \/>\n<meta property=\"og:site_name\" content=\"Radis\" \/>\n<meta property=\"article:publisher\" content=\"https:\/\/www.facebook.com\/radisfurniture\/\" \/>\n<meta property=\"article:modified_time\" content=\"2025-01-24T17:52:20+00:00\" \/>\n<meta property=\"og:image\" content=\"https:\/\/radis.ee\/wp-content\/uploads\/2022\/10\/Radis_sideboard_NOBLE_4doors_Oak_veneered_white_background.jpg\" \/>\n\t<meta property=\"og:image:width\" content=\"1360\" \/>\n\t<meta property=\"og:image:height\" content=\"1620\" \/>\n\t<meta property=\"og:image:type\" content=\"image\/jpeg\" \/>\n<meta name=\"twitter:card\" content=\"summary_large_image\" \/>\n<meta name=\"twitter:label1\" content=\"Dur\u00e9e de lecture estim\u00e9e\" \/>\n\t<meta name=\"twitter:data1\" content=\"1 minute\" \/>\n<script type=\"application\/ld+json\" class=\"yoast-schema-graph\">{\"@context\":\"https:\\\/\\\/schema.org\",\"@graph\":[{\"@type\":\"WebPage\",\"@id\":\"https:\\\/\\\/radis.ee\\\/kummut-noble-4-uksega\\\/\",\"url\":\"https:\\\/\\\/radis.ee\\\/kummut-noble-4-uksega\\\/\",\"name\":\"Buffet NOBLE 4 portes - Radis\",\"isPartOf\":{\"@id\":\"https:\\\/\\\/radis.ee\\\/#website\"},\"primaryImageOfPage\":{\"@id\":\"https:\\\/\\\/radis.ee\\\/kummut-noble-4-uksega\\\/#primaryimage\"},\"image\":{\"@id\":\"https:\\\/\\\/radis.ee\\\/kummut-noble-4-uksega\\\/#primaryimage\"},\"thumbnailUrl\":\"https:\\\/\\\/radis.ee\\\/wp-content\\\/uploads\\\/2022\\\/10\\\/Radis_sideboard_NOBLE_4doors_Oak_veneered_white_background.jpg\",\"datePublished\":\"2022-10-24T14:53:08+00:00\",\"dateModified\":\"2025-01-24T17:52:20+00:00\",\"breadcrumb\":{\"@id\":\"https:\\\/\\\/radis.ee\\\/kummut-noble-4-uksega\\\/#breadcrumb\"},\"inLanguage\":\"fr-FR\",\"potentialAction\":[{\"@type\":\"ReadAction\",\"target\":[\"https:\\\/\\\/radis.ee\\\/kummut-noble-4-uksega\\\/\"]}]},{\"@type\":\"ImageObject\",\"inLanguage\":\"fr-FR\",\"@id\":\"https:\\\/\\\/radis.ee\\\/kummut-noble-4-uksega\\\/#primaryimage\",\"url\":\"https:\\\/\\\/radis.ee\\\/wp-content\\\/uploads\\\/2022\\\/10\\\/Radis_sideboard_NOBLE_4doors_Oak_veneered_white_background.jpg\",\"contentUrl\":\"https:\\\/\\\/radis.ee\\\/wp-content\\\/uploads\\\/2022\\\/10\\\/Radis_sideboard_NOBLE_4doors_Oak_veneered_white_background.jpg\",\"width\":1360,\"height\":1620,\"caption\":\"Radis sideboard NOBLE with 4 doors Oak veneered\"},{\"@type\":\"BreadcrumbList\",\"@id\":\"https:\\\/\\\/radis.ee\\\/kummut-noble-4-uksega\\\/#breadcrumb\",\"itemListElement\":[{\"@type\":\"ListItem\",\"position\":1,\"name\":\"Home\",\"item\":\"https:\\\/\\\/radis.ee\\\/\"},{\"@type\":\"ListItem\",\"position\":2,\"name\":\"Magasin\",\"item\":\"https:\\\/\\\/radis.ee\\\/fr\\\/magasin\\\/\"},{\"@type\":\"ListItem\",\"position\":3,\"name\":\"Buffet NOBLE 4 portes\"}]},{\"@type\":\"WebSite\",\"@id\":\"https:\\\/\\\/radis.ee\\\/#website\",\"url\":\"https:\\\/\\\/radis.ee\\\/\",\"name\":\"Radis\",\"description\":\"Nordic design furniture, environmentally friendly and sustainable.\",\"publisher\":{\"@id\":\"https:\\\/\\\/radis.ee\\\/#organization\"},\"potentialAction\":[{\"@type\":\"SearchAction\",\"target\":{\"@type\":\"EntryPoint\",\"urlTemplate\":\"https:\\\/\\\/radis.ee\\\/?s={search_term_string}\"},\"query-input\":{\"@type\":\"PropertyValueSpecification\",\"valueRequired\":true,\"valueName\":\"search_term_string\"}}],\"inLanguage\":\"fr-FR\"},{\"@type\":\"Organization\",\"@id\":\"https:\\\/\\\/radis.ee\\\/#organization\",\"name\":\"Radis O\u00dc\",\"url\":\"https:\\\/\\\/radis.ee\\\/\",\"logo\":{\"@type\":\"ImageObject\",\"inLanguage\":\"fr-FR\",\"@id\":\"https:\\\/\\\/radis.ee\\\/#\\\/schema\\\/logo\\\/image\\\/\",\"url\":\"https:\\\/\\\/radis.ee\\\/wp-content\\\/uploads\\\/2020\\\/10\\\/Radis-logo.png\",\"contentUrl\":\"https:\\\/\\\/radis.ee\\\/wp-content\\\/uploads\\\/2020\\\/10\\\/Radis-logo.png\",\"width\":300,\"height\":63,\"caption\":\"Radis O\u00dc\"},\"image\":{\"@id\":\"https:\\\/\\\/radis.ee\\\/#\\\/schema\\\/logo\\\/image\\\/\"},\"sameAs\":[\"https:\\\/\\\/www.facebook.com\\\/radisfurniture\\\/\"]}]}<\/script>\n<!-- \/ Yoast SEO plugin. -->","yoast_head_json":{"title":"Buffet NOBLE 4 portes - Radis","robots":{"index":"index","follow":"follow","max-snippet":"max-snippet:-1","max-image-preview":"max-image-preview:large","max-video-preview":"max-video-preview:-1"},"canonical":"https:\/\/radis.ee\/kummut-noble-4-uksega\/","og_locale":"fr_FR","og_type":"article","og_title":"Buffet NOBLE 4 portes - Radis","og_description":"Les buffets NOBLE sont comme de grands chanteurs de fond &#8211; modestes et pas \u00e9crasants, mais quand ils manquent, l&rsquo;impression g\u00e9n\u00e9rale n&rsquo;est pas la m\u00eame. Ils sont la force subtile de tout salon, bureau ou couloir. Offrant un grand espace de rangement sans para\u00eetre encombrant et sans prendre trop de place au sol. Que vous...","og_url":"https:\/\/radis.ee\/kummut-noble-4-uksega\/","og_site_name":"Radis","article_publisher":"https:\/\/www.facebook.com\/radisfurniture\/","article_modified_time":"2025-01-24T17:52:20+00:00","og_image":[{"width":1360,"height":1620,"url":"https:\/\/radis.ee\/wp-content\/uploads\/2022\/10\/Radis_sideboard_NOBLE_4doors_Oak_veneered_white_background.jpg","type":"image\/jpeg"}],"twitter_card":"summary_large_image","twitter_misc":{"Dur\u00e9e de lecture estim\u00e9e":"1 minute"},"schema":{"@context":"https:\/\/schema.org","@graph":[{"@type":"WebPage","@id":"https:\/\/radis.ee\/kummut-noble-4-uksega\/","url":"https:\/\/radis.ee\/kummut-noble-4-uksega\/","name":"Buffet NOBLE 4 portes - Radis","isPartOf":{"@id":"https:\/\/radis.ee\/#website"},"primaryImageOfPage":{"@id":"https:\/\/radis.ee\/kummut-noble-4-uksega\/#primaryimage"},"image":{"@id":"https:\/\/radis.ee\/kummut-noble-4-uksega\/#primaryimage"},"thumbnailUrl":"https:\/\/radis.ee\/wp-content\/uploads\/2022\/10\/Radis_sideboard_NOBLE_4doors_Oak_veneered_white_background.jpg","datePublished":"2022-10-24T14:53:08+00:00","dateModified":"2025-01-24T17:52:20+00:00","breadcrumb":{"@id":"https:\/\/radis.ee\/kummut-noble-4-uksega\/#breadcrumb"},"inLanguage":"fr-FR","potentialAction":[{"@type":"ReadAction","target":["https:\/\/radis.ee\/kummut-noble-4-uksega\/"]}]},{"@type":"ImageObject","inLanguage":"fr-FR","@id":"https:\/\/radis.ee\/kummut-noble-4-uksega\/#primaryimage","url":"https:\/\/radis.ee\/wp-content\/uploads\/2022\/10\/Radis_sideboard_NOBLE_4doors_Oak_veneered_white_background.jpg","contentUrl":"https:\/\/radis.ee\/wp-content\/uploads\/2022\/10\/Radis_sideboard_NOBLE_4doors_Oak_veneered_white_background.jpg","width":1360,"height":1620,"caption":"Radis sideboard NOBLE with 4 doors Oak veneered"},{"@type":"BreadcrumbList","@id":"https:\/\/radis.ee\/kummut-noble-4-uksega\/#breadcrumb","itemListElement":[{"@type":"ListItem","position":1,"name":"Home","item":"https:\/\/radis.ee\/"},{"@type":"ListItem","position":2,"name":"Magasin","item":"https:\/\/radis.ee\/fr\/magasin\/"},{"@type":"ListItem","position":3,"name":"Buffet NOBLE 4 portes"}]},{"@type":"WebSite","@id":"https:\/\/radis.ee\/#website","url":"https:\/\/radis.ee\/","name":"Radis","description":"Nordic design furniture, environmentally friendly and sustainable.","publisher":{"@id":"https:\/\/radis.ee\/#organization"},"potentialAction":[{"@type":"SearchAction","target":{"@type":"EntryPoint","urlTemplate":"https:\/\/radis.ee\/?s={search_term_string}"},"query-input":{"@type":"PropertyValueSpecification","valueRequired":true,"valueName":"search_term_string"}}],"inLanguage":"fr-FR"},{"@type":"Organization","@id":"https:\/\/radis.ee\/#organization","name":"Radis O\u00dc","url":"https:\/\/radis.ee\/","logo":{"@type":"ImageObject","inLanguage":"fr-FR","@id":"https:\/\/radis.ee\/#\/schema\/logo\/image\/","url":"https:\/\/radis.ee\/wp-content\/uploads\/2020\/10\/Radis-logo.png","contentUrl":"https:\/\/radis.ee\/wp-content\/uploads\/2020\/10\/Radis-logo.png","width":300,"height":63,"caption":"Radis O\u00dc"},"image":{"@id":"https:\/\/radis.ee\/#\/schema\/logo\/image\/"},"sameAs":["https:\/\/www.facebook.com\/radisfurniture\/"]}]}},"_links":{"self":[{"href":"https:\/\/radis.ee\/fr\/wp-json\/wp\/v2\/product\/18143","targetHints":{"allow":["GET"]}}],"collection":[{"href":"https:\/\/radis.ee\/fr\/wp-json\/wp\/v2\/product"}],"about":[{"href":"https:\/\/radis.ee\/fr\/wp-json\/wp\/v2\/types\/product"}],"replies":[{"embeddable":true,"href":"https:\/\/radis.ee\/fr\/wp-json\/wp\/v2\/comments?post=18143"}],"wp:featuredmedia":[{"embeddable":true,"href":"https:\/\/radis.ee\/fr\/wp-json\/wp\/v2\/media\/18386"}],"wp:attachment":[{"href":"https:\/\/radis.ee\/fr\/wp-json\/wp\/v2\/media?parent=18143"}],"wp:term":[{"taxonomy":"product_brand","embeddable":true,"href":"https:\/\/radis.ee\/fr\/wp-json\/wp\/v2\/product_brand?post=18143"},{"taxonomy":"product_cat","embeddable":true,"href":"https:\/\/radis.ee\/fr\/wp-json\/wp\/v2\/product_cat?post=18143"},{"taxonomy":"product_tag","embeddable":true,"href":"https:\/\/radis.ee\/fr\/wp-json\/wp\/v2\/product_tag?post=18143"}],"curies":[{"name":"wp","href":"https:\/\/api.w.org\/{rel}","templated":true}]}}