{"id":18260,"date":"2022-10-24T19:04:03","date_gmt":"2022-10-24T16:04:10","guid":{"rendered":"https:\/\/radis.ee\/?post_type=product&#038;p=18260"},"modified":"2025-01-24T19:37:03","modified_gmt":"2025-01-24T17:37:03","slug":"buffet-noble-avec-2-tiroirs-et-2-portes","status":"publish","type":"product","link":"https:\/\/radis.ee\/fr\/buffet-noble-avec-2-tiroirs-et-2-portes\/","title":{"rendered":"Buffet NOBLE avec 2 tiroirs et 2 portes"},"content":{"rendered":"<p>Les buffets NOBLE sont comme de grands chanteurs de fond &#8211; modestes et pas \u00e9crasants, mais quand ils manquent, l&rsquo;impression g\u00e9n\u00e9rale n&rsquo;est pas la m\u00eame. Ils sont la force subtile de tout salon, bureau ou couloir. Offrant un grand espace de rangement sans para\u00eetre encombrant et sans prendre trop de place au sol. Que vous pr\u00e9f\u00e9riez l&rsquo;option \u00e0 quatre portes ou le buffet \u00e0 deux portes avec deux tiroirs, NOBLE est l\u00e0 pour ranger vos affaires et a l&rsquo;air \u00e9l\u00e9gant \u00e0 tout moment.<\/p>\n<p>Comme les autres produits de la s\u00e9rie Noble, il est fabriqu\u00e9 en contreplaqu\u00e9 de bouleau avec placage de ch\u00eane et poss\u00e8de bien s\u00fbr des charni\u00e8res de porte \u00e0 fermeture silencieuse et des tiroirs cach\u00e9s de Blum. Les tiroirs du buffet NOBLE mesurent 32 cm de large, 11 cm de haut et 32 cm de profondeur.<\/p>\n<p>Derri\u00e8re les portes, il y a une \u00e9tag\u00e8re \u00e0 hauteur de porte r\u00e9glable. Pieds r\u00e9glables en m\u00e9tal avec rev\u00eatement en poudre noire d&rsquo;une hauteur de 17 cm. Il n&rsquo;y a vraiment rien \u00e0 ne pas aimer dans les buffets Noble !<\/p>\n","protected":false},"excerpt":{"rendered":"<p>Les buffets NOBLE sont comme de grands chanteurs de fond &#8211; modestes et pas \u00e9crasants, mais quand ils manquent, l&rsquo;impression g\u00e9n\u00e9rale n&rsquo;est pas la m\u00eame. Ils sont la force subtile de tout salon, bureau ou couloir. Offrant un grand espace de rangement sans para\u00eetre encombrant et sans prendre trop de place au sol. Que vous&#8230;<\/p>\n","protected":false},"featured_media":18379,"comment_status":"open","ping_status":"closed","template":"","meta":{"_acf_changed":false},"product_brand":[],"product_cat":[793],"product_tag":[],"class_list":{"0":"post-18260","1":"product","2":"type-product","3":"status-publish","4":"has-post-thumbnail","6":"product_cat-buffets","8":"first","9":"instock","10":"taxable","11":"shipping-taxable","12":"purchasable","13":"product-type-variable","14":"has-default-attributes"},"acf":[],"yoast_head":"<!-- This site is optimized with the Yoast SEO plugin v27.4 - https:\/\/yoast.com\/product\/yoast-seo-wordpress\/ -->\n<title>Buffet NOBLE avec 2 tiroirs et 2 portes - Radis<\/title>\n<meta name=\"robots\" content=\"index, follow, max-snippet:-1, max-image-preview:large, max-video-preview:-1\" \/>\n<link rel=\"canonical\" href=\"https:\/\/radis.ee\/fr\/buffet-noble-avec-2-tiroirs-et-2-portes\/\" \/>\n<meta property=\"og:locale\" content=\"fr_FR\" \/>\n<meta property=\"og:type\" content=\"article\" \/>\n<meta property=\"og:title\" content=\"Buffet NOBLE avec 2 tiroirs et 2 portes - Radis\" \/>\n<meta property=\"og:description\" content=\"Les buffets NOBLE sont comme de grands chanteurs de fond &#8211; modestes et pas \u00e9crasants, mais quand ils manquent, l&rsquo;impression g\u00e9n\u00e9rale n&rsquo;est pas la m\u00eame. Ils sont la force subtile de tout salon, bureau ou couloir. Offrant un grand espace de rangement sans para\u00eetre encombrant et sans prendre trop de place au sol. Que vous...\" \/>\n<meta property=\"og:url\" content=\"https:\/\/radis.ee\/fr\/buffet-noble-avec-2-tiroirs-et-2-portes\/\" \/>\n<meta property=\"og:site_name\" content=\"Radis\" \/>\n<meta property=\"article:publisher\" content=\"https:\/\/www.facebook.com\/radisfurniture\/\" \/>\n<meta property=\"article:modified_time\" content=\"2025-01-24T17:37:03+00:00\" \/>\n<meta property=\"og:image\" content=\"https:\/\/radis.ee\/wp-content\/uploads\/2022\/10\/Radis_sideboard_NOBLE_2drawers_2doors_Oak_veneered_white_background.jpg\" \/>\n\t<meta property=\"og:image:width\" content=\"1360\" \/>\n\t<meta property=\"og:image:height\" content=\"1620\" \/>\n\t<meta property=\"og:image:type\" content=\"image\/jpeg\" \/>\n<meta name=\"twitter:card\" content=\"summary_large_image\" \/>\n<meta name=\"twitter:label1\" content=\"Dur\u00e9e de lecture estim\u00e9e\" \/>\n\t<meta name=\"twitter:data1\" content=\"1 minute\" \/>\n<script type=\"application\/ld+json\" class=\"yoast-schema-graph\">{\"@context\":\"https:\\\/\\\/schema.org\",\"@graph\":[{\"@type\":\"WebPage\",\"@id\":\"https:\\\/\\\/radis.ee\\\/fr\\\/buffet-noble-avec-2-tiroirs-et-2-portes\\\/\",\"url\":\"https:\\\/\\\/radis.ee\\\/fr\\\/buffet-noble-avec-2-tiroirs-et-2-portes\\\/\",\"name\":\"Buffet NOBLE avec 2 tiroirs et 2 portes - Radis\",\"isPartOf\":{\"@id\":\"https:\\\/\\\/radis.ee\\\/#website\"},\"primaryImageOfPage\":{\"@id\":\"https:\\\/\\\/radis.ee\\\/fr\\\/buffet-noble-avec-2-tiroirs-et-2-portes\\\/#primaryimage\"},\"image\":{\"@id\":\"https:\\\/\\\/radis.ee\\\/fr\\\/buffet-noble-avec-2-tiroirs-et-2-portes\\\/#primaryimage\"},\"thumbnailUrl\":\"https:\\\/\\\/radis.ee\\\/wp-content\\\/uploads\\\/2022\\\/10\\\/Radis_sideboard_NOBLE_2drawers_2doors_Oak_veneered_white_background.jpg\",\"datePublished\":\"2022-10-24T16:04:10+00:00\",\"dateModified\":\"2025-01-24T17:37:03+00:00\",\"breadcrumb\":{\"@id\":\"https:\\\/\\\/radis.ee\\\/fr\\\/buffet-noble-avec-2-tiroirs-et-2-portes\\\/#breadcrumb\"},\"inLanguage\":\"fr-FR\",\"potentialAction\":[{\"@type\":\"ReadAction\",\"target\":[\"https:\\\/\\\/radis.ee\\\/fr\\\/buffet-noble-avec-2-tiroirs-et-2-portes\\\/\"]}]},{\"@type\":\"ImageObject\",\"inLanguage\":\"fr-FR\",\"@id\":\"https:\\\/\\\/radis.ee\\\/fr\\\/buffet-noble-avec-2-tiroirs-et-2-portes\\\/#primaryimage\",\"url\":\"https:\\\/\\\/radis.ee\\\/wp-content\\\/uploads\\\/2022\\\/10\\\/Radis_sideboard_NOBLE_2drawers_2doors_Oak_veneered_white_background.jpg\",\"contentUrl\":\"https:\\\/\\\/radis.ee\\\/wp-content\\\/uploads\\\/2022\\\/10\\\/Radis_sideboard_NOBLE_2drawers_2doors_Oak_veneered_white_background.jpg\",\"width\":1360,\"height\":1620,\"caption\":\"Radis sideboard NOBLE with 2 drawers and 2 doors\"},{\"@type\":\"BreadcrumbList\",\"@id\":\"https:\\\/\\\/radis.ee\\\/fr\\\/buffet-noble-avec-2-tiroirs-et-2-portes\\\/#breadcrumb\",\"itemListElement\":[{\"@type\":\"ListItem\",\"position\":1,\"name\":\"Home\",\"item\":\"https:\\\/\\\/radis.ee\\\/\"},{\"@type\":\"ListItem\",\"position\":2,\"name\":\"Magasin\",\"item\":\"https:\\\/\\\/radis.ee\\\/fr\\\/magasin\\\/\"},{\"@type\":\"ListItem\",\"position\":3,\"name\":\"Buffet NOBLE avec 2 tiroirs et 2 portes\"}]},{\"@type\":\"WebSite\",\"@id\":\"https:\\\/\\\/radis.ee\\\/#website\",\"url\":\"https:\\\/\\\/radis.ee\\\/\",\"name\":\"Radis\",\"description\":\"Nordic design furniture, environmentally friendly and sustainable.\",\"publisher\":{\"@id\":\"https:\\\/\\\/radis.ee\\\/#organization\"},\"potentialAction\":[{\"@type\":\"SearchAction\",\"target\":{\"@type\":\"EntryPoint\",\"urlTemplate\":\"https:\\\/\\\/radis.ee\\\/?s={search_term_string}\"},\"query-input\":{\"@type\":\"PropertyValueSpecification\",\"valueRequired\":true,\"valueName\":\"search_term_string\"}}],\"inLanguage\":\"fr-FR\"},{\"@type\":\"Organization\",\"@id\":\"https:\\\/\\\/radis.ee\\\/#organization\",\"name\":\"Radis O\u00dc\",\"url\":\"https:\\\/\\\/radis.ee\\\/\",\"logo\":{\"@type\":\"ImageObject\",\"inLanguage\":\"fr-FR\",\"@id\":\"https:\\\/\\\/radis.ee\\\/#\\\/schema\\\/logo\\\/image\\\/\",\"url\":\"https:\\\/\\\/radis.ee\\\/wp-content\\\/uploads\\\/2020\\\/10\\\/Radis-logo.png\",\"contentUrl\":\"https:\\\/\\\/radis.ee\\\/wp-content\\\/uploads\\\/2020\\\/10\\\/Radis-logo.png\",\"width\":300,\"height\":63,\"caption\":\"Radis O\u00dc\"},\"image\":{\"@id\":\"https:\\\/\\\/radis.ee\\\/#\\\/schema\\\/logo\\\/image\\\/\"},\"sameAs\":[\"https:\\\/\\\/www.facebook.com\\\/radisfurniture\\\/\"]}]}<\/script>\n<!-- \/ Yoast SEO plugin. -->","yoast_head_json":{"title":"Buffet NOBLE avec 2 tiroirs et 2 portes - Radis","robots":{"index":"index","follow":"follow","max-snippet":"max-snippet:-1","max-image-preview":"max-image-preview:large","max-video-preview":"max-video-preview:-1"},"canonical":"https:\/\/radis.ee\/fr\/buffet-noble-avec-2-tiroirs-et-2-portes\/","og_locale":"fr_FR","og_type":"article","og_title":"Buffet NOBLE avec 2 tiroirs et 2 portes - Radis","og_description":"Les buffets NOBLE sont comme de grands chanteurs de fond &#8211; modestes et pas \u00e9crasants, mais quand ils manquent, l&rsquo;impression g\u00e9n\u00e9rale n&rsquo;est pas la m\u00eame. Ils sont la force subtile de tout salon, bureau ou couloir. Offrant un grand espace de rangement sans para\u00eetre encombrant et sans prendre trop de place au sol. Que vous...","og_url":"https:\/\/radis.ee\/fr\/buffet-noble-avec-2-tiroirs-et-2-portes\/","og_site_name":"Radis","article_publisher":"https:\/\/www.facebook.com\/radisfurniture\/","article_modified_time":"2025-01-24T17:37:03+00:00","og_image":[{"width":1360,"height":1620,"url":"https:\/\/radis.ee\/wp-content\/uploads\/2022\/10\/Radis_sideboard_NOBLE_2drawers_2doors_Oak_veneered_white_background.jpg","type":"image\/jpeg"}],"twitter_card":"summary_large_image","twitter_misc":{"Dur\u00e9e de lecture estim\u00e9e":"1 minute"},"schema":{"@context":"https:\/\/schema.org","@graph":[{"@type":"WebPage","@id":"https:\/\/radis.ee\/fr\/buffet-noble-avec-2-tiroirs-et-2-portes\/","url":"https:\/\/radis.ee\/fr\/buffet-noble-avec-2-tiroirs-et-2-portes\/","name":"Buffet NOBLE avec 2 tiroirs et 2 portes - Radis","isPartOf":{"@id":"https:\/\/radis.ee\/#website"},"primaryImageOfPage":{"@id":"https:\/\/radis.ee\/fr\/buffet-noble-avec-2-tiroirs-et-2-portes\/#primaryimage"},"image":{"@id":"https:\/\/radis.ee\/fr\/buffet-noble-avec-2-tiroirs-et-2-portes\/#primaryimage"},"thumbnailUrl":"https:\/\/radis.ee\/wp-content\/uploads\/2022\/10\/Radis_sideboard_NOBLE_2drawers_2doors_Oak_veneered_white_background.jpg","datePublished":"2022-10-24T16:04:10+00:00","dateModified":"2025-01-24T17:37:03+00:00","breadcrumb":{"@id":"https:\/\/radis.ee\/fr\/buffet-noble-avec-2-tiroirs-et-2-portes\/#breadcrumb"},"inLanguage":"fr-FR","potentialAction":[{"@type":"ReadAction","target":["https:\/\/radis.ee\/fr\/buffet-noble-avec-2-tiroirs-et-2-portes\/"]}]},{"@type":"ImageObject","inLanguage":"fr-FR","@id":"https:\/\/radis.ee\/fr\/buffet-noble-avec-2-tiroirs-et-2-portes\/#primaryimage","url":"https:\/\/radis.ee\/wp-content\/uploads\/2022\/10\/Radis_sideboard_NOBLE_2drawers_2doors_Oak_veneered_white_background.jpg","contentUrl":"https:\/\/radis.ee\/wp-content\/uploads\/2022\/10\/Radis_sideboard_NOBLE_2drawers_2doors_Oak_veneered_white_background.jpg","width":1360,"height":1620,"caption":"Radis sideboard NOBLE with 2 drawers and 2 doors"},{"@type":"BreadcrumbList","@id":"https:\/\/radis.ee\/fr\/buffet-noble-avec-2-tiroirs-et-2-portes\/#breadcrumb","itemListElement":[{"@type":"ListItem","position":1,"name":"Home","item":"https:\/\/radis.ee\/"},{"@type":"ListItem","position":2,"name":"Magasin","item":"https:\/\/radis.ee\/fr\/magasin\/"},{"@type":"ListItem","position":3,"name":"Buffet NOBLE avec 2 tiroirs et 2 portes"}]},{"@type":"WebSite","@id":"https:\/\/radis.ee\/#website","url":"https:\/\/radis.ee\/","name":"Radis","description":"Nordic design furniture, environmentally friendly and sustainable.","publisher":{"@id":"https:\/\/radis.ee\/#organization"},"potentialAction":[{"@type":"SearchAction","target":{"@type":"EntryPoint","urlTemplate":"https:\/\/radis.ee\/?s={search_term_string}"},"query-input":{"@type":"PropertyValueSpecification","valueRequired":true,"valueName":"search_term_string"}}],"inLanguage":"fr-FR"},{"@type":"Organization","@id":"https:\/\/radis.ee\/#organization","name":"Radis O\u00dc","url":"https:\/\/radis.ee\/","logo":{"@type":"ImageObject","inLanguage":"fr-FR","@id":"https:\/\/radis.ee\/#\/schema\/logo\/image\/","url":"https:\/\/radis.ee\/wp-content\/uploads\/2020\/10\/Radis-logo.png","contentUrl":"https:\/\/radis.ee\/wp-content\/uploads\/2020\/10\/Radis-logo.png","width":300,"height":63,"caption":"Radis O\u00dc"},"image":{"@id":"https:\/\/radis.ee\/#\/schema\/logo\/image\/"},"sameAs":["https:\/\/www.facebook.com\/radisfurniture\/"]}]}},"_links":{"self":[{"href":"https:\/\/radis.ee\/fr\/wp-json\/wp\/v2\/product\/18260","targetHints":{"allow":["GET"]}}],"collection":[{"href":"https:\/\/radis.ee\/fr\/wp-json\/wp\/v2\/product"}],"about":[{"href":"https:\/\/radis.ee\/fr\/wp-json\/wp\/v2\/types\/product"}],"replies":[{"embeddable":true,"href":"https:\/\/radis.ee\/fr\/wp-json\/wp\/v2\/comments?post=18260"}],"wp:featuredmedia":[{"embeddable":true,"href":"https:\/\/radis.ee\/fr\/wp-json\/wp\/v2\/media\/18379"}],"wp:attachment":[{"href":"https:\/\/radis.ee\/fr\/wp-json\/wp\/v2\/media?parent=18260"}],"wp:term":[{"taxonomy":"product_brand","embeddable":true,"href":"https:\/\/radis.ee\/fr\/wp-json\/wp\/v2\/product_brand?post=18260"},{"taxonomy":"product_cat","embeddable":true,"href":"https:\/\/radis.ee\/fr\/wp-json\/wp\/v2\/product_cat?post=18260"},{"taxonomy":"product_tag","embeddable":true,"href":"https:\/\/radis.ee\/fr\/wp-json\/wp\/v2\/product_tag?post=18260"}],"curies":[{"name":"wp","href":"https:\/\/api.w.org\/{rel}","templated":true}]}}