{"id":18766,"date":"2022-10-15T16:33:10","date_gmt":"2022-10-27T17:33:38","guid":{"rendered":"https:\/\/radis.ee\/?post_type=product&#038;p=18766"},"modified":"2024-03-05T19:38:19","modified_gmt":"2024-03-05T17:38:19","slug":"etagere-step-l","status":"publish","type":"product","link":"https:\/\/radis.ee\/fr\/etagere-step-l\/","title":{"rendered":"Etag\u00e8re STEP L"},"content":{"rendered":"<p>Entrez dans le futur avec l&rsquo;\u00e9tag\u00e8re STEP. Les angles diagonaux lui donnent une v\u00e9ritable sensation futuriste. Les \u00e9tag\u00e8res et les portes intermittentes cr\u00e9ent un excellent jeu g\u00e9om\u00e9trique et vous offrent des options &#8211; vous pouvez montrer certaines choses mais en laisser d&rsquo;autres \u00e0 l&rsquo;abri des regards. STEP est disponible en quatre largeurs diff\u00e9rentes et plusieurs hauteurs diff\u00e9rentes. Trouvez votre STEP parfait !<\/p>\n<p>Il y a une armoire entre chaque \u00e9tag\u00e8re et en d\u00e9cidant de l&#8217;emplacement du s\u00e9parateur, vous choisissez la direction d&rsquo;ouverture pour chacune des armoires.<\/p>\n<p>La hauteur int\u00e9rieure de l&rsquo;\u00e9tag\u00e8re est de 33 cm, ce qui permet de ranger facilement des livres et des classeurs plus grands. La largeur int\u00e9rieure des armoires est de 33 cm. \u00a0Un socle de 8 cm de hauteur qui s\u2019adapte \u00e0 toutes les plinthes.<\/p>\n<p>Fabriqu\u00e9 en contreplaqu\u00e9 de bouleau ou de ch\u00eane de 15 mm plaqu\u00e9, cir\u00e9 \u00e0 l&rsquo;huile, \u00e9galement recouvert de HPL blanc et Forescolor-Valchromat (panneau de fibres de bois color\u00e9s organiques). Charni\u00e8res de porte \u00e0 fermeture douce.<\/p>\n","protected":false},"excerpt":{"rendered":"<p>Entrez dans le futur avec l&rsquo;\u00e9tag\u00e8re STEP. Les angles diagonaux lui donnent une v\u00e9ritable sensation futuriste. Les \u00e9tag\u00e8res et les portes intermittentes cr\u00e9ent un excellent jeu g\u00e9om\u00e9trique et vous offrent des options &#8211; vous pouvez montrer certaines choses mais en laisser d&rsquo;autres \u00e0 l&rsquo;abri des regards. STEP est disponible en quatre largeurs diff\u00e9rentes et plusieurs&#8230;<\/p>\n","protected":false},"featured_media":24101,"comment_status":"open","ping_status":"closed","template":"","meta":{"_acf_changed":false},"product_brand":[],"product_cat":[109],"product_tag":[],"class_list":{"0":"post-18766","1":"product","2":"type-product","3":"status-publish","4":"has-post-thumbnail","6":"product_cat-riiulid","8":"first","9":"instock","10":"taxable","11":"shipping-taxable","12":"purchasable","13":"product-type-variable","14":"has-default-attributes"},"acf":[],"yoast_head":"<!-- This site is optimized with the Yoast SEO plugin v27.3 - https:\/\/yoast.com\/product\/yoast-seo-wordpress\/ -->\n<title>Etag\u00e8re STEP L - Radis<\/title>\n<meta name=\"robots\" content=\"index, follow, max-snippet:-1, max-image-preview:large, max-video-preview:-1\" \/>\n<link rel=\"canonical\" href=\"https:\/\/radis.ee\/fr\/etagere-step-l\/\" \/>\n<meta property=\"og:locale\" content=\"fr_FR\" \/>\n<meta property=\"og:type\" content=\"article\" \/>\n<meta property=\"og:title\" content=\"Etag\u00e8re STEP L - Radis\" \/>\n<meta property=\"og:description\" content=\"Entrez dans le futur avec l&rsquo;\u00e9tag\u00e8re STEP. Les angles diagonaux lui donnent une v\u00e9ritable sensation futuriste. Les \u00e9tag\u00e8res et les portes intermittentes cr\u00e9ent un excellent jeu g\u00e9om\u00e9trique et vous offrent des options &#8211; vous pouvez montrer certaines choses mais en laisser d&rsquo;autres \u00e0 l&rsquo;abri des regards. STEP est disponible en quatre largeurs diff\u00e9rentes et plusieurs...\" \/>\n<meta property=\"og:url\" content=\"https:\/\/radis.ee\/fr\/etagere-step-l\/\" \/>\n<meta property=\"og:site_name\" content=\"Radis\" \/>\n<meta property=\"article:publisher\" content=\"https:\/\/www.facebook.com\/radisfurniture\/\" \/>\n<meta property=\"article:modified_time\" content=\"2024-03-05T17:38:19+00:00\" \/>\n<meta property=\"og:image\" content=\"https:\/\/radis.ee\/wp-content\/uploads\/2022\/10\/RADIS_shelf_STEP_L_oak_veneered_white_background_2.jpg\" \/>\n\t<meta property=\"og:image:width\" content=\"741\" \/>\n\t<meta property=\"og:image:height\" content=\"882\" \/>\n\t<meta property=\"og:image:type\" content=\"image\/jpeg\" \/>\n<meta name=\"twitter:card\" content=\"summary_large_image\" \/>\n<meta name=\"twitter:label1\" content=\"Dur\u00e9e de lecture estim\u00e9e\" \/>\n\t<meta name=\"twitter:data1\" content=\"1 minute\" \/>\n<script type=\"application\/ld+json\" class=\"yoast-schema-graph\">{\"@context\":\"https:\\\/\\\/schema.org\",\"@graph\":[{\"@type\":\"WebPage\",\"@id\":\"https:\\\/\\\/radis.ee\\\/fr\\\/etagere-step-l\\\/\",\"url\":\"https:\\\/\\\/radis.ee\\\/fr\\\/etagere-step-l\\\/\",\"name\":\"Etag\u00e8re STEP L - Radis\",\"isPartOf\":{\"@id\":\"https:\\\/\\\/radis.ee\\\/#website\"},\"primaryImageOfPage\":{\"@id\":\"https:\\\/\\\/radis.ee\\\/fr\\\/etagere-step-l\\\/#primaryimage\"},\"image\":{\"@id\":\"https:\\\/\\\/radis.ee\\\/fr\\\/etagere-step-l\\\/#primaryimage\"},\"thumbnailUrl\":\"https:\\\/\\\/radis.ee\\\/wp-content\\\/uploads\\\/2022\\\/10\\\/RADIS_shelf_STEP_L_oak_veneered_white_background_2.jpg\",\"datePublished\":\"2022-10-27T17:33:38+00:00\",\"dateModified\":\"2024-03-05T17:38:19+00:00\",\"breadcrumb\":{\"@id\":\"https:\\\/\\\/radis.ee\\\/fr\\\/etagere-step-l\\\/#breadcrumb\"},\"inLanguage\":\"fr-FR\",\"potentialAction\":[{\"@type\":\"ReadAction\",\"target\":[\"https:\\\/\\\/radis.ee\\\/fr\\\/etagere-step-l\\\/\"]}]},{\"@type\":\"ImageObject\",\"inLanguage\":\"fr-FR\",\"@id\":\"https:\\\/\\\/radis.ee\\\/fr\\\/etagere-step-l\\\/#primaryimage\",\"url\":\"https:\\\/\\\/radis.ee\\\/wp-content\\\/uploads\\\/2022\\\/10\\\/RADIS_shelf_STEP_L_oak_veneered_white_background_2.jpg\",\"contentUrl\":\"https:\\\/\\\/radis.ee\\\/wp-content\\\/uploads\\\/2022\\\/10\\\/RADIS_shelf_STEP_L_oak_veneered_white_background_2.jpg\",\"width\":741,\"height\":882,\"caption\":\"Radis shelf STEP L Oak veneeered plywood\"},{\"@type\":\"BreadcrumbList\",\"@id\":\"https:\\\/\\\/radis.ee\\\/fr\\\/etagere-step-l\\\/#breadcrumb\",\"itemListElement\":[{\"@type\":\"ListItem\",\"position\":1,\"name\":\"Home\",\"item\":\"https:\\\/\\\/radis.ee\\\/\"},{\"@type\":\"ListItem\",\"position\":2,\"name\":\"Magasin\",\"item\":\"https:\\\/\\\/radis.ee\\\/fr\\\/magasin\\\/\"},{\"@type\":\"ListItem\",\"position\":3,\"name\":\"Etag\u00e8re STEP L\"}]},{\"@type\":\"WebSite\",\"@id\":\"https:\\\/\\\/radis.ee\\\/#website\",\"url\":\"https:\\\/\\\/radis.ee\\\/\",\"name\":\"Radis\",\"description\":\"Nordic design furniture, environmentally friendly and sustainable.\",\"publisher\":{\"@id\":\"https:\\\/\\\/radis.ee\\\/#organization\"},\"potentialAction\":[{\"@type\":\"SearchAction\",\"target\":{\"@type\":\"EntryPoint\",\"urlTemplate\":\"https:\\\/\\\/radis.ee\\\/?s={search_term_string}\"},\"query-input\":{\"@type\":\"PropertyValueSpecification\",\"valueRequired\":true,\"valueName\":\"search_term_string\"}}],\"inLanguage\":\"fr-FR\"},{\"@type\":\"Organization\",\"@id\":\"https:\\\/\\\/radis.ee\\\/#organization\",\"name\":\"Radis O\u00dc\",\"url\":\"https:\\\/\\\/radis.ee\\\/\",\"logo\":{\"@type\":\"ImageObject\",\"inLanguage\":\"fr-FR\",\"@id\":\"https:\\\/\\\/radis.ee\\\/#\\\/schema\\\/logo\\\/image\\\/\",\"url\":\"https:\\\/\\\/radis.ee\\\/wp-content\\\/uploads\\\/2020\\\/10\\\/Radis-logo.png\",\"contentUrl\":\"https:\\\/\\\/radis.ee\\\/wp-content\\\/uploads\\\/2020\\\/10\\\/Radis-logo.png\",\"width\":300,\"height\":63,\"caption\":\"Radis O\u00dc\"},\"image\":{\"@id\":\"https:\\\/\\\/radis.ee\\\/#\\\/schema\\\/logo\\\/image\\\/\"},\"sameAs\":[\"https:\\\/\\\/www.facebook.com\\\/radisfurniture\\\/\"]}]}<\/script>\n<!-- \/ Yoast SEO plugin. -->","yoast_head_json":{"title":"Etag\u00e8re STEP L - Radis","robots":{"index":"index","follow":"follow","max-snippet":"max-snippet:-1","max-image-preview":"max-image-preview:large","max-video-preview":"max-video-preview:-1"},"canonical":"https:\/\/radis.ee\/fr\/etagere-step-l\/","og_locale":"fr_FR","og_type":"article","og_title":"Etag\u00e8re STEP L - Radis","og_description":"Entrez dans le futur avec l&rsquo;\u00e9tag\u00e8re STEP. Les angles diagonaux lui donnent une v\u00e9ritable sensation futuriste. Les \u00e9tag\u00e8res et les portes intermittentes cr\u00e9ent un excellent jeu g\u00e9om\u00e9trique et vous offrent des options &#8211; vous pouvez montrer certaines choses mais en laisser d&rsquo;autres \u00e0 l&rsquo;abri des regards. STEP est disponible en quatre largeurs diff\u00e9rentes et plusieurs...","og_url":"https:\/\/radis.ee\/fr\/etagere-step-l\/","og_site_name":"Radis","article_publisher":"https:\/\/www.facebook.com\/radisfurniture\/","article_modified_time":"2024-03-05T17:38:19+00:00","og_image":[{"width":741,"height":882,"url":"https:\/\/radis.ee\/wp-content\/uploads\/2022\/10\/RADIS_shelf_STEP_L_oak_veneered_white_background_2.jpg","type":"image\/jpeg"}],"twitter_card":"summary_large_image","twitter_misc":{"Dur\u00e9e de lecture estim\u00e9e":"1 minute"},"schema":{"@context":"https:\/\/schema.org","@graph":[{"@type":"WebPage","@id":"https:\/\/radis.ee\/fr\/etagere-step-l\/","url":"https:\/\/radis.ee\/fr\/etagere-step-l\/","name":"Etag\u00e8re STEP L - Radis","isPartOf":{"@id":"https:\/\/radis.ee\/#website"},"primaryImageOfPage":{"@id":"https:\/\/radis.ee\/fr\/etagere-step-l\/#primaryimage"},"image":{"@id":"https:\/\/radis.ee\/fr\/etagere-step-l\/#primaryimage"},"thumbnailUrl":"https:\/\/radis.ee\/wp-content\/uploads\/2022\/10\/RADIS_shelf_STEP_L_oak_veneered_white_background_2.jpg","datePublished":"2022-10-27T17:33:38+00:00","dateModified":"2024-03-05T17:38:19+00:00","breadcrumb":{"@id":"https:\/\/radis.ee\/fr\/etagere-step-l\/#breadcrumb"},"inLanguage":"fr-FR","potentialAction":[{"@type":"ReadAction","target":["https:\/\/radis.ee\/fr\/etagere-step-l\/"]}]},{"@type":"ImageObject","inLanguage":"fr-FR","@id":"https:\/\/radis.ee\/fr\/etagere-step-l\/#primaryimage","url":"https:\/\/radis.ee\/wp-content\/uploads\/2022\/10\/RADIS_shelf_STEP_L_oak_veneered_white_background_2.jpg","contentUrl":"https:\/\/radis.ee\/wp-content\/uploads\/2022\/10\/RADIS_shelf_STEP_L_oak_veneered_white_background_2.jpg","width":741,"height":882,"caption":"Radis shelf STEP L Oak veneeered plywood"},{"@type":"BreadcrumbList","@id":"https:\/\/radis.ee\/fr\/etagere-step-l\/#breadcrumb","itemListElement":[{"@type":"ListItem","position":1,"name":"Home","item":"https:\/\/radis.ee\/"},{"@type":"ListItem","position":2,"name":"Magasin","item":"https:\/\/radis.ee\/fr\/magasin\/"},{"@type":"ListItem","position":3,"name":"Etag\u00e8re STEP L"}]},{"@type":"WebSite","@id":"https:\/\/radis.ee\/#website","url":"https:\/\/radis.ee\/","name":"Radis","description":"Nordic design furniture, environmentally friendly and sustainable.","publisher":{"@id":"https:\/\/radis.ee\/#organization"},"potentialAction":[{"@type":"SearchAction","target":{"@type":"EntryPoint","urlTemplate":"https:\/\/radis.ee\/?s={search_term_string}"},"query-input":{"@type":"PropertyValueSpecification","valueRequired":true,"valueName":"search_term_string"}}],"inLanguage":"fr-FR"},{"@type":"Organization","@id":"https:\/\/radis.ee\/#organization","name":"Radis O\u00dc","url":"https:\/\/radis.ee\/","logo":{"@type":"ImageObject","inLanguage":"fr-FR","@id":"https:\/\/radis.ee\/#\/schema\/logo\/image\/","url":"https:\/\/radis.ee\/wp-content\/uploads\/2020\/10\/Radis-logo.png","contentUrl":"https:\/\/radis.ee\/wp-content\/uploads\/2020\/10\/Radis-logo.png","width":300,"height":63,"caption":"Radis O\u00dc"},"image":{"@id":"https:\/\/radis.ee\/#\/schema\/logo\/image\/"},"sameAs":["https:\/\/www.facebook.com\/radisfurniture\/"]}]}},"_links":{"self":[{"href":"https:\/\/radis.ee\/fr\/wp-json\/wp\/v2\/product\/18766","targetHints":{"allow":["GET"]}}],"collection":[{"href":"https:\/\/radis.ee\/fr\/wp-json\/wp\/v2\/product"}],"about":[{"href":"https:\/\/radis.ee\/fr\/wp-json\/wp\/v2\/types\/product"}],"replies":[{"embeddable":true,"href":"https:\/\/radis.ee\/fr\/wp-json\/wp\/v2\/comments?post=18766"}],"wp:featuredmedia":[{"embeddable":true,"href":"https:\/\/radis.ee\/fr\/wp-json\/wp\/v2\/media\/24101"}],"wp:attachment":[{"href":"https:\/\/radis.ee\/fr\/wp-json\/wp\/v2\/media?parent=18766"}],"wp:term":[{"taxonomy":"product_brand","embeddable":true,"href":"https:\/\/radis.ee\/fr\/wp-json\/wp\/v2\/product_brand?post=18766"},{"taxonomy":"product_cat","embeddable":true,"href":"https:\/\/radis.ee\/fr\/wp-json\/wp\/v2\/product_cat?post=18766"},{"taxonomy":"product_tag","embeddable":true,"href":"https:\/\/radis.ee\/fr\/wp-json\/wp\/v2\/product_tag?post=18766"}],"curies":[{"name":"wp","href":"https:\/\/api.w.org\/{rel}","templated":true}]}}