{"id":19127,"date":"2022-09-02T17:25:13","date_gmt":"2022-11-02T15:25:41","guid":{"rendered":"https:\/\/radis.ee\/?post_type=product&#038;p=19127"},"modified":"2022-11-07T09:16:22","modified_gmt":"2022-11-07T07:16:22","slug":"fauteuil-oslo","status":"publish","type":"product","link":"https:\/\/radis.ee\/fr\/fauteuil-oslo\/","title":{"rendered":"Fauteuil OSLO"},"content":{"rendered":"<p>OSLO est un fauteuil aux lignes \u00e9pur\u00e9es de style nordique minimaliste, solidement ancr\u00e9 sur ses quatre pieds.<\/p>\n<p>Le si\u00e8ge bas et profond vous invite \u00e0 vous asseoir tranquillement. M\u00eame un pr\u00e9sident ne verrait pas d&rsquo;inconv\u00e9nient \u00e0 attendre quelques minutes lorsqu&rsquo;il est assis dans celui-ci.<\/p>\n<p>Les pieds du fauteuil \u00e0 assise en cuir naturel sont en contreplaqu\u00e9 plaqu\u00e9 ch\u00eane. Le cuir Challenger noir et blanc utilis\u00e9 pour le fauteuil OSLO est un cuir souple semi-aniline avec une couleur et une texture uniformes. Cognac-tone Vintage est un cuir d&rsquo;ameublement \u00e9l\u00e9gant mais classique avec un aspect us\u00e9.<\/p>\n<p>Concepteur : Raivo Prooso<\/p>\n","protected":false},"excerpt":{"rendered":"<p>OSLO est un fauteuil aux lignes \u00e9pur\u00e9es de style nordique minimaliste, solidement ancr\u00e9 sur ses quatre pieds. Le si\u00e8ge bas et profond vous invite \u00e0 vous asseoir tranquillement. M\u00eame un pr\u00e9sident ne verrait pas d&rsquo;inconv\u00e9nient \u00e0 attendre quelques minutes lorsqu&rsquo;il est assis dans celui-ci. Les pieds du fauteuil \u00e0 assise en cuir naturel sont en&#8230;<\/p>\n","protected":false},"featured_media":24916,"comment_status":"open","ping_status":"closed","template":"","meta":{"_acf_changed":false},"product_brand":[],"product_cat":[809],"product_tag":[],"class_list":{"0":"post-19127","1":"product","2":"type-product","3":"status-publish","4":"has-post-thumbnail","6":"product_cat-accessoires-fr","8":"first","9":"instock","10":"taxable","11":"shipping-taxable","12":"purchasable","13":"product-type-variable","14":"has-default-attributes"},"acf":[],"yoast_head":"<!-- This site is optimized with the Yoast SEO plugin v27.4 - https:\/\/yoast.com\/product\/yoast-seo-wordpress\/ -->\n<title>Fauteuil OSLO - Radis<\/title>\n<meta name=\"robots\" content=\"index, follow, max-snippet:-1, max-image-preview:large, max-video-preview:-1\" \/>\n<link rel=\"canonical\" href=\"https:\/\/radis.ee\/tugitool-oslo\/\" \/>\n<meta property=\"og:locale\" content=\"fr_FR\" \/>\n<meta property=\"og:type\" content=\"article\" \/>\n<meta property=\"og:title\" content=\"Fauteuil OSLO - Radis\" \/>\n<meta property=\"og:description\" content=\"OSLO est un fauteuil aux lignes \u00e9pur\u00e9es de style nordique minimaliste, solidement ancr\u00e9 sur ses quatre pieds. Le si\u00e8ge bas et profond vous invite \u00e0 vous asseoir tranquillement. M\u00eame un pr\u00e9sident ne verrait pas d&rsquo;inconv\u00e9nient \u00e0 attendre quelques minutes lorsqu&rsquo;il est assis dans celui-ci. Les pieds du fauteuil \u00e0 assise en cuir naturel sont en...\" \/>\n<meta property=\"og:url\" content=\"https:\/\/radis.ee\/tugitool-oslo\/\" \/>\n<meta property=\"og:site_name\" content=\"Radis\" \/>\n<meta property=\"article:publisher\" content=\"https:\/\/www.facebook.com\/radisfurniture\/\" \/>\n<meta property=\"article:modified_time\" content=\"2022-11-07T07:16:22+00:00\" \/>\n<meta property=\"og:image\" content=\"https:\/\/radis.ee\/wp-content\/uploads\/2022\/09\/Radis_armchair_OSLO_Oak_veneered_Vintage_Cognac_leather__2-1.jpg\" \/>\n\t<meta property=\"og:image:width\" content=\"1360\" \/>\n\t<meta property=\"og:image:height\" content=\"1620\" \/>\n\t<meta property=\"og:image:type\" content=\"image\/jpeg\" \/>\n<meta name=\"twitter:card\" content=\"summary_large_image\" \/>\n<meta name=\"twitter:label1\" content=\"Dur\u00e9e de lecture estim\u00e9e\" \/>\n\t<meta name=\"twitter:data1\" content=\"1 minute\" \/>\n<script type=\"application\/ld+json\" class=\"yoast-schema-graph\">{\"@context\":\"https:\\\/\\\/schema.org\",\"@graph\":[{\"@type\":\"WebPage\",\"@id\":\"https:\\\/\\\/radis.ee\\\/tugitool-oslo\\\/\",\"url\":\"https:\\\/\\\/radis.ee\\\/tugitool-oslo\\\/\",\"name\":\"Fauteuil OSLO - Radis\",\"isPartOf\":{\"@id\":\"https:\\\/\\\/radis.ee\\\/#website\"},\"primaryImageOfPage\":{\"@id\":\"https:\\\/\\\/radis.ee\\\/tugitool-oslo\\\/#primaryimage\"},\"image\":{\"@id\":\"https:\\\/\\\/radis.ee\\\/tugitool-oslo\\\/#primaryimage\"},\"thumbnailUrl\":\"https:\\\/\\\/radis.ee\\\/wp-content\\\/uploads\\\/2022\\\/09\\\/Radis_armchair_OSLO_Oak_veneered_Vintage_Cognac_leather__2-1.jpg\",\"datePublished\":\"2022-11-02T15:25:41+00:00\",\"dateModified\":\"2022-11-07T07:16:22+00:00\",\"breadcrumb\":{\"@id\":\"https:\\\/\\\/radis.ee\\\/tugitool-oslo\\\/#breadcrumb\"},\"inLanguage\":\"fr-FR\",\"potentialAction\":[{\"@type\":\"ReadAction\",\"target\":[\"https:\\\/\\\/radis.ee\\\/tugitool-oslo\\\/\"]}]},{\"@type\":\"ImageObject\",\"inLanguage\":\"fr-FR\",\"@id\":\"https:\\\/\\\/radis.ee\\\/tugitool-oslo\\\/#primaryimage\",\"url\":\"https:\\\/\\\/radis.ee\\\/wp-content\\\/uploads\\\/2022\\\/09\\\/Radis_armchair_OSLO_Oak_veneered_Vintage_Cognac_leather__2-1.jpg\",\"contentUrl\":\"https:\\\/\\\/radis.ee\\\/wp-content\\\/uploads\\\/2022\\\/09\\\/Radis_armchair_OSLO_Oak_veneered_Vintage_Cognac_leather__2-1.jpg\",\"width\":1360,\"height\":1620,\"caption\":\"Radis armchair OSLO\"},{\"@type\":\"BreadcrumbList\",\"@id\":\"https:\\\/\\\/radis.ee\\\/tugitool-oslo\\\/#breadcrumb\",\"itemListElement\":[{\"@type\":\"ListItem\",\"position\":1,\"name\":\"Home\",\"item\":\"https:\\\/\\\/radis.ee\\\/\"},{\"@type\":\"ListItem\",\"position\":2,\"name\":\"Magasin\",\"item\":\"https:\\\/\\\/radis.ee\\\/fr\\\/magasin\\\/\"},{\"@type\":\"ListItem\",\"position\":3,\"name\":\"Fauteuil OSLO\"}]},{\"@type\":\"WebSite\",\"@id\":\"https:\\\/\\\/radis.ee\\\/#website\",\"url\":\"https:\\\/\\\/radis.ee\\\/\",\"name\":\"Radis\",\"description\":\"Nordic design furniture, environmentally friendly and sustainable.\",\"publisher\":{\"@id\":\"https:\\\/\\\/radis.ee\\\/#organization\"},\"potentialAction\":[{\"@type\":\"SearchAction\",\"target\":{\"@type\":\"EntryPoint\",\"urlTemplate\":\"https:\\\/\\\/radis.ee\\\/?s={search_term_string}\"},\"query-input\":{\"@type\":\"PropertyValueSpecification\",\"valueRequired\":true,\"valueName\":\"search_term_string\"}}],\"inLanguage\":\"fr-FR\"},{\"@type\":\"Organization\",\"@id\":\"https:\\\/\\\/radis.ee\\\/#organization\",\"name\":\"Radis O\u00dc\",\"url\":\"https:\\\/\\\/radis.ee\\\/\",\"logo\":{\"@type\":\"ImageObject\",\"inLanguage\":\"fr-FR\",\"@id\":\"https:\\\/\\\/radis.ee\\\/#\\\/schema\\\/logo\\\/image\\\/\",\"url\":\"https:\\\/\\\/radis.ee\\\/wp-content\\\/uploads\\\/2020\\\/10\\\/Radis-logo.png\",\"contentUrl\":\"https:\\\/\\\/radis.ee\\\/wp-content\\\/uploads\\\/2020\\\/10\\\/Radis-logo.png\",\"width\":300,\"height\":63,\"caption\":\"Radis O\u00dc\"},\"image\":{\"@id\":\"https:\\\/\\\/radis.ee\\\/#\\\/schema\\\/logo\\\/image\\\/\"},\"sameAs\":[\"https:\\\/\\\/www.facebook.com\\\/radisfurniture\\\/\"]}]}<\/script>\n<!-- \/ Yoast SEO plugin. -->","yoast_head_json":{"title":"Fauteuil OSLO - Radis","robots":{"index":"index","follow":"follow","max-snippet":"max-snippet:-1","max-image-preview":"max-image-preview:large","max-video-preview":"max-video-preview:-1"},"canonical":"https:\/\/radis.ee\/tugitool-oslo\/","og_locale":"fr_FR","og_type":"article","og_title":"Fauteuil OSLO - Radis","og_description":"OSLO est un fauteuil aux lignes \u00e9pur\u00e9es de style nordique minimaliste, solidement ancr\u00e9 sur ses quatre pieds. Le si\u00e8ge bas et profond vous invite \u00e0 vous asseoir tranquillement. M\u00eame un pr\u00e9sident ne verrait pas d&rsquo;inconv\u00e9nient \u00e0 attendre quelques minutes lorsqu&rsquo;il est assis dans celui-ci. Les pieds du fauteuil \u00e0 assise en cuir naturel sont en...","og_url":"https:\/\/radis.ee\/tugitool-oslo\/","og_site_name":"Radis","article_publisher":"https:\/\/www.facebook.com\/radisfurniture\/","article_modified_time":"2022-11-07T07:16:22+00:00","og_image":[{"width":1360,"height":1620,"url":"https:\/\/radis.ee\/wp-content\/uploads\/2022\/09\/Radis_armchair_OSLO_Oak_veneered_Vintage_Cognac_leather__2-1.jpg","type":"image\/jpeg"}],"twitter_card":"summary_large_image","twitter_misc":{"Dur\u00e9e de lecture estim\u00e9e":"1 minute"},"schema":{"@context":"https:\/\/schema.org","@graph":[{"@type":"WebPage","@id":"https:\/\/radis.ee\/tugitool-oslo\/","url":"https:\/\/radis.ee\/tugitool-oslo\/","name":"Fauteuil OSLO - Radis","isPartOf":{"@id":"https:\/\/radis.ee\/#website"},"primaryImageOfPage":{"@id":"https:\/\/radis.ee\/tugitool-oslo\/#primaryimage"},"image":{"@id":"https:\/\/radis.ee\/tugitool-oslo\/#primaryimage"},"thumbnailUrl":"https:\/\/radis.ee\/wp-content\/uploads\/2022\/09\/Radis_armchair_OSLO_Oak_veneered_Vintage_Cognac_leather__2-1.jpg","datePublished":"2022-11-02T15:25:41+00:00","dateModified":"2022-11-07T07:16:22+00:00","breadcrumb":{"@id":"https:\/\/radis.ee\/tugitool-oslo\/#breadcrumb"},"inLanguage":"fr-FR","potentialAction":[{"@type":"ReadAction","target":["https:\/\/radis.ee\/tugitool-oslo\/"]}]},{"@type":"ImageObject","inLanguage":"fr-FR","@id":"https:\/\/radis.ee\/tugitool-oslo\/#primaryimage","url":"https:\/\/radis.ee\/wp-content\/uploads\/2022\/09\/Radis_armchair_OSLO_Oak_veneered_Vintage_Cognac_leather__2-1.jpg","contentUrl":"https:\/\/radis.ee\/wp-content\/uploads\/2022\/09\/Radis_armchair_OSLO_Oak_veneered_Vintage_Cognac_leather__2-1.jpg","width":1360,"height":1620,"caption":"Radis armchair OSLO"},{"@type":"BreadcrumbList","@id":"https:\/\/radis.ee\/tugitool-oslo\/#breadcrumb","itemListElement":[{"@type":"ListItem","position":1,"name":"Home","item":"https:\/\/radis.ee\/"},{"@type":"ListItem","position":2,"name":"Magasin","item":"https:\/\/radis.ee\/fr\/magasin\/"},{"@type":"ListItem","position":3,"name":"Fauteuil OSLO"}]},{"@type":"WebSite","@id":"https:\/\/radis.ee\/#website","url":"https:\/\/radis.ee\/","name":"Radis","description":"Nordic design furniture, environmentally friendly and sustainable.","publisher":{"@id":"https:\/\/radis.ee\/#organization"},"potentialAction":[{"@type":"SearchAction","target":{"@type":"EntryPoint","urlTemplate":"https:\/\/radis.ee\/?s={search_term_string}"},"query-input":{"@type":"PropertyValueSpecification","valueRequired":true,"valueName":"search_term_string"}}],"inLanguage":"fr-FR"},{"@type":"Organization","@id":"https:\/\/radis.ee\/#organization","name":"Radis O\u00dc","url":"https:\/\/radis.ee\/","logo":{"@type":"ImageObject","inLanguage":"fr-FR","@id":"https:\/\/radis.ee\/#\/schema\/logo\/image\/","url":"https:\/\/radis.ee\/wp-content\/uploads\/2020\/10\/Radis-logo.png","contentUrl":"https:\/\/radis.ee\/wp-content\/uploads\/2020\/10\/Radis-logo.png","width":300,"height":63,"caption":"Radis O\u00dc"},"image":{"@id":"https:\/\/radis.ee\/#\/schema\/logo\/image\/"},"sameAs":["https:\/\/www.facebook.com\/radisfurniture\/"]}]}},"_links":{"self":[{"href":"https:\/\/radis.ee\/fr\/wp-json\/wp\/v2\/product\/19127","targetHints":{"allow":["GET"]}}],"collection":[{"href":"https:\/\/radis.ee\/fr\/wp-json\/wp\/v2\/product"}],"about":[{"href":"https:\/\/radis.ee\/fr\/wp-json\/wp\/v2\/types\/product"}],"replies":[{"embeddable":true,"href":"https:\/\/radis.ee\/fr\/wp-json\/wp\/v2\/comments?post=19127"}],"wp:featuredmedia":[{"embeddable":true,"href":"https:\/\/radis.ee\/fr\/wp-json\/wp\/v2\/media\/24916"}],"wp:attachment":[{"href":"https:\/\/radis.ee\/fr\/wp-json\/wp\/v2\/media?parent=19127"}],"wp:term":[{"taxonomy":"product_brand","embeddable":true,"href":"https:\/\/radis.ee\/fr\/wp-json\/wp\/v2\/product_brand?post=19127"},{"taxonomy":"product_cat","embeddable":true,"href":"https:\/\/radis.ee\/fr\/wp-json\/wp\/v2\/product_cat?post=19127"},{"taxonomy":"product_tag","embeddable":true,"href":"https:\/\/radis.ee\/fr\/wp-json\/wp\/v2\/product_tag?post=19127"}],"curies":[{"name":"wp","href":"https:\/\/api.w.org\/{rel}","templated":true}]}}