{"id":19338,"date":"2022-08-22T11:01:29","date_gmt":"2022-11-07T09:01:33","guid":{"rendered":"https:\/\/radis.ee\/?post_type=product&#038;p=19338"},"modified":"2022-11-08T16:57:53","modified_gmt":"2022-11-08T14:57:53","slug":"bureau-mural-reglable-en-hauteur-wup","status":"publish","type":"product","link":"https:\/\/radis.ee\/fr\/bureau-mural-reglable-en-hauteur-wup\/","title":{"rendered":"Bureau mural r\u00e9glable en hauteur WUP"},"content":{"rendered":"<p><span style=\"font-weight: 400;\">WUP &#8211; move it up !<\/span><\/p>\n<p><span style=\"font-weight: 400;\">Passez une journ\u00e9e de travail plus \u00e9nergique en choisissant le bureau mural WUP, minimaliste et r\u00e9glable en hauteur, pour votre bureau (\u00e0 domicile).<\/span><\/p>\n<p><span style=\"font-weight: 400;\">Travailler en ayant une posture statique pendant une p\u00e9riode prolong\u00e9e n\u2019est pas bon pour la sant\u00e9. Une meilleure tactique consiste \u00e0 alterner les postures assise et debout, de sorte que pour chaque p\u00e9riode de 30 \u00e0 60 minutes pass\u00e9e dans une posture assise, une p\u00e9riode au moins \u00e9quivalente doit \u00eatre pass\u00e9e debout. Votre corps et votre esprit vous en sauront gr\u00e9 !<\/span><\/p>\n<p><span style=\"font-weight: 400;\">Le WUP mural convient aux petites maisons ainsi qu\u2019aux petits espaces de travail silencieux dans les bureaux. Dot\u00e9 d\u2019un plateau de 46 x 68 cm, le WUP a la taille parfaite pour travailler avec un ordinateur portable. Pour am\u00e9liorer encore l\u2019ergonomie, nous vous recommandons d\u2019ajouter un support r\u00e9glable pour ordinateur portable ainsi qu\u2019un clavier et une souris s\u00e9par\u00e9s. Vous trouverez des conseils sur la mani\u00e8re de vous habituer \u00e0 travailler avec un bureau debout ICI.<\/span><\/p>\n<p><span style=\"font-weight: 400;\">Le WUP est fabriqu\u00e9 en contreplaqu\u00e9 de bouleau de 15 mm, renforc\u00e9 par des chevilles m\u00e9talliques et des vis pour meubles et fini avec des cires \u00e0 l\u2019huile Osmo de haute qualit\u00e9. Les surfaces du produit sont r\u00e9sistantes \u00e0 la salet\u00e9 et \u00e0 l\u2019eau, solides et r\u00e9sistantes \u00e0 l\u2019usure.<\/span><\/p>\n<p><span style=\"font-weight: 400;\">Si le WUP est correctement fix\u00e9 au mur, il peut supporter jusqu\u2019\u00e0 30 kg (il est d\u00e9conseill\u00e9 de s\u2019asseoir ou de monter dessus, mais si vous participez \u00e0 une r\u00e9union zoom en \u00e9tant debout et que vous vous sentez un peu fatigu\u00e9, vous pouvez certainement vous appuyer sur le bureau !)<\/span><\/p>\n<p><span style=\"font-weight: 400;\">Un kit de fixation murale convenant aux murs en bois, en b\u00e9ton ou en pl\u00e2tre est inclus. N.\u00a0B.\u00a0! Le produit ne convient pas aux cloisons avec une \u00e9paisseur de pl\u00e2tre\u00a0!<\/span><\/p>\n<p><span style=\"font-weight: 400;\">Dimensions du produit :\u00a0<\/span><span style=\"font-weight: 400;\">Panneau mural : 100 x 31 cm,\u00a0<\/span><span style=\"font-weight: 400;\">Plateau : 46 x 68 cm.<\/span><\/p>\n<p><span style=\"font-weight: 400;\">Bureau r\u00e9glable dans une plage de 80 cm.<\/span><\/p>\n","protected":false},"excerpt":{"rendered":"<p>WUP &#8211; move it up ! Passez une journ\u00e9e de travail plus \u00e9nergique en choisissant le bureau mural WUP, minimaliste et r\u00e9glable en hauteur, pour votre bureau (\u00e0 domicile). Travailler en ayant une posture statique pendant une p\u00e9riode prolong\u00e9e n\u2019est pas bon pour la sant\u00e9. Une meilleure tactique consiste \u00e0 alterner les postures assise et&#8230;<\/p>\n","protected":false},"featured_media":19365,"comment_status":"open","ping_status":"closed","template":"","meta":{"_acf_changed":false},"product_brand":[],"product_cat":[779],"product_tag":[],"class_list":{"0":"post-19338","1":"product","2":"type-product","3":"status-publish","4":"has-post-thumbnail","6":"product_cat-les-tables","8":"first","9":"instock","10":"taxable","11":"shipping-taxable","12":"purchasable","13":"product-type-variable","14":"has-default-attributes"},"acf":[],"yoast_head":"<!-- This site is optimized with the Yoast SEO plugin v27.4 - https:\/\/yoast.com\/product\/yoast-seo-wordpress\/ -->\n<title>Bureau mural r\u00e9glable en hauteur WUP - Radis<\/title>\n<meta name=\"robots\" content=\"index, follow, max-snippet:-1, max-image-preview:large, max-video-preview:-1\" \/>\n<link rel=\"canonical\" href=\"https:\/\/radis.ee\/muudetava-korgusega-seisulaud-wup\/\" \/>\n<meta property=\"og:locale\" content=\"fr_FR\" \/>\n<meta property=\"og:type\" content=\"article\" \/>\n<meta property=\"og:title\" content=\"Bureau mural r\u00e9glable en hauteur WUP - Radis\" \/>\n<meta property=\"og:description\" content=\"WUP &#8211; move it up ! Passez une journ\u00e9e de travail plus \u00e9nergique en choisissant le bureau mural WUP, minimaliste et r\u00e9glable en hauteur, pour votre bureau (\u00e0 domicile). Travailler en ayant une posture statique pendant une p\u00e9riode prolong\u00e9e n\u2019est pas bon pour la sant\u00e9. Une meilleure tactique consiste \u00e0 alterner les postures assise et...\" \/>\n<meta property=\"og:url\" content=\"https:\/\/radis.ee\/muudetava-korgusega-seisulaud-wup\/\" \/>\n<meta property=\"og:site_name\" content=\"Radis\" \/>\n<meta property=\"article:publisher\" content=\"https:\/\/www.facebook.com\/radisfurniture\/\" \/>\n<meta property=\"article:modified_time\" content=\"2022-11-08T14:57:53+00:00\" \/>\n<meta property=\"og:image\" content=\"https:\/\/radis.ee\/wp-content\/uploads\/2022\/11\/Radis_adjustable_height_wall_desk_WUP_Laptop_top_down_side_11.png\" \/>\n\t<meta property=\"og:image:width\" content=\"1300\" \/>\n\t<meta property=\"og:image:height\" content=\"1005\" \/>\n\t<meta property=\"og:image:type\" content=\"image\/png\" \/>\n<meta name=\"twitter:card\" content=\"summary_large_image\" \/>\n<meta name=\"twitter:label1\" content=\"Dur\u00e9e de lecture estim\u00e9e\" \/>\n\t<meta name=\"twitter:data1\" content=\"2 minutes\" \/>\n<script type=\"application\/ld+json\" class=\"yoast-schema-graph\">{\"@context\":\"https:\\\/\\\/schema.org\",\"@graph\":[{\"@type\":\"WebPage\",\"@id\":\"https:\\\/\\\/radis.ee\\\/muudetava-korgusega-seisulaud-wup\\\/\",\"url\":\"https:\\\/\\\/radis.ee\\\/muudetava-korgusega-seisulaud-wup\\\/\",\"name\":\"Bureau mural r\u00e9glable en hauteur WUP - Radis\",\"isPartOf\":{\"@id\":\"https:\\\/\\\/radis.ee\\\/#website\"},\"primaryImageOfPage\":{\"@id\":\"https:\\\/\\\/radis.ee\\\/muudetava-korgusega-seisulaud-wup\\\/#primaryimage\"},\"image\":{\"@id\":\"https:\\\/\\\/radis.ee\\\/muudetava-korgusega-seisulaud-wup\\\/#primaryimage\"},\"thumbnailUrl\":\"https:\\\/\\\/radis.ee\\\/wp-content\\\/uploads\\\/2022\\\/11\\\/Radis_adjustable_height_wall_desk_WUP_Laptop_top_down_side_11.png\",\"datePublished\":\"2022-11-07T09:01:33+00:00\",\"dateModified\":\"2022-11-08T14:57:53+00:00\",\"breadcrumb\":{\"@id\":\"https:\\\/\\\/radis.ee\\\/muudetava-korgusega-seisulaud-wup\\\/#breadcrumb\"},\"inLanguage\":\"fr-FR\",\"potentialAction\":[{\"@type\":\"ReadAction\",\"target\":[\"https:\\\/\\\/radis.ee\\\/muudetava-korgusega-seisulaud-wup\\\/\"]}]},{\"@type\":\"ImageObject\",\"inLanguage\":\"fr-FR\",\"@id\":\"https:\\\/\\\/radis.ee\\\/muudetava-korgusega-seisulaud-wup\\\/#primaryimage\",\"url\":\"https:\\\/\\\/radis.ee\\\/wp-content\\\/uploads\\\/2022\\\/11\\\/Radis_adjustable_height_wall_desk_WUP_Laptop_top_down_side_11.png\",\"contentUrl\":\"https:\\\/\\\/radis.ee\\\/wp-content\\\/uploads\\\/2022\\\/11\\\/Radis_adjustable_height_wall_desk_WUP_Laptop_top_down_side_11.png\",\"width\":1300,\"height\":1005,\"caption\":\"Radis adjustable height wall desk WUP\"},{\"@type\":\"BreadcrumbList\",\"@id\":\"https:\\\/\\\/radis.ee\\\/muudetava-korgusega-seisulaud-wup\\\/#breadcrumb\",\"itemListElement\":[{\"@type\":\"ListItem\",\"position\":1,\"name\":\"Home\",\"item\":\"https:\\\/\\\/radis.ee\\\/\"},{\"@type\":\"ListItem\",\"position\":2,\"name\":\"Magasin\",\"item\":\"https:\\\/\\\/radis.ee\\\/fr\\\/magasin\\\/\"},{\"@type\":\"ListItem\",\"position\":3,\"name\":\"Bureau mural r\u00e9glable en hauteur WUP\"}]},{\"@type\":\"WebSite\",\"@id\":\"https:\\\/\\\/radis.ee\\\/#website\",\"url\":\"https:\\\/\\\/radis.ee\\\/\",\"name\":\"Radis\",\"description\":\"Nordic design furniture, environmentally friendly and sustainable.\",\"publisher\":{\"@id\":\"https:\\\/\\\/radis.ee\\\/#organization\"},\"potentialAction\":[{\"@type\":\"SearchAction\",\"target\":{\"@type\":\"EntryPoint\",\"urlTemplate\":\"https:\\\/\\\/radis.ee\\\/?s={search_term_string}\"},\"query-input\":{\"@type\":\"PropertyValueSpecification\",\"valueRequired\":true,\"valueName\":\"search_term_string\"}}],\"inLanguage\":\"fr-FR\"},{\"@type\":\"Organization\",\"@id\":\"https:\\\/\\\/radis.ee\\\/#organization\",\"name\":\"Radis O\u00dc\",\"url\":\"https:\\\/\\\/radis.ee\\\/\",\"logo\":{\"@type\":\"ImageObject\",\"inLanguage\":\"fr-FR\",\"@id\":\"https:\\\/\\\/radis.ee\\\/#\\\/schema\\\/logo\\\/image\\\/\",\"url\":\"https:\\\/\\\/radis.ee\\\/wp-content\\\/uploads\\\/2020\\\/10\\\/Radis-logo.png\",\"contentUrl\":\"https:\\\/\\\/radis.ee\\\/wp-content\\\/uploads\\\/2020\\\/10\\\/Radis-logo.png\",\"width\":300,\"height\":63,\"caption\":\"Radis O\u00dc\"},\"image\":{\"@id\":\"https:\\\/\\\/radis.ee\\\/#\\\/schema\\\/logo\\\/image\\\/\"},\"sameAs\":[\"https:\\\/\\\/www.facebook.com\\\/radisfurniture\\\/\"]}]}<\/script>\n<!-- \/ Yoast SEO plugin. -->","yoast_head_json":{"title":"Bureau mural r\u00e9glable en hauteur WUP - Radis","robots":{"index":"index","follow":"follow","max-snippet":"max-snippet:-1","max-image-preview":"max-image-preview:large","max-video-preview":"max-video-preview:-1"},"canonical":"https:\/\/radis.ee\/muudetava-korgusega-seisulaud-wup\/","og_locale":"fr_FR","og_type":"article","og_title":"Bureau mural r\u00e9glable en hauteur WUP - Radis","og_description":"WUP &#8211; move it up ! Passez une journ\u00e9e de travail plus \u00e9nergique en choisissant le bureau mural WUP, minimaliste et r\u00e9glable en hauteur, pour votre bureau (\u00e0 domicile). Travailler en ayant une posture statique pendant une p\u00e9riode prolong\u00e9e n\u2019est pas bon pour la sant\u00e9. Une meilleure tactique consiste \u00e0 alterner les postures assise et...","og_url":"https:\/\/radis.ee\/muudetava-korgusega-seisulaud-wup\/","og_site_name":"Radis","article_publisher":"https:\/\/www.facebook.com\/radisfurniture\/","article_modified_time":"2022-11-08T14:57:53+00:00","og_image":[{"width":1300,"height":1005,"url":"https:\/\/radis.ee\/wp-content\/uploads\/2022\/11\/Radis_adjustable_height_wall_desk_WUP_Laptop_top_down_side_11.png","type":"image\/png"}],"twitter_card":"summary_large_image","twitter_misc":{"Dur\u00e9e de lecture estim\u00e9e":"2 minutes"},"schema":{"@context":"https:\/\/schema.org","@graph":[{"@type":"WebPage","@id":"https:\/\/radis.ee\/muudetava-korgusega-seisulaud-wup\/","url":"https:\/\/radis.ee\/muudetava-korgusega-seisulaud-wup\/","name":"Bureau mural r\u00e9glable en hauteur WUP - Radis","isPartOf":{"@id":"https:\/\/radis.ee\/#website"},"primaryImageOfPage":{"@id":"https:\/\/radis.ee\/muudetava-korgusega-seisulaud-wup\/#primaryimage"},"image":{"@id":"https:\/\/radis.ee\/muudetava-korgusega-seisulaud-wup\/#primaryimage"},"thumbnailUrl":"https:\/\/radis.ee\/wp-content\/uploads\/2022\/11\/Radis_adjustable_height_wall_desk_WUP_Laptop_top_down_side_11.png","datePublished":"2022-11-07T09:01:33+00:00","dateModified":"2022-11-08T14:57:53+00:00","breadcrumb":{"@id":"https:\/\/radis.ee\/muudetava-korgusega-seisulaud-wup\/#breadcrumb"},"inLanguage":"fr-FR","potentialAction":[{"@type":"ReadAction","target":["https:\/\/radis.ee\/muudetava-korgusega-seisulaud-wup\/"]}]},{"@type":"ImageObject","inLanguage":"fr-FR","@id":"https:\/\/radis.ee\/muudetava-korgusega-seisulaud-wup\/#primaryimage","url":"https:\/\/radis.ee\/wp-content\/uploads\/2022\/11\/Radis_adjustable_height_wall_desk_WUP_Laptop_top_down_side_11.png","contentUrl":"https:\/\/radis.ee\/wp-content\/uploads\/2022\/11\/Radis_adjustable_height_wall_desk_WUP_Laptop_top_down_side_11.png","width":1300,"height":1005,"caption":"Radis adjustable height wall desk WUP"},{"@type":"BreadcrumbList","@id":"https:\/\/radis.ee\/muudetava-korgusega-seisulaud-wup\/#breadcrumb","itemListElement":[{"@type":"ListItem","position":1,"name":"Home","item":"https:\/\/radis.ee\/"},{"@type":"ListItem","position":2,"name":"Magasin","item":"https:\/\/radis.ee\/fr\/magasin\/"},{"@type":"ListItem","position":3,"name":"Bureau mural r\u00e9glable en hauteur WUP"}]},{"@type":"WebSite","@id":"https:\/\/radis.ee\/#website","url":"https:\/\/radis.ee\/","name":"Radis","description":"Nordic design furniture, environmentally friendly and sustainable.","publisher":{"@id":"https:\/\/radis.ee\/#organization"},"potentialAction":[{"@type":"SearchAction","target":{"@type":"EntryPoint","urlTemplate":"https:\/\/radis.ee\/?s={search_term_string}"},"query-input":{"@type":"PropertyValueSpecification","valueRequired":true,"valueName":"search_term_string"}}],"inLanguage":"fr-FR"},{"@type":"Organization","@id":"https:\/\/radis.ee\/#organization","name":"Radis O\u00dc","url":"https:\/\/radis.ee\/","logo":{"@type":"ImageObject","inLanguage":"fr-FR","@id":"https:\/\/radis.ee\/#\/schema\/logo\/image\/","url":"https:\/\/radis.ee\/wp-content\/uploads\/2020\/10\/Radis-logo.png","contentUrl":"https:\/\/radis.ee\/wp-content\/uploads\/2020\/10\/Radis-logo.png","width":300,"height":63,"caption":"Radis O\u00dc"},"image":{"@id":"https:\/\/radis.ee\/#\/schema\/logo\/image\/"},"sameAs":["https:\/\/www.facebook.com\/radisfurniture\/"]}]}},"_links":{"self":[{"href":"https:\/\/radis.ee\/fr\/wp-json\/wp\/v2\/product\/19338","targetHints":{"allow":["GET"]}}],"collection":[{"href":"https:\/\/radis.ee\/fr\/wp-json\/wp\/v2\/product"}],"about":[{"href":"https:\/\/radis.ee\/fr\/wp-json\/wp\/v2\/types\/product"}],"replies":[{"embeddable":true,"href":"https:\/\/radis.ee\/fr\/wp-json\/wp\/v2\/comments?post=19338"}],"wp:featuredmedia":[{"embeddable":true,"href":"https:\/\/radis.ee\/fr\/wp-json\/wp\/v2\/media\/19365"}],"wp:attachment":[{"href":"https:\/\/radis.ee\/fr\/wp-json\/wp\/v2\/media?parent=19338"}],"wp:term":[{"taxonomy":"product_brand","embeddable":true,"href":"https:\/\/radis.ee\/fr\/wp-json\/wp\/v2\/product_brand?post=19338"},{"taxonomy":"product_cat","embeddable":true,"href":"https:\/\/radis.ee\/fr\/wp-json\/wp\/v2\/product_cat?post=19338"},{"taxonomy":"product_tag","embeddable":true,"href":"https:\/\/radis.ee\/fr\/wp-json\/wp\/v2\/product_tag?post=19338"}],"curies":[{"name":"wp","href":"https:\/\/api.w.org\/{rel}","templated":true}]}}