{"id":19408,"date":"2022-08-21T13:47:15","date_gmt":"2022-11-07T11:47:19","guid":{"rendered":"https:\/\/radis.ee\/?post_type=product&#038;p=19408"},"modified":"2023-05-05T10:49:45","modified_gmt":"2023-05-05T07:49:45","slug":"pouf-mammu","status":"publish","type":"product","link":"https:\/\/radis.ee\/fr\/pouf-mammu\/","title":{"rendered":"Pouf MAMMU"},"content":{"rendered":"<p>Mammu est un \u00e9l\u00e9ment de design pratique pour un int\u00e9rieur moderne. Ce pouf s&rsquo;int\u00e9grera aussi bien dans une entr\u00e9e, un salon ou une chambre.<\/p>\n<p>En raison de sa couverture douce et moelleuse, Mammu peut facilement \u00eatre confondu avec un animal de compagnie, avec lequel il conviendra parfaitement.<\/p>\n<p>Concepteur: Raivo Prooso<\/p>\n","protected":false},"excerpt":{"rendered":"<p>Mammu est un \u00e9l\u00e9ment de design pratique pour un int\u00e9rieur moderne. Ce pouf s&rsquo;int\u00e9grera aussi bien dans une entr\u00e9e, un salon ou une chambre. En raison de sa couverture douce et moelleuse, Mammu peut facilement \u00eatre confondu avec un animal de compagnie, avec lequel il conviendra parfaitement. Concepteur: Raivo Prooso<\/p>\n","protected":false},"featured_media":19603,"comment_status":"open","ping_status":"closed","template":"","meta":{"_acf_changed":false},"product_brand":[],"product_cat":[809],"product_tag":[],"class_list":{"0":"post-19408","1":"product","2":"type-product","3":"status-publish","4":"has-post-thumbnail","6":"product_cat-accessoires-fr","8":"first","9":"instock","10":"taxable","11":"shipping-taxable","12":"purchasable","13":"product-type-variable","14":"has-default-attributes"},"acf":[],"yoast_head":"<!-- This site is optimized with the Yoast SEO plugin v27.4 - https:\/\/yoast.com\/product\/yoast-seo-wordpress\/ -->\n<title>Pouf MAMMU - Radis<\/title>\n<meta name=\"robots\" content=\"index, follow, max-snippet:-1, max-image-preview:large, max-video-preview:-1\" \/>\n<link rel=\"canonical\" href=\"https:\/\/radis.ee\/tumba-mammu\/\" \/>\n<meta property=\"og:locale\" content=\"fr_FR\" \/>\n<meta property=\"og:type\" content=\"article\" \/>\n<meta property=\"og:title\" content=\"Pouf MAMMU - Radis\" \/>\n<meta property=\"og:description\" content=\"Mammu est un \u00e9l\u00e9ment de design pratique pour un int\u00e9rieur moderne. Ce pouf s&rsquo;int\u00e9grera aussi bien dans une entr\u00e9e, un salon ou une chambre. En raison de sa couverture douce et moelleuse, Mammu peut facilement \u00eatre confondu avec un animal de compagnie, avec lequel il conviendra parfaitement. Concepteur: Raivo Prooso\" \/>\n<meta property=\"og:url\" content=\"https:\/\/radis.ee\/tumba-mammu\/\" \/>\n<meta property=\"og:site_name\" content=\"Radis\" \/>\n<meta property=\"article:publisher\" content=\"https:\/\/www.facebook.com\/radisfurniture\/\" \/>\n<meta property=\"article:modified_time\" content=\"2023-05-05T07:49:45+00:00\" \/>\n<meta property=\"og:image\" content=\"https:\/\/radis.ee\/wp-content\/uploads\/2022\/08\/Radis_pouf_MAMMU_pink.jpg\" \/>\n\t<meta property=\"og:image:width\" content=\"1360\" \/>\n\t<meta property=\"og:image:height\" content=\"1620\" \/>\n\t<meta property=\"og:image:type\" content=\"image\/jpeg\" \/>\n<meta name=\"twitter:card\" content=\"summary_large_image\" \/>\n<script type=\"application\/ld+json\" class=\"yoast-schema-graph\">{\"@context\":\"https:\\\/\\\/schema.org\",\"@graph\":[{\"@type\":\"WebPage\",\"@id\":\"https:\\\/\\\/radis.ee\\\/tumba-mammu\\\/\",\"url\":\"https:\\\/\\\/radis.ee\\\/tumba-mammu\\\/\",\"name\":\"Pouf MAMMU - Radis\",\"isPartOf\":{\"@id\":\"https:\\\/\\\/radis.ee\\\/#website\"},\"primaryImageOfPage\":{\"@id\":\"https:\\\/\\\/radis.ee\\\/tumba-mammu\\\/#primaryimage\"},\"image\":{\"@id\":\"https:\\\/\\\/radis.ee\\\/tumba-mammu\\\/#primaryimage\"},\"thumbnailUrl\":\"https:\\\/\\\/radis.ee\\\/wp-content\\\/uploads\\\/2022\\\/08\\\/Radis_pouf_MAMMU_pink.jpg\",\"datePublished\":\"2022-11-07T11:47:19+00:00\",\"dateModified\":\"2023-05-05T07:49:45+00:00\",\"breadcrumb\":{\"@id\":\"https:\\\/\\\/radis.ee\\\/tumba-mammu\\\/#breadcrumb\"},\"inLanguage\":\"fr-FR\",\"potentialAction\":[{\"@type\":\"ReadAction\",\"target\":[\"https:\\\/\\\/radis.ee\\\/tumba-mammu\\\/\"]}]},{\"@type\":\"ImageObject\",\"inLanguage\":\"fr-FR\",\"@id\":\"https:\\\/\\\/radis.ee\\\/tumba-mammu\\\/#primaryimage\",\"url\":\"https:\\\/\\\/radis.ee\\\/wp-content\\\/uploads\\\/2022\\\/08\\\/Radis_pouf_MAMMU_pink.jpg\",\"contentUrl\":\"https:\\\/\\\/radis.ee\\\/wp-content\\\/uploads\\\/2022\\\/08\\\/Radis_pouf_MAMMU_pink.jpg\",\"width\":1360,\"height\":1620,\"caption\":\"Radis pouf MAMMU Pink\"},{\"@type\":\"BreadcrumbList\",\"@id\":\"https:\\\/\\\/radis.ee\\\/tumba-mammu\\\/#breadcrumb\",\"itemListElement\":[{\"@type\":\"ListItem\",\"position\":1,\"name\":\"Home\",\"item\":\"https:\\\/\\\/radis.ee\\\/\"},{\"@type\":\"ListItem\",\"position\":2,\"name\":\"Magasin\",\"item\":\"https:\\\/\\\/radis.ee\\\/fr\\\/magasin\\\/\"},{\"@type\":\"ListItem\",\"position\":3,\"name\":\"Pouf MAMMU\"}]},{\"@type\":\"WebSite\",\"@id\":\"https:\\\/\\\/radis.ee\\\/#website\",\"url\":\"https:\\\/\\\/radis.ee\\\/\",\"name\":\"Radis\",\"description\":\"Nordic design furniture, environmentally friendly and sustainable.\",\"publisher\":{\"@id\":\"https:\\\/\\\/radis.ee\\\/#organization\"},\"potentialAction\":[{\"@type\":\"SearchAction\",\"target\":{\"@type\":\"EntryPoint\",\"urlTemplate\":\"https:\\\/\\\/radis.ee\\\/?s={search_term_string}\"},\"query-input\":{\"@type\":\"PropertyValueSpecification\",\"valueRequired\":true,\"valueName\":\"search_term_string\"}}],\"inLanguage\":\"fr-FR\"},{\"@type\":\"Organization\",\"@id\":\"https:\\\/\\\/radis.ee\\\/#organization\",\"name\":\"Radis O\u00dc\",\"url\":\"https:\\\/\\\/radis.ee\\\/\",\"logo\":{\"@type\":\"ImageObject\",\"inLanguage\":\"fr-FR\",\"@id\":\"https:\\\/\\\/radis.ee\\\/#\\\/schema\\\/logo\\\/image\\\/\",\"url\":\"https:\\\/\\\/radis.ee\\\/wp-content\\\/uploads\\\/2020\\\/10\\\/Radis-logo.png\",\"contentUrl\":\"https:\\\/\\\/radis.ee\\\/wp-content\\\/uploads\\\/2020\\\/10\\\/Radis-logo.png\",\"width\":300,\"height\":63,\"caption\":\"Radis O\u00dc\"},\"image\":{\"@id\":\"https:\\\/\\\/radis.ee\\\/#\\\/schema\\\/logo\\\/image\\\/\"},\"sameAs\":[\"https:\\\/\\\/www.facebook.com\\\/radisfurniture\\\/\"]}]}<\/script>\n<!-- \/ Yoast SEO plugin. -->","yoast_head_json":{"title":"Pouf MAMMU - Radis","robots":{"index":"index","follow":"follow","max-snippet":"max-snippet:-1","max-image-preview":"max-image-preview:large","max-video-preview":"max-video-preview:-1"},"canonical":"https:\/\/radis.ee\/tumba-mammu\/","og_locale":"fr_FR","og_type":"article","og_title":"Pouf MAMMU - Radis","og_description":"Mammu est un \u00e9l\u00e9ment de design pratique pour un int\u00e9rieur moderne. Ce pouf s&rsquo;int\u00e9grera aussi bien dans une entr\u00e9e, un salon ou une chambre. En raison de sa couverture douce et moelleuse, Mammu peut facilement \u00eatre confondu avec un animal de compagnie, avec lequel il conviendra parfaitement. Concepteur: Raivo Prooso","og_url":"https:\/\/radis.ee\/tumba-mammu\/","og_site_name":"Radis","article_publisher":"https:\/\/www.facebook.com\/radisfurniture\/","article_modified_time":"2023-05-05T07:49:45+00:00","og_image":[{"width":1360,"height":1620,"url":"https:\/\/radis.ee\/wp-content\/uploads\/2022\/08\/Radis_pouf_MAMMU_pink.jpg","type":"image\/jpeg"}],"twitter_card":"summary_large_image","schema":{"@context":"https:\/\/schema.org","@graph":[{"@type":"WebPage","@id":"https:\/\/radis.ee\/tumba-mammu\/","url":"https:\/\/radis.ee\/tumba-mammu\/","name":"Pouf MAMMU - Radis","isPartOf":{"@id":"https:\/\/radis.ee\/#website"},"primaryImageOfPage":{"@id":"https:\/\/radis.ee\/tumba-mammu\/#primaryimage"},"image":{"@id":"https:\/\/radis.ee\/tumba-mammu\/#primaryimage"},"thumbnailUrl":"https:\/\/radis.ee\/wp-content\/uploads\/2022\/08\/Radis_pouf_MAMMU_pink.jpg","datePublished":"2022-11-07T11:47:19+00:00","dateModified":"2023-05-05T07:49:45+00:00","breadcrumb":{"@id":"https:\/\/radis.ee\/tumba-mammu\/#breadcrumb"},"inLanguage":"fr-FR","potentialAction":[{"@type":"ReadAction","target":["https:\/\/radis.ee\/tumba-mammu\/"]}]},{"@type":"ImageObject","inLanguage":"fr-FR","@id":"https:\/\/radis.ee\/tumba-mammu\/#primaryimage","url":"https:\/\/radis.ee\/wp-content\/uploads\/2022\/08\/Radis_pouf_MAMMU_pink.jpg","contentUrl":"https:\/\/radis.ee\/wp-content\/uploads\/2022\/08\/Radis_pouf_MAMMU_pink.jpg","width":1360,"height":1620,"caption":"Radis pouf MAMMU Pink"},{"@type":"BreadcrumbList","@id":"https:\/\/radis.ee\/tumba-mammu\/#breadcrumb","itemListElement":[{"@type":"ListItem","position":1,"name":"Home","item":"https:\/\/radis.ee\/"},{"@type":"ListItem","position":2,"name":"Magasin","item":"https:\/\/radis.ee\/fr\/magasin\/"},{"@type":"ListItem","position":3,"name":"Pouf MAMMU"}]},{"@type":"WebSite","@id":"https:\/\/radis.ee\/#website","url":"https:\/\/radis.ee\/","name":"Radis","description":"Nordic design furniture, environmentally friendly and sustainable.","publisher":{"@id":"https:\/\/radis.ee\/#organization"},"potentialAction":[{"@type":"SearchAction","target":{"@type":"EntryPoint","urlTemplate":"https:\/\/radis.ee\/?s={search_term_string}"},"query-input":{"@type":"PropertyValueSpecification","valueRequired":true,"valueName":"search_term_string"}}],"inLanguage":"fr-FR"},{"@type":"Organization","@id":"https:\/\/radis.ee\/#organization","name":"Radis O\u00dc","url":"https:\/\/radis.ee\/","logo":{"@type":"ImageObject","inLanguage":"fr-FR","@id":"https:\/\/radis.ee\/#\/schema\/logo\/image\/","url":"https:\/\/radis.ee\/wp-content\/uploads\/2020\/10\/Radis-logo.png","contentUrl":"https:\/\/radis.ee\/wp-content\/uploads\/2020\/10\/Radis-logo.png","width":300,"height":63,"caption":"Radis O\u00dc"},"image":{"@id":"https:\/\/radis.ee\/#\/schema\/logo\/image\/"},"sameAs":["https:\/\/www.facebook.com\/radisfurniture\/"]}]}},"_links":{"self":[{"href":"https:\/\/radis.ee\/fr\/wp-json\/wp\/v2\/product\/19408","targetHints":{"allow":["GET"]}}],"collection":[{"href":"https:\/\/radis.ee\/fr\/wp-json\/wp\/v2\/product"}],"about":[{"href":"https:\/\/radis.ee\/fr\/wp-json\/wp\/v2\/types\/product"}],"replies":[{"embeddable":true,"href":"https:\/\/radis.ee\/fr\/wp-json\/wp\/v2\/comments?post=19408"}],"wp:featuredmedia":[{"embeddable":true,"href":"https:\/\/radis.ee\/fr\/wp-json\/wp\/v2\/media\/19603"}],"wp:attachment":[{"href":"https:\/\/radis.ee\/fr\/wp-json\/wp\/v2\/media?parent=19408"}],"wp:term":[{"taxonomy":"product_brand","embeddable":true,"href":"https:\/\/radis.ee\/fr\/wp-json\/wp\/v2\/product_brand?post=19408"},{"taxonomy":"product_cat","embeddable":true,"href":"https:\/\/radis.ee\/fr\/wp-json\/wp\/v2\/product_cat?post=19408"},{"taxonomy":"product_tag","embeddable":true,"href":"https:\/\/radis.ee\/fr\/wp-json\/wp\/v2\/product_tag?post=19408"}],"curies":[{"name":"wp","href":"https:\/\/api.w.org\/{rel}","templated":true}]}}