{"id":19496,"date":"2022-08-30T17:11:41","date_gmt":"2022-11-07T15:11:46","guid":{"rendered":"https:\/\/radis.ee\/?post_type=product&#038;p=19496"},"modified":"2022-11-07T18:52:35","modified_gmt":"2022-11-07T16:52:35","slug":"tabouret-de-bar-christo","status":"publish","type":"product","link":"https:\/\/radis.ee\/fr\/tabouret-de-bar-christo\/","title":{"rendered":"Tabouret de bar CHRISTO"},"content":{"rendered":"<p>Le tabouret de bar Christo est un si\u00e8ge universel pour une table \u00e0 manger plus haute ou un comptoir de bar. Lors du d\u00e9veloppement de ce produit, le confort et l&rsquo;ergonomie ont \u00e9t\u00e9 pris en consid\u00e9ration pour une assise prolong\u00e9e.<\/p>\n<p>La hauteur du tabouret est facilement r\u00e9glable entre 64 et 75 cm de la surface du sol. Le si\u00e8ge tourne \u00e9galement librement. La construction est en acier, enduit de poudre. Pieds du tabouret en bois de noyer ou en acier de qualit\u00e9, assise et dossier en cuir noir naturel.<\/p>\n<p>Le tabouret de bar Christo est con\u00e7u pour durer \u00e9ternellement avec sa construction de jambe apparemment l\u00e9g\u00e8re et fine. Egalement disponible en version non rotative, la hauteur d&rsquo;assise est alors de 75 cm.<\/p>\n<p>Conception : Kristiina Tuulberg, Kalle Pruuden, Janno Roos<\/p>\n","protected":false},"excerpt":{"rendered":"<p>Le tabouret de bar Christo est un si\u00e8ge universel pour une table \u00e0 manger plus haute ou un comptoir de bar. Lors du d\u00e9veloppement de ce produit, le confort et l&rsquo;ergonomie ont \u00e9t\u00e9 pris en consid\u00e9ration pour une assise prolong\u00e9e. La hauteur du tabouret est facilement r\u00e9glable entre 64 et 75 cm de la surface&#8230;<\/p>\n","protected":false},"featured_media":19596,"comment_status":"open","ping_status":"closed","template":"","meta":{"_acf_changed":false},"product_brand":[],"product_cat":[34],"product_tag":[],"class_list":{"0":"post-19496","1":"product","2":"type-product","3":"status-publish","4":"has-post-thumbnail","6":"product_cat-aksessuaarid","8":"first","9":"instock","10":"taxable","11":"shipping-taxable","12":"purchasable","13":"product-type-variable","14":"has-default-attributes"},"acf":[],"yoast_head":"<!-- This site is optimized with the Yoast SEO plugin v27.4 - https:\/\/yoast.com\/product\/yoast-seo-wordpress\/ -->\n<title>Tabouret de bar CHRISTO - Radis<\/title>\n<meta name=\"robots\" content=\"index, follow, max-snippet:-1, max-image-preview:large, max-video-preview:-1\" \/>\n<link rel=\"canonical\" href=\"https:\/\/radis.ee\/fr\/tabouret-de-bar-christo\/\" \/>\n<meta property=\"og:locale\" content=\"fr_FR\" \/>\n<meta property=\"og:type\" content=\"article\" \/>\n<meta property=\"og:title\" content=\"Tabouret de bar CHRISTO - Radis\" \/>\n<meta property=\"og:description\" content=\"Le tabouret de bar Christo est un si\u00e8ge universel pour une table \u00e0 manger plus haute ou un comptoir de bar. Lors du d\u00e9veloppement de ce produit, le confort et l&rsquo;ergonomie ont \u00e9t\u00e9 pris en consid\u00e9ration pour une assise prolong\u00e9e. La hauteur du tabouret est facilement r\u00e9glable entre 64 et 75 cm de la surface...\" \/>\n<meta property=\"og:url\" content=\"https:\/\/radis.ee\/fr\/tabouret-de-bar-christo\/\" \/>\n<meta property=\"og:site_name\" content=\"Radis\" \/>\n<meta property=\"article:publisher\" content=\"https:\/\/www.facebook.com\/radisfurniture\/\" \/>\n<meta property=\"article:modified_time\" content=\"2022-11-07T16:52:35+00:00\" \/>\n<meta property=\"og:image\" content=\"https:\/\/radis.ee\/wp-content\/uploads\/2022\/08\/Radis_barstool_CHRISTO_Walnut_legs_rotating.jpg\" \/>\n\t<meta property=\"og:image:width\" content=\"1360\" \/>\n\t<meta property=\"og:image:height\" content=\"1620\" \/>\n\t<meta property=\"og:image:type\" content=\"image\/jpeg\" \/>\n<meta name=\"twitter:card\" content=\"summary_large_image\" \/>\n<meta name=\"twitter:label1\" content=\"Dur\u00e9e de lecture estim\u00e9e\" \/>\n\t<meta name=\"twitter:data1\" content=\"1 minute\" \/>\n<script type=\"application\/ld+json\" class=\"yoast-schema-graph\">{\"@context\":\"https:\\\/\\\/schema.org\",\"@graph\":[{\"@type\":\"WebPage\",\"@id\":\"https:\\\/\\\/radis.ee\\\/fr\\\/tabouret-de-bar-christo\\\/\",\"url\":\"https:\\\/\\\/radis.ee\\\/fr\\\/tabouret-de-bar-christo\\\/\",\"name\":\"Tabouret de bar CHRISTO - Radis\",\"isPartOf\":{\"@id\":\"https:\\\/\\\/radis.ee\\\/#website\"},\"primaryImageOfPage\":{\"@id\":\"https:\\\/\\\/radis.ee\\\/fr\\\/tabouret-de-bar-christo\\\/#primaryimage\"},\"image\":{\"@id\":\"https:\\\/\\\/radis.ee\\\/fr\\\/tabouret-de-bar-christo\\\/#primaryimage\"},\"thumbnailUrl\":\"https:\\\/\\\/radis.ee\\\/wp-content\\\/uploads\\\/2022\\\/08\\\/Radis_barstool_CHRISTO_Walnut_legs_rotating.jpg\",\"datePublished\":\"2022-11-07T15:11:46+00:00\",\"dateModified\":\"2022-11-07T16:52:35+00:00\",\"breadcrumb\":{\"@id\":\"https:\\\/\\\/radis.ee\\\/fr\\\/tabouret-de-bar-christo\\\/#breadcrumb\"},\"inLanguage\":\"fr-FR\",\"potentialAction\":[{\"@type\":\"ReadAction\",\"target\":[\"https:\\\/\\\/radis.ee\\\/fr\\\/tabouret-de-bar-christo\\\/\"]}]},{\"@type\":\"ImageObject\",\"inLanguage\":\"fr-FR\",\"@id\":\"https:\\\/\\\/radis.ee\\\/fr\\\/tabouret-de-bar-christo\\\/#primaryimage\",\"url\":\"https:\\\/\\\/radis.ee\\\/wp-content\\\/uploads\\\/2022\\\/08\\\/Radis_barstool_CHRISTO_Walnut_legs_rotating.jpg\",\"contentUrl\":\"https:\\\/\\\/radis.ee\\\/wp-content\\\/uploads\\\/2022\\\/08\\\/Radis_barstool_CHRISTO_Walnut_legs_rotating.jpg\",\"width\":1360,\"height\":1620,\"caption\":\"Radis bars tool CHRISTO walnut legs rotating\"},{\"@type\":\"BreadcrumbList\",\"@id\":\"https:\\\/\\\/radis.ee\\\/fr\\\/tabouret-de-bar-christo\\\/#breadcrumb\",\"itemListElement\":[{\"@type\":\"ListItem\",\"position\":1,\"name\":\"Home\",\"item\":\"https:\\\/\\\/radis.ee\\\/\"},{\"@type\":\"ListItem\",\"position\":2,\"name\":\"Magasin\",\"item\":\"https:\\\/\\\/radis.ee\\\/fr\\\/magasin\\\/\"},{\"@type\":\"ListItem\",\"position\":3,\"name\":\"Tabouret de bar CHRISTO\"}]},{\"@type\":\"WebSite\",\"@id\":\"https:\\\/\\\/radis.ee\\\/#website\",\"url\":\"https:\\\/\\\/radis.ee\\\/\",\"name\":\"Radis\",\"description\":\"Nordic design furniture, environmentally friendly and sustainable.\",\"publisher\":{\"@id\":\"https:\\\/\\\/radis.ee\\\/#organization\"},\"potentialAction\":[{\"@type\":\"SearchAction\",\"target\":{\"@type\":\"EntryPoint\",\"urlTemplate\":\"https:\\\/\\\/radis.ee\\\/?s={search_term_string}\"},\"query-input\":{\"@type\":\"PropertyValueSpecification\",\"valueRequired\":true,\"valueName\":\"search_term_string\"}}],\"inLanguage\":\"fr-FR\"},{\"@type\":\"Organization\",\"@id\":\"https:\\\/\\\/radis.ee\\\/#organization\",\"name\":\"Radis O\u00dc\",\"url\":\"https:\\\/\\\/radis.ee\\\/\",\"logo\":{\"@type\":\"ImageObject\",\"inLanguage\":\"fr-FR\",\"@id\":\"https:\\\/\\\/radis.ee\\\/#\\\/schema\\\/logo\\\/image\\\/\",\"url\":\"https:\\\/\\\/radis.ee\\\/wp-content\\\/uploads\\\/2020\\\/10\\\/Radis-logo.png\",\"contentUrl\":\"https:\\\/\\\/radis.ee\\\/wp-content\\\/uploads\\\/2020\\\/10\\\/Radis-logo.png\",\"width\":300,\"height\":63,\"caption\":\"Radis O\u00dc\"},\"image\":{\"@id\":\"https:\\\/\\\/radis.ee\\\/#\\\/schema\\\/logo\\\/image\\\/\"},\"sameAs\":[\"https:\\\/\\\/www.facebook.com\\\/radisfurniture\\\/\"]}]}<\/script>\n<!-- \/ Yoast SEO plugin. -->","yoast_head_json":{"title":"Tabouret de bar CHRISTO - Radis","robots":{"index":"index","follow":"follow","max-snippet":"max-snippet:-1","max-image-preview":"max-image-preview:large","max-video-preview":"max-video-preview:-1"},"canonical":"https:\/\/radis.ee\/fr\/tabouret-de-bar-christo\/","og_locale":"fr_FR","og_type":"article","og_title":"Tabouret de bar CHRISTO - Radis","og_description":"Le tabouret de bar Christo est un si\u00e8ge universel pour une table \u00e0 manger plus haute ou un comptoir de bar. Lors du d\u00e9veloppement de ce produit, le confort et l&rsquo;ergonomie ont \u00e9t\u00e9 pris en consid\u00e9ration pour une assise prolong\u00e9e. La hauteur du tabouret est facilement r\u00e9glable entre 64 et 75 cm de la surface...","og_url":"https:\/\/radis.ee\/fr\/tabouret-de-bar-christo\/","og_site_name":"Radis","article_publisher":"https:\/\/www.facebook.com\/radisfurniture\/","article_modified_time":"2022-11-07T16:52:35+00:00","og_image":[{"width":1360,"height":1620,"url":"https:\/\/radis.ee\/wp-content\/uploads\/2022\/08\/Radis_barstool_CHRISTO_Walnut_legs_rotating.jpg","type":"image\/jpeg"}],"twitter_card":"summary_large_image","twitter_misc":{"Dur\u00e9e de lecture estim\u00e9e":"1 minute"},"schema":{"@context":"https:\/\/schema.org","@graph":[{"@type":"WebPage","@id":"https:\/\/radis.ee\/fr\/tabouret-de-bar-christo\/","url":"https:\/\/radis.ee\/fr\/tabouret-de-bar-christo\/","name":"Tabouret de bar CHRISTO - Radis","isPartOf":{"@id":"https:\/\/radis.ee\/#website"},"primaryImageOfPage":{"@id":"https:\/\/radis.ee\/fr\/tabouret-de-bar-christo\/#primaryimage"},"image":{"@id":"https:\/\/radis.ee\/fr\/tabouret-de-bar-christo\/#primaryimage"},"thumbnailUrl":"https:\/\/radis.ee\/wp-content\/uploads\/2022\/08\/Radis_barstool_CHRISTO_Walnut_legs_rotating.jpg","datePublished":"2022-11-07T15:11:46+00:00","dateModified":"2022-11-07T16:52:35+00:00","breadcrumb":{"@id":"https:\/\/radis.ee\/fr\/tabouret-de-bar-christo\/#breadcrumb"},"inLanguage":"fr-FR","potentialAction":[{"@type":"ReadAction","target":["https:\/\/radis.ee\/fr\/tabouret-de-bar-christo\/"]}]},{"@type":"ImageObject","inLanguage":"fr-FR","@id":"https:\/\/radis.ee\/fr\/tabouret-de-bar-christo\/#primaryimage","url":"https:\/\/radis.ee\/wp-content\/uploads\/2022\/08\/Radis_barstool_CHRISTO_Walnut_legs_rotating.jpg","contentUrl":"https:\/\/radis.ee\/wp-content\/uploads\/2022\/08\/Radis_barstool_CHRISTO_Walnut_legs_rotating.jpg","width":1360,"height":1620,"caption":"Radis bars tool CHRISTO walnut legs rotating"},{"@type":"BreadcrumbList","@id":"https:\/\/radis.ee\/fr\/tabouret-de-bar-christo\/#breadcrumb","itemListElement":[{"@type":"ListItem","position":1,"name":"Home","item":"https:\/\/radis.ee\/"},{"@type":"ListItem","position":2,"name":"Magasin","item":"https:\/\/radis.ee\/fr\/magasin\/"},{"@type":"ListItem","position":3,"name":"Tabouret de bar CHRISTO"}]},{"@type":"WebSite","@id":"https:\/\/radis.ee\/#website","url":"https:\/\/radis.ee\/","name":"Radis","description":"Nordic design furniture, environmentally friendly and sustainable.","publisher":{"@id":"https:\/\/radis.ee\/#organization"},"potentialAction":[{"@type":"SearchAction","target":{"@type":"EntryPoint","urlTemplate":"https:\/\/radis.ee\/?s={search_term_string}"},"query-input":{"@type":"PropertyValueSpecification","valueRequired":true,"valueName":"search_term_string"}}],"inLanguage":"fr-FR"},{"@type":"Organization","@id":"https:\/\/radis.ee\/#organization","name":"Radis O\u00dc","url":"https:\/\/radis.ee\/","logo":{"@type":"ImageObject","inLanguage":"fr-FR","@id":"https:\/\/radis.ee\/#\/schema\/logo\/image\/","url":"https:\/\/radis.ee\/wp-content\/uploads\/2020\/10\/Radis-logo.png","contentUrl":"https:\/\/radis.ee\/wp-content\/uploads\/2020\/10\/Radis-logo.png","width":300,"height":63,"caption":"Radis O\u00dc"},"image":{"@id":"https:\/\/radis.ee\/#\/schema\/logo\/image\/"},"sameAs":["https:\/\/www.facebook.com\/radisfurniture\/"]}]}},"_links":{"self":[{"href":"https:\/\/radis.ee\/fr\/wp-json\/wp\/v2\/product\/19496","targetHints":{"allow":["GET"]}}],"collection":[{"href":"https:\/\/radis.ee\/fr\/wp-json\/wp\/v2\/product"}],"about":[{"href":"https:\/\/radis.ee\/fr\/wp-json\/wp\/v2\/types\/product"}],"replies":[{"embeddable":true,"href":"https:\/\/radis.ee\/fr\/wp-json\/wp\/v2\/comments?post=19496"}],"wp:featuredmedia":[{"embeddable":true,"href":"https:\/\/radis.ee\/fr\/wp-json\/wp\/v2\/media\/19596"}],"wp:attachment":[{"href":"https:\/\/radis.ee\/fr\/wp-json\/wp\/v2\/media?parent=19496"}],"wp:term":[{"taxonomy":"product_brand","embeddable":true,"href":"https:\/\/radis.ee\/fr\/wp-json\/wp\/v2\/product_brand?post=19496"},{"taxonomy":"product_cat","embeddable":true,"href":"https:\/\/radis.ee\/fr\/wp-json\/wp\/v2\/product_cat?post=19496"},{"taxonomy":"product_tag","embeddable":true,"href":"https:\/\/radis.ee\/fr\/wp-json\/wp\/v2\/product_tag?post=19496"}],"curies":[{"name":"wp","href":"https:\/\/api.w.org\/{rel}","templated":true}]}}