{"id":20555,"date":"2022-07-12T09:01:54","date_gmt":"2023-01-12T07:01:54","guid":{"rendered":"https:\/\/radis.ee\/?post_type=product&#038;p=20555"},"modified":"2024-06-12T23:53:13","modified_gmt":"2024-06-12T20:53:13","slug":"lampe-de-table-horizon","status":"publish","type":"product","link":"https:\/\/radis.ee\/fr\/lampe-de-table-horizon\/","title":{"rendered":"Lampe de table HORIZON"},"content":{"rendered":"<p>Lampe de table inspir\u00e9e du coucher de soleil, qui donne une touche romantique \u00e0 vos pens\u00e9es.<\/p>\n<p>Design intemporel, ex\u00e9cution technique unique qui donne au luminaire une ligne ray\u00e9e unique.<\/p>\n<p>Fabriqu\u00e9 en contreplaqu\u00e9 de bouleau naturel ou ch\u00eane massif, artisanat, cir\u00e9 \u00e0 l&rsquo;huile de qualit\u00e9 allemande Auro 108, ingr\u00e9dients naturels non toxiques.<\/p>\n<p>Autonomie de la batterie LED de 50 000h ou 91 ans (utilisation moyenne 1,5h\/jour). Interrupteur tactile Unique \u00e0 travers le bois, fonction de gradation 0-100 %. Basse tension 24 V s\u00fbre pour les membres de la famille de tous \u00e2ges. Garantie de 7 ans. LED W: 8,65. Kelvin: 3000K.<\/p>\n<p>Cr\u00e9ateur : Erkki Kivastik<\/p>\n","protected":false},"excerpt":{"rendered":"<p>Lampe de table inspir\u00e9e du coucher de soleil, qui donne une touche romantique \u00e0 vos pens\u00e9es. Design intemporel, ex\u00e9cution technique unique qui donne au luminaire une ligne ray\u00e9e unique. Fabriqu\u00e9 en contreplaqu\u00e9 de bouleau naturel ou ch\u00eane massif, artisanat, cir\u00e9 \u00e0 l&rsquo;huile de qualit\u00e9 allemande Auro 108, ingr\u00e9dients naturels non toxiques. Autonomie de la batterie&#8230;<\/p>\n","protected":false},"featured_media":20628,"comment_status":"open","ping_status":"closed","template":"","meta":{"_acf_changed":false},"product_brand":[],"product_cat":[34],"product_tag":[],"class_list":{"0":"post-20555","1":"product","2":"type-product","3":"status-publish","4":"has-post-thumbnail","6":"product_cat-aksessuaarid","8":"first","9":"instock","10":"taxable","11":"shipping-taxable","12":"purchasable","13":"product-type-variable","14":"has-default-attributes"},"acf":[],"yoast_head":"<!-- This site is optimized with the Yoast SEO plugin v27.4 - https:\/\/yoast.com\/product\/yoast-seo-wordpress\/ -->\n<title>Lampe de table HORIZON - Radis<\/title>\n<meta name=\"robots\" content=\"index, follow, max-snippet:-1, max-image-preview:large, max-video-preview:-1\" \/>\n<link rel=\"canonical\" href=\"https:\/\/radis.ee\/laualamp-horizon\/\" \/>\n<meta property=\"og:locale\" content=\"fr_FR\" \/>\n<meta property=\"og:type\" content=\"article\" \/>\n<meta property=\"og:title\" content=\"Lampe de table HORIZON - Radis\" \/>\n<meta property=\"og:description\" content=\"Lampe de table inspir\u00e9e du coucher de soleil, qui donne une touche romantique \u00e0 vos pens\u00e9es. Design intemporel, ex\u00e9cution technique unique qui donne au luminaire une ligne ray\u00e9e unique. Fabriqu\u00e9 en contreplaqu\u00e9 de bouleau naturel ou ch\u00eane massif, artisanat, cir\u00e9 \u00e0 l&rsquo;huile de qualit\u00e9 allemande Auro 108, ingr\u00e9dients naturels non toxiques. Autonomie de la batterie...\" \/>\n<meta property=\"og:url\" content=\"https:\/\/radis.ee\/laualamp-horizon\/\" \/>\n<meta property=\"og:site_name\" content=\"Radis\" \/>\n<meta property=\"article:publisher\" content=\"https:\/\/www.facebook.com\/radisfurniture\/\" \/>\n<meta property=\"article:modified_time\" content=\"2024-06-12T20:53:13+00:00\" \/>\n<meta property=\"og:image\" content=\"https:\/\/radis.ee\/wp-content\/uploads\/2023\/01\/Radis_table_lamp_-HORIZON_Handcrafted-Wooden-Desing-Lamps_Handcrafted-Design.png\" \/>\n\t<meta property=\"og:image:width\" content=\"2200\" \/>\n\t<meta property=\"og:image:height\" content=\"2620\" \/>\n\t<meta property=\"og:image:type\" content=\"image\/png\" \/>\n<meta name=\"twitter:card\" content=\"summary_large_image\" \/>\n<meta name=\"twitter:label1\" content=\"Dur\u00e9e de lecture estim\u00e9e\" \/>\n\t<meta name=\"twitter:data1\" content=\"1 minute\" \/>\n<script type=\"application\/ld+json\" class=\"yoast-schema-graph\">{\"@context\":\"https:\\\/\\\/schema.org\",\"@graph\":[{\"@type\":\"WebPage\",\"@id\":\"https:\\\/\\\/radis.ee\\\/laualamp-horizon\\\/\",\"url\":\"https:\\\/\\\/radis.ee\\\/laualamp-horizon\\\/\",\"name\":\"Lampe de table HORIZON - Radis\",\"isPartOf\":{\"@id\":\"https:\\\/\\\/radis.ee\\\/#website\"},\"primaryImageOfPage\":{\"@id\":\"https:\\\/\\\/radis.ee\\\/laualamp-horizon\\\/#primaryimage\"},\"image\":{\"@id\":\"https:\\\/\\\/radis.ee\\\/laualamp-horizon\\\/#primaryimage\"},\"thumbnailUrl\":\"https:\\\/\\\/radis.ee\\\/wp-content\\\/uploads\\\/2023\\\/01\\\/Radis_table_lamp_-HORIZON_Handcrafted-Wooden-Desing-Lamps_Handcrafted-Design.png\",\"datePublished\":\"2023-01-12T07:01:54+00:00\",\"dateModified\":\"2024-06-12T20:53:13+00:00\",\"breadcrumb\":{\"@id\":\"https:\\\/\\\/radis.ee\\\/laualamp-horizon\\\/#breadcrumb\"},\"inLanguage\":\"fr-FR\",\"potentialAction\":[{\"@type\":\"ReadAction\",\"target\":[\"https:\\\/\\\/radis.ee\\\/laualamp-horizon\\\/\"]}]},{\"@type\":\"ImageObject\",\"inLanguage\":\"fr-FR\",\"@id\":\"https:\\\/\\\/radis.ee\\\/laualamp-horizon\\\/#primaryimage\",\"url\":\"https:\\\/\\\/radis.ee\\\/wp-content\\\/uploads\\\/2023\\\/01\\\/Radis_table_lamp_-HORIZON_Handcrafted-Wooden-Desing-Lamps_Handcrafted-Design.png\",\"contentUrl\":\"https:\\\/\\\/radis.ee\\\/wp-content\\\/uploads\\\/2023\\\/01\\\/Radis_table_lamp_-HORIZON_Handcrafted-Wooden-Desing-Lamps_Handcrafted-Design.png\",\"width\":2200,\"height\":2620,\"caption\":\"Radis table lamp HORIZON plywood oilwaxed\"},{\"@type\":\"BreadcrumbList\",\"@id\":\"https:\\\/\\\/radis.ee\\\/laualamp-horizon\\\/#breadcrumb\",\"itemListElement\":[{\"@type\":\"ListItem\",\"position\":1,\"name\":\"Home\",\"item\":\"https:\\\/\\\/radis.ee\\\/\"},{\"@type\":\"ListItem\",\"position\":2,\"name\":\"Magasin\",\"item\":\"https:\\\/\\\/radis.ee\\\/fr\\\/magasin\\\/\"},{\"@type\":\"ListItem\",\"position\":3,\"name\":\"Lampe de table HORIZON\"}]},{\"@type\":\"WebSite\",\"@id\":\"https:\\\/\\\/radis.ee\\\/#website\",\"url\":\"https:\\\/\\\/radis.ee\\\/\",\"name\":\"Radis\",\"description\":\"Nordic design furniture, environmentally friendly and sustainable.\",\"publisher\":{\"@id\":\"https:\\\/\\\/radis.ee\\\/#organization\"},\"potentialAction\":[{\"@type\":\"SearchAction\",\"target\":{\"@type\":\"EntryPoint\",\"urlTemplate\":\"https:\\\/\\\/radis.ee\\\/?s={search_term_string}\"},\"query-input\":{\"@type\":\"PropertyValueSpecification\",\"valueRequired\":true,\"valueName\":\"search_term_string\"}}],\"inLanguage\":\"fr-FR\"},{\"@type\":\"Organization\",\"@id\":\"https:\\\/\\\/radis.ee\\\/#organization\",\"name\":\"Radis O\u00dc\",\"url\":\"https:\\\/\\\/radis.ee\\\/\",\"logo\":{\"@type\":\"ImageObject\",\"inLanguage\":\"fr-FR\",\"@id\":\"https:\\\/\\\/radis.ee\\\/#\\\/schema\\\/logo\\\/image\\\/\",\"url\":\"https:\\\/\\\/radis.ee\\\/wp-content\\\/uploads\\\/2020\\\/10\\\/Radis-logo.png\",\"contentUrl\":\"https:\\\/\\\/radis.ee\\\/wp-content\\\/uploads\\\/2020\\\/10\\\/Radis-logo.png\",\"width\":300,\"height\":63,\"caption\":\"Radis O\u00dc\"},\"image\":{\"@id\":\"https:\\\/\\\/radis.ee\\\/#\\\/schema\\\/logo\\\/image\\\/\"},\"sameAs\":[\"https:\\\/\\\/www.facebook.com\\\/radisfurniture\\\/\"]}]}<\/script>\n<!-- \/ Yoast SEO plugin. -->","yoast_head_json":{"title":"Lampe de table HORIZON - Radis","robots":{"index":"index","follow":"follow","max-snippet":"max-snippet:-1","max-image-preview":"max-image-preview:large","max-video-preview":"max-video-preview:-1"},"canonical":"https:\/\/radis.ee\/laualamp-horizon\/","og_locale":"fr_FR","og_type":"article","og_title":"Lampe de table HORIZON - Radis","og_description":"Lampe de table inspir\u00e9e du coucher de soleil, qui donne une touche romantique \u00e0 vos pens\u00e9es. Design intemporel, ex\u00e9cution technique unique qui donne au luminaire une ligne ray\u00e9e unique. Fabriqu\u00e9 en contreplaqu\u00e9 de bouleau naturel ou ch\u00eane massif, artisanat, cir\u00e9 \u00e0 l&rsquo;huile de qualit\u00e9 allemande Auro 108, ingr\u00e9dients naturels non toxiques. Autonomie de la batterie...","og_url":"https:\/\/radis.ee\/laualamp-horizon\/","og_site_name":"Radis","article_publisher":"https:\/\/www.facebook.com\/radisfurniture\/","article_modified_time":"2024-06-12T20:53:13+00:00","og_image":[{"width":2200,"height":2620,"url":"https:\/\/radis.ee\/wp-content\/uploads\/2023\/01\/Radis_table_lamp_-HORIZON_Handcrafted-Wooden-Desing-Lamps_Handcrafted-Design.png","type":"image\/png"}],"twitter_card":"summary_large_image","twitter_misc":{"Dur\u00e9e de lecture estim\u00e9e":"1 minute"},"schema":{"@context":"https:\/\/schema.org","@graph":[{"@type":"WebPage","@id":"https:\/\/radis.ee\/laualamp-horizon\/","url":"https:\/\/radis.ee\/laualamp-horizon\/","name":"Lampe de table HORIZON - Radis","isPartOf":{"@id":"https:\/\/radis.ee\/#website"},"primaryImageOfPage":{"@id":"https:\/\/radis.ee\/laualamp-horizon\/#primaryimage"},"image":{"@id":"https:\/\/radis.ee\/laualamp-horizon\/#primaryimage"},"thumbnailUrl":"https:\/\/radis.ee\/wp-content\/uploads\/2023\/01\/Radis_table_lamp_-HORIZON_Handcrafted-Wooden-Desing-Lamps_Handcrafted-Design.png","datePublished":"2023-01-12T07:01:54+00:00","dateModified":"2024-06-12T20:53:13+00:00","breadcrumb":{"@id":"https:\/\/radis.ee\/laualamp-horizon\/#breadcrumb"},"inLanguage":"fr-FR","potentialAction":[{"@type":"ReadAction","target":["https:\/\/radis.ee\/laualamp-horizon\/"]}]},{"@type":"ImageObject","inLanguage":"fr-FR","@id":"https:\/\/radis.ee\/laualamp-horizon\/#primaryimage","url":"https:\/\/radis.ee\/wp-content\/uploads\/2023\/01\/Radis_table_lamp_-HORIZON_Handcrafted-Wooden-Desing-Lamps_Handcrafted-Design.png","contentUrl":"https:\/\/radis.ee\/wp-content\/uploads\/2023\/01\/Radis_table_lamp_-HORIZON_Handcrafted-Wooden-Desing-Lamps_Handcrafted-Design.png","width":2200,"height":2620,"caption":"Radis table lamp HORIZON plywood oilwaxed"},{"@type":"BreadcrumbList","@id":"https:\/\/radis.ee\/laualamp-horizon\/#breadcrumb","itemListElement":[{"@type":"ListItem","position":1,"name":"Home","item":"https:\/\/radis.ee\/"},{"@type":"ListItem","position":2,"name":"Magasin","item":"https:\/\/radis.ee\/fr\/magasin\/"},{"@type":"ListItem","position":3,"name":"Lampe de table HORIZON"}]},{"@type":"WebSite","@id":"https:\/\/radis.ee\/#website","url":"https:\/\/radis.ee\/","name":"Radis","description":"Nordic design furniture, environmentally friendly and sustainable.","publisher":{"@id":"https:\/\/radis.ee\/#organization"},"potentialAction":[{"@type":"SearchAction","target":{"@type":"EntryPoint","urlTemplate":"https:\/\/radis.ee\/?s={search_term_string}"},"query-input":{"@type":"PropertyValueSpecification","valueRequired":true,"valueName":"search_term_string"}}],"inLanguage":"fr-FR"},{"@type":"Organization","@id":"https:\/\/radis.ee\/#organization","name":"Radis O\u00dc","url":"https:\/\/radis.ee\/","logo":{"@type":"ImageObject","inLanguage":"fr-FR","@id":"https:\/\/radis.ee\/#\/schema\/logo\/image\/","url":"https:\/\/radis.ee\/wp-content\/uploads\/2020\/10\/Radis-logo.png","contentUrl":"https:\/\/radis.ee\/wp-content\/uploads\/2020\/10\/Radis-logo.png","width":300,"height":63,"caption":"Radis O\u00dc"},"image":{"@id":"https:\/\/radis.ee\/#\/schema\/logo\/image\/"},"sameAs":["https:\/\/www.facebook.com\/radisfurniture\/"]}]}},"_links":{"self":[{"href":"https:\/\/radis.ee\/fr\/wp-json\/wp\/v2\/product\/20555","targetHints":{"allow":["GET"]}}],"collection":[{"href":"https:\/\/radis.ee\/fr\/wp-json\/wp\/v2\/product"}],"about":[{"href":"https:\/\/radis.ee\/fr\/wp-json\/wp\/v2\/types\/product"}],"replies":[{"embeddable":true,"href":"https:\/\/radis.ee\/fr\/wp-json\/wp\/v2\/comments?post=20555"}],"wp:featuredmedia":[{"embeddable":true,"href":"https:\/\/radis.ee\/fr\/wp-json\/wp\/v2\/media\/20628"}],"wp:attachment":[{"href":"https:\/\/radis.ee\/fr\/wp-json\/wp\/v2\/media?parent=20555"}],"wp:term":[{"taxonomy":"product_brand","embeddable":true,"href":"https:\/\/radis.ee\/fr\/wp-json\/wp\/v2\/product_brand?post=20555"},{"taxonomy":"product_cat","embeddable":true,"href":"https:\/\/radis.ee\/fr\/wp-json\/wp\/v2\/product_cat?post=20555"},{"taxonomy":"product_tag","embeddable":true,"href":"https:\/\/radis.ee\/fr\/wp-json\/wp\/v2\/product_tag?post=20555"}],"curies":[{"name":"wp","href":"https:\/\/api.w.org\/{rel}","templated":true}]}}