{"id":20634,"date":"2022-07-12T17:53:56","date_gmt":"2023-01-12T15:53:57","guid":{"rendered":"https:\/\/radis.ee\/?post_type=product&#038;p=20634"},"modified":"2023-09-17T17:01:25","modified_gmt":"2023-09-17T14:01:25","slug":"lampadaire-moon","status":"publish","type":"product","link":"https:\/\/radis.ee\/fr\/lampadaire-moon\/","title":{"rendered":"Lampadaire MOON"},"content":{"rendered":"<p>Inspir\u00e9 par la courbe de la lune, ce lampadaire galant est destin\u00e9 \u00e0 inspirer de nombreuses grandes actions.<\/p>\n<p>Design intemporel, ex\u00e9cution technique unique qui donne au luminaire une ligne ray\u00e9e unique.<\/p>\n<p>Fabriqu\u00e9 en contreplaqu\u00e9 de bouleau naturel, artisanat, cir\u00e9 \u00e0 l&rsquo;huile de qualit\u00e9 allemande Auro 108, ingr\u00e9dients naturels non toxiques. Sans fils ni attaches apparentes.<\/p>\n<p>Autonomie de la batterie LED de 50000h ou 91 ans. (utilisation moyenne 1,5h\/jour). T\u00e9l\u00e9commande confortable avec fonction de gradation 0-100 %. Basse tension 24 V s\u00fbre pour les membres de la famille de tous \u00e2ges. Garantie de 7\u00a0ans.<\/p>\n<p>LED 21W. Kelvin : 2700K-3200K.<\/p>\n<p>Cr\u00e9ateur : Erkki Kivastik<\/p>\n","protected":false},"excerpt":{"rendered":"<p>Inspir\u00e9 par la courbe de la lune, ce lampadaire galant est destin\u00e9 \u00e0 inspirer de nombreuses grandes actions. Design intemporel, ex\u00e9cution technique unique qui donne au luminaire une ligne ray\u00e9e unique. Fabriqu\u00e9 en contreplaqu\u00e9 de bouleau naturel, artisanat, cir\u00e9 \u00e0 l&rsquo;huile de qualit\u00e9 allemande Auro 108, ingr\u00e9dients naturels non toxiques. Sans fils ni attaches apparentes&#8230;.<\/p>\n","protected":false},"featured_media":20640,"comment_status":"open","ping_status":"closed","template":"","meta":{"_acf_changed":false},"product_brand":[],"product_cat":[],"product_tag":[],"class_list":{"0":"post-20634","1":"product","2":"type-product","3":"status-publish","4":"has-post-thumbnail","7":"first","8":"instock","9":"taxable","10":"shipping-taxable","11":"purchasable","12":"product-type-simple"},"acf":[],"yoast_head":"<!-- This site is optimized with the Yoast SEO plugin v27.4 - https:\/\/yoast.com\/product\/yoast-seo-wordpress\/ -->\n<title>Lampadaire MOON - Radis<\/title>\n<meta name=\"robots\" content=\"index, follow, max-snippet:-1, max-image-preview:large, max-video-preview:-1\" \/>\n<link rel=\"canonical\" href=\"https:\/\/radis.ee\/fr\/lampadaire-moon\/\" \/>\n<meta property=\"og:locale\" content=\"fr_FR\" \/>\n<meta property=\"og:type\" content=\"article\" \/>\n<meta property=\"og:title\" content=\"Lampadaire MOON - Radis\" \/>\n<meta property=\"og:description\" content=\"Inspir\u00e9 par la courbe de la lune, ce lampadaire galant est destin\u00e9 \u00e0 inspirer de nombreuses grandes actions. Design intemporel, ex\u00e9cution technique unique qui donne au luminaire une ligne ray\u00e9e unique. Fabriqu\u00e9 en contreplaqu\u00e9 de bouleau naturel, artisanat, cir\u00e9 \u00e0 l&rsquo;huile de qualit\u00e9 allemande Auro 108, ingr\u00e9dients naturels non toxiques. Sans fils ni attaches apparentes....\" \/>\n<meta property=\"og:url\" content=\"https:\/\/radis.ee\/fr\/lampadaire-moon\/\" \/>\n<meta property=\"og:site_name\" content=\"Radis\" \/>\n<meta property=\"article:publisher\" content=\"https:\/\/www.facebook.com\/radisfurniture\/\" \/>\n<meta property=\"article:modified_time\" content=\"2023-09-17T14:01:25+00:00\" \/>\n<meta property=\"og:image\" content=\"https:\/\/radis.ee\/wp-content\/uploads\/2023\/01\/Radis_floor_lamp_MOON-Handcrafted-Design-Wooden-Floor-Lamp_3-scaled.jpg\" \/>\n\t<meta property=\"og:image:width\" content=\"1600\" \/>\n\t<meta property=\"og:image:height\" content=\"2560\" \/>\n\t<meta property=\"og:image:type\" content=\"image\/jpeg\" \/>\n<meta name=\"twitter:card\" content=\"summary_large_image\" \/>\n<meta name=\"twitter:label1\" content=\"Dur\u00e9e de lecture estim\u00e9e\" \/>\n\t<meta name=\"twitter:data1\" content=\"1 minute\" \/>\n<script type=\"application\/ld+json\" class=\"yoast-schema-graph\">{\"@context\":\"https:\\\/\\\/schema.org\",\"@graph\":[{\"@type\":\"WebPage\",\"@id\":\"https:\\\/\\\/radis.ee\\\/fr\\\/lampadaire-moon\\\/\",\"url\":\"https:\\\/\\\/radis.ee\\\/fr\\\/lampadaire-moon\\\/\",\"name\":\"Lampadaire MOON - Radis\",\"isPartOf\":{\"@id\":\"https:\\\/\\\/radis.ee\\\/#website\"},\"primaryImageOfPage\":{\"@id\":\"https:\\\/\\\/radis.ee\\\/fr\\\/lampadaire-moon\\\/#primaryimage\"},\"image\":{\"@id\":\"https:\\\/\\\/radis.ee\\\/fr\\\/lampadaire-moon\\\/#primaryimage\"},\"thumbnailUrl\":\"https:\\\/\\\/radis.ee\\\/wp-content\\\/uploads\\\/2023\\\/01\\\/Radis_floor_lamp_MOON-Handcrafted-Design-Wooden-Floor-Lamp_3-scaled.jpg\",\"datePublished\":\"2023-01-12T15:53:57+00:00\",\"dateModified\":\"2023-09-17T14:01:25+00:00\",\"breadcrumb\":{\"@id\":\"https:\\\/\\\/radis.ee\\\/fr\\\/lampadaire-moon\\\/#breadcrumb\"},\"inLanguage\":\"fr-FR\",\"potentialAction\":[{\"@type\":\"ReadAction\",\"target\":[\"https:\\\/\\\/radis.ee\\\/fr\\\/lampadaire-moon\\\/\"]}]},{\"@type\":\"ImageObject\",\"inLanguage\":\"fr-FR\",\"@id\":\"https:\\\/\\\/radis.ee\\\/fr\\\/lampadaire-moon\\\/#primaryimage\",\"url\":\"https:\\\/\\\/radis.ee\\\/wp-content\\\/uploads\\\/2023\\\/01\\\/Radis_floor_lamp_MOON-Handcrafted-Design-Wooden-Floor-Lamp_3-scaled.jpg\",\"contentUrl\":\"https:\\\/\\\/radis.ee\\\/wp-content\\\/uploads\\\/2023\\\/01\\\/Radis_floor_lamp_MOON-Handcrafted-Design-Wooden-Floor-Lamp_3-scaled.jpg\",\"width\":1600,\"height\":2560,\"caption\":\"Radis floor lamp MOON oilwaxed plywood\"},{\"@type\":\"BreadcrumbList\",\"@id\":\"https:\\\/\\\/radis.ee\\\/fr\\\/lampadaire-moon\\\/#breadcrumb\",\"itemListElement\":[{\"@type\":\"ListItem\",\"position\":1,\"name\":\"Home\",\"item\":\"https:\\\/\\\/radis.ee\\\/\"},{\"@type\":\"ListItem\",\"position\":2,\"name\":\"Magasin\",\"item\":\"https:\\\/\\\/radis.ee\\\/fr\\\/magasin\\\/\"},{\"@type\":\"ListItem\",\"position\":3,\"name\":\"Lampadaire MOON\"}]},{\"@type\":\"WebSite\",\"@id\":\"https:\\\/\\\/radis.ee\\\/#website\",\"url\":\"https:\\\/\\\/radis.ee\\\/\",\"name\":\"Radis\",\"description\":\"Nordic design furniture, environmentally friendly and sustainable.\",\"publisher\":{\"@id\":\"https:\\\/\\\/radis.ee\\\/#organization\"},\"potentialAction\":[{\"@type\":\"SearchAction\",\"target\":{\"@type\":\"EntryPoint\",\"urlTemplate\":\"https:\\\/\\\/radis.ee\\\/?s={search_term_string}\"},\"query-input\":{\"@type\":\"PropertyValueSpecification\",\"valueRequired\":true,\"valueName\":\"search_term_string\"}}],\"inLanguage\":\"fr-FR\"},{\"@type\":\"Organization\",\"@id\":\"https:\\\/\\\/radis.ee\\\/#organization\",\"name\":\"Radis O\u00dc\",\"url\":\"https:\\\/\\\/radis.ee\\\/\",\"logo\":{\"@type\":\"ImageObject\",\"inLanguage\":\"fr-FR\",\"@id\":\"https:\\\/\\\/radis.ee\\\/#\\\/schema\\\/logo\\\/image\\\/\",\"url\":\"https:\\\/\\\/radis.ee\\\/wp-content\\\/uploads\\\/2020\\\/10\\\/Radis-logo.png\",\"contentUrl\":\"https:\\\/\\\/radis.ee\\\/wp-content\\\/uploads\\\/2020\\\/10\\\/Radis-logo.png\",\"width\":300,\"height\":63,\"caption\":\"Radis O\u00dc\"},\"image\":{\"@id\":\"https:\\\/\\\/radis.ee\\\/#\\\/schema\\\/logo\\\/image\\\/\"},\"sameAs\":[\"https:\\\/\\\/www.facebook.com\\\/radisfurniture\\\/\"]}]}<\/script>\n<!-- \/ Yoast SEO plugin. -->","yoast_head_json":{"title":"Lampadaire MOON - Radis","robots":{"index":"index","follow":"follow","max-snippet":"max-snippet:-1","max-image-preview":"max-image-preview:large","max-video-preview":"max-video-preview:-1"},"canonical":"https:\/\/radis.ee\/fr\/lampadaire-moon\/","og_locale":"fr_FR","og_type":"article","og_title":"Lampadaire MOON - Radis","og_description":"Inspir\u00e9 par la courbe de la lune, ce lampadaire galant est destin\u00e9 \u00e0 inspirer de nombreuses grandes actions. Design intemporel, ex\u00e9cution technique unique qui donne au luminaire une ligne ray\u00e9e unique. Fabriqu\u00e9 en contreplaqu\u00e9 de bouleau naturel, artisanat, cir\u00e9 \u00e0 l&rsquo;huile de qualit\u00e9 allemande Auro 108, ingr\u00e9dients naturels non toxiques. Sans fils ni attaches apparentes....","og_url":"https:\/\/radis.ee\/fr\/lampadaire-moon\/","og_site_name":"Radis","article_publisher":"https:\/\/www.facebook.com\/radisfurniture\/","article_modified_time":"2023-09-17T14:01:25+00:00","og_image":[{"width":1600,"height":2560,"url":"https:\/\/radis.ee\/wp-content\/uploads\/2023\/01\/Radis_floor_lamp_MOON-Handcrafted-Design-Wooden-Floor-Lamp_3-scaled.jpg","type":"image\/jpeg"}],"twitter_card":"summary_large_image","twitter_misc":{"Dur\u00e9e de lecture estim\u00e9e":"1 minute"},"schema":{"@context":"https:\/\/schema.org","@graph":[{"@type":"WebPage","@id":"https:\/\/radis.ee\/fr\/lampadaire-moon\/","url":"https:\/\/radis.ee\/fr\/lampadaire-moon\/","name":"Lampadaire MOON - Radis","isPartOf":{"@id":"https:\/\/radis.ee\/#website"},"primaryImageOfPage":{"@id":"https:\/\/radis.ee\/fr\/lampadaire-moon\/#primaryimage"},"image":{"@id":"https:\/\/radis.ee\/fr\/lampadaire-moon\/#primaryimage"},"thumbnailUrl":"https:\/\/radis.ee\/wp-content\/uploads\/2023\/01\/Radis_floor_lamp_MOON-Handcrafted-Design-Wooden-Floor-Lamp_3-scaled.jpg","datePublished":"2023-01-12T15:53:57+00:00","dateModified":"2023-09-17T14:01:25+00:00","breadcrumb":{"@id":"https:\/\/radis.ee\/fr\/lampadaire-moon\/#breadcrumb"},"inLanguage":"fr-FR","potentialAction":[{"@type":"ReadAction","target":["https:\/\/radis.ee\/fr\/lampadaire-moon\/"]}]},{"@type":"ImageObject","inLanguage":"fr-FR","@id":"https:\/\/radis.ee\/fr\/lampadaire-moon\/#primaryimage","url":"https:\/\/radis.ee\/wp-content\/uploads\/2023\/01\/Radis_floor_lamp_MOON-Handcrafted-Design-Wooden-Floor-Lamp_3-scaled.jpg","contentUrl":"https:\/\/radis.ee\/wp-content\/uploads\/2023\/01\/Radis_floor_lamp_MOON-Handcrafted-Design-Wooden-Floor-Lamp_3-scaled.jpg","width":1600,"height":2560,"caption":"Radis floor lamp MOON oilwaxed plywood"},{"@type":"BreadcrumbList","@id":"https:\/\/radis.ee\/fr\/lampadaire-moon\/#breadcrumb","itemListElement":[{"@type":"ListItem","position":1,"name":"Home","item":"https:\/\/radis.ee\/"},{"@type":"ListItem","position":2,"name":"Magasin","item":"https:\/\/radis.ee\/fr\/magasin\/"},{"@type":"ListItem","position":3,"name":"Lampadaire MOON"}]},{"@type":"WebSite","@id":"https:\/\/radis.ee\/#website","url":"https:\/\/radis.ee\/","name":"Radis","description":"Nordic design furniture, environmentally friendly and sustainable.","publisher":{"@id":"https:\/\/radis.ee\/#organization"},"potentialAction":[{"@type":"SearchAction","target":{"@type":"EntryPoint","urlTemplate":"https:\/\/radis.ee\/?s={search_term_string}"},"query-input":{"@type":"PropertyValueSpecification","valueRequired":true,"valueName":"search_term_string"}}],"inLanguage":"fr-FR"},{"@type":"Organization","@id":"https:\/\/radis.ee\/#organization","name":"Radis O\u00dc","url":"https:\/\/radis.ee\/","logo":{"@type":"ImageObject","inLanguage":"fr-FR","@id":"https:\/\/radis.ee\/#\/schema\/logo\/image\/","url":"https:\/\/radis.ee\/wp-content\/uploads\/2020\/10\/Radis-logo.png","contentUrl":"https:\/\/radis.ee\/wp-content\/uploads\/2020\/10\/Radis-logo.png","width":300,"height":63,"caption":"Radis O\u00dc"},"image":{"@id":"https:\/\/radis.ee\/#\/schema\/logo\/image\/"},"sameAs":["https:\/\/www.facebook.com\/radisfurniture\/"]}]}},"_links":{"self":[{"href":"https:\/\/radis.ee\/fr\/wp-json\/wp\/v2\/product\/20634","targetHints":{"allow":["GET"]}}],"collection":[{"href":"https:\/\/radis.ee\/fr\/wp-json\/wp\/v2\/product"}],"about":[{"href":"https:\/\/radis.ee\/fr\/wp-json\/wp\/v2\/types\/product"}],"replies":[{"embeddable":true,"href":"https:\/\/radis.ee\/fr\/wp-json\/wp\/v2\/comments?post=20634"}],"wp:featuredmedia":[{"embeddable":true,"href":"https:\/\/radis.ee\/fr\/wp-json\/wp\/v2\/media\/20640"}],"wp:attachment":[{"href":"https:\/\/radis.ee\/fr\/wp-json\/wp\/v2\/media?parent=20634"}],"wp:term":[{"taxonomy":"product_brand","embeddable":true,"href":"https:\/\/radis.ee\/fr\/wp-json\/wp\/v2\/product_brand?post=20634"},{"taxonomy":"product_cat","embeddable":true,"href":"https:\/\/radis.ee\/fr\/wp-json\/wp\/v2\/product_cat?post=20634"},{"taxonomy":"product_tag","embeddable":true,"href":"https:\/\/radis.ee\/fr\/wp-json\/wp\/v2\/product_tag?post=20634"}],"curies":[{"name":"wp","href":"https:\/\/api.w.org\/{rel}","templated":true}]}}