{"id":21309,"date":"2019-04-20T23:00:32","date_gmt":"2019-04-20T20:00:32","guid":{"rendered":"https:\/\/radis.ee\/?post_type=product&#038;p=21309"},"modified":"2025-11-26T15:31:00","modified_gmt":"2025-11-26T13:31:00","slug":"etagere-murale-criss","status":"publish","type":"product","link":"https:\/\/radis.ee\/fr\/etagere-murale-criss\/","title":{"rendered":"\u00c9tag\u00e8re murale CRISS"},"content":{"rendered":"<p>L&rsquo;\u00e9tag\u00e8re Criss est comme une petite s\u0153ur de l&rsquo;\u00e9tag\u00e8re Radis Criss-Cross. G\u00e9om\u00e9trique et a\u00e9r\u00e9, il a une forme \u00e9tonnante et intemporelle, rendant hommage aux int\u00e9rieurs minimalistes. Le panneau arri\u00e8re ajoute une touche de robustesse tandis que les \u00e9tag\u00e8res elles-m\u00eames semblent s&rsquo;\u00e9tendre \u00e0 l&rsquo;infini et rendent Criss agr\u00e9able \u00e0 l&rsquo;\u0153il.<\/p>\n<p>Diff\u00e9rentes zones o\u00f9 placer les objets sur l&rsquo;\u00e9tag\u00e8re cr\u00e9ent des compartiments et constituent une bonne option pour exposer les objets. Mais soyons honn\u00eates &#8211; Criss est un spectacle spectaculaire m\u00eame lorsqu&rsquo;il est vide !<\/p>\n<p>Fabriqu\u00e9 en contreplaqu\u00e9 de bouleau, \u00e9galement disponible en placage ch\u00eane, finition huile-cire.<\/p>\n<p><strong>Pour tout achat sup\u00e9rieur \u00e0 2\u00a0000\u00a0euros, l\u2019\u00e9tag\u00e8re murale CRISS vous est offerte\u00a0! Indiquez simplement la teinte souhait\u00e9e dans les notes de votre commande.<\/strong><\/p>\n","protected":false},"excerpt":{"rendered":"<p>L&rsquo;\u00e9tag\u00e8re Criss est comme une petite s\u0153ur de l&rsquo;\u00e9tag\u00e8re Radis Criss-Cross. G\u00e9om\u00e9trique et a\u00e9r\u00e9, il a une forme \u00e9tonnante et intemporelle, rendant hommage aux int\u00e9rieurs minimalistes. Le panneau arri\u00e8re ajoute une touche de robustesse tandis que les \u00e9tag\u00e8res elles-m\u00eames semblent s&rsquo;\u00e9tendre \u00e0 l&rsquo;infini et rendent Criss agr\u00e9able \u00e0 l&rsquo;\u0153il. Diff\u00e9rentes zones o\u00f9 placer les objets&#8230;<\/p>\n","protected":false},"featured_media":21356,"comment_status":"open","ping_status":"closed","template":"","meta":{"_acf_changed":false},"product_brand":[],"product_cat":[109],"product_tag":[],"class_list":{"0":"post-21309","1":"product","2":"type-product","3":"status-publish","4":"has-post-thumbnail","6":"product_cat-riiulid","8":"first","9":"instock","10":"taxable","11":"shipping-taxable","12":"purchasable","13":"product-type-variable","14":"has-default-attributes"},"acf":[],"yoast_head":"<!-- This site is optimized with the Yoast SEO plugin v27.4 - https:\/\/yoast.com\/product\/yoast-seo-wordpress\/ -->\n<title>\u00c9tag\u00e8re murale CRISS - Radis<\/title>\n<meta name=\"robots\" content=\"index, follow, max-snippet:-1, max-image-preview:large, max-video-preview:-1\" \/>\n<link rel=\"canonical\" href=\"https:\/\/radis.ee\/fr\/etagere-murale-criss\/\" \/>\n<meta property=\"og:locale\" content=\"fr_FR\" \/>\n<meta property=\"og:type\" content=\"article\" \/>\n<meta property=\"og:title\" content=\"\u00c9tag\u00e8re murale CRISS - Radis\" \/>\n<meta property=\"og:description\" content=\"L&rsquo;\u00e9tag\u00e8re Criss est comme une petite s\u0153ur de l&rsquo;\u00e9tag\u00e8re Radis Criss-Cross. G\u00e9om\u00e9trique et a\u00e9r\u00e9, il a une forme \u00e9tonnante et intemporelle, rendant hommage aux int\u00e9rieurs minimalistes. Le panneau arri\u00e8re ajoute une touche de robustesse tandis que les \u00e9tag\u00e8res elles-m\u00eames semblent s&rsquo;\u00e9tendre \u00e0 l&rsquo;infini et rendent Criss agr\u00e9able \u00e0 l&rsquo;\u0153il. Diff\u00e9rentes zones o\u00f9 placer les objets...\" \/>\n<meta property=\"og:url\" content=\"https:\/\/radis.ee\/fr\/etagere-murale-criss\/\" \/>\n<meta property=\"og:site_name\" content=\"Radis\" \/>\n<meta property=\"article:publisher\" content=\"https:\/\/www.facebook.com\/radisfurniture\/\" \/>\n<meta property=\"article:modified_time\" content=\"2025-11-26T13:31:00+00:00\" \/>\n<meta property=\"og:image\" content=\"https:\/\/radis.ee\/wp-content\/uploads\/2023\/03\/Radis_wall_shelf_CRISS_Oak_veneered_background.jpg\" \/>\n\t<meta property=\"og:image:width\" content=\"743\" \/>\n\t<meta property=\"og:image:height\" content=\"624\" \/>\n\t<meta property=\"og:image:type\" content=\"image\/jpeg\" \/>\n<meta name=\"twitter:card\" content=\"summary_large_image\" \/>\n<meta name=\"twitter:label1\" content=\"Dur\u00e9e de lecture estim\u00e9e\" \/>\n\t<meta name=\"twitter:data1\" content=\"1 minute\" \/>\n<script type=\"application\/ld+json\" class=\"yoast-schema-graph\">{\"@context\":\"https:\\\/\\\/schema.org\",\"@graph\":[{\"@type\":\"WebPage\",\"@id\":\"https:\\\/\\\/radis.ee\\\/fr\\\/etagere-murale-criss\\\/\",\"url\":\"https:\\\/\\\/radis.ee\\\/fr\\\/etagere-murale-criss\\\/\",\"name\":\"\u00c9tag\u00e8re murale CRISS - Radis\",\"isPartOf\":{\"@id\":\"https:\\\/\\\/radis.ee\\\/#website\"},\"primaryImageOfPage\":{\"@id\":\"https:\\\/\\\/radis.ee\\\/fr\\\/etagere-murale-criss\\\/#primaryimage\"},\"image\":{\"@id\":\"https:\\\/\\\/radis.ee\\\/fr\\\/etagere-murale-criss\\\/#primaryimage\"},\"thumbnailUrl\":\"https:\\\/\\\/radis.ee\\\/wp-content\\\/uploads\\\/2023\\\/03\\\/Radis_wall_shelf_CRISS_Oak_veneered_background.jpg\",\"datePublished\":\"2019-04-20T20:00:32+00:00\",\"dateModified\":\"2025-11-26T13:31:00+00:00\",\"breadcrumb\":{\"@id\":\"https:\\\/\\\/radis.ee\\\/fr\\\/etagere-murale-criss\\\/#breadcrumb\"},\"inLanguage\":\"fr-FR\",\"potentialAction\":[{\"@type\":\"ReadAction\",\"target\":[\"https:\\\/\\\/radis.ee\\\/fr\\\/etagere-murale-criss\\\/\"]}]},{\"@type\":\"ImageObject\",\"inLanguage\":\"fr-FR\",\"@id\":\"https:\\\/\\\/radis.ee\\\/fr\\\/etagere-murale-criss\\\/#primaryimage\",\"url\":\"https:\\\/\\\/radis.ee\\\/wp-content\\\/uploads\\\/2023\\\/03\\\/Radis_wall_shelf_CRISS_Oak_veneered_background.jpg\",\"contentUrl\":\"https:\\\/\\\/radis.ee\\\/wp-content\\\/uploads\\\/2023\\\/03\\\/Radis_wall_shelf_CRISS_Oak_veneered_background.jpg\",\"width\":743,\"height\":624,\"caption\":\"Radis Furniture wall shelf CRISS oak veneered\"},{\"@type\":\"BreadcrumbList\",\"@id\":\"https:\\\/\\\/radis.ee\\\/fr\\\/etagere-murale-criss\\\/#breadcrumb\",\"itemListElement\":[{\"@type\":\"ListItem\",\"position\":1,\"name\":\"Home\",\"item\":\"https:\\\/\\\/radis.ee\\\/\"},{\"@type\":\"ListItem\",\"position\":2,\"name\":\"Magasin\",\"item\":\"https:\\\/\\\/radis.ee\\\/fr\\\/magasin\\\/\"},{\"@type\":\"ListItem\",\"position\":3,\"name\":\"\u00c9tag\u00e8re murale CRISS\"}]},{\"@type\":\"WebSite\",\"@id\":\"https:\\\/\\\/radis.ee\\\/#website\",\"url\":\"https:\\\/\\\/radis.ee\\\/\",\"name\":\"Radis\",\"description\":\"Nordic design furniture, environmentally friendly and sustainable.\",\"publisher\":{\"@id\":\"https:\\\/\\\/radis.ee\\\/#organization\"},\"potentialAction\":[{\"@type\":\"SearchAction\",\"target\":{\"@type\":\"EntryPoint\",\"urlTemplate\":\"https:\\\/\\\/radis.ee\\\/?s={search_term_string}\"},\"query-input\":{\"@type\":\"PropertyValueSpecification\",\"valueRequired\":true,\"valueName\":\"search_term_string\"}}],\"inLanguage\":\"fr-FR\"},{\"@type\":\"Organization\",\"@id\":\"https:\\\/\\\/radis.ee\\\/#organization\",\"name\":\"Radis O\u00dc\",\"url\":\"https:\\\/\\\/radis.ee\\\/\",\"logo\":{\"@type\":\"ImageObject\",\"inLanguage\":\"fr-FR\",\"@id\":\"https:\\\/\\\/radis.ee\\\/#\\\/schema\\\/logo\\\/image\\\/\",\"url\":\"https:\\\/\\\/radis.ee\\\/wp-content\\\/uploads\\\/2020\\\/10\\\/Radis-logo.png\",\"contentUrl\":\"https:\\\/\\\/radis.ee\\\/wp-content\\\/uploads\\\/2020\\\/10\\\/Radis-logo.png\",\"width\":300,\"height\":63,\"caption\":\"Radis O\u00dc\"},\"image\":{\"@id\":\"https:\\\/\\\/radis.ee\\\/#\\\/schema\\\/logo\\\/image\\\/\"},\"sameAs\":[\"https:\\\/\\\/www.facebook.com\\\/radisfurniture\\\/\"]}]}<\/script>\n<!-- \/ Yoast SEO plugin. -->","yoast_head_json":{"title":"\u00c9tag\u00e8re murale CRISS - Radis","robots":{"index":"index","follow":"follow","max-snippet":"max-snippet:-1","max-image-preview":"max-image-preview:large","max-video-preview":"max-video-preview:-1"},"canonical":"https:\/\/radis.ee\/fr\/etagere-murale-criss\/","og_locale":"fr_FR","og_type":"article","og_title":"\u00c9tag\u00e8re murale CRISS - Radis","og_description":"L&rsquo;\u00e9tag\u00e8re Criss est comme une petite s\u0153ur de l&rsquo;\u00e9tag\u00e8re Radis Criss-Cross. G\u00e9om\u00e9trique et a\u00e9r\u00e9, il a une forme \u00e9tonnante et intemporelle, rendant hommage aux int\u00e9rieurs minimalistes. Le panneau arri\u00e8re ajoute une touche de robustesse tandis que les \u00e9tag\u00e8res elles-m\u00eames semblent s&rsquo;\u00e9tendre \u00e0 l&rsquo;infini et rendent Criss agr\u00e9able \u00e0 l&rsquo;\u0153il. Diff\u00e9rentes zones o\u00f9 placer les objets...","og_url":"https:\/\/radis.ee\/fr\/etagere-murale-criss\/","og_site_name":"Radis","article_publisher":"https:\/\/www.facebook.com\/radisfurniture\/","article_modified_time":"2025-11-26T13:31:00+00:00","og_image":[{"width":743,"height":624,"url":"https:\/\/radis.ee\/wp-content\/uploads\/2023\/03\/Radis_wall_shelf_CRISS_Oak_veneered_background.jpg","type":"image\/jpeg"}],"twitter_card":"summary_large_image","twitter_misc":{"Dur\u00e9e de lecture estim\u00e9e":"1 minute"},"schema":{"@context":"https:\/\/schema.org","@graph":[{"@type":"WebPage","@id":"https:\/\/radis.ee\/fr\/etagere-murale-criss\/","url":"https:\/\/radis.ee\/fr\/etagere-murale-criss\/","name":"\u00c9tag\u00e8re murale CRISS - Radis","isPartOf":{"@id":"https:\/\/radis.ee\/#website"},"primaryImageOfPage":{"@id":"https:\/\/radis.ee\/fr\/etagere-murale-criss\/#primaryimage"},"image":{"@id":"https:\/\/radis.ee\/fr\/etagere-murale-criss\/#primaryimage"},"thumbnailUrl":"https:\/\/radis.ee\/wp-content\/uploads\/2023\/03\/Radis_wall_shelf_CRISS_Oak_veneered_background.jpg","datePublished":"2019-04-20T20:00:32+00:00","dateModified":"2025-11-26T13:31:00+00:00","breadcrumb":{"@id":"https:\/\/radis.ee\/fr\/etagere-murale-criss\/#breadcrumb"},"inLanguage":"fr-FR","potentialAction":[{"@type":"ReadAction","target":["https:\/\/radis.ee\/fr\/etagere-murale-criss\/"]}]},{"@type":"ImageObject","inLanguage":"fr-FR","@id":"https:\/\/radis.ee\/fr\/etagere-murale-criss\/#primaryimage","url":"https:\/\/radis.ee\/wp-content\/uploads\/2023\/03\/Radis_wall_shelf_CRISS_Oak_veneered_background.jpg","contentUrl":"https:\/\/radis.ee\/wp-content\/uploads\/2023\/03\/Radis_wall_shelf_CRISS_Oak_veneered_background.jpg","width":743,"height":624,"caption":"Radis Furniture wall shelf CRISS oak veneered"},{"@type":"BreadcrumbList","@id":"https:\/\/radis.ee\/fr\/etagere-murale-criss\/#breadcrumb","itemListElement":[{"@type":"ListItem","position":1,"name":"Home","item":"https:\/\/radis.ee\/"},{"@type":"ListItem","position":2,"name":"Magasin","item":"https:\/\/radis.ee\/fr\/magasin\/"},{"@type":"ListItem","position":3,"name":"\u00c9tag\u00e8re murale CRISS"}]},{"@type":"WebSite","@id":"https:\/\/radis.ee\/#website","url":"https:\/\/radis.ee\/","name":"Radis","description":"Nordic design furniture, environmentally friendly and sustainable.","publisher":{"@id":"https:\/\/radis.ee\/#organization"},"potentialAction":[{"@type":"SearchAction","target":{"@type":"EntryPoint","urlTemplate":"https:\/\/radis.ee\/?s={search_term_string}"},"query-input":{"@type":"PropertyValueSpecification","valueRequired":true,"valueName":"search_term_string"}}],"inLanguage":"fr-FR"},{"@type":"Organization","@id":"https:\/\/radis.ee\/#organization","name":"Radis O\u00dc","url":"https:\/\/radis.ee\/","logo":{"@type":"ImageObject","inLanguage":"fr-FR","@id":"https:\/\/radis.ee\/#\/schema\/logo\/image\/","url":"https:\/\/radis.ee\/wp-content\/uploads\/2020\/10\/Radis-logo.png","contentUrl":"https:\/\/radis.ee\/wp-content\/uploads\/2020\/10\/Radis-logo.png","width":300,"height":63,"caption":"Radis O\u00dc"},"image":{"@id":"https:\/\/radis.ee\/#\/schema\/logo\/image\/"},"sameAs":["https:\/\/www.facebook.com\/radisfurniture\/"]}]}},"_links":{"self":[{"href":"https:\/\/radis.ee\/fr\/wp-json\/wp\/v2\/product\/21309","targetHints":{"allow":["GET"]}}],"collection":[{"href":"https:\/\/radis.ee\/fr\/wp-json\/wp\/v2\/product"}],"about":[{"href":"https:\/\/radis.ee\/fr\/wp-json\/wp\/v2\/types\/product"}],"replies":[{"embeddable":true,"href":"https:\/\/radis.ee\/fr\/wp-json\/wp\/v2\/comments?post=21309"}],"wp:featuredmedia":[{"embeddable":true,"href":"https:\/\/radis.ee\/fr\/wp-json\/wp\/v2\/media\/21356"}],"wp:attachment":[{"href":"https:\/\/radis.ee\/fr\/wp-json\/wp\/v2\/media?parent=21309"}],"wp:term":[{"taxonomy":"product_brand","embeddable":true,"href":"https:\/\/radis.ee\/fr\/wp-json\/wp\/v2\/product_brand?post=21309"},{"taxonomy":"product_cat","embeddable":true,"href":"https:\/\/radis.ee\/fr\/wp-json\/wp\/v2\/product_cat?post=21309"},{"taxonomy":"product_tag","embeddable":true,"href":"https:\/\/radis.ee\/fr\/wp-json\/wp\/v2\/product_tag?post=21309"}],"curies":[{"name":"wp","href":"https:\/\/api.w.org\/{rel}","templated":true}]}}