{"id":21384,"date":"2020-04-14T12:35:06","date_gmt":"2023-03-23T10:35:09","guid":{"rendered":"https:\/\/radis.ee\/?post_type=product&#038;p=21384"},"modified":"2023-04-05T09:22:59","modified_gmt":"2023-04-05T06:22:59","slug":"etagere-murale-step","status":"publish","type":"product","link":"https:\/\/radis.ee\/fr\/etagere-murale-step\/","title":{"rendered":"\u00c9tag\u00e8re murale STEP"},"content":{"rendered":"<p>Vous pouvez maintenant \u00e9galement accrocher une \u00e9tag\u00e8re STEP populaire pour le mur. Entrez dans le futur avec l&rsquo;\u00e9tag\u00e8re STEP. Les angles diagonaux lui donnent une v\u00e9ritable sensation futuriste.<\/p>\n<p>La hauteur int\u00e9rieure de l&rsquo;\u00e9tag\u00e8re est de 33 cm, ce qui permet de loger facilement des livres et des classeurs plus grands. La largeur int\u00e9rieure des armoires est de 33 cm.<\/p>\n<p>Fabriqu\u00e9 en contreplaqu\u00e9 de bouleau, \u00e9galement plaqu\u00e9 ch\u00eane, cir\u00e9 \u00e0 l&rsquo;huile. Charni\u00e8res de porte \u00e0 fermeture douce.<\/p>\n","protected":false},"excerpt":{"rendered":"<p>Vous pouvez maintenant \u00e9galement accrocher une \u00e9tag\u00e8re STEP populaire pour le mur. Entrez dans le futur avec l&rsquo;\u00e9tag\u00e8re STEP. Les angles diagonaux lui donnent une v\u00e9ritable sensation futuriste. La hauteur int\u00e9rieure de l&rsquo;\u00e9tag\u00e8re est de 33 cm, ce qui permet de loger facilement des livres et des classeurs plus grands. La largeur int\u00e9rieure des armoires&#8230;<\/p>\n","protected":false},"featured_media":21426,"comment_status":"open","ping_status":"closed","template":"","meta":{"_acf_changed":false},"product_brand":[],"product_cat":[109],"product_tag":[],"class_list":{"0":"post-21384","1":"product","2":"type-product","3":"status-publish","4":"has-post-thumbnail","6":"product_cat-riiulid","8":"first","9":"instock","10":"taxable","11":"shipping-taxable","12":"purchasable","13":"product-type-variable","14":"has-default-attributes"},"acf":[],"yoast_head":"<!-- This site is optimized with the Yoast SEO plugin v27.3 - https:\/\/yoast.com\/product\/yoast-seo-wordpress\/ -->\n<title>\u00c9tag\u00e8re murale STEP - Radis<\/title>\n<meta name=\"robots\" content=\"index, follow, max-snippet:-1, max-image-preview:large, max-video-preview:-1\" \/>\n<link rel=\"canonical\" href=\"https:\/\/radis.ee\/fr\/etagere-murale-step\/\" \/>\n<meta property=\"og:locale\" content=\"fr_FR\" \/>\n<meta property=\"og:type\" content=\"article\" \/>\n<meta property=\"og:title\" content=\"\u00c9tag\u00e8re murale STEP - Radis\" \/>\n<meta property=\"og:description\" content=\"Vous pouvez maintenant \u00e9galement accrocher une \u00e9tag\u00e8re STEP populaire pour le mur. Entrez dans le futur avec l&rsquo;\u00e9tag\u00e8re STEP. Les angles diagonaux lui donnent une v\u00e9ritable sensation futuriste. La hauteur int\u00e9rieure de l&rsquo;\u00e9tag\u00e8re est de 33 cm, ce qui permet de loger facilement des livres et des classeurs plus grands. La largeur int\u00e9rieure des armoires...\" \/>\n<meta property=\"og:url\" content=\"https:\/\/radis.ee\/fr\/etagere-murale-step\/\" \/>\n<meta property=\"og:site_name\" content=\"Radis\" \/>\n<meta property=\"article:publisher\" content=\"https:\/\/www.facebook.com\/radisfurniture\/\" \/>\n<meta property=\"article:modified_time\" content=\"2023-04-05T06:22:59+00:00\" \/>\n<meta property=\"og:image\" content=\"https:\/\/radis.ee\/wp-content\/uploads\/2023\/03\/Radis_wall_shelf_STEP_Light_Oak-doors_White_Osmo_background.jpg\" \/>\n\t<meta property=\"og:image:width\" content=\"1620\" \/>\n\t<meta property=\"og:image:height\" content=\"1360\" \/>\n\t<meta property=\"og:image:type\" content=\"image\/jpeg\" \/>\n<meta name=\"twitter:card\" content=\"summary_large_image\" \/>\n<script type=\"application\/ld+json\" class=\"yoast-schema-graph\">{\"@context\":\"https:\\\/\\\/schema.org\",\"@graph\":[{\"@type\":\"WebPage\",\"@id\":\"https:\\\/\\\/radis.ee\\\/fr\\\/etagere-murale-step\\\/\",\"url\":\"https:\\\/\\\/radis.ee\\\/fr\\\/etagere-murale-step\\\/\",\"name\":\"\u00c9tag\u00e8re murale STEP - Radis\",\"isPartOf\":{\"@id\":\"https:\\\/\\\/radis.ee\\\/#website\"},\"primaryImageOfPage\":{\"@id\":\"https:\\\/\\\/radis.ee\\\/fr\\\/etagere-murale-step\\\/#primaryimage\"},\"image\":{\"@id\":\"https:\\\/\\\/radis.ee\\\/fr\\\/etagere-murale-step\\\/#primaryimage\"},\"thumbnailUrl\":\"https:\\\/\\\/radis.ee\\\/wp-content\\\/uploads\\\/2023\\\/03\\\/Radis_wall_shelf_STEP_Light_Oak-doors_White_Osmo_background.jpg\",\"datePublished\":\"2023-03-23T10:35:09+00:00\",\"dateModified\":\"2023-04-05T06:22:59+00:00\",\"breadcrumb\":{\"@id\":\"https:\\\/\\\/radis.ee\\\/fr\\\/etagere-murale-step\\\/#breadcrumb\"},\"inLanguage\":\"fr-FR\",\"potentialAction\":[{\"@type\":\"ReadAction\",\"target\":[\"https:\\\/\\\/radis.ee\\\/fr\\\/etagere-murale-step\\\/\"]}]},{\"@type\":\"ImageObject\",\"inLanguage\":\"fr-FR\",\"@id\":\"https:\\\/\\\/radis.ee\\\/fr\\\/etagere-murale-step\\\/#primaryimage\",\"url\":\"https:\\\/\\\/radis.ee\\\/wp-content\\\/uploads\\\/2023\\\/03\\\/Radis_wall_shelf_STEP_Light_Oak-doors_White_Osmo_background.jpg\",\"contentUrl\":\"https:\\\/\\\/radis.ee\\\/wp-content\\\/uploads\\\/2023\\\/03\\\/Radis_wall_shelf_STEP_Light_Oak-doors_White_Osmo_background.jpg\",\"width\":1620,\"height\":1360,\"caption\":\"Radis Furniture wall shelf STEP birch plywood Light Oak doors White Osmo\"},{\"@type\":\"BreadcrumbList\",\"@id\":\"https:\\\/\\\/radis.ee\\\/fr\\\/etagere-murale-step\\\/#breadcrumb\",\"itemListElement\":[{\"@type\":\"ListItem\",\"position\":1,\"name\":\"Home\",\"item\":\"https:\\\/\\\/radis.ee\\\/\"},{\"@type\":\"ListItem\",\"position\":2,\"name\":\"Magasin\",\"item\":\"https:\\\/\\\/radis.ee\\\/fr\\\/magasin\\\/\"},{\"@type\":\"ListItem\",\"position\":3,\"name\":\"\u00c9tag\u00e8re murale STEP\"}]},{\"@type\":\"WebSite\",\"@id\":\"https:\\\/\\\/radis.ee\\\/#website\",\"url\":\"https:\\\/\\\/radis.ee\\\/\",\"name\":\"Radis\",\"description\":\"Nordic design furniture, environmentally friendly and sustainable.\",\"publisher\":{\"@id\":\"https:\\\/\\\/radis.ee\\\/#organization\"},\"potentialAction\":[{\"@type\":\"SearchAction\",\"target\":{\"@type\":\"EntryPoint\",\"urlTemplate\":\"https:\\\/\\\/radis.ee\\\/?s={search_term_string}\"},\"query-input\":{\"@type\":\"PropertyValueSpecification\",\"valueRequired\":true,\"valueName\":\"search_term_string\"}}],\"inLanguage\":\"fr-FR\"},{\"@type\":\"Organization\",\"@id\":\"https:\\\/\\\/radis.ee\\\/#organization\",\"name\":\"Radis O\u00dc\",\"url\":\"https:\\\/\\\/radis.ee\\\/\",\"logo\":{\"@type\":\"ImageObject\",\"inLanguage\":\"fr-FR\",\"@id\":\"https:\\\/\\\/radis.ee\\\/#\\\/schema\\\/logo\\\/image\\\/\",\"url\":\"https:\\\/\\\/radis.ee\\\/wp-content\\\/uploads\\\/2020\\\/10\\\/Radis-logo.png\",\"contentUrl\":\"https:\\\/\\\/radis.ee\\\/wp-content\\\/uploads\\\/2020\\\/10\\\/Radis-logo.png\",\"width\":300,\"height\":63,\"caption\":\"Radis O\u00dc\"},\"image\":{\"@id\":\"https:\\\/\\\/radis.ee\\\/#\\\/schema\\\/logo\\\/image\\\/\"},\"sameAs\":[\"https:\\\/\\\/www.facebook.com\\\/radisfurniture\\\/\"]}]}<\/script>\n<!-- \/ Yoast SEO plugin. -->","yoast_head_json":{"title":"\u00c9tag\u00e8re murale STEP - Radis","robots":{"index":"index","follow":"follow","max-snippet":"max-snippet:-1","max-image-preview":"max-image-preview:large","max-video-preview":"max-video-preview:-1"},"canonical":"https:\/\/radis.ee\/fr\/etagere-murale-step\/","og_locale":"fr_FR","og_type":"article","og_title":"\u00c9tag\u00e8re murale STEP - Radis","og_description":"Vous pouvez maintenant \u00e9galement accrocher une \u00e9tag\u00e8re STEP populaire pour le mur. Entrez dans le futur avec l&rsquo;\u00e9tag\u00e8re STEP. Les angles diagonaux lui donnent une v\u00e9ritable sensation futuriste. La hauteur int\u00e9rieure de l&rsquo;\u00e9tag\u00e8re est de 33 cm, ce qui permet de loger facilement des livres et des classeurs plus grands. La largeur int\u00e9rieure des armoires...","og_url":"https:\/\/radis.ee\/fr\/etagere-murale-step\/","og_site_name":"Radis","article_publisher":"https:\/\/www.facebook.com\/radisfurniture\/","article_modified_time":"2023-04-05T06:22:59+00:00","og_image":[{"width":1620,"height":1360,"url":"https:\/\/radis.ee\/wp-content\/uploads\/2023\/03\/Radis_wall_shelf_STEP_Light_Oak-doors_White_Osmo_background.jpg","type":"image\/jpeg"}],"twitter_card":"summary_large_image","schema":{"@context":"https:\/\/schema.org","@graph":[{"@type":"WebPage","@id":"https:\/\/radis.ee\/fr\/etagere-murale-step\/","url":"https:\/\/radis.ee\/fr\/etagere-murale-step\/","name":"\u00c9tag\u00e8re murale STEP - Radis","isPartOf":{"@id":"https:\/\/radis.ee\/#website"},"primaryImageOfPage":{"@id":"https:\/\/radis.ee\/fr\/etagere-murale-step\/#primaryimage"},"image":{"@id":"https:\/\/radis.ee\/fr\/etagere-murale-step\/#primaryimage"},"thumbnailUrl":"https:\/\/radis.ee\/wp-content\/uploads\/2023\/03\/Radis_wall_shelf_STEP_Light_Oak-doors_White_Osmo_background.jpg","datePublished":"2023-03-23T10:35:09+00:00","dateModified":"2023-04-05T06:22:59+00:00","breadcrumb":{"@id":"https:\/\/radis.ee\/fr\/etagere-murale-step\/#breadcrumb"},"inLanguage":"fr-FR","potentialAction":[{"@type":"ReadAction","target":["https:\/\/radis.ee\/fr\/etagere-murale-step\/"]}]},{"@type":"ImageObject","inLanguage":"fr-FR","@id":"https:\/\/radis.ee\/fr\/etagere-murale-step\/#primaryimage","url":"https:\/\/radis.ee\/wp-content\/uploads\/2023\/03\/Radis_wall_shelf_STEP_Light_Oak-doors_White_Osmo_background.jpg","contentUrl":"https:\/\/radis.ee\/wp-content\/uploads\/2023\/03\/Radis_wall_shelf_STEP_Light_Oak-doors_White_Osmo_background.jpg","width":1620,"height":1360,"caption":"Radis Furniture wall shelf STEP birch plywood Light Oak doors White Osmo"},{"@type":"BreadcrumbList","@id":"https:\/\/radis.ee\/fr\/etagere-murale-step\/#breadcrumb","itemListElement":[{"@type":"ListItem","position":1,"name":"Home","item":"https:\/\/radis.ee\/"},{"@type":"ListItem","position":2,"name":"Magasin","item":"https:\/\/radis.ee\/fr\/magasin\/"},{"@type":"ListItem","position":3,"name":"\u00c9tag\u00e8re murale STEP"}]},{"@type":"WebSite","@id":"https:\/\/radis.ee\/#website","url":"https:\/\/radis.ee\/","name":"Radis","description":"Nordic design furniture, environmentally friendly and sustainable.","publisher":{"@id":"https:\/\/radis.ee\/#organization"},"potentialAction":[{"@type":"SearchAction","target":{"@type":"EntryPoint","urlTemplate":"https:\/\/radis.ee\/?s={search_term_string}"},"query-input":{"@type":"PropertyValueSpecification","valueRequired":true,"valueName":"search_term_string"}}],"inLanguage":"fr-FR"},{"@type":"Organization","@id":"https:\/\/radis.ee\/#organization","name":"Radis O\u00dc","url":"https:\/\/radis.ee\/","logo":{"@type":"ImageObject","inLanguage":"fr-FR","@id":"https:\/\/radis.ee\/#\/schema\/logo\/image\/","url":"https:\/\/radis.ee\/wp-content\/uploads\/2020\/10\/Radis-logo.png","contentUrl":"https:\/\/radis.ee\/wp-content\/uploads\/2020\/10\/Radis-logo.png","width":300,"height":63,"caption":"Radis O\u00dc"},"image":{"@id":"https:\/\/radis.ee\/#\/schema\/logo\/image\/"},"sameAs":["https:\/\/www.facebook.com\/radisfurniture\/"]}]}},"_links":{"self":[{"href":"https:\/\/radis.ee\/fr\/wp-json\/wp\/v2\/product\/21384","targetHints":{"allow":["GET"]}}],"collection":[{"href":"https:\/\/radis.ee\/fr\/wp-json\/wp\/v2\/product"}],"about":[{"href":"https:\/\/radis.ee\/fr\/wp-json\/wp\/v2\/types\/product"}],"replies":[{"embeddable":true,"href":"https:\/\/radis.ee\/fr\/wp-json\/wp\/v2\/comments?post=21384"}],"wp:featuredmedia":[{"embeddable":true,"href":"https:\/\/radis.ee\/fr\/wp-json\/wp\/v2\/media\/21426"}],"wp:attachment":[{"href":"https:\/\/radis.ee\/fr\/wp-json\/wp\/v2\/media?parent=21384"}],"wp:term":[{"taxonomy":"product_brand","embeddable":true,"href":"https:\/\/radis.ee\/fr\/wp-json\/wp\/v2\/product_brand?post=21384"},{"taxonomy":"product_cat","embeddable":true,"href":"https:\/\/radis.ee\/fr\/wp-json\/wp\/v2\/product_cat?post=21384"},{"taxonomy":"product_tag","embeddable":true,"href":"https:\/\/radis.ee\/fr\/wp-json\/wp\/v2\/product_tag?post=21384"}],"curies":[{"name":"wp","href":"https:\/\/api.w.org\/{rel}","templated":true}]}}