{"id":21768,"date":"2023-06-28T23:04:04","date_gmt":"2023-06-28T20:04:04","guid":{"rendered":"https:\/\/radis.ee\/?post_type=product&#038;p=21768"},"modified":"2026-03-18T19:39:04","modified_gmt":"2026-03-18T17:39:04","slug":"etagere-crane","status":"publish","type":"product","link":"https:\/\/radis.ee\/fr\/etagere-crane\/","title":{"rendered":"Etag\u00e8re CRANE"},"content":{"rendered":"<p>Tel un appareil multifonctionnel, l&rsquo;\u00e9tag\u00e8re CRANE est \u00e0 la fois fine et robuste, et parfaitement adapt\u00e9e \u00e0 vos besoins. Sa structure m\u00e9tallique est solide sans \u00eatre encombrante. Les \u00e9tag\u00e8res CRANE, plaqu\u00e9es ch\u00eane, pr\u00e9sentent des angles arrondis et \u00e9l\u00e9gants, et leurs tablettes r\u00e9glables offrent une grande flexibilit\u00e9 d&rsquo;utilisation, s&rsquo;adaptant ainsi parfaitement \u00e0 vos envies. Gr\u00e2ce \u00e0 son design a\u00e9rien, l&rsquo;\u00e9tag\u00e8re CRANE vous permet de cr\u00e9er un coin bureau cosy ou d&rsquo;exposer vos livres dans le salon.<\/p>\n<p>Elle convient parfaitement aux surfaces telles qu&rsquo;un bureau ou des armoires \u00e0 portes. Son design a\u00e9rien en fait l&rsquo;\u00e9tag\u00e8re id\u00e9ale pour am\u00e9nager un coin bureau confortable \u00e0 domicile. Vous pouvez, par exemple, accrocher de jolies photos ou tableaux au mur derri\u00e8re l&rsquo;\u00e9tag\u00e8re et disposer de petites plantes d&rsquo;int\u00e9rieur sur les tablettes.<\/p>\n<p>L&rsquo;\u00e9tag\u00e8re CRANE est fabriqu\u00e9e en contreplaqu\u00e9 \u00e9cologique avec placage en ch\u00eane, avec de solides pieds en m\u00e9tal thermolaqu\u00e9 noir ou blanc de 20&#215;20 mm avec supports muraux. La profondeur des surfaces informatiques est de 46 cm. La hauteur de la table assise est de 74 cm, la hauteur de la table debout est de 105 cm. La distance entre les pieds de l&rsquo;\u00e9tag\u00e8re est de 50 et 75 cm. L&rsquo;\u00e9tag\u00e8re CRANE est disponible en trois largeurs &#8211; 98 cm, 150 cm et 227 cm.<\/p>\n<p>La hauteur des \u00e9tag\u00e8res est de 29,5 cm. La largeur int\u00e9rieure des armoires est de 31,5 cm. Charni\u00e8res de porte \u00e0 fermeture en douceur, vous pouvez ouvrir les armoires en tirant par le bord sup\u00e9rieur ou inf\u00e9rieur.<\/p>\n<p>La distance entre le pied m\u00e9tallique et le mur est de 2,5 cm, gr\u00e2ce aux douilles d&rsquo;\u00e9cartement incluses, il convient donc \u00e0 diff\u00e9rentes plinthes. Les points de fixation murale sont \u00e0 64 et 157 cm au-dessus du sol.<\/p>\n<p>Concepteur : Tiina Aavik, Raul Abner<\/p>\n","protected":false},"excerpt":{"rendered":"<p>Tel un appareil multifonctionnel, l&rsquo;\u00e9tag\u00e8re CRANE est \u00e0 la fois fine et robuste, et parfaitement adapt\u00e9e \u00e0 vos besoins. Sa structure m\u00e9tallique est solide sans \u00eatre encombrante. Les \u00e9tag\u00e8res CRANE, plaqu\u00e9es ch\u00eane, pr\u00e9sentent des angles arrondis et \u00e9l\u00e9gants, et leurs tablettes r\u00e9glables offrent une grande flexibilit\u00e9 d&rsquo;utilisation, s&rsquo;adaptant ainsi parfaitement \u00e0 vos envies. Gr\u00e2ce \u00e0&#8230;<\/p>\n","protected":false},"featured_media":24262,"comment_status":"open","ping_status":"closed","template":"","meta":{"_acf_changed":false},"product_brand":[],"product_cat":[109],"product_tag":[],"class_list":{"0":"post-21768","1":"product","2":"type-product","3":"status-publish","4":"has-post-thumbnail","6":"product_cat-riiulid","8":"first","9":"instock","10":"sale","11":"taxable","12":"shipping-taxable","13":"purchasable","14":"product-type-variable","15":"has-default-attributes"},"acf":[],"yoast_head":"<!-- This site is optimized with the Yoast SEO plugin v27.3 - https:\/\/yoast.com\/product\/yoast-seo-wordpress\/ -->\n<title>Etag\u00e8re CRANE - Radis<\/title>\n<meta name=\"robots\" content=\"index, follow, max-snippet:-1, max-image-preview:large, max-video-preview:-1\" \/>\n<link rel=\"canonical\" href=\"https:\/\/radis.ee\/fr\/etagere-crane\/\" \/>\n<meta property=\"og:locale\" content=\"fr_FR\" \/>\n<meta property=\"og:type\" content=\"article\" \/>\n<meta property=\"og:title\" content=\"Etag\u00e8re CRANE - Radis\" \/>\n<meta property=\"og:description\" content=\"Tel un appareil multifonctionnel, l&rsquo;\u00e9tag\u00e8re CRANE est \u00e0 la fois fine et robuste, et parfaitement adapt\u00e9e \u00e0 vos besoins. Sa structure m\u00e9tallique est solide sans \u00eatre encombrante. Les \u00e9tag\u00e8res CRANE, plaqu\u00e9es ch\u00eane, pr\u00e9sentent des angles arrondis et \u00e9l\u00e9gants, et leurs tablettes r\u00e9glables offrent une grande flexibilit\u00e9 d&rsquo;utilisation, s&rsquo;adaptant ainsi parfaitement \u00e0 vos envies. Gr\u00e2ce \u00e0...\" \/>\n<meta property=\"og:url\" content=\"https:\/\/radis.ee\/fr\/etagere-crane\/\" \/>\n<meta property=\"og:site_name\" content=\"Radis\" \/>\n<meta property=\"article:publisher\" content=\"https:\/\/www.facebook.com\/radisfurniture\/\" \/>\n<meta property=\"article:modified_time\" content=\"2026-03-18T17:39:04+00:00\" \/>\n<meta property=\"og:image\" content=\"https:\/\/radis.ee\/wp-content\/uploads\/2023\/06\/Radis_Furniture_shelf_CRANE_M_with_desks_and_boxes_oak_veneeered_plywood_white_background.jpg\" \/>\n\t<meta property=\"og:image:width\" content=\"853\" \/>\n\t<meta property=\"og:image:height\" content=\"1016\" \/>\n\t<meta property=\"og:image:type\" content=\"image\/jpeg\" \/>\n<meta name=\"twitter:card\" content=\"summary_large_image\" \/>\n<meta name=\"twitter:label1\" content=\"Dur\u00e9e de lecture estim\u00e9e\" \/>\n\t<meta name=\"twitter:data1\" content=\"2 minutes\" \/>\n<script type=\"application\/ld+json\" class=\"yoast-schema-graph\">{\"@context\":\"https:\\\/\\\/schema.org\",\"@graph\":[{\"@type\":\"WebPage\",\"@id\":\"https:\\\/\\\/radis.ee\\\/fr\\\/etagere-crane\\\/\",\"url\":\"https:\\\/\\\/radis.ee\\\/fr\\\/etagere-crane\\\/\",\"name\":\"Etag\u00e8re CRANE - Radis\",\"isPartOf\":{\"@id\":\"https:\\\/\\\/radis.ee\\\/#website\"},\"primaryImageOfPage\":{\"@id\":\"https:\\\/\\\/radis.ee\\\/fr\\\/etagere-crane\\\/#primaryimage\"},\"image\":{\"@id\":\"https:\\\/\\\/radis.ee\\\/fr\\\/etagere-crane\\\/#primaryimage\"},\"thumbnailUrl\":\"https:\\\/\\\/radis.ee\\\/wp-content\\\/uploads\\\/2023\\\/06\\\/Radis_Furniture_shelf_CRANE_M_with_desks_and_boxes_oak_veneeered_plywood_white_background.jpg\",\"datePublished\":\"2023-06-28T20:04:04+00:00\",\"dateModified\":\"2026-03-18T17:39:04+00:00\",\"breadcrumb\":{\"@id\":\"https:\\\/\\\/radis.ee\\\/fr\\\/etagere-crane\\\/#breadcrumb\"},\"inLanguage\":\"fr-FR\",\"potentialAction\":[{\"@type\":\"ReadAction\",\"target\":[\"https:\\\/\\\/radis.ee\\\/fr\\\/etagere-crane\\\/\"]}]},{\"@type\":\"ImageObject\",\"inLanguage\":\"fr-FR\",\"@id\":\"https:\\\/\\\/radis.ee\\\/fr\\\/etagere-crane\\\/#primaryimage\",\"url\":\"https:\\\/\\\/radis.ee\\\/wp-content\\\/uploads\\\/2023\\\/06\\\/Radis_Furniture_shelf_CRANE_M_with_desks_and_boxes_oak_veneeered_plywood_white_background.jpg\",\"contentUrl\":\"https:\\\/\\\/radis.ee\\\/wp-content\\\/uploads\\\/2023\\\/06\\\/Radis_Furniture_shelf_CRANE_M_with_desks_and_boxes_oak_veneeered_plywood_white_background.jpg\",\"width\":853,\"height\":1016,\"caption\":\"RADIS shelf CRANE M oak veneered with 3 boxes and 2 desks\"},{\"@type\":\"BreadcrumbList\",\"@id\":\"https:\\\/\\\/radis.ee\\\/fr\\\/etagere-crane\\\/#breadcrumb\",\"itemListElement\":[{\"@type\":\"ListItem\",\"position\":1,\"name\":\"Home\",\"item\":\"https:\\\/\\\/radis.ee\\\/\"},{\"@type\":\"ListItem\",\"position\":2,\"name\":\"Magasin\",\"item\":\"https:\\\/\\\/radis.ee\\\/fr\\\/magasin\\\/\"},{\"@type\":\"ListItem\",\"position\":3,\"name\":\"Etag\u00e8re CRANE\"}]},{\"@type\":\"WebSite\",\"@id\":\"https:\\\/\\\/radis.ee\\\/#website\",\"url\":\"https:\\\/\\\/radis.ee\\\/\",\"name\":\"Radis\",\"description\":\"Nordic design furniture, environmentally friendly and sustainable.\",\"publisher\":{\"@id\":\"https:\\\/\\\/radis.ee\\\/#organization\"},\"potentialAction\":[{\"@type\":\"SearchAction\",\"target\":{\"@type\":\"EntryPoint\",\"urlTemplate\":\"https:\\\/\\\/radis.ee\\\/?s={search_term_string}\"},\"query-input\":{\"@type\":\"PropertyValueSpecification\",\"valueRequired\":true,\"valueName\":\"search_term_string\"}}],\"inLanguage\":\"fr-FR\"},{\"@type\":\"Organization\",\"@id\":\"https:\\\/\\\/radis.ee\\\/#organization\",\"name\":\"Radis O\u00dc\",\"url\":\"https:\\\/\\\/radis.ee\\\/\",\"logo\":{\"@type\":\"ImageObject\",\"inLanguage\":\"fr-FR\",\"@id\":\"https:\\\/\\\/radis.ee\\\/#\\\/schema\\\/logo\\\/image\\\/\",\"url\":\"https:\\\/\\\/radis.ee\\\/wp-content\\\/uploads\\\/2020\\\/10\\\/Radis-logo.png\",\"contentUrl\":\"https:\\\/\\\/radis.ee\\\/wp-content\\\/uploads\\\/2020\\\/10\\\/Radis-logo.png\",\"width\":300,\"height\":63,\"caption\":\"Radis O\u00dc\"},\"image\":{\"@id\":\"https:\\\/\\\/radis.ee\\\/#\\\/schema\\\/logo\\\/image\\\/\"},\"sameAs\":[\"https:\\\/\\\/www.facebook.com\\\/radisfurniture\\\/\"]}]}<\/script>\n<!-- \/ Yoast SEO plugin. -->","yoast_head_json":{"title":"Etag\u00e8re CRANE - Radis","robots":{"index":"index","follow":"follow","max-snippet":"max-snippet:-1","max-image-preview":"max-image-preview:large","max-video-preview":"max-video-preview:-1"},"canonical":"https:\/\/radis.ee\/fr\/etagere-crane\/","og_locale":"fr_FR","og_type":"article","og_title":"Etag\u00e8re CRANE - Radis","og_description":"Tel un appareil multifonctionnel, l&rsquo;\u00e9tag\u00e8re CRANE est \u00e0 la fois fine et robuste, et parfaitement adapt\u00e9e \u00e0 vos besoins. Sa structure m\u00e9tallique est solide sans \u00eatre encombrante. Les \u00e9tag\u00e8res CRANE, plaqu\u00e9es ch\u00eane, pr\u00e9sentent des angles arrondis et \u00e9l\u00e9gants, et leurs tablettes r\u00e9glables offrent une grande flexibilit\u00e9 d&rsquo;utilisation, s&rsquo;adaptant ainsi parfaitement \u00e0 vos envies. Gr\u00e2ce \u00e0...","og_url":"https:\/\/radis.ee\/fr\/etagere-crane\/","og_site_name":"Radis","article_publisher":"https:\/\/www.facebook.com\/radisfurniture\/","article_modified_time":"2026-03-18T17:39:04+00:00","og_image":[{"width":853,"height":1016,"url":"https:\/\/radis.ee\/wp-content\/uploads\/2023\/06\/Radis_Furniture_shelf_CRANE_M_with_desks_and_boxes_oak_veneeered_plywood_white_background.jpg","type":"image\/jpeg"}],"twitter_card":"summary_large_image","twitter_misc":{"Dur\u00e9e de lecture estim\u00e9e":"2 minutes"},"schema":{"@context":"https:\/\/schema.org","@graph":[{"@type":"WebPage","@id":"https:\/\/radis.ee\/fr\/etagere-crane\/","url":"https:\/\/radis.ee\/fr\/etagere-crane\/","name":"Etag\u00e8re CRANE - Radis","isPartOf":{"@id":"https:\/\/radis.ee\/#website"},"primaryImageOfPage":{"@id":"https:\/\/radis.ee\/fr\/etagere-crane\/#primaryimage"},"image":{"@id":"https:\/\/radis.ee\/fr\/etagere-crane\/#primaryimage"},"thumbnailUrl":"https:\/\/radis.ee\/wp-content\/uploads\/2023\/06\/Radis_Furniture_shelf_CRANE_M_with_desks_and_boxes_oak_veneeered_plywood_white_background.jpg","datePublished":"2023-06-28T20:04:04+00:00","dateModified":"2026-03-18T17:39:04+00:00","breadcrumb":{"@id":"https:\/\/radis.ee\/fr\/etagere-crane\/#breadcrumb"},"inLanguage":"fr-FR","potentialAction":[{"@type":"ReadAction","target":["https:\/\/radis.ee\/fr\/etagere-crane\/"]}]},{"@type":"ImageObject","inLanguage":"fr-FR","@id":"https:\/\/radis.ee\/fr\/etagere-crane\/#primaryimage","url":"https:\/\/radis.ee\/wp-content\/uploads\/2023\/06\/Radis_Furniture_shelf_CRANE_M_with_desks_and_boxes_oak_veneeered_plywood_white_background.jpg","contentUrl":"https:\/\/radis.ee\/wp-content\/uploads\/2023\/06\/Radis_Furniture_shelf_CRANE_M_with_desks_and_boxes_oak_veneeered_plywood_white_background.jpg","width":853,"height":1016,"caption":"RADIS shelf CRANE M oak veneered with 3 boxes and 2 desks"},{"@type":"BreadcrumbList","@id":"https:\/\/radis.ee\/fr\/etagere-crane\/#breadcrumb","itemListElement":[{"@type":"ListItem","position":1,"name":"Home","item":"https:\/\/radis.ee\/"},{"@type":"ListItem","position":2,"name":"Magasin","item":"https:\/\/radis.ee\/fr\/magasin\/"},{"@type":"ListItem","position":3,"name":"Etag\u00e8re CRANE"}]},{"@type":"WebSite","@id":"https:\/\/radis.ee\/#website","url":"https:\/\/radis.ee\/","name":"Radis","description":"Nordic design furniture, environmentally friendly and sustainable.","publisher":{"@id":"https:\/\/radis.ee\/#organization"},"potentialAction":[{"@type":"SearchAction","target":{"@type":"EntryPoint","urlTemplate":"https:\/\/radis.ee\/?s={search_term_string}"},"query-input":{"@type":"PropertyValueSpecification","valueRequired":true,"valueName":"search_term_string"}}],"inLanguage":"fr-FR"},{"@type":"Organization","@id":"https:\/\/radis.ee\/#organization","name":"Radis O\u00dc","url":"https:\/\/radis.ee\/","logo":{"@type":"ImageObject","inLanguage":"fr-FR","@id":"https:\/\/radis.ee\/#\/schema\/logo\/image\/","url":"https:\/\/radis.ee\/wp-content\/uploads\/2020\/10\/Radis-logo.png","contentUrl":"https:\/\/radis.ee\/wp-content\/uploads\/2020\/10\/Radis-logo.png","width":300,"height":63,"caption":"Radis O\u00dc"},"image":{"@id":"https:\/\/radis.ee\/#\/schema\/logo\/image\/"},"sameAs":["https:\/\/www.facebook.com\/radisfurniture\/"]}]}},"_links":{"self":[{"href":"https:\/\/radis.ee\/fr\/wp-json\/wp\/v2\/product\/21768","targetHints":{"allow":["GET"]}}],"collection":[{"href":"https:\/\/radis.ee\/fr\/wp-json\/wp\/v2\/product"}],"about":[{"href":"https:\/\/radis.ee\/fr\/wp-json\/wp\/v2\/types\/product"}],"replies":[{"embeddable":true,"href":"https:\/\/radis.ee\/fr\/wp-json\/wp\/v2\/comments?post=21768"}],"wp:featuredmedia":[{"embeddable":true,"href":"https:\/\/radis.ee\/fr\/wp-json\/wp\/v2\/media\/24262"}],"wp:attachment":[{"href":"https:\/\/radis.ee\/fr\/wp-json\/wp\/v2\/media?parent=21768"}],"wp:term":[{"taxonomy":"product_brand","embeddable":true,"href":"https:\/\/radis.ee\/fr\/wp-json\/wp\/v2\/product_brand?post=21768"},{"taxonomy":"product_cat","embeddable":true,"href":"https:\/\/radis.ee\/fr\/wp-json\/wp\/v2\/product_cat?post=21768"},{"taxonomy":"product_tag","embeddable":true,"href":"https:\/\/radis.ee\/fr\/wp-json\/wp\/v2\/product_tag?post=21768"}],"curies":[{"name":"wp","href":"https:\/\/api.w.org\/{rel}","templated":true}]}}