{"id":24309,"date":"2020-08-08T16:42:26","date_gmt":"2023-10-18T13:42:46","guid":{"rendered":"https:\/\/radis.ee\/?post_type=product&#038;p=24309"},"modified":"2024-06-05T15:52:01","modified_gmt":"2024-06-05T12:52:01","slug":"armoire-huh-avec-une-etagere-et-un-niveau-supplementaire","status":"publish","type":"product","link":"https:\/\/radis.ee\/fr\/armoire-huh-avec-une-etagere-et-un-niveau-supplementaire\/","title":{"rendered":"Armoire HUH avec une \u00e9tag\u00e8re et un niveau suppl\u00e9mentaire"},"content":{"rendered":"<p>Cette armoire organise tous vos v\u00eatements, avec de l&rsquo;espace pour vos robes, vestes et manteaux, avec des tiroirs pour les sous-v\u00eatements, les chaussettes et les cravates.<\/p>\n<p>Dans le cas de l&rsquo;armoire \u00e0 deux portes, il y a une tringle \u00e0 v\u00eatements de 41 cm derri\u00e8re la porte gauche, dans celle \u00e0 trois portes il y a une tringle \u00e0 v\u00eatements de 86 cm de large \u00e0 une hauteur de 120 cm du bas de l&rsquo;armoire. Derri\u00e8re la porte de droite se trouvent 3 \u00e9tag\u00e8res interm\u00e9diaires \u00e0 hauteur variable et 2 tiroirs spacieux en dessous. Au niveau suppl\u00e9mentaire se trouvent \u00e9galement des \u00e9tag\u00e8res r\u00e9glables.<\/p>\n<p>Fabriqu\u00e9 en contreplaqu\u00e9 de bouleau, cir\u00e9 \u00e0 l&rsquo;huile ou HPL blanc Koskisen sur contreplaqu\u00e9. Charni\u00e8res de porte H\u00e4fele \u00e0 fermeture douce et rails de tiroir cach\u00e9s. Portes Koskisen HPL blanc sur contreplaqu\u00e9, barres m\u00e9talliques H\u00e4fele \u00e0 l&rsquo;int\u00e9rieur pour maintenir les longues portes droites. Un socle de 8 cm de hauteur qui s&rsquo;adapte bien \u00e0 toutes les plinthes.<\/p>\n<p>Sur le c\u00f4t\u00e9 droit de l&rsquo;armoire se trouve une \u00e9tag\u00e8re de 24 cm de profondeur, en HPL blanc. Si vous le souhaitez, l&rsquo;\u00e9tag\u00e8re peut \u00e9galement \u00eatre install\u00e9e sur le c\u00f4t\u00e9 gauche, veuillez nous le faire savoir dans les notes lors de la commande.<\/p>\n<p>La collection HUH a \u00e9t\u00e9 nomin\u00e9e pour le prix du design estonien Bruno 2014.<\/p>\n","protected":false},"excerpt":{"rendered":"<p><br data-mce-bogus=\"1\"><\/p>\n","protected":false},"featured_media":24400,"comment_status":"open","ping_status":"closed","template":"","meta":{"_acf_changed":false},"product_brand":[],"product_cat":[110],"product_tag":[],"class_list":{"0":"post-24309","1":"product","2":"type-product","3":"status-publish","4":"has-post-thumbnail","6":"product_cat-riidekapid","8":"first","9":"instock","10":"sale","11":"taxable","12":"shipping-taxable","13":"purchasable","14":"product-type-variable","15":"has-default-attributes"},"acf":[],"yoast_head":"<!-- This site is optimized with the Yoast SEO plugin v27.3 - https:\/\/yoast.com\/product\/yoast-seo-wordpress\/ -->\n<title>Armoire HUH avec une \u00e9tag\u00e8re et un niveau suppl\u00e9mentaire - Radis<\/title>\n<meta name=\"robots\" content=\"index, follow, max-snippet:-1, max-image-preview:large, max-video-preview:-1\" \/>\n<link rel=\"canonical\" href=\"https:\/\/radis.ee\/riidekapp-huh-riiuliga-lisakorrusega\/\" \/>\n<meta property=\"og:locale\" content=\"fr_FR\" \/>\n<meta property=\"og:type\" content=\"article\" \/>\n<meta property=\"og:title\" content=\"Armoire HUH avec une \u00e9tag\u00e8re et un niveau suppl\u00e9mentaire - Radis\" \/>\n<meta property=\"og:url\" content=\"https:\/\/radis.ee\/riidekapp-huh-riiuliga-lisakorrusega\/\" \/>\n<meta property=\"og:site_name\" content=\"Radis\" \/>\n<meta property=\"article:publisher\" content=\"https:\/\/www.facebook.com\/radisfurniture\/\" \/>\n<meta property=\"article:modified_time\" content=\"2024-06-05T12:52:01+00:00\" \/>\n<meta property=\"og:image\" content=\"https:\/\/radis.ee\/wp-content\/uploads\/2023\/10\/RADIS_wardrobe_HUH_3_doors_extra_level_vertical_handles_white_CPL_with_shelf_white_background.jpg\" \/>\n\t<meta property=\"og:image:width\" content=\"721\" \/>\n\t<meta property=\"og:image:height\" content=\"859\" \/>\n\t<meta property=\"og:image:type\" content=\"image\/jpeg\" \/>\n<meta name=\"twitter:card\" content=\"summary_large_image\" \/>\n<meta name=\"twitter:label1\" content=\"Dur\u00e9e de lecture estim\u00e9e\" \/>\n\t<meta name=\"twitter:data1\" content=\"1 minute\" \/>\n<script type=\"application\/ld+json\" class=\"yoast-schema-graph\">{\"@context\":\"https:\\\/\\\/schema.org\",\"@graph\":[{\"@type\":\"WebPage\",\"@id\":\"https:\\\/\\\/radis.ee\\\/riidekapp-huh-riiuliga-lisakorrusega\\\/\",\"url\":\"https:\\\/\\\/radis.ee\\\/riidekapp-huh-riiuliga-lisakorrusega\\\/\",\"name\":\"Armoire HUH avec une \u00e9tag\u00e8re et un niveau suppl\u00e9mentaire - Radis\",\"isPartOf\":{\"@id\":\"https:\\\/\\\/radis.ee\\\/#website\"},\"primaryImageOfPage\":{\"@id\":\"https:\\\/\\\/radis.ee\\\/riidekapp-huh-riiuliga-lisakorrusega\\\/#primaryimage\"},\"image\":{\"@id\":\"https:\\\/\\\/radis.ee\\\/riidekapp-huh-riiuliga-lisakorrusega\\\/#primaryimage\"},\"thumbnailUrl\":\"https:\\\/\\\/radis.ee\\\/wp-content\\\/uploads\\\/2023\\\/10\\\/RADIS_wardrobe_HUH_3_doors_extra_level_vertical_handles_white_CPL_with_shelf_white_background.jpg\",\"datePublished\":\"2023-10-18T13:42:46+00:00\",\"dateModified\":\"2024-06-05T12:52:01+00:00\",\"breadcrumb\":{\"@id\":\"https:\\\/\\\/radis.ee\\\/riidekapp-huh-riiuliga-lisakorrusega\\\/#breadcrumb\"},\"inLanguage\":\"fr-FR\",\"potentialAction\":[{\"@type\":\"ReadAction\",\"target\":[\"https:\\\/\\\/radis.ee\\\/riidekapp-huh-riiuliga-lisakorrusega\\\/\"]}]},{\"@type\":\"ImageObject\",\"inLanguage\":\"fr-FR\",\"@id\":\"https:\\\/\\\/radis.ee\\\/riidekapp-huh-riiuliga-lisakorrusega\\\/#primaryimage\",\"url\":\"https:\\\/\\\/radis.ee\\\/wp-content\\\/uploads\\\/2023\\\/10\\\/RADIS_wardrobe_HUH_3_doors_extra_level_vertical_handles_white_CPL_with_shelf_white_background.jpg\",\"contentUrl\":\"https:\\\/\\\/radis.ee\\\/wp-content\\\/uploads\\\/2023\\\/10\\\/RADIS_wardrobe_HUH_3_doors_extra_level_vertical_handles_white_CPL_with_shelf_white_background.jpg\",\"width\":721,\"height\":859,\"caption\":\"RADIS wardrobe HUH with shelf\"},{\"@type\":\"BreadcrumbList\",\"@id\":\"https:\\\/\\\/radis.ee\\\/riidekapp-huh-riiuliga-lisakorrusega\\\/#breadcrumb\",\"itemListElement\":[{\"@type\":\"ListItem\",\"position\":1,\"name\":\"Home\",\"item\":\"https:\\\/\\\/radis.ee\\\/\"},{\"@type\":\"ListItem\",\"position\":2,\"name\":\"Magasin\",\"item\":\"https:\\\/\\\/radis.ee\\\/fr\\\/magasin\\\/\"},{\"@type\":\"ListItem\",\"position\":3,\"name\":\"Armoire HUH avec une \u00e9tag\u00e8re et un niveau suppl\u00e9mentaire\"}]},{\"@type\":\"WebSite\",\"@id\":\"https:\\\/\\\/radis.ee\\\/#website\",\"url\":\"https:\\\/\\\/radis.ee\\\/\",\"name\":\"Radis\",\"description\":\"Nordic design furniture, environmentally friendly and sustainable.\",\"publisher\":{\"@id\":\"https:\\\/\\\/radis.ee\\\/#organization\"},\"potentialAction\":[{\"@type\":\"SearchAction\",\"target\":{\"@type\":\"EntryPoint\",\"urlTemplate\":\"https:\\\/\\\/radis.ee\\\/?s={search_term_string}\"},\"query-input\":{\"@type\":\"PropertyValueSpecification\",\"valueRequired\":true,\"valueName\":\"search_term_string\"}}],\"inLanguage\":\"fr-FR\"},{\"@type\":\"Organization\",\"@id\":\"https:\\\/\\\/radis.ee\\\/#organization\",\"name\":\"Radis O\u00dc\",\"url\":\"https:\\\/\\\/radis.ee\\\/\",\"logo\":{\"@type\":\"ImageObject\",\"inLanguage\":\"fr-FR\",\"@id\":\"https:\\\/\\\/radis.ee\\\/#\\\/schema\\\/logo\\\/image\\\/\",\"url\":\"https:\\\/\\\/radis.ee\\\/wp-content\\\/uploads\\\/2020\\\/10\\\/Radis-logo.png\",\"contentUrl\":\"https:\\\/\\\/radis.ee\\\/wp-content\\\/uploads\\\/2020\\\/10\\\/Radis-logo.png\",\"width\":300,\"height\":63,\"caption\":\"Radis O\u00dc\"},\"image\":{\"@id\":\"https:\\\/\\\/radis.ee\\\/#\\\/schema\\\/logo\\\/image\\\/\"},\"sameAs\":[\"https:\\\/\\\/www.facebook.com\\\/radisfurniture\\\/\"]}]}<\/script>\n<!-- \/ Yoast SEO plugin. -->","yoast_head_json":{"title":"Armoire HUH avec une \u00e9tag\u00e8re et un niveau suppl\u00e9mentaire - Radis","robots":{"index":"index","follow":"follow","max-snippet":"max-snippet:-1","max-image-preview":"max-image-preview:large","max-video-preview":"max-video-preview:-1"},"canonical":"https:\/\/radis.ee\/riidekapp-huh-riiuliga-lisakorrusega\/","og_locale":"fr_FR","og_type":"article","og_title":"Armoire HUH avec une \u00e9tag\u00e8re et un niveau suppl\u00e9mentaire - Radis","og_url":"https:\/\/radis.ee\/riidekapp-huh-riiuliga-lisakorrusega\/","og_site_name":"Radis","article_publisher":"https:\/\/www.facebook.com\/radisfurniture\/","article_modified_time":"2024-06-05T12:52:01+00:00","og_image":[{"width":721,"height":859,"url":"https:\/\/radis.ee\/wp-content\/uploads\/2023\/10\/RADIS_wardrobe_HUH_3_doors_extra_level_vertical_handles_white_CPL_with_shelf_white_background.jpg","type":"image\/jpeg"}],"twitter_card":"summary_large_image","twitter_misc":{"Dur\u00e9e de lecture estim\u00e9e":"1 minute"},"schema":{"@context":"https:\/\/schema.org","@graph":[{"@type":"WebPage","@id":"https:\/\/radis.ee\/riidekapp-huh-riiuliga-lisakorrusega\/","url":"https:\/\/radis.ee\/riidekapp-huh-riiuliga-lisakorrusega\/","name":"Armoire HUH avec une \u00e9tag\u00e8re et un niveau suppl\u00e9mentaire - Radis","isPartOf":{"@id":"https:\/\/radis.ee\/#website"},"primaryImageOfPage":{"@id":"https:\/\/radis.ee\/riidekapp-huh-riiuliga-lisakorrusega\/#primaryimage"},"image":{"@id":"https:\/\/radis.ee\/riidekapp-huh-riiuliga-lisakorrusega\/#primaryimage"},"thumbnailUrl":"https:\/\/radis.ee\/wp-content\/uploads\/2023\/10\/RADIS_wardrobe_HUH_3_doors_extra_level_vertical_handles_white_CPL_with_shelf_white_background.jpg","datePublished":"2023-10-18T13:42:46+00:00","dateModified":"2024-06-05T12:52:01+00:00","breadcrumb":{"@id":"https:\/\/radis.ee\/riidekapp-huh-riiuliga-lisakorrusega\/#breadcrumb"},"inLanguage":"fr-FR","potentialAction":[{"@type":"ReadAction","target":["https:\/\/radis.ee\/riidekapp-huh-riiuliga-lisakorrusega\/"]}]},{"@type":"ImageObject","inLanguage":"fr-FR","@id":"https:\/\/radis.ee\/riidekapp-huh-riiuliga-lisakorrusega\/#primaryimage","url":"https:\/\/radis.ee\/wp-content\/uploads\/2023\/10\/RADIS_wardrobe_HUH_3_doors_extra_level_vertical_handles_white_CPL_with_shelf_white_background.jpg","contentUrl":"https:\/\/radis.ee\/wp-content\/uploads\/2023\/10\/RADIS_wardrobe_HUH_3_doors_extra_level_vertical_handles_white_CPL_with_shelf_white_background.jpg","width":721,"height":859,"caption":"RADIS wardrobe HUH with shelf"},{"@type":"BreadcrumbList","@id":"https:\/\/radis.ee\/riidekapp-huh-riiuliga-lisakorrusega\/#breadcrumb","itemListElement":[{"@type":"ListItem","position":1,"name":"Home","item":"https:\/\/radis.ee\/"},{"@type":"ListItem","position":2,"name":"Magasin","item":"https:\/\/radis.ee\/fr\/magasin\/"},{"@type":"ListItem","position":3,"name":"Armoire HUH avec une \u00e9tag\u00e8re et un niveau suppl\u00e9mentaire"}]},{"@type":"WebSite","@id":"https:\/\/radis.ee\/#website","url":"https:\/\/radis.ee\/","name":"Radis","description":"Nordic design furniture, environmentally friendly and sustainable.","publisher":{"@id":"https:\/\/radis.ee\/#organization"},"potentialAction":[{"@type":"SearchAction","target":{"@type":"EntryPoint","urlTemplate":"https:\/\/radis.ee\/?s={search_term_string}"},"query-input":{"@type":"PropertyValueSpecification","valueRequired":true,"valueName":"search_term_string"}}],"inLanguage":"fr-FR"},{"@type":"Organization","@id":"https:\/\/radis.ee\/#organization","name":"Radis O\u00dc","url":"https:\/\/radis.ee\/","logo":{"@type":"ImageObject","inLanguage":"fr-FR","@id":"https:\/\/radis.ee\/#\/schema\/logo\/image\/","url":"https:\/\/radis.ee\/wp-content\/uploads\/2020\/10\/Radis-logo.png","contentUrl":"https:\/\/radis.ee\/wp-content\/uploads\/2020\/10\/Radis-logo.png","width":300,"height":63,"caption":"Radis O\u00dc"},"image":{"@id":"https:\/\/radis.ee\/#\/schema\/logo\/image\/"},"sameAs":["https:\/\/www.facebook.com\/radisfurniture\/"]}]}},"_links":{"self":[{"href":"https:\/\/radis.ee\/fr\/wp-json\/wp\/v2\/product\/24309","targetHints":{"allow":["GET"]}}],"collection":[{"href":"https:\/\/radis.ee\/fr\/wp-json\/wp\/v2\/product"}],"about":[{"href":"https:\/\/radis.ee\/fr\/wp-json\/wp\/v2\/types\/product"}],"replies":[{"embeddable":true,"href":"https:\/\/radis.ee\/fr\/wp-json\/wp\/v2\/comments?post=24309"}],"wp:featuredmedia":[{"embeddable":true,"href":"https:\/\/radis.ee\/fr\/wp-json\/wp\/v2\/media\/24400"}],"wp:attachment":[{"href":"https:\/\/radis.ee\/fr\/wp-json\/wp\/v2\/media?parent=24309"}],"wp:term":[{"taxonomy":"product_brand","embeddable":true,"href":"https:\/\/radis.ee\/fr\/wp-json\/wp\/v2\/product_brand?post=24309"},{"taxonomy":"product_cat","embeddable":true,"href":"https:\/\/radis.ee\/fr\/wp-json\/wp\/v2\/product_cat?post=24309"},{"taxonomy":"product_tag","embeddable":true,"href":"https:\/\/radis.ee\/fr\/wp-json\/wp\/v2\/product_tag?post=24309"}],"curies":[{"name":"wp","href":"https:\/\/api.w.org\/{rel}","templated":true}]}}