{"id":24712,"date":"2023-11-28T11:47:09","date_gmt":"2023-11-28T09:47:36","guid":{"rendered":"https:\/\/radis.ee\/?post_type=product&#038;p=24712"},"modified":"2025-01-24T19:16:42","modified_gmt":"2025-01-24T17:16:42","slug":"buffet-noble-avec-1-porte-et-3-tiroirs","status":"publish","type":"product","link":"https:\/\/radis.ee\/fr\/buffet-noble-avec-1-porte-et-3-tiroirs\/","title":{"rendered":"Buffet NOBLE avec 1 porte et 3 tiroirs"},"content":{"rendered":"<p>Les tiroirs sont le nouveau noir ! Vous n\u2019imaginerez pas comment vous avez v\u00e9cu sans un appareil tant que vous n\u2019aurez pas essay\u00e9 ce que signifie vivre avec un. Le tiroir de la s\u00e9rie Noble permettra de tout ranger et de d\u00e9sencombrer votre maison en toute simplicit\u00e9. En m\u00eame temps, il est \u00e9l\u00e9gant et am\u00e9liore l&rsquo;esth\u00e9tique visuelle de votre maison.<\/p>\n<p>Comme les autres produits de la s\u00e9rie Noble, il est fabriqu\u00e9 en placage de ch\u00eane ou en contreplaqu\u00e9 de bouleau et poss\u00e8de une porte coulissante silencieuse. Qu&rsquo;y a-t-il \u00e0 ne pas aimer dans le tiroir Noble ?<\/p>\n<p>A gauche des tiroirs, derri\u00e8re la porte coulissante, se trouve une \u00e9tag\u00e8re interm\u00e9diaire r\u00e9glable en hauteur, largeur 64 cm, profondeur 36 cm. Hauteur int\u00e9rieure 41 cm. Tiroirs cach\u00e9s \u00e0 fermeture douce, porte coulissante sur roulettes H\u00e4fele. Pieds r\u00e9glables en m\u00e9tal avec rev\u00eatement en poudre noire d&rsquo;une hauteur de 17 cm.<\/p>\n<p>La s\u00e9rie NOBLE a atteint le deuxi\u00e8me tour du Prix estonien du design Bruno 2020.<\/p>\n","protected":false},"excerpt":{"rendered":"<p>Les tiroirs sont le nouveau noir ! Vous n\u2019imaginerez pas comment vous avez v\u00e9cu sans un appareil tant que vous n\u2019aurez pas essay\u00e9 ce que signifie vivre avec un. Le tiroir de la s\u00e9rie Noble permettra de tout ranger et de d\u00e9sencombrer votre maison en toute simplicit\u00e9. En m\u00eame temps, il est \u00e9l\u00e9gant et am\u00e9liore&#8230;<\/p>\n","protected":false},"featured_media":24738,"comment_status":"open","ping_status":"closed","template":"","meta":{"_acf_changed":false},"product_brand":[],"product_cat":[17],"product_tag":[],"class_list":{"0":"post-24712","1":"product","2":"type-product","3":"status-publish","4":"has-post-thumbnail","6":"product_cat-kummutid","8":"first","9":"instock","10":"taxable","11":"shipping-taxable","12":"purchasable","13":"product-type-variable","14":"has-default-attributes"},"acf":[],"yoast_head":"<!-- This site is optimized with the Yoast SEO plugin v27.3 - https:\/\/yoast.com\/product\/yoast-seo-wordpress\/ -->\n<title>Buffet NOBLE avec 1 porte et 3 tiroirs - Radis<\/title>\n<meta name=\"robots\" content=\"index, follow, max-snippet:-1, max-image-preview:large, max-video-preview:-1\" \/>\n<link rel=\"canonical\" href=\"https:\/\/radis.ee\/kummut-noble-1-ukse-ja-3-sahtliga\/\" \/>\n<meta property=\"og:locale\" content=\"fr_FR\" \/>\n<meta property=\"og:type\" content=\"article\" \/>\n<meta property=\"og:title\" content=\"Buffet NOBLE avec 1 porte et 3 tiroirs - Radis\" \/>\n<meta property=\"og:description\" content=\"Les tiroirs sont le nouveau noir ! Vous n\u2019imaginerez pas comment vous avez v\u00e9cu sans un appareil tant que vous n\u2019aurez pas essay\u00e9 ce que signifie vivre avec un. Le tiroir de la s\u00e9rie Noble permettra de tout ranger et de d\u00e9sencombrer votre maison en toute simplicit\u00e9. En m\u00eame temps, il est \u00e9l\u00e9gant et am\u00e9liore...\" \/>\n<meta property=\"og:url\" content=\"https:\/\/radis.ee\/kummut-noble-1-ukse-ja-3-sahtliga\/\" \/>\n<meta property=\"og:site_name\" content=\"Radis\" \/>\n<meta property=\"article:publisher\" content=\"https:\/\/www.facebook.com\/radisfurniture\/\" \/>\n<meta property=\"article:modified_time\" content=\"2025-01-24T17:16:42+00:00\" \/>\n<meta property=\"og:image\" content=\"https:\/\/radis.ee\/wp-content\/uploads\/2023\/11\/RADIS_sideboard_NOBLE_with_1_door_Oak_veneered_plywood_white_background.jpg\" \/>\n\t<meta property=\"og:image:width\" content=\"1658\" \/>\n\t<meta property=\"og:image:height\" content=\"1997\" \/>\n\t<meta property=\"og:image:type\" content=\"image\/jpeg\" \/>\n<meta name=\"twitter:card\" content=\"summary_large_image\" \/>\n<meta name=\"twitter:label1\" content=\"Dur\u00e9e de lecture estim\u00e9e\" \/>\n\t<meta name=\"twitter:data1\" content=\"1 minute\" \/>\n<script type=\"application\/ld+json\" class=\"yoast-schema-graph\">{\"@context\":\"https:\\\/\\\/schema.org\",\"@graph\":[{\"@type\":\"WebPage\",\"@id\":\"https:\\\/\\\/radis.ee\\\/kummut-noble-1-ukse-ja-3-sahtliga\\\/\",\"url\":\"https:\\\/\\\/radis.ee\\\/kummut-noble-1-ukse-ja-3-sahtliga\\\/\",\"name\":\"Buffet NOBLE avec 1 porte et 3 tiroirs - Radis\",\"isPartOf\":{\"@id\":\"https:\\\/\\\/radis.ee\\\/#website\"},\"primaryImageOfPage\":{\"@id\":\"https:\\\/\\\/radis.ee\\\/kummut-noble-1-ukse-ja-3-sahtliga\\\/#primaryimage\"},\"image\":{\"@id\":\"https:\\\/\\\/radis.ee\\\/kummut-noble-1-ukse-ja-3-sahtliga\\\/#primaryimage\"},\"thumbnailUrl\":\"https:\\\/\\\/radis.ee\\\/wp-content\\\/uploads\\\/2023\\\/11\\\/RADIS_sideboard_NOBLE_with_1_door_Oak_veneered_plywood_white_background.jpg\",\"datePublished\":\"2023-11-28T09:47:36+00:00\",\"dateModified\":\"2025-01-24T17:16:42+00:00\",\"breadcrumb\":{\"@id\":\"https:\\\/\\\/radis.ee\\\/kummut-noble-1-ukse-ja-3-sahtliga\\\/#breadcrumb\"},\"inLanguage\":\"fr-FR\",\"potentialAction\":[{\"@type\":\"ReadAction\",\"target\":[\"https:\\\/\\\/radis.ee\\\/kummut-noble-1-ukse-ja-3-sahtliga\\\/\"]}]},{\"@type\":\"ImageObject\",\"inLanguage\":\"fr-FR\",\"@id\":\"https:\\\/\\\/radis.ee\\\/kummut-noble-1-ukse-ja-3-sahtliga\\\/#primaryimage\",\"url\":\"https:\\\/\\\/radis.ee\\\/wp-content\\\/uploads\\\/2023\\\/11\\\/RADIS_sideboard_NOBLE_with_1_door_Oak_veneered_plywood_white_background.jpg\",\"contentUrl\":\"https:\\\/\\\/radis.ee\\\/wp-content\\\/uploads\\\/2023\\\/11\\\/RADIS_sideboard_NOBLE_with_1_door_Oak_veneered_plywood_white_background.jpg\",\"width\":1658,\"height\":1997,\"caption\":\"Radis sideboard NOBLE with 1 door and 3 drawers\"},{\"@type\":\"BreadcrumbList\",\"@id\":\"https:\\\/\\\/radis.ee\\\/kummut-noble-1-ukse-ja-3-sahtliga\\\/#breadcrumb\",\"itemListElement\":[{\"@type\":\"ListItem\",\"position\":1,\"name\":\"Home\",\"item\":\"https:\\\/\\\/radis.ee\\\/\"},{\"@type\":\"ListItem\",\"position\":2,\"name\":\"Magasin\",\"item\":\"https:\\\/\\\/radis.ee\\\/fr\\\/magasin\\\/\"},{\"@type\":\"ListItem\",\"position\":3,\"name\":\"Buffet NOBLE avec 1 porte et 3 tiroirs\"}]},{\"@type\":\"WebSite\",\"@id\":\"https:\\\/\\\/radis.ee\\\/#website\",\"url\":\"https:\\\/\\\/radis.ee\\\/\",\"name\":\"Radis\",\"description\":\"Nordic design furniture, environmentally friendly and sustainable.\",\"publisher\":{\"@id\":\"https:\\\/\\\/radis.ee\\\/#organization\"},\"potentialAction\":[{\"@type\":\"SearchAction\",\"target\":{\"@type\":\"EntryPoint\",\"urlTemplate\":\"https:\\\/\\\/radis.ee\\\/?s={search_term_string}\"},\"query-input\":{\"@type\":\"PropertyValueSpecification\",\"valueRequired\":true,\"valueName\":\"search_term_string\"}}],\"inLanguage\":\"fr-FR\"},{\"@type\":\"Organization\",\"@id\":\"https:\\\/\\\/radis.ee\\\/#organization\",\"name\":\"Radis O\u00dc\",\"url\":\"https:\\\/\\\/radis.ee\\\/\",\"logo\":{\"@type\":\"ImageObject\",\"inLanguage\":\"fr-FR\",\"@id\":\"https:\\\/\\\/radis.ee\\\/#\\\/schema\\\/logo\\\/image\\\/\",\"url\":\"https:\\\/\\\/radis.ee\\\/wp-content\\\/uploads\\\/2020\\\/10\\\/Radis-logo.png\",\"contentUrl\":\"https:\\\/\\\/radis.ee\\\/wp-content\\\/uploads\\\/2020\\\/10\\\/Radis-logo.png\",\"width\":300,\"height\":63,\"caption\":\"Radis O\u00dc\"},\"image\":{\"@id\":\"https:\\\/\\\/radis.ee\\\/#\\\/schema\\\/logo\\\/image\\\/\"},\"sameAs\":[\"https:\\\/\\\/www.facebook.com\\\/radisfurniture\\\/\"]}]}<\/script>\n<!-- \/ Yoast SEO plugin. -->","yoast_head_json":{"title":"Buffet NOBLE avec 1 porte et 3 tiroirs - Radis","robots":{"index":"index","follow":"follow","max-snippet":"max-snippet:-1","max-image-preview":"max-image-preview:large","max-video-preview":"max-video-preview:-1"},"canonical":"https:\/\/radis.ee\/kummut-noble-1-ukse-ja-3-sahtliga\/","og_locale":"fr_FR","og_type":"article","og_title":"Buffet NOBLE avec 1 porte et 3 tiroirs - Radis","og_description":"Les tiroirs sont le nouveau noir ! Vous n\u2019imaginerez pas comment vous avez v\u00e9cu sans un appareil tant que vous n\u2019aurez pas essay\u00e9 ce que signifie vivre avec un. Le tiroir de la s\u00e9rie Noble permettra de tout ranger et de d\u00e9sencombrer votre maison en toute simplicit\u00e9. En m\u00eame temps, il est \u00e9l\u00e9gant et am\u00e9liore...","og_url":"https:\/\/radis.ee\/kummut-noble-1-ukse-ja-3-sahtliga\/","og_site_name":"Radis","article_publisher":"https:\/\/www.facebook.com\/radisfurniture\/","article_modified_time":"2025-01-24T17:16:42+00:00","og_image":[{"width":1658,"height":1997,"url":"https:\/\/radis.ee\/wp-content\/uploads\/2023\/11\/RADIS_sideboard_NOBLE_with_1_door_Oak_veneered_plywood_white_background.jpg","type":"image\/jpeg"}],"twitter_card":"summary_large_image","twitter_misc":{"Dur\u00e9e de lecture estim\u00e9e":"1 minute"},"schema":{"@context":"https:\/\/schema.org","@graph":[{"@type":"WebPage","@id":"https:\/\/radis.ee\/kummut-noble-1-ukse-ja-3-sahtliga\/","url":"https:\/\/radis.ee\/kummut-noble-1-ukse-ja-3-sahtliga\/","name":"Buffet NOBLE avec 1 porte et 3 tiroirs - Radis","isPartOf":{"@id":"https:\/\/radis.ee\/#website"},"primaryImageOfPage":{"@id":"https:\/\/radis.ee\/kummut-noble-1-ukse-ja-3-sahtliga\/#primaryimage"},"image":{"@id":"https:\/\/radis.ee\/kummut-noble-1-ukse-ja-3-sahtliga\/#primaryimage"},"thumbnailUrl":"https:\/\/radis.ee\/wp-content\/uploads\/2023\/11\/RADIS_sideboard_NOBLE_with_1_door_Oak_veneered_plywood_white_background.jpg","datePublished":"2023-11-28T09:47:36+00:00","dateModified":"2025-01-24T17:16:42+00:00","breadcrumb":{"@id":"https:\/\/radis.ee\/kummut-noble-1-ukse-ja-3-sahtliga\/#breadcrumb"},"inLanguage":"fr-FR","potentialAction":[{"@type":"ReadAction","target":["https:\/\/radis.ee\/kummut-noble-1-ukse-ja-3-sahtliga\/"]}]},{"@type":"ImageObject","inLanguage":"fr-FR","@id":"https:\/\/radis.ee\/kummut-noble-1-ukse-ja-3-sahtliga\/#primaryimage","url":"https:\/\/radis.ee\/wp-content\/uploads\/2023\/11\/RADIS_sideboard_NOBLE_with_1_door_Oak_veneered_plywood_white_background.jpg","contentUrl":"https:\/\/radis.ee\/wp-content\/uploads\/2023\/11\/RADIS_sideboard_NOBLE_with_1_door_Oak_veneered_plywood_white_background.jpg","width":1658,"height":1997,"caption":"Radis sideboard NOBLE with 1 door and 3 drawers"},{"@type":"BreadcrumbList","@id":"https:\/\/radis.ee\/kummut-noble-1-ukse-ja-3-sahtliga\/#breadcrumb","itemListElement":[{"@type":"ListItem","position":1,"name":"Home","item":"https:\/\/radis.ee\/"},{"@type":"ListItem","position":2,"name":"Magasin","item":"https:\/\/radis.ee\/fr\/magasin\/"},{"@type":"ListItem","position":3,"name":"Buffet NOBLE avec 1 porte et 3 tiroirs"}]},{"@type":"WebSite","@id":"https:\/\/radis.ee\/#website","url":"https:\/\/radis.ee\/","name":"Radis","description":"Nordic design furniture, environmentally friendly and sustainable.","publisher":{"@id":"https:\/\/radis.ee\/#organization"},"potentialAction":[{"@type":"SearchAction","target":{"@type":"EntryPoint","urlTemplate":"https:\/\/radis.ee\/?s={search_term_string}"},"query-input":{"@type":"PropertyValueSpecification","valueRequired":true,"valueName":"search_term_string"}}],"inLanguage":"fr-FR"},{"@type":"Organization","@id":"https:\/\/radis.ee\/#organization","name":"Radis O\u00dc","url":"https:\/\/radis.ee\/","logo":{"@type":"ImageObject","inLanguage":"fr-FR","@id":"https:\/\/radis.ee\/#\/schema\/logo\/image\/","url":"https:\/\/radis.ee\/wp-content\/uploads\/2020\/10\/Radis-logo.png","contentUrl":"https:\/\/radis.ee\/wp-content\/uploads\/2020\/10\/Radis-logo.png","width":300,"height":63,"caption":"Radis O\u00dc"},"image":{"@id":"https:\/\/radis.ee\/#\/schema\/logo\/image\/"},"sameAs":["https:\/\/www.facebook.com\/radisfurniture\/"]}]}},"_links":{"self":[{"href":"https:\/\/radis.ee\/fr\/wp-json\/wp\/v2\/product\/24712","targetHints":{"allow":["GET"]}}],"collection":[{"href":"https:\/\/radis.ee\/fr\/wp-json\/wp\/v2\/product"}],"about":[{"href":"https:\/\/radis.ee\/fr\/wp-json\/wp\/v2\/types\/product"}],"replies":[{"embeddable":true,"href":"https:\/\/radis.ee\/fr\/wp-json\/wp\/v2\/comments?post=24712"}],"wp:featuredmedia":[{"embeddable":true,"href":"https:\/\/radis.ee\/fr\/wp-json\/wp\/v2\/media\/24738"}],"wp:attachment":[{"href":"https:\/\/radis.ee\/fr\/wp-json\/wp\/v2\/media?parent=24712"}],"wp:term":[{"taxonomy":"product_brand","embeddable":true,"href":"https:\/\/radis.ee\/fr\/wp-json\/wp\/v2\/product_brand?post=24712"},{"taxonomy":"product_cat","embeddable":true,"href":"https:\/\/radis.ee\/fr\/wp-json\/wp\/v2\/product_cat?post=24712"},{"taxonomy":"product_tag","embeddable":true,"href":"https:\/\/radis.ee\/fr\/wp-json\/wp\/v2\/product_tag?post=24712"}],"curies":[{"name":"wp","href":"https:\/\/api.w.org\/{rel}","templated":true}]}}