{"id":25262,"date":"2022-08-22T23:48:32","date_gmt":"2022-08-22T20:48:32","guid":{"rendered":"https:\/\/radis.ee\/?post_type=product&#038;p=25262"},"modified":"2026-04-06T21:40:43","modified_gmt":"2026-04-06T18:40:43","slug":"table-basse-avec-etagere-supplementaire-noble","status":"publish","type":"product","link":"https:\/\/radis.ee\/fr\/table-basse-avec-etagere-supplementaire-noble\/","title":{"rendered":"Table basse avec \u00e9tag\u00e8re suppl\u00e9mentaire NOBLE"},"content":{"rendered":"<p>Une table basse de forme l\u00e9g\u00e8rement ovale avec une \u00e9tag\u00e8re suppl\u00e9mentaire est un compagnon passionnant pour votre fauteuil ou votre canap\u00e9.<\/p>\n<p>Les dimensions de la table basse rectangulaire sont 64x92cm, hauteur 48cm. La distance entre l&rsquo;\u00e9tag\u00e8re suppl\u00e9mentaire et le plateau de table est de 10 cm, ce qui vous permet d&rsquo;y placer facilement une t\u00e9l\u00e9commande TV ou votre magazine pr\u00e9f\u00e9r\u00e9 cach\u00e9.<\/p>\n<p>Fabriqu\u00e9 en contreplaqu\u00e9 de bouleau avec placage de ch\u00eane, cir\u00e9 \u00e0 l&rsquo;huile, \u00e9galement avec stratifi\u00e9 haute pression (HPL) blanc, pieds en m\u00e9tal noir thermolaqu\u00e9.<\/p>\n","protected":false},"excerpt":{"rendered":"<p>Une table basse de forme l\u00e9g\u00e8rement ovale avec une \u00e9tag\u00e8re suppl\u00e9mentaire est un compagnon passionnant pour votre fauteuil ou votre canap\u00e9. Les dimensions de la table basse rectangulaire sont 64x92cm, hauteur 48cm. La distance entre l&rsquo;\u00e9tag\u00e8re suppl\u00e9mentaire et le plateau de table est de 10 cm, ce qui vous permet d&rsquo;y placer facilement une t\u00e9l\u00e9commande&#8230;<\/p>\n","protected":false},"featured_media":25295,"comment_status":"open","ping_status":"closed","template":"","meta":{"_acf_changed":false},"product_brand":[],"product_cat":[111],"product_tag":[],"class_list":{"0":"post-25262","1":"product","2":"type-product","3":"status-publish","4":"has-post-thumbnail","6":"product_cat-lauad","8":"first","9":"instock","10":"taxable","11":"shipping-taxable","12":"purchasable","13":"product-type-variable","14":"has-default-attributes"},"acf":[],"yoast_head":"<!-- This site is optimized with the Yoast SEO plugin v27.4 - https:\/\/yoast.com\/product\/yoast-seo-wordpress\/ -->\n<title>Table basse avec \u00e9tag\u00e8re suppl\u00e9mentaire NOBLE - Radis<\/title>\n<meta name=\"robots\" content=\"index, follow, max-snippet:-1, max-image-preview:large, max-video-preview:-1\" \/>\n<link rel=\"canonical\" href=\"https:\/\/radis.ee\/fr\/table-basse-avec-etagere-supplementaire-noble\/\" \/>\n<meta property=\"og:locale\" content=\"fr_FR\" \/>\n<meta property=\"og:type\" content=\"article\" \/>\n<meta property=\"og:title\" content=\"Table basse avec \u00e9tag\u00e8re suppl\u00e9mentaire NOBLE - Radis\" \/>\n<meta property=\"og:description\" content=\"Une table basse de forme l\u00e9g\u00e8rement ovale avec une \u00e9tag\u00e8re suppl\u00e9mentaire est un compagnon passionnant pour votre fauteuil ou votre canap\u00e9. Les dimensions de la table basse rectangulaire sont 64x92cm, hauteur 48cm. La distance entre l&rsquo;\u00e9tag\u00e8re suppl\u00e9mentaire et le plateau de table est de 10 cm, ce qui vous permet d&rsquo;y placer facilement une t\u00e9l\u00e9commande...\" \/>\n<meta property=\"og:url\" content=\"https:\/\/radis.ee\/fr\/table-basse-avec-etagere-supplementaire-noble\/\" \/>\n<meta property=\"og:site_name\" content=\"Radis\" \/>\n<meta property=\"article:publisher\" content=\"https:\/\/www.facebook.com\/radisfurniture\/\" \/>\n<meta property=\"article:modified_time\" content=\"2026-04-06T18:40:43+00:00\" \/>\n<meta property=\"og:image\" content=\"https:\/\/radis.ee\/wp-content\/uploads\/2024\/01\/Radis_sofatable_NOBLE_Oak_veneered_plywood_1_white.jpg\" \/>\n\t<meta property=\"og:image:width\" content=\"803\" \/>\n\t<meta property=\"og:image:height\" content=\"967\" \/>\n\t<meta property=\"og:image:type\" content=\"image\/jpeg\" \/>\n<meta name=\"twitter:card\" content=\"summary_large_image\" \/>\n<meta name=\"twitter:label1\" content=\"Dur\u00e9e de lecture estim\u00e9e\" \/>\n\t<meta name=\"twitter:data1\" content=\"1 minute\" \/>\n<script type=\"application\/ld+json\" class=\"yoast-schema-graph\">{\"@context\":\"https:\\\/\\\/schema.org\",\"@graph\":[{\"@type\":\"WebPage\",\"@id\":\"https:\\\/\\\/radis.ee\\\/fr\\\/table-basse-avec-etagere-supplementaire-noble\\\/\",\"url\":\"https:\\\/\\\/radis.ee\\\/fr\\\/table-basse-avec-etagere-supplementaire-noble\\\/\",\"name\":\"Table basse avec \u00e9tag\u00e8re suppl\u00e9mentaire NOBLE - Radis\",\"isPartOf\":{\"@id\":\"https:\\\/\\\/radis.ee\\\/#website\"},\"primaryImageOfPage\":{\"@id\":\"https:\\\/\\\/radis.ee\\\/fr\\\/table-basse-avec-etagere-supplementaire-noble\\\/#primaryimage\"},\"image\":{\"@id\":\"https:\\\/\\\/radis.ee\\\/fr\\\/table-basse-avec-etagere-supplementaire-noble\\\/#primaryimage\"},\"thumbnailUrl\":\"https:\\\/\\\/radis.ee\\\/wp-content\\\/uploads\\\/2024\\\/01\\\/Radis_sofatable_NOBLE_Oak_veneered_plywood_1_white.jpg\",\"datePublished\":\"2022-08-22T20:48:32+00:00\",\"dateModified\":\"2026-04-06T18:40:43+00:00\",\"breadcrumb\":{\"@id\":\"https:\\\/\\\/radis.ee\\\/fr\\\/table-basse-avec-etagere-supplementaire-noble\\\/#breadcrumb\"},\"inLanguage\":\"fr-FR\",\"potentialAction\":[{\"@type\":\"ReadAction\",\"target\":[\"https:\\\/\\\/radis.ee\\\/fr\\\/table-basse-avec-etagere-supplementaire-noble\\\/\"]}]},{\"@type\":\"ImageObject\",\"inLanguage\":\"fr-FR\",\"@id\":\"https:\\\/\\\/radis.ee\\\/fr\\\/table-basse-avec-etagere-supplementaire-noble\\\/#primaryimage\",\"url\":\"https:\\\/\\\/radis.ee\\\/wp-content\\\/uploads\\\/2024\\\/01\\\/Radis_sofatable_NOBLE_Oak_veneered_plywood_1_white.jpg\",\"contentUrl\":\"https:\\\/\\\/radis.ee\\\/wp-content\\\/uploads\\\/2024\\\/01\\\/Radis_sofatable_NOBLE_Oak_veneered_plywood_1_white.jpg\",\"width\":803,\"height\":967,\"caption\":\"Radis sofa table with additional shelf NOBLE oak veneered\"},{\"@type\":\"BreadcrumbList\",\"@id\":\"https:\\\/\\\/radis.ee\\\/fr\\\/table-basse-avec-etagere-supplementaire-noble\\\/#breadcrumb\",\"itemListElement\":[{\"@type\":\"ListItem\",\"position\":1,\"name\":\"Home\",\"item\":\"https:\\\/\\\/radis.ee\\\/\"},{\"@type\":\"ListItem\",\"position\":2,\"name\":\"Magasin\",\"item\":\"https:\\\/\\\/radis.ee\\\/fr\\\/magasin\\\/\"},{\"@type\":\"ListItem\",\"position\":3,\"name\":\"Table basse avec \u00e9tag\u00e8re suppl\u00e9mentaire NOBLE\"}]},{\"@type\":\"WebSite\",\"@id\":\"https:\\\/\\\/radis.ee\\\/#website\",\"url\":\"https:\\\/\\\/radis.ee\\\/\",\"name\":\"Radis\",\"description\":\"Nordic design furniture, environmentally friendly and sustainable.\",\"publisher\":{\"@id\":\"https:\\\/\\\/radis.ee\\\/#organization\"},\"potentialAction\":[{\"@type\":\"SearchAction\",\"target\":{\"@type\":\"EntryPoint\",\"urlTemplate\":\"https:\\\/\\\/radis.ee\\\/?s={search_term_string}\"},\"query-input\":{\"@type\":\"PropertyValueSpecification\",\"valueRequired\":true,\"valueName\":\"search_term_string\"}}],\"inLanguage\":\"fr-FR\"},{\"@type\":\"Organization\",\"@id\":\"https:\\\/\\\/radis.ee\\\/#organization\",\"name\":\"Radis O\u00dc\",\"url\":\"https:\\\/\\\/radis.ee\\\/\",\"logo\":{\"@type\":\"ImageObject\",\"inLanguage\":\"fr-FR\",\"@id\":\"https:\\\/\\\/radis.ee\\\/#\\\/schema\\\/logo\\\/image\\\/\",\"url\":\"https:\\\/\\\/radis.ee\\\/wp-content\\\/uploads\\\/2020\\\/10\\\/Radis-logo.png\",\"contentUrl\":\"https:\\\/\\\/radis.ee\\\/wp-content\\\/uploads\\\/2020\\\/10\\\/Radis-logo.png\",\"width\":300,\"height\":63,\"caption\":\"Radis O\u00dc\"},\"image\":{\"@id\":\"https:\\\/\\\/radis.ee\\\/#\\\/schema\\\/logo\\\/image\\\/\"},\"sameAs\":[\"https:\\\/\\\/www.facebook.com\\\/radisfurniture\\\/\"]}]}<\/script>\n<!-- \/ Yoast SEO plugin. -->","yoast_head_json":{"title":"Table basse avec \u00e9tag\u00e8re suppl\u00e9mentaire NOBLE - Radis","robots":{"index":"index","follow":"follow","max-snippet":"max-snippet:-1","max-image-preview":"max-image-preview:large","max-video-preview":"max-video-preview:-1"},"canonical":"https:\/\/radis.ee\/fr\/table-basse-avec-etagere-supplementaire-noble\/","og_locale":"fr_FR","og_type":"article","og_title":"Table basse avec \u00e9tag\u00e8re suppl\u00e9mentaire NOBLE - Radis","og_description":"Une table basse de forme l\u00e9g\u00e8rement ovale avec une \u00e9tag\u00e8re suppl\u00e9mentaire est un compagnon passionnant pour votre fauteuil ou votre canap\u00e9. Les dimensions de la table basse rectangulaire sont 64x92cm, hauteur 48cm. La distance entre l&rsquo;\u00e9tag\u00e8re suppl\u00e9mentaire et le plateau de table est de 10 cm, ce qui vous permet d&rsquo;y placer facilement une t\u00e9l\u00e9commande...","og_url":"https:\/\/radis.ee\/fr\/table-basse-avec-etagere-supplementaire-noble\/","og_site_name":"Radis","article_publisher":"https:\/\/www.facebook.com\/radisfurniture\/","article_modified_time":"2026-04-06T18:40:43+00:00","og_image":[{"width":803,"height":967,"url":"https:\/\/radis.ee\/wp-content\/uploads\/2024\/01\/Radis_sofatable_NOBLE_Oak_veneered_plywood_1_white.jpg","type":"image\/jpeg"}],"twitter_card":"summary_large_image","twitter_misc":{"Dur\u00e9e de lecture estim\u00e9e":"1 minute"},"schema":{"@context":"https:\/\/schema.org","@graph":[{"@type":"WebPage","@id":"https:\/\/radis.ee\/fr\/table-basse-avec-etagere-supplementaire-noble\/","url":"https:\/\/radis.ee\/fr\/table-basse-avec-etagere-supplementaire-noble\/","name":"Table basse avec \u00e9tag\u00e8re suppl\u00e9mentaire NOBLE - Radis","isPartOf":{"@id":"https:\/\/radis.ee\/#website"},"primaryImageOfPage":{"@id":"https:\/\/radis.ee\/fr\/table-basse-avec-etagere-supplementaire-noble\/#primaryimage"},"image":{"@id":"https:\/\/radis.ee\/fr\/table-basse-avec-etagere-supplementaire-noble\/#primaryimage"},"thumbnailUrl":"https:\/\/radis.ee\/wp-content\/uploads\/2024\/01\/Radis_sofatable_NOBLE_Oak_veneered_plywood_1_white.jpg","datePublished":"2022-08-22T20:48:32+00:00","dateModified":"2026-04-06T18:40:43+00:00","breadcrumb":{"@id":"https:\/\/radis.ee\/fr\/table-basse-avec-etagere-supplementaire-noble\/#breadcrumb"},"inLanguage":"fr-FR","potentialAction":[{"@type":"ReadAction","target":["https:\/\/radis.ee\/fr\/table-basse-avec-etagere-supplementaire-noble\/"]}]},{"@type":"ImageObject","inLanguage":"fr-FR","@id":"https:\/\/radis.ee\/fr\/table-basse-avec-etagere-supplementaire-noble\/#primaryimage","url":"https:\/\/radis.ee\/wp-content\/uploads\/2024\/01\/Radis_sofatable_NOBLE_Oak_veneered_plywood_1_white.jpg","contentUrl":"https:\/\/radis.ee\/wp-content\/uploads\/2024\/01\/Radis_sofatable_NOBLE_Oak_veneered_plywood_1_white.jpg","width":803,"height":967,"caption":"Radis sofa table with additional shelf NOBLE oak veneered"},{"@type":"BreadcrumbList","@id":"https:\/\/radis.ee\/fr\/table-basse-avec-etagere-supplementaire-noble\/#breadcrumb","itemListElement":[{"@type":"ListItem","position":1,"name":"Home","item":"https:\/\/radis.ee\/"},{"@type":"ListItem","position":2,"name":"Magasin","item":"https:\/\/radis.ee\/fr\/magasin\/"},{"@type":"ListItem","position":3,"name":"Table basse avec \u00e9tag\u00e8re suppl\u00e9mentaire NOBLE"}]},{"@type":"WebSite","@id":"https:\/\/radis.ee\/#website","url":"https:\/\/radis.ee\/","name":"Radis","description":"Nordic design furniture, environmentally friendly and sustainable.","publisher":{"@id":"https:\/\/radis.ee\/#organization"},"potentialAction":[{"@type":"SearchAction","target":{"@type":"EntryPoint","urlTemplate":"https:\/\/radis.ee\/?s={search_term_string}"},"query-input":{"@type":"PropertyValueSpecification","valueRequired":true,"valueName":"search_term_string"}}],"inLanguage":"fr-FR"},{"@type":"Organization","@id":"https:\/\/radis.ee\/#organization","name":"Radis O\u00dc","url":"https:\/\/radis.ee\/","logo":{"@type":"ImageObject","inLanguage":"fr-FR","@id":"https:\/\/radis.ee\/#\/schema\/logo\/image\/","url":"https:\/\/radis.ee\/wp-content\/uploads\/2020\/10\/Radis-logo.png","contentUrl":"https:\/\/radis.ee\/wp-content\/uploads\/2020\/10\/Radis-logo.png","width":300,"height":63,"caption":"Radis O\u00dc"},"image":{"@id":"https:\/\/radis.ee\/#\/schema\/logo\/image\/"},"sameAs":["https:\/\/www.facebook.com\/radisfurniture\/"]}]}},"_links":{"self":[{"href":"https:\/\/radis.ee\/fr\/wp-json\/wp\/v2\/product\/25262","targetHints":{"allow":["GET"]}}],"collection":[{"href":"https:\/\/radis.ee\/fr\/wp-json\/wp\/v2\/product"}],"about":[{"href":"https:\/\/radis.ee\/fr\/wp-json\/wp\/v2\/types\/product"}],"replies":[{"embeddable":true,"href":"https:\/\/radis.ee\/fr\/wp-json\/wp\/v2\/comments?post=25262"}],"wp:featuredmedia":[{"embeddable":true,"href":"https:\/\/radis.ee\/fr\/wp-json\/wp\/v2\/media\/25295"}],"wp:attachment":[{"href":"https:\/\/radis.ee\/fr\/wp-json\/wp\/v2\/media?parent=25262"}],"wp:term":[{"taxonomy":"product_brand","embeddable":true,"href":"https:\/\/radis.ee\/fr\/wp-json\/wp\/v2\/product_brand?post=25262"},{"taxonomy":"product_cat","embeddable":true,"href":"https:\/\/radis.ee\/fr\/wp-json\/wp\/v2\/product_cat?post=25262"},{"taxonomy":"product_tag","embeddable":true,"href":"https:\/\/radis.ee\/fr\/wp-json\/wp\/v2\/product_tag?post=25262"}],"curies":[{"name":"wp","href":"https:\/\/api.w.org\/{rel}","templated":true}]}}