{"id":25499,"date":"2023-06-29T21:18:32","date_gmt":"2023-06-29T18:18:32","guid":{"rendered":"https:\/\/radis.ee\/?post_type=product&#038;p=25499"},"modified":"2024-05-09T13:06:22","modified_gmt":"2024-05-09T10:06:22","slug":"etagere-grid-avec-portes","status":"publish","type":"product","link":"https:\/\/radis.ee\/fr\/etagere-grid-avec-portes\/","title":{"rendered":"Etag\u00e8re GRID avec portes"},"content":{"rendered":"<p>Il y a quelque chose de si relaxant dans la sym\u00e9trie, n&rsquo;est-ce pas ? GRID est une \u00e9tag\u00e8re qui a une sym\u00e9trie et un \u00e9quilibre presque parfaits. Maintenant disponible \u00e9galement avec les portes.<\/p>\n<p>GRID est disponible en diff\u00e9rentes tailles, ce qui le rend adapt\u00e9 aux petites pi\u00e8ces ainsi qu&rsquo;aux appartements plus spacieux. Vous pouvez l&rsquo;utiliser comme s\u00e9parateur de pi\u00e8ce, comme \u00e9tag\u00e8re pour ajouter du confort \u00e0 votre salon, pour ranger vos disques vinyles ou tous les documents n\u00e9cessaires dans votre bureau. Les dimensions de l&rsquo;\u00e9tag\u00e8re sont de 33 x 33 cm, ce qui signifie que tous les dossiers s&rsquo;adapteront parfaitement. Pour ajouter du caract\u00e8re, l&rsquo;une des \u00e9tag\u00e8res est conserv\u00e9e avec des dimensions plus \u00e9troites.<\/p>\n<p>Disponible dans les dimensions suivantes:<\/p>\n<ul>\n<li>3 \u00d7 6 &#8211; hauteur 95 cm, largeur 191 cm<\/li>\n<li>6 \u00d7 3 &#8211; hauteur 200 cm, largeur 88 cm<\/li>\n<li>6 \u00d7 4 &#8211; hauteur 200 cm, largeur 123 cm<\/li>\n<li>6 \u00d7 6 &#8211; hauteur 200 cm, largeur 191 cm<\/li>\n<li>7 \u00d7 5 &#8211; hauteur 222 cm, largeur 144 cm<\/li>\n<li>8 \u00d7 5 &#8211; hauteur 257 cm, largeur 144 cm<\/li>\n<li>8 \u00d7 8 &#8211; hauteur 257 cm, largeur 249 cm<\/li>\n<\/ul>\n<p>GRID est compos\u00e9 de contreplaqu\u00e9 lamin\u00e9 Koskisen respectueux de l&rsquo;environnement (HPL), de contreplaqu\u00e9 plaqu\u00e9 ch\u00eane et de Forescolor-Valchromat (Panneau de fibres de bois color\u00e9 \u00e0 travers organique), cir\u00e9 \u00e0 l&rsquo;huile. L&rsquo;\u00e9tag\u00e8re a un socle de 8 cm en dessous pour s&rsquo;adapter \u00e0 diff\u00e9rentes plinthes. La rigidit\u00e9 est maintenue par les parois arri\u00e8re dans les coins ext\u00e9rieurs. Les c\u00f4t\u00e9s ext\u00e9rieurs sont fix\u00e9s avec des chevilles et des excentriques, les c\u00f4t\u00e9s int\u00e9rieurs avec des joints.<\/p>\n","protected":false},"excerpt":{"rendered":"<p>Il y a quelque chose de si relaxant dans la sym\u00e9trie, n&rsquo;est-ce pas ? GRID est une \u00e9tag\u00e8re qui a une sym\u00e9trie et un \u00e9quilibre presque parfaits. Maintenant disponible \u00e9galement avec les portes. GRID est disponible en diff\u00e9rentes tailles, ce qui le rend adapt\u00e9 aux petites pi\u00e8ces ainsi qu&rsquo;aux appartements plus spacieux. Vous pouvez l&rsquo;utiliser&#8230;<\/p>\n","protected":false},"featured_media":25703,"comment_status":"open","ping_status":"closed","template":"","meta":{"_acf_changed":false},"product_brand":[],"product_cat":[109],"product_tag":[],"class_list":{"0":"post-25499","1":"product","2":"type-product","3":"status-publish","4":"has-post-thumbnail","6":"product_cat-riiulid","8":"first","9":"instock","10":"sale","11":"taxable","12":"shipping-taxable","13":"purchasable","14":"product-type-variable","15":"has-default-attributes"},"acf":[],"yoast_head":"<!-- This site is optimized with the Yoast SEO plugin v27.4 - https:\/\/yoast.com\/product\/yoast-seo-wordpress\/ -->\n<title>Etag\u00e8re GRID avec portes - Radis<\/title>\n<meta name=\"robots\" content=\"index, follow, max-snippet:-1, max-image-preview:large, max-video-preview:-1\" \/>\n<link rel=\"canonical\" href=\"https:\/\/radis.ee\/fr\/etagere-grid-avec-portes\/\" \/>\n<meta property=\"og:locale\" content=\"fr_FR\" \/>\n<meta property=\"og:type\" content=\"article\" \/>\n<meta property=\"og:title\" content=\"Etag\u00e8re GRID avec portes - Radis\" \/>\n<meta property=\"og:description\" content=\"Il y a quelque chose de si relaxant dans la sym\u00e9trie, n&rsquo;est-ce pas ? GRID est une \u00e9tag\u00e8re qui a une sym\u00e9trie et un \u00e9quilibre presque parfaits. Maintenant disponible \u00e9galement avec les portes. GRID est disponible en diff\u00e9rentes tailles, ce qui le rend adapt\u00e9 aux petites pi\u00e8ces ainsi qu&rsquo;aux appartements plus spacieux. Vous pouvez l&rsquo;utiliser...\" \/>\n<meta property=\"og:url\" content=\"https:\/\/radis.ee\/fr\/etagere-grid-avec-portes\/\" \/>\n<meta property=\"og:site_name\" content=\"Radis\" \/>\n<meta property=\"article:publisher\" content=\"https:\/\/www.facebook.com\/radisfurniture\/\" \/>\n<meta property=\"article:modified_time\" content=\"2024-05-09T10:06:22+00:00\" \/>\n<meta property=\"og:image\" content=\"https:\/\/radis.ee\/wp-content\/uploads\/2023\/06\/Radis_shelf_GRID_7x5_with_doors_Oak_veneered_plywood_white.jpg\" \/>\n\t<meta property=\"og:image:width\" content=\"1082\" \/>\n\t<meta property=\"og:image:height\" content=\"1303\" \/>\n\t<meta property=\"og:image:type\" content=\"image\/jpeg\" \/>\n<meta name=\"twitter:card\" content=\"summary_large_image\" \/>\n<meta name=\"twitter:label1\" content=\"Dur\u00e9e de lecture estim\u00e9e\" \/>\n\t<meta name=\"twitter:data1\" content=\"2 minutes\" \/>\n<script type=\"application\/ld+json\" class=\"yoast-schema-graph\">{\"@context\":\"https:\\\/\\\/schema.org\",\"@graph\":[{\"@type\":\"WebPage\",\"@id\":\"https:\\\/\\\/radis.ee\\\/fr\\\/etagere-grid-avec-portes\\\/\",\"url\":\"https:\\\/\\\/radis.ee\\\/fr\\\/etagere-grid-avec-portes\\\/\",\"name\":\"Etag\u00e8re GRID avec portes - Radis\",\"isPartOf\":{\"@id\":\"https:\\\/\\\/radis.ee\\\/#website\"},\"primaryImageOfPage\":{\"@id\":\"https:\\\/\\\/radis.ee\\\/fr\\\/etagere-grid-avec-portes\\\/#primaryimage\"},\"image\":{\"@id\":\"https:\\\/\\\/radis.ee\\\/fr\\\/etagere-grid-avec-portes\\\/#primaryimage\"},\"thumbnailUrl\":\"https:\\\/\\\/radis.ee\\\/wp-content\\\/uploads\\\/2023\\\/06\\\/Radis_shelf_GRID_7x5_with_doors_Oak_veneered_plywood_white.jpg\",\"datePublished\":\"2023-06-29T18:18:32+00:00\",\"dateModified\":\"2024-05-09T10:06:22+00:00\",\"breadcrumb\":{\"@id\":\"https:\\\/\\\/radis.ee\\\/fr\\\/etagere-grid-avec-portes\\\/#breadcrumb\"},\"inLanguage\":\"fr-FR\",\"potentialAction\":[{\"@type\":\"ReadAction\",\"target\":[\"https:\\\/\\\/radis.ee\\\/fr\\\/etagere-grid-avec-portes\\\/\"]}]},{\"@type\":\"ImageObject\",\"inLanguage\":\"fr-FR\",\"@id\":\"https:\\\/\\\/radis.ee\\\/fr\\\/etagere-grid-avec-portes\\\/#primaryimage\",\"url\":\"https:\\\/\\\/radis.ee\\\/wp-content\\\/uploads\\\/2023\\\/06\\\/Radis_shelf_GRID_7x5_with_doors_Oak_veneered_plywood_white.jpg\",\"contentUrl\":\"https:\\\/\\\/radis.ee\\\/wp-content\\\/uploads\\\/2023\\\/06\\\/Radis_shelf_GRID_7x5_with_doors_Oak_veneered_plywood_white.jpg\",\"width\":1082,\"height\":1303,\"caption\":\"Radis shelf GRID 7x5 with doors Oak veneered\"},{\"@type\":\"BreadcrumbList\",\"@id\":\"https:\\\/\\\/radis.ee\\\/fr\\\/etagere-grid-avec-portes\\\/#breadcrumb\",\"itemListElement\":[{\"@type\":\"ListItem\",\"position\":1,\"name\":\"Home\",\"item\":\"https:\\\/\\\/radis.ee\\\/\"},{\"@type\":\"ListItem\",\"position\":2,\"name\":\"Magasin\",\"item\":\"https:\\\/\\\/radis.ee\\\/fr\\\/magasin\\\/\"},{\"@type\":\"ListItem\",\"position\":3,\"name\":\"Etag\u00e8re GRID avec portes\"}]},{\"@type\":\"WebSite\",\"@id\":\"https:\\\/\\\/radis.ee\\\/#website\",\"url\":\"https:\\\/\\\/radis.ee\\\/\",\"name\":\"Radis\",\"description\":\"Nordic design furniture, environmentally friendly and sustainable.\",\"publisher\":{\"@id\":\"https:\\\/\\\/radis.ee\\\/#organization\"},\"potentialAction\":[{\"@type\":\"SearchAction\",\"target\":{\"@type\":\"EntryPoint\",\"urlTemplate\":\"https:\\\/\\\/radis.ee\\\/?s={search_term_string}\"},\"query-input\":{\"@type\":\"PropertyValueSpecification\",\"valueRequired\":true,\"valueName\":\"search_term_string\"}}],\"inLanguage\":\"fr-FR\"},{\"@type\":\"Organization\",\"@id\":\"https:\\\/\\\/radis.ee\\\/#organization\",\"name\":\"Radis O\u00dc\",\"url\":\"https:\\\/\\\/radis.ee\\\/\",\"logo\":{\"@type\":\"ImageObject\",\"inLanguage\":\"fr-FR\",\"@id\":\"https:\\\/\\\/radis.ee\\\/#\\\/schema\\\/logo\\\/image\\\/\",\"url\":\"https:\\\/\\\/radis.ee\\\/wp-content\\\/uploads\\\/2020\\\/10\\\/Radis-logo.png\",\"contentUrl\":\"https:\\\/\\\/radis.ee\\\/wp-content\\\/uploads\\\/2020\\\/10\\\/Radis-logo.png\",\"width\":300,\"height\":63,\"caption\":\"Radis O\u00dc\"},\"image\":{\"@id\":\"https:\\\/\\\/radis.ee\\\/#\\\/schema\\\/logo\\\/image\\\/\"},\"sameAs\":[\"https:\\\/\\\/www.facebook.com\\\/radisfurniture\\\/\"]}]}<\/script>\n<!-- \/ Yoast SEO plugin. -->","yoast_head_json":{"title":"Etag\u00e8re GRID avec portes - Radis","robots":{"index":"index","follow":"follow","max-snippet":"max-snippet:-1","max-image-preview":"max-image-preview:large","max-video-preview":"max-video-preview:-1"},"canonical":"https:\/\/radis.ee\/fr\/etagere-grid-avec-portes\/","og_locale":"fr_FR","og_type":"article","og_title":"Etag\u00e8re GRID avec portes - Radis","og_description":"Il y a quelque chose de si relaxant dans la sym\u00e9trie, n&rsquo;est-ce pas ? GRID est une \u00e9tag\u00e8re qui a une sym\u00e9trie et un \u00e9quilibre presque parfaits. Maintenant disponible \u00e9galement avec les portes. GRID est disponible en diff\u00e9rentes tailles, ce qui le rend adapt\u00e9 aux petites pi\u00e8ces ainsi qu&rsquo;aux appartements plus spacieux. Vous pouvez l&rsquo;utiliser...","og_url":"https:\/\/radis.ee\/fr\/etagere-grid-avec-portes\/","og_site_name":"Radis","article_publisher":"https:\/\/www.facebook.com\/radisfurniture\/","article_modified_time":"2024-05-09T10:06:22+00:00","og_image":[{"width":1082,"height":1303,"url":"https:\/\/radis.ee\/wp-content\/uploads\/2023\/06\/Radis_shelf_GRID_7x5_with_doors_Oak_veneered_plywood_white.jpg","type":"image\/jpeg"}],"twitter_card":"summary_large_image","twitter_misc":{"Dur\u00e9e de lecture estim\u00e9e":"2 minutes"},"schema":{"@context":"https:\/\/schema.org","@graph":[{"@type":"WebPage","@id":"https:\/\/radis.ee\/fr\/etagere-grid-avec-portes\/","url":"https:\/\/radis.ee\/fr\/etagere-grid-avec-portes\/","name":"Etag\u00e8re GRID avec portes - Radis","isPartOf":{"@id":"https:\/\/radis.ee\/#website"},"primaryImageOfPage":{"@id":"https:\/\/radis.ee\/fr\/etagere-grid-avec-portes\/#primaryimage"},"image":{"@id":"https:\/\/radis.ee\/fr\/etagere-grid-avec-portes\/#primaryimage"},"thumbnailUrl":"https:\/\/radis.ee\/wp-content\/uploads\/2023\/06\/Radis_shelf_GRID_7x5_with_doors_Oak_veneered_plywood_white.jpg","datePublished":"2023-06-29T18:18:32+00:00","dateModified":"2024-05-09T10:06:22+00:00","breadcrumb":{"@id":"https:\/\/radis.ee\/fr\/etagere-grid-avec-portes\/#breadcrumb"},"inLanguage":"fr-FR","potentialAction":[{"@type":"ReadAction","target":["https:\/\/radis.ee\/fr\/etagere-grid-avec-portes\/"]}]},{"@type":"ImageObject","inLanguage":"fr-FR","@id":"https:\/\/radis.ee\/fr\/etagere-grid-avec-portes\/#primaryimage","url":"https:\/\/radis.ee\/wp-content\/uploads\/2023\/06\/Radis_shelf_GRID_7x5_with_doors_Oak_veneered_plywood_white.jpg","contentUrl":"https:\/\/radis.ee\/wp-content\/uploads\/2023\/06\/Radis_shelf_GRID_7x5_with_doors_Oak_veneered_plywood_white.jpg","width":1082,"height":1303,"caption":"Radis shelf GRID 7x5 with doors Oak veneered"},{"@type":"BreadcrumbList","@id":"https:\/\/radis.ee\/fr\/etagere-grid-avec-portes\/#breadcrumb","itemListElement":[{"@type":"ListItem","position":1,"name":"Home","item":"https:\/\/radis.ee\/"},{"@type":"ListItem","position":2,"name":"Magasin","item":"https:\/\/radis.ee\/fr\/magasin\/"},{"@type":"ListItem","position":3,"name":"Etag\u00e8re GRID avec portes"}]},{"@type":"WebSite","@id":"https:\/\/radis.ee\/#website","url":"https:\/\/radis.ee\/","name":"Radis","description":"Nordic design furniture, environmentally friendly and sustainable.","publisher":{"@id":"https:\/\/radis.ee\/#organization"},"potentialAction":[{"@type":"SearchAction","target":{"@type":"EntryPoint","urlTemplate":"https:\/\/radis.ee\/?s={search_term_string}"},"query-input":{"@type":"PropertyValueSpecification","valueRequired":true,"valueName":"search_term_string"}}],"inLanguage":"fr-FR"},{"@type":"Organization","@id":"https:\/\/radis.ee\/#organization","name":"Radis O\u00dc","url":"https:\/\/radis.ee\/","logo":{"@type":"ImageObject","inLanguage":"fr-FR","@id":"https:\/\/radis.ee\/#\/schema\/logo\/image\/","url":"https:\/\/radis.ee\/wp-content\/uploads\/2020\/10\/Radis-logo.png","contentUrl":"https:\/\/radis.ee\/wp-content\/uploads\/2020\/10\/Radis-logo.png","width":300,"height":63,"caption":"Radis O\u00dc"},"image":{"@id":"https:\/\/radis.ee\/#\/schema\/logo\/image\/"},"sameAs":["https:\/\/www.facebook.com\/radisfurniture\/"]}]}},"_links":{"self":[{"href":"https:\/\/radis.ee\/fr\/wp-json\/wp\/v2\/product\/25499","targetHints":{"allow":["GET"]}}],"collection":[{"href":"https:\/\/radis.ee\/fr\/wp-json\/wp\/v2\/product"}],"about":[{"href":"https:\/\/radis.ee\/fr\/wp-json\/wp\/v2\/types\/product"}],"replies":[{"embeddable":true,"href":"https:\/\/radis.ee\/fr\/wp-json\/wp\/v2\/comments?post=25499"}],"wp:featuredmedia":[{"embeddable":true,"href":"https:\/\/radis.ee\/fr\/wp-json\/wp\/v2\/media\/25703"}],"wp:attachment":[{"href":"https:\/\/radis.ee\/fr\/wp-json\/wp\/v2\/media?parent=25499"}],"wp:term":[{"taxonomy":"product_brand","embeddable":true,"href":"https:\/\/radis.ee\/fr\/wp-json\/wp\/v2\/product_brand?post=25499"},{"taxonomy":"product_cat","embeddable":true,"href":"https:\/\/radis.ee\/fr\/wp-json\/wp\/v2\/product_cat?post=25499"},{"taxonomy":"product_tag","embeddable":true,"href":"https:\/\/radis.ee\/fr\/wp-json\/wp\/v2\/product_tag?post=25499"}],"curies":[{"name":"wp","href":"https:\/\/api.w.org\/{rel}","templated":true}]}}