{"id":26008,"date":"2022-09-10T13:19:44","date_gmt":"2024-03-14T11:19:51","guid":{"rendered":"https:\/\/radis.ee\/?post_type=product&#038;p=26008"},"modified":"2024-05-10T16:45:30","modified_gmt":"2024-05-10T13:45:30","slug":"lit-armoire-vertical-pix-avec-etagere-et-table","status":"publish","type":"product","link":"https:\/\/radis.ee\/fr\/lit-armoire-vertical-pix-avec-etagere-et-table\/","title":{"rendered":"Lit armoire vertical PIX avec \u00e9tag\u00e8re et table"},"content":{"rendered":"<p>La populaire s\u00e9rie PIX a \u00e9t\u00e9 \u00e9largie avec un lit-armoire, auquel nous proposons \u00e9galement une \u00e9tag\u00e8re \u00e0 8 portes et une table. Le lit armoire vertical est une solution id\u00e9ale lorsqu&rsquo;il y a peu d&rsquo;espace, mais que l&rsquo;on ne veut pas l\u00e9siner sur le confort et la qualit\u00e9 du lit.<\/p>\n<p>Des solutions intelligentes et peu encombrantes qui rendent votre vie plus fonctionnelle et vivante. D&rsquo;un l\u00e9ger mouvement, vous pourrez cacher la table et ouvrir le lit en m\u00eame temps. Le maintien constant de l\u2019horizontalit\u00e9 du plateau permet \u00e0 l\u2019utilisateur d\u2019ouvrir et de fermer le lit sans retirer d\u2019objets du plateau.<\/p>\n<p>Nous utilisons des m\u00e9canismes durables provenant d&rsquo;Italie, gr\u00e2ce auxquels il est facile et s\u00fbr d&rsquo;ouvrir le lit. L&rsquo;ouverture et la fermeture sont soutenues par des amortisseurs, avec une fonction garantie de 10 000 cycles. Le lit Murphy est \u00e9quip\u00e9 de sangles de fixation qui maintiennent la literie et le matelas en place. Le matelas n&rsquo;est pas inclus dans le set, les dimensions du matelas adapt\u00e9 sont de 90-120-140x200x18 cm, avec un poids maximum de 28 kg. La hauteur du sommier du lit est de 34 cm du sol. Plan orthop\u00e9dique avec lattes en contreplaqu\u00e9 de bouleau ins\u00e9r\u00e9es dans le tube du cadre de lit au moyen de gaines sp\u00e9ciales silencieuses.<\/p>\n<p>Fabriqu\u00e9 en contreplaqu\u00e9 de bouleau HPL stratifi\u00e9 haute pression Koskisen de 18 mm, c\u00f4t\u00e9s en contreplaqu\u00e9 naturel, portes en ch\u00eane clair cir\u00e9 \u00e0 l&rsquo;huile ou enti\u00e8rement en placage de ch\u00eane. Pieds de table et m\u00e9canismes de lit en m\u00e9tal peint par poudrage gris.<\/p>\n<p>Ressorts \u00e0 gaz test\u00e9s sur 10 000 cycles, avec tige surdimensionn\u00e9e et connexion en zamak pour un montage facile. Vous pouvez voir la facilit\u00e9 d&rsquo;utilisation du m\u00e9canisme du lit dans<a href=\"https:\/\/youtu.be\/6x-7ctNKj9g?si=-6Fgsy77YWqyb_pm\" target=\"_blank\" rel=\"noopener\"> cette vid\u00e9o.<\/a><\/p>\n<p>La hauteur du plateau est de 75 cm et ses dimensions 80 x 145 cm. Autour de celui-ci, vous pouvez \u00e9crire ou vous asseoir avec 5 chaises. Le lit armoire est \u00e9galement disponible sans table.<\/p>\n<p>Profondeur du meuble-\u00e9tag\u00e8re 40 cm. Il y a des \u00e9tag\u00e8res de 37 cm de large des deux c\u00f4t\u00e9s du lit. La largeur totale est la largeur du matelas + 90 cm.<\/p>\n","protected":false},"excerpt":{"rendered":"<p>La populaire s\u00e9rie PIX a \u00e9t\u00e9 \u00e9largie avec un lit-armoire, auquel nous proposons \u00e9galement une \u00e9tag\u00e8re \u00e0 8 portes et une table. Le lit armoire vertical est une solution id\u00e9ale lorsqu&rsquo;il y a peu d&rsquo;espace, mais que l&rsquo;on ne veut pas l\u00e9siner sur le confort et la qualit\u00e9 du lit. Des solutions intelligentes et peu&#8230;<\/p>\n","protected":false},"featured_media":26194,"comment_status":"open","ping_status":"closed","template":"","meta":{"_acf_changed":false},"product_brand":[],"product_cat":[113],"product_tag":[],"class_list":{"0":"post-26008","1":"product","2":"type-product","3":"status-publish","4":"has-post-thumbnail","6":"product_cat-voodid","8":"first","9":"instock","10":"taxable","11":"shipping-taxable","12":"purchasable","13":"product-type-variable","14":"has-default-attributes"},"acf":[],"yoast_head":"<!-- This site is optimized with the Yoast SEO plugin v27.4 - https:\/\/yoast.com\/product\/yoast-seo-wordpress\/ -->\n<title>Lit armoire vertical PIX avec \u00e9tag\u00e8re et table - Radis<\/title>\n<meta name=\"robots\" content=\"index, follow, max-snippet:-1, max-image-preview:large, max-video-preview:-1\" \/>\n<link rel=\"canonical\" href=\"https:\/\/radis.ee\/vertikaalne-kappvoodi-pix-riiuli-ja-lauaga\/\" \/>\n<meta property=\"og:locale\" content=\"fr_FR\" \/>\n<meta property=\"og:type\" content=\"article\" \/>\n<meta property=\"og:title\" content=\"Lit armoire vertical PIX avec \u00e9tag\u00e8re et table - Radis\" \/>\n<meta property=\"og:description\" content=\"La populaire s\u00e9rie PIX a \u00e9t\u00e9 \u00e9largie avec un lit-armoire, auquel nous proposons \u00e9galement une \u00e9tag\u00e8re \u00e0 8 portes et une table. Le lit armoire vertical est une solution id\u00e9ale lorsqu&rsquo;il y a peu d&rsquo;espace, mais que l&rsquo;on ne veut pas l\u00e9siner sur le confort et la qualit\u00e9 du lit. Des solutions intelligentes et peu...\" \/>\n<meta property=\"og:url\" content=\"https:\/\/radis.ee\/vertikaalne-kappvoodi-pix-riiuli-ja-lauaga\/\" \/>\n<meta property=\"og:site_name\" content=\"Radis\" \/>\n<meta property=\"article:publisher\" content=\"https:\/\/www.facebook.com\/radisfurniture\/\" \/>\n<meta property=\"article:modified_time\" content=\"2024-05-10T13:45:30+00:00\" \/>\n<meta property=\"og:image\" content=\"https:\/\/radis.ee\/wp-content\/uploads\/2024\/03\/RADIS_hideaway_bed_with_shelf_with_table_white_HPL_doors_Light_Oak_plywood_white_3.jpg\" \/>\n\t<meta property=\"og:image:width\" content=\"1348\" \/>\n\t<meta property=\"og:image:height\" content=\"1573\" \/>\n\t<meta property=\"og:image:type\" content=\"image\/jpeg\" \/>\n<meta name=\"twitter:card\" content=\"summary_large_image\" \/>\n<meta name=\"twitter:label1\" content=\"Dur\u00e9e de lecture estim\u00e9e\" \/>\n\t<meta name=\"twitter:data1\" content=\"2 minutes\" \/>\n<script type=\"application\/ld+json\" class=\"yoast-schema-graph\">{\"@context\":\"https:\\\/\\\/schema.org\",\"@graph\":[{\"@type\":\"WebPage\",\"@id\":\"https:\\\/\\\/radis.ee\\\/vertikaalne-kappvoodi-pix-riiuli-ja-lauaga\\\/\",\"url\":\"https:\\\/\\\/radis.ee\\\/vertikaalne-kappvoodi-pix-riiuli-ja-lauaga\\\/\",\"name\":\"Lit armoire vertical PIX avec \u00e9tag\u00e8re et table - Radis\",\"isPartOf\":{\"@id\":\"https:\\\/\\\/radis.ee\\\/#website\"},\"primaryImageOfPage\":{\"@id\":\"https:\\\/\\\/radis.ee\\\/vertikaalne-kappvoodi-pix-riiuli-ja-lauaga\\\/#primaryimage\"},\"image\":{\"@id\":\"https:\\\/\\\/radis.ee\\\/vertikaalne-kappvoodi-pix-riiuli-ja-lauaga\\\/#primaryimage\"},\"thumbnailUrl\":\"https:\\\/\\\/radis.ee\\\/wp-content\\\/uploads\\\/2024\\\/03\\\/RADIS_hideaway_bed_with_shelf_with_table_white_HPL_doors_Light_Oak_plywood_white_3.jpg\",\"datePublished\":\"2024-03-14T11:19:51+00:00\",\"dateModified\":\"2024-05-10T13:45:30+00:00\",\"breadcrumb\":{\"@id\":\"https:\\\/\\\/radis.ee\\\/vertikaalne-kappvoodi-pix-riiuli-ja-lauaga\\\/#breadcrumb\"},\"inLanguage\":\"fr-FR\",\"potentialAction\":[{\"@type\":\"ReadAction\",\"target\":[\"https:\\\/\\\/radis.ee\\\/vertikaalne-kappvoodi-pix-riiuli-ja-lauaga\\\/\"]}]},{\"@type\":\"ImageObject\",\"inLanguage\":\"fr-FR\",\"@id\":\"https:\\\/\\\/radis.ee\\\/vertikaalne-kappvoodi-pix-riiuli-ja-lauaga\\\/#primaryimage\",\"url\":\"https:\\\/\\\/radis.ee\\\/wp-content\\\/uploads\\\/2024\\\/03\\\/RADIS_hideaway_bed_with_shelf_with_table_white_HPL_doors_Light_Oak_plywood_white_3.jpg\",\"contentUrl\":\"https:\\\/\\\/radis.ee\\\/wp-content\\\/uploads\\\/2024\\\/03\\\/RADIS_hideaway_bed_with_shelf_with_table_white_HPL_doors_Light_Oak_plywood_white_3.jpg\",\"width\":1348,\"height\":1573,\"caption\":\"Radis hide-away bed PIX with shelf and table white HPL plywood doors Light Oak\"},{\"@type\":\"BreadcrumbList\",\"@id\":\"https:\\\/\\\/radis.ee\\\/vertikaalne-kappvoodi-pix-riiuli-ja-lauaga\\\/#breadcrumb\",\"itemListElement\":[{\"@type\":\"ListItem\",\"position\":1,\"name\":\"Home\",\"item\":\"https:\\\/\\\/radis.ee\\\/\"},{\"@type\":\"ListItem\",\"position\":2,\"name\":\"Magasin\",\"item\":\"https:\\\/\\\/radis.ee\\\/fr\\\/magasin\\\/\"},{\"@type\":\"ListItem\",\"position\":3,\"name\":\"Lit armoire vertical PIX avec \u00e9tag\u00e8re et table\"}]},{\"@type\":\"WebSite\",\"@id\":\"https:\\\/\\\/radis.ee\\\/#website\",\"url\":\"https:\\\/\\\/radis.ee\\\/\",\"name\":\"Radis\",\"description\":\"Nordic design furniture, environmentally friendly and sustainable.\",\"publisher\":{\"@id\":\"https:\\\/\\\/radis.ee\\\/#organization\"},\"potentialAction\":[{\"@type\":\"SearchAction\",\"target\":{\"@type\":\"EntryPoint\",\"urlTemplate\":\"https:\\\/\\\/radis.ee\\\/?s={search_term_string}\"},\"query-input\":{\"@type\":\"PropertyValueSpecification\",\"valueRequired\":true,\"valueName\":\"search_term_string\"}}],\"inLanguage\":\"fr-FR\"},{\"@type\":\"Organization\",\"@id\":\"https:\\\/\\\/radis.ee\\\/#organization\",\"name\":\"Radis O\u00dc\",\"url\":\"https:\\\/\\\/radis.ee\\\/\",\"logo\":{\"@type\":\"ImageObject\",\"inLanguage\":\"fr-FR\",\"@id\":\"https:\\\/\\\/radis.ee\\\/#\\\/schema\\\/logo\\\/image\\\/\",\"url\":\"https:\\\/\\\/radis.ee\\\/wp-content\\\/uploads\\\/2020\\\/10\\\/Radis-logo.png\",\"contentUrl\":\"https:\\\/\\\/radis.ee\\\/wp-content\\\/uploads\\\/2020\\\/10\\\/Radis-logo.png\",\"width\":300,\"height\":63,\"caption\":\"Radis O\u00dc\"},\"image\":{\"@id\":\"https:\\\/\\\/radis.ee\\\/#\\\/schema\\\/logo\\\/image\\\/\"},\"sameAs\":[\"https:\\\/\\\/www.facebook.com\\\/radisfurniture\\\/\"]}]}<\/script>\n<!-- \/ Yoast SEO plugin. -->","yoast_head_json":{"title":"Lit armoire vertical PIX avec \u00e9tag\u00e8re et table - Radis","robots":{"index":"index","follow":"follow","max-snippet":"max-snippet:-1","max-image-preview":"max-image-preview:large","max-video-preview":"max-video-preview:-1"},"canonical":"https:\/\/radis.ee\/vertikaalne-kappvoodi-pix-riiuli-ja-lauaga\/","og_locale":"fr_FR","og_type":"article","og_title":"Lit armoire vertical PIX avec \u00e9tag\u00e8re et table - Radis","og_description":"La populaire s\u00e9rie PIX a \u00e9t\u00e9 \u00e9largie avec un lit-armoire, auquel nous proposons \u00e9galement une \u00e9tag\u00e8re \u00e0 8 portes et une table. Le lit armoire vertical est une solution id\u00e9ale lorsqu&rsquo;il y a peu d&rsquo;espace, mais que l&rsquo;on ne veut pas l\u00e9siner sur le confort et la qualit\u00e9 du lit. Des solutions intelligentes et peu...","og_url":"https:\/\/radis.ee\/vertikaalne-kappvoodi-pix-riiuli-ja-lauaga\/","og_site_name":"Radis","article_publisher":"https:\/\/www.facebook.com\/radisfurniture\/","article_modified_time":"2024-05-10T13:45:30+00:00","og_image":[{"width":1348,"height":1573,"url":"https:\/\/radis.ee\/wp-content\/uploads\/2024\/03\/RADIS_hideaway_bed_with_shelf_with_table_white_HPL_doors_Light_Oak_plywood_white_3.jpg","type":"image\/jpeg"}],"twitter_card":"summary_large_image","twitter_misc":{"Dur\u00e9e de lecture estim\u00e9e":"2 minutes"},"schema":{"@context":"https:\/\/schema.org","@graph":[{"@type":"WebPage","@id":"https:\/\/radis.ee\/vertikaalne-kappvoodi-pix-riiuli-ja-lauaga\/","url":"https:\/\/radis.ee\/vertikaalne-kappvoodi-pix-riiuli-ja-lauaga\/","name":"Lit armoire vertical PIX avec \u00e9tag\u00e8re et table - Radis","isPartOf":{"@id":"https:\/\/radis.ee\/#website"},"primaryImageOfPage":{"@id":"https:\/\/radis.ee\/vertikaalne-kappvoodi-pix-riiuli-ja-lauaga\/#primaryimage"},"image":{"@id":"https:\/\/radis.ee\/vertikaalne-kappvoodi-pix-riiuli-ja-lauaga\/#primaryimage"},"thumbnailUrl":"https:\/\/radis.ee\/wp-content\/uploads\/2024\/03\/RADIS_hideaway_bed_with_shelf_with_table_white_HPL_doors_Light_Oak_plywood_white_3.jpg","datePublished":"2024-03-14T11:19:51+00:00","dateModified":"2024-05-10T13:45:30+00:00","breadcrumb":{"@id":"https:\/\/radis.ee\/vertikaalne-kappvoodi-pix-riiuli-ja-lauaga\/#breadcrumb"},"inLanguage":"fr-FR","potentialAction":[{"@type":"ReadAction","target":["https:\/\/radis.ee\/vertikaalne-kappvoodi-pix-riiuli-ja-lauaga\/"]}]},{"@type":"ImageObject","inLanguage":"fr-FR","@id":"https:\/\/radis.ee\/vertikaalne-kappvoodi-pix-riiuli-ja-lauaga\/#primaryimage","url":"https:\/\/radis.ee\/wp-content\/uploads\/2024\/03\/RADIS_hideaway_bed_with_shelf_with_table_white_HPL_doors_Light_Oak_plywood_white_3.jpg","contentUrl":"https:\/\/radis.ee\/wp-content\/uploads\/2024\/03\/RADIS_hideaway_bed_with_shelf_with_table_white_HPL_doors_Light_Oak_plywood_white_3.jpg","width":1348,"height":1573,"caption":"Radis hide-away bed PIX with shelf and table white HPL plywood doors Light Oak"},{"@type":"BreadcrumbList","@id":"https:\/\/radis.ee\/vertikaalne-kappvoodi-pix-riiuli-ja-lauaga\/#breadcrumb","itemListElement":[{"@type":"ListItem","position":1,"name":"Home","item":"https:\/\/radis.ee\/"},{"@type":"ListItem","position":2,"name":"Magasin","item":"https:\/\/radis.ee\/fr\/magasin\/"},{"@type":"ListItem","position":3,"name":"Lit armoire vertical PIX avec \u00e9tag\u00e8re et table"}]},{"@type":"WebSite","@id":"https:\/\/radis.ee\/#website","url":"https:\/\/radis.ee\/","name":"Radis","description":"Nordic design furniture, environmentally friendly and sustainable.","publisher":{"@id":"https:\/\/radis.ee\/#organization"},"potentialAction":[{"@type":"SearchAction","target":{"@type":"EntryPoint","urlTemplate":"https:\/\/radis.ee\/?s={search_term_string}"},"query-input":{"@type":"PropertyValueSpecification","valueRequired":true,"valueName":"search_term_string"}}],"inLanguage":"fr-FR"},{"@type":"Organization","@id":"https:\/\/radis.ee\/#organization","name":"Radis O\u00dc","url":"https:\/\/radis.ee\/","logo":{"@type":"ImageObject","inLanguage":"fr-FR","@id":"https:\/\/radis.ee\/#\/schema\/logo\/image\/","url":"https:\/\/radis.ee\/wp-content\/uploads\/2020\/10\/Radis-logo.png","contentUrl":"https:\/\/radis.ee\/wp-content\/uploads\/2020\/10\/Radis-logo.png","width":300,"height":63,"caption":"Radis O\u00dc"},"image":{"@id":"https:\/\/radis.ee\/#\/schema\/logo\/image\/"},"sameAs":["https:\/\/www.facebook.com\/radisfurniture\/"]}]}},"_links":{"self":[{"href":"https:\/\/radis.ee\/fr\/wp-json\/wp\/v2\/product\/26008","targetHints":{"allow":["GET"]}}],"collection":[{"href":"https:\/\/radis.ee\/fr\/wp-json\/wp\/v2\/product"}],"about":[{"href":"https:\/\/radis.ee\/fr\/wp-json\/wp\/v2\/types\/product"}],"replies":[{"embeddable":true,"href":"https:\/\/radis.ee\/fr\/wp-json\/wp\/v2\/comments?post=26008"}],"wp:featuredmedia":[{"embeddable":true,"href":"https:\/\/radis.ee\/fr\/wp-json\/wp\/v2\/media\/26194"}],"wp:attachment":[{"href":"https:\/\/radis.ee\/fr\/wp-json\/wp\/v2\/media?parent=26008"}],"wp:term":[{"taxonomy":"product_brand","embeddable":true,"href":"https:\/\/radis.ee\/fr\/wp-json\/wp\/v2\/product_brand?post=26008"},{"taxonomy":"product_cat","embeddable":true,"href":"https:\/\/radis.ee\/fr\/wp-json\/wp\/v2\/product_cat?post=26008"},{"taxonomy":"product_tag","embeddable":true,"href":"https:\/\/radis.ee\/fr\/wp-json\/wp\/v2\/product_tag?post=26008"}],"curies":[{"name":"wp","href":"https:\/\/api.w.org\/{rel}","templated":true}]}}