{"id":26523,"date":"2020-04-17T22:56:49","date_gmt":"2024-04-04T19:56:51","guid":{"rendered":"https:\/\/radis.ee\/?post_type=product&#038;p=26523"},"modified":"2024-04-10T12:11:15","modified_gmt":"2024-04-10T09:11:15","slug":"etagere-murale-criss-copy","status":"publish","type":"product","link":"https:\/\/radis.ee\/fr\/etagere-murale-criss-copy\/","title":{"rendered":"Etag\u00e8re OVE"},"content":{"rendered":"<p>L&rsquo;\u00e9tag\u00e8re OVE rappelle les meubles scandinaves les plus embl\u00e9matiques avec ses coins arrondis doux, ses multiples possibilit\u00e9s d&rsquo;utilisation et ses formes g\u00e9om\u00e9triques. L&rsquo;\u00e9tag\u00e8re OVE est disponible en trois hauteurs et formes diff\u00e9rentes pour que vous puissiez \u00e9galement l&rsquo;utiliser comme buffet ou comme table basse. L&rsquo;\u00e9tag\u00e8re la plus haute est une v\u00e9ritable merveille avec sa hauteur imposante de 148 cm.<\/p>\n<p>La hauteur int\u00e9rieure des \u00e9tag\u00e8res OVE est de 33 cm, ce qui en fait un espace de rangement id\u00e9al pour les disques vinyles. La finition en placage de ch\u00eane est neutre et intemporelle et s&rsquo;int\u00e8gre parfaitement dans n&rsquo;importe quel int\u00e9rieur. Quelle que soit sa taille, OVE est un investissement dans un meuble intemporel et classique.<\/p>\n<p>Disponible en plusieurs hauteurs :<\/p>\n<ul>\n<li>2 \u00e9tages, 50 cm<\/li>\n<li>3 \u00e9tages, 79 cm<\/li>\n<li>5 \u00e9tages, 148 cm<\/li>\n<\/ul>\n<p>Fabriqu\u00e9 en contreplaqu\u00e9 de bouleau plaqu\u00e9 ch\u00eane, cir\u00e9 \u00e0 l&rsquo;huile.<\/p>\n","protected":false},"excerpt":{"rendered":"<p>L&rsquo;\u00e9tag\u00e8re OVE rappelle les meubles scandinaves les plus embl\u00e9matiques avec ses coins arrondis doux, ses multiples possibilit\u00e9s d&rsquo;utilisation et ses formes g\u00e9om\u00e9triques. L&rsquo;\u00e9tag\u00e8re OVE est disponible en trois hauteurs et formes diff\u00e9rentes pour que vous puissiez \u00e9galement l&rsquo;utiliser comme buffet ou comme table basse. L&rsquo;\u00e9tag\u00e8re la plus haute est une v\u00e9ritable merveille avec sa hauteur&#8230;<\/p>\n","protected":false},"featured_media":26663,"comment_status":"open","ping_status":"closed","template":"","meta":{"_acf_changed":false},"product_brand":[],"product_cat":[109],"product_tag":[],"class_list":{"0":"post-26523","1":"product","2":"type-product","3":"status-publish","4":"has-post-thumbnail","6":"product_cat-riiulid","8":"first","9":"instock","10":"taxable","11":"shipping-taxable","12":"purchasable","13":"product-type-variable","14":"has-default-attributes"},"acf":[],"yoast_head":"<!-- This site is optimized with the Yoast SEO plugin v27.3 - https:\/\/yoast.com\/product\/yoast-seo-wordpress\/ -->\n<title>Etag\u00e8re OVE - Radis<\/title>\n<meta name=\"robots\" content=\"index, follow, max-snippet:-1, max-image-preview:large, max-video-preview:-1\" \/>\n<link rel=\"canonical\" href=\"https:\/\/radis.ee\/fr\/etagere-murale-criss-copy\/\" \/>\n<meta property=\"og:locale\" content=\"fr_FR\" \/>\n<meta property=\"og:type\" content=\"article\" \/>\n<meta property=\"og:title\" content=\"Etag\u00e8re OVE - Radis\" \/>\n<meta property=\"og:description\" content=\"L&rsquo;\u00e9tag\u00e8re OVE rappelle les meubles scandinaves les plus embl\u00e9matiques avec ses coins arrondis doux, ses multiples possibilit\u00e9s d&rsquo;utilisation et ses formes g\u00e9om\u00e9triques. L&rsquo;\u00e9tag\u00e8re OVE est disponible en trois hauteurs et formes diff\u00e9rentes pour que vous puissiez \u00e9galement l&rsquo;utiliser comme buffet ou comme table basse. L&rsquo;\u00e9tag\u00e8re la plus haute est une v\u00e9ritable merveille avec sa hauteur...\" \/>\n<meta property=\"og:url\" content=\"https:\/\/radis.ee\/fr\/etagere-murale-criss-copy\/\" \/>\n<meta property=\"og:site_name\" content=\"Radis\" \/>\n<meta property=\"article:publisher\" content=\"https:\/\/www.facebook.com\/radisfurniture\/\" \/>\n<meta property=\"article:modified_time\" content=\"2024-04-10T09:11:15+00:00\" \/>\n<meta property=\"og:image\" content=\"https:\/\/radis.ee\/wp-content\/uploads\/2024\/04\/RADIS_shelf_OVE_5_levels_Oak_veneered_plywood_4.jpg\" \/>\n\t<meta property=\"og:image:width\" content=\"1060\" \/>\n\t<meta property=\"og:image:height\" content=\"1263\" \/>\n\t<meta property=\"og:image:type\" content=\"image\/jpeg\" \/>\n<meta name=\"twitter:card\" content=\"summary_large_image\" \/>\n<meta name=\"twitter:label1\" content=\"Dur\u00e9e de lecture estim\u00e9e\" \/>\n\t<meta name=\"twitter:data1\" content=\"1 minute\" \/>\n<script type=\"application\/ld+json\" class=\"yoast-schema-graph\">{\"@context\":\"https:\\\/\\\/schema.org\",\"@graph\":[{\"@type\":\"WebPage\",\"@id\":\"https:\\\/\\\/radis.ee\\\/fr\\\/etagere-murale-criss-copy\\\/\",\"url\":\"https:\\\/\\\/radis.ee\\\/fr\\\/etagere-murale-criss-copy\\\/\",\"name\":\"Etag\u00e8re OVE - Radis\",\"isPartOf\":{\"@id\":\"https:\\\/\\\/radis.ee\\\/#website\"},\"primaryImageOfPage\":{\"@id\":\"https:\\\/\\\/radis.ee\\\/fr\\\/etagere-murale-criss-copy\\\/#primaryimage\"},\"image\":{\"@id\":\"https:\\\/\\\/radis.ee\\\/fr\\\/etagere-murale-criss-copy\\\/#primaryimage\"},\"thumbnailUrl\":\"https:\\\/\\\/radis.ee\\\/wp-content\\\/uploads\\\/2024\\\/04\\\/RADIS_shelf_OVE_5_levels_Oak_veneered_plywood_4.jpg\",\"datePublished\":\"2024-04-04T19:56:51+00:00\",\"dateModified\":\"2024-04-10T09:11:15+00:00\",\"breadcrumb\":{\"@id\":\"https:\\\/\\\/radis.ee\\\/fr\\\/etagere-murale-criss-copy\\\/#breadcrumb\"},\"inLanguage\":\"fr-FR\",\"potentialAction\":[{\"@type\":\"ReadAction\",\"target\":[\"https:\\\/\\\/radis.ee\\\/fr\\\/etagere-murale-criss-copy\\\/\"]}]},{\"@type\":\"ImageObject\",\"inLanguage\":\"fr-FR\",\"@id\":\"https:\\\/\\\/radis.ee\\\/fr\\\/etagere-murale-criss-copy\\\/#primaryimage\",\"url\":\"https:\\\/\\\/radis.ee\\\/wp-content\\\/uploads\\\/2024\\\/04\\\/RADIS_shelf_OVE_5_levels_Oak_veneered_plywood_4.jpg\",\"contentUrl\":\"https:\\\/\\\/radis.ee\\\/wp-content\\\/uploads\\\/2024\\\/04\\\/RADIS_shelf_OVE_5_levels_Oak_veneered_plywood_4.jpg\",\"width\":1060,\"height\":1263,\"caption\":\"Radis shelf OVE 5 story Oak veneered plywood\"},{\"@type\":\"BreadcrumbList\",\"@id\":\"https:\\\/\\\/radis.ee\\\/fr\\\/etagere-murale-criss-copy\\\/#breadcrumb\",\"itemListElement\":[{\"@type\":\"ListItem\",\"position\":1,\"name\":\"Home\",\"item\":\"https:\\\/\\\/radis.ee\\\/\"},{\"@type\":\"ListItem\",\"position\":2,\"name\":\"Magasin\",\"item\":\"https:\\\/\\\/radis.ee\\\/fr\\\/magasin\\\/\"},{\"@type\":\"ListItem\",\"position\":3,\"name\":\"Etag\u00e8re OVE\"}]},{\"@type\":\"WebSite\",\"@id\":\"https:\\\/\\\/radis.ee\\\/#website\",\"url\":\"https:\\\/\\\/radis.ee\\\/\",\"name\":\"Radis\",\"description\":\"Nordic design furniture, environmentally friendly and sustainable.\",\"publisher\":{\"@id\":\"https:\\\/\\\/radis.ee\\\/#organization\"},\"potentialAction\":[{\"@type\":\"SearchAction\",\"target\":{\"@type\":\"EntryPoint\",\"urlTemplate\":\"https:\\\/\\\/radis.ee\\\/?s={search_term_string}\"},\"query-input\":{\"@type\":\"PropertyValueSpecification\",\"valueRequired\":true,\"valueName\":\"search_term_string\"}}],\"inLanguage\":\"fr-FR\"},{\"@type\":\"Organization\",\"@id\":\"https:\\\/\\\/radis.ee\\\/#organization\",\"name\":\"Radis O\u00dc\",\"url\":\"https:\\\/\\\/radis.ee\\\/\",\"logo\":{\"@type\":\"ImageObject\",\"inLanguage\":\"fr-FR\",\"@id\":\"https:\\\/\\\/radis.ee\\\/#\\\/schema\\\/logo\\\/image\\\/\",\"url\":\"https:\\\/\\\/radis.ee\\\/wp-content\\\/uploads\\\/2020\\\/10\\\/Radis-logo.png\",\"contentUrl\":\"https:\\\/\\\/radis.ee\\\/wp-content\\\/uploads\\\/2020\\\/10\\\/Radis-logo.png\",\"width\":300,\"height\":63,\"caption\":\"Radis O\u00dc\"},\"image\":{\"@id\":\"https:\\\/\\\/radis.ee\\\/#\\\/schema\\\/logo\\\/image\\\/\"},\"sameAs\":[\"https:\\\/\\\/www.facebook.com\\\/radisfurniture\\\/\"]}]}<\/script>\n<!-- \/ Yoast SEO plugin. -->","yoast_head_json":{"title":"Etag\u00e8re OVE - Radis","robots":{"index":"index","follow":"follow","max-snippet":"max-snippet:-1","max-image-preview":"max-image-preview:large","max-video-preview":"max-video-preview:-1"},"canonical":"https:\/\/radis.ee\/fr\/etagere-murale-criss-copy\/","og_locale":"fr_FR","og_type":"article","og_title":"Etag\u00e8re OVE - Radis","og_description":"L&rsquo;\u00e9tag\u00e8re OVE rappelle les meubles scandinaves les plus embl\u00e9matiques avec ses coins arrondis doux, ses multiples possibilit\u00e9s d&rsquo;utilisation et ses formes g\u00e9om\u00e9triques. L&rsquo;\u00e9tag\u00e8re OVE est disponible en trois hauteurs et formes diff\u00e9rentes pour que vous puissiez \u00e9galement l&rsquo;utiliser comme buffet ou comme table basse. L&rsquo;\u00e9tag\u00e8re la plus haute est une v\u00e9ritable merveille avec sa hauteur...","og_url":"https:\/\/radis.ee\/fr\/etagere-murale-criss-copy\/","og_site_name":"Radis","article_publisher":"https:\/\/www.facebook.com\/radisfurniture\/","article_modified_time":"2024-04-10T09:11:15+00:00","og_image":[{"width":1060,"height":1263,"url":"https:\/\/radis.ee\/wp-content\/uploads\/2024\/04\/RADIS_shelf_OVE_5_levels_Oak_veneered_plywood_4.jpg","type":"image\/jpeg"}],"twitter_card":"summary_large_image","twitter_misc":{"Dur\u00e9e de lecture estim\u00e9e":"1 minute"},"schema":{"@context":"https:\/\/schema.org","@graph":[{"@type":"WebPage","@id":"https:\/\/radis.ee\/fr\/etagere-murale-criss-copy\/","url":"https:\/\/radis.ee\/fr\/etagere-murale-criss-copy\/","name":"Etag\u00e8re OVE - Radis","isPartOf":{"@id":"https:\/\/radis.ee\/#website"},"primaryImageOfPage":{"@id":"https:\/\/radis.ee\/fr\/etagere-murale-criss-copy\/#primaryimage"},"image":{"@id":"https:\/\/radis.ee\/fr\/etagere-murale-criss-copy\/#primaryimage"},"thumbnailUrl":"https:\/\/radis.ee\/wp-content\/uploads\/2024\/04\/RADIS_shelf_OVE_5_levels_Oak_veneered_plywood_4.jpg","datePublished":"2024-04-04T19:56:51+00:00","dateModified":"2024-04-10T09:11:15+00:00","breadcrumb":{"@id":"https:\/\/radis.ee\/fr\/etagere-murale-criss-copy\/#breadcrumb"},"inLanguage":"fr-FR","potentialAction":[{"@type":"ReadAction","target":["https:\/\/radis.ee\/fr\/etagere-murale-criss-copy\/"]}]},{"@type":"ImageObject","inLanguage":"fr-FR","@id":"https:\/\/radis.ee\/fr\/etagere-murale-criss-copy\/#primaryimage","url":"https:\/\/radis.ee\/wp-content\/uploads\/2024\/04\/RADIS_shelf_OVE_5_levels_Oak_veneered_plywood_4.jpg","contentUrl":"https:\/\/radis.ee\/wp-content\/uploads\/2024\/04\/RADIS_shelf_OVE_5_levels_Oak_veneered_plywood_4.jpg","width":1060,"height":1263,"caption":"Radis shelf OVE 5 story Oak veneered plywood"},{"@type":"BreadcrumbList","@id":"https:\/\/radis.ee\/fr\/etagere-murale-criss-copy\/#breadcrumb","itemListElement":[{"@type":"ListItem","position":1,"name":"Home","item":"https:\/\/radis.ee\/"},{"@type":"ListItem","position":2,"name":"Magasin","item":"https:\/\/radis.ee\/fr\/magasin\/"},{"@type":"ListItem","position":3,"name":"Etag\u00e8re OVE"}]},{"@type":"WebSite","@id":"https:\/\/radis.ee\/#website","url":"https:\/\/radis.ee\/","name":"Radis","description":"Nordic design furniture, environmentally friendly and sustainable.","publisher":{"@id":"https:\/\/radis.ee\/#organization"},"potentialAction":[{"@type":"SearchAction","target":{"@type":"EntryPoint","urlTemplate":"https:\/\/radis.ee\/?s={search_term_string}"},"query-input":{"@type":"PropertyValueSpecification","valueRequired":true,"valueName":"search_term_string"}}],"inLanguage":"fr-FR"},{"@type":"Organization","@id":"https:\/\/radis.ee\/#organization","name":"Radis O\u00dc","url":"https:\/\/radis.ee\/","logo":{"@type":"ImageObject","inLanguage":"fr-FR","@id":"https:\/\/radis.ee\/#\/schema\/logo\/image\/","url":"https:\/\/radis.ee\/wp-content\/uploads\/2020\/10\/Radis-logo.png","contentUrl":"https:\/\/radis.ee\/wp-content\/uploads\/2020\/10\/Radis-logo.png","width":300,"height":63,"caption":"Radis O\u00dc"},"image":{"@id":"https:\/\/radis.ee\/#\/schema\/logo\/image\/"},"sameAs":["https:\/\/www.facebook.com\/radisfurniture\/"]}]}},"_links":{"self":[{"href":"https:\/\/radis.ee\/fr\/wp-json\/wp\/v2\/product\/26523","targetHints":{"allow":["GET"]}}],"collection":[{"href":"https:\/\/radis.ee\/fr\/wp-json\/wp\/v2\/product"}],"about":[{"href":"https:\/\/radis.ee\/fr\/wp-json\/wp\/v2\/types\/product"}],"replies":[{"embeddable":true,"href":"https:\/\/radis.ee\/fr\/wp-json\/wp\/v2\/comments?post=26523"}],"wp:featuredmedia":[{"embeddable":true,"href":"https:\/\/radis.ee\/fr\/wp-json\/wp\/v2\/media\/26663"}],"wp:attachment":[{"href":"https:\/\/radis.ee\/fr\/wp-json\/wp\/v2\/media?parent=26523"}],"wp:term":[{"taxonomy":"product_brand","embeddable":true,"href":"https:\/\/radis.ee\/fr\/wp-json\/wp\/v2\/product_brand?post=26523"},{"taxonomy":"product_cat","embeddable":true,"href":"https:\/\/radis.ee\/fr\/wp-json\/wp\/v2\/product_cat?post=26523"},{"taxonomy":"product_tag","embeddable":true,"href":"https:\/\/radis.ee\/fr\/wp-json\/wp\/v2\/product_tag?post=26523"}],"curies":[{"name":"wp","href":"https:\/\/api.w.org\/{rel}","templated":true}]}}