{"id":26757,"date":"2020-04-17T10:31:19","date_gmt":"2024-04-20T08:31:20","guid":{"rendered":"https:\/\/radis.ee\/?post_type=product&#038;p=26757"},"modified":"2024-04-20T11:51:25","modified_gmt":"2024-04-20T08:51:25","slug":"etagere-dangle-ove","status":"publish","type":"product","link":"https:\/\/radis.ee\/fr\/etagere-dangle-ove\/","title":{"rendered":"\u00c9tag\u00e8re d&rsquo;angle OVE"},"content":{"rendered":"<p>L&rsquo;\u00e9tag\u00e8re d&rsquo;angle OVE rappelle les meubles scandinaves les plus embl\u00e9matiques avec ses coins arrondis doux, ses multiples possibilit\u00e9s d&rsquo;utilisation et ses formes g\u00e9om\u00e9triques. C&rsquo;est un v\u00e9ritable incontournable avec sa hauteur imposante de 150 cm.<\/p>\n<p>La hauteur int\u00e9rieure des \u00e9tag\u00e8res OVE est de 38 cm, ce qui en fait un espace de rangement id\u00e9al pour les disques vinyles. La finition en placage de ch\u00eane est neutre et intemporelle et s&rsquo;int\u00e8gre parfaitement dans n&rsquo;importe quel int\u00e9rieur. Cornershelf OVE est un investissement dans un meuble intemporel et classique.<\/p>\n<p>Fabriqu\u00e9 en contreplaqu\u00e9 de bouleau plaqu\u00e9 ch\u00eane, cir\u00e9 \u00e0 l&rsquo;huile.<\/p>\n","protected":false},"excerpt":{"rendered":"<p>L&rsquo;\u00e9tag\u00e8re d&rsquo;angle OVE rappelle les meubles scandinaves les plus embl\u00e9matiques avec ses coins arrondis doux, ses multiples possibilit\u00e9s d&rsquo;utilisation et ses formes g\u00e9om\u00e9triques. C&rsquo;est un v\u00e9ritable incontournable avec sa hauteur imposante de 150 cm. La hauteur int\u00e9rieure des \u00e9tag\u00e8res OVE est de 38 cm, ce qui en fait un espace de rangement id\u00e9al pour les&#8230;<\/p>\n","protected":false},"featured_media":26775,"comment_status":"open","ping_status":"closed","template":"","meta":{"_acf_changed":false},"product_brand":[],"product_cat":[109],"product_tag":[],"class_list":{"0":"post-26757","1":"product","2":"type-product","3":"status-publish","4":"has-post-thumbnail","6":"product_cat-riiulid","8":"first","9":"instock","10":"taxable","11":"shipping-taxable","12":"purchasable","13":"product-type-simple"},"acf":[],"yoast_head":"<!-- This site is optimized with the Yoast SEO plugin v27.3 - https:\/\/yoast.com\/product\/yoast-seo-wordpress\/ -->\n<title>\u00c9tag\u00e8re d&#039;angle OVE - Radis<\/title>\n<meta name=\"robots\" content=\"index, follow, max-snippet:-1, max-image-preview:large, max-video-preview:-1\" \/>\n<link rel=\"canonical\" href=\"https:\/\/radis.ee\/fr\/etagere-dangle-ove\/\" \/>\n<meta property=\"og:locale\" content=\"fr_FR\" \/>\n<meta property=\"og:type\" content=\"article\" \/>\n<meta property=\"og:title\" content=\"\u00c9tag\u00e8re d&#039;angle OVE - Radis\" \/>\n<meta property=\"og:description\" content=\"L&rsquo;\u00e9tag\u00e8re d&rsquo;angle OVE rappelle les meubles scandinaves les plus embl\u00e9matiques avec ses coins arrondis doux, ses multiples possibilit\u00e9s d&rsquo;utilisation et ses formes g\u00e9om\u00e9triques. C&rsquo;est un v\u00e9ritable incontournable avec sa hauteur imposante de 150 cm. La hauteur int\u00e9rieure des \u00e9tag\u00e8res OVE est de 38 cm, ce qui en fait un espace de rangement id\u00e9al pour les...\" \/>\n<meta property=\"og:url\" content=\"https:\/\/radis.ee\/fr\/etagere-dangle-ove\/\" \/>\n<meta property=\"og:site_name\" content=\"Radis\" \/>\n<meta property=\"article:publisher\" content=\"https:\/\/www.facebook.com\/radisfurniture\/\" \/>\n<meta property=\"article:modified_time\" content=\"2024-04-20T08:51:25+00:00\" \/>\n<meta property=\"og:image\" content=\"https:\/\/radis.ee\/wp-content\/uploads\/2024\/04\/Radis_cornershelf_OVE_Oak_veneered_plywood_white.jpg\" \/>\n\t<meta property=\"og:image:width\" content=\"1360\" \/>\n\t<meta property=\"og:image:height\" content=\"1620\" \/>\n\t<meta property=\"og:image:type\" content=\"image\/jpeg\" \/>\n<meta name=\"twitter:card\" content=\"summary_large_image\" \/>\n<meta name=\"twitter:label1\" content=\"Dur\u00e9e de lecture estim\u00e9e\" \/>\n\t<meta name=\"twitter:data1\" content=\"1 minute\" \/>\n<script type=\"application\/ld+json\" class=\"yoast-schema-graph\">{\"@context\":\"https:\\\/\\\/schema.org\",\"@graph\":[{\"@type\":\"WebPage\",\"@id\":\"https:\\\/\\\/radis.ee\\\/fr\\\/etagere-dangle-ove\\\/\",\"url\":\"https:\\\/\\\/radis.ee\\\/fr\\\/etagere-dangle-ove\\\/\",\"name\":\"\u00c9tag\u00e8re d'angle OVE - Radis\",\"isPartOf\":{\"@id\":\"https:\\\/\\\/radis.ee\\\/#website\"},\"primaryImageOfPage\":{\"@id\":\"https:\\\/\\\/radis.ee\\\/fr\\\/etagere-dangle-ove\\\/#primaryimage\"},\"image\":{\"@id\":\"https:\\\/\\\/radis.ee\\\/fr\\\/etagere-dangle-ove\\\/#primaryimage\"},\"thumbnailUrl\":\"https:\\\/\\\/radis.ee\\\/wp-content\\\/uploads\\\/2024\\\/04\\\/Radis_cornershelf_OVE_Oak_veneered_plywood_white.jpg\",\"datePublished\":\"2024-04-20T08:31:20+00:00\",\"dateModified\":\"2024-04-20T08:51:25+00:00\",\"breadcrumb\":{\"@id\":\"https:\\\/\\\/radis.ee\\\/fr\\\/etagere-dangle-ove\\\/#breadcrumb\"},\"inLanguage\":\"fr-FR\",\"potentialAction\":[{\"@type\":\"ReadAction\",\"target\":[\"https:\\\/\\\/radis.ee\\\/fr\\\/etagere-dangle-ove\\\/\"]}]},{\"@type\":\"ImageObject\",\"inLanguage\":\"fr-FR\",\"@id\":\"https:\\\/\\\/radis.ee\\\/fr\\\/etagere-dangle-ove\\\/#primaryimage\",\"url\":\"https:\\\/\\\/radis.ee\\\/wp-content\\\/uploads\\\/2024\\\/04\\\/Radis_cornershelf_OVE_Oak_veneered_plywood_white.jpg\",\"contentUrl\":\"https:\\\/\\\/radis.ee\\\/wp-content\\\/uploads\\\/2024\\\/04\\\/Radis_cornershelf_OVE_Oak_veneered_plywood_white.jpg\",\"width\":1360,\"height\":1620,\"caption\":\"Radis cornershelf OVE Oak veneered plywood\"},{\"@type\":\"BreadcrumbList\",\"@id\":\"https:\\\/\\\/radis.ee\\\/fr\\\/etagere-dangle-ove\\\/#breadcrumb\",\"itemListElement\":[{\"@type\":\"ListItem\",\"position\":1,\"name\":\"Home\",\"item\":\"https:\\\/\\\/radis.ee\\\/\"},{\"@type\":\"ListItem\",\"position\":2,\"name\":\"Magasin\",\"item\":\"https:\\\/\\\/radis.ee\\\/fr\\\/magasin\\\/\"},{\"@type\":\"ListItem\",\"position\":3,\"name\":\"\u00c9tag\u00e8re d&#8217;angle OVE\"}]},{\"@type\":\"WebSite\",\"@id\":\"https:\\\/\\\/radis.ee\\\/#website\",\"url\":\"https:\\\/\\\/radis.ee\\\/\",\"name\":\"Radis\",\"description\":\"Nordic design furniture, environmentally friendly and sustainable.\",\"publisher\":{\"@id\":\"https:\\\/\\\/radis.ee\\\/#organization\"},\"potentialAction\":[{\"@type\":\"SearchAction\",\"target\":{\"@type\":\"EntryPoint\",\"urlTemplate\":\"https:\\\/\\\/radis.ee\\\/?s={search_term_string}\"},\"query-input\":{\"@type\":\"PropertyValueSpecification\",\"valueRequired\":true,\"valueName\":\"search_term_string\"}}],\"inLanguage\":\"fr-FR\"},{\"@type\":\"Organization\",\"@id\":\"https:\\\/\\\/radis.ee\\\/#organization\",\"name\":\"Radis O\u00dc\",\"url\":\"https:\\\/\\\/radis.ee\\\/\",\"logo\":{\"@type\":\"ImageObject\",\"inLanguage\":\"fr-FR\",\"@id\":\"https:\\\/\\\/radis.ee\\\/#\\\/schema\\\/logo\\\/image\\\/\",\"url\":\"https:\\\/\\\/radis.ee\\\/wp-content\\\/uploads\\\/2020\\\/10\\\/Radis-logo.png\",\"contentUrl\":\"https:\\\/\\\/radis.ee\\\/wp-content\\\/uploads\\\/2020\\\/10\\\/Radis-logo.png\",\"width\":300,\"height\":63,\"caption\":\"Radis O\u00dc\"},\"image\":{\"@id\":\"https:\\\/\\\/radis.ee\\\/#\\\/schema\\\/logo\\\/image\\\/\"},\"sameAs\":[\"https:\\\/\\\/www.facebook.com\\\/radisfurniture\\\/\"]}]}<\/script>\n<!-- \/ Yoast SEO plugin. -->","yoast_head_json":{"title":"\u00c9tag\u00e8re d'angle OVE - Radis","robots":{"index":"index","follow":"follow","max-snippet":"max-snippet:-1","max-image-preview":"max-image-preview:large","max-video-preview":"max-video-preview:-1"},"canonical":"https:\/\/radis.ee\/fr\/etagere-dangle-ove\/","og_locale":"fr_FR","og_type":"article","og_title":"\u00c9tag\u00e8re d'angle OVE - Radis","og_description":"L&rsquo;\u00e9tag\u00e8re d&rsquo;angle OVE rappelle les meubles scandinaves les plus embl\u00e9matiques avec ses coins arrondis doux, ses multiples possibilit\u00e9s d&rsquo;utilisation et ses formes g\u00e9om\u00e9triques. C&rsquo;est un v\u00e9ritable incontournable avec sa hauteur imposante de 150 cm. La hauteur int\u00e9rieure des \u00e9tag\u00e8res OVE est de 38 cm, ce qui en fait un espace de rangement id\u00e9al pour les...","og_url":"https:\/\/radis.ee\/fr\/etagere-dangle-ove\/","og_site_name":"Radis","article_publisher":"https:\/\/www.facebook.com\/radisfurniture\/","article_modified_time":"2024-04-20T08:51:25+00:00","og_image":[{"width":1360,"height":1620,"url":"https:\/\/radis.ee\/wp-content\/uploads\/2024\/04\/Radis_cornershelf_OVE_Oak_veneered_plywood_white.jpg","type":"image\/jpeg"}],"twitter_card":"summary_large_image","twitter_misc":{"Dur\u00e9e de lecture estim\u00e9e":"1 minute"},"schema":{"@context":"https:\/\/schema.org","@graph":[{"@type":"WebPage","@id":"https:\/\/radis.ee\/fr\/etagere-dangle-ove\/","url":"https:\/\/radis.ee\/fr\/etagere-dangle-ove\/","name":"\u00c9tag\u00e8re d'angle OVE - Radis","isPartOf":{"@id":"https:\/\/radis.ee\/#website"},"primaryImageOfPage":{"@id":"https:\/\/radis.ee\/fr\/etagere-dangle-ove\/#primaryimage"},"image":{"@id":"https:\/\/radis.ee\/fr\/etagere-dangle-ove\/#primaryimage"},"thumbnailUrl":"https:\/\/radis.ee\/wp-content\/uploads\/2024\/04\/Radis_cornershelf_OVE_Oak_veneered_plywood_white.jpg","datePublished":"2024-04-20T08:31:20+00:00","dateModified":"2024-04-20T08:51:25+00:00","breadcrumb":{"@id":"https:\/\/radis.ee\/fr\/etagere-dangle-ove\/#breadcrumb"},"inLanguage":"fr-FR","potentialAction":[{"@type":"ReadAction","target":["https:\/\/radis.ee\/fr\/etagere-dangle-ove\/"]}]},{"@type":"ImageObject","inLanguage":"fr-FR","@id":"https:\/\/radis.ee\/fr\/etagere-dangle-ove\/#primaryimage","url":"https:\/\/radis.ee\/wp-content\/uploads\/2024\/04\/Radis_cornershelf_OVE_Oak_veneered_plywood_white.jpg","contentUrl":"https:\/\/radis.ee\/wp-content\/uploads\/2024\/04\/Radis_cornershelf_OVE_Oak_veneered_plywood_white.jpg","width":1360,"height":1620,"caption":"Radis cornershelf OVE Oak veneered plywood"},{"@type":"BreadcrumbList","@id":"https:\/\/radis.ee\/fr\/etagere-dangle-ove\/#breadcrumb","itemListElement":[{"@type":"ListItem","position":1,"name":"Home","item":"https:\/\/radis.ee\/"},{"@type":"ListItem","position":2,"name":"Magasin","item":"https:\/\/radis.ee\/fr\/magasin\/"},{"@type":"ListItem","position":3,"name":"\u00c9tag\u00e8re d&#8217;angle OVE"}]},{"@type":"WebSite","@id":"https:\/\/radis.ee\/#website","url":"https:\/\/radis.ee\/","name":"Radis","description":"Nordic design furniture, environmentally friendly and sustainable.","publisher":{"@id":"https:\/\/radis.ee\/#organization"},"potentialAction":[{"@type":"SearchAction","target":{"@type":"EntryPoint","urlTemplate":"https:\/\/radis.ee\/?s={search_term_string}"},"query-input":{"@type":"PropertyValueSpecification","valueRequired":true,"valueName":"search_term_string"}}],"inLanguage":"fr-FR"},{"@type":"Organization","@id":"https:\/\/radis.ee\/#organization","name":"Radis O\u00dc","url":"https:\/\/radis.ee\/","logo":{"@type":"ImageObject","inLanguage":"fr-FR","@id":"https:\/\/radis.ee\/#\/schema\/logo\/image\/","url":"https:\/\/radis.ee\/wp-content\/uploads\/2020\/10\/Radis-logo.png","contentUrl":"https:\/\/radis.ee\/wp-content\/uploads\/2020\/10\/Radis-logo.png","width":300,"height":63,"caption":"Radis O\u00dc"},"image":{"@id":"https:\/\/radis.ee\/#\/schema\/logo\/image\/"},"sameAs":["https:\/\/www.facebook.com\/radisfurniture\/"]}]}},"_links":{"self":[{"href":"https:\/\/radis.ee\/fr\/wp-json\/wp\/v2\/product\/26757","targetHints":{"allow":["GET"]}}],"collection":[{"href":"https:\/\/radis.ee\/fr\/wp-json\/wp\/v2\/product"}],"about":[{"href":"https:\/\/radis.ee\/fr\/wp-json\/wp\/v2\/types\/product"}],"replies":[{"embeddable":true,"href":"https:\/\/radis.ee\/fr\/wp-json\/wp\/v2\/comments?post=26757"}],"wp:featuredmedia":[{"embeddable":true,"href":"https:\/\/radis.ee\/fr\/wp-json\/wp\/v2\/media\/26775"}],"wp:attachment":[{"href":"https:\/\/radis.ee\/fr\/wp-json\/wp\/v2\/media?parent=26757"}],"wp:term":[{"taxonomy":"product_brand","embeddable":true,"href":"https:\/\/radis.ee\/fr\/wp-json\/wp\/v2\/product_brand?post=26757"},{"taxonomy":"product_cat","embeddable":true,"href":"https:\/\/radis.ee\/fr\/wp-json\/wp\/v2\/product_cat?post=26757"},{"taxonomy":"product_tag","embeddable":true,"href":"https:\/\/radis.ee\/fr\/wp-json\/wp\/v2\/product_tag?post=26757"}],"curies":[{"name":"wp","href":"https:\/\/api.w.org\/{rel}","templated":true}]}}