{"id":26909,"date":"2022-09-10T11:01:09","date_gmt":"2022-09-10T08:01:09","guid":{"rendered":"https:\/\/radis.ee\/?post_type=product&#038;p=26909"},"modified":"2025-05-30T11:11:59","modified_gmt":"2025-05-30T08:11:59","slug":"lit-escamotable-vertical-grid-avec-etagere-et-canape","status":"publish","type":"product","link":"https:\/\/radis.ee\/fr\/lit-escamotable-vertical-grid-avec-etagere-et-canape\/","title":{"rendered":"Lit escamotable vertical GRID avec \u00e9tag\u00e8re et canap\u00e9"},"content":{"rendered":"<p>La populaire s\u00e9rie GRID a \u00e9t\u00e9 \u00e9largie avec un lit escamotable vertical, auquel nous proposons \u00e9galement une \u00e9tag\u00e8re avec portes et un canap\u00e9. Le lit armoire est une solution id\u00e9ale lorsqu\u2019il y a peu d\u2019espace, mais que l\u2019on ne veut pas l\u00e9siner sur le confort et la qualit\u00e9 du lit ou du canap\u00e9.<\/p>\n<p>Des solutions intelligentes et peu encombrantes qui rendent votre vie plus fonctionnelle et vivante. D&rsquo;un l\u00e9ger mouvement, vous pourrez cacher le canap\u00e9 convertible pliant et ouvrir le lit en m\u00eame temps. Avant d&rsquo;ouvrir le lit, retirez simplement les coussins du dossier et d\u00e9placez l&rsquo;assise dans le cadre.<\/p>\n<p>Nous utilisons des m\u00e9canismes durables provenant d&rsquo;Italie, gr\u00e2ce auxquels il est facile et s\u00fbr d&rsquo;ouvrir le lit. L&rsquo;ouverture et la fermeture sont soutenues par des amortisseurs, avec une fonction garantie de 10 000 cycles. Le lit Murphy est \u00e9quip\u00e9 de sangles de fixation qui maintiennent la literie et le matelas en place. Le matelas n&rsquo;est pas inclus dans le set, les dimensions du matelas adapt\u00e9 sont de 120-140-160x200x18 cm, avec un poids maximum de 28 kg. La hauteur du sommier du lit est de 34 cm du sol. Plan orthop\u00e9dique avec lattes en contreplaqu\u00e9 de bouleau ins\u00e9r\u00e9es dans le tube du cadre de lit au moyen de gaines sp\u00e9ciales silencieuses.<\/p>\n<p>Fabriqu\u00e9 en contreplaqu\u00e9 de bouleau HPL stratifi\u00e9 haute pression Koskisen de 18 mm, ou enti\u00e8rement en contreplaqu\u00e9 plaqu\u00e9 ch\u00eane, cir\u00e9 \u00e0 l&rsquo;huile. M\u00e9canismes de lit en m\u00e9tal peint par poudrage gris.<\/p>\n<p>Le tissu du canap\u00e9 est de haute qualit\u00e9 et durable Nevoso Lido \/Lido Trend (martindale 115000), disponible en plusieurs couleurs. Le tissu est enduit de polaire qui donne une sensation extra douce et agr\u00e9able ainsi qu&rsquo;une tr\u00e8s bonne finition au niveau des coutures. La structure du canap\u00e9 est en contreplaqu\u00e9 de bouleau et en bois de haute qualit\u00e9. Ressorts en zigzag utilis\u00e9s sur le cadre du si\u00e8ge. Coussins d&rsquo;assise en HR-35 kg et coussins de dossier HR-25 kg de mousse (HR est une mousse durable et ignifuge). Les coussins d&rsquo;assise sont ferm\u00e9s, les coussins de dossier sont ouverts. Les pieds du canap\u00e9 sont en plastique d&rsquo;une hauteur de 35 mm.<\/p>\n<p>Ressorts \u00e0 gaz test\u00e9s sur 10 000 cycles, avec tige surdimensionn\u00e9e et connexion en zamak pour un montage facile. Vous pouvez voir la facilit\u00e9 d&rsquo;utilisation du m\u00e9canisme du lit dans <a href=\"https:\/\/www.youtube.com\/watch?v=6x-7ctNKj9g\"><strong>cette vid\u00e9o<\/strong><\/a>.<\/p>\n<p>La hauteur d&rsquo;assise du canap\u00e9 est de 46cm, la hauteur du dossier depuis le sol est de 88cm, la profondeur totale du canap\u00e9 est de 84cm, la largeur d&rsquo;assise est de 176cm pour un lit de 160cm. Il y a des \u00e9tag\u00e8res de 37 cm de large des deux c\u00f4t\u00e9s du lit. La largeur totale du matelas est de 160 cm + 88 cm.<\/p>\n<p>Si vous souhaitez un matelas plus \u00e9troit que 160 cm, merci de l&rsquo;indiquer lors de la commande. Vous pouvez \u00e9galement ajouter le num\u00e9ro de tissu tendance Linoso Lido\/Lido appropri\u00e9 \u00e0 votre commande. L&rsquo;abat-jour en tissu Lido Trend 102 Pacific 1017521 est utilis\u00e9 sur le canap\u00e9-lit plaqu\u00e9 ch\u00eane. L&rsquo;abat-jour en tissu Lido Trend 98 Glass 1017512 est utilis\u00e9 sur le canap\u00e9-lit en contreplaqu\u00e9 HPL blanc.<\/p>\n<p>Profondeur du meuble-\u00e9tag\u00e8re 40 cm. Il y a des \u00e9tag\u00e8res de 37 cm de large des deux c\u00f4t\u00e9s du lit.<\/p>\n<p>N&rsquo;h\u00e9sitez pas \u00e0 nous contacter pour vos demandes sur mesure !<\/p>\n","protected":false},"excerpt":{"rendered":"<p>La populaire s\u00e9rie GRID a \u00e9t\u00e9 \u00e9largie avec un lit escamotable vertical, auquel nous proposons \u00e9galement une \u00e9tag\u00e8re avec portes et un canap\u00e9. Le lit armoire est une solution id\u00e9ale lorsqu\u2019il y a peu d\u2019espace, mais que l\u2019on ne veut pas l\u00e9siner sur le confort et la qualit\u00e9 du lit ou du canap\u00e9. Des solutions&#8230;<\/p>\n","protected":false},"featured_media":26992,"comment_status":"open","ping_status":"closed","template":"","meta":{"_acf_changed":false},"product_brand":[],"product_cat":[113],"product_tag":[],"class_list":{"0":"post-26909","1":"product","2":"type-product","3":"status-publish","4":"has-post-thumbnail","6":"product_cat-voodid","8":"first","9":"instock","10":"taxable","11":"shipping-taxable","12":"purchasable","13":"product-type-variable","14":"has-default-attributes"},"acf":[],"yoast_head":"<!-- This site is optimized with the Yoast SEO plugin v27.3 - https:\/\/yoast.com\/product\/yoast-seo-wordpress\/ -->\n<title>Lit escamotable vertical GRID avec \u00e9tag\u00e8re et canap\u00e9 - Radis<\/title>\n<meta name=\"robots\" content=\"index, follow, max-snippet:-1, max-image-preview:large, max-video-preview:-1\" \/>\n<link rel=\"canonical\" href=\"https:\/\/radis.ee\/vertikaalne-kappvoodi-grid-riiuli-ja-diivaniga\/\" \/>\n<meta property=\"og:locale\" content=\"fr_FR\" \/>\n<meta property=\"og:type\" content=\"article\" \/>\n<meta property=\"og:title\" content=\"Lit escamotable vertical GRID avec \u00e9tag\u00e8re et canap\u00e9 - Radis\" \/>\n<meta property=\"og:description\" content=\"La populaire s\u00e9rie GRID a \u00e9t\u00e9 \u00e9largie avec un lit escamotable vertical, auquel nous proposons \u00e9galement une \u00e9tag\u00e8re avec portes et un canap\u00e9. Le lit armoire est une solution id\u00e9ale lorsqu\u2019il y a peu d\u2019espace, mais que l\u2019on ne veut pas l\u00e9siner sur le confort et la qualit\u00e9 du lit ou du canap\u00e9. Des solutions...\" \/>\n<meta property=\"og:url\" content=\"https:\/\/radis.ee\/vertikaalne-kappvoodi-grid-riiuli-ja-diivaniga\/\" \/>\n<meta property=\"og:site_name\" content=\"Radis\" \/>\n<meta property=\"article:publisher\" content=\"https:\/\/www.facebook.com\/radisfurniture\/\" \/>\n<meta property=\"article:modified_time\" content=\"2025-05-30T08:11:59+00:00\" \/>\n<meta property=\"og:image\" content=\"https:\/\/radis.ee\/wp-content\/uploads\/2024\/05\/RADIS_vertical_hideaway_bed_with_shelf_and-sofra_Oak_veneered_plywood_white_background.jpg\" \/>\n\t<meta property=\"og:image:width\" content=\"940\" \/>\n\t<meta property=\"og:image:height\" content=\"1120\" \/>\n\t<meta property=\"og:image:type\" content=\"image\/jpeg\" \/>\n<meta name=\"twitter:card\" content=\"summary_large_image\" \/>\n<meta name=\"twitter:label1\" content=\"Dur\u00e9e de lecture estim\u00e9e\" \/>\n\t<meta name=\"twitter:data1\" content=\"3 minutes\" \/>\n<script type=\"application\/ld+json\" class=\"yoast-schema-graph\">{\"@context\":\"https:\\\/\\\/schema.org\",\"@graph\":[{\"@type\":\"WebPage\",\"@id\":\"https:\\\/\\\/radis.ee\\\/vertikaalne-kappvoodi-grid-riiuli-ja-diivaniga\\\/\",\"url\":\"https:\\\/\\\/radis.ee\\\/vertikaalne-kappvoodi-grid-riiuli-ja-diivaniga\\\/\",\"name\":\"Lit escamotable vertical GRID avec \u00e9tag\u00e8re et canap\u00e9 - Radis\",\"isPartOf\":{\"@id\":\"https:\\\/\\\/radis.ee\\\/#website\"},\"primaryImageOfPage\":{\"@id\":\"https:\\\/\\\/radis.ee\\\/vertikaalne-kappvoodi-grid-riiuli-ja-diivaniga\\\/#primaryimage\"},\"image\":{\"@id\":\"https:\\\/\\\/radis.ee\\\/vertikaalne-kappvoodi-grid-riiuli-ja-diivaniga\\\/#primaryimage\"},\"thumbnailUrl\":\"https:\\\/\\\/radis.ee\\\/wp-content\\\/uploads\\\/2024\\\/05\\\/RADIS_vertical_hideaway_bed_with_shelf_and-sofra_Oak_veneered_plywood_white_background.jpg\",\"datePublished\":\"2022-09-10T08:01:09+00:00\",\"dateModified\":\"2025-05-30T08:11:59+00:00\",\"breadcrumb\":{\"@id\":\"https:\\\/\\\/radis.ee\\\/vertikaalne-kappvoodi-grid-riiuli-ja-diivaniga\\\/#breadcrumb\"},\"inLanguage\":\"fr-FR\",\"potentialAction\":[{\"@type\":\"ReadAction\",\"target\":[\"https:\\\/\\\/radis.ee\\\/vertikaalne-kappvoodi-grid-riiuli-ja-diivaniga\\\/\"]}]},{\"@type\":\"ImageObject\",\"inLanguage\":\"fr-FR\",\"@id\":\"https:\\\/\\\/radis.ee\\\/vertikaalne-kappvoodi-grid-riiuli-ja-diivaniga\\\/#primaryimage\",\"url\":\"https:\\\/\\\/radis.ee\\\/wp-content\\\/uploads\\\/2024\\\/05\\\/RADIS_vertical_hideaway_bed_with_shelf_and-sofra_Oak_veneered_plywood_white_background.jpg\",\"contentUrl\":\"https:\\\/\\\/radis.ee\\\/wp-content\\\/uploads\\\/2024\\\/05\\\/RADIS_vertical_hideaway_bed_with_shelf_and-sofra_Oak_veneered_plywood_white_background.jpg\",\"width\":940,\"height\":1120,\"caption\":\"Radis vertical hideaway bed with shelf and sofa Oak veneered plywood\"},{\"@type\":\"BreadcrumbList\",\"@id\":\"https:\\\/\\\/radis.ee\\\/vertikaalne-kappvoodi-grid-riiuli-ja-diivaniga\\\/#breadcrumb\",\"itemListElement\":[{\"@type\":\"ListItem\",\"position\":1,\"name\":\"Home\",\"item\":\"https:\\\/\\\/radis.ee\\\/\"},{\"@type\":\"ListItem\",\"position\":2,\"name\":\"Magasin\",\"item\":\"https:\\\/\\\/radis.ee\\\/fr\\\/magasin\\\/\"},{\"@type\":\"ListItem\",\"position\":3,\"name\":\"Lit escamotable vertical GRID avec \u00e9tag\u00e8re et canap\u00e9\"}]},{\"@type\":\"WebSite\",\"@id\":\"https:\\\/\\\/radis.ee\\\/#website\",\"url\":\"https:\\\/\\\/radis.ee\\\/\",\"name\":\"Radis\",\"description\":\"Nordic design furniture, environmentally friendly and sustainable.\",\"publisher\":{\"@id\":\"https:\\\/\\\/radis.ee\\\/#organization\"},\"potentialAction\":[{\"@type\":\"SearchAction\",\"target\":{\"@type\":\"EntryPoint\",\"urlTemplate\":\"https:\\\/\\\/radis.ee\\\/?s={search_term_string}\"},\"query-input\":{\"@type\":\"PropertyValueSpecification\",\"valueRequired\":true,\"valueName\":\"search_term_string\"}}],\"inLanguage\":\"fr-FR\"},{\"@type\":\"Organization\",\"@id\":\"https:\\\/\\\/radis.ee\\\/#organization\",\"name\":\"Radis O\u00dc\",\"url\":\"https:\\\/\\\/radis.ee\\\/\",\"logo\":{\"@type\":\"ImageObject\",\"inLanguage\":\"fr-FR\",\"@id\":\"https:\\\/\\\/radis.ee\\\/#\\\/schema\\\/logo\\\/image\\\/\",\"url\":\"https:\\\/\\\/radis.ee\\\/wp-content\\\/uploads\\\/2020\\\/10\\\/Radis-logo.png\",\"contentUrl\":\"https:\\\/\\\/radis.ee\\\/wp-content\\\/uploads\\\/2020\\\/10\\\/Radis-logo.png\",\"width\":300,\"height\":63,\"caption\":\"Radis O\u00dc\"},\"image\":{\"@id\":\"https:\\\/\\\/radis.ee\\\/#\\\/schema\\\/logo\\\/image\\\/\"},\"sameAs\":[\"https:\\\/\\\/www.facebook.com\\\/radisfurniture\\\/\"]}]}<\/script>\n<!-- \/ Yoast SEO plugin. -->","yoast_head_json":{"title":"Lit escamotable vertical GRID avec \u00e9tag\u00e8re et canap\u00e9 - Radis","robots":{"index":"index","follow":"follow","max-snippet":"max-snippet:-1","max-image-preview":"max-image-preview:large","max-video-preview":"max-video-preview:-1"},"canonical":"https:\/\/radis.ee\/vertikaalne-kappvoodi-grid-riiuli-ja-diivaniga\/","og_locale":"fr_FR","og_type":"article","og_title":"Lit escamotable vertical GRID avec \u00e9tag\u00e8re et canap\u00e9 - Radis","og_description":"La populaire s\u00e9rie GRID a \u00e9t\u00e9 \u00e9largie avec un lit escamotable vertical, auquel nous proposons \u00e9galement une \u00e9tag\u00e8re avec portes et un canap\u00e9. Le lit armoire est une solution id\u00e9ale lorsqu\u2019il y a peu d\u2019espace, mais que l\u2019on ne veut pas l\u00e9siner sur le confort et la qualit\u00e9 du lit ou du canap\u00e9. Des solutions...","og_url":"https:\/\/radis.ee\/vertikaalne-kappvoodi-grid-riiuli-ja-diivaniga\/","og_site_name":"Radis","article_publisher":"https:\/\/www.facebook.com\/radisfurniture\/","article_modified_time":"2025-05-30T08:11:59+00:00","og_image":[{"width":940,"height":1120,"url":"https:\/\/radis.ee\/wp-content\/uploads\/2024\/05\/RADIS_vertical_hideaway_bed_with_shelf_and-sofra_Oak_veneered_plywood_white_background.jpg","type":"image\/jpeg"}],"twitter_card":"summary_large_image","twitter_misc":{"Dur\u00e9e de lecture estim\u00e9e":"3 minutes"},"schema":{"@context":"https:\/\/schema.org","@graph":[{"@type":"WebPage","@id":"https:\/\/radis.ee\/vertikaalne-kappvoodi-grid-riiuli-ja-diivaniga\/","url":"https:\/\/radis.ee\/vertikaalne-kappvoodi-grid-riiuli-ja-diivaniga\/","name":"Lit escamotable vertical GRID avec \u00e9tag\u00e8re et canap\u00e9 - Radis","isPartOf":{"@id":"https:\/\/radis.ee\/#website"},"primaryImageOfPage":{"@id":"https:\/\/radis.ee\/vertikaalne-kappvoodi-grid-riiuli-ja-diivaniga\/#primaryimage"},"image":{"@id":"https:\/\/radis.ee\/vertikaalne-kappvoodi-grid-riiuli-ja-diivaniga\/#primaryimage"},"thumbnailUrl":"https:\/\/radis.ee\/wp-content\/uploads\/2024\/05\/RADIS_vertical_hideaway_bed_with_shelf_and-sofra_Oak_veneered_plywood_white_background.jpg","datePublished":"2022-09-10T08:01:09+00:00","dateModified":"2025-05-30T08:11:59+00:00","breadcrumb":{"@id":"https:\/\/radis.ee\/vertikaalne-kappvoodi-grid-riiuli-ja-diivaniga\/#breadcrumb"},"inLanguage":"fr-FR","potentialAction":[{"@type":"ReadAction","target":["https:\/\/radis.ee\/vertikaalne-kappvoodi-grid-riiuli-ja-diivaniga\/"]}]},{"@type":"ImageObject","inLanguage":"fr-FR","@id":"https:\/\/radis.ee\/vertikaalne-kappvoodi-grid-riiuli-ja-diivaniga\/#primaryimage","url":"https:\/\/radis.ee\/wp-content\/uploads\/2024\/05\/RADIS_vertical_hideaway_bed_with_shelf_and-sofra_Oak_veneered_plywood_white_background.jpg","contentUrl":"https:\/\/radis.ee\/wp-content\/uploads\/2024\/05\/RADIS_vertical_hideaway_bed_with_shelf_and-sofra_Oak_veneered_plywood_white_background.jpg","width":940,"height":1120,"caption":"Radis vertical hideaway bed with shelf and sofa Oak veneered plywood"},{"@type":"BreadcrumbList","@id":"https:\/\/radis.ee\/vertikaalne-kappvoodi-grid-riiuli-ja-diivaniga\/#breadcrumb","itemListElement":[{"@type":"ListItem","position":1,"name":"Home","item":"https:\/\/radis.ee\/"},{"@type":"ListItem","position":2,"name":"Magasin","item":"https:\/\/radis.ee\/fr\/magasin\/"},{"@type":"ListItem","position":3,"name":"Lit escamotable vertical GRID avec \u00e9tag\u00e8re et canap\u00e9"}]},{"@type":"WebSite","@id":"https:\/\/radis.ee\/#website","url":"https:\/\/radis.ee\/","name":"Radis","description":"Nordic design furniture, environmentally friendly and sustainable.","publisher":{"@id":"https:\/\/radis.ee\/#organization"},"potentialAction":[{"@type":"SearchAction","target":{"@type":"EntryPoint","urlTemplate":"https:\/\/radis.ee\/?s={search_term_string}"},"query-input":{"@type":"PropertyValueSpecification","valueRequired":true,"valueName":"search_term_string"}}],"inLanguage":"fr-FR"},{"@type":"Organization","@id":"https:\/\/radis.ee\/#organization","name":"Radis O\u00dc","url":"https:\/\/radis.ee\/","logo":{"@type":"ImageObject","inLanguage":"fr-FR","@id":"https:\/\/radis.ee\/#\/schema\/logo\/image\/","url":"https:\/\/radis.ee\/wp-content\/uploads\/2020\/10\/Radis-logo.png","contentUrl":"https:\/\/radis.ee\/wp-content\/uploads\/2020\/10\/Radis-logo.png","width":300,"height":63,"caption":"Radis O\u00dc"},"image":{"@id":"https:\/\/radis.ee\/#\/schema\/logo\/image\/"},"sameAs":["https:\/\/www.facebook.com\/radisfurniture\/"]}]}},"_links":{"self":[{"href":"https:\/\/radis.ee\/fr\/wp-json\/wp\/v2\/product\/26909","targetHints":{"allow":["GET"]}}],"collection":[{"href":"https:\/\/radis.ee\/fr\/wp-json\/wp\/v2\/product"}],"about":[{"href":"https:\/\/radis.ee\/fr\/wp-json\/wp\/v2\/types\/product"}],"replies":[{"embeddable":true,"href":"https:\/\/radis.ee\/fr\/wp-json\/wp\/v2\/comments?post=26909"}],"wp:featuredmedia":[{"embeddable":true,"href":"https:\/\/radis.ee\/fr\/wp-json\/wp\/v2\/media\/26992"}],"wp:attachment":[{"href":"https:\/\/radis.ee\/fr\/wp-json\/wp\/v2\/media?parent=26909"}],"wp:term":[{"taxonomy":"product_brand","embeddable":true,"href":"https:\/\/radis.ee\/fr\/wp-json\/wp\/v2\/product_brand?post=26909"},{"taxonomy":"product_cat","embeddable":true,"href":"https:\/\/radis.ee\/fr\/wp-json\/wp\/v2\/product_cat?post=26909"},{"taxonomy":"product_tag","embeddable":true,"href":"https:\/\/radis.ee\/fr\/wp-json\/wp\/v2\/product_tag?post=26909"}],"curies":[{"name":"wp","href":"https:\/\/api.w.org\/{rel}","templated":true}]}}