{"id":27134,"date":"2022-07-22T22:24:09","date_gmt":"2024-06-12T19:24:11","guid":{"rendered":"https:\/\/radis.ee\/?post_type=product&#038;p=27134"},"modified":"2024-06-12T22:51:33","modified_gmt":"2024-06-12T19:51:33","slug":"lampadaire-bow","status":"publish","type":"product","link":"https:\/\/radis.ee\/fr\/lampadaire-bow\/","title":{"rendered":"Lampadaire BOW"},"content":{"rendered":"<p>Ce lampadaire \u00e0 la lumi\u00e8re douce et \u00e9l\u00e9gamment dynamique s&rsquo;incline doucement devant votre journ\u00e9e sp\u00e9ciale.<\/p>\n<p>Design intemporel, ex\u00e9cution technique unique qui donne au luminaire une ligne ray\u00e9e unique.<\/p>\n<p>Fabriqu\u00e9 en contreplaqu\u00e9 de bouleau naturel ou bois de ch\u00eane massif, artisanat, cir\u00e9 \u00e0 l&rsquo;huile de qualit\u00e9 allemande Auro 108, ingr\u00e9dients naturels non toxiques. Sans fils ni attaches apparentes.<\/p>\n<p>Autonomie de la batterie LED de 50000h ou 91 ans (utilisation moyenne 1,5h\/jour). T\u00e9l\u00e9commande confortable avec fonction de gradation 0-100 %. Basse tension 24 V s\u00fbre pour les membres de la famille de tous \u00e2ges. Garantie de 7 ans.<\/p>\n<p>LED 19,53 W. Kelvin : 2700K-3200K.<\/p>\n<p>Cr\u00e9ateur : Erkki Kivastik<\/p>\n","protected":false},"excerpt":{"rendered":"<p>Ce lampadaire \u00e0 la lumi\u00e8re douce et \u00e9l\u00e9gamment dynamique s&rsquo;incline doucement devant votre journ\u00e9e sp\u00e9ciale. Design intemporel, ex\u00e9cution technique unique qui donne au luminaire une ligne ray\u00e9e unique. Fabriqu\u00e9 en contreplaqu\u00e9 de bouleau naturel ou bois de ch\u00eane massif, artisanat, cir\u00e9 \u00e0 l&rsquo;huile de qualit\u00e9 allemande Auro 108, ingr\u00e9dients naturels non toxiques. Sans fils ni&#8230;<\/p>\n","protected":false},"featured_media":27168,"comment_status":"open","ping_status":"closed","template":"","meta":{"_acf_changed":false},"product_brand":[],"product_cat":[34],"product_tag":[],"class_list":{"0":"post-27134","1":"product","2":"type-product","3":"status-publish","4":"has-post-thumbnail","6":"product_cat-aksessuaarid","8":"first","9":"instock","10":"sale","11":"taxable","12":"shipping-taxable","13":"purchasable","14":"product-type-variable","15":"has-default-attributes"},"acf":[],"yoast_head":"<!-- This site is optimized with the Yoast SEO plugin v27.4 - https:\/\/yoast.com\/product\/yoast-seo-wordpress\/ -->\n<title>Lampadaire BOW - Radis<\/title>\n<meta name=\"robots\" content=\"index, follow, max-snippet:-1, max-image-preview:large, max-video-preview:-1\" \/>\n<link rel=\"canonical\" href=\"https:\/\/radis.ee\/porandalamp-bow\/\" \/>\n<meta property=\"og:locale\" content=\"fr_FR\" \/>\n<meta property=\"og:type\" content=\"article\" \/>\n<meta property=\"og:title\" content=\"Lampadaire BOW - Radis\" \/>\n<meta property=\"og:description\" content=\"Ce lampadaire \u00e0 la lumi\u00e8re douce et \u00e9l\u00e9gamment dynamique s&rsquo;incline doucement devant votre journ\u00e9e sp\u00e9ciale. Design intemporel, ex\u00e9cution technique unique qui donne au luminaire une ligne ray\u00e9e unique. Fabriqu\u00e9 en contreplaqu\u00e9 de bouleau naturel ou bois de ch\u00eane massif, artisanat, cir\u00e9 \u00e0 l&rsquo;huile de qualit\u00e9 allemande Auro 108, ingr\u00e9dients naturels non toxiques. Sans fils ni...\" \/>\n<meta property=\"og:url\" content=\"https:\/\/radis.ee\/porandalamp-bow\/\" \/>\n<meta property=\"og:site_name\" content=\"Radis\" \/>\n<meta property=\"article:publisher\" content=\"https:\/\/www.facebook.com\/radisfurniture\/\" \/>\n<meta property=\"article:modified_time\" content=\"2024-06-12T19:51:33+00:00\" \/>\n<meta property=\"og:image\" content=\"https:\/\/radis.ee\/wp-content\/uploads\/2024\/06\/Radis_floor_lamp_BOW-Handcrafted-Design-Wooden-Floor-Lamp.png\" \/>\n\t<meta property=\"og:image:width\" content=\"2200\" \/>\n\t<meta property=\"og:image:height\" content=\"2620\" \/>\n\t<meta property=\"og:image:type\" content=\"image\/png\" \/>\n<meta name=\"twitter:card\" content=\"summary_large_image\" \/>\n<meta name=\"twitter:label1\" content=\"Dur\u00e9e de lecture estim\u00e9e\" \/>\n\t<meta name=\"twitter:data1\" content=\"1 minute\" \/>\n<script type=\"application\/ld+json\" class=\"yoast-schema-graph\">{\"@context\":\"https:\\\/\\\/schema.org\",\"@graph\":[{\"@type\":\"WebPage\",\"@id\":\"https:\\\/\\\/radis.ee\\\/porandalamp-bow\\\/\",\"url\":\"https:\\\/\\\/radis.ee\\\/porandalamp-bow\\\/\",\"name\":\"Lampadaire BOW - Radis\",\"isPartOf\":{\"@id\":\"https:\\\/\\\/radis.ee\\\/#website\"},\"primaryImageOfPage\":{\"@id\":\"https:\\\/\\\/radis.ee\\\/porandalamp-bow\\\/#primaryimage\"},\"image\":{\"@id\":\"https:\\\/\\\/radis.ee\\\/porandalamp-bow\\\/#primaryimage\"},\"thumbnailUrl\":\"https:\\\/\\\/radis.ee\\\/wp-content\\\/uploads\\\/2024\\\/06\\\/Radis_floor_lamp_BOW-Handcrafted-Design-Wooden-Floor-Lamp.png\",\"datePublished\":\"2024-06-12T19:24:11+00:00\",\"dateModified\":\"2024-06-12T19:51:33+00:00\",\"breadcrumb\":{\"@id\":\"https:\\\/\\\/radis.ee\\\/porandalamp-bow\\\/#breadcrumb\"},\"inLanguage\":\"fr-FR\",\"potentialAction\":[{\"@type\":\"ReadAction\",\"target\":[\"https:\\\/\\\/radis.ee\\\/porandalamp-bow\\\/\"]}]},{\"@type\":\"ImageObject\",\"inLanguage\":\"fr-FR\",\"@id\":\"https:\\\/\\\/radis.ee\\\/porandalamp-bow\\\/#primaryimage\",\"url\":\"https:\\\/\\\/radis.ee\\\/wp-content\\\/uploads\\\/2024\\\/06\\\/Radis_floor_lamp_BOW-Handcrafted-Design-Wooden-Floor-Lamp.png\",\"contentUrl\":\"https:\\\/\\\/radis.ee\\\/wp-content\\\/uploads\\\/2024\\\/06\\\/Radis_floor_lamp_BOW-Handcrafted-Design-Wooden-Floor-Lamp.png\",\"width\":2200,\"height\":2620,\"caption\":\"Radis floor lamp BOW birch plywood\"},{\"@type\":\"BreadcrumbList\",\"@id\":\"https:\\\/\\\/radis.ee\\\/porandalamp-bow\\\/#breadcrumb\",\"itemListElement\":[{\"@type\":\"ListItem\",\"position\":1,\"name\":\"Home\",\"item\":\"https:\\\/\\\/radis.ee\\\/\"},{\"@type\":\"ListItem\",\"position\":2,\"name\":\"Magasin\",\"item\":\"https:\\\/\\\/radis.ee\\\/fr\\\/magasin\\\/\"},{\"@type\":\"ListItem\",\"position\":3,\"name\":\"Lampadaire BOW\"}]},{\"@type\":\"WebSite\",\"@id\":\"https:\\\/\\\/radis.ee\\\/#website\",\"url\":\"https:\\\/\\\/radis.ee\\\/\",\"name\":\"Radis\",\"description\":\"Nordic design furniture, environmentally friendly and sustainable.\",\"publisher\":{\"@id\":\"https:\\\/\\\/radis.ee\\\/#organization\"},\"potentialAction\":[{\"@type\":\"SearchAction\",\"target\":{\"@type\":\"EntryPoint\",\"urlTemplate\":\"https:\\\/\\\/radis.ee\\\/?s={search_term_string}\"},\"query-input\":{\"@type\":\"PropertyValueSpecification\",\"valueRequired\":true,\"valueName\":\"search_term_string\"}}],\"inLanguage\":\"fr-FR\"},{\"@type\":\"Organization\",\"@id\":\"https:\\\/\\\/radis.ee\\\/#organization\",\"name\":\"Radis O\u00dc\",\"url\":\"https:\\\/\\\/radis.ee\\\/\",\"logo\":{\"@type\":\"ImageObject\",\"inLanguage\":\"fr-FR\",\"@id\":\"https:\\\/\\\/radis.ee\\\/#\\\/schema\\\/logo\\\/image\\\/\",\"url\":\"https:\\\/\\\/radis.ee\\\/wp-content\\\/uploads\\\/2020\\\/10\\\/Radis-logo.png\",\"contentUrl\":\"https:\\\/\\\/radis.ee\\\/wp-content\\\/uploads\\\/2020\\\/10\\\/Radis-logo.png\",\"width\":300,\"height\":63,\"caption\":\"Radis O\u00dc\"},\"image\":{\"@id\":\"https:\\\/\\\/radis.ee\\\/#\\\/schema\\\/logo\\\/image\\\/\"},\"sameAs\":[\"https:\\\/\\\/www.facebook.com\\\/radisfurniture\\\/\"]}]}<\/script>\n<!-- \/ Yoast SEO plugin. -->","yoast_head_json":{"title":"Lampadaire BOW - Radis","robots":{"index":"index","follow":"follow","max-snippet":"max-snippet:-1","max-image-preview":"max-image-preview:large","max-video-preview":"max-video-preview:-1"},"canonical":"https:\/\/radis.ee\/porandalamp-bow\/","og_locale":"fr_FR","og_type":"article","og_title":"Lampadaire BOW - Radis","og_description":"Ce lampadaire \u00e0 la lumi\u00e8re douce et \u00e9l\u00e9gamment dynamique s&rsquo;incline doucement devant votre journ\u00e9e sp\u00e9ciale. Design intemporel, ex\u00e9cution technique unique qui donne au luminaire une ligne ray\u00e9e unique. Fabriqu\u00e9 en contreplaqu\u00e9 de bouleau naturel ou bois de ch\u00eane massif, artisanat, cir\u00e9 \u00e0 l&rsquo;huile de qualit\u00e9 allemande Auro 108, ingr\u00e9dients naturels non toxiques. Sans fils ni...","og_url":"https:\/\/radis.ee\/porandalamp-bow\/","og_site_name":"Radis","article_publisher":"https:\/\/www.facebook.com\/radisfurniture\/","article_modified_time":"2024-06-12T19:51:33+00:00","og_image":[{"width":2200,"height":2620,"url":"https:\/\/radis.ee\/wp-content\/uploads\/2024\/06\/Radis_floor_lamp_BOW-Handcrafted-Design-Wooden-Floor-Lamp.png","type":"image\/png"}],"twitter_card":"summary_large_image","twitter_misc":{"Dur\u00e9e de lecture estim\u00e9e":"1 minute"},"schema":{"@context":"https:\/\/schema.org","@graph":[{"@type":"WebPage","@id":"https:\/\/radis.ee\/porandalamp-bow\/","url":"https:\/\/radis.ee\/porandalamp-bow\/","name":"Lampadaire BOW - Radis","isPartOf":{"@id":"https:\/\/radis.ee\/#website"},"primaryImageOfPage":{"@id":"https:\/\/radis.ee\/porandalamp-bow\/#primaryimage"},"image":{"@id":"https:\/\/radis.ee\/porandalamp-bow\/#primaryimage"},"thumbnailUrl":"https:\/\/radis.ee\/wp-content\/uploads\/2024\/06\/Radis_floor_lamp_BOW-Handcrafted-Design-Wooden-Floor-Lamp.png","datePublished":"2024-06-12T19:24:11+00:00","dateModified":"2024-06-12T19:51:33+00:00","breadcrumb":{"@id":"https:\/\/radis.ee\/porandalamp-bow\/#breadcrumb"},"inLanguage":"fr-FR","potentialAction":[{"@type":"ReadAction","target":["https:\/\/radis.ee\/porandalamp-bow\/"]}]},{"@type":"ImageObject","inLanguage":"fr-FR","@id":"https:\/\/radis.ee\/porandalamp-bow\/#primaryimage","url":"https:\/\/radis.ee\/wp-content\/uploads\/2024\/06\/Radis_floor_lamp_BOW-Handcrafted-Design-Wooden-Floor-Lamp.png","contentUrl":"https:\/\/radis.ee\/wp-content\/uploads\/2024\/06\/Radis_floor_lamp_BOW-Handcrafted-Design-Wooden-Floor-Lamp.png","width":2200,"height":2620,"caption":"Radis floor lamp BOW birch plywood"},{"@type":"BreadcrumbList","@id":"https:\/\/radis.ee\/porandalamp-bow\/#breadcrumb","itemListElement":[{"@type":"ListItem","position":1,"name":"Home","item":"https:\/\/radis.ee\/"},{"@type":"ListItem","position":2,"name":"Magasin","item":"https:\/\/radis.ee\/fr\/magasin\/"},{"@type":"ListItem","position":3,"name":"Lampadaire BOW"}]},{"@type":"WebSite","@id":"https:\/\/radis.ee\/#website","url":"https:\/\/radis.ee\/","name":"Radis","description":"Nordic design furniture, environmentally friendly and sustainable.","publisher":{"@id":"https:\/\/radis.ee\/#organization"},"potentialAction":[{"@type":"SearchAction","target":{"@type":"EntryPoint","urlTemplate":"https:\/\/radis.ee\/?s={search_term_string}"},"query-input":{"@type":"PropertyValueSpecification","valueRequired":true,"valueName":"search_term_string"}}],"inLanguage":"fr-FR"},{"@type":"Organization","@id":"https:\/\/radis.ee\/#organization","name":"Radis O\u00dc","url":"https:\/\/radis.ee\/","logo":{"@type":"ImageObject","inLanguage":"fr-FR","@id":"https:\/\/radis.ee\/#\/schema\/logo\/image\/","url":"https:\/\/radis.ee\/wp-content\/uploads\/2020\/10\/Radis-logo.png","contentUrl":"https:\/\/radis.ee\/wp-content\/uploads\/2020\/10\/Radis-logo.png","width":300,"height":63,"caption":"Radis O\u00dc"},"image":{"@id":"https:\/\/radis.ee\/#\/schema\/logo\/image\/"},"sameAs":["https:\/\/www.facebook.com\/radisfurniture\/"]}]}},"_links":{"self":[{"href":"https:\/\/radis.ee\/fr\/wp-json\/wp\/v2\/product\/27134","targetHints":{"allow":["GET"]}}],"collection":[{"href":"https:\/\/radis.ee\/fr\/wp-json\/wp\/v2\/product"}],"about":[{"href":"https:\/\/radis.ee\/fr\/wp-json\/wp\/v2\/types\/product"}],"replies":[{"embeddable":true,"href":"https:\/\/radis.ee\/fr\/wp-json\/wp\/v2\/comments?post=27134"}],"wp:featuredmedia":[{"embeddable":true,"href":"https:\/\/radis.ee\/fr\/wp-json\/wp\/v2\/media\/27168"}],"wp:attachment":[{"href":"https:\/\/radis.ee\/fr\/wp-json\/wp\/v2\/media?parent=27134"}],"wp:term":[{"taxonomy":"product_brand","embeddable":true,"href":"https:\/\/radis.ee\/fr\/wp-json\/wp\/v2\/product_brand?post=27134"},{"taxonomy":"product_cat","embeddable":true,"href":"https:\/\/radis.ee\/fr\/wp-json\/wp\/v2\/product_cat?post=27134"},{"taxonomy":"product_tag","embeddable":true,"href":"https:\/\/radis.ee\/fr\/wp-json\/wp\/v2\/product_tag?post=27134"}],"curies":[{"name":"wp","href":"https:\/\/api.w.org\/{rel}","templated":true}]}}