{"id":27514,"date":"2022-08-10T12:43:12","date_gmt":"2024-09-27T14:43:18","guid":{"rendered":"https:\/\/radis.ee\/?post_type=product&#038;p=27514"},"modified":"2024-10-04T18:30:37","modified_gmt":"2024-10-04T15:30:37","slug":"buffet-rubi","status":"publish","type":"product","link":"https:\/\/radis.ee\/fr\/buffet-rubi\/","title":{"rendered":"Buffet RUBI"},"content":{"rendered":"<p>Les bords courb\u00e9s du buffet RUBI rendent la dynamique de chaque pi\u00e8ce plus rythm\u00e9e. Les portes avec verre miroir couleur bronze rendent l&rsquo;environnement plus spacieux et plus grand. Les portes repositionnables de mani\u00e8re ludique permettent \u00e0 l&rsquo;utilisateur de contribuer \u00e0 l&rsquo;apparence de la commode et de faire partie de son processus de conception.<\/p>\n<p>La commode RUBI est fabriqu\u00e9e en contreplaqu\u00e9 \u00e9cologique avec placage en ch\u00eane, sous un solide cadre en m\u00e9tal peint par poudrage noir de 20&#215;20 mm d&rsquo;une hauteur de 35 cm. Charni\u00e8res de porte \u00e0 fermeture douce, portes s&rsquo;ouvrant et se fermant par pression, push2open. La largeur des portes est de 36 cm. Derri\u00e8re les deux grandes portes se trouvent \u00e9galement deux \u00e9tag\u00e8res interm\u00e9diaires de hauteur r\u00e9glable d&rsquo;une largeur de 70 cm.<\/p>\n<p>Vous pouvez choisir entre plusieurs hauteurs et portes &#8211; avec verre miroir bronze ou placage ch\u00eane avec teinture noire.<\/p>\n<p>Designer : Martin Soome, Raul Abner<\/p>\n","protected":false},"excerpt":{"rendered":"<p>Les bords courb\u00e9s du buffet RUBI rendent la dynamique de chaque pi\u00e8ce plus rythm\u00e9e. Les portes avec verre miroir couleur bronze rendent l&rsquo;environnement plus spacieux et plus grand. Les portes repositionnables de mani\u00e8re ludique permettent \u00e0 l&rsquo;utilisateur de contribuer \u00e0 l&rsquo;apparence de la commode et de faire partie de son processus de conception. La commode&#8230;<\/p>\n","protected":false},"featured_media":27733,"comment_status":"open","ping_status":"closed","template":"","meta":{"_acf_changed":false},"product_brand":[],"product_cat":[17],"product_tag":[],"class_list":{"0":"post-27514","1":"product","2":"type-product","3":"status-publish","4":"has-post-thumbnail","6":"product_cat-kummutid","8":"first","9":"instock","10":"taxable","11":"shipping-taxable","12":"purchasable","13":"product-type-variable","14":"has-default-attributes"},"acf":[],"yoast_head":"<!-- This site is optimized with the Yoast SEO plugin v27.3 - https:\/\/yoast.com\/product\/yoast-seo-wordpress\/ -->\n<title>Buffet RUBI - Radis<\/title>\n<meta name=\"robots\" content=\"index, follow, max-snippet:-1, max-image-preview:large, max-video-preview:-1\" \/>\n<link rel=\"canonical\" href=\"https:\/\/radis.ee\/kummut-rubi\/\" \/>\n<meta property=\"og:locale\" content=\"fr_FR\" \/>\n<meta property=\"og:type\" content=\"article\" \/>\n<meta property=\"og:title\" content=\"Buffet RUBI - Radis\" \/>\n<meta property=\"og:description\" content=\"Les bords courb\u00e9s du buffet RUBI rendent la dynamique de chaque pi\u00e8ce plus rythm\u00e9e. Les portes avec verre miroir couleur bronze rendent l&rsquo;environnement plus spacieux et plus grand. Les portes repositionnables de mani\u00e8re ludique permettent \u00e0 l&rsquo;utilisateur de contribuer \u00e0 l&rsquo;apparence de la commode et de faire partie de son processus de conception. La commode...\" \/>\n<meta property=\"og:url\" content=\"https:\/\/radis.ee\/kummut-rubi\/\" \/>\n<meta property=\"og:site_name\" content=\"Radis\" \/>\n<meta property=\"article:publisher\" content=\"https:\/\/www.facebook.com\/radisfurniture\/\" \/>\n<meta property=\"article:modified_time\" content=\"2024-10-04T15:30:37+00:00\" \/>\n<meta property=\"og:image\" content=\"https:\/\/radis.ee\/wp-content\/uploads\/2024\/09\/Radis_sideboard_RUBI_3_levels_Oak_veneered_doors_Bronze_mirror_white_background.jpg\" \/>\n\t<meta property=\"og:image:width\" content=\"356\" \/>\n\t<meta property=\"og:image:height\" content=\"425\" \/>\n\t<meta property=\"og:image:type\" content=\"image\/jpeg\" \/>\n<meta name=\"twitter:card\" content=\"summary_large_image\" \/>\n<meta name=\"twitter:label1\" content=\"Dur\u00e9e de lecture estim\u00e9e\" \/>\n\t<meta name=\"twitter:data1\" content=\"1 minute\" \/>\n<script type=\"application\/ld+json\" class=\"yoast-schema-graph\">{\"@context\":\"https:\\\/\\\/schema.org\",\"@graph\":[{\"@type\":\"WebPage\",\"@id\":\"https:\\\/\\\/radis.ee\\\/kummut-rubi\\\/\",\"url\":\"https:\\\/\\\/radis.ee\\\/kummut-rubi\\\/\",\"name\":\"Buffet RUBI - Radis\",\"isPartOf\":{\"@id\":\"https:\\\/\\\/radis.ee\\\/#website\"},\"primaryImageOfPage\":{\"@id\":\"https:\\\/\\\/radis.ee\\\/kummut-rubi\\\/#primaryimage\"},\"image\":{\"@id\":\"https:\\\/\\\/radis.ee\\\/kummut-rubi\\\/#primaryimage\"},\"thumbnailUrl\":\"https:\\\/\\\/radis.ee\\\/wp-content\\\/uploads\\\/2024\\\/09\\\/Radis_sideboard_RUBI_3_levels_Oak_veneered_doors_Bronze_mirror_white_background.jpg\",\"datePublished\":\"2024-09-27T14:43:18+00:00\",\"dateModified\":\"2024-10-04T15:30:37+00:00\",\"breadcrumb\":{\"@id\":\"https:\\\/\\\/radis.ee\\\/kummut-rubi\\\/#breadcrumb\"},\"inLanguage\":\"fr-FR\",\"potentialAction\":[{\"@type\":\"ReadAction\",\"target\":[\"https:\\\/\\\/radis.ee\\\/kummut-rubi\\\/\"]}]},{\"@type\":\"ImageObject\",\"inLanguage\":\"fr-FR\",\"@id\":\"https:\\\/\\\/radis.ee\\\/kummut-rubi\\\/#primaryimage\",\"url\":\"https:\\\/\\\/radis.ee\\\/wp-content\\\/uploads\\\/2024\\\/09\\\/Radis_sideboard_RUBI_3_levels_Oak_veneered_doors_Bronze_mirror_white_background.jpg\",\"contentUrl\":\"https:\\\/\\\/radis.ee\\\/wp-content\\\/uploads\\\/2024\\\/09\\\/Radis_sideboard_RUBI_3_levels_Oak_veneered_doors_Bronze_mirror_white_background.jpg\",\"width\":356,\"height\":425,\"caption\":\"Radis sideboard RUBI 3 levels Oak veneered plywood doors Bronze mirror\"},{\"@type\":\"BreadcrumbList\",\"@id\":\"https:\\\/\\\/radis.ee\\\/kummut-rubi\\\/#breadcrumb\",\"itemListElement\":[{\"@type\":\"ListItem\",\"position\":1,\"name\":\"Home\",\"item\":\"https:\\\/\\\/radis.ee\\\/\"},{\"@type\":\"ListItem\",\"position\":2,\"name\":\"Magasin\",\"item\":\"https:\\\/\\\/radis.ee\\\/fr\\\/magasin\\\/\"},{\"@type\":\"ListItem\",\"position\":3,\"name\":\"Buffet RUBI\"}]},{\"@type\":\"WebSite\",\"@id\":\"https:\\\/\\\/radis.ee\\\/#website\",\"url\":\"https:\\\/\\\/radis.ee\\\/\",\"name\":\"Radis\",\"description\":\"Nordic design furniture, environmentally friendly and sustainable.\",\"publisher\":{\"@id\":\"https:\\\/\\\/radis.ee\\\/#organization\"},\"potentialAction\":[{\"@type\":\"SearchAction\",\"target\":{\"@type\":\"EntryPoint\",\"urlTemplate\":\"https:\\\/\\\/radis.ee\\\/?s={search_term_string}\"},\"query-input\":{\"@type\":\"PropertyValueSpecification\",\"valueRequired\":true,\"valueName\":\"search_term_string\"}}],\"inLanguage\":\"fr-FR\"},{\"@type\":\"Organization\",\"@id\":\"https:\\\/\\\/radis.ee\\\/#organization\",\"name\":\"Radis O\u00dc\",\"url\":\"https:\\\/\\\/radis.ee\\\/\",\"logo\":{\"@type\":\"ImageObject\",\"inLanguage\":\"fr-FR\",\"@id\":\"https:\\\/\\\/radis.ee\\\/#\\\/schema\\\/logo\\\/image\\\/\",\"url\":\"https:\\\/\\\/radis.ee\\\/wp-content\\\/uploads\\\/2020\\\/10\\\/Radis-logo.png\",\"contentUrl\":\"https:\\\/\\\/radis.ee\\\/wp-content\\\/uploads\\\/2020\\\/10\\\/Radis-logo.png\",\"width\":300,\"height\":63,\"caption\":\"Radis O\u00dc\"},\"image\":{\"@id\":\"https:\\\/\\\/radis.ee\\\/#\\\/schema\\\/logo\\\/image\\\/\"},\"sameAs\":[\"https:\\\/\\\/www.facebook.com\\\/radisfurniture\\\/\"]}]}<\/script>\n<!-- \/ Yoast SEO plugin. -->","yoast_head_json":{"title":"Buffet RUBI - Radis","robots":{"index":"index","follow":"follow","max-snippet":"max-snippet:-1","max-image-preview":"max-image-preview:large","max-video-preview":"max-video-preview:-1"},"canonical":"https:\/\/radis.ee\/kummut-rubi\/","og_locale":"fr_FR","og_type":"article","og_title":"Buffet RUBI - Radis","og_description":"Les bords courb\u00e9s du buffet RUBI rendent la dynamique de chaque pi\u00e8ce plus rythm\u00e9e. Les portes avec verre miroir couleur bronze rendent l&rsquo;environnement plus spacieux et plus grand. Les portes repositionnables de mani\u00e8re ludique permettent \u00e0 l&rsquo;utilisateur de contribuer \u00e0 l&rsquo;apparence de la commode et de faire partie de son processus de conception. La commode...","og_url":"https:\/\/radis.ee\/kummut-rubi\/","og_site_name":"Radis","article_publisher":"https:\/\/www.facebook.com\/radisfurniture\/","article_modified_time":"2024-10-04T15:30:37+00:00","og_image":[{"width":356,"height":425,"url":"https:\/\/radis.ee\/wp-content\/uploads\/2024\/09\/Radis_sideboard_RUBI_3_levels_Oak_veneered_doors_Bronze_mirror_white_background.jpg","type":"image\/jpeg"}],"twitter_card":"summary_large_image","twitter_misc":{"Dur\u00e9e de lecture estim\u00e9e":"1 minute"},"schema":{"@context":"https:\/\/schema.org","@graph":[{"@type":"WebPage","@id":"https:\/\/radis.ee\/kummut-rubi\/","url":"https:\/\/radis.ee\/kummut-rubi\/","name":"Buffet RUBI - Radis","isPartOf":{"@id":"https:\/\/radis.ee\/#website"},"primaryImageOfPage":{"@id":"https:\/\/radis.ee\/kummut-rubi\/#primaryimage"},"image":{"@id":"https:\/\/radis.ee\/kummut-rubi\/#primaryimage"},"thumbnailUrl":"https:\/\/radis.ee\/wp-content\/uploads\/2024\/09\/Radis_sideboard_RUBI_3_levels_Oak_veneered_doors_Bronze_mirror_white_background.jpg","datePublished":"2024-09-27T14:43:18+00:00","dateModified":"2024-10-04T15:30:37+00:00","breadcrumb":{"@id":"https:\/\/radis.ee\/kummut-rubi\/#breadcrumb"},"inLanguage":"fr-FR","potentialAction":[{"@type":"ReadAction","target":["https:\/\/radis.ee\/kummut-rubi\/"]}]},{"@type":"ImageObject","inLanguage":"fr-FR","@id":"https:\/\/radis.ee\/kummut-rubi\/#primaryimage","url":"https:\/\/radis.ee\/wp-content\/uploads\/2024\/09\/Radis_sideboard_RUBI_3_levels_Oak_veneered_doors_Bronze_mirror_white_background.jpg","contentUrl":"https:\/\/radis.ee\/wp-content\/uploads\/2024\/09\/Radis_sideboard_RUBI_3_levels_Oak_veneered_doors_Bronze_mirror_white_background.jpg","width":356,"height":425,"caption":"Radis sideboard RUBI 3 levels Oak veneered plywood doors Bronze mirror"},{"@type":"BreadcrumbList","@id":"https:\/\/radis.ee\/kummut-rubi\/#breadcrumb","itemListElement":[{"@type":"ListItem","position":1,"name":"Home","item":"https:\/\/radis.ee\/"},{"@type":"ListItem","position":2,"name":"Magasin","item":"https:\/\/radis.ee\/fr\/magasin\/"},{"@type":"ListItem","position":3,"name":"Buffet RUBI"}]},{"@type":"WebSite","@id":"https:\/\/radis.ee\/#website","url":"https:\/\/radis.ee\/","name":"Radis","description":"Nordic design furniture, environmentally friendly and sustainable.","publisher":{"@id":"https:\/\/radis.ee\/#organization"},"potentialAction":[{"@type":"SearchAction","target":{"@type":"EntryPoint","urlTemplate":"https:\/\/radis.ee\/?s={search_term_string}"},"query-input":{"@type":"PropertyValueSpecification","valueRequired":true,"valueName":"search_term_string"}}],"inLanguage":"fr-FR"},{"@type":"Organization","@id":"https:\/\/radis.ee\/#organization","name":"Radis O\u00dc","url":"https:\/\/radis.ee\/","logo":{"@type":"ImageObject","inLanguage":"fr-FR","@id":"https:\/\/radis.ee\/#\/schema\/logo\/image\/","url":"https:\/\/radis.ee\/wp-content\/uploads\/2020\/10\/Radis-logo.png","contentUrl":"https:\/\/radis.ee\/wp-content\/uploads\/2020\/10\/Radis-logo.png","width":300,"height":63,"caption":"Radis O\u00dc"},"image":{"@id":"https:\/\/radis.ee\/#\/schema\/logo\/image\/"},"sameAs":["https:\/\/www.facebook.com\/radisfurniture\/"]}]}},"_links":{"self":[{"href":"https:\/\/radis.ee\/fr\/wp-json\/wp\/v2\/product\/27514","targetHints":{"allow":["GET"]}}],"collection":[{"href":"https:\/\/radis.ee\/fr\/wp-json\/wp\/v2\/product"}],"about":[{"href":"https:\/\/radis.ee\/fr\/wp-json\/wp\/v2\/types\/product"}],"replies":[{"embeddable":true,"href":"https:\/\/radis.ee\/fr\/wp-json\/wp\/v2\/comments?post=27514"}],"wp:featuredmedia":[{"embeddable":true,"href":"https:\/\/radis.ee\/fr\/wp-json\/wp\/v2\/media\/27733"}],"wp:attachment":[{"href":"https:\/\/radis.ee\/fr\/wp-json\/wp\/v2\/media?parent=27514"}],"wp:term":[{"taxonomy":"product_brand","embeddable":true,"href":"https:\/\/radis.ee\/fr\/wp-json\/wp\/v2\/product_brand?post=27514"},{"taxonomy":"product_cat","embeddable":true,"href":"https:\/\/radis.ee\/fr\/wp-json\/wp\/v2\/product_cat?post=27514"},{"taxonomy":"product_tag","embeddable":true,"href":"https:\/\/radis.ee\/fr\/wp-json\/wp\/v2\/product_tag?post=27514"}],"curies":[{"name":"wp","href":"https:\/\/api.w.org\/{rel}","templated":true}]}}