{"id":27984,"date":"2024-12-27T12:49:20","date_gmt":"2024-12-27T10:49:20","guid":{"rendered":"https:\/\/radis.ee\/?post_type=product&#038;p=27984"},"modified":"2026-01-27T22:42:28","modified_gmt":"2026-01-27T20:42:28","slug":"meuble-tv-mural-incurve-floaty","status":"publish","type":"product","link":"https:\/\/radis.ee\/fr\/meuble-tv-mural-incurve-floaty\/","title":{"rendered":"Meuble TV mural incurv\u00e9 FLOATY"},"content":{"rendered":"<p>Un meuble TV mural FLOATY soigneusement con\u00e7u qui red\u00e9finit le minimalisme. Avec sa silhouette gracieusement incurv\u00e9e, FLOATY ajoute un charme nordique tout en maximisant l&rsquo;efficacit\u00e9 de l&rsquo;espace. Le design \u00e9l\u00e9gant et flottant cr\u00e9e un look a\u00e9r\u00e9 et \u00e9pur\u00e9, ce qui le rend id\u00e9al pour les int\u00e9rieurs modernes. Comme les meilleurs r\u00eaves, le meuble TV FLOATY flotte dans l&rsquo;air.<\/p>\n<p>Que vous vous d\u00e9tendiez avec votre \u00e9mission pr\u00e9f\u00e9r\u00e9e ou que vous organisiez une r\u00e9union, FLOATY combine harmonieusement forme et fonction pour rehausser votre maison. La profondeur et la hauteur mod\u00e9r\u00e9es du meuble TV incurv\u00e9 FLOATY signifient qu&rsquo;il ne prend pas beaucoup de place dans votre salon, mais qu&rsquo;il fait tr\u00e8s bien son travail. Le meuble TV est dot\u00e9 de plusieurs trous de 4 cm de diam\u00e8tre pour faciliter le passage des c\u00e2bles &#8211; \u00e0 la fois au plafond et en bas, ainsi que sur les murs int\u00e9rieurs. Si vous le souhaitez, nous pouvons omettre les trous de fil. Deux portes coulissantes nervur\u00e9es offrent un espace derri\u00e8re lequel vous pouvez ranger, par exemple, une t\u00e9l\u00e9commande de t\u00e9l\u00e9vision ou d&rsquo;autres petits objets.<\/p>\n<p>Le mod\u00e8le FLOATY aux formes arrondies est disponible en quatre largeurs diff\u00e9rentes (150, 180, 200 et 230 cm), vous permettant ainsi de trouver facilement la taille id\u00e9ale pour votre pi\u00e8ce. Fabriqu\u00e9 \u00e0 partir de mat\u00e9riaux durables et \u00e9cologiques, il garantit une qualit\u00e9 intemporelle\u00a0: contreplaqu\u00e9 de bouleau plaqu\u00e9 ch\u00eane avec une finition huile-cire incolore ou huile-cire ch\u00eane antique brun ou une teinture noire, ainsi que du Forescolor noir (panneau de fibres teint\u00e9 dans la masse). La hauteur int\u00e9rieure du meuble TV est de 16 cm, sa hauteur totale de 19 cm et sa profondeur de 24 cm. Pour la version de 230 cm de large, la hauteur est de 38 cm et la profondeur de 29 cm.<\/p>\n<p>Con\u00e7u avec pr\u00e9cision et soin, FLOATY apporte chaleur et sophistication \u00e0 votre espace de vie et vous aide \u00e0 d\u00e9couvrir l&rsquo;art de la simplicit\u00e9.<\/p>\n<div id=\"q398\" class=\"w-tabs-section active\">\n<div id=\"content-q398\" class=\"w-tabs-section-content\">\n<div class=\"w-tabs-section-content-h i-cf\">\n<div class=\"w-post-elm post_content\">\n<p><strong>Livraison en 2 semaines dans toute l\u2019Europe !<\/strong><\/p>\n<\/div>\n<\/div>\n<\/div>\n<\/div>\n","protected":false},"excerpt":{"rendered":"<p>Un meuble TV mural FLOATY soigneusement con\u00e7u qui red\u00e9finit le minimalisme. Avec sa silhouette gracieusement incurv\u00e9e, FLOATY ajoute un charme nordique tout en maximisant l&rsquo;efficacit\u00e9 de l&rsquo;espace. Le design \u00e9l\u00e9gant et flottant cr\u00e9e un look a\u00e9r\u00e9 et \u00e9pur\u00e9, ce qui le rend id\u00e9al pour les int\u00e9rieurs modernes. Comme les meilleurs r\u00eaves, le meuble TV FLOATY&#8230;<\/p>\n","protected":false},"featured_media":28080,"comment_status":"open","ping_status":"closed","template":"","meta":{"_acf_changed":false},"product_brand":[],"product_cat":[112],"product_tag":[],"class_list":{"0":"post-27984","1":"product","2":"type-product","3":"status-publish","4":"has-post-thumbnail","6":"product_cat-tv-alused","8":"first","9":"instock","10":"taxable","11":"shipping-taxable","12":"purchasable","13":"product-type-variable","14":"has-default-attributes"},"acf":[],"yoast_head":"<!-- This site is optimized with the Yoast SEO plugin v27.4 - https:\/\/yoast.com\/product\/yoast-seo-wordpress\/ -->\n<title>Meuble TV mural incurv\u00e9 FLOATY - Radis<\/title>\n<meta name=\"robots\" content=\"index, follow, max-snippet:-1, max-image-preview:large, max-video-preview:-1\" \/>\n<link rel=\"canonical\" href=\"https:\/\/radis.ee\/fr\/meuble-tv-mural-incurve-floaty\/\" \/>\n<meta property=\"og:locale\" content=\"fr_FR\" \/>\n<meta property=\"og:type\" content=\"article\" \/>\n<meta property=\"og:title\" content=\"Meuble TV mural incurv\u00e9 FLOATY - Radis\" \/>\n<meta property=\"og:description\" content=\"Un meuble TV mural FLOATY soigneusement con\u00e7u qui red\u00e9finit le minimalisme. Avec sa silhouette gracieusement incurv\u00e9e, FLOATY ajoute un charme nordique tout en maximisant l&rsquo;efficacit\u00e9 de l&rsquo;espace. Le design \u00e9l\u00e9gant et flottant cr\u00e9e un look a\u00e9r\u00e9 et \u00e9pur\u00e9, ce qui le rend id\u00e9al pour les int\u00e9rieurs modernes. Comme les meilleurs r\u00eaves, le meuble TV FLOATY...\" \/>\n<meta property=\"og:url\" content=\"https:\/\/radis.ee\/fr\/meuble-tv-mural-incurve-floaty\/\" \/>\n<meta property=\"og:site_name\" content=\"Radis\" \/>\n<meta property=\"article:publisher\" content=\"https:\/\/www.facebook.com\/radisfurniture\/\" \/>\n<meta property=\"article:modified_time\" content=\"2026-01-27T20:42:28+00:00\" \/>\n<meta property=\"og:image\" content=\"https:\/\/radis.ee\/wp-content\/uploads\/2024\/12\/Radis_wall_mounted_TV_stand_curved_FLOATY_oak_veneered_plywood_white_background.jpg\" \/>\n\t<meta property=\"og:image:width\" content=\"1614\" \/>\n\t<meta property=\"og:image:height\" content=\"1921\" \/>\n\t<meta property=\"og:image:type\" content=\"image\/jpeg\" \/>\n<meta name=\"twitter:card\" content=\"summary_large_image\" \/>\n<meta name=\"twitter:label1\" content=\"Dur\u00e9e de lecture estim\u00e9e\" \/>\n\t<meta name=\"twitter:data1\" content=\"2 minutes\" \/>\n<script type=\"application\/ld+json\" class=\"yoast-schema-graph\">{\"@context\":\"https:\\\/\\\/schema.org\",\"@graph\":[{\"@type\":\"WebPage\",\"@id\":\"https:\\\/\\\/radis.ee\\\/fr\\\/meuble-tv-mural-incurve-floaty\\\/\",\"url\":\"https:\\\/\\\/radis.ee\\\/fr\\\/meuble-tv-mural-incurve-floaty\\\/\",\"name\":\"Meuble TV mural incurv\u00e9 FLOATY - Radis\",\"isPartOf\":{\"@id\":\"https:\\\/\\\/radis.ee\\\/#website\"},\"primaryImageOfPage\":{\"@id\":\"https:\\\/\\\/radis.ee\\\/fr\\\/meuble-tv-mural-incurve-floaty\\\/#primaryimage\"},\"image\":{\"@id\":\"https:\\\/\\\/radis.ee\\\/fr\\\/meuble-tv-mural-incurve-floaty\\\/#primaryimage\"},\"thumbnailUrl\":\"https:\\\/\\\/radis.ee\\\/wp-content\\\/uploads\\\/2024\\\/12\\\/Radis_wall_mounted_TV_stand_curved_FLOATY_oak_veneered_plywood_white_background.jpg\",\"datePublished\":\"2024-12-27T10:49:20+00:00\",\"dateModified\":\"2026-01-27T20:42:28+00:00\",\"breadcrumb\":{\"@id\":\"https:\\\/\\\/radis.ee\\\/fr\\\/meuble-tv-mural-incurve-floaty\\\/#breadcrumb\"},\"inLanguage\":\"fr-FR\",\"potentialAction\":[{\"@type\":\"ReadAction\",\"target\":[\"https:\\\/\\\/radis.ee\\\/fr\\\/meuble-tv-mural-incurve-floaty\\\/\"]}]},{\"@type\":\"ImageObject\",\"inLanguage\":\"fr-FR\",\"@id\":\"https:\\\/\\\/radis.ee\\\/fr\\\/meuble-tv-mural-incurve-floaty\\\/#primaryimage\",\"url\":\"https:\\\/\\\/radis.ee\\\/wp-content\\\/uploads\\\/2024\\\/12\\\/Radis_wall_mounted_TV_stand_curved_FLOATY_oak_veneered_plywood_white_background.jpg\",\"contentUrl\":\"https:\\\/\\\/radis.ee\\\/wp-content\\\/uploads\\\/2024\\\/12\\\/Radis_wall_mounted_TV_stand_curved_FLOATY_oak_veneered_plywood_white_background.jpg\",\"width\":1614,\"height\":1921,\"caption\":\"Radis wall mounted curved TV-stand FLOATY oak veneered plywood\"},{\"@type\":\"BreadcrumbList\",\"@id\":\"https:\\\/\\\/radis.ee\\\/fr\\\/meuble-tv-mural-incurve-floaty\\\/#breadcrumb\",\"itemListElement\":[{\"@type\":\"ListItem\",\"position\":1,\"name\":\"Home\",\"item\":\"https:\\\/\\\/radis.ee\\\/\"},{\"@type\":\"ListItem\",\"position\":2,\"name\":\"Magasin\",\"item\":\"https:\\\/\\\/radis.ee\\\/fr\\\/magasin\\\/\"},{\"@type\":\"ListItem\",\"position\":3,\"name\":\"Meuble TV mural incurv\u00e9 FLOATY\"}]},{\"@type\":\"WebSite\",\"@id\":\"https:\\\/\\\/radis.ee\\\/#website\",\"url\":\"https:\\\/\\\/radis.ee\\\/\",\"name\":\"Radis\",\"description\":\"Nordic design furniture, environmentally friendly and sustainable.\",\"publisher\":{\"@id\":\"https:\\\/\\\/radis.ee\\\/#organization\"},\"potentialAction\":[{\"@type\":\"SearchAction\",\"target\":{\"@type\":\"EntryPoint\",\"urlTemplate\":\"https:\\\/\\\/radis.ee\\\/?s={search_term_string}\"},\"query-input\":{\"@type\":\"PropertyValueSpecification\",\"valueRequired\":true,\"valueName\":\"search_term_string\"}}],\"inLanguage\":\"fr-FR\"},{\"@type\":\"Organization\",\"@id\":\"https:\\\/\\\/radis.ee\\\/#organization\",\"name\":\"Radis O\u00dc\",\"url\":\"https:\\\/\\\/radis.ee\\\/\",\"logo\":{\"@type\":\"ImageObject\",\"inLanguage\":\"fr-FR\",\"@id\":\"https:\\\/\\\/radis.ee\\\/#\\\/schema\\\/logo\\\/image\\\/\",\"url\":\"https:\\\/\\\/radis.ee\\\/wp-content\\\/uploads\\\/2020\\\/10\\\/Radis-logo.png\",\"contentUrl\":\"https:\\\/\\\/radis.ee\\\/wp-content\\\/uploads\\\/2020\\\/10\\\/Radis-logo.png\",\"width\":300,\"height\":63,\"caption\":\"Radis O\u00dc\"},\"image\":{\"@id\":\"https:\\\/\\\/radis.ee\\\/#\\\/schema\\\/logo\\\/image\\\/\"},\"sameAs\":[\"https:\\\/\\\/www.facebook.com\\\/radisfurniture\\\/\"]}]}<\/script>\n<!-- \/ Yoast SEO plugin. -->","yoast_head_json":{"title":"Meuble TV mural incurv\u00e9 FLOATY - Radis","robots":{"index":"index","follow":"follow","max-snippet":"max-snippet:-1","max-image-preview":"max-image-preview:large","max-video-preview":"max-video-preview:-1"},"canonical":"https:\/\/radis.ee\/fr\/meuble-tv-mural-incurve-floaty\/","og_locale":"fr_FR","og_type":"article","og_title":"Meuble TV mural incurv\u00e9 FLOATY - Radis","og_description":"Un meuble TV mural FLOATY soigneusement con\u00e7u qui red\u00e9finit le minimalisme. Avec sa silhouette gracieusement incurv\u00e9e, FLOATY ajoute un charme nordique tout en maximisant l&rsquo;efficacit\u00e9 de l&rsquo;espace. Le design \u00e9l\u00e9gant et flottant cr\u00e9e un look a\u00e9r\u00e9 et \u00e9pur\u00e9, ce qui le rend id\u00e9al pour les int\u00e9rieurs modernes. Comme les meilleurs r\u00eaves, le meuble TV FLOATY...","og_url":"https:\/\/radis.ee\/fr\/meuble-tv-mural-incurve-floaty\/","og_site_name":"Radis","article_publisher":"https:\/\/www.facebook.com\/radisfurniture\/","article_modified_time":"2026-01-27T20:42:28+00:00","og_image":[{"width":1614,"height":1921,"url":"https:\/\/radis.ee\/wp-content\/uploads\/2024\/12\/Radis_wall_mounted_TV_stand_curved_FLOATY_oak_veneered_plywood_white_background.jpg","type":"image\/jpeg"}],"twitter_card":"summary_large_image","twitter_misc":{"Dur\u00e9e de lecture estim\u00e9e":"2 minutes"},"schema":{"@context":"https:\/\/schema.org","@graph":[{"@type":"WebPage","@id":"https:\/\/radis.ee\/fr\/meuble-tv-mural-incurve-floaty\/","url":"https:\/\/radis.ee\/fr\/meuble-tv-mural-incurve-floaty\/","name":"Meuble TV mural incurv\u00e9 FLOATY - Radis","isPartOf":{"@id":"https:\/\/radis.ee\/#website"},"primaryImageOfPage":{"@id":"https:\/\/radis.ee\/fr\/meuble-tv-mural-incurve-floaty\/#primaryimage"},"image":{"@id":"https:\/\/radis.ee\/fr\/meuble-tv-mural-incurve-floaty\/#primaryimage"},"thumbnailUrl":"https:\/\/radis.ee\/wp-content\/uploads\/2024\/12\/Radis_wall_mounted_TV_stand_curved_FLOATY_oak_veneered_plywood_white_background.jpg","datePublished":"2024-12-27T10:49:20+00:00","dateModified":"2026-01-27T20:42:28+00:00","breadcrumb":{"@id":"https:\/\/radis.ee\/fr\/meuble-tv-mural-incurve-floaty\/#breadcrumb"},"inLanguage":"fr-FR","potentialAction":[{"@type":"ReadAction","target":["https:\/\/radis.ee\/fr\/meuble-tv-mural-incurve-floaty\/"]}]},{"@type":"ImageObject","inLanguage":"fr-FR","@id":"https:\/\/radis.ee\/fr\/meuble-tv-mural-incurve-floaty\/#primaryimage","url":"https:\/\/radis.ee\/wp-content\/uploads\/2024\/12\/Radis_wall_mounted_TV_stand_curved_FLOATY_oak_veneered_plywood_white_background.jpg","contentUrl":"https:\/\/radis.ee\/wp-content\/uploads\/2024\/12\/Radis_wall_mounted_TV_stand_curved_FLOATY_oak_veneered_plywood_white_background.jpg","width":1614,"height":1921,"caption":"Radis wall mounted curved TV-stand FLOATY oak veneered plywood"},{"@type":"BreadcrumbList","@id":"https:\/\/radis.ee\/fr\/meuble-tv-mural-incurve-floaty\/#breadcrumb","itemListElement":[{"@type":"ListItem","position":1,"name":"Home","item":"https:\/\/radis.ee\/"},{"@type":"ListItem","position":2,"name":"Magasin","item":"https:\/\/radis.ee\/fr\/magasin\/"},{"@type":"ListItem","position":3,"name":"Meuble TV mural incurv\u00e9 FLOATY"}]},{"@type":"WebSite","@id":"https:\/\/radis.ee\/#website","url":"https:\/\/radis.ee\/","name":"Radis","description":"Nordic design furniture, environmentally friendly and sustainable.","publisher":{"@id":"https:\/\/radis.ee\/#organization"},"potentialAction":[{"@type":"SearchAction","target":{"@type":"EntryPoint","urlTemplate":"https:\/\/radis.ee\/?s={search_term_string}"},"query-input":{"@type":"PropertyValueSpecification","valueRequired":true,"valueName":"search_term_string"}}],"inLanguage":"fr-FR"},{"@type":"Organization","@id":"https:\/\/radis.ee\/#organization","name":"Radis O\u00dc","url":"https:\/\/radis.ee\/","logo":{"@type":"ImageObject","inLanguage":"fr-FR","@id":"https:\/\/radis.ee\/#\/schema\/logo\/image\/","url":"https:\/\/radis.ee\/wp-content\/uploads\/2020\/10\/Radis-logo.png","contentUrl":"https:\/\/radis.ee\/wp-content\/uploads\/2020\/10\/Radis-logo.png","width":300,"height":63,"caption":"Radis O\u00dc"},"image":{"@id":"https:\/\/radis.ee\/#\/schema\/logo\/image\/"},"sameAs":["https:\/\/www.facebook.com\/radisfurniture\/"]}]}},"_links":{"self":[{"href":"https:\/\/radis.ee\/fr\/wp-json\/wp\/v2\/product\/27984","targetHints":{"allow":["GET"]}}],"collection":[{"href":"https:\/\/radis.ee\/fr\/wp-json\/wp\/v2\/product"}],"about":[{"href":"https:\/\/radis.ee\/fr\/wp-json\/wp\/v2\/types\/product"}],"replies":[{"embeddable":true,"href":"https:\/\/radis.ee\/fr\/wp-json\/wp\/v2\/comments?post=27984"}],"wp:featuredmedia":[{"embeddable":true,"href":"https:\/\/radis.ee\/fr\/wp-json\/wp\/v2\/media\/28080"}],"wp:attachment":[{"href":"https:\/\/radis.ee\/fr\/wp-json\/wp\/v2\/media?parent=27984"}],"wp:term":[{"taxonomy":"product_brand","embeddable":true,"href":"https:\/\/radis.ee\/fr\/wp-json\/wp\/v2\/product_brand?post=27984"},{"taxonomy":"product_cat","embeddable":true,"href":"https:\/\/radis.ee\/fr\/wp-json\/wp\/v2\/product_cat?post=27984"},{"taxonomy":"product_tag","embeddable":true,"href":"https:\/\/radis.ee\/fr\/wp-json\/wp\/v2\/product_tag?post=27984"}],"curies":[{"name":"wp","href":"https:\/\/api.w.org\/{rel}","templated":true}]}}