{"id":28107,"date":"2020-08-12T16:30:39","date_gmt":"2024-12-27T14:30:40","guid":{"rendered":"https:\/\/radis.ee\/?post_type=product&#038;p=28107"},"modified":"2025-03-12T16:03:21","modified_gmt":"2025-03-12T14:03:21","slug":"etagere-ronde-avec-portes-rund","status":"publish","type":"product","link":"https:\/\/radis.ee\/fr\/etagere-ronde-avec-portes-rund\/","title":{"rendered":"\u00c9tag\u00e8re ronde avec portes RUND"},"content":{"rendered":"<p>Pr\u00e9sentation de RUND, une \u00e9tag\u00e8re ronde d&rsquo;inspiration nordique qui allie un design minimaliste \u00e0 une fonctionnalit\u00e9 exceptionnelle. Fabriqu\u00e9e en contreplaqu\u00e9 de haute qualit\u00e9 et agr\u00e9ment\u00e9e de portes \u00e9l\u00e9gantes et modernes, RUND est la pi\u00e8ce ma\u00eetresse parfaite pour tout int\u00e9rieur contemporain.<\/p>\n<ul>\n<li>Design intemporel : la structure circulaire cr\u00e9e une pi\u00e8ce ma\u00eetresse visuelle saisissante, tandis que les lignes \u00e9pur\u00e9es incarnent la simplicit\u00e9 scandinave.<\/li>\n<li>Rangement intelligent : dot\u00e9 d&rsquo;un m\u00e9lange d&rsquo;\u00e9tag\u00e8res ouvertes et de compartiments dissimul\u00e9s, RUND offre un rangement polyvalent pour garder votre espace organis\u00e9 et sans encombrement.<\/li>\n<li>Con\u00e7u pour durer : fabriqu\u00e9 \u00e0 partir de contreplaqu\u00e9 durable et respectueux de l&rsquo;environnement avec des d\u00e9tails de pr\u00e9cision pour une qualit\u00e9 durable.<\/li>\n<li>Esth\u00e9tique audacieuse\u00a0: les portes noires contrast\u00e9es et les tons de bois clair \u00e9voquent une \u00e9l\u00e9gance audacieuse mais naturelle.<\/li>\n<\/ul>\n<p>Parfait pour exposer des livres, des objets de d\u00e9coration et des objets essentiels du quotidien, RUND allie beaut\u00e9 g\u00e9om\u00e9trique et rangement pratique. Transformez votre espace de vie avec une pi\u00e8ce aussi fonctionnelle qu&#8217;embl\u00e9matique. \u00c9levez votre maison avec la sophistication nordique.<\/p>\n<p>L&rsquo;\u00e9tag\u00e8re RUND est fabriqu\u00e9e en contreplaqu\u00e9 stratifi\u00e9 \u00e9cologique, les portes et les fonds \u00e9tant \u00e9galement en contreplaqu\u00e9 plaqu\u00e9 ch\u00eane ou Forescolor (panneau de fibres de bois teint\u00e9 organiquement), huil\u00e9 et cir\u00e9. Les portes sont \u00e9quip\u00e9es de charni\u00e8res \u00e0 fermeture amortie.<\/p>\n","protected":false},"excerpt":{"rendered":"<p>Pr\u00e9sentation de RUND, une \u00e9tag\u00e8re ronde d&rsquo;inspiration nordique qui allie un design minimaliste \u00e0 une fonctionnalit\u00e9 exceptionnelle. Fabriqu\u00e9e en contreplaqu\u00e9 de haute qualit\u00e9 et agr\u00e9ment\u00e9e de portes \u00e9l\u00e9gantes et modernes, RUND est la pi\u00e8ce ma\u00eetresse parfaite pour tout int\u00e9rieur contemporain. Design intemporel : la structure circulaire cr\u00e9e une pi\u00e8ce ma\u00eetresse visuelle saisissante, tandis que les&#8230;<\/p>\n","protected":false},"featured_media":28881,"comment_status":"open","ping_status":"closed","template":"","meta":{"_acf_changed":false},"product_brand":[],"product_cat":[109],"product_tag":[],"class_list":{"0":"post-28107","1":"product","2":"type-product","3":"status-publish","4":"has-post-thumbnail","6":"product_cat-riiulid","8":"first","9":"instock","10":"sale","11":"taxable","12":"shipping-taxable","13":"purchasable","14":"product-type-variable","15":"has-default-attributes"},"acf":[],"yoast_head":"<!-- This site is optimized with the Yoast SEO plugin v27.4 - https:\/\/yoast.com\/product\/yoast-seo-wordpress\/ -->\n<title>\u00c9tag\u00e8re ronde avec portes RUND - Radis<\/title>\n<meta name=\"robots\" content=\"index, follow, max-snippet:-1, max-image-preview:large, max-video-preview:-1\" \/>\n<link rel=\"canonical\" href=\"https:\/\/radis.ee\/fr\/etagere-ronde-avec-portes-rund\/\" \/>\n<meta property=\"og:locale\" content=\"fr_FR\" \/>\n<meta property=\"og:type\" content=\"article\" \/>\n<meta property=\"og:title\" content=\"\u00c9tag\u00e8re ronde avec portes RUND - Radis\" \/>\n<meta property=\"og:description\" content=\"Pr\u00e9sentation de RUND, une \u00e9tag\u00e8re ronde d&rsquo;inspiration nordique qui allie un design minimaliste \u00e0 une fonctionnalit\u00e9 exceptionnelle. Fabriqu\u00e9e en contreplaqu\u00e9 de haute qualit\u00e9 et agr\u00e9ment\u00e9e de portes \u00e9l\u00e9gantes et modernes, RUND est la pi\u00e8ce ma\u00eetresse parfaite pour tout int\u00e9rieur contemporain. Design intemporel : la structure circulaire cr\u00e9e une pi\u00e8ce ma\u00eetresse visuelle saisissante, tandis que les...\" \/>\n<meta property=\"og:url\" content=\"https:\/\/radis.ee\/fr\/etagere-ronde-avec-portes-rund\/\" \/>\n<meta property=\"og:site_name\" content=\"Radis\" \/>\n<meta property=\"article:publisher\" content=\"https:\/\/www.facebook.com\/radisfurniture\/\" \/>\n<meta property=\"article:modified_time\" content=\"2025-03-12T14:03:21+00:00\" \/>\n<meta property=\"og:image\" content=\"https:\/\/radis.ee\/wp-content\/uploads\/2020\/08\/RADIS_shelf_GRUND_white_HPL_doors_Oak_veneered_white_background.jpg\" \/>\n\t<meta property=\"og:image:width\" content=\"874\" \/>\n\t<meta property=\"og:image:height\" content=\"1041\" \/>\n\t<meta property=\"og:image:type\" content=\"image\/jpeg\" \/>\n<meta name=\"twitter:card\" content=\"summary_large_image\" \/>\n<meta name=\"twitter:label1\" content=\"Dur\u00e9e de lecture estim\u00e9e\" \/>\n\t<meta name=\"twitter:data1\" content=\"2 minutes\" \/>\n<script type=\"application\/ld+json\" class=\"yoast-schema-graph\">{\"@context\":\"https:\\\/\\\/schema.org\",\"@graph\":[{\"@type\":\"WebPage\",\"@id\":\"https:\\\/\\\/radis.ee\\\/fr\\\/etagere-ronde-avec-portes-rund\\\/\",\"url\":\"https:\\\/\\\/radis.ee\\\/fr\\\/etagere-ronde-avec-portes-rund\\\/\",\"name\":\"\u00c9tag\u00e8re ronde avec portes RUND - Radis\",\"isPartOf\":{\"@id\":\"https:\\\/\\\/radis.ee\\\/#website\"},\"primaryImageOfPage\":{\"@id\":\"https:\\\/\\\/radis.ee\\\/fr\\\/etagere-ronde-avec-portes-rund\\\/#primaryimage\"},\"image\":{\"@id\":\"https:\\\/\\\/radis.ee\\\/fr\\\/etagere-ronde-avec-portes-rund\\\/#primaryimage\"},\"thumbnailUrl\":\"https:\\\/\\\/radis.ee\\\/wp-content\\\/uploads\\\/2020\\\/08\\\/RADIS_shelf_GRUND_white_HPL_doors_Oak_veneered_white_background.jpg\",\"datePublished\":\"2024-12-27T14:30:40+00:00\",\"dateModified\":\"2025-03-12T14:03:21+00:00\",\"breadcrumb\":{\"@id\":\"https:\\\/\\\/radis.ee\\\/fr\\\/etagere-ronde-avec-portes-rund\\\/#breadcrumb\"},\"inLanguage\":\"fr-FR\",\"potentialAction\":[{\"@type\":\"ReadAction\",\"target\":[\"https:\\\/\\\/radis.ee\\\/fr\\\/etagere-ronde-avec-portes-rund\\\/\"]}]},{\"@type\":\"ImageObject\",\"inLanguage\":\"fr-FR\",\"@id\":\"https:\\\/\\\/radis.ee\\\/fr\\\/etagere-ronde-avec-portes-rund\\\/#primaryimage\",\"url\":\"https:\\\/\\\/radis.ee\\\/wp-content\\\/uploads\\\/2020\\\/08\\\/RADIS_shelf_GRUND_white_HPL_doors_Oak_veneered_white_background.jpg\",\"contentUrl\":\"https:\\\/\\\/radis.ee\\\/wp-content\\\/uploads\\\/2020\\\/08\\\/RADIS_shelf_GRUND_white_HPL_doors_Oak_veneered_white_background.jpg\",\"width\":874,\"height\":1041,\"caption\":\"Radis shelf RUND white HPL doors Oak veneered\"},{\"@type\":\"BreadcrumbList\",\"@id\":\"https:\\\/\\\/radis.ee\\\/fr\\\/etagere-ronde-avec-portes-rund\\\/#breadcrumb\",\"itemListElement\":[{\"@type\":\"ListItem\",\"position\":1,\"name\":\"Home\",\"item\":\"https:\\\/\\\/radis.ee\\\/\"},{\"@type\":\"ListItem\",\"position\":2,\"name\":\"Magasin\",\"item\":\"https:\\\/\\\/radis.ee\\\/fr\\\/magasin\\\/\"},{\"@type\":\"ListItem\",\"position\":3,\"name\":\"\u00c9tag\u00e8re ronde avec portes RUND\"}]},{\"@type\":\"WebSite\",\"@id\":\"https:\\\/\\\/radis.ee\\\/#website\",\"url\":\"https:\\\/\\\/radis.ee\\\/\",\"name\":\"Radis\",\"description\":\"Nordic design furniture, environmentally friendly and sustainable.\",\"publisher\":{\"@id\":\"https:\\\/\\\/radis.ee\\\/#organization\"},\"potentialAction\":[{\"@type\":\"SearchAction\",\"target\":{\"@type\":\"EntryPoint\",\"urlTemplate\":\"https:\\\/\\\/radis.ee\\\/?s={search_term_string}\"},\"query-input\":{\"@type\":\"PropertyValueSpecification\",\"valueRequired\":true,\"valueName\":\"search_term_string\"}}],\"inLanguage\":\"fr-FR\"},{\"@type\":\"Organization\",\"@id\":\"https:\\\/\\\/radis.ee\\\/#organization\",\"name\":\"Radis O\u00dc\",\"url\":\"https:\\\/\\\/radis.ee\\\/\",\"logo\":{\"@type\":\"ImageObject\",\"inLanguage\":\"fr-FR\",\"@id\":\"https:\\\/\\\/radis.ee\\\/#\\\/schema\\\/logo\\\/image\\\/\",\"url\":\"https:\\\/\\\/radis.ee\\\/wp-content\\\/uploads\\\/2020\\\/10\\\/Radis-logo.png\",\"contentUrl\":\"https:\\\/\\\/radis.ee\\\/wp-content\\\/uploads\\\/2020\\\/10\\\/Radis-logo.png\",\"width\":300,\"height\":63,\"caption\":\"Radis O\u00dc\"},\"image\":{\"@id\":\"https:\\\/\\\/radis.ee\\\/#\\\/schema\\\/logo\\\/image\\\/\"},\"sameAs\":[\"https:\\\/\\\/www.facebook.com\\\/radisfurniture\\\/\"]}]}<\/script>\n<!-- \/ Yoast SEO plugin. -->","yoast_head_json":{"title":"\u00c9tag\u00e8re ronde avec portes RUND - Radis","robots":{"index":"index","follow":"follow","max-snippet":"max-snippet:-1","max-image-preview":"max-image-preview:large","max-video-preview":"max-video-preview:-1"},"canonical":"https:\/\/radis.ee\/fr\/etagere-ronde-avec-portes-rund\/","og_locale":"fr_FR","og_type":"article","og_title":"\u00c9tag\u00e8re ronde avec portes RUND - Radis","og_description":"Pr\u00e9sentation de RUND, une \u00e9tag\u00e8re ronde d&rsquo;inspiration nordique qui allie un design minimaliste \u00e0 une fonctionnalit\u00e9 exceptionnelle. Fabriqu\u00e9e en contreplaqu\u00e9 de haute qualit\u00e9 et agr\u00e9ment\u00e9e de portes \u00e9l\u00e9gantes et modernes, RUND est la pi\u00e8ce ma\u00eetresse parfaite pour tout int\u00e9rieur contemporain. Design intemporel : la structure circulaire cr\u00e9e une pi\u00e8ce ma\u00eetresse visuelle saisissante, tandis que les...","og_url":"https:\/\/radis.ee\/fr\/etagere-ronde-avec-portes-rund\/","og_site_name":"Radis","article_publisher":"https:\/\/www.facebook.com\/radisfurniture\/","article_modified_time":"2025-03-12T14:03:21+00:00","og_image":[{"width":874,"height":1041,"url":"https:\/\/radis.ee\/wp-content\/uploads\/2020\/08\/RADIS_shelf_GRUND_white_HPL_doors_Oak_veneered_white_background.jpg","type":"image\/jpeg"}],"twitter_card":"summary_large_image","twitter_misc":{"Dur\u00e9e de lecture estim\u00e9e":"2 minutes"},"schema":{"@context":"https:\/\/schema.org","@graph":[{"@type":"WebPage","@id":"https:\/\/radis.ee\/fr\/etagere-ronde-avec-portes-rund\/","url":"https:\/\/radis.ee\/fr\/etagere-ronde-avec-portes-rund\/","name":"\u00c9tag\u00e8re ronde avec portes RUND - Radis","isPartOf":{"@id":"https:\/\/radis.ee\/#website"},"primaryImageOfPage":{"@id":"https:\/\/radis.ee\/fr\/etagere-ronde-avec-portes-rund\/#primaryimage"},"image":{"@id":"https:\/\/radis.ee\/fr\/etagere-ronde-avec-portes-rund\/#primaryimage"},"thumbnailUrl":"https:\/\/radis.ee\/wp-content\/uploads\/2020\/08\/RADIS_shelf_GRUND_white_HPL_doors_Oak_veneered_white_background.jpg","datePublished":"2024-12-27T14:30:40+00:00","dateModified":"2025-03-12T14:03:21+00:00","breadcrumb":{"@id":"https:\/\/radis.ee\/fr\/etagere-ronde-avec-portes-rund\/#breadcrumb"},"inLanguage":"fr-FR","potentialAction":[{"@type":"ReadAction","target":["https:\/\/radis.ee\/fr\/etagere-ronde-avec-portes-rund\/"]}]},{"@type":"ImageObject","inLanguage":"fr-FR","@id":"https:\/\/radis.ee\/fr\/etagere-ronde-avec-portes-rund\/#primaryimage","url":"https:\/\/radis.ee\/wp-content\/uploads\/2020\/08\/RADIS_shelf_GRUND_white_HPL_doors_Oak_veneered_white_background.jpg","contentUrl":"https:\/\/radis.ee\/wp-content\/uploads\/2020\/08\/RADIS_shelf_GRUND_white_HPL_doors_Oak_veneered_white_background.jpg","width":874,"height":1041,"caption":"Radis shelf RUND white HPL doors Oak veneered"},{"@type":"BreadcrumbList","@id":"https:\/\/radis.ee\/fr\/etagere-ronde-avec-portes-rund\/#breadcrumb","itemListElement":[{"@type":"ListItem","position":1,"name":"Home","item":"https:\/\/radis.ee\/"},{"@type":"ListItem","position":2,"name":"Magasin","item":"https:\/\/radis.ee\/fr\/magasin\/"},{"@type":"ListItem","position":3,"name":"\u00c9tag\u00e8re ronde avec portes RUND"}]},{"@type":"WebSite","@id":"https:\/\/radis.ee\/#website","url":"https:\/\/radis.ee\/","name":"Radis","description":"Nordic design furniture, environmentally friendly and sustainable.","publisher":{"@id":"https:\/\/radis.ee\/#organization"},"potentialAction":[{"@type":"SearchAction","target":{"@type":"EntryPoint","urlTemplate":"https:\/\/radis.ee\/?s={search_term_string}"},"query-input":{"@type":"PropertyValueSpecification","valueRequired":true,"valueName":"search_term_string"}}],"inLanguage":"fr-FR"},{"@type":"Organization","@id":"https:\/\/radis.ee\/#organization","name":"Radis O\u00dc","url":"https:\/\/radis.ee\/","logo":{"@type":"ImageObject","inLanguage":"fr-FR","@id":"https:\/\/radis.ee\/#\/schema\/logo\/image\/","url":"https:\/\/radis.ee\/wp-content\/uploads\/2020\/10\/Radis-logo.png","contentUrl":"https:\/\/radis.ee\/wp-content\/uploads\/2020\/10\/Radis-logo.png","width":300,"height":63,"caption":"Radis O\u00dc"},"image":{"@id":"https:\/\/radis.ee\/#\/schema\/logo\/image\/"},"sameAs":["https:\/\/www.facebook.com\/radisfurniture\/"]}]}},"_links":{"self":[{"href":"https:\/\/radis.ee\/fr\/wp-json\/wp\/v2\/product\/28107","targetHints":{"allow":["GET"]}}],"collection":[{"href":"https:\/\/radis.ee\/fr\/wp-json\/wp\/v2\/product"}],"about":[{"href":"https:\/\/radis.ee\/fr\/wp-json\/wp\/v2\/types\/product"}],"replies":[{"embeddable":true,"href":"https:\/\/radis.ee\/fr\/wp-json\/wp\/v2\/comments?post=28107"}],"wp:featuredmedia":[{"embeddable":true,"href":"https:\/\/radis.ee\/fr\/wp-json\/wp\/v2\/media\/28881"}],"wp:attachment":[{"href":"https:\/\/radis.ee\/fr\/wp-json\/wp\/v2\/media?parent=28107"}],"wp:term":[{"taxonomy":"product_brand","embeddable":true,"href":"https:\/\/radis.ee\/fr\/wp-json\/wp\/v2\/product_brand?post=28107"},{"taxonomy":"product_cat","embeddable":true,"href":"https:\/\/radis.ee\/fr\/wp-json\/wp\/v2\/product_cat?post=28107"},{"taxonomy":"product_tag","embeddable":true,"href":"https:\/\/radis.ee\/fr\/wp-json\/wp\/v2\/product_tag?post=28107"}],"curies":[{"name":"wp","href":"https:\/\/api.w.org\/{rel}","templated":true}]}}