{"id":28208,"date":"2025-01-10T18:54:31","date_gmt":"2025-01-10T16:54:31","guid":{"rendered":"https:\/\/radis.ee\/?post_type=product&#038;p=28208"},"modified":"2025-01-13T10:39:43","modified_gmt":"2025-01-13T08:39:43","slug":"tabouret-twist","status":"publish","type":"product","link":"https:\/\/radis.ee\/fr\/tabouret-twist\/","title":{"rendered":"Tabouret TWIST"},"content":{"rendered":"<p>Un tabouret dot\u00e9 d&rsquo;un syst\u00e8me d&rsquo;assemblage totalement nouveau et innovant.<br \/>\nIl r\u00e9invente le tabouret simple avec une technique d&rsquo;assemblage totalement nouvelle, combin\u00e9e \u00e0 une touche de style r\u00e9tro-moderne.<\/p>\n<p>En tant qu&rsquo;inventeur et designer, Martin Lazarev cherche toujours \u00e0 int\u00e9grer une solution originale ou une touche astucieuse \u00e0 ses produits.<\/p>\n<p>COMMENT FONCTIONNE CE TABOURET TWIST ?<\/p>\n<p>Bonne question&#8230; Il y a une serrure intelligente astucieusement cach\u00e9e \u00e0 l&rsquo;int\u00e9rieur du tabouret, que vous ne remarquerez peut-\u00eatre pas au premier coup d&rsquo;\u0153il.<\/p>\n<p>Ce si\u00e8ge de style r\u00e9tro moderne s&rsquo;assemble sans avoir besoin d&rsquo;\u00e9crous, de vis ou d&rsquo;outils et peut \u00eatre ouvert en appuyant sur le loquet dans le petit trou avec l&rsquo;extr\u00e9mit\u00e9 \u00e9mouss\u00e9e d&rsquo;un crayon ordinaire.<\/p>\n<p>Pour l&rsquo;assemblage, placez simplement les plaques d&rsquo;assise sur les pieds de mani\u00e8re \u00e0 ce que la ligne de connexion soit \u00e0 un angle de 45 degr\u00e9s par rapport \u00e0 la ligne des pieds. Poussez-les vers le bas et tournez-les jusqu&rsquo;\u00e0 ce que vous entendiez un clic.<\/p>\n<p>Le tabouret TWIST est tr\u00e8s stable et vraiment confortable pour s&rsquo;asseoir, gr\u00e2ce \u00e0 la grande plaque d&rsquo;assise. Fabriqu\u00e9 en contreplaqu\u00e9 de bouleau plaqu\u00e9 ch\u00eane.<\/p>\n<p>Designer: Martin Lazarev<\/p>\n<p>Vous pouvez voir l&rsquo;assemblage du tabouret dans <a href=\"https:\/\/radis.ee\/wp-content\/uploads\/2025\/01\/Radis_stool_TWIST_mov_01_no_audio_480_sm.mov\">cette vid\u00e9o.<\/a><\/p>\n","protected":false},"excerpt":{"rendered":"<p>Un tabouret dot\u00e9 d&rsquo;un syst\u00e8me d&rsquo;assemblage totalement nouveau et innovant. Il r\u00e9invente le tabouret simple avec une technique d&rsquo;assemblage totalement nouvelle, combin\u00e9e \u00e0 une touche de style r\u00e9tro-moderne. En tant qu&rsquo;inventeur et designer, Martin Lazarev cherche toujours \u00e0 int\u00e9grer une solution originale ou une touche astucieuse \u00e0 ses produits. COMMENT FONCTIONNE CE TABOURET TWIST ?&#8230;<\/p>\n","protected":false},"featured_media":28281,"comment_status":"open","ping_status":"closed","template":"","meta":{"_acf_changed":false},"product_brand":[],"product_cat":[34],"product_tag":[],"class_list":{"0":"post-28208","1":"product","2":"type-product","3":"status-publish","4":"has-post-thumbnail","6":"product_cat-aksessuaarid","8":"first","9":"instock","10":"taxable","11":"shipping-taxable","12":"purchasable","13":"product-type-simple"},"acf":[],"yoast_head":"<!-- This site is optimized with the Yoast SEO plugin v27.4 - https:\/\/yoast.com\/product\/yoast-seo-wordpress\/ -->\n<title>Tabouret TWIST - Radis<\/title>\n<meta name=\"robots\" content=\"index, follow, max-snippet:-1, max-image-preview:large, max-video-preview:-1\" \/>\n<link rel=\"canonical\" href=\"https:\/\/radis.ee\/fr\/tabouret-twist\/\" \/>\n<meta property=\"og:locale\" content=\"fr_FR\" \/>\n<meta property=\"og:type\" content=\"article\" \/>\n<meta property=\"og:title\" content=\"Tabouret TWIST - Radis\" \/>\n<meta property=\"og:description\" content=\"Un tabouret dot\u00e9 d&rsquo;un syst\u00e8me d&rsquo;assemblage totalement nouveau et innovant. Il r\u00e9invente le tabouret simple avec une technique d&rsquo;assemblage totalement nouvelle, combin\u00e9e \u00e0 une touche de style r\u00e9tro-moderne. En tant qu&rsquo;inventeur et designer, Martin Lazarev cherche toujours \u00e0 int\u00e9grer une solution originale ou une touche astucieuse \u00e0 ses produits. COMMENT FONCTIONNE CE TABOURET TWIST ?...\" \/>\n<meta property=\"og:url\" content=\"https:\/\/radis.ee\/fr\/tabouret-twist\/\" \/>\n<meta property=\"og:site_name\" content=\"Radis\" \/>\n<meta property=\"article:publisher\" content=\"https:\/\/www.facebook.com\/radisfurniture\/\" \/>\n<meta property=\"article:modified_time\" content=\"2025-01-13T08:39:43+00:00\" \/>\n<meta property=\"og:image\" content=\"https:\/\/radis.ee\/wp-content\/uploads\/2025\/01\/Radis_stool_TWIST_Oak_veneered_white_Background-1.jpg\" \/>\n\t<meta property=\"og:image:width\" content=\"957\" \/>\n\t<meta property=\"og:image:height\" content=\"638\" \/>\n\t<meta property=\"og:image:type\" content=\"image\/jpeg\" \/>\n<meta name=\"twitter:card\" content=\"summary_large_image\" \/>\n<meta name=\"twitter:label1\" content=\"Dur\u00e9e de lecture estim\u00e9e\" \/>\n\t<meta name=\"twitter:data1\" content=\"2 minutes\" \/>\n<script type=\"application\/ld+json\" class=\"yoast-schema-graph\">{\"@context\":\"https:\\\/\\\/schema.org\",\"@graph\":[{\"@type\":\"WebPage\",\"@id\":\"https:\\\/\\\/radis.ee\\\/fr\\\/tabouret-twist\\\/\",\"url\":\"https:\\\/\\\/radis.ee\\\/fr\\\/tabouret-twist\\\/\",\"name\":\"Tabouret TWIST - Radis\",\"isPartOf\":{\"@id\":\"https:\\\/\\\/radis.ee\\\/#website\"},\"primaryImageOfPage\":{\"@id\":\"https:\\\/\\\/radis.ee\\\/fr\\\/tabouret-twist\\\/#primaryimage\"},\"image\":{\"@id\":\"https:\\\/\\\/radis.ee\\\/fr\\\/tabouret-twist\\\/#primaryimage\"},\"thumbnailUrl\":\"https:\\\/\\\/radis.ee\\\/wp-content\\\/uploads\\\/2025\\\/01\\\/Radis_stool_TWIST_Oak_veneered_white_Background-1.jpg\",\"datePublished\":\"2025-01-10T16:54:31+00:00\",\"dateModified\":\"2025-01-13T08:39:43+00:00\",\"breadcrumb\":{\"@id\":\"https:\\\/\\\/radis.ee\\\/fr\\\/tabouret-twist\\\/#breadcrumb\"},\"inLanguage\":\"fr-FR\",\"potentialAction\":[{\"@type\":\"ReadAction\",\"target\":[\"https:\\\/\\\/radis.ee\\\/fr\\\/tabouret-twist\\\/\"]}]},{\"@type\":\"ImageObject\",\"inLanguage\":\"fr-FR\",\"@id\":\"https:\\\/\\\/radis.ee\\\/fr\\\/tabouret-twist\\\/#primaryimage\",\"url\":\"https:\\\/\\\/radis.ee\\\/wp-content\\\/uploads\\\/2025\\\/01\\\/Radis_stool_TWIST_Oak_veneered_white_Background-1.jpg\",\"contentUrl\":\"https:\\\/\\\/radis.ee\\\/wp-content\\\/uploads\\\/2025\\\/01\\\/Radis_stool_TWIST_Oak_veneered_white_Background-1.jpg\",\"width\":957,\"height\":638,\"caption\":\"Radis Furniture stool TWIST oak veneered by Martin Lazarev\"},{\"@type\":\"BreadcrumbList\",\"@id\":\"https:\\\/\\\/radis.ee\\\/fr\\\/tabouret-twist\\\/#breadcrumb\",\"itemListElement\":[{\"@type\":\"ListItem\",\"position\":1,\"name\":\"Home\",\"item\":\"https:\\\/\\\/radis.ee\\\/\"},{\"@type\":\"ListItem\",\"position\":2,\"name\":\"Magasin\",\"item\":\"https:\\\/\\\/radis.ee\\\/fr\\\/magasin\\\/\"},{\"@type\":\"ListItem\",\"position\":3,\"name\":\"Tabouret TWIST\"}]},{\"@type\":\"WebSite\",\"@id\":\"https:\\\/\\\/radis.ee\\\/#website\",\"url\":\"https:\\\/\\\/radis.ee\\\/\",\"name\":\"Radis\",\"description\":\"Nordic design furniture, environmentally friendly and sustainable.\",\"publisher\":{\"@id\":\"https:\\\/\\\/radis.ee\\\/#organization\"},\"potentialAction\":[{\"@type\":\"SearchAction\",\"target\":{\"@type\":\"EntryPoint\",\"urlTemplate\":\"https:\\\/\\\/radis.ee\\\/?s={search_term_string}\"},\"query-input\":{\"@type\":\"PropertyValueSpecification\",\"valueRequired\":true,\"valueName\":\"search_term_string\"}}],\"inLanguage\":\"fr-FR\"},{\"@type\":\"Organization\",\"@id\":\"https:\\\/\\\/radis.ee\\\/#organization\",\"name\":\"Radis O\u00dc\",\"url\":\"https:\\\/\\\/radis.ee\\\/\",\"logo\":{\"@type\":\"ImageObject\",\"inLanguage\":\"fr-FR\",\"@id\":\"https:\\\/\\\/radis.ee\\\/#\\\/schema\\\/logo\\\/image\\\/\",\"url\":\"https:\\\/\\\/radis.ee\\\/wp-content\\\/uploads\\\/2020\\\/10\\\/Radis-logo.png\",\"contentUrl\":\"https:\\\/\\\/radis.ee\\\/wp-content\\\/uploads\\\/2020\\\/10\\\/Radis-logo.png\",\"width\":300,\"height\":63,\"caption\":\"Radis O\u00dc\"},\"image\":{\"@id\":\"https:\\\/\\\/radis.ee\\\/#\\\/schema\\\/logo\\\/image\\\/\"},\"sameAs\":[\"https:\\\/\\\/www.facebook.com\\\/radisfurniture\\\/\"]}]}<\/script>\n<!-- \/ Yoast SEO plugin. -->","yoast_head_json":{"title":"Tabouret TWIST - Radis","robots":{"index":"index","follow":"follow","max-snippet":"max-snippet:-1","max-image-preview":"max-image-preview:large","max-video-preview":"max-video-preview:-1"},"canonical":"https:\/\/radis.ee\/fr\/tabouret-twist\/","og_locale":"fr_FR","og_type":"article","og_title":"Tabouret TWIST - Radis","og_description":"Un tabouret dot\u00e9 d&rsquo;un syst\u00e8me d&rsquo;assemblage totalement nouveau et innovant. Il r\u00e9invente le tabouret simple avec une technique d&rsquo;assemblage totalement nouvelle, combin\u00e9e \u00e0 une touche de style r\u00e9tro-moderne. En tant qu&rsquo;inventeur et designer, Martin Lazarev cherche toujours \u00e0 int\u00e9grer une solution originale ou une touche astucieuse \u00e0 ses produits. COMMENT FONCTIONNE CE TABOURET TWIST ?...","og_url":"https:\/\/radis.ee\/fr\/tabouret-twist\/","og_site_name":"Radis","article_publisher":"https:\/\/www.facebook.com\/radisfurniture\/","article_modified_time":"2025-01-13T08:39:43+00:00","og_image":[{"width":957,"height":638,"url":"https:\/\/radis.ee\/wp-content\/uploads\/2025\/01\/Radis_stool_TWIST_Oak_veneered_white_Background-1.jpg","type":"image\/jpeg"}],"twitter_card":"summary_large_image","twitter_misc":{"Dur\u00e9e de lecture estim\u00e9e":"2 minutes"},"schema":{"@context":"https:\/\/schema.org","@graph":[{"@type":"WebPage","@id":"https:\/\/radis.ee\/fr\/tabouret-twist\/","url":"https:\/\/radis.ee\/fr\/tabouret-twist\/","name":"Tabouret TWIST - Radis","isPartOf":{"@id":"https:\/\/radis.ee\/#website"},"primaryImageOfPage":{"@id":"https:\/\/radis.ee\/fr\/tabouret-twist\/#primaryimage"},"image":{"@id":"https:\/\/radis.ee\/fr\/tabouret-twist\/#primaryimage"},"thumbnailUrl":"https:\/\/radis.ee\/wp-content\/uploads\/2025\/01\/Radis_stool_TWIST_Oak_veneered_white_Background-1.jpg","datePublished":"2025-01-10T16:54:31+00:00","dateModified":"2025-01-13T08:39:43+00:00","breadcrumb":{"@id":"https:\/\/radis.ee\/fr\/tabouret-twist\/#breadcrumb"},"inLanguage":"fr-FR","potentialAction":[{"@type":"ReadAction","target":["https:\/\/radis.ee\/fr\/tabouret-twist\/"]}]},{"@type":"ImageObject","inLanguage":"fr-FR","@id":"https:\/\/radis.ee\/fr\/tabouret-twist\/#primaryimage","url":"https:\/\/radis.ee\/wp-content\/uploads\/2025\/01\/Radis_stool_TWIST_Oak_veneered_white_Background-1.jpg","contentUrl":"https:\/\/radis.ee\/wp-content\/uploads\/2025\/01\/Radis_stool_TWIST_Oak_veneered_white_Background-1.jpg","width":957,"height":638,"caption":"Radis Furniture stool TWIST oak veneered by Martin Lazarev"},{"@type":"BreadcrumbList","@id":"https:\/\/radis.ee\/fr\/tabouret-twist\/#breadcrumb","itemListElement":[{"@type":"ListItem","position":1,"name":"Home","item":"https:\/\/radis.ee\/"},{"@type":"ListItem","position":2,"name":"Magasin","item":"https:\/\/radis.ee\/fr\/magasin\/"},{"@type":"ListItem","position":3,"name":"Tabouret TWIST"}]},{"@type":"WebSite","@id":"https:\/\/radis.ee\/#website","url":"https:\/\/radis.ee\/","name":"Radis","description":"Nordic design furniture, environmentally friendly and sustainable.","publisher":{"@id":"https:\/\/radis.ee\/#organization"},"potentialAction":[{"@type":"SearchAction","target":{"@type":"EntryPoint","urlTemplate":"https:\/\/radis.ee\/?s={search_term_string}"},"query-input":{"@type":"PropertyValueSpecification","valueRequired":true,"valueName":"search_term_string"}}],"inLanguage":"fr-FR"},{"@type":"Organization","@id":"https:\/\/radis.ee\/#organization","name":"Radis O\u00dc","url":"https:\/\/radis.ee\/","logo":{"@type":"ImageObject","inLanguage":"fr-FR","@id":"https:\/\/radis.ee\/#\/schema\/logo\/image\/","url":"https:\/\/radis.ee\/wp-content\/uploads\/2020\/10\/Radis-logo.png","contentUrl":"https:\/\/radis.ee\/wp-content\/uploads\/2020\/10\/Radis-logo.png","width":300,"height":63,"caption":"Radis O\u00dc"},"image":{"@id":"https:\/\/radis.ee\/#\/schema\/logo\/image\/"},"sameAs":["https:\/\/www.facebook.com\/radisfurniture\/"]}]}},"_links":{"self":[{"href":"https:\/\/radis.ee\/fr\/wp-json\/wp\/v2\/product\/28208","targetHints":{"allow":["GET"]}}],"collection":[{"href":"https:\/\/radis.ee\/fr\/wp-json\/wp\/v2\/product"}],"about":[{"href":"https:\/\/radis.ee\/fr\/wp-json\/wp\/v2\/types\/product"}],"replies":[{"embeddable":true,"href":"https:\/\/radis.ee\/fr\/wp-json\/wp\/v2\/comments?post=28208"}],"wp:featuredmedia":[{"embeddable":true,"href":"https:\/\/radis.ee\/fr\/wp-json\/wp\/v2\/media\/28281"}],"wp:attachment":[{"href":"https:\/\/radis.ee\/fr\/wp-json\/wp\/v2\/media?parent=28208"}],"wp:term":[{"taxonomy":"product_brand","embeddable":true,"href":"https:\/\/radis.ee\/fr\/wp-json\/wp\/v2\/product_brand?post=28208"},{"taxonomy":"product_cat","embeddable":true,"href":"https:\/\/radis.ee\/fr\/wp-json\/wp\/v2\/product_cat?post=28208"},{"taxonomy":"product_tag","embeddable":true,"href":"https:\/\/radis.ee\/fr\/wp-json\/wp\/v2\/product_tag?post=28208"}],"curies":[{"name":"wp","href":"https:\/\/api.w.org\/{rel}","templated":true}]}}