{"id":28514,"date":"2025-01-31T15:10:32","date_gmt":"2025-01-31T13:10:32","guid":{"rendered":"https:\/\/radis.ee\/?post_type=product&#038;p=28514"},"modified":"2025-01-31T16:06:21","modified_gmt":"2025-01-31T14:06:21","slug":"chaise-bercante-gee-copy","status":"publish","type":"product","link":"https:\/\/radis.ee\/fr\/chaise-bercante-gee-copy\/","title":{"rendered":"Fauteuil de salon avec \u00e9tag\u00e8re RUHE"},"content":{"rendered":"<p>D\u00e9tendez-vous \u00e0 l&rsquo;\u00e9tat pur avec RUHE, un fauteuil de salon qui allie design minimaliste et \u00e9l\u00e9gance fonctionnelle. Fabriqu\u00e9 \u00e0 partir de contreplaqu\u00e9 naturel nordique de haute qualit\u00e9 et recouvert de linol\u00e9um d&rsquo;ameublement haut de gamme, RUHE offre une esth\u00e9tique \u00e9l\u00e9gante mais chaleureuse qui s&rsquo;int\u00e8gre parfaitement dans tout int\u00e9rieur moderne.<\/p>\n<p>Con\u00e7u pour un confort ultime, sa forme ergonomique offre l&rsquo;inclinaison parfaite pour se d\u00e9tendre avec un livre, m\u00e9diter ou simplement profiter d&rsquo;un moment de calme.<\/p>\n<p>L&rsquo;appuie-t\u00eate amovible vous permet d&rsquo;ajuster le soutien selon vos pr\u00e9f\u00e9rences, garantissant une relaxation personnalis\u00e9e. Que vous regardiez la t\u00e9l\u00e9vision, travailliez sur votre ordinateur portable ou fassiez simplement une pause, RUHE s&rsquo;adapte sans effort \u00e0 votre style de vie.<\/p>\n<p>Les \u00e9tag\u00e8res int\u00e9gr\u00e9es \u00e0 l&rsquo;arri\u00e8re et sous le si\u00e8ge vous permettent de garder vos livres et magazines pr\u00e9f\u00e9r\u00e9s \u00e0 port\u00e9e de main, faisant de RUHE plus qu&rsquo;une simple chaise, c&rsquo;est un sanctuaire.<\/p>\n<p>Inspir\u00e9 de l&rsquo;artisanat scandinave et con\u00e7u dans un souci de durabilit\u00e9, RUHE incarne l&rsquo;harmonie entre la nature, la forme et la fonction. Fabriqu\u00e9 en contreplaqu\u00e9 de bouleau, \u00e9galement plaqu\u00e9 ch\u00eane, huil\u00e9 cir\u00e9. Les si\u00e8ges sont recouverts de linol\u00e9um Forbo Furniture Nero noir.<\/p>\n<p>Respirez profond\u00e9ment. Asseyez-vous. Trouvez votre Ruhe.<\/p>\n","protected":false},"excerpt":{"rendered":"<p>D\u00e9tendez-vous \u00e0 l&rsquo;\u00e9tat pur avec RUHE, un fauteuil de salon qui allie design minimaliste et \u00e9l\u00e9gance fonctionnelle. Fabriqu\u00e9 \u00e0 partir de contreplaqu\u00e9 naturel nordique de haute qualit\u00e9 et recouvert de linol\u00e9um d&rsquo;ameublement haut de gamme, RUHE offre une esth\u00e9tique \u00e9l\u00e9gante mais chaleureuse qui s&rsquo;int\u00e8gre parfaitement dans tout int\u00e9rieur moderne. Con\u00e7u pour un confort ultime, sa&#8230;<\/p>\n","protected":false},"featured_media":28782,"comment_status":"open","ping_status":"closed","template":"","meta":{"_acf_changed":false},"product_brand":[],"product_cat":[34],"product_tag":[],"class_list":{"0":"post-28514","1":"product","2":"type-product","3":"status-publish","4":"has-post-thumbnail","6":"product_cat-aksessuaarid","8":"first","9":"instock","10":"taxable","11":"shipping-taxable","12":"purchasable","13":"product-type-variable","14":"has-default-attributes"},"acf":[],"yoast_head":"<!-- This site is optimized with the Yoast SEO plugin v27.4 - https:\/\/yoast.com\/product\/yoast-seo-wordpress\/ -->\n<title>Fauteuil de salon avec \u00e9tag\u00e8re RUHE - Radis<\/title>\n<meta name=\"robots\" content=\"index, follow, max-snippet:-1, max-image-preview:large, max-video-preview:-1\" \/>\n<link rel=\"canonical\" href=\"https:\/\/radis.ee\/fr\/chaise-bercante-gee-copy\/\" \/>\n<meta property=\"og:locale\" content=\"fr_FR\" \/>\n<meta property=\"og:type\" content=\"article\" \/>\n<meta property=\"og:title\" content=\"Fauteuil de salon avec \u00e9tag\u00e8re RUHE - Radis\" \/>\n<meta property=\"og:description\" content=\"D\u00e9tendez-vous \u00e0 l&rsquo;\u00e9tat pur avec RUHE, un fauteuil de salon qui allie design minimaliste et \u00e9l\u00e9gance fonctionnelle. Fabriqu\u00e9 \u00e0 partir de contreplaqu\u00e9 naturel nordique de haute qualit\u00e9 et recouvert de linol\u00e9um d&rsquo;ameublement haut de gamme, RUHE offre une esth\u00e9tique \u00e9l\u00e9gante mais chaleureuse qui s&rsquo;int\u00e8gre parfaitement dans tout int\u00e9rieur moderne. Con\u00e7u pour un confort ultime, sa...\" \/>\n<meta property=\"og:url\" content=\"https:\/\/radis.ee\/fr\/chaise-bercante-gee-copy\/\" \/>\n<meta property=\"og:site_name\" content=\"Radis\" \/>\n<meta property=\"article:publisher\" content=\"https:\/\/www.facebook.com\/radisfurniture\/\" \/>\n<meta property=\"article:modified_time\" content=\"2025-01-31T14:06:21+00:00\" \/>\n<meta property=\"og:image\" content=\"https:\/\/radis.ee\/wp-content\/uploads\/2025\/01\/Radis_lounge_chair_with_shelf_RUHE_natural_plywood_7_white_background.jpg\" \/>\n\t<meta property=\"og:image:width\" content=\"667\" \/>\n\t<meta property=\"og:image:height\" content=\"794\" \/>\n\t<meta property=\"og:image:type\" content=\"image\/jpeg\" \/>\n<meta name=\"twitter:card\" content=\"summary_large_image\" \/>\n<meta name=\"twitter:label1\" content=\"Dur\u00e9e de lecture estim\u00e9e\" \/>\n\t<meta name=\"twitter:data1\" content=\"1 minute\" \/>\n<script type=\"application\/ld+json\" class=\"yoast-schema-graph\">{\"@context\":\"https:\\\/\\\/schema.org\",\"@graph\":[{\"@type\":\"WebPage\",\"@id\":\"https:\\\/\\\/radis.ee\\\/fr\\\/chaise-bercante-gee-copy\\\/\",\"url\":\"https:\\\/\\\/radis.ee\\\/fr\\\/chaise-bercante-gee-copy\\\/\",\"name\":\"Fauteuil de salon avec \u00e9tag\u00e8re RUHE - Radis\",\"isPartOf\":{\"@id\":\"https:\\\/\\\/radis.ee\\\/#website\"},\"primaryImageOfPage\":{\"@id\":\"https:\\\/\\\/radis.ee\\\/fr\\\/chaise-bercante-gee-copy\\\/#primaryimage\"},\"image\":{\"@id\":\"https:\\\/\\\/radis.ee\\\/fr\\\/chaise-bercante-gee-copy\\\/#primaryimage\"},\"thumbnailUrl\":\"https:\\\/\\\/radis.ee\\\/wp-content\\\/uploads\\\/2025\\\/01\\\/Radis_lounge_chair_with_shelf_RUHE_natural_plywood_7_white_background.jpg\",\"datePublished\":\"2025-01-31T13:10:32+00:00\",\"dateModified\":\"2025-01-31T14:06:21+00:00\",\"breadcrumb\":{\"@id\":\"https:\\\/\\\/radis.ee\\\/fr\\\/chaise-bercante-gee-copy\\\/#breadcrumb\"},\"inLanguage\":\"fr-FR\",\"potentialAction\":[{\"@type\":\"ReadAction\",\"target\":[\"https:\\\/\\\/radis.ee\\\/fr\\\/chaise-bercante-gee-copy\\\/\"]}]},{\"@type\":\"ImageObject\",\"inLanguage\":\"fr-FR\",\"@id\":\"https:\\\/\\\/radis.ee\\\/fr\\\/chaise-bercante-gee-copy\\\/#primaryimage\",\"url\":\"https:\\\/\\\/radis.ee\\\/wp-content\\\/uploads\\\/2025\\\/01\\\/Radis_lounge_chair_with_shelf_RUHE_natural_plywood_7_white_background.jpg\",\"contentUrl\":\"https:\\\/\\\/radis.ee\\\/wp-content\\\/uploads\\\/2025\\\/01\\\/Radis_lounge_chair_with_shelf_RUHE_natural_plywood_7_white_background.jpg\",\"width\":667,\"height\":794,\"caption\":\"Radis lounge chair RUHE natural plywood black Nero Forbo linoleum\"},{\"@type\":\"BreadcrumbList\",\"@id\":\"https:\\\/\\\/radis.ee\\\/fr\\\/chaise-bercante-gee-copy\\\/#breadcrumb\",\"itemListElement\":[{\"@type\":\"ListItem\",\"position\":1,\"name\":\"Home\",\"item\":\"https:\\\/\\\/radis.ee\\\/\"},{\"@type\":\"ListItem\",\"position\":2,\"name\":\"Magasin\",\"item\":\"https:\\\/\\\/radis.ee\\\/fr\\\/magasin\\\/\"},{\"@type\":\"ListItem\",\"position\":3,\"name\":\"Fauteuil de salon avec \u00e9tag\u00e8re RUHE\"}]},{\"@type\":\"WebSite\",\"@id\":\"https:\\\/\\\/radis.ee\\\/#website\",\"url\":\"https:\\\/\\\/radis.ee\\\/\",\"name\":\"Radis\",\"description\":\"Nordic design furniture, environmentally friendly and sustainable.\",\"publisher\":{\"@id\":\"https:\\\/\\\/radis.ee\\\/#organization\"},\"potentialAction\":[{\"@type\":\"SearchAction\",\"target\":{\"@type\":\"EntryPoint\",\"urlTemplate\":\"https:\\\/\\\/radis.ee\\\/?s={search_term_string}\"},\"query-input\":{\"@type\":\"PropertyValueSpecification\",\"valueRequired\":true,\"valueName\":\"search_term_string\"}}],\"inLanguage\":\"fr-FR\"},{\"@type\":\"Organization\",\"@id\":\"https:\\\/\\\/radis.ee\\\/#organization\",\"name\":\"Radis O\u00dc\",\"url\":\"https:\\\/\\\/radis.ee\\\/\",\"logo\":{\"@type\":\"ImageObject\",\"inLanguage\":\"fr-FR\",\"@id\":\"https:\\\/\\\/radis.ee\\\/#\\\/schema\\\/logo\\\/image\\\/\",\"url\":\"https:\\\/\\\/radis.ee\\\/wp-content\\\/uploads\\\/2020\\\/10\\\/Radis-logo.png\",\"contentUrl\":\"https:\\\/\\\/radis.ee\\\/wp-content\\\/uploads\\\/2020\\\/10\\\/Radis-logo.png\",\"width\":300,\"height\":63,\"caption\":\"Radis O\u00dc\"},\"image\":{\"@id\":\"https:\\\/\\\/radis.ee\\\/#\\\/schema\\\/logo\\\/image\\\/\"},\"sameAs\":[\"https:\\\/\\\/www.facebook.com\\\/radisfurniture\\\/\"]}]}<\/script>\n<!-- \/ Yoast SEO plugin. -->","yoast_head_json":{"title":"Fauteuil de salon avec \u00e9tag\u00e8re RUHE - Radis","robots":{"index":"index","follow":"follow","max-snippet":"max-snippet:-1","max-image-preview":"max-image-preview:large","max-video-preview":"max-video-preview:-1"},"canonical":"https:\/\/radis.ee\/fr\/chaise-bercante-gee-copy\/","og_locale":"fr_FR","og_type":"article","og_title":"Fauteuil de salon avec \u00e9tag\u00e8re RUHE - Radis","og_description":"D\u00e9tendez-vous \u00e0 l&rsquo;\u00e9tat pur avec RUHE, un fauteuil de salon qui allie design minimaliste et \u00e9l\u00e9gance fonctionnelle. Fabriqu\u00e9 \u00e0 partir de contreplaqu\u00e9 naturel nordique de haute qualit\u00e9 et recouvert de linol\u00e9um d&rsquo;ameublement haut de gamme, RUHE offre une esth\u00e9tique \u00e9l\u00e9gante mais chaleureuse qui s&rsquo;int\u00e8gre parfaitement dans tout int\u00e9rieur moderne. Con\u00e7u pour un confort ultime, sa...","og_url":"https:\/\/radis.ee\/fr\/chaise-bercante-gee-copy\/","og_site_name":"Radis","article_publisher":"https:\/\/www.facebook.com\/radisfurniture\/","article_modified_time":"2025-01-31T14:06:21+00:00","og_image":[{"width":667,"height":794,"url":"https:\/\/radis.ee\/wp-content\/uploads\/2025\/01\/Radis_lounge_chair_with_shelf_RUHE_natural_plywood_7_white_background.jpg","type":"image\/jpeg"}],"twitter_card":"summary_large_image","twitter_misc":{"Dur\u00e9e de lecture estim\u00e9e":"1 minute"},"schema":{"@context":"https:\/\/schema.org","@graph":[{"@type":"WebPage","@id":"https:\/\/radis.ee\/fr\/chaise-bercante-gee-copy\/","url":"https:\/\/radis.ee\/fr\/chaise-bercante-gee-copy\/","name":"Fauteuil de salon avec \u00e9tag\u00e8re RUHE - Radis","isPartOf":{"@id":"https:\/\/radis.ee\/#website"},"primaryImageOfPage":{"@id":"https:\/\/radis.ee\/fr\/chaise-bercante-gee-copy\/#primaryimage"},"image":{"@id":"https:\/\/radis.ee\/fr\/chaise-bercante-gee-copy\/#primaryimage"},"thumbnailUrl":"https:\/\/radis.ee\/wp-content\/uploads\/2025\/01\/Radis_lounge_chair_with_shelf_RUHE_natural_plywood_7_white_background.jpg","datePublished":"2025-01-31T13:10:32+00:00","dateModified":"2025-01-31T14:06:21+00:00","breadcrumb":{"@id":"https:\/\/radis.ee\/fr\/chaise-bercante-gee-copy\/#breadcrumb"},"inLanguage":"fr-FR","potentialAction":[{"@type":"ReadAction","target":["https:\/\/radis.ee\/fr\/chaise-bercante-gee-copy\/"]}]},{"@type":"ImageObject","inLanguage":"fr-FR","@id":"https:\/\/radis.ee\/fr\/chaise-bercante-gee-copy\/#primaryimage","url":"https:\/\/radis.ee\/wp-content\/uploads\/2025\/01\/Radis_lounge_chair_with_shelf_RUHE_natural_plywood_7_white_background.jpg","contentUrl":"https:\/\/radis.ee\/wp-content\/uploads\/2025\/01\/Radis_lounge_chair_with_shelf_RUHE_natural_plywood_7_white_background.jpg","width":667,"height":794,"caption":"Radis lounge chair RUHE natural plywood black Nero Forbo linoleum"},{"@type":"BreadcrumbList","@id":"https:\/\/radis.ee\/fr\/chaise-bercante-gee-copy\/#breadcrumb","itemListElement":[{"@type":"ListItem","position":1,"name":"Home","item":"https:\/\/radis.ee\/"},{"@type":"ListItem","position":2,"name":"Magasin","item":"https:\/\/radis.ee\/fr\/magasin\/"},{"@type":"ListItem","position":3,"name":"Fauteuil de salon avec \u00e9tag\u00e8re RUHE"}]},{"@type":"WebSite","@id":"https:\/\/radis.ee\/#website","url":"https:\/\/radis.ee\/","name":"Radis","description":"Nordic design furniture, environmentally friendly and sustainable.","publisher":{"@id":"https:\/\/radis.ee\/#organization"},"potentialAction":[{"@type":"SearchAction","target":{"@type":"EntryPoint","urlTemplate":"https:\/\/radis.ee\/?s={search_term_string}"},"query-input":{"@type":"PropertyValueSpecification","valueRequired":true,"valueName":"search_term_string"}}],"inLanguage":"fr-FR"},{"@type":"Organization","@id":"https:\/\/radis.ee\/#organization","name":"Radis O\u00dc","url":"https:\/\/radis.ee\/","logo":{"@type":"ImageObject","inLanguage":"fr-FR","@id":"https:\/\/radis.ee\/#\/schema\/logo\/image\/","url":"https:\/\/radis.ee\/wp-content\/uploads\/2020\/10\/Radis-logo.png","contentUrl":"https:\/\/radis.ee\/wp-content\/uploads\/2020\/10\/Radis-logo.png","width":300,"height":63,"caption":"Radis O\u00dc"},"image":{"@id":"https:\/\/radis.ee\/#\/schema\/logo\/image\/"},"sameAs":["https:\/\/www.facebook.com\/radisfurniture\/"]}]}},"_links":{"self":[{"href":"https:\/\/radis.ee\/fr\/wp-json\/wp\/v2\/product\/28514","targetHints":{"allow":["GET"]}}],"collection":[{"href":"https:\/\/radis.ee\/fr\/wp-json\/wp\/v2\/product"}],"about":[{"href":"https:\/\/radis.ee\/fr\/wp-json\/wp\/v2\/types\/product"}],"replies":[{"embeddable":true,"href":"https:\/\/radis.ee\/fr\/wp-json\/wp\/v2\/comments?post=28514"}],"wp:featuredmedia":[{"embeddable":true,"href":"https:\/\/radis.ee\/fr\/wp-json\/wp\/v2\/media\/28782"}],"wp:attachment":[{"href":"https:\/\/radis.ee\/fr\/wp-json\/wp\/v2\/media?parent=28514"}],"wp:term":[{"taxonomy":"product_brand","embeddable":true,"href":"https:\/\/radis.ee\/fr\/wp-json\/wp\/v2\/product_brand?post=28514"},{"taxonomy":"product_cat","embeddable":true,"href":"https:\/\/radis.ee\/fr\/wp-json\/wp\/v2\/product_cat?post=28514"},{"taxonomy":"product_tag","embeddable":true,"href":"https:\/\/radis.ee\/fr\/wp-json\/wp\/v2\/product_tag?post=28514"}],"curies":[{"name":"wp","href":"https:\/\/api.w.org\/{rel}","templated":true}]}}