{"id":29273,"date":"2019-12-19T14:08:41","date_gmt":"2019-12-19T12:08:41","guid":{"rendered":"https:\/\/radis.ee\/?post_type=product&#038;p=29273"},"modified":"2025-06-19T14:18:24","modified_gmt":"2025-06-19T11:18:24","slug":"armoire-noble-4-portes-copy","status":"publish","type":"product","link":"https:\/\/radis.ee\/fr\/armoire-noble-4-portes-copy\/","title":{"rendered":"Armoire NOBLE 4 portes, tiroirs visibles"},"content":{"rendered":"<p>La garde-robe de la s\u00e9rie NOBLE vise haut! Sa hauteur fait de cette \u00e9l\u00e9gante armoire un rangement irrempla\u00e7able pour vos chaussures, v\u00eatements et objets de saison. Dans le m\u00eame temps, la garde-robe NOBLE comporte de nombreuses sections diff\u00e9rentes qui permettent de tout ranger et d&rsquo;organiser facilement les choses.<\/p>\n<p>Il est fabriqu\u00e9 en contreplaqu\u00e9 plaqu\u00e9 ch\u00eane de haute qualit\u00e9, en contreplaqu\u00e9 HPL cir\u00e9 \u00e0 l&rsquo;huile ou Koskisen White. Rails de tiroir cach\u00e9s \u00e0 fermeture amortie, charni\u00e8res de porte \u00e0 fermeture amortie Blum. Barres m\u00e9talliques H\u00e4fele sur les portes pour plus de stabilit\u00e9. Pieds r\u00e9glables en bas pour garder la garde-robe bien droite. Si vous le souhaitez, les tiroirs sont imm\u00e9diatement visibles &#8211; ils peuvent alors \u00eatre ouverts sans ouvrir les grandes portes de l&rsquo;armoire.<\/p>\n<p>Il y a une tringle \u00e0 v\u00eatements de 78 cm de large des deux c\u00f4t\u00e9s de l&rsquo;armoire et des \u00e9tag\u00e8res interm\u00e9diaires de m\u00eame largeur au-dessus. La barre de suspension est situ\u00e9e \u00e0 120 cm au-dessus des tiroirs de l&rsquo;armoire. Si vous le souhaitez, la barre peut \u00e9galement \u00eatre plac\u00e9e plus haut, laissant l&rsquo;\u00e9tag\u00e8re sup\u00e9rieure &#8211; la hauteur de la barre au-dessus des tiroirs est alors de 145 cm (en laissant une \u00e9tag\u00e8re) ou de 170 cm (en laissant 2 \u00e9tag\u00e8res). Quatre tiroirs spacieux en dessous, dimensions int\u00e9rieures 68x48cm, hauteur 12cm.<\/p>\n<p>La garde-robe NOBLE est venue pour rester et vous servir pendant des d\u00e9cennies.<\/p>\n","protected":false},"excerpt":{"rendered":"<p>La garde-robe de la s\u00e9rie NOBLE vise haut! Sa hauteur fait de cette \u00e9l\u00e9gante armoire un rangement irrempla\u00e7able pour vos chaussures, v\u00eatements et objets de saison. Dans le m\u00eame temps, la garde-robe NOBLE comporte de nombreuses sections diff\u00e9rentes qui permettent de tout ranger et d&rsquo;organiser facilement les choses. Il est fabriqu\u00e9 en contreplaqu\u00e9 plaqu\u00e9 ch\u00eane&#8230;<\/p>\n","protected":false},"featured_media":29291,"comment_status":"open","ping_status":"closed","template":"","meta":{"_acf_changed":false},"product_brand":[],"product_cat":[110],"product_tag":[],"class_list":{"0":"post-29273","1":"product","2":"type-product","3":"status-publish","4":"has-post-thumbnail","6":"product_cat-riidekapid","8":"first","9":"instock","10":"taxable","11":"shipping-taxable","12":"purchasable","13":"product-type-variable","14":"has-default-attributes"},"acf":[],"yoast_head":"<!-- This site is optimized with the Yoast SEO plugin v27.3 - https:\/\/yoast.com\/product\/yoast-seo-wordpress\/ -->\n<title>Armoire NOBLE 4 portes, tiroirs visibles - Radis<\/title>\n<meta name=\"robots\" content=\"index, follow, max-snippet:-1, max-image-preview:large, max-video-preview:-1\" \/>\n<link rel=\"canonical\" href=\"https:\/\/radis.ee\/riidekapp-noble-4-uksega-sahtlid-nahtaval\/\" \/>\n<meta property=\"og:locale\" content=\"fr_FR\" \/>\n<meta property=\"og:type\" content=\"article\" \/>\n<meta property=\"og:title\" content=\"Armoire NOBLE 4 portes, tiroirs visibles - Radis\" \/>\n<meta property=\"og:description\" content=\"La garde-robe de la s\u00e9rie NOBLE vise haut! Sa hauteur fait de cette \u00e9l\u00e9gante armoire un rangement irrempla\u00e7able pour vos chaussures, v\u00eatements et objets de saison. Dans le m\u00eame temps, la garde-robe NOBLE comporte de nombreuses sections diff\u00e9rentes qui permettent de tout ranger et d&rsquo;organiser facilement les choses. Il est fabriqu\u00e9 en contreplaqu\u00e9 plaqu\u00e9 ch\u00eane...\" \/>\n<meta property=\"og:url\" content=\"https:\/\/radis.ee\/riidekapp-noble-4-uksega-sahtlid-nahtaval\/\" \/>\n<meta property=\"og:site_name\" content=\"Radis\" \/>\n<meta property=\"article:publisher\" content=\"https:\/\/www.facebook.com\/radisfurniture\/\" \/>\n<meta property=\"article:modified_time\" content=\"2025-06-19T11:18:24+00:00\" \/>\n<meta property=\"og:image\" content=\"https:\/\/radis.ee\/wp-content\/uploads\/2025\/06\/Radis_wardrobe-Noble_4_doors_Oak_veneered_white-background.jpg\" \/>\n\t<meta property=\"og:image:width\" content=\"915\" \/>\n\t<meta property=\"og:image:height\" content=\"768\" \/>\n\t<meta property=\"og:image:type\" content=\"image\/jpeg\" \/>\n<meta name=\"twitter:card\" content=\"summary_large_image\" \/>\n<meta name=\"twitter:label1\" content=\"Dur\u00e9e de lecture estim\u00e9e\" \/>\n\t<meta name=\"twitter:data1\" content=\"1 minute\" \/>\n<script type=\"application\/ld+json\" class=\"yoast-schema-graph\">{\"@context\":\"https:\\\/\\\/schema.org\",\"@graph\":[{\"@type\":\"WebPage\",\"@id\":\"https:\\\/\\\/radis.ee\\\/riidekapp-noble-4-uksega-sahtlid-nahtaval\\\/\",\"url\":\"https:\\\/\\\/radis.ee\\\/riidekapp-noble-4-uksega-sahtlid-nahtaval\\\/\",\"name\":\"Armoire NOBLE 4 portes, tiroirs visibles - Radis\",\"isPartOf\":{\"@id\":\"https:\\\/\\\/radis.ee\\\/#website\"},\"primaryImageOfPage\":{\"@id\":\"https:\\\/\\\/radis.ee\\\/riidekapp-noble-4-uksega-sahtlid-nahtaval\\\/#primaryimage\"},\"image\":{\"@id\":\"https:\\\/\\\/radis.ee\\\/riidekapp-noble-4-uksega-sahtlid-nahtaval\\\/#primaryimage\"},\"thumbnailUrl\":\"https:\\\/\\\/radis.ee\\\/wp-content\\\/uploads\\\/2025\\\/06\\\/Radis_wardrobe-Noble_4_doors_Oak_veneered_white-background.jpg\",\"datePublished\":\"2019-12-19T12:08:41+00:00\",\"dateModified\":\"2025-06-19T11:18:24+00:00\",\"breadcrumb\":{\"@id\":\"https:\\\/\\\/radis.ee\\\/riidekapp-noble-4-uksega-sahtlid-nahtaval\\\/#breadcrumb\"},\"inLanguage\":\"fr-FR\",\"potentialAction\":[{\"@type\":\"ReadAction\",\"target\":[\"https:\\\/\\\/radis.ee\\\/riidekapp-noble-4-uksega-sahtlid-nahtaval\\\/\"]}]},{\"@type\":\"ImageObject\",\"inLanguage\":\"fr-FR\",\"@id\":\"https:\\\/\\\/radis.ee\\\/riidekapp-noble-4-uksega-sahtlid-nahtaval\\\/#primaryimage\",\"url\":\"https:\\\/\\\/radis.ee\\\/wp-content\\\/uploads\\\/2025\\\/06\\\/Radis_wardrobe-Noble_4_doors_Oak_veneered_white-background.jpg\",\"contentUrl\":\"https:\\\/\\\/radis.ee\\\/wp-content\\\/uploads\\\/2025\\\/06\\\/Radis_wardrobe-Noble_4_doors_Oak_veneered_white-background.jpg\",\"width\":915,\"height\":768,\"caption\":\"Radis_wardrobe_NOBLE_4_doors_drawers_visible_Oak_veneered_plywood\"},{\"@type\":\"BreadcrumbList\",\"@id\":\"https:\\\/\\\/radis.ee\\\/riidekapp-noble-4-uksega-sahtlid-nahtaval\\\/#breadcrumb\",\"itemListElement\":[{\"@type\":\"ListItem\",\"position\":1,\"name\":\"Home\",\"item\":\"https:\\\/\\\/radis.ee\\\/\"},{\"@type\":\"ListItem\",\"position\":2,\"name\":\"Magasin\",\"item\":\"https:\\\/\\\/radis.ee\\\/fr\\\/magasin\\\/\"},{\"@type\":\"ListItem\",\"position\":3,\"name\":\"Armoire NOBLE 4 portes, tiroirs visibles\"}]},{\"@type\":\"WebSite\",\"@id\":\"https:\\\/\\\/radis.ee\\\/#website\",\"url\":\"https:\\\/\\\/radis.ee\\\/\",\"name\":\"Radis\",\"description\":\"Nordic design furniture, environmentally friendly and sustainable.\",\"publisher\":{\"@id\":\"https:\\\/\\\/radis.ee\\\/#organization\"},\"potentialAction\":[{\"@type\":\"SearchAction\",\"target\":{\"@type\":\"EntryPoint\",\"urlTemplate\":\"https:\\\/\\\/radis.ee\\\/?s={search_term_string}\"},\"query-input\":{\"@type\":\"PropertyValueSpecification\",\"valueRequired\":true,\"valueName\":\"search_term_string\"}}],\"inLanguage\":\"fr-FR\"},{\"@type\":\"Organization\",\"@id\":\"https:\\\/\\\/radis.ee\\\/#organization\",\"name\":\"Radis O\u00dc\",\"url\":\"https:\\\/\\\/radis.ee\\\/\",\"logo\":{\"@type\":\"ImageObject\",\"inLanguage\":\"fr-FR\",\"@id\":\"https:\\\/\\\/radis.ee\\\/#\\\/schema\\\/logo\\\/image\\\/\",\"url\":\"https:\\\/\\\/radis.ee\\\/wp-content\\\/uploads\\\/2020\\\/10\\\/Radis-logo.png\",\"contentUrl\":\"https:\\\/\\\/radis.ee\\\/wp-content\\\/uploads\\\/2020\\\/10\\\/Radis-logo.png\",\"width\":300,\"height\":63,\"caption\":\"Radis O\u00dc\"},\"image\":{\"@id\":\"https:\\\/\\\/radis.ee\\\/#\\\/schema\\\/logo\\\/image\\\/\"},\"sameAs\":[\"https:\\\/\\\/www.facebook.com\\\/radisfurniture\\\/\"]}]}<\/script>\n<!-- \/ Yoast SEO plugin. -->","yoast_head_json":{"title":"Armoire NOBLE 4 portes, tiroirs visibles - Radis","robots":{"index":"index","follow":"follow","max-snippet":"max-snippet:-1","max-image-preview":"max-image-preview:large","max-video-preview":"max-video-preview:-1"},"canonical":"https:\/\/radis.ee\/riidekapp-noble-4-uksega-sahtlid-nahtaval\/","og_locale":"fr_FR","og_type":"article","og_title":"Armoire NOBLE 4 portes, tiroirs visibles - Radis","og_description":"La garde-robe de la s\u00e9rie NOBLE vise haut! Sa hauteur fait de cette \u00e9l\u00e9gante armoire un rangement irrempla\u00e7able pour vos chaussures, v\u00eatements et objets de saison. Dans le m\u00eame temps, la garde-robe NOBLE comporte de nombreuses sections diff\u00e9rentes qui permettent de tout ranger et d&rsquo;organiser facilement les choses. Il est fabriqu\u00e9 en contreplaqu\u00e9 plaqu\u00e9 ch\u00eane...","og_url":"https:\/\/radis.ee\/riidekapp-noble-4-uksega-sahtlid-nahtaval\/","og_site_name":"Radis","article_publisher":"https:\/\/www.facebook.com\/radisfurniture\/","article_modified_time":"2025-06-19T11:18:24+00:00","og_image":[{"width":915,"height":768,"url":"https:\/\/radis.ee\/wp-content\/uploads\/2025\/06\/Radis_wardrobe-Noble_4_doors_Oak_veneered_white-background.jpg","type":"image\/jpeg"}],"twitter_card":"summary_large_image","twitter_misc":{"Dur\u00e9e de lecture estim\u00e9e":"1 minute"},"schema":{"@context":"https:\/\/schema.org","@graph":[{"@type":"WebPage","@id":"https:\/\/radis.ee\/riidekapp-noble-4-uksega-sahtlid-nahtaval\/","url":"https:\/\/radis.ee\/riidekapp-noble-4-uksega-sahtlid-nahtaval\/","name":"Armoire NOBLE 4 portes, tiroirs visibles - Radis","isPartOf":{"@id":"https:\/\/radis.ee\/#website"},"primaryImageOfPage":{"@id":"https:\/\/radis.ee\/riidekapp-noble-4-uksega-sahtlid-nahtaval\/#primaryimage"},"image":{"@id":"https:\/\/radis.ee\/riidekapp-noble-4-uksega-sahtlid-nahtaval\/#primaryimage"},"thumbnailUrl":"https:\/\/radis.ee\/wp-content\/uploads\/2025\/06\/Radis_wardrobe-Noble_4_doors_Oak_veneered_white-background.jpg","datePublished":"2019-12-19T12:08:41+00:00","dateModified":"2025-06-19T11:18:24+00:00","breadcrumb":{"@id":"https:\/\/radis.ee\/riidekapp-noble-4-uksega-sahtlid-nahtaval\/#breadcrumb"},"inLanguage":"fr-FR","potentialAction":[{"@type":"ReadAction","target":["https:\/\/radis.ee\/riidekapp-noble-4-uksega-sahtlid-nahtaval\/"]}]},{"@type":"ImageObject","inLanguage":"fr-FR","@id":"https:\/\/radis.ee\/riidekapp-noble-4-uksega-sahtlid-nahtaval\/#primaryimage","url":"https:\/\/radis.ee\/wp-content\/uploads\/2025\/06\/Radis_wardrobe-Noble_4_doors_Oak_veneered_white-background.jpg","contentUrl":"https:\/\/radis.ee\/wp-content\/uploads\/2025\/06\/Radis_wardrobe-Noble_4_doors_Oak_veneered_white-background.jpg","width":915,"height":768,"caption":"Radis_wardrobe_NOBLE_4_doors_drawers_visible_Oak_veneered_plywood"},{"@type":"BreadcrumbList","@id":"https:\/\/radis.ee\/riidekapp-noble-4-uksega-sahtlid-nahtaval\/#breadcrumb","itemListElement":[{"@type":"ListItem","position":1,"name":"Home","item":"https:\/\/radis.ee\/"},{"@type":"ListItem","position":2,"name":"Magasin","item":"https:\/\/radis.ee\/fr\/magasin\/"},{"@type":"ListItem","position":3,"name":"Armoire NOBLE 4 portes, tiroirs visibles"}]},{"@type":"WebSite","@id":"https:\/\/radis.ee\/#website","url":"https:\/\/radis.ee\/","name":"Radis","description":"Nordic design furniture, environmentally friendly and sustainable.","publisher":{"@id":"https:\/\/radis.ee\/#organization"},"potentialAction":[{"@type":"SearchAction","target":{"@type":"EntryPoint","urlTemplate":"https:\/\/radis.ee\/?s={search_term_string}"},"query-input":{"@type":"PropertyValueSpecification","valueRequired":true,"valueName":"search_term_string"}}],"inLanguage":"fr-FR"},{"@type":"Organization","@id":"https:\/\/radis.ee\/#organization","name":"Radis O\u00dc","url":"https:\/\/radis.ee\/","logo":{"@type":"ImageObject","inLanguage":"fr-FR","@id":"https:\/\/radis.ee\/#\/schema\/logo\/image\/","url":"https:\/\/radis.ee\/wp-content\/uploads\/2020\/10\/Radis-logo.png","contentUrl":"https:\/\/radis.ee\/wp-content\/uploads\/2020\/10\/Radis-logo.png","width":300,"height":63,"caption":"Radis O\u00dc"},"image":{"@id":"https:\/\/radis.ee\/#\/schema\/logo\/image\/"},"sameAs":["https:\/\/www.facebook.com\/radisfurniture\/"]}]}},"_links":{"self":[{"href":"https:\/\/radis.ee\/fr\/wp-json\/wp\/v2\/product\/29273","targetHints":{"allow":["GET"]}}],"collection":[{"href":"https:\/\/radis.ee\/fr\/wp-json\/wp\/v2\/product"}],"about":[{"href":"https:\/\/radis.ee\/fr\/wp-json\/wp\/v2\/types\/product"}],"replies":[{"embeddable":true,"href":"https:\/\/radis.ee\/fr\/wp-json\/wp\/v2\/comments?post=29273"}],"wp:featuredmedia":[{"embeddable":true,"href":"https:\/\/radis.ee\/fr\/wp-json\/wp\/v2\/media\/29291"}],"wp:attachment":[{"href":"https:\/\/radis.ee\/fr\/wp-json\/wp\/v2\/media?parent=29273"}],"wp:term":[{"taxonomy":"product_brand","embeddable":true,"href":"https:\/\/radis.ee\/fr\/wp-json\/wp\/v2\/product_brand?post=29273"},{"taxonomy":"product_cat","embeddable":true,"href":"https:\/\/radis.ee\/fr\/wp-json\/wp\/v2\/product_cat?post=29273"},{"taxonomy":"product_tag","embeddable":true,"href":"https:\/\/radis.ee\/fr\/wp-json\/wp\/v2\/product_tag?post=29273"}],"curies":[{"name":"wp","href":"https:\/\/api.w.org\/{rel}","templated":true}]}}