{"id":29691,"date":"2022-10-07T23:38:23","date_gmt":"2022-10-07T20:38:23","guid":{"rendered":"https:\/\/radis.ee\/?post_type=product&#038;p=29691"},"modified":"2025-09-25T22:45:46","modified_gmt":"2025-09-25T19:45:46","slug":"commode-huh-8-tiroirs","status":"publish","type":"product","link":"https:\/\/radis.ee\/fr\/commode-huh-8-tiroirs\/","title":{"rendered":"Commode HUH 8 tiroirs"},"content":{"rendered":"<p>Vous ne laisseriez pas n&rsquo;importe qui entrer dans votre chambre, n&rsquo;est-ce pas ? Et vous ne devriez pas vous contenter de n&rsquo;importe quel meuble lorsqu&rsquo;il s&rsquo;agit de la pi\u00e8ce la plus aim\u00e9e de la maison.<\/p>\n<p>La commode HUH sera un meuble parfait pour une vari\u00e9t\u00e9 de chambres gr\u00e2ce \u00e0 son design classique et intemporel. Quatre tiroirs spacieux peuvent ranger n&rsquo;importe quoi, des chaussettes et des sous-v\u00eatements aux v\u00eatements plus substantiels.<\/p>\n<p>Avec ses 4 grands tiroirs, le buffet-tiroir HUH vous aidera \u00e0 garder votre chambre bien rang\u00e9e gr\u00e2ce \u00e0 ses possibilit\u00e9s de rangement et lui donnera un aspect moderne et intemporel gr\u00e2ce \u00e0 son design sophistiqu\u00e9.<\/p>\n<p>Fabriqu\u00e9 en contreplaqu\u00e9 de bouleau cir\u00e9 \u00e0 l&rsquo;huile, \u00e9galement plaqu\u00e9 ch\u00eane et Koskisen HPL sur contreplaqu\u00e9. Tiroirs cach\u00e9s \u00e0 fermeture douce. Une plinthe de 8 cm de haut qui s&rsquo;adapte \u00e0 toutes les plinthes.<\/p>\n","protected":false},"excerpt":{"rendered":"<p>Vous ne laisseriez pas n&rsquo;importe qui entrer dans votre chambre, n&rsquo;est-ce pas ? Et vous ne devriez pas vous contenter de n&rsquo;importe quel meuble lorsqu&rsquo;il s&rsquo;agit de la pi\u00e8ce la plus aim\u00e9e de la maison. La commode HUH sera un meuble parfait pour une vari\u00e9t\u00e9 de chambres gr\u00e2ce \u00e0 son design classique et intemporel. Quatre&#8230;<\/p>\n","protected":false},"featured_media":29799,"comment_status":"open","ping_status":"closed","template":"","meta":{"_acf_changed":false},"product_brand":[],"product_cat":[110,17],"product_tag":[],"class_list":{"0":"post-29691","1":"product","2":"type-product","3":"status-publish","4":"has-post-thumbnail","6":"product_cat-riidekapid","7":"product_cat-kummutid","9":"first","10":"instock","11":"sale","12":"taxable","13":"shipping-taxable","14":"purchasable","15":"product-type-variable","16":"has-default-attributes"},"acf":[],"yoast_head":"<!-- This site is optimized with the Yoast SEO plugin v27.4 - https:\/\/yoast.com\/product\/yoast-seo-wordpress\/ -->\n<title>Commode HUH 8 tiroirs - Radis<\/title>\n<meta name=\"robots\" content=\"index, follow, max-snippet:-1, max-image-preview:large, max-video-preview:-1\" \/>\n<link rel=\"canonical\" href=\"https:\/\/radis.ee\/fr\/commode-huh-8-tiroirs\/\" \/>\n<meta property=\"og:locale\" content=\"fr_FR\" \/>\n<meta property=\"og:type\" content=\"article\" \/>\n<meta property=\"og:title\" content=\"Commode HUH 8 tiroirs - Radis\" \/>\n<meta property=\"og:description\" content=\"Vous ne laisseriez pas n&rsquo;importe qui entrer dans votre chambre, n&rsquo;est-ce pas ? Et vous ne devriez pas vous contenter de n&rsquo;importe quel meuble lorsqu&rsquo;il s&rsquo;agit de la pi\u00e8ce la plus aim\u00e9e de la maison. La commode HUH sera un meuble parfait pour une vari\u00e9t\u00e9 de chambres gr\u00e2ce \u00e0 son design classique et intemporel. Quatre...\" \/>\n<meta property=\"og:url\" content=\"https:\/\/radis.ee\/fr\/commode-huh-8-tiroirs\/\" \/>\n<meta property=\"og:site_name\" content=\"Radis\" \/>\n<meta property=\"article:publisher\" content=\"https:\/\/www.facebook.com\/radisfurniture\/\" \/>\n<meta property=\"article:modified_time\" content=\"2025-09-25T19:45:46+00:00\" \/>\n<meta property=\"og:image\" content=\"https:\/\/radis.ee\/wp-content\/uploads\/2025\/09\/Radis_drawer_HUH_180cm_white_HPL_plywood.webp\" \/>\n\t<meta property=\"og:image:width\" content=\"885\" \/>\n\t<meta property=\"og:image:height\" content=\"705\" \/>\n\t<meta property=\"og:image:type\" content=\"image\/webp\" \/>\n<meta name=\"twitter:card\" content=\"summary_large_image\" \/>\n<meta name=\"twitter:label1\" content=\"Dur\u00e9e de lecture estim\u00e9e\" \/>\n\t<meta name=\"twitter:data1\" content=\"1 minute\" \/>\n<script type=\"application\/ld+json\" class=\"yoast-schema-graph\">{\"@context\":\"https:\\\/\\\/schema.org\",\"@graph\":[{\"@type\":\"WebPage\",\"@id\":\"https:\\\/\\\/radis.ee\\\/fr\\\/commode-huh-8-tiroirs\\\/\",\"url\":\"https:\\\/\\\/radis.ee\\\/fr\\\/commode-huh-8-tiroirs\\\/\",\"name\":\"Commode HUH 8 tiroirs - Radis\",\"isPartOf\":{\"@id\":\"https:\\\/\\\/radis.ee\\\/#website\"},\"primaryImageOfPage\":{\"@id\":\"https:\\\/\\\/radis.ee\\\/fr\\\/commode-huh-8-tiroirs\\\/#primaryimage\"},\"image\":{\"@id\":\"https:\\\/\\\/radis.ee\\\/fr\\\/commode-huh-8-tiroirs\\\/#primaryimage\"},\"thumbnailUrl\":\"https:\\\/\\\/radis.ee\\\/wp-content\\\/uploads\\\/2022\\\/10\\\/Radis_drawer_HUH_Oak_veneered_plywood_white.webp\",\"datePublished\":\"2022-10-07T20:38:23+00:00\",\"dateModified\":\"2025-09-25T19:45:46+00:00\",\"breadcrumb\":{\"@id\":\"https:\\\/\\\/radis.ee\\\/fr\\\/commode-huh-8-tiroirs\\\/#breadcrumb\"},\"inLanguage\":\"fr-FR\",\"potentialAction\":[{\"@type\":\"ReadAction\",\"target\":[\"https:\\\/\\\/radis.ee\\\/fr\\\/commode-huh-8-tiroirs\\\/\"]}]},{\"@type\":\"ImageObject\",\"inLanguage\":\"fr-FR\",\"@id\":\"https:\\\/\\\/radis.ee\\\/fr\\\/commode-huh-8-tiroirs\\\/#primaryimage\",\"url\":\"https:\\\/\\\/radis.ee\\\/wp-content\\\/uploads\\\/2022\\\/10\\\/Radis_drawer_HUH_Oak_veneered_plywood_white.webp\",\"contentUrl\":\"https:\\\/\\\/radis.ee\\\/wp-content\\\/uploads\\\/2022\\\/10\\\/Radis_drawer_HUH_Oak_veneered_plywood_white.webp\",\"width\":824,\"height\":645,\"caption\":\"Radis drawer HUH 180cm Oak veneered plywood\"},{\"@type\":\"BreadcrumbList\",\"@id\":\"https:\\\/\\\/radis.ee\\\/fr\\\/commode-huh-8-tiroirs\\\/#breadcrumb\",\"itemListElement\":[{\"@type\":\"ListItem\",\"position\":1,\"name\":\"Home\",\"item\":\"https:\\\/\\\/radis.ee\\\/\"},{\"@type\":\"ListItem\",\"position\":2,\"name\":\"Magasin\",\"item\":\"https:\\\/\\\/radis.ee\\\/fr\\\/magasin\\\/\"},{\"@type\":\"ListItem\",\"position\":3,\"name\":\"Commode HUH 8 tiroirs\"}]},{\"@type\":\"WebSite\",\"@id\":\"https:\\\/\\\/radis.ee\\\/#website\",\"url\":\"https:\\\/\\\/radis.ee\\\/\",\"name\":\"Radis\",\"description\":\"Nordic design furniture, environmentally friendly and sustainable.\",\"publisher\":{\"@id\":\"https:\\\/\\\/radis.ee\\\/#organization\"},\"potentialAction\":[{\"@type\":\"SearchAction\",\"target\":{\"@type\":\"EntryPoint\",\"urlTemplate\":\"https:\\\/\\\/radis.ee\\\/?s={search_term_string}\"},\"query-input\":{\"@type\":\"PropertyValueSpecification\",\"valueRequired\":true,\"valueName\":\"search_term_string\"}}],\"inLanguage\":\"fr-FR\"},{\"@type\":\"Organization\",\"@id\":\"https:\\\/\\\/radis.ee\\\/#organization\",\"name\":\"Radis O\u00dc\",\"url\":\"https:\\\/\\\/radis.ee\\\/\",\"logo\":{\"@type\":\"ImageObject\",\"inLanguage\":\"fr-FR\",\"@id\":\"https:\\\/\\\/radis.ee\\\/#\\\/schema\\\/logo\\\/image\\\/\",\"url\":\"https:\\\/\\\/radis.ee\\\/wp-content\\\/uploads\\\/2020\\\/10\\\/Radis-logo.png\",\"contentUrl\":\"https:\\\/\\\/radis.ee\\\/wp-content\\\/uploads\\\/2020\\\/10\\\/Radis-logo.png\",\"width\":300,\"height\":63,\"caption\":\"Radis O\u00dc\"},\"image\":{\"@id\":\"https:\\\/\\\/radis.ee\\\/#\\\/schema\\\/logo\\\/image\\\/\"},\"sameAs\":[\"https:\\\/\\\/www.facebook.com\\\/radisfurniture\\\/\"]}]}<\/script>\n<!-- \/ Yoast SEO plugin. -->","yoast_head_json":{"title":"Commode HUH 8 tiroirs - Radis","robots":{"index":"index","follow":"follow","max-snippet":"max-snippet:-1","max-image-preview":"max-image-preview:large","max-video-preview":"max-video-preview:-1"},"canonical":"https:\/\/radis.ee\/fr\/commode-huh-8-tiroirs\/","og_locale":"fr_FR","og_type":"article","og_title":"Commode HUH 8 tiroirs - Radis","og_description":"Vous ne laisseriez pas n&rsquo;importe qui entrer dans votre chambre, n&rsquo;est-ce pas ? Et vous ne devriez pas vous contenter de n&rsquo;importe quel meuble lorsqu&rsquo;il s&rsquo;agit de la pi\u00e8ce la plus aim\u00e9e de la maison. La commode HUH sera un meuble parfait pour une vari\u00e9t\u00e9 de chambres gr\u00e2ce \u00e0 son design classique et intemporel. Quatre...","og_url":"https:\/\/radis.ee\/fr\/commode-huh-8-tiroirs\/","og_site_name":"Radis","article_publisher":"https:\/\/www.facebook.com\/radisfurniture\/","article_modified_time":"2025-09-25T19:45:46+00:00","og_image":[{"width":885,"height":705,"url":"https:\/\/radis.ee\/wp-content\/uploads\/2025\/09\/Radis_drawer_HUH_180cm_white_HPL_plywood.webp","type":"image\/webp"}],"twitter_card":"summary_large_image","twitter_misc":{"Dur\u00e9e de lecture estim\u00e9e":"1 minute"},"schema":{"@context":"https:\/\/schema.org","@graph":[{"@type":"WebPage","@id":"https:\/\/radis.ee\/fr\/commode-huh-8-tiroirs\/","url":"https:\/\/radis.ee\/fr\/commode-huh-8-tiroirs\/","name":"Commode HUH 8 tiroirs - Radis","isPartOf":{"@id":"https:\/\/radis.ee\/#website"},"primaryImageOfPage":{"@id":"https:\/\/radis.ee\/fr\/commode-huh-8-tiroirs\/#primaryimage"},"image":{"@id":"https:\/\/radis.ee\/fr\/commode-huh-8-tiroirs\/#primaryimage"},"thumbnailUrl":"https:\/\/radis.ee\/wp-content\/uploads\/2022\/10\/Radis_drawer_HUH_Oak_veneered_plywood_white.webp","datePublished":"2022-10-07T20:38:23+00:00","dateModified":"2025-09-25T19:45:46+00:00","breadcrumb":{"@id":"https:\/\/radis.ee\/fr\/commode-huh-8-tiroirs\/#breadcrumb"},"inLanguage":"fr-FR","potentialAction":[{"@type":"ReadAction","target":["https:\/\/radis.ee\/fr\/commode-huh-8-tiroirs\/"]}]},{"@type":"ImageObject","inLanguage":"fr-FR","@id":"https:\/\/radis.ee\/fr\/commode-huh-8-tiroirs\/#primaryimage","url":"https:\/\/radis.ee\/wp-content\/uploads\/2022\/10\/Radis_drawer_HUH_Oak_veneered_plywood_white.webp","contentUrl":"https:\/\/radis.ee\/wp-content\/uploads\/2022\/10\/Radis_drawer_HUH_Oak_veneered_plywood_white.webp","width":824,"height":645,"caption":"Radis drawer HUH 180cm Oak veneered plywood"},{"@type":"BreadcrumbList","@id":"https:\/\/radis.ee\/fr\/commode-huh-8-tiroirs\/#breadcrumb","itemListElement":[{"@type":"ListItem","position":1,"name":"Home","item":"https:\/\/radis.ee\/"},{"@type":"ListItem","position":2,"name":"Magasin","item":"https:\/\/radis.ee\/fr\/magasin\/"},{"@type":"ListItem","position":3,"name":"Commode HUH 8 tiroirs"}]},{"@type":"WebSite","@id":"https:\/\/radis.ee\/#website","url":"https:\/\/radis.ee\/","name":"Radis","description":"Nordic design furniture, environmentally friendly and sustainable.","publisher":{"@id":"https:\/\/radis.ee\/#organization"},"potentialAction":[{"@type":"SearchAction","target":{"@type":"EntryPoint","urlTemplate":"https:\/\/radis.ee\/?s={search_term_string}"},"query-input":{"@type":"PropertyValueSpecification","valueRequired":true,"valueName":"search_term_string"}}],"inLanguage":"fr-FR"},{"@type":"Organization","@id":"https:\/\/radis.ee\/#organization","name":"Radis O\u00dc","url":"https:\/\/radis.ee\/","logo":{"@type":"ImageObject","inLanguage":"fr-FR","@id":"https:\/\/radis.ee\/#\/schema\/logo\/image\/","url":"https:\/\/radis.ee\/wp-content\/uploads\/2020\/10\/Radis-logo.png","contentUrl":"https:\/\/radis.ee\/wp-content\/uploads\/2020\/10\/Radis-logo.png","width":300,"height":63,"caption":"Radis O\u00dc"},"image":{"@id":"https:\/\/radis.ee\/#\/schema\/logo\/image\/"},"sameAs":["https:\/\/www.facebook.com\/radisfurniture\/"]}]}},"_links":{"self":[{"href":"https:\/\/radis.ee\/fr\/wp-json\/wp\/v2\/product\/29691","targetHints":{"allow":["GET"]}}],"collection":[{"href":"https:\/\/radis.ee\/fr\/wp-json\/wp\/v2\/product"}],"about":[{"href":"https:\/\/radis.ee\/fr\/wp-json\/wp\/v2\/types\/product"}],"replies":[{"embeddable":true,"href":"https:\/\/radis.ee\/fr\/wp-json\/wp\/v2\/comments?post=29691"}],"wp:featuredmedia":[{"embeddable":true,"href":"https:\/\/radis.ee\/fr\/wp-json\/wp\/v2\/media\/29799"}],"wp:attachment":[{"href":"https:\/\/radis.ee\/fr\/wp-json\/wp\/v2\/media?parent=29691"}],"wp:term":[{"taxonomy":"product_brand","embeddable":true,"href":"https:\/\/radis.ee\/fr\/wp-json\/wp\/v2\/product_brand?post=29691"},{"taxonomy":"product_cat","embeddable":true,"href":"https:\/\/radis.ee\/fr\/wp-json\/wp\/v2\/product_cat?post=29691"},{"taxonomy":"product_tag","embeddable":true,"href":"https:\/\/radis.ee\/fr\/wp-json\/wp\/v2\/product_tag?post=29691"}],"curies":[{"name":"wp","href":"https:\/\/api.w.org\/{rel}","templated":true}]}}