{"id":29856,"date":"2022-10-08T07:19:20","date_gmt":"2022-10-08T04:19:20","guid":{"rendered":"https:\/\/radis.ee\/?post_type=product&#038;p=29856"},"modified":"2025-10-09T15:52:28","modified_gmt":"2025-10-09T12:52:28","slug":"meuble-de-rangement-a-chaussures-noble","status":"publish","type":"product","link":"https:\/\/radis.ee\/fr\/meuble-de-rangement-a-chaussures-noble\/","title":{"rendered":"Meuble de rangement \u00e0 chaussures NOBLE"},"content":{"rendered":"<p>Apportez \u00e9l\u00e9gance et organisation \u00e0 votre entr\u00e9e avec le meuble \u00e0 chaussures NOBLE, un meuble \u00e9l\u00e9gant et fonctionnel con\u00e7u pour optimiser l&rsquo;espace sans sacrifier le style. Fabriqu\u00e9 en contreplaqu\u00e9 durable, ce meuble est la solution id\u00e9ale pour ranger vos chaussures discr\u00e8tement.<\/p>\n<p>Caract\u00e9ristiques principales\u00a0:<\/p>\n<p>Conception compacte\u00a0: Con\u00e7u pour un style de vie moderne, le meuble NOBLE est con\u00e7u pour \u00eatre pos\u00e9 contre un mur, id\u00e9al pour les couloirs \u00e9troits et les petits espaces.<\/p>\n<p>Compartiments \u00e0 chaussures inclinables\u00a0: Comprend deux tiroirs inclinables pour ranger efficacement les chaussures verticalement, exploitant la profondeur plut\u00f4t que la largeur.<\/p>\n<p>Tiroir sup\u00e9rieur int\u00e9gr\u00e9\u00a0: Comprend un tiroir sup\u00e9rieur peu profond, id\u00e9al pour ranger les essentiels du quotidien comme les cl\u00e9s, les gants, les portefeuilles ou les laisses de chien.<\/p>\n<p>Bords en contreplaqu\u00e9 signature\u00a0: Mettent en valeur le magnifique bord stratifi\u00e9 du contreplaqu\u00e9, symbole de l&rsquo;engagement de Radis pour des mat\u00e9riaux naturels et authentiques.<\/p>\n<p>Personnalisez votre finition\u00a0: Le meuble NOBLE est disponible dans une gamme polyvalente de finitions pour s&rsquo;harmoniser parfaitement avec votre int\u00e9rieur\u00a0: contreplaqu\u00e9 plaqu\u00e9 ch\u00eane, contreplaqu\u00e9 HPL blanc, diff\u00e9rentes options de contreplaqu\u00e9 de bouleau huil\u00e9-cir\u00e9 ou Forescolor (panneau de fibres de bois teint\u00e9 organiquement).<\/p>\n<p>Options de configuration\u00a0: Vous pouvez choisir de le fixer au mur pour un look minimaliste, ou d&rsquo;am\u00e9liorer son style et son accessibilit\u00e9 gr\u00e2ce aux pieds m\u00e9talliques Noble collection de 17\u00a0cm de haut (une fixation murale est toujours n\u00e9cessaire pour la s\u00e9curit\u00e9 anti-basculement).<\/p>\n<p>Le meuble \u00e0 chaussures NOBLE allie rangement fonctionnel et design \u00e9l\u00e9gant et durable.<\/p>\n","protected":false},"excerpt":{"rendered":"<p>Apportez \u00e9l\u00e9gance et organisation \u00e0 votre entr\u00e9e avec le meuble \u00e0 chaussures NOBLE, un meuble \u00e9l\u00e9gant et fonctionnel con\u00e7u pour optimiser l&rsquo;espace sans sacrifier le style. Fabriqu\u00e9 en contreplaqu\u00e9 durable, ce meuble est la solution id\u00e9ale pour ranger vos chaussures discr\u00e8tement. Caract\u00e9ristiques principales\u00a0: Conception compacte\u00a0: Con\u00e7u pour un style de vie moderne, le meuble NOBLE&#8230;<\/p>\n","protected":false},"featured_media":30001,"comment_status":"open","ping_status":"closed","template":"","meta":{"_acf_changed":false},"product_brand":[],"product_cat":[17],"product_tag":[],"class_list":{"0":"post-29856","1":"product","2":"type-product","3":"status-publish","4":"has-post-thumbnail","6":"product_cat-kummutid","8":"first","9":"instock","10":"taxable","11":"shipping-taxable","12":"purchasable","13":"product-type-variable","14":"has-default-attributes"},"acf":[],"yoast_head":"<!-- This site is optimized with the Yoast SEO plugin v27.3 - https:\/\/yoast.com\/product\/yoast-seo-wordpress\/ -->\n<title>Meuble de rangement \u00e0 chaussures NOBLE - Radis<\/title>\n<meta name=\"robots\" content=\"index, follow, max-snippet:-1, max-image-preview:large, max-video-preview:-1\" \/>\n<link rel=\"canonical\" href=\"https:\/\/radis.ee\/fr\/meuble-de-rangement-a-chaussures-noble\/\" \/>\n<meta property=\"og:locale\" content=\"fr_FR\" \/>\n<meta property=\"og:type\" content=\"article\" \/>\n<meta property=\"og:title\" content=\"Meuble de rangement \u00e0 chaussures NOBLE - Radis\" \/>\n<meta property=\"og:description\" content=\"Apportez \u00e9l\u00e9gance et organisation \u00e0 votre entr\u00e9e avec le meuble \u00e0 chaussures NOBLE, un meuble \u00e9l\u00e9gant et fonctionnel con\u00e7u pour optimiser l&rsquo;espace sans sacrifier le style. Fabriqu\u00e9 en contreplaqu\u00e9 durable, ce meuble est la solution id\u00e9ale pour ranger vos chaussures discr\u00e8tement. Caract\u00e9ristiques principales\u00a0: Conception compacte\u00a0: Con\u00e7u pour un style de vie moderne, le meuble NOBLE...\" \/>\n<meta property=\"og:url\" content=\"https:\/\/radis.ee\/fr\/meuble-de-rangement-a-chaussures-noble\/\" \/>\n<meta property=\"og:site_name\" content=\"Radis\" \/>\n<meta property=\"article:publisher\" content=\"https:\/\/www.facebook.com\/radisfurniture\/\" \/>\n<meta property=\"article:modified_time\" content=\"2025-10-09T12:52:28+00:00\" \/>\n<meta property=\"og:image\" content=\"https:\/\/radis.ee\/wp-content\/uploads\/2022\/10\/Radis_shoe_storage_cabinet_NOBLE_Oak_veneered_plywood_white_background-1.webp\" \/>\n\t<meta property=\"og:image:width\" content=\"433\" \/>\n\t<meta property=\"og:image:height\" content=\"596\" \/>\n\t<meta property=\"og:image:type\" content=\"image\/webp\" \/>\n<meta name=\"twitter:card\" content=\"summary_large_image\" \/>\n<meta name=\"twitter:label1\" content=\"Dur\u00e9e de lecture estim\u00e9e\" \/>\n\t<meta name=\"twitter:data1\" content=\"2 minutes\" \/>\n<script type=\"application\/ld+json\" class=\"yoast-schema-graph\">{\"@context\":\"https:\\\/\\\/schema.org\",\"@graph\":[{\"@type\":\"WebPage\",\"@id\":\"https:\\\/\\\/radis.ee\\\/fr\\\/meuble-de-rangement-a-chaussures-noble\\\/\",\"url\":\"https:\\\/\\\/radis.ee\\\/fr\\\/meuble-de-rangement-a-chaussures-noble\\\/\",\"name\":\"Meuble de rangement \u00e0 chaussures NOBLE - Radis\",\"isPartOf\":{\"@id\":\"https:\\\/\\\/radis.ee\\\/#website\"},\"primaryImageOfPage\":{\"@id\":\"https:\\\/\\\/radis.ee\\\/fr\\\/meuble-de-rangement-a-chaussures-noble\\\/#primaryimage\"},\"image\":{\"@id\":\"https:\\\/\\\/radis.ee\\\/fr\\\/meuble-de-rangement-a-chaussures-noble\\\/#primaryimage\"},\"thumbnailUrl\":\"https:\\\/\\\/radis.ee\\\/wp-content\\\/uploads\\\/2022\\\/10\\\/Radis_shoe_storage_cabinet_NOBLE_Oak_veneered_plywood_white_background-1.webp\",\"datePublished\":\"2022-10-08T04:19:20+00:00\",\"dateModified\":\"2025-10-09T12:52:28+00:00\",\"breadcrumb\":{\"@id\":\"https:\\\/\\\/radis.ee\\\/fr\\\/meuble-de-rangement-a-chaussures-noble\\\/#breadcrumb\"},\"inLanguage\":\"fr-FR\",\"potentialAction\":[{\"@type\":\"ReadAction\",\"target\":[\"https:\\\/\\\/radis.ee\\\/fr\\\/meuble-de-rangement-a-chaussures-noble\\\/\"]}]},{\"@type\":\"ImageObject\",\"inLanguage\":\"fr-FR\",\"@id\":\"https:\\\/\\\/radis.ee\\\/fr\\\/meuble-de-rangement-a-chaussures-noble\\\/#primaryimage\",\"url\":\"https:\\\/\\\/radis.ee\\\/wp-content\\\/uploads\\\/2022\\\/10\\\/Radis_shoe_storage_cabinet_NOBLE_Oak_veneered_plywood_white_background-1.webp\",\"contentUrl\":\"https:\\\/\\\/radis.ee\\\/wp-content\\\/uploads\\\/2022\\\/10\\\/Radis_shoe_storage_cabinet_NOBLE_Oak_veneered_plywood_white_background-1.webp\",\"width\":433,\"height\":596,\"caption\":\"Radis_shoe_storage_cabinet_NOBLE_Oak_veneered_plywood_white_background\"},{\"@type\":\"BreadcrumbList\",\"@id\":\"https:\\\/\\\/radis.ee\\\/fr\\\/meuble-de-rangement-a-chaussures-noble\\\/#breadcrumb\",\"itemListElement\":[{\"@type\":\"ListItem\",\"position\":1,\"name\":\"Home\",\"item\":\"https:\\\/\\\/radis.ee\\\/\"},{\"@type\":\"ListItem\",\"position\":2,\"name\":\"Magasin\",\"item\":\"https:\\\/\\\/radis.ee\\\/fr\\\/magasin\\\/\"},{\"@type\":\"ListItem\",\"position\":3,\"name\":\"Meuble de rangement \u00e0 chaussures NOBLE\"}]},{\"@type\":\"WebSite\",\"@id\":\"https:\\\/\\\/radis.ee\\\/#website\",\"url\":\"https:\\\/\\\/radis.ee\\\/\",\"name\":\"Radis\",\"description\":\"Nordic design furniture, environmentally friendly and sustainable.\",\"publisher\":{\"@id\":\"https:\\\/\\\/radis.ee\\\/#organization\"},\"potentialAction\":[{\"@type\":\"SearchAction\",\"target\":{\"@type\":\"EntryPoint\",\"urlTemplate\":\"https:\\\/\\\/radis.ee\\\/?s={search_term_string}\"},\"query-input\":{\"@type\":\"PropertyValueSpecification\",\"valueRequired\":true,\"valueName\":\"search_term_string\"}}],\"inLanguage\":\"fr-FR\"},{\"@type\":\"Organization\",\"@id\":\"https:\\\/\\\/radis.ee\\\/#organization\",\"name\":\"Radis O\u00dc\",\"url\":\"https:\\\/\\\/radis.ee\\\/\",\"logo\":{\"@type\":\"ImageObject\",\"inLanguage\":\"fr-FR\",\"@id\":\"https:\\\/\\\/radis.ee\\\/#\\\/schema\\\/logo\\\/image\\\/\",\"url\":\"https:\\\/\\\/radis.ee\\\/wp-content\\\/uploads\\\/2020\\\/10\\\/Radis-logo.png\",\"contentUrl\":\"https:\\\/\\\/radis.ee\\\/wp-content\\\/uploads\\\/2020\\\/10\\\/Radis-logo.png\",\"width\":300,\"height\":63,\"caption\":\"Radis O\u00dc\"},\"image\":{\"@id\":\"https:\\\/\\\/radis.ee\\\/#\\\/schema\\\/logo\\\/image\\\/\"},\"sameAs\":[\"https:\\\/\\\/www.facebook.com\\\/radisfurniture\\\/\"]}]}<\/script>\n<!-- \/ Yoast SEO plugin. -->","yoast_head_json":{"title":"Meuble de rangement \u00e0 chaussures NOBLE - Radis","robots":{"index":"index","follow":"follow","max-snippet":"max-snippet:-1","max-image-preview":"max-image-preview:large","max-video-preview":"max-video-preview:-1"},"canonical":"https:\/\/radis.ee\/fr\/meuble-de-rangement-a-chaussures-noble\/","og_locale":"fr_FR","og_type":"article","og_title":"Meuble de rangement \u00e0 chaussures NOBLE - Radis","og_description":"Apportez \u00e9l\u00e9gance et organisation \u00e0 votre entr\u00e9e avec le meuble \u00e0 chaussures NOBLE, un meuble \u00e9l\u00e9gant et fonctionnel con\u00e7u pour optimiser l&rsquo;espace sans sacrifier le style. Fabriqu\u00e9 en contreplaqu\u00e9 durable, ce meuble est la solution id\u00e9ale pour ranger vos chaussures discr\u00e8tement. Caract\u00e9ristiques principales\u00a0: Conception compacte\u00a0: Con\u00e7u pour un style de vie moderne, le meuble NOBLE...","og_url":"https:\/\/radis.ee\/fr\/meuble-de-rangement-a-chaussures-noble\/","og_site_name":"Radis","article_publisher":"https:\/\/www.facebook.com\/radisfurniture\/","article_modified_time":"2025-10-09T12:52:28+00:00","og_image":[{"width":433,"height":596,"url":"https:\/\/radis.ee\/wp-content\/uploads\/2022\/10\/Radis_shoe_storage_cabinet_NOBLE_Oak_veneered_plywood_white_background-1.webp","type":"image\/webp"}],"twitter_card":"summary_large_image","twitter_misc":{"Dur\u00e9e de lecture estim\u00e9e":"2 minutes"},"schema":{"@context":"https:\/\/schema.org","@graph":[{"@type":"WebPage","@id":"https:\/\/radis.ee\/fr\/meuble-de-rangement-a-chaussures-noble\/","url":"https:\/\/radis.ee\/fr\/meuble-de-rangement-a-chaussures-noble\/","name":"Meuble de rangement \u00e0 chaussures NOBLE - Radis","isPartOf":{"@id":"https:\/\/radis.ee\/#website"},"primaryImageOfPage":{"@id":"https:\/\/radis.ee\/fr\/meuble-de-rangement-a-chaussures-noble\/#primaryimage"},"image":{"@id":"https:\/\/radis.ee\/fr\/meuble-de-rangement-a-chaussures-noble\/#primaryimage"},"thumbnailUrl":"https:\/\/radis.ee\/wp-content\/uploads\/2022\/10\/Radis_shoe_storage_cabinet_NOBLE_Oak_veneered_plywood_white_background-1.webp","datePublished":"2022-10-08T04:19:20+00:00","dateModified":"2025-10-09T12:52:28+00:00","breadcrumb":{"@id":"https:\/\/radis.ee\/fr\/meuble-de-rangement-a-chaussures-noble\/#breadcrumb"},"inLanguage":"fr-FR","potentialAction":[{"@type":"ReadAction","target":["https:\/\/radis.ee\/fr\/meuble-de-rangement-a-chaussures-noble\/"]}]},{"@type":"ImageObject","inLanguage":"fr-FR","@id":"https:\/\/radis.ee\/fr\/meuble-de-rangement-a-chaussures-noble\/#primaryimage","url":"https:\/\/radis.ee\/wp-content\/uploads\/2022\/10\/Radis_shoe_storage_cabinet_NOBLE_Oak_veneered_plywood_white_background-1.webp","contentUrl":"https:\/\/radis.ee\/wp-content\/uploads\/2022\/10\/Radis_shoe_storage_cabinet_NOBLE_Oak_veneered_plywood_white_background-1.webp","width":433,"height":596,"caption":"Radis_shoe_storage_cabinet_NOBLE_Oak_veneered_plywood_white_background"},{"@type":"BreadcrumbList","@id":"https:\/\/radis.ee\/fr\/meuble-de-rangement-a-chaussures-noble\/#breadcrumb","itemListElement":[{"@type":"ListItem","position":1,"name":"Home","item":"https:\/\/radis.ee\/"},{"@type":"ListItem","position":2,"name":"Magasin","item":"https:\/\/radis.ee\/fr\/magasin\/"},{"@type":"ListItem","position":3,"name":"Meuble de rangement \u00e0 chaussures NOBLE"}]},{"@type":"WebSite","@id":"https:\/\/radis.ee\/#website","url":"https:\/\/radis.ee\/","name":"Radis","description":"Nordic design furniture, environmentally friendly and sustainable.","publisher":{"@id":"https:\/\/radis.ee\/#organization"},"potentialAction":[{"@type":"SearchAction","target":{"@type":"EntryPoint","urlTemplate":"https:\/\/radis.ee\/?s={search_term_string}"},"query-input":{"@type":"PropertyValueSpecification","valueRequired":true,"valueName":"search_term_string"}}],"inLanguage":"fr-FR"},{"@type":"Organization","@id":"https:\/\/radis.ee\/#organization","name":"Radis O\u00dc","url":"https:\/\/radis.ee\/","logo":{"@type":"ImageObject","inLanguage":"fr-FR","@id":"https:\/\/radis.ee\/#\/schema\/logo\/image\/","url":"https:\/\/radis.ee\/wp-content\/uploads\/2020\/10\/Radis-logo.png","contentUrl":"https:\/\/radis.ee\/wp-content\/uploads\/2020\/10\/Radis-logo.png","width":300,"height":63,"caption":"Radis O\u00dc"},"image":{"@id":"https:\/\/radis.ee\/#\/schema\/logo\/image\/"},"sameAs":["https:\/\/www.facebook.com\/radisfurniture\/"]}]}},"_links":{"self":[{"href":"https:\/\/radis.ee\/fr\/wp-json\/wp\/v2\/product\/29856","targetHints":{"allow":["GET"]}}],"collection":[{"href":"https:\/\/radis.ee\/fr\/wp-json\/wp\/v2\/product"}],"about":[{"href":"https:\/\/radis.ee\/fr\/wp-json\/wp\/v2\/types\/product"}],"replies":[{"embeddable":true,"href":"https:\/\/radis.ee\/fr\/wp-json\/wp\/v2\/comments?post=29856"}],"wp:featuredmedia":[{"embeddable":true,"href":"https:\/\/radis.ee\/fr\/wp-json\/wp\/v2\/media\/30001"}],"wp:attachment":[{"href":"https:\/\/radis.ee\/fr\/wp-json\/wp\/v2\/media?parent=29856"}],"wp:term":[{"taxonomy":"product_brand","embeddable":true,"href":"https:\/\/radis.ee\/fr\/wp-json\/wp\/v2\/product_brand?post=29856"},{"taxonomy":"product_cat","embeddable":true,"href":"https:\/\/radis.ee\/fr\/wp-json\/wp\/v2\/product_cat?post=29856"},{"taxonomy":"product_tag","embeddable":true,"href":"https:\/\/radis.ee\/fr\/wp-json\/wp\/v2\/product_tag?post=29856"}],"curies":[{"name":"wp","href":"https:\/\/api.w.org\/{rel}","templated":true}]}}