{"id":30280,"date":"2023-06-27T08:13:42","date_gmt":"2023-06-27T05:13:42","guid":{"rendered":"https:\/\/radis.ee\/?post_type=product&#038;p=30280"},"modified":"2025-11-19T00:12:04","modified_gmt":"2025-11-18T22:12:04","slug":"etagere-finn","status":"publish","type":"product","link":"https:\/\/radis.ee\/fr\/etagere-finn\/","title":{"rendered":"Etag\u00e8re FINN"},"content":{"rendered":"<p>Inspir\u00e9e par la puret\u00e9 des lignes du design nordique et con\u00e7ue pour apporter une \u00e9l\u00e9gance chaleureuse \u00e0 votre int\u00e9rieur.<\/p>\n<p>Cette magnifique \u00e9tag\u00e8re, rev\u00eatue d&rsquo;un placage ch\u00eane de haute qualit\u00e9 ou de stratifi\u00e9 HPL sur contreplaqu\u00e9, est bien plus qu&rsquo;un simple meuble de rangement\u00a0: c&rsquo;est une pi\u00e8ce ma\u00eetresse dynamique. Sa grille asym\u00e9trique et entrelac\u00e9e vous permet d&rsquo;organiser vos livres et objets pr\u00e9cieux, transformant chaque objet expos\u00e9 en une \u0153uvre d&rsquo;art.<\/p>\n<p>L&rsquo;\u00e9tag\u00e8re FINN apporte chaleur et structure moderne \u00e0 tout espace de vie, s&rsquo;harmonisant naturellement avec vos canap\u00e9s et textiles. Elle repr\u00e9sente l&rsquo;alliance parfaite de la forme et de la fonction pour cr\u00e9er un int\u00e9rieur nordique authentique et chaleureux.<\/p>\n<p>FINN est fabriqu\u00e9e en contreplaqu\u00e9 de bouleau \u00e9cologique, recouvert d&rsquo;un placage ch\u00eane ou de stratifi\u00e9 HPL. L&rsquo;\u00e9tag\u00e8re est dot\u00e9e d&rsquo;une plinthe de 8 cm pour s&rsquo;adapter \u00e0 diff\u00e9rentes hauteurs de plinthes. Sa rigidit\u00e9 est assur\u00e9e par les panneaux arri\u00e8re dans les angles ext\u00e9rieurs. Les c\u00f4t\u00e9s ext\u00e9rieurs sont assembl\u00e9s par tourillons et excentriques, les c\u00f4t\u00e9s int\u00e9rieurs par tenons. La hauteur entre les \u00e9tag\u00e8res int\u00e9rieures est de 28 cm.<\/p>\n","protected":false},"excerpt":{"rendered":"<p>Inspir\u00e9e par la puret\u00e9 des lignes du design nordique et con\u00e7ue pour apporter une \u00e9l\u00e9gance chaleureuse \u00e0 votre int\u00e9rieur. Cette magnifique \u00e9tag\u00e8re, rev\u00eatue d&rsquo;un placage ch\u00eane de haute qualit\u00e9 ou de stratifi\u00e9 HPL sur contreplaqu\u00e9, est bien plus qu&rsquo;un simple meuble de rangement\u00a0: c&rsquo;est une pi\u00e8ce ma\u00eetresse dynamique. Sa grille asym\u00e9trique et entrelac\u00e9e vous permet&#8230;<\/p>\n","protected":false},"featured_media":30556,"comment_status":"open","ping_status":"closed","template":"","meta":{"_acf_changed":false},"product_brand":[],"product_cat":[109],"product_tag":[],"class_list":{"0":"post-30280","1":"product","2":"type-product","3":"status-publish","4":"has-post-thumbnail","6":"product_cat-riiulid","8":"first","9":"instock","10":"taxable","11":"shipping-taxable","12":"purchasable","13":"product-type-variable","14":"has-default-attributes"},"acf":[],"yoast_head":"<!-- This site is optimized with the Yoast SEO plugin v27.3 - https:\/\/yoast.com\/product\/yoast-seo-wordpress\/ -->\n<title>Etag\u00e8re FINN - Radis<\/title>\n<meta name=\"robots\" content=\"index, follow, max-snippet:-1, max-image-preview:large, max-video-preview:-1\" \/>\n<link rel=\"canonical\" href=\"https:\/\/radis.ee\/fr\/etagere-finn\/\" \/>\n<meta property=\"og:locale\" content=\"fr_FR\" \/>\n<meta property=\"og:type\" content=\"article\" \/>\n<meta property=\"og:title\" content=\"Etag\u00e8re FINN - Radis\" \/>\n<meta property=\"og:description\" content=\"Inspir\u00e9e par la puret\u00e9 des lignes du design nordique et con\u00e7ue pour apporter une \u00e9l\u00e9gance chaleureuse \u00e0 votre int\u00e9rieur. Cette magnifique \u00e9tag\u00e8re, rev\u00eatue d&rsquo;un placage ch\u00eane de haute qualit\u00e9 ou de stratifi\u00e9 HPL sur contreplaqu\u00e9, est bien plus qu&rsquo;un simple meuble de rangement\u00a0: c&rsquo;est une pi\u00e8ce ma\u00eetresse dynamique. Sa grille asym\u00e9trique et entrelac\u00e9e vous permet...\" \/>\n<meta property=\"og:url\" content=\"https:\/\/radis.ee\/fr\/etagere-finn\/\" \/>\n<meta property=\"og:site_name\" content=\"Radis\" \/>\n<meta property=\"article:publisher\" content=\"https:\/\/www.facebook.com\/radisfurniture\/\" \/>\n<meta property=\"article:modified_time\" content=\"2025-11-18T22:12:04+00:00\" \/>\n<meta property=\"og:image\" content=\"https:\/\/radis.ee\/wp-content\/uploads\/2025\/11\/Radis_Furniture_shelf_FINN_Oak_veneered_plywood_white_background.webp\" \/>\n\t<meta property=\"og:image:width\" content=\"864\" \/>\n\t<meta property=\"og:image:height\" content=\"1184\" \/>\n\t<meta property=\"og:image:type\" content=\"image\/webp\" \/>\n<meta name=\"twitter:card\" content=\"summary_large_image\" \/>\n<meta name=\"twitter:label1\" content=\"Dur\u00e9e de lecture estim\u00e9e\" \/>\n\t<meta name=\"twitter:data1\" content=\"1 minute\" \/>\n<script type=\"application\/ld+json\" class=\"yoast-schema-graph\">{\"@context\":\"https:\\\/\\\/schema.org\",\"@graph\":[{\"@type\":\"WebPage\",\"@id\":\"https:\\\/\\\/radis.ee\\\/fr\\\/etagere-finn\\\/\",\"url\":\"https:\\\/\\\/radis.ee\\\/fr\\\/etagere-finn\\\/\",\"name\":\"Etag\u00e8re FINN - Radis\",\"isPartOf\":{\"@id\":\"https:\\\/\\\/radis.ee\\\/#website\"},\"primaryImageOfPage\":{\"@id\":\"https:\\\/\\\/radis.ee\\\/fr\\\/etagere-finn\\\/#primaryimage\"},\"image\":{\"@id\":\"https:\\\/\\\/radis.ee\\\/fr\\\/etagere-finn\\\/#primaryimage\"},\"thumbnailUrl\":\"https:\\\/\\\/radis.ee\\\/wp-content\\\/uploads\\\/2025\\\/11\\\/Radis_Furniture_shelf_FINN_Oak_veneered_plywood_white_background_2.webp\",\"datePublished\":\"2023-06-27T05:13:42+00:00\",\"dateModified\":\"2025-11-18T22:12:04+00:00\",\"breadcrumb\":{\"@id\":\"https:\\\/\\\/radis.ee\\\/fr\\\/etagere-finn\\\/#breadcrumb\"},\"inLanguage\":\"fr-FR\",\"potentialAction\":[{\"@type\":\"ReadAction\",\"target\":[\"https:\\\/\\\/radis.ee\\\/fr\\\/etagere-finn\\\/\"]}]},{\"@type\":\"ImageObject\",\"inLanguage\":\"fr-FR\",\"@id\":\"https:\\\/\\\/radis.ee\\\/fr\\\/etagere-finn\\\/#primaryimage\",\"url\":\"https:\\\/\\\/radis.ee\\\/wp-content\\\/uploads\\\/2025\\\/11\\\/Radis_Furniture_shelf_FINN_Oak_veneered_plywood_white_background_2.webp\",\"contentUrl\":\"https:\\\/\\\/radis.ee\\\/wp-content\\\/uploads\\\/2025\\\/11\\\/Radis_Furniture_shelf_FINN_Oak_veneered_plywood_white_background_2.webp\",\"width\":864,\"height\":1184,\"caption\":\"Radis Furniture shelf FINN Oak veneered plywood\"},{\"@type\":\"BreadcrumbList\",\"@id\":\"https:\\\/\\\/radis.ee\\\/fr\\\/etagere-finn\\\/#breadcrumb\",\"itemListElement\":[{\"@type\":\"ListItem\",\"position\":1,\"name\":\"Home\",\"item\":\"https:\\\/\\\/radis.ee\\\/\"},{\"@type\":\"ListItem\",\"position\":2,\"name\":\"Magasin\",\"item\":\"https:\\\/\\\/radis.ee\\\/fr\\\/magasin\\\/\"},{\"@type\":\"ListItem\",\"position\":3,\"name\":\"Etag\u00e8re FINN\"}]},{\"@type\":\"WebSite\",\"@id\":\"https:\\\/\\\/radis.ee\\\/#website\",\"url\":\"https:\\\/\\\/radis.ee\\\/\",\"name\":\"Radis\",\"description\":\"Nordic design furniture, environmentally friendly and sustainable.\",\"publisher\":{\"@id\":\"https:\\\/\\\/radis.ee\\\/#organization\"},\"potentialAction\":[{\"@type\":\"SearchAction\",\"target\":{\"@type\":\"EntryPoint\",\"urlTemplate\":\"https:\\\/\\\/radis.ee\\\/?s={search_term_string}\"},\"query-input\":{\"@type\":\"PropertyValueSpecification\",\"valueRequired\":true,\"valueName\":\"search_term_string\"}}],\"inLanguage\":\"fr-FR\"},{\"@type\":\"Organization\",\"@id\":\"https:\\\/\\\/radis.ee\\\/#organization\",\"name\":\"Radis O\u00dc\",\"url\":\"https:\\\/\\\/radis.ee\\\/\",\"logo\":{\"@type\":\"ImageObject\",\"inLanguage\":\"fr-FR\",\"@id\":\"https:\\\/\\\/radis.ee\\\/#\\\/schema\\\/logo\\\/image\\\/\",\"url\":\"https:\\\/\\\/radis.ee\\\/wp-content\\\/uploads\\\/2020\\\/10\\\/Radis-logo.png\",\"contentUrl\":\"https:\\\/\\\/radis.ee\\\/wp-content\\\/uploads\\\/2020\\\/10\\\/Radis-logo.png\",\"width\":300,\"height\":63,\"caption\":\"Radis O\u00dc\"},\"image\":{\"@id\":\"https:\\\/\\\/radis.ee\\\/#\\\/schema\\\/logo\\\/image\\\/\"},\"sameAs\":[\"https:\\\/\\\/www.facebook.com\\\/radisfurniture\\\/\"]}]}<\/script>\n<!-- \/ Yoast SEO plugin. -->","yoast_head_json":{"title":"Etag\u00e8re FINN - Radis","robots":{"index":"index","follow":"follow","max-snippet":"max-snippet:-1","max-image-preview":"max-image-preview:large","max-video-preview":"max-video-preview:-1"},"canonical":"https:\/\/radis.ee\/fr\/etagere-finn\/","og_locale":"fr_FR","og_type":"article","og_title":"Etag\u00e8re FINN - Radis","og_description":"Inspir\u00e9e par la puret\u00e9 des lignes du design nordique et con\u00e7ue pour apporter une \u00e9l\u00e9gance chaleureuse \u00e0 votre int\u00e9rieur. Cette magnifique \u00e9tag\u00e8re, rev\u00eatue d&rsquo;un placage ch\u00eane de haute qualit\u00e9 ou de stratifi\u00e9 HPL sur contreplaqu\u00e9, est bien plus qu&rsquo;un simple meuble de rangement\u00a0: c&rsquo;est une pi\u00e8ce ma\u00eetresse dynamique. Sa grille asym\u00e9trique et entrelac\u00e9e vous permet...","og_url":"https:\/\/radis.ee\/fr\/etagere-finn\/","og_site_name":"Radis","article_publisher":"https:\/\/www.facebook.com\/radisfurniture\/","article_modified_time":"2025-11-18T22:12:04+00:00","og_image":[{"width":864,"height":1184,"url":"https:\/\/radis.ee\/wp-content\/uploads\/2025\/11\/Radis_Furniture_shelf_FINN_Oak_veneered_plywood_white_background.webp","type":"image\/webp"}],"twitter_card":"summary_large_image","twitter_misc":{"Dur\u00e9e de lecture estim\u00e9e":"1 minute"},"schema":{"@context":"https:\/\/schema.org","@graph":[{"@type":"WebPage","@id":"https:\/\/radis.ee\/fr\/etagere-finn\/","url":"https:\/\/radis.ee\/fr\/etagere-finn\/","name":"Etag\u00e8re FINN - Radis","isPartOf":{"@id":"https:\/\/radis.ee\/#website"},"primaryImageOfPage":{"@id":"https:\/\/radis.ee\/fr\/etagere-finn\/#primaryimage"},"image":{"@id":"https:\/\/radis.ee\/fr\/etagere-finn\/#primaryimage"},"thumbnailUrl":"https:\/\/radis.ee\/wp-content\/uploads\/2025\/11\/Radis_Furniture_shelf_FINN_Oak_veneered_plywood_white_background_2.webp","datePublished":"2023-06-27T05:13:42+00:00","dateModified":"2025-11-18T22:12:04+00:00","breadcrumb":{"@id":"https:\/\/radis.ee\/fr\/etagere-finn\/#breadcrumb"},"inLanguage":"fr-FR","potentialAction":[{"@type":"ReadAction","target":["https:\/\/radis.ee\/fr\/etagere-finn\/"]}]},{"@type":"ImageObject","inLanguage":"fr-FR","@id":"https:\/\/radis.ee\/fr\/etagere-finn\/#primaryimage","url":"https:\/\/radis.ee\/wp-content\/uploads\/2025\/11\/Radis_Furniture_shelf_FINN_Oak_veneered_plywood_white_background_2.webp","contentUrl":"https:\/\/radis.ee\/wp-content\/uploads\/2025\/11\/Radis_Furniture_shelf_FINN_Oak_veneered_plywood_white_background_2.webp","width":864,"height":1184,"caption":"Radis Furniture shelf FINN Oak veneered plywood"},{"@type":"BreadcrumbList","@id":"https:\/\/radis.ee\/fr\/etagere-finn\/#breadcrumb","itemListElement":[{"@type":"ListItem","position":1,"name":"Home","item":"https:\/\/radis.ee\/"},{"@type":"ListItem","position":2,"name":"Magasin","item":"https:\/\/radis.ee\/fr\/magasin\/"},{"@type":"ListItem","position":3,"name":"Etag\u00e8re FINN"}]},{"@type":"WebSite","@id":"https:\/\/radis.ee\/#website","url":"https:\/\/radis.ee\/","name":"Radis","description":"Nordic design furniture, environmentally friendly and sustainable.","publisher":{"@id":"https:\/\/radis.ee\/#organization"},"potentialAction":[{"@type":"SearchAction","target":{"@type":"EntryPoint","urlTemplate":"https:\/\/radis.ee\/?s={search_term_string}"},"query-input":{"@type":"PropertyValueSpecification","valueRequired":true,"valueName":"search_term_string"}}],"inLanguage":"fr-FR"},{"@type":"Organization","@id":"https:\/\/radis.ee\/#organization","name":"Radis O\u00dc","url":"https:\/\/radis.ee\/","logo":{"@type":"ImageObject","inLanguage":"fr-FR","@id":"https:\/\/radis.ee\/#\/schema\/logo\/image\/","url":"https:\/\/radis.ee\/wp-content\/uploads\/2020\/10\/Radis-logo.png","contentUrl":"https:\/\/radis.ee\/wp-content\/uploads\/2020\/10\/Radis-logo.png","width":300,"height":63,"caption":"Radis O\u00dc"},"image":{"@id":"https:\/\/radis.ee\/#\/schema\/logo\/image\/"},"sameAs":["https:\/\/www.facebook.com\/radisfurniture\/"]}]}},"_links":{"self":[{"href":"https:\/\/radis.ee\/fr\/wp-json\/wp\/v2\/product\/30280","targetHints":{"allow":["GET"]}}],"collection":[{"href":"https:\/\/radis.ee\/fr\/wp-json\/wp\/v2\/product"}],"about":[{"href":"https:\/\/radis.ee\/fr\/wp-json\/wp\/v2\/types\/product"}],"replies":[{"embeddable":true,"href":"https:\/\/radis.ee\/fr\/wp-json\/wp\/v2\/comments?post=30280"}],"wp:featuredmedia":[{"embeddable":true,"href":"https:\/\/radis.ee\/fr\/wp-json\/wp\/v2\/media\/30556"}],"wp:attachment":[{"href":"https:\/\/radis.ee\/fr\/wp-json\/wp\/v2\/media?parent=30280"}],"wp:term":[{"taxonomy":"product_brand","embeddable":true,"href":"https:\/\/radis.ee\/fr\/wp-json\/wp\/v2\/product_brand?post=30280"},{"taxonomy":"product_cat","embeddable":true,"href":"https:\/\/radis.ee\/fr\/wp-json\/wp\/v2\/product_cat?post=30280"},{"taxonomy":"product_tag","embeddable":true,"href":"https:\/\/radis.ee\/fr\/wp-json\/wp\/v2\/product_tag?post=30280"}],"curies":[{"name":"wp","href":"https:\/\/api.w.org\/{rel}","templated":true}]}}