{"id":30968,"date":"2019-04-09T17:20:15","date_gmt":"2019-04-09T14:20:15","guid":{"rendered":"https:\/\/radis.ee\/?post_type=product&#038;p=30968"},"modified":"2025-12-29T18:33:58","modified_gmt":"2025-12-29T16:33:58","slug":"etagere-murale-incurvee-avec-porte-coulissante-floaty","status":"publish","type":"product","link":"https:\/\/radis.ee\/fr\/etagere-murale-incurvee-avec-porte-coulissante-floaty\/","title":{"rendered":"\u00c9tag\u00e8re murale incurv\u00e9e avec porte coulissante FLOATY"},"content":{"rendered":"<p>Apportez douceur et fonctionnalit\u00e9 \u00e0 votre int\u00e9rieur avec l&rsquo;\u00e9tag\u00e8re murale Floaty. Ce meuble minimaliste et plein de caract\u00e8re est con\u00e7u pour les amateurs d&rsquo;esth\u00e9tique nordique \u00e9pur\u00e9e et de solutions de rangement astucieuses.<\/p>\n<p>Le point fort de cette \u00e9tag\u00e8re r\u00e9side dans sa forme incurv\u00e9e et fluide et sa porte coulissante \u00e0 rayures verticales qui glisse en douceur le long de son cadre. Vous avez ainsi le choix : dissimuler vos objets du quotidien derri\u00e8re la porte ou exposer vos pi\u00e8ces pr\u00e9f\u00e9r\u00e9es sur l&rsquo;\u00e9tag\u00e8re ouverte.<\/p>\n<p>Gr\u00e2ce \u00e0 sa conception a\u00e9rienne fix\u00e9e au mur, cette \u00e9tag\u00e8re s&rsquo;int\u00e8gre parfaitement dans toutes les pi\u00e8ces :<\/p>\n<p>Entr\u00e9e : C&rsquo;est l&rsquo;endroit id\u00e9al pour d\u00e9poser vos cl\u00e9s, vos lunettes de soleil et votre courrier. Sa forme compacte n&rsquo;encombre pas les couloirs \u00e9troits et apporte une touche d&rsquo;\u00e9l\u00e9gance d\u00e8s l&rsquo;entr\u00e9e.<\/p>\n<p>Salon : Utilisez-la comme une console \u00e9l\u00e9gante sous une lampe d\u00e9corative, une \u0153uvre d&rsquo;art ou une plante. L&rsquo;\u00e9tag\u00e8re devient un \u00e9l\u00e9ment sculptural sur le mur, tout en offrant un espace de rangement discret pour les petits appareils \u00e9lectroniques ou les livres.<\/p>\n<p>L&rsquo;\u00e9tag\u00e8re FLOATY, aux lignes courbes, est fabriqu\u00e9e \u00e0 partir de mat\u00e9riaux durables et \u00e9cologiques, garantissant une qualit\u00e9 intemporelle\u00a0: contreplaqu\u00e9 de bouleau plaqu\u00e9 ch\u00eane. Vous pouvez choisir vous-m\u00eame la teinte de la cire huil\u00e9e. La hauteur int\u00e9rieure de l&rsquo;\u00e9tag\u00e8re est de 16\u00a0cm, sa hauteur totale de 19\u00a0cm, sa profondeur de 24\u00a0cm et sa largeur de 95\u00a0cm.<\/p>\n<p>Con\u00e7ue avec pr\u00e9cision et soin, FLOATY apporte chaleur et \u00e9l\u00e9gance \u00e0 votre int\u00e9rieur et vous invite \u00e0 appr\u00e9cier l&rsquo;art de la simplicit\u00e9.<\/p>\n","protected":false},"excerpt":{"rendered":"<p>Apportez douceur et fonctionnalit\u00e9 \u00e0 votre int\u00e9rieur avec l&rsquo;\u00e9tag\u00e8re murale Floaty. Ce meuble minimaliste et plein de caract\u00e8re est con\u00e7u pour les amateurs d&rsquo;esth\u00e9tique nordique \u00e9pur\u00e9e et de solutions de rangement astucieuses. Le point fort de cette \u00e9tag\u00e8re r\u00e9side dans sa forme incurv\u00e9e et fluide et sa porte coulissante \u00e0 rayures verticales qui glisse en&#8230;<\/p>\n","protected":false},"featured_media":31076,"comment_status":"open","ping_status":"closed","template":"","meta":{"_acf_changed":false},"product_brand":[],"product_cat":[109],"product_tag":[],"class_list":{"0":"post-30968","1":"product","2":"type-product","3":"status-publish","4":"has-post-thumbnail","6":"product_cat-riiulid","8":"first","9":"instock","10":"taxable","11":"shipping-taxable","12":"purchasable","13":"product-type-simple"},"acf":[],"yoast_head":"<!-- This site is optimized with the Yoast SEO plugin v27.3 - https:\/\/yoast.com\/product\/yoast-seo-wordpress\/ -->\n<title>\u00c9tag\u00e8re murale incurv\u00e9e avec porte coulissante FLOATY - Radis<\/title>\n<meta name=\"robots\" content=\"index, follow, max-snippet:-1, max-image-preview:large, max-video-preview:-1\" \/>\n<link rel=\"canonical\" href=\"https:\/\/radis.ee\/fr\/etagere-murale-incurvee-avec-porte-coulissante-floaty\/\" \/>\n<meta property=\"og:locale\" content=\"fr_FR\" \/>\n<meta property=\"og:type\" content=\"article\" \/>\n<meta property=\"og:title\" content=\"\u00c9tag\u00e8re murale incurv\u00e9e avec porte coulissante FLOATY - Radis\" \/>\n<meta property=\"og:description\" content=\"Apportez douceur et fonctionnalit\u00e9 \u00e0 votre int\u00e9rieur avec l&rsquo;\u00e9tag\u00e8re murale Floaty. Ce meuble minimaliste et plein de caract\u00e8re est con\u00e7u pour les amateurs d&rsquo;esth\u00e9tique nordique \u00e9pur\u00e9e et de solutions de rangement astucieuses. Le point fort de cette \u00e9tag\u00e8re r\u00e9side dans sa forme incurv\u00e9e et fluide et sa porte coulissante \u00e0 rayures verticales qui glisse en...\" \/>\n<meta property=\"og:url\" content=\"https:\/\/radis.ee\/fr\/etagere-murale-incurvee-avec-porte-coulissante-floaty\/\" \/>\n<meta property=\"og:site_name\" content=\"Radis\" \/>\n<meta property=\"article:publisher\" content=\"https:\/\/www.facebook.com\/radisfurniture\/\" \/>\n<meta property=\"article:modified_time\" content=\"2025-12-29T16:33:58+00:00\" \/>\n<meta property=\"og:image\" content=\"https:\/\/radis.ee\/wp-content\/uploads\/2025\/12\/Radis_Furniture_curved_wallshelf_sliding_door_FLOATY_Oak_veneered_plywood.webp\" \/>\n\t<meta property=\"og:image:width\" content=\"599\" \/>\n\t<meta property=\"og:image:height\" content=\"831\" \/>\n\t<meta property=\"og:image:type\" content=\"image\/webp\" \/>\n<meta name=\"twitter:card\" content=\"summary_large_image\" \/>\n<meta name=\"twitter:label1\" content=\"Dur\u00e9e de lecture estim\u00e9e\" \/>\n\t<meta name=\"twitter:data1\" content=\"2 minutes\" \/>\n<script type=\"application\/ld+json\" class=\"yoast-schema-graph\">{\"@context\":\"https:\\\/\\\/schema.org\",\"@graph\":[{\"@type\":\"WebPage\",\"@id\":\"https:\\\/\\\/radis.ee\\\/fr\\\/etagere-murale-incurvee-avec-porte-coulissante-floaty\\\/\",\"url\":\"https:\\\/\\\/radis.ee\\\/fr\\\/etagere-murale-incurvee-avec-porte-coulissante-floaty\\\/\",\"name\":\"\u00c9tag\u00e8re murale incurv\u00e9e avec porte coulissante FLOATY - Radis\",\"isPartOf\":{\"@id\":\"https:\\\/\\\/radis.ee\\\/#website\"},\"primaryImageOfPage\":{\"@id\":\"https:\\\/\\\/radis.ee\\\/fr\\\/etagere-murale-incurvee-avec-porte-coulissante-floaty\\\/#primaryimage\"},\"image\":{\"@id\":\"https:\\\/\\\/radis.ee\\\/fr\\\/etagere-murale-incurvee-avec-porte-coulissante-floaty\\\/#primaryimage\"},\"thumbnailUrl\":\"https:\\\/\\\/radis.ee\\\/wp-content\\\/uploads\\\/2019\\\/04\\\/Radis_Furniture_curved_wallshelf_sliding_door_FLOATY_Oak_veneered_plywood_2.webp\",\"datePublished\":\"2019-04-09T14:20:15+00:00\",\"dateModified\":\"2025-12-29T16:33:58+00:00\",\"breadcrumb\":{\"@id\":\"https:\\\/\\\/radis.ee\\\/fr\\\/etagere-murale-incurvee-avec-porte-coulissante-floaty\\\/#breadcrumb\"},\"inLanguage\":\"fr-FR\",\"potentialAction\":[{\"@type\":\"ReadAction\",\"target\":[\"https:\\\/\\\/radis.ee\\\/fr\\\/etagere-murale-incurvee-avec-porte-coulissante-floaty\\\/\"]}]},{\"@type\":\"ImageObject\",\"inLanguage\":\"fr-FR\",\"@id\":\"https:\\\/\\\/radis.ee\\\/fr\\\/etagere-murale-incurvee-avec-porte-coulissante-floaty\\\/#primaryimage\",\"url\":\"https:\\\/\\\/radis.ee\\\/wp-content\\\/uploads\\\/2019\\\/04\\\/Radis_Furniture_curved_wallshelf_sliding_door_FLOATY_Oak_veneered_plywood_2.webp\",\"contentUrl\":\"https:\\\/\\\/radis.ee\\\/wp-content\\\/uploads\\\/2019\\\/04\\\/Radis_Furniture_curved_wallshelf_sliding_door_FLOATY_Oak_veneered_plywood_2.webp\",\"width\":880,\"height\":1216,\"caption\":\"Radis Furniture curved wallshelf with sliding door FLOATY Oak veneered plywood\"},{\"@type\":\"BreadcrumbList\",\"@id\":\"https:\\\/\\\/radis.ee\\\/fr\\\/etagere-murale-incurvee-avec-porte-coulissante-floaty\\\/#breadcrumb\",\"itemListElement\":[{\"@type\":\"ListItem\",\"position\":1,\"name\":\"Home\",\"item\":\"https:\\\/\\\/radis.ee\\\/\"},{\"@type\":\"ListItem\",\"position\":2,\"name\":\"Magasin\",\"item\":\"https:\\\/\\\/radis.ee\\\/fr\\\/magasin\\\/\"},{\"@type\":\"ListItem\",\"position\":3,\"name\":\"\u00c9tag\u00e8re murale incurv\u00e9e avec porte coulissante FLOATY\"}]},{\"@type\":\"WebSite\",\"@id\":\"https:\\\/\\\/radis.ee\\\/#website\",\"url\":\"https:\\\/\\\/radis.ee\\\/\",\"name\":\"Radis\",\"description\":\"Nordic design furniture, environmentally friendly and sustainable.\",\"publisher\":{\"@id\":\"https:\\\/\\\/radis.ee\\\/#organization\"},\"potentialAction\":[{\"@type\":\"SearchAction\",\"target\":{\"@type\":\"EntryPoint\",\"urlTemplate\":\"https:\\\/\\\/radis.ee\\\/?s={search_term_string}\"},\"query-input\":{\"@type\":\"PropertyValueSpecification\",\"valueRequired\":true,\"valueName\":\"search_term_string\"}}],\"inLanguage\":\"fr-FR\"},{\"@type\":\"Organization\",\"@id\":\"https:\\\/\\\/radis.ee\\\/#organization\",\"name\":\"Radis O\u00dc\",\"url\":\"https:\\\/\\\/radis.ee\\\/\",\"logo\":{\"@type\":\"ImageObject\",\"inLanguage\":\"fr-FR\",\"@id\":\"https:\\\/\\\/radis.ee\\\/#\\\/schema\\\/logo\\\/image\\\/\",\"url\":\"https:\\\/\\\/radis.ee\\\/wp-content\\\/uploads\\\/2020\\\/10\\\/Radis-logo.png\",\"contentUrl\":\"https:\\\/\\\/radis.ee\\\/wp-content\\\/uploads\\\/2020\\\/10\\\/Radis-logo.png\",\"width\":300,\"height\":63,\"caption\":\"Radis O\u00dc\"},\"image\":{\"@id\":\"https:\\\/\\\/radis.ee\\\/#\\\/schema\\\/logo\\\/image\\\/\"},\"sameAs\":[\"https:\\\/\\\/www.facebook.com\\\/radisfurniture\\\/\"]}]}<\/script>\n<!-- \/ Yoast SEO plugin. -->","yoast_head_json":{"title":"\u00c9tag\u00e8re murale incurv\u00e9e avec porte coulissante FLOATY - Radis","robots":{"index":"index","follow":"follow","max-snippet":"max-snippet:-1","max-image-preview":"max-image-preview:large","max-video-preview":"max-video-preview:-1"},"canonical":"https:\/\/radis.ee\/fr\/etagere-murale-incurvee-avec-porte-coulissante-floaty\/","og_locale":"fr_FR","og_type":"article","og_title":"\u00c9tag\u00e8re murale incurv\u00e9e avec porte coulissante FLOATY - Radis","og_description":"Apportez douceur et fonctionnalit\u00e9 \u00e0 votre int\u00e9rieur avec l&rsquo;\u00e9tag\u00e8re murale Floaty. Ce meuble minimaliste et plein de caract\u00e8re est con\u00e7u pour les amateurs d&rsquo;esth\u00e9tique nordique \u00e9pur\u00e9e et de solutions de rangement astucieuses. Le point fort de cette \u00e9tag\u00e8re r\u00e9side dans sa forme incurv\u00e9e et fluide et sa porte coulissante \u00e0 rayures verticales qui glisse en...","og_url":"https:\/\/radis.ee\/fr\/etagere-murale-incurvee-avec-porte-coulissante-floaty\/","og_site_name":"Radis","article_publisher":"https:\/\/www.facebook.com\/radisfurniture\/","article_modified_time":"2025-12-29T16:33:58+00:00","og_image":[{"width":599,"height":831,"url":"https:\/\/radis.ee\/wp-content\/uploads\/2025\/12\/Radis_Furniture_curved_wallshelf_sliding_door_FLOATY_Oak_veneered_plywood.webp","type":"image\/webp"}],"twitter_card":"summary_large_image","twitter_misc":{"Dur\u00e9e de lecture estim\u00e9e":"2 minutes"},"schema":{"@context":"https:\/\/schema.org","@graph":[{"@type":"WebPage","@id":"https:\/\/radis.ee\/fr\/etagere-murale-incurvee-avec-porte-coulissante-floaty\/","url":"https:\/\/radis.ee\/fr\/etagere-murale-incurvee-avec-porte-coulissante-floaty\/","name":"\u00c9tag\u00e8re murale incurv\u00e9e avec porte coulissante FLOATY - Radis","isPartOf":{"@id":"https:\/\/radis.ee\/#website"},"primaryImageOfPage":{"@id":"https:\/\/radis.ee\/fr\/etagere-murale-incurvee-avec-porte-coulissante-floaty\/#primaryimage"},"image":{"@id":"https:\/\/radis.ee\/fr\/etagere-murale-incurvee-avec-porte-coulissante-floaty\/#primaryimage"},"thumbnailUrl":"https:\/\/radis.ee\/wp-content\/uploads\/2019\/04\/Radis_Furniture_curved_wallshelf_sliding_door_FLOATY_Oak_veneered_plywood_2.webp","datePublished":"2019-04-09T14:20:15+00:00","dateModified":"2025-12-29T16:33:58+00:00","breadcrumb":{"@id":"https:\/\/radis.ee\/fr\/etagere-murale-incurvee-avec-porte-coulissante-floaty\/#breadcrumb"},"inLanguage":"fr-FR","potentialAction":[{"@type":"ReadAction","target":["https:\/\/radis.ee\/fr\/etagere-murale-incurvee-avec-porte-coulissante-floaty\/"]}]},{"@type":"ImageObject","inLanguage":"fr-FR","@id":"https:\/\/radis.ee\/fr\/etagere-murale-incurvee-avec-porte-coulissante-floaty\/#primaryimage","url":"https:\/\/radis.ee\/wp-content\/uploads\/2019\/04\/Radis_Furniture_curved_wallshelf_sliding_door_FLOATY_Oak_veneered_plywood_2.webp","contentUrl":"https:\/\/radis.ee\/wp-content\/uploads\/2019\/04\/Radis_Furniture_curved_wallshelf_sliding_door_FLOATY_Oak_veneered_plywood_2.webp","width":880,"height":1216,"caption":"Radis Furniture curved wallshelf with sliding door FLOATY Oak veneered plywood"},{"@type":"BreadcrumbList","@id":"https:\/\/radis.ee\/fr\/etagere-murale-incurvee-avec-porte-coulissante-floaty\/#breadcrumb","itemListElement":[{"@type":"ListItem","position":1,"name":"Home","item":"https:\/\/radis.ee\/"},{"@type":"ListItem","position":2,"name":"Magasin","item":"https:\/\/radis.ee\/fr\/magasin\/"},{"@type":"ListItem","position":3,"name":"\u00c9tag\u00e8re murale incurv\u00e9e avec porte coulissante FLOATY"}]},{"@type":"WebSite","@id":"https:\/\/radis.ee\/#website","url":"https:\/\/radis.ee\/","name":"Radis","description":"Nordic design furniture, environmentally friendly and sustainable.","publisher":{"@id":"https:\/\/radis.ee\/#organization"},"potentialAction":[{"@type":"SearchAction","target":{"@type":"EntryPoint","urlTemplate":"https:\/\/radis.ee\/?s={search_term_string}"},"query-input":{"@type":"PropertyValueSpecification","valueRequired":true,"valueName":"search_term_string"}}],"inLanguage":"fr-FR"},{"@type":"Organization","@id":"https:\/\/radis.ee\/#organization","name":"Radis O\u00dc","url":"https:\/\/radis.ee\/","logo":{"@type":"ImageObject","inLanguage":"fr-FR","@id":"https:\/\/radis.ee\/#\/schema\/logo\/image\/","url":"https:\/\/radis.ee\/wp-content\/uploads\/2020\/10\/Radis-logo.png","contentUrl":"https:\/\/radis.ee\/wp-content\/uploads\/2020\/10\/Radis-logo.png","width":300,"height":63,"caption":"Radis O\u00dc"},"image":{"@id":"https:\/\/radis.ee\/#\/schema\/logo\/image\/"},"sameAs":["https:\/\/www.facebook.com\/radisfurniture\/"]}]}},"_links":{"self":[{"href":"https:\/\/radis.ee\/fr\/wp-json\/wp\/v2\/product\/30968","targetHints":{"allow":["GET"]}}],"collection":[{"href":"https:\/\/radis.ee\/fr\/wp-json\/wp\/v2\/product"}],"about":[{"href":"https:\/\/radis.ee\/fr\/wp-json\/wp\/v2\/types\/product"}],"replies":[{"embeddable":true,"href":"https:\/\/radis.ee\/fr\/wp-json\/wp\/v2\/comments?post=30968"}],"wp:featuredmedia":[{"embeddable":true,"href":"https:\/\/radis.ee\/fr\/wp-json\/wp\/v2\/media\/31076"}],"wp:attachment":[{"href":"https:\/\/radis.ee\/fr\/wp-json\/wp\/v2\/media?parent=30968"}],"wp:term":[{"taxonomy":"product_brand","embeddable":true,"href":"https:\/\/radis.ee\/fr\/wp-json\/wp\/v2\/product_brand?post=30968"},{"taxonomy":"product_cat","embeddable":true,"href":"https:\/\/radis.ee\/fr\/wp-json\/wp\/v2\/product_cat?post=30968"},{"taxonomy":"product_tag","embeddable":true,"href":"https:\/\/radis.ee\/fr\/wp-json\/wp\/v2\/product_tag?post=30968"}],"curies":[{"name":"wp","href":"https:\/\/api.w.org\/{rel}","templated":true}]}}