{"id":31296,"date":"2023-05-20T23:08:37","date_gmt":"2023-05-20T20:08:37","guid":{"rendered":"https:\/\/radis.ee\/?post_type=product&#038;p=31296"},"modified":"2026-02-13T00:27:13","modified_gmt":"2026-02-12T22:27:13","slug":"etagere-salu","status":"publish","type":"product","link":"https:\/\/radis.ee\/fr\/etagere-salu\/","title":{"rendered":"\u00c9tag\u00e8re SALU"},"content":{"rendered":"<p>L&rsquo;\u00e9tag\u00e8re SALU allie minimalisme industriel et design nordique chaleureux. Elle est con\u00e7ue pour ceux qui appr\u00e9cient les lignes \u00e9pur\u00e9es, la robustesse et la possibilit\u00e9 d&rsquo;adapter le mobilier \u00e0 leur int\u00e9rieur.<\/p>\n<p>La structure de l&rsquo;\u00e9tag\u00e8re repose sur des inserts en m\u00e9tal noir thermolaqu\u00e9, lui conf\u00e9rant une allure a\u00e9rienne et une stabilit\u00e9 \u00e0 toute \u00e9preuve. C&rsquo;est la solution id\u00e9ale pour mettre en valeur livres et objets d\u00e9co dans le salon ou pour am\u00e9nager un bureau \u00e9l\u00e9gant.<\/p>\n<p>Pourquoi choisir l&rsquo;\u00e9tag\u00e8re SALU\u00a0?<\/p>\n<ul>\n<li>Mat\u00e9riaux durables\u00a0: les panneaux sont fabriqu\u00e9s en contreplaqu\u00e9 de haute qualit\u00e9, con\u00e7u pour durer des g\u00e9n\u00e9rations.<\/li>\n<li>Finition personnalis\u00e9e\u00a0: choisissez parmi trois mat\u00e9riaux\u00a0:\n<ul>\n<li>Contreplaqu\u00e9 noir laqu\u00e9\u00a0: moderne et r\u00e9sistant, avec des stries apparentes sur les bords.<\/li>\n<li>Contreplaqu\u00e9 blanc laqu\u00e9\u00a0: lumineux et \u00e9pur\u00e9, parfait pour les int\u00e9rieurs scandinaves.<\/li>\n<li>Contreplaqu\u00e9 plaqu\u00e9 ch\u00eane\u00a0: un classique intemporel qui apporte chaleur et raffinement \u00e0 la pi\u00e8ce.<\/li>\n<\/ul>\n<\/li>\n<li>Touche industrielle\u00a0: les d\u00e9tails en m\u00e9tal noir thermolaqu\u00e9 contrastent harmonieusement avec la texture du bois.<\/li>\n<\/ul>\n<p>La taille id\u00e9ale pour chaque pi\u00e8ce : SALU se d\u00e9cline en deux dimensions (120 and 230 cm), vous permettant de choisir l\u2019option qui correspond \u00e0 vos besoins, qu\u2019il s\u2019agisse d\u2019une surface d\u2019appoint compacte ou d\u2019un \u00e9l\u00e9ment mural spacieux.<\/p>\n<p>Transformez l\u2019organisation de votre int\u00e9rieur en un art. Choisissez SALU\u00a0: une \u00e9tag\u00e8re qui met en valeur vos objets sans les dissimuler.<\/p>\n<p>Fabriqu\u00e9e en contreplaqu\u00e9 de 15 mm laqu\u00e9 blanc ou noir, ou en contreplaqu\u00e9 plaqu\u00e9 ch\u00eane de 16 mm, huil\u00e9 et cir\u00e9. Entretoises m\u00e9talliques noires thermolaqu\u00e9es de 30 cm de hauteur. Sous l\u2019\u00e9tag\u00e8re se trouve un socle de 8 cm de hauteur compatible avec la plupart des plinthes.<\/p>\n<p>Design\u00a0: Tambet K\u00fctt, Raul Abner.<\/p>\n","protected":false},"excerpt":{"rendered":"<p>L&rsquo;\u00e9tag\u00e8re SALU allie minimalisme industriel et design nordique chaleureux. Elle est con\u00e7ue pour ceux qui appr\u00e9cient les lignes \u00e9pur\u00e9es, la robustesse et la possibilit\u00e9 d&rsquo;adapter le mobilier \u00e0 leur int\u00e9rieur. La structure de l&rsquo;\u00e9tag\u00e8re repose sur des inserts en m\u00e9tal noir thermolaqu\u00e9, lui conf\u00e9rant une allure a\u00e9rienne et une stabilit\u00e9 \u00e0 toute \u00e9preuve. C&rsquo;est la&#8230;<\/p>\n","protected":false},"featured_media":31407,"comment_status":"open","ping_status":"closed","template":"","meta":{"_acf_changed":false},"product_brand":[],"product_cat":[109],"product_tag":[],"class_list":{"0":"post-31296","1":"product","2":"type-product","3":"status-publish","4":"has-post-thumbnail","6":"product_cat-riiulid","8":"first","9":"instock","10":"taxable","11":"shipping-taxable","12":"purchasable","13":"product-type-variable","14":"has-default-attributes"},"acf":[],"yoast_head":"<!-- This site is optimized with the Yoast SEO plugin v27.4 - https:\/\/yoast.com\/product\/yoast-seo-wordpress\/ -->\n<title>\u00c9tag\u00e8re SALU - Radis<\/title>\n<meta name=\"robots\" content=\"index, follow, max-snippet:-1, max-image-preview:large, max-video-preview:-1\" \/>\n<link rel=\"canonical\" href=\"https:\/\/radis.ee\/fr\/etagere-salu\/\" \/>\n<meta property=\"og:locale\" content=\"fr_FR\" \/>\n<meta property=\"og:type\" content=\"article\" \/>\n<meta property=\"og:title\" content=\"\u00c9tag\u00e8re SALU - Radis\" \/>\n<meta property=\"og:description\" content=\"L&rsquo;\u00e9tag\u00e8re SALU allie minimalisme industriel et design nordique chaleureux. Elle est con\u00e7ue pour ceux qui appr\u00e9cient les lignes \u00e9pur\u00e9es, la robustesse et la possibilit\u00e9 d&rsquo;adapter le mobilier \u00e0 leur int\u00e9rieur. La structure de l&rsquo;\u00e9tag\u00e8re repose sur des inserts en m\u00e9tal noir thermolaqu\u00e9, lui conf\u00e9rant une allure a\u00e9rienne et une stabilit\u00e9 \u00e0 toute \u00e9preuve. C&rsquo;est la...\" \/>\n<meta property=\"og:url\" content=\"https:\/\/radis.ee\/fr\/etagere-salu\/\" \/>\n<meta property=\"og:site_name\" content=\"Radis\" \/>\n<meta property=\"article:publisher\" content=\"https:\/\/www.facebook.com\/radisfurniture\/\" \/>\n<meta property=\"article:modified_time\" content=\"2026-02-12T22:27:13+00:00\" \/>\n<meta property=\"og:image\" content=\"https:\/\/radis.ee\/wp-content\/uploads\/2026\/02\/Radis_shelf_SALU_M_Oak_veneered_plywood_white_background.webp\" \/>\n\t<meta property=\"og:image:width\" content=\"864\" \/>\n\t<meta property=\"og:image:height\" content=\"1184\" \/>\n\t<meta property=\"og:image:type\" content=\"image\/webp\" \/>\n<meta name=\"twitter:card\" content=\"summary_large_image\" \/>\n<meta name=\"twitter:label1\" content=\"Dur\u00e9e de lecture estim\u00e9e\" \/>\n\t<meta name=\"twitter:data1\" content=\"2 minutes\" \/>\n<script type=\"application\/ld+json\" class=\"yoast-schema-graph\">{\"@context\":\"https:\\\/\\\/schema.org\",\"@graph\":[{\"@type\":\"WebPage\",\"@id\":\"https:\\\/\\\/radis.ee\\\/fr\\\/etagere-salu\\\/\",\"url\":\"https:\\\/\\\/radis.ee\\\/fr\\\/etagere-salu\\\/\",\"name\":\"\u00c9tag\u00e8re SALU - Radis\",\"isPartOf\":{\"@id\":\"https:\\\/\\\/radis.ee\\\/#website\"},\"primaryImageOfPage\":{\"@id\":\"https:\\\/\\\/radis.ee\\\/fr\\\/etagere-salu\\\/#primaryimage\"},\"image\":{\"@id\":\"https:\\\/\\\/radis.ee\\\/fr\\\/etagere-salu\\\/#primaryimage\"},\"thumbnailUrl\":\"https:\\\/\\\/radis.ee\\\/wp-content\\\/uploads\\\/2026\\\/02\\\/Radis_shelf_SALU_M_Oak_veneered_plywood_white_background.webp\",\"datePublished\":\"2023-05-20T20:08:37+00:00\",\"dateModified\":\"2026-02-12T22:27:13+00:00\",\"breadcrumb\":{\"@id\":\"https:\\\/\\\/radis.ee\\\/fr\\\/etagere-salu\\\/#breadcrumb\"},\"inLanguage\":\"fr-FR\",\"potentialAction\":[{\"@type\":\"ReadAction\",\"target\":[\"https:\\\/\\\/radis.ee\\\/fr\\\/etagere-salu\\\/\"]}]},{\"@type\":\"ImageObject\",\"inLanguage\":\"fr-FR\",\"@id\":\"https:\\\/\\\/radis.ee\\\/fr\\\/etagere-salu\\\/#primaryimage\",\"url\":\"https:\\\/\\\/radis.ee\\\/wp-content\\\/uploads\\\/2026\\\/02\\\/Radis_shelf_SALU_M_Oak_veneered_plywood_white_background.webp\",\"contentUrl\":\"https:\\\/\\\/radis.ee\\\/wp-content\\\/uploads\\\/2026\\\/02\\\/Radis_shelf_SALU_M_Oak_veneered_plywood_white_background.webp\",\"width\":864,\"height\":1184,\"caption\":\"Radis Furniture shelf SALU\"},{\"@type\":\"BreadcrumbList\",\"@id\":\"https:\\\/\\\/radis.ee\\\/fr\\\/etagere-salu\\\/#breadcrumb\",\"itemListElement\":[{\"@type\":\"ListItem\",\"position\":1,\"name\":\"Home\",\"item\":\"https:\\\/\\\/radis.ee\\\/\"},{\"@type\":\"ListItem\",\"position\":2,\"name\":\"Magasin\",\"item\":\"https:\\\/\\\/radis.ee\\\/fr\\\/magasin\\\/\"},{\"@type\":\"ListItem\",\"position\":3,\"name\":\"\u00c9tag\u00e8re SALU\"}]},{\"@type\":\"WebSite\",\"@id\":\"https:\\\/\\\/radis.ee\\\/#website\",\"url\":\"https:\\\/\\\/radis.ee\\\/\",\"name\":\"Radis\",\"description\":\"Nordic design furniture, environmentally friendly and sustainable.\",\"publisher\":{\"@id\":\"https:\\\/\\\/radis.ee\\\/#organization\"},\"potentialAction\":[{\"@type\":\"SearchAction\",\"target\":{\"@type\":\"EntryPoint\",\"urlTemplate\":\"https:\\\/\\\/radis.ee\\\/?s={search_term_string}\"},\"query-input\":{\"@type\":\"PropertyValueSpecification\",\"valueRequired\":true,\"valueName\":\"search_term_string\"}}],\"inLanguage\":\"fr-FR\"},{\"@type\":\"Organization\",\"@id\":\"https:\\\/\\\/radis.ee\\\/#organization\",\"name\":\"Radis O\u00dc\",\"url\":\"https:\\\/\\\/radis.ee\\\/\",\"logo\":{\"@type\":\"ImageObject\",\"inLanguage\":\"fr-FR\",\"@id\":\"https:\\\/\\\/radis.ee\\\/#\\\/schema\\\/logo\\\/image\\\/\",\"url\":\"https:\\\/\\\/radis.ee\\\/wp-content\\\/uploads\\\/2020\\\/10\\\/Radis-logo.png\",\"contentUrl\":\"https:\\\/\\\/radis.ee\\\/wp-content\\\/uploads\\\/2020\\\/10\\\/Radis-logo.png\",\"width\":300,\"height\":63,\"caption\":\"Radis O\u00dc\"},\"image\":{\"@id\":\"https:\\\/\\\/radis.ee\\\/#\\\/schema\\\/logo\\\/image\\\/\"},\"sameAs\":[\"https:\\\/\\\/www.facebook.com\\\/radisfurniture\\\/\"]}]}<\/script>\n<!-- \/ Yoast SEO plugin. -->","yoast_head_json":{"title":"\u00c9tag\u00e8re SALU - Radis","robots":{"index":"index","follow":"follow","max-snippet":"max-snippet:-1","max-image-preview":"max-image-preview:large","max-video-preview":"max-video-preview:-1"},"canonical":"https:\/\/radis.ee\/fr\/etagere-salu\/","og_locale":"fr_FR","og_type":"article","og_title":"\u00c9tag\u00e8re SALU - Radis","og_description":"L&rsquo;\u00e9tag\u00e8re SALU allie minimalisme industriel et design nordique chaleureux. Elle est con\u00e7ue pour ceux qui appr\u00e9cient les lignes \u00e9pur\u00e9es, la robustesse et la possibilit\u00e9 d&rsquo;adapter le mobilier \u00e0 leur int\u00e9rieur. La structure de l&rsquo;\u00e9tag\u00e8re repose sur des inserts en m\u00e9tal noir thermolaqu\u00e9, lui conf\u00e9rant une allure a\u00e9rienne et une stabilit\u00e9 \u00e0 toute \u00e9preuve. C&rsquo;est la...","og_url":"https:\/\/radis.ee\/fr\/etagere-salu\/","og_site_name":"Radis","article_publisher":"https:\/\/www.facebook.com\/radisfurniture\/","article_modified_time":"2026-02-12T22:27:13+00:00","og_image":[{"width":864,"height":1184,"url":"https:\/\/radis.ee\/wp-content\/uploads\/2026\/02\/Radis_shelf_SALU_M_Oak_veneered_plywood_white_background.webp","type":"image\/webp"}],"twitter_card":"summary_large_image","twitter_misc":{"Dur\u00e9e de lecture estim\u00e9e":"2 minutes"},"schema":{"@context":"https:\/\/schema.org","@graph":[{"@type":"WebPage","@id":"https:\/\/radis.ee\/fr\/etagere-salu\/","url":"https:\/\/radis.ee\/fr\/etagere-salu\/","name":"\u00c9tag\u00e8re SALU - Radis","isPartOf":{"@id":"https:\/\/radis.ee\/#website"},"primaryImageOfPage":{"@id":"https:\/\/radis.ee\/fr\/etagere-salu\/#primaryimage"},"image":{"@id":"https:\/\/radis.ee\/fr\/etagere-salu\/#primaryimage"},"thumbnailUrl":"https:\/\/radis.ee\/wp-content\/uploads\/2026\/02\/Radis_shelf_SALU_M_Oak_veneered_plywood_white_background.webp","datePublished":"2023-05-20T20:08:37+00:00","dateModified":"2026-02-12T22:27:13+00:00","breadcrumb":{"@id":"https:\/\/radis.ee\/fr\/etagere-salu\/#breadcrumb"},"inLanguage":"fr-FR","potentialAction":[{"@type":"ReadAction","target":["https:\/\/radis.ee\/fr\/etagere-salu\/"]}]},{"@type":"ImageObject","inLanguage":"fr-FR","@id":"https:\/\/radis.ee\/fr\/etagere-salu\/#primaryimage","url":"https:\/\/radis.ee\/wp-content\/uploads\/2026\/02\/Radis_shelf_SALU_M_Oak_veneered_plywood_white_background.webp","contentUrl":"https:\/\/radis.ee\/wp-content\/uploads\/2026\/02\/Radis_shelf_SALU_M_Oak_veneered_plywood_white_background.webp","width":864,"height":1184,"caption":"Radis Furniture shelf SALU"},{"@type":"BreadcrumbList","@id":"https:\/\/radis.ee\/fr\/etagere-salu\/#breadcrumb","itemListElement":[{"@type":"ListItem","position":1,"name":"Home","item":"https:\/\/radis.ee\/"},{"@type":"ListItem","position":2,"name":"Magasin","item":"https:\/\/radis.ee\/fr\/magasin\/"},{"@type":"ListItem","position":3,"name":"\u00c9tag\u00e8re SALU"}]},{"@type":"WebSite","@id":"https:\/\/radis.ee\/#website","url":"https:\/\/radis.ee\/","name":"Radis","description":"Nordic design furniture, environmentally friendly and sustainable.","publisher":{"@id":"https:\/\/radis.ee\/#organization"},"potentialAction":[{"@type":"SearchAction","target":{"@type":"EntryPoint","urlTemplate":"https:\/\/radis.ee\/?s={search_term_string}"},"query-input":{"@type":"PropertyValueSpecification","valueRequired":true,"valueName":"search_term_string"}}],"inLanguage":"fr-FR"},{"@type":"Organization","@id":"https:\/\/radis.ee\/#organization","name":"Radis O\u00dc","url":"https:\/\/radis.ee\/","logo":{"@type":"ImageObject","inLanguage":"fr-FR","@id":"https:\/\/radis.ee\/#\/schema\/logo\/image\/","url":"https:\/\/radis.ee\/wp-content\/uploads\/2020\/10\/Radis-logo.png","contentUrl":"https:\/\/radis.ee\/wp-content\/uploads\/2020\/10\/Radis-logo.png","width":300,"height":63,"caption":"Radis O\u00dc"},"image":{"@id":"https:\/\/radis.ee\/#\/schema\/logo\/image\/"},"sameAs":["https:\/\/www.facebook.com\/radisfurniture\/"]}]}},"_links":{"self":[{"href":"https:\/\/radis.ee\/fr\/wp-json\/wp\/v2\/product\/31296","targetHints":{"allow":["GET"]}}],"collection":[{"href":"https:\/\/radis.ee\/fr\/wp-json\/wp\/v2\/product"}],"about":[{"href":"https:\/\/radis.ee\/fr\/wp-json\/wp\/v2\/types\/product"}],"replies":[{"embeddable":true,"href":"https:\/\/radis.ee\/fr\/wp-json\/wp\/v2\/comments?post=31296"}],"wp:featuredmedia":[{"embeddable":true,"href":"https:\/\/radis.ee\/fr\/wp-json\/wp\/v2\/media\/31407"}],"wp:attachment":[{"href":"https:\/\/radis.ee\/fr\/wp-json\/wp\/v2\/media?parent=31296"}],"wp:term":[{"taxonomy":"product_brand","embeddable":true,"href":"https:\/\/radis.ee\/fr\/wp-json\/wp\/v2\/product_brand?post=31296"},{"taxonomy":"product_cat","embeddable":true,"href":"https:\/\/radis.ee\/fr\/wp-json\/wp\/v2\/product_cat?post=31296"},{"taxonomy":"product_tag","embeddable":true,"href":"https:\/\/radis.ee\/fr\/wp-json\/wp\/v2\/product_tag?post=31296"}],"curies":[{"name":"wp","href":"https:\/\/api.w.org\/{rel}","templated":true}]}}