{"id":31766,"date":"2026-04-01T22:38:21","date_gmt":"2026-04-01T19:38:21","guid":{"rendered":"https:\/\/radis.ee\/?post_type=product&#038;p=31766"},"modified":"2026-04-07T23:03:08","modified_gmt":"2026-04-07T20:03:08","slug":"fauteuil-pauze","status":"publish","type":"product","link":"https:\/\/radis.ee\/fr\/fauteuil-pauze\/","title":{"rendered":"Fauteuil PAUZE"},"content":{"rendered":"<p>Prenez votre temps. Votre nouvel endroit pr\u00e9f\u00e9r\u00e9 est ici. Le fauteuil PAUZE est con\u00e7u pour celles et ceux qui appr\u00e9cient \u00e0 la fois la s\u00e9r\u00e9nit\u00e9 et l&rsquo;harmonie du design. Le dernier mod\u00e8le de Radis allie le langage formel moderne de l&rsquo;Europe centrale \u00e0 la simplicit\u00e9 nordique, offrant un \u00e9quilibre parfait entre l\u00e9g\u00e8ret\u00e9 architecturale et confort d&rsquo;assise optimal.<\/p>\n<p><strong>L\u00e9g\u00e8ret\u00e9 architecturale<\/strong><\/p>\n<p>Au c\u0153ur du design du PAUZE se trouve sa structure diagonale unique, qui cr\u00e9e une dynamique visuelle et une impression de l\u00e9g\u00e8ret\u00e9. Le profil ouvert et les lignes graphiques du fauteuil s&rsquo;inspirent de l&rsquo;architecture moderne. Ce meuble ne se contente pas d&rsquo;occuper un espace, il lui conf\u00e8re du caract\u00e8re.<\/p>\n<p><strong>Mat\u00e9riaux et savoir-faire<\/strong><\/p>\n<p>Pour nous, l&rsquo;authenticit\u00e9 et la puret\u00e9 des mat\u00e9riaux sont primordiales\u00a0:<\/p>\n<p><strong>Structure \u00e9pur\u00e9e<\/strong>\u00a0: Contreplaqu\u00e9 de bouleau naturel plaqu\u00e9 ch\u00eane, travaill\u00e9 avec maestria, gage de durabilit\u00e9 et de qualit\u00e9. Chaque d\u00e9tail est poli \u00e0 la perfection pour un plaisir visuel et un toucher soyeux. \u00c9galement disponible en contreplaqu\u00e9 de bouleau blanc stratifi\u00e9.<\/p>\n<p><strong>G\u00e9om\u00e9trie ergonomique<\/strong> : L&rsquo;angle du dossier et de l&rsquo;assise est soigneusement calibr\u00e9 pour offrir un soutien optimal au corps et favoriser une relaxation profonde. Hauteur d&rsquo;assise : 42 cm, largeur d&rsquo;assise : 51 cm, profondeur d&rsquo;assise : 48 cm.<\/p>\n<p><strong>Textiles haut de gamme<\/strong> : Les tissus Nevotex Stella s\u00e9lectionn\u00e9s sont r\u00e9sistants et se d\u00e9clinent dans des tons naturels qui s&rsquo;harmonisent avec la chaleur du bois et r\u00e9pondent aux plus hautes exigences du design d&rsquo;int\u00e9rieur europ\u00e9en. Stella est un tissu polyester haut de gamme \u00e0 l&rsquo;aspect laineux.<\/p>\n<p><strong>Pourquoi choisir PAUZE ?<\/strong><\/p>\n<p>Esth\u00e9tique intemporelle : Des lignes diagonales \u00e9pur\u00e9es qui restent modernes pendant des d\u00e9cennies.<\/p>\n<p>Conception durable : Fabriqu\u00e9 \u00e0 partir de mat\u00e9riaux \u00e9cologiques et de haute qualit\u00e9, dans le respect de l&rsquo;environnement et des g\u00e9n\u00e9rations futures.<\/p>\n<p>Polyvalence : Gr\u00e2ce \u00e0 sa forme a\u00e9rienne, il s&rsquo;int\u00e8gre aussi bien dans un salon lumineux que dans un coin lecture paisible.<\/p>\n<p>Offrez-vous un fauteuil PAUZE. Parce que votre maison est votre havre de paix.<\/p>\n","protected":false},"excerpt":{"rendered":"<p>Prenez votre temps. Votre nouvel endroit pr\u00e9f\u00e9r\u00e9 est ici. Le fauteuil PAUZE est con\u00e7u pour celles et ceux qui appr\u00e9cient \u00e0 la fois la s\u00e9r\u00e9nit\u00e9 et l&rsquo;harmonie du design. Le dernier mod\u00e8le de Radis allie le langage formel moderne de l&rsquo;Europe centrale \u00e0 la simplicit\u00e9 nordique, offrant un \u00e9quilibre parfait entre l\u00e9g\u00e8ret\u00e9 architecturale et confort&#8230;<\/p>\n","protected":false},"featured_media":31893,"comment_status":"open","ping_status":"closed","template":"","meta":{"_acf_changed":false},"product_brand":[],"product_cat":[34],"product_tag":[],"class_list":{"0":"post-31766","1":"product","2":"type-product","3":"status-publish","4":"has-post-thumbnail","6":"product_cat-aksessuaarid","8":"first","9":"instock","10":"taxable","11":"shipping-taxable","12":"purchasable","13":"product-type-variable","14":"has-default-attributes"},"acf":[],"yoast_head":"<!-- This site is optimized with the Yoast SEO plugin v27.4 - https:\/\/yoast.com\/product\/yoast-seo-wordpress\/ -->\n<title>Fauteuil PAUZE - Radis<\/title>\n<meta name=\"robots\" content=\"index, follow, max-snippet:-1, max-image-preview:large, max-video-preview:-1\" \/>\n<link rel=\"canonical\" href=\"https:\/\/radis.ee\/fr\/fauteuil-pauze\/\" \/>\n<meta property=\"og:locale\" content=\"fr_FR\" \/>\n<meta property=\"og:type\" content=\"article\" \/>\n<meta property=\"og:title\" content=\"Fauteuil PAUZE - Radis\" \/>\n<meta property=\"og:description\" content=\"Prenez votre temps. Votre nouvel endroit pr\u00e9f\u00e9r\u00e9 est ici. Le fauteuil PAUZE est con\u00e7u pour celles et ceux qui appr\u00e9cient \u00e0 la fois la s\u00e9r\u00e9nit\u00e9 et l&rsquo;harmonie du design. Le dernier mod\u00e8le de Radis allie le langage formel moderne de l&rsquo;Europe centrale \u00e0 la simplicit\u00e9 nordique, offrant un \u00e9quilibre parfait entre l\u00e9g\u00e8ret\u00e9 architecturale et confort...\" \/>\n<meta property=\"og:url\" content=\"https:\/\/radis.ee\/fr\/fauteuil-pauze\/\" \/>\n<meta property=\"og:site_name\" content=\"Radis\" \/>\n<meta property=\"article:publisher\" content=\"https:\/\/www.facebook.com\/radisfurniture\/\" \/>\n<meta property=\"article:modified_time\" content=\"2026-04-07T20:03:08+00:00\" \/>\n<meta property=\"og:image\" content=\"https:\/\/radis.ee\/wp-content\/uploads\/2026\/04\/Radis_Furniture_armchair_PAUZE_Oak_veneered_plywood_Black_fabric_white_background.webp\" \/>\n\t<meta property=\"og:image:width\" content=\"653\" \/>\n\t<meta property=\"og:image:height\" content=\"1062\" \/>\n\t<meta property=\"og:image:type\" content=\"image\/webp\" \/>\n<meta name=\"twitter:card\" content=\"summary_large_image\" \/>\n<meta name=\"twitter:label1\" content=\"Dur\u00e9e de lecture estim\u00e9e\" \/>\n\t<meta name=\"twitter:data1\" content=\"2 minutes\" \/>\n<script type=\"application\/ld+json\" class=\"yoast-schema-graph\">{\"@context\":\"https:\\\/\\\/schema.org\",\"@graph\":[{\"@type\":\"WebPage\",\"@id\":\"https:\\\/\\\/radis.ee\\\/fr\\\/fauteuil-pauze\\\/\",\"url\":\"https:\\\/\\\/radis.ee\\\/fr\\\/fauteuil-pauze\\\/\",\"name\":\"Fauteuil PAUZE - Radis\",\"isPartOf\":{\"@id\":\"https:\\\/\\\/radis.ee\\\/#website\"},\"primaryImageOfPage\":{\"@id\":\"https:\\\/\\\/radis.ee\\\/fr\\\/fauteuil-pauze\\\/#primaryimage\"},\"image\":{\"@id\":\"https:\\\/\\\/radis.ee\\\/fr\\\/fauteuil-pauze\\\/#primaryimage\"},\"thumbnailUrl\":\"https:\\\/\\\/radis.ee\\\/wp-content\\\/uploads\\\/2026\\\/04\\\/Radis_Furniture_armchair_PAUZE_Oak_veneered_plywood_Dark_Grey_fabric_white_background_2.webp\",\"datePublished\":\"2026-04-01T19:38:21+00:00\",\"dateModified\":\"2026-04-07T20:03:08+00:00\",\"breadcrumb\":{\"@id\":\"https:\\\/\\\/radis.ee\\\/fr\\\/fauteuil-pauze\\\/#breadcrumb\"},\"inLanguage\":\"fr-FR\",\"potentialAction\":[{\"@type\":\"ReadAction\",\"target\":[\"https:\\\/\\\/radis.ee\\\/fr\\\/fauteuil-pauze\\\/\"]}]},{\"@type\":\"ImageObject\",\"inLanguage\":\"fr-FR\",\"@id\":\"https:\\\/\\\/radis.ee\\\/fr\\\/fauteuil-pauze\\\/#primaryimage\",\"url\":\"https:\\\/\\\/radis.ee\\\/wp-content\\\/uploads\\\/2026\\\/04\\\/Radis_Furniture_armchair_PAUZE_Oak_veneered_plywood_Dark_Grey_fabric_white_background_2.webp\",\"contentUrl\":\"https:\\\/\\\/radis.ee\\\/wp-content\\\/uploads\\\/2026\\\/04\\\/Radis_Furniture_armchair_PAUZE_Oak_veneered_plywood_Dark_Grey_fabric_white_background_2.webp\",\"width\":733,\"height\":852,\"caption\":\"Radis Furniture armchair PAUZE Oak veneered plywood Grey fabric\"},{\"@type\":\"BreadcrumbList\",\"@id\":\"https:\\\/\\\/radis.ee\\\/fr\\\/fauteuil-pauze\\\/#breadcrumb\",\"itemListElement\":[{\"@type\":\"ListItem\",\"position\":1,\"name\":\"Home\",\"item\":\"https:\\\/\\\/radis.ee\\\/\"},{\"@type\":\"ListItem\",\"position\":2,\"name\":\"Magasin\",\"item\":\"https:\\\/\\\/radis.ee\\\/fr\\\/magasin\\\/\"},{\"@type\":\"ListItem\",\"position\":3,\"name\":\"Fauteuil PAUZE\"}]},{\"@type\":\"WebSite\",\"@id\":\"https:\\\/\\\/radis.ee\\\/#website\",\"url\":\"https:\\\/\\\/radis.ee\\\/\",\"name\":\"Radis\",\"description\":\"Nordic design furniture, environmentally friendly and sustainable.\",\"publisher\":{\"@id\":\"https:\\\/\\\/radis.ee\\\/#organization\"},\"potentialAction\":[{\"@type\":\"SearchAction\",\"target\":{\"@type\":\"EntryPoint\",\"urlTemplate\":\"https:\\\/\\\/radis.ee\\\/?s={search_term_string}\"},\"query-input\":{\"@type\":\"PropertyValueSpecification\",\"valueRequired\":true,\"valueName\":\"search_term_string\"}}],\"inLanguage\":\"fr-FR\"},{\"@type\":\"Organization\",\"@id\":\"https:\\\/\\\/radis.ee\\\/#organization\",\"name\":\"Radis O\u00dc\",\"url\":\"https:\\\/\\\/radis.ee\\\/\",\"logo\":{\"@type\":\"ImageObject\",\"inLanguage\":\"fr-FR\",\"@id\":\"https:\\\/\\\/radis.ee\\\/#\\\/schema\\\/logo\\\/image\\\/\",\"url\":\"https:\\\/\\\/radis.ee\\\/wp-content\\\/uploads\\\/2020\\\/10\\\/Radis-logo.png\",\"contentUrl\":\"https:\\\/\\\/radis.ee\\\/wp-content\\\/uploads\\\/2020\\\/10\\\/Radis-logo.png\",\"width\":300,\"height\":63,\"caption\":\"Radis O\u00dc\"},\"image\":{\"@id\":\"https:\\\/\\\/radis.ee\\\/#\\\/schema\\\/logo\\\/image\\\/\"},\"sameAs\":[\"https:\\\/\\\/www.facebook.com\\\/radisfurniture\\\/\"]}]}<\/script>\n<!-- \/ Yoast SEO plugin. -->","yoast_head_json":{"title":"Fauteuil PAUZE - Radis","robots":{"index":"index","follow":"follow","max-snippet":"max-snippet:-1","max-image-preview":"max-image-preview:large","max-video-preview":"max-video-preview:-1"},"canonical":"https:\/\/radis.ee\/fr\/fauteuil-pauze\/","og_locale":"fr_FR","og_type":"article","og_title":"Fauteuil PAUZE - Radis","og_description":"Prenez votre temps. Votre nouvel endroit pr\u00e9f\u00e9r\u00e9 est ici. Le fauteuil PAUZE est con\u00e7u pour celles et ceux qui appr\u00e9cient \u00e0 la fois la s\u00e9r\u00e9nit\u00e9 et l&rsquo;harmonie du design. Le dernier mod\u00e8le de Radis allie le langage formel moderne de l&rsquo;Europe centrale \u00e0 la simplicit\u00e9 nordique, offrant un \u00e9quilibre parfait entre l\u00e9g\u00e8ret\u00e9 architecturale et confort...","og_url":"https:\/\/radis.ee\/fr\/fauteuil-pauze\/","og_site_name":"Radis","article_publisher":"https:\/\/www.facebook.com\/radisfurniture\/","article_modified_time":"2026-04-07T20:03:08+00:00","og_image":[{"width":653,"height":1062,"url":"https:\/\/radis.ee\/wp-content\/uploads\/2026\/04\/Radis_Furniture_armchair_PAUZE_Oak_veneered_plywood_Black_fabric_white_background.webp","type":"image\/webp"}],"twitter_card":"summary_large_image","twitter_misc":{"Dur\u00e9e de lecture estim\u00e9e":"2 minutes"},"schema":{"@context":"https:\/\/schema.org","@graph":[{"@type":"WebPage","@id":"https:\/\/radis.ee\/fr\/fauteuil-pauze\/","url":"https:\/\/radis.ee\/fr\/fauteuil-pauze\/","name":"Fauteuil PAUZE - Radis","isPartOf":{"@id":"https:\/\/radis.ee\/#website"},"primaryImageOfPage":{"@id":"https:\/\/radis.ee\/fr\/fauteuil-pauze\/#primaryimage"},"image":{"@id":"https:\/\/radis.ee\/fr\/fauteuil-pauze\/#primaryimage"},"thumbnailUrl":"https:\/\/radis.ee\/wp-content\/uploads\/2026\/04\/Radis_Furniture_armchair_PAUZE_Oak_veneered_plywood_Dark_Grey_fabric_white_background_2.webp","datePublished":"2026-04-01T19:38:21+00:00","dateModified":"2026-04-07T20:03:08+00:00","breadcrumb":{"@id":"https:\/\/radis.ee\/fr\/fauteuil-pauze\/#breadcrumb"},"inLanguage":"fr-FR","potentialAction":[{"@type":"ReadAction","target":["https:\/\/radis.ee\/fr\/fauteuil-pauze\/"]}]},{"@type":"ImageObject","inLanguage":"fr-FR","@id":"https:\/\/radis.ee\/fr\/fauteuil-pauze\/#primaryimage","url":"https:\/\/radis.ee\/wp-content\/uploads\/2026\/04\/Radis_Furniture_armchair_PAUZE_Oak_veneered_plywood_Dark_Grey_fabric_white_background_2.webp","contentUrl":"https:\/\/radis.ee\/wp-content\/uploads\/2026\/04\/Radis_Furniture_armchair_PAUZE_Oak_veneered_plywood_Dark_Grey_fabric_white_background_2.webp","width":733,"height":852,"caption":"Radis Furniture armchair PAUZE Oak veneered plywood Grey fabric"},{"@type":"BreadcrumbList","@id":"https:\/\/radis.ee\/fr\/fauteuil-pauze\/#breadcrumb","itemListElement":[{"@type":"ListItem","position":1,"name":"Home","item":"https:\/\/radis.ee\/"},{"@type":"ListItem","position":2,"name":"Magasin","item":"https:\/\/radis.ee\/fr\/magasin\/"},{"@type":"ListItem","position":3,"name":"Fauteuil PAUZE"}]},{"@type":"WebSite","@id":"https:\/\/radis.ee\/#website","url":"https:\/\/radis.ee\/","name":"Radis","description":"Nordic design furniture, environmentally friendly and sustainable.","publisher":{"@id":"https:\/\/radis.ee\/#organization"},"potentialAction":[{"@type":"SearchAction","target":{"@type":"EntryPoint","urlTemplate":"https:\/\/radis.ee\/?s={search_term_string}"},"query-input":{"@type":"PropertyValueSpecification","valueRequired":true,"valueName":"search_term_string"}}],"inLanguage":"fr-FR"},{"@type":"Organization","@id":"https:\/\/radis.ee\/#organization","name":"Radis O\u00dc","url":"https:\/\/radis.ee\/","logo":{"@type":"ImageObject","inLanguage":"fr-FR","@id":"https:\/\/radis.ee\/#\/schema\/logo\/image\/","url":"https:\/\/radis.ee\/wp-content\/uploads\/2020\/10\/Radis-logo.png","contentUrl":"https:\/\/radis.ee\/wp-content\/uploads\/2020\/10\/Radis-logo.png","width":300,"height":63,"caption":"Radis O\u00dc"},"image":{"@id":"https:\/\/radis.ee\/#\/schema\/logo\/image\/"},"sameAs":["https:\/\/www.facebook.com\/radisfurniture\/"]}]}},"_links":{"self":[{"href":"https:\/\/radis.ee\/fr\/wp-json\/wp\/v2\/product\/31766","targetHints":{"allow":["GET"]}}],"collection":[{"href":"https:\/\/radis.ee\/fr\/wp-json\/wp\/v2\/product"}],"about":[{"href":"https:\/\/radis.ee\/fr\/wp-json\/wp\/v2\/types\/product"}],"replies":[{"embeddable":true,"href":"https:\/\/radis.ee\/fr\/wp-json\/wp\/v2\/comments?post=31766"}],"wp:featuredmedia":[{"embeddable":true,"href":"https:\/\/radis.ee\/fr\/wp-json\/wp\/v2\/media\/31893"}],"wp:attachment":[{"href":"https:\/\/radis.ee\/fr\/wp-json\/wp\/v2\/media?parent=31766"}],"wp:term":[{"taxonomy":"product_brand","embeddable":true,"href":"https:\/\/radis.ee\/fr\/wp-json\/wp\/v2\/product_brand?post=31766"},{"taxonomy":"product_cat","embeddable":true,"href":"https:\/\/radis.ee\/fr\/wp-json\/wp\/v2\/product_cat?post=31766"},{"taxonomy":"product_tag","embeddable":true,"href":"https:\/\/radis.ee\/fr\/wp-json\/wp\/v2\/product_tag?post=31766"}],"curies":[{"name":"wp","href":"https:\/\/api.w.org\/{rel}","templated":true}]}}