{"id":6704,"date":"2020-08-24T12:28:16","date_gmt":"2020-12-24T10:28:16","guid":{"rendered":"https:\/\/radis.ee\/bureau-a-domicile-lift\/"},"modified":"2023-10-30T13:21:26","modified_gmt":"2023-10-30T11:21:26","slug":"bureau-a-domicile-lift","status":"publish","type":"product","link":"https:\/\/radis.ee\/fr\/bureau-a-domicile-lift\/","title":{"rendered":"Bureau \u00e0 domicile LIFT"},"content":{"rendered":"<p>La vie est parfois impr\u00e9visible: qu&rsquo;il s&rsquo;agisse d&rsquo;un nouvel emploi, de nouveaux colocataires ou du grand amour, elle nous r\u00e9serve toujours de nouvelles surprises. C\u2019est pourquoi nous pr\u00e9f\u00e9rons rester flexibles. Avec la nouvelle \u00e9tag\u00e8re LIFT, la flexibilit\u00e9 n&rsquo;est plus un probl\u00e8me dans votre maison.<\/p>\n<p>Les \u00e9tag\u00e8res r\u00e9glables en hauteur de LIFT conviennent aussi bien aux grands qu&rsquo;aux petits livres. Si vous le souhaitez, l&rsquo;\u00e9tag\u00e8re peut \u00eatre facilement \u00e9largie en ajoutant des murs verticaux. Lors du d\u00e9placement d&rsquo;un endroit \u00e0 un autre, les d\u00e9tails solides en contreplaqu\u00e9 montrent leur durabilit\u00e9. Pour un transport plus pratique, les d\u00e9tails les plus longs ne mesurent que 1,15 m\u00e8tre de long. La largeur de l&rsquo;\u00e9tag\u00e8re interm\u00e9diaire la plus large est de 49 cm, la largeur la plus \u00e9troite de 18 cm.<\/p>\n<p>En tant que d\u00e9veloppement ult\u00e9rieur, l&rsquo;\u00e9tag\u00e8re LIFT peut \u00e9galement \u00eatre utilis\u00e9e comme bureau \u00e0 domicile. La version bureau \u00e0 domicile est \u00e9quip\u00e9e d&rsquo;un plateau de 45 cm de profondeur et 69 cm de largeur.Vous pouvez choisir vous-m\u00eame l&#8217;emplacement du plateau. Soit une position assise avec une hauteur \u00e0 73 cm, soit une position debout avec une hauteur de 90 \u00e0 110 cm.<\/p>\n<p>Le bureau \u00e0 domicile LIFT convient \u00e0 la fois aux int\u00e9rieurs modernes et historiques. Avec quelques livres, il appara\u00eet comme une structure belle et a\u00e9r\u00e9e qui convient \u00e0 un int\u00e9rieur aussi bien moderne que classique. Rempli de livres, il reste modestement imperceptible. Les principaux mots cl\u00e9s de l&rsquo;\u00e9tag\u00e8re LIFT sont la flexibilit\u00e9 et la prise en compte des pr\u00e9f\u00e9rences individuelles.<\/p>\n<p>L&rsquo;\u00e9tag\u00e8re de haute qualit\u00e9 en contreplaqu\u00e9 de bouleau de 12 mm, HPL blanc Koskisen, mat\u00e9riau tr\u00e8s r\u00e9sistant ou\u00a0en contreplaqu\u00e9 plaqu\u00e9 ch\u00eane de 16 mm ou en Forescolor-Valchromat de 12 mm (Panneau de fibres de bois color\u00e9es organiques) s&rsquo;adapte aux nouveaux besoins. Il stocke facilement tout ce qui est important. Et s&rsquo;il est trop \u00e9troit, vous pouvez facilement cr\u00e9er plus d&rsquo;espace de stockage!<\/p>\n<p>L&rsquo;\u00e9tag\u00e8re LIFT a remport\u00e9 le prix de la mention sp\u00e9ciale aux German Design Awards 2019.<\/p>\n","protected":false},"excerpt":{"rendered":"<p>La vie est parfois impr\u00e9visible: qu&rsquo;il s&rsquo;agisse d&rsquo;un nouvel emploi, de nouveaux colocataires ou du grand amour, elle nous r\u00e9serve toujours de nouvelles surprises. C\u2019est pourquoi nous pr\u00e9f\u00e9rons rester flexibles. Avec la nouvelle \u00e9tag\u00e8re LIFT, la flexibilit\u00e9 n&rsquo;est plus un probl\u00e8me dans votre maison. Les \u00e9tag\u00e8res r\u00e9glables en hauteur de LIFT conviennent aussi bien aux&#8230;<\/p>\n","protected":false},"featured_media":6650,"comment_status":"open","ping_status":"closed","template":"","meta":{"_acf_changed":false},"product_brand":[],"product_cat":[109,111],"product_tag":[],"class_list":{"0":"post-6704","1":"product","2":"type-product","3":"status-publish","4":"has-post-thumbnail","6":"product_cat-riiulid","7":"product_cat-lauad","9":"first","10":"instock","11":"taxable","12":"shipping-taxable","13":"purchasable","14":"product-type-variable","15":"has-default-attributes"},"acf":[],"yoast_head":"<!-- This site is optimized with the Yoast SEO plugin v27.3 - https:\/\/yoast.com\/product\/yoast-seo-wordpress\/ -->\n<title>Bureau \u00e0 domicile LIFT - Radis<\/title>\n<meta name=\"robots\" content=\"index, follow, max-snippet:-1, max-image-preview:large, max-video-preview:-1\" \/>\n<link rel=\"canonical\" href=\"https:\/\/radis.ee\/fr\/bureau-a-domicile-lift\/\" \/>\n<meta property=\"og:locale\" content=\"fr_FR\" \/>\n<meta property=\"og:type\" content=\"article\" \/>\n<meta property=\"og:title\" content=\"Bureau \u00e0 domicile LIFT - Radis\" \/>\n<meta property=\"og:description\" content=\"La vie est parfois impr\u00e9visible: qu&rsquo;il s&rsquo;agisse d&rsquo;un nouvel emploi, de nouveaux colocataires ou du grand amour, elle nous r\u00e9serve toujours de nouvelles surprises. C\u2019est pourquoi nous pr\u00e9f\u00e9rons rester flexibles. Avec la nouvelle \u00e9tag\u00e8re LIFT, la flexibilit\u00e9 n&rsquo;est plus un probl\u00e8me dans votre maison. Les \u00e9tag\u00e8res r\u00e9glables en hauteur de LIFT conviennent aussi bien aux...\" \/>\n<meta property=\"og:url\" content=\"https:\/\/radis.ee\/fr\/bureau-a-domicile-lift\/\" \/>\n<meta property=\"og:site_name\" content=\"Radis\" \/>\n<meta property=\"article:publisher\" content=\"https:\/\/www.facebook.com\/radisfurniture\/\" \/>\n<meta property=\"article:modified_time\" content=\"2023-10-30T11:21:26+00:00\" \/>\n<meta property=\"og:image\" content=\"https:\/\/radis.ee\/wp-content\/uploads\/2020\/12\/Radis_home_office_LIFT_white_film_closeup_SR_ruut.jpg\" \/>\n\t<meta property=\"og:image:width\" content=\"933\" \/>\n\t<meta property=\"og:image:height\" content=\"811\" \/>\n\t<meta property=\"og:image:type\" content=\"image\/jpeg\" \/>\n<meta name=\"twitter:card\" content=\"summary_large_image\" \/>\n<meta name=\"twitter:label1\" content=\"Dur\u00e9e de lecture estim\u00e9e\" \/>\n\t<meta name=\"twitter:data1\" content=\"2 minutes\" \/>\n<script type=\"application\/ld+json\" class=\"yoast-schema-graph\">{\"@context\":\"https:\\\/\\\/schema.org\",\"@graph\":[{\"@type\":\"WebPage\",\"@id\":\"https:\\\/\\\/radis.ee\\\/fr\\\/bureau-a-domicile-lift\\\/\",\"url\":\"https:\\\/\\\/radis.ee\\\/fr\\\/bureau-a-domicile-lift\\\/\",\"name\":\"Bureau \u00e0 domicile LIFT - Radis\",\"isPartOf\":{\"@id\":\"https:\\\/\\\/radis.ee\\\/#website\"},\"primaryImageOfPage\":{\"@id\":\"https:\\\/\\\/radis.ee\\\/fr\\\/bureau-a-domicile-lift\\\/#primaryimage\"},\"image\":{\"@id\":\"https:\\\/\\\/radis.ee\\\/fr\\\/bureau-a-domicile-lift\\\/#primaryimage\"},\"thumbnailUrl\":\"https:\\\/\\\/radis.ee\\\/wp-content\\\/uploads\\\/2020\\\/12\\\/Radis_home_office_LIFT_white_film_closeup_SR_ruut.jpg\",\"datePublished\":\"2020-12-24T10:28:16+00:00\",\"dateModified\":\"2023-10-30T11:21:26+00:00\",\"breadcrumb\":{\"@id\":\"https:\\\/\\\/radis.ee\\\/fr\\\/bureau-a-domicile-lift\\\/#breadcrumb\"},\"inLanguage\":\"fr-FR\",\"potentialAction\":[{\"@type\":\"ReadAction\",\"target\":[\"https:\\\/\\\/radis.ee\\\/fr\\\/bureau-a-domicile-lift\\\/\"]}]},{\"@type\":\"ImageObject\",\"inLanguage\":\"fr-FR\",\"@id\":\"https:\\\/\\\/radis.ee\\\/fr\\\/bureau-a-domicile-lift\\\/#primaryimage\",\"url\":\"https:\\\/\\\/radis.ee\\\/wp-content\\\/uploads\\\/2020\\\/12\\\/Radis_home_office_LIFT_white_film_closeup_SR_ruut.jpg\",\"contentUrl\":\"https:\\\/\\\/radis.ee\\\/wp-content\\\/uploads\\\/2020\\\/12\\\/Radis_home_office_LIFT_white_film_closeup_SR_ruut.jpg\",\"width\":933,\"height\":811,\"caption\":\"LIFT HOME OFFICE\"},{\"@type\":\"BreadcrumbList\",\"@id\":\"https:\\\/\\\/radis.ee\\\/fr\\\/bureau-a-domicile-lift\\\/#breadcrumb\",\"itemListElement\":[{\"@type\":\"ListItem\",\"position\":1,\"name\":\"Home\",\"item\":\"https:\\\/\\\/radis.ee\\\/\"},{\"@type\":\"ListItem\",\"position\":2,\"name\":\"Magasin\",\"item\":\"https:\\\/\\\/radis.ee\\\/fr\\\/magasin\\\/\"},{\"@type\":\"ListItem\",\"position\":3,\"name\":\"Bureau \u00e0 domicile LIFT\"}]},{\"@type\":\"WebSite\",\"@id\":\"https:\\\/\\\/radis.ee\\\/#website\",\"url\":\"https:\\\/\\\/radis.ee\\\/\",\"name\":\"Radis\",\"description\":\"Nordic design furniture, environmentally friendly and sustainable.\",\"publisher\":{\"@id\":\"https:\\\/\\\/radis.ee\\\/#organization\"},\"potentialAction\":[{\"@type\":\"SearchAction\",\"target\":{\"@type\":\"EntryPoint\",\"urlTemplate\":\"https:\\\/\\\/radis.ee\\\/?s={search_term_string}\"},\"query-input\":{\"@type\":\"PropertyValueSpecification\",\"valueRequired\":true,\"valueName\":\"search_term_string\"}}],\"inLanguage\":\"fr-FR\"},{\"@type\":\"Organization\",\"@id\":\"https:\\\/\\\/radis.ee\\\/#organization\",\"name\":\"Radis O\u00dc\",\"url\":\"https:\\\/\\\/radis.ee\\\/\",\"logo\":{\"@type\":\"ImageObject\",\"inLanguage\":\"fr-FR\",\"@id\":\"https:\\\/\\\/radis.ee\\\/#\\\/schema\\\/logo\\\/image\\\/\",\"url\":\"https:\\\/\\\/radis.ee\\\/wp-content\\\/uploads\\\/2020\\\/10\\\/Radis-logo.png\",\"contentUrl\":\"https:\\\/\\\/radis.ee\\\/wp-content\\\/uploads\\\/2020\\\/10\\\/Radis-logo.png\",\"width\":300,\"height\":63,\"caption\":\"Radis O\u00dc\"},\"image\":{\"@id\":\"https:\\\/\\\/radis.ee\\\/#\\\/schema\\\/logo\\\/image\\\/\"},\"sameAs\":[\"https:\\\/\\\/www.facebook.com\\\/radisfurniture\\\/\"]}]}<\/script>\n<!-- \/ Yoast SEO plugin. -->","yoast_head_json":{"title":"Bureau \u00e0 domicile LIFT - Radis","robots":{"index":"index","follow":"follow","max-snippet":"max-snippet:-1","max-image-preview":"max-image-preview:large","max-video-preview":"max-video-preview:-1"},"canonical":"https:\/\/radis.ee\/fr\/bureau-a-domicile-lift\/","og_locale":"fr_FR","og_type":"article","og_title":"Bureau \u00e0 domicile LIFT - Radis","og_description":"La vie est parfois impr\u00e9visible: qu&rsquo;il s&rsquo;agisse d&rsquo;un nouvel emploi, de nouveaux colocataires ou du grand amour, elle nous r\u00e9serve toujours de nouvelles surprises. C\u2019est pourquoi nous pr\u00e9f\u00e9rons rester flexibles. Avec la nouvelle \u00e9tag\u00e8re LIFT, la flexibilit\u00e9 n&rsquo;est plus un probl\u00e8me dans votre maison. Les \u00e9tag\u00e8res r\u00e9glables en hauteur de LIFT conviennent aussi bien aux...","og_url":"https:\/\/radis.ee\/fr\/bureau-a-domicile-lift\/","og_site_name":"Radis","article_publisher":"https:\/\/www.facebook.com\/radisfurniture\/","article_modified_time":"2023-10-30T11:21:26+00:00","og_image":[{"width":933,"height":811,"url":"https:\/\/radis.ee\/wp-content\/uploads\/2020\/12\/Radis_home_office_LIFT_white_film_closeup_SR_ruut.jpg","type":"image\/jpeg"}],"twitter_card":"summary_large_image","twitter_misc":{"Dur\u00e9e de lecture estim\u00e9e":"2 minutes"},"schema":{"@context":"https:\/\/schema.org","@graph":[{"@type":"WebPage","@id":"https:\/\/radis.ee\/fr\/bureau-a-domicile-lift\/","url":"https:\/\/radis.ee\/fr\/bureau-a-domicile-lift\/","name":"Bureau \u00e0 domicile LIFT - Radis","isPartOf":{"@id":"https:\/\/radis.ee\/#website"},"primaryImageOfPage":{"@id":"https:\/\/radis.ee\/fr\/bureau-a-domicile-lift\/#primaryimage"},"image":{"@id":"https:\/\/radis.ee\/fr\/bureau-a-domicile-lift\/#primaryimage"},"thumbnailUrl":"https:\/\/radis.ee\/wp-content\/uploads\/2020\/12\/Radis_home_office_LIFT_white_film_closeup_SR_ruut.jpg","datePublished":"2020-12-24T10:28:16+00:00","dateModified":"2023-10-30T11:21:26+00:00","breadcrumb":{"@id":"https:\/\/radis.ee\/fr\/bureau-a-domicile-lift\/#breadcrumb"},"inLanguage":"fr-FR","potentialAction":[{"@type":"ReadAction","target":["https:\/\/radis.ee\/fr\/bureau-a-domicile-lift\/"]}]},{"@type":"ImageObject","inLanguage":"fr-FR","@id":"https:\/\/radis.ee\/fr\/bureau-a-domicile-lift\/#primaryimage","url":"https:\/\/radis.ee\/wp-content\/uploads\/2020\/12\/Radis_home_office_LIFT_white_film_closeup_SR_ruut.jpg","contentUrl":"https:\/\/radis.ee\/wp-content\/uploads\/2020\/12\/Radis_home_office_LIFT_white_film_closeup_SR_ruut.jpg","width":933,"height":811,"caption":"LIFT HOME OFFICE"},{"@type":"BreadcrumbList","@id":"https:\/\/radis.ee\/fr\/bureau-a-domicile-lift\/#breadcrumb","itemListElement":[{"@type":"ListItem","position":1,"name":"Home","item":"https:\/\/radis.ee\/"},{"@type":"ListItem","position":2,"name":"Magasin","item":"https:\/\/radis.ee\/fr\/magasin\/"},{"@type":"ListItem","position":3,"name":"Bureau \u00e0 domicile LIFT"}]},{"@type":"WebSite","@id":"https:\/\/radis.ee\/#website","url":"https:\/\/radis.ee\/","name":"Radis","description":"Nordic design furniture, environmentally friendly and sustainable.","publisher":{"@id":"https:\/\/radis.ee\/#organization"},"potentialAction":[{"@type":"SearchAction","target":{"@type":"EntryPoint","urlTemplate":"https:\/\/radis.ee\/?s={search_term_string}"},"query-input":{"@type":"PropertyValueSpecification","valueRequired":true,"valueName":"search_term_string"}}],"inLanguage":"fr-FR"},{"@type":"Organization","@id":"https:\/\/radis.ee\/#organization","name":"Radis O\u00dc","url":"https:\/\/radis.ee\/","logo":{"@type":"ImageObject","inLanguage":"fr-FR","@id":"https:\/\/radis.ee\/#\/schema\/logo\/image\/","url":"https:\/\/radis.ee\/wp-content\/uploads\/2020\/10\/Radis-logo.png","contentUrl":"https:\/\/radis.ee\/wp-content\/uploads\/2020\/10\/Radis-logo.png","width":300,"height":63,"caption":"Radis O\u00dc"},"image":{"@id":"https:\/\/radis.ee\/#\/schema\/logo\/image\/"},"sameAs":["https:\/\/www.facebook.com\/radisfurniture\/"]}]}},"_links":{"self":[{"href":"https:\/\/radis.ee\/fr\/wp-json\/wp\/v2\/product\/6704","targetHints":{"allow":["GET"]}}],"collection":[{"href":"https:\/\/radis.ee\/fr\/wp-json\/wp\/v2\/product"}],"about":[{"href":"https:\/\/radis.ee\/fr\/wp-json\/wp\/v2\/types\/product"}],"replies":[{"embeddable":true,"href":"https:\/\/radis.ee\/fr\/wp-json\/wp\/v2\/comments?post=6704"}],"wp:featuredmedia":[{"embeddable":true,"href":"https:\/\/radis.ee\/fr\/wp-json\/wp\/v2\/media\/6650"}],"wp:attachment":[{"href":"https:\/\/radis.ee\/fr\/wp-json\/wp\/v2\/media?parent=6704"}],"wp:term":[{"taxonomy":"product_brand","embeddable":true,"href":"https:\/\/radis.ee\/fr\/wp-json\/wp\/v2\/product_brand?post=6704"},{"taxonomy":"product_cat","embeddable":true,"href":"https:\/\/radis.ee\/fr\/wp-json\/wp\/v2\/product_cat?post=6704"},{"taxonomy":"product_tag","embeddable":true,"href":"https:\/\/radis.ee\/fr\/wp-json\/wp\/v2\/product_tag?post=6704"}],"curies":[{"name":"wp","href":"https:\/\/api.w.org\/{rel}","templated":true}]}}