{"id":6770,"date":"2025-06-28T00:40:49","date_gmt":"2020-10-27T22:40:49","guid":{"rendered":"https:\/\/radis.ee\/chaise-bercante-gee\/"},"modified":"2024-01-30T20:43:52","modified_gmt":"2024-01-30T18:43:52","slug":"chaise-bercante-gee","status":"publish","type":"product","link":"https:\/\/radis.ee\/fr\/chaise-bercante-gee\/","title":{"rendered":"Chaise ber\u00e7ante GEE"},"content":{"rendered":"<p>Qui a dit que seuls les enfants aiment se balancer? Dans votre nouveau fauteuil \u00e0 bascule, vous pouvez vous balancer \u00e0 c\u00f4t\u00e9 de la chemin\u00e9e ou en regardant la t\u00e9l\u00e9vision. Personne ne peut te voir. Fonce! \u00c9galement avec repose-pieds.<\/p>\n<p>Fabriqu\u00e9 en contreplaqu\u00e9 de bouleau de 36 mm, \u00e9galement plaqu\u00e9 ch\u00eane, cir\u00e9 \u00e0 l&rsquo;huile. Quant aux coussins, ils sont soigneusement fabriqu\u00e9s en Nevotex Linoso, un tissu su\u00e9dois de haute qualit\u00e9 pour vous offrir l&rsquo;assise \u00e0 ressort parfaite. La durabilit\u00e9 de ce meuble est incontestable!<\/p>\n<p>Rocker GEE largeur 63 cm, hauteur 103 cm, profondeur d&rsquo;assise 50 cm. Avec les pi\u00e8ces de cette chaise, vous recevrez \u00e9galement des instructions d\u00e9taill\u00e9es et un pack d&rsquo;outils avec tous les accessoires appropri\u00e9s.<\/p>\n<p>Vous pouvez certainement configurer ce rocker vous-m\u00eame en quelques minutes. Radis vous a fourni tout ce dont vous avez besoin pour profiter de votre nouvelle chaise rapidement et facilement. Le plus t\u00f4t sera le mieux, non?<\/p>\n","protected":false},"excerpt":{"rendered":"<p>Qui a dit que seuls les enfants aiment se balancer? Dans votre nouveau fauteuil \u00e0 bascule, vous pouvez vous balancer \u00e0 c\u00f4t\u00e9 de la chemin\u00e9e ou en regardant la t\u00e9l\u00e9vision. Personne ne peut te voir. Fonce! \u00c9galement avec repose-pieds. Fabriqu\u00e9 en contreplaqu\u00e9 de bouleau de 36 mm, \u00e9galement plaqu\u00e9 ch\u00eane, cir\u00e9 \u00e0 l&rsquo;huile. Quant aux&#8230;<\/p>\n","protected":false},"featured_media":6771,"comment_status":"open","ping_status":"closed","template":"","meta":{"_acf_changed":false},"product_brand":[],"product_cat":[34],"product_tag":[],"class_list":{"0":"post-6770","1":"product","2":"type-product","3":"status-publish","4":"has-post-thumbnail","6":"product_cat-aksessuaarid","8":"first","9":"instock","10":"sale","11":"taxable","12":"shipping-taxable","13":"purchasable","14":"product-type-variable","15":"has-default-attributes"},"acf":[],"yoast_head":"<!-- This site is optimized with the Yoast SEO plugin v27.4 - https:\/\/yoast.com\/product\/yoast-seo-wordpress\/ -->\n<title>Chaise ber\u00e7ante GEE - Radis<\/title>\n<meta name=\"robots\" content=\"index, follow, max-snippet:-1, max-image-preview:large, max-video-preview:-1\" \/>\n<link rel=\"canonical\" href=\"https:\/\/radis.ee\/kiiktool-gee\/\" \/>\n<meta property=\"og:locale\" content=\"fr_FR\" \/>\n<meta property=\"og:type\" content=\"article\" \/>\n<meta property=\"og:title\" content=\"Chaise ber\u00e7ante GEE - Radis\" \/>\n<meta property=\"og:description\" content=\"Qui a dit que seuls les enfants aiment se balancer? Dans votre nouveau fauteuil \u00e0 bascule, vous pouvez vous balancer \u00e0 c\u00f4t\u00e9 de la chemin\u00e9e ou en regardant la t\u00e9l\u00e9vision. Personne ne peut te voir. Fonce! \u00c9galement avec repose-pieds. Fabriqu\u00e9 en contreplaqu\u00e9 de bouleau de 36 mm, \u00e9galement plaqu\u00e9 ch\u00eane, cir\u00e9 \u00e0 l&rsquo;huile. Quant aux...\" \/>\n<meta property=\"og:url\" content=\"https:\/\/radis.ee\/kiiktool-gee\/\" \/>\n<meta property=\"og:site_name\" content=\"Radis\" \/>\n<meta property=\"article:publisher\" content=\"https:\/\/www.facebook.com\/radisfurniture\/\" \/>\n<meta property=\"article:modified_time\" content=\"2024-01-30T18:43:52+00:00\" \/>\n<meta property=\"og:image\" content=\"https:\/\/radis.ee\/wp-content\/uploads\/2020\/09\/RA0464-Radis-rocking-chair-GEE-pebble-grey-fabric-dark-grey-2-2-1-scaled.jpg\" \/>\n\t<meta property=\"og:image:width\" content=\"3651\" \/>\n\t<meta property=\"og:image:height\" content=\"3651\" \/>\n\t<meta property=\"og:image:type\" content=\"image\/jpeg\" \/>\n<meta name=\"twitter:card\" content=\"summary_large_image\" \/>\n<meta name=\"twitter:label1\" content=\"Dur\u00e9e de lecture estim\u00e9e\" \/>\n\t<meta name=\"twitter:data1\" content=\"1 minute\" \/>\n<script type=\"application\/ld+json\" class=\"yoast-schema-graph\">{\"@context\":\"https:\\\/\\\/schema.org\",\"@graph\":[{\"@type\":\"WebPage\",\"@id\":\"https:\\\/\\\/radis.ee\\\/kiiktool-gee\\\/\",\"url\":\"https:\\\/\\\/radis.ee\\\/kiiktool-gee\\\/\",\"name\":\"Chaise ber\u00e7ante GEE - Radis\",\"isPartOf\":{\"@id\":\"https:\\\/\\\/radis.ee\\\/#website\"},\"primaryImageOfPage\":{\"@id\":\"https:\\\/\\\/radis.ee\\\/kiiktool-gee\\\/#primaryimage\"},\"image\":{\"@id\":\"https:\\\/\\\/radis.ee\\\/kiiktool-gee\\\/#primaryimage\"},\"thumbnailUrl\":\"https:\\\/\\\/radis.ee\\\/wp-content\\\/uploads\\\/2020\\\/09\\\/RA0464-Radis-rocking-chair-GEE-pebble-grey-fabric-dark-grey-2-2-1-scaled.jpg\",\"datePublished\":\"2020-10-27T22:40:49+00:00\",\"dateModified\":\"2024-01-30T18:43:52+00:00\",\"breadcrumb\":{\"@id\":\"https:\\\/\\\/radis.ee\\\/kiiktool-gee\\\/#breadcrumb\"},\"inLanguage\":\"fr-FR\",\"potentialAction\":[{\"@type\":\"ReadAction\",\"target\":[\"https:\\\/\\\/radis.ee\\\/kiiktool-gee\\\/\"]}]},{\"@type\":\"ImageObject\",\"inLanguage\":\"fr-FR\",\"@id\":\"https:\\\/\\\/radis.ee\\\/kiiktool-gee\\\/#primaryimage\",\"url\":\"https:\\\/\\\/radis.ee\\\/wp-content\\\/uploads\\\/2020\\\/09\\\/RA0464-Radis-rocking-chair-GEE-pebble-grey-fabric-dark-grey-2-2-1-scaled.jpg\",\"contentUrl\":\"https:\\\/\\\/radis.ee\\\/wp-content\\\/uploads\\\/2020\\\/09\\\/RA0464-Radis-rocking-chair-GEE-pebble-grey-fabric-dark-grey-2-2-1-scaled.jpg\",\"width\":3651,\"height\":3651},{\"@type\":\"BreadcrumbList\",\"@id\":\"https:\\\/\\\/radis.ee\\\/kiiktool-gee\\\/#breadcrumb\",\"itemListElement\":[{\"@type\":\"ListItem\",\"position\":1,\"name\":\"Home\",\"item\":\"https:\\\/\\\/radis.ee\\\/\"},{\"@type\":\"ListItem\",\"position\":2,\"name\":\"Magasin\",\"item\":\"https:\\\/\\\/radis.ee\\\/fr\\\/magasin\\\/\"},{\"@type\":\"ListItem\",\"position\":3,\"name\":\"Chaise ber\u00e7ante GEE\"}]},{\"@type\":\"WebSite\",\"@id\":\"https:\\\/\\\/radis.ee\\\/#website\",\"url\":\"https:\\\/\\\/radis.ee\\\/\",\"name\":\"Radis\",\"description\":\"Nordic design furniture, environmentally friendly and sustainable.\",\"publisher\":{\"@id\":\"https:\\\/\\\/radis.ee\\\/#organization\"},\"potentialAction\":[{\"@type\":\"SearchAction\",\"target\":{\"@type\":\"EntryPoint\",\"urlTemplate\":\"https:\\\/\\\/radis.ee\\\/?s={search_term_string}\"},\"query-input\":{\"@type\":\"PropertyValueSpecification\",\"valueRequired\":true,\"valueName\":\"search_term_string\"}}],\"inLanguage\":\"fr-FR\"},{\"@type\":\"Organization\",\"@id\":\"https:\\\/\\\/radis.ee\\\/#organization\",\"name\":\"Radis O\u00dc\",\"url\":\"https:\\\/\\\/radis.ee\\\/\",\"logo\":{\"@type\":\"ImageObject\",\"inLanguage\":\"fr-FR\",\"@id\":\"https:\\\/\\\/radis.ee\\\/#\\\/schema\\\/logo\\\/image\\\/\",\"url\":\"https:\\\/\\\/radis.ee\\\/wp-content\\\/uploads\\\/2020\\\/10\\\/Radis-logo.png\",\"contentUrl\":\"https:\\\/\\\/radis.ee\\\/wp-content\\\/uploads\\\/2020\\\/10\\\/Radis-logo.png\",\"width\":300,\"height\":63,\"caption\":\"Radis O\u00dc\"},\"image\":{\"@id\":\"https:\\\/\\\/radis.ee\\\/#\\\/schema\\\/logo\\\/image\\\/\"},\"sameAs\":[\"https:\\\/\\\/www.facebook.com\\\/radisfurniture\\\/\"]}]}<\/script>\n<!-- \/ Yoast SEO plugin. -->","yoast_head_json":{"title":"Chaise ber\u00e7ante GEE - Radis","robots":{"index":"index","follow":"follow","max-snippet":"max-snippet:-1","max-image-preview":"max-image-preview:large","max-video-preview":"max-video-preview:-1"},"canonical":"https:\/\/radis.ee\/kiiktool-gee\/","og_locale":"fr_FR","og_type":"article","og_title":"Chaise ber\u00e7ante GEE - Radis","og_description":"Qui a dit que seuls les enfants aiment se balancer? Dans votre nouveau fauteuil \u00e0 bascule, vous pouvez vous balancer \u00e0 c\u00f4t\u00e9 de la chemin\u00e9e ou en regardant la t\u00e9l\u00e9vision. Personne ne peut te voir. Fonce! \u00c9galement avec repose-pieds. Fabriqu\u00e9 en contreplaqu\u00e9 de bouleau de 36 mm, \u00e9galement plaqu\u00e9 ch\u00eane, cir\u00e9 \u00e0 l&rsquo;huile. Quant aux...","og_url":"https:\/\/radis.ee\/kiiktool-gee\/","og_site_name":"Radis","article_publisher":"https:\/\/www.facebook.com\/radisfurniture\/","article_modified_time":"2024-01-30T18:43:52+00:00","og_image":[{"width":3651,"height":3651,"url":"https:\/\/radis.ee\/wp-content\/uploads\/2020\/09\/RA0464-Radis-rocking-chair-GEE-pebble-grey-fabric-dark-grey-2-2-1-scaled.jpg","type":"image\/jpeg"}],"twitter_card":"summary_large_image","twitter_misc":{"Dur\u00e9e de lecture estim\u00e9e":"1 minute"},"schema":{"@context":"https:\/\/schema.org","@graph":[{"@type":"WebPage","@id":"https:\/\/radis.ee\/kiiktool-gee\/","url":"https:\/\/radis.ee\/kiiktool-gee\/","name":"Chaise ber\u00e7ante GEE - Radis","isPartOf":{"@id":"https:\/\/radis.ee\/#website"},"primaryImageOfPage":{"@id":"https:\/\/radis.ee\/kiiktool-gee\/#primaryimage"},"image":{"@id":"https:\/\/radis.ee\/kiiktool-gee\/#primaryimage"},"thumbnailUrl":"https:\/\/radis.ee\/wp-content\/uploads\/2020\/09\/RA0464-Radis-rocking-chair-GEE-pebble-grey-fabric-dark-grey-2-2-1-scaled.jpg","datePublished":"2020-10-27T22:40:49+00:00","dateModified":"2024-01-30T18:43:52+00:00","breadcrumb":{"@id":"https:\/\/radis.ee\/kiiktool-gee\/#breadcrumb"},"inLanguage":"fr-FR","potentialAction":[{"@type":"ReadAction","target":["https:\/\/radis.ee\/kiiktool-gee\/"]}]},{"@type":"ImageObject","inLanguage":"fr-FR","@id":"https:\/\/radis.ee\/kiiktool-gee\/#primaryimage","url":"https:\/\/radis.ee\/wp-content\/uploads\/2020\/09\/RA0464-Radis-rocking-chair-GEE-pebble-grey-fabric-dark-grey-2-2-1-scaled.jpg","contentUrl":"https:\/\/radis.ee\/wp-content\/uploads\/2020\/09\/RA0464-Radis-rocking-chair-GEE-pebble-grey-fabric-dark-grey-2-2-1-scaled.jpg","width":3651,"height":3651},{"@type":"BreadcrumbList","@id":"https:\/\/radis.ee\/kiiktool-gee\/#breadcrumb","itemListElement":[{"@type":"ListItem","position":1,"name":"Home","item":"https:\/\/radis.ee\/"},{"@type":"ListItem","position":2,"name":"Magasin","item":"https:\/\/radis.ee\/fr\/magasin\/"},{"@type":"ListItem","position":3,"name":"Chaise ber\u00e7ante GEE"}]},{"@type":"WebSite","@id":"https:\/\/radis.ee\/#website","url":"https:\/\/radis.ee\/","name":"Radis","description":"Nordic design furniture, environmentally friendly and sustainable.","publisher":{"@id":"https:\/\/radis.ee\/#organization"},"potentialAction":[{"@type":"SearchAction","target":{"@type":"EntryPoint","urlTemplate":"https:\/\/radis.ee\/?s={search_term_string}"},"query-input":{"@type":"PropertyValueSpecification","valueRequired":true,"valueName":"search_term_string"}}],"inLanguage":"fr-FR"},{"@type":"Organization","@id":"https:\/\/radis.ee\/#organization","name":"Radis O\u00dc","url":"https:\/\/radis.ee\/","logo":{"@type":"ImageObject","inLanguage":"fr-FR","@id":"https:\/\/radis.ee\/#\/schema\/logo\/image\/","url":"https:\/\/radis.ee\/wp-content\/uploads\/2020\/10\/Radis-logo.png","contentUrl":"https:\/\/radis.ee\/wp-content\/uploads\/2020\/10\/Radis-logo.png","width":300,"height":63,"caption":"Radis O\u00dc"},"image":{"@id":"https:\/\/radis.ee\/#\/schema\/logo\/image\/"},"sameAs":["https:\/\/www.facebook.com\/radisfurniture\/"]}]}},"_links":{"self":[{"href":"https:\/\/radis.ee\/fr\/wp-json\/wp\/v2\/product\/6770","targetHints":{"allow":["GET"]}}],"collection":[{"href":"https:\/\/radis.ee\/fr\/wp-json\/wp\/v2\/product"}],"about":[{"href":"https:\/\/radis.ee\/fr\/wp-json\/wp\/v2\/types\/product"}],"replies":[{"embeddable":true,"href":"https:\/\/radis.ee\/fr\/wp-json\/wp\/v2\/comments?post=6770"}],"wp:featuredmedia":[{"embeddable":true,"href":"https:\/\/radis.ee\/fr\/wp-json\/wp\/v2\/media\/6771"}],"wp:attachment":[{"href":"https:\/\/radis.ee\/fr\/wp-json\/wp\/v2\/media?parent=6770"}],"wp:term":[{"taxonomy":"product_brand","embeddable":true,"href":"https:\/\/radis.ee\/fr\/wp-json\/wp\/v2\/product_brand?post=6770"},{"taxonomy":"product_cat","embeddable":true,"href":"https:\/\/radis.ee\/fr\/wp-json\/wp\/v2\/product_cat?post=6770"},{"taxonomy":"product_tag","embeddable":true,"href":"https:\/\/radis.ee\/fr\/wp-json\/wp\/v2\/product_tag?post=6770"}],"curies":[{"name":"wp","href":"https:\/\/api.w.org\/{rel}","templated":true}]}}